{"id":131,"date":"2022-10-10T12:13:39","date_gmt":"2022-10-10T11:13:39","guid":{"rendered":"http:\/\/sushihiroba.co.uk\/pratele-s-vyhodami-webove-stranky\/"},"modified":"2022-10-10T12:13:39","modified_gmt":"2022-10-10T11:13:39","slug":"pratele-s-vyhodami-webove-stranky","status":"publish","type":"page","link":"https:\/\/sushihiroba.co.uk\/cs\/pratele-s-vyhodami-webove-stranky\/","title":{"rendered":"P\u0159\u00e1tel\u00e9 s v\u00fdhodami Webov\u00e9 str\u00e1nky"},"content":{"rendered":"<h1>M\u00edstn\u00ed FWB Seznamka<\/h1>\n<p>Neexistuje nic jako m\u00edstn\u00ed fwb <a href=\"http:\/\/sushihiroba.co.uk\/cs\/milf-sex-chat\/\">datov\u00e1n\u00ed<\/a>. Zn\u00e1te toho \u010dlov\u011bka, zn\u00e1te jeho t\u011blo a v\u00edte, do \u010deho jde. Neexistuje \u017e\u00e1dn\u00e9 h\u00e1d\u00e1n\u00ed nebo p\u0159em\u00fd\u0161len\u00ed, jestli budou do toho, do \u010deho jste vy. Je to prost\u011b \u010dist\u00e1, nefal\u0161ovan\u00e1 z\u00e1bava.<\/p>\n<p>Samoz\u0159ejm\u011b existuj\u00ed n\u011bkter\u00e9 v\u011bci, kter\u00e9 mus\u00edte m\u00edt na pam\u011bti, kdy\u017e sledujete m\u00edstn\u00ed fwb datov\u00e1n\u00ed. V prvn\u00ed \u0159ad\u011b je kl\u00ed\u010dov\u00e1 komunikace. Mus\u00edte m\u00edt jasno v tom, co hled\u00e1te a s \u010d\u00edm jste spokojeni. V opa\u010dn\u00e9m p\u0159\u00edpad\u011b mohou b\u00fdt v\u011bci docela nep\u0159\u00edjemn\u00e9, docela rychl\u00e9.<\/p>\n<p>Dal\u0161\u00ed v\u011bc, kterou je t\u0159eba m\u00edt na pam\u011bti, je, \u017ee m\u00edstn\u00ed fwb datov\u00e1n\u00ed m\u016f\u017ee n\u011bkdy v\u00e9st k n\u011b\u010demu v\u00edc. Pokud na to nejste p\u0159ipraveni, je d\u016fle\u017eit\u00e9 nastavit n\u011bjak\u00e9 hranice. Jinak byste mohli skon\u010dit zran\u011bn\u00ed. Ale pokud hled\u00e1te n\u011bjakou dobrou, starom\u00f3dn\u00ed z\u00e1bavu, pak m\u00edstn\u00ed fwb datov\u00e1n\u00ed je ur\u010dit\u011b zp\u016fsob, jak j\u00edt. Jen se ujist\u011bte, \u017ee komunikujete a respektujte hranice ostatn\u00edch.<\/p>\n<h2>Str\u00e1nky FWB<\/h2>\n<p>Existuje mnoho r\u016fzn\u00fdch typ\u016f str\u00e1nek FWB dostupn\u00fdch online, z nich\u017e ka\u017ed\u00fd se star\u00e1 o jin\u00fd typ vztahu. N\u011bkter\u00e9 jsou zam\u011b\u0159eny na ty, kte\u0159\u00ed hledaj\u00ed neform\u00e1ln\u011bj\u0161\u00ed vztah, zat\u00edmco jin\u00e9 jsou zam\u011b\u0159eny na ty, kte\u0159\u00ed hledaj\u00ed v\u00e1\u017en\u011bj\u0161\u00ed z\u00e1vazek. Bez ohledu na to, jak\u00fd typ vztahu hled\u00e1te, pravd\u011bpodobn\u011b existuje web FWB, kter\u00fd je pro v\u00e1s to prav\u00e9.<\/p>\n<p>Existuje \u0159ada p\u0159\u00e1tel s v\u00fdhodami webov\u00fdch str\u00e1nek, kter\u00e9 se v posledn\u00edch letech objevily, kter\u00e9 se staraj\u00ed o lidi, kte\u0159\u00ed hledaj\u00ed l\u00e1sku. Tyto webov\u00e9 str\u00e1nky umo\u017e\u0148uj\u00ed \u010dlen\u016fm vytv\u00e1\u0159et profily a proch\u00e1zet profily ostatn\u00edch \u010dlen\u016f, aby na\u0161li potenci\u00e1ln\u00ed shodu. Ve v\u011bt\u0161in\u011b p\u0159\u00edpad\u016f mohou \u010dlenov\u00e9 tak\u00e9 komunikovat mezi sebou prost\u0159ednictv\u00edm webov\u00fdch str\u00e1nek, aby se navz\u00e1jem l\u00e9pe poznali.<\/p>\n<p>Zat\u00edmco n\u011bkte\u0159\u00ed lid\u00e9 mohou v\u00e1hat s pou\u017eit\u00edm webov\u00fdch str\u00e1nek p\u0159\u00e1tel s v\u00fdhodami, aby na\u0161li l\u00e1sku, existuje \u0159ada \u00fasp\u011b\u0161n\u00fdch p\u0159\u00edb\u011bh\u016f, kter\u00e9 vy\u0161ly z t\u011bchto webov\u00fdch str\u00e1nek. V mnoha p\u0159\u00edpadech lid\u00e9 zjistili, \u017ee pou\u017e\u00edv\u00e1n\u00ed webov\u00fdch str\u00e1nek p\u0159\u00e1tel s v\u00fdhodami m\u016f\u017ee b\u00fdt skv\u011bl\u00fd zp\u016fsob, jak se setkat s nov\u00fdmi lidmi a potenci\u00e1ln\u011b naj\u00edt l\u00e1sku sv\u00e9ho \u017eivota.<\/p>\n<h2>Seznamka FWB<\/h2>\n<p>Existuje mnoho r\u016fzn\u00fdch zp\u016fsob\u016f, jak p\u0159istupovat k datov\u00e1n\u00ed, a jedna popul\u00e1rn\u00ed metoda je prost\u0159ednictv\u00edm pou\u017eit\u00ed p\u0159\u00e1tel s v\u00fdhodami seznamka. Tento typ webu m\u016f\u017ee b\u00fdt skv\u011bl\u00fd zp\u016fsob, jak se setkat s nov\u00fdmi lidmi a poznat je bez tlaku oddan\u00e9ho vztahu. M\u016f\u017eete si jednodu\u0161e vychutnat tr\u00e1ven\u00ed \u010dasu spole\u010dn\u011b a zkoum\u00e1n\u00ed va\u0161ich mo\u017enost\u00ed, ani\u017e byste se museli starat o to, kam se v\u011bci ub\u00edraj\u00ed.<\/p>\n<p>Samoz\u0159ejm\u011b je d\u016fle\u017eit\u00e9 b\u00fdt k sob\u011b up\u0159\u00edmn\u00fd ohledn\u011b toho, co hled\u00e1te od za\u010d\u00e1tku. Pokud nejste na stejn\u00e9 str\u00e1nce, m\u016f\u017ee to v\u00e9st k ur\u010dit\u00fdm pot\u00ed\u017e\u00edm po silnici. Ale pokud jste oba otev\u0159en\u00ed a up\u0159\u00edmn\u00ed o tom, v co douf\u00e1te, m\u016f\u017ee to b\u00fdt skv\u011bl\u00fd zp\u016fsob, jak poznat n\u011bkoho nov\u00e9ho.<\/p>\n<h3>NaughtyDate<\/h3>\n<p>Seznamovac\u00ed aplikace NaughtyDate je jednou z nejpopul\u00e1rn\u011bj\u0161\u00edch m\u00edstn\u00edch fwb seznamovac\u00edch aplikac\u00ed, kter\u00e9 jsou dnes k dispozici. M\u00e1 vysok\u00e9 hodnocen\u00ed v App Store a Google Play a u\u017eivatel\u00e9 si ho \u010dasto stahuj\u00ed. Aplikace umo\u017e\u0148uje u\u017eivatel\u016fm spojit se s ostatn\u00edmi u\u017eivateli ve sv\u00e9 oblasti a odes\u00edlat a p\u0159ij\u00edmat zpr\u00e1vy. NaughtyDate tak\u00e9 umo\u017e\u0148uje u\u017eivatel\u016fm zve\u0159ej\u0148ovat fotografie a videa a prohl\u00ed\u017eet profily ostatn\u00edch u\u017eivatel\u016f. Aplikace je zdarma ke sta\u017een\u00ed a pou\u017eit\u00ed a nevy\u017eaduje p\u0159edplatn\u00e9.<\/p>\n<h3>Geek2Geek<\/h3>\n<p>Pokud jste do geek kultury, budete milovat Geek2Geek, seznamovac\u00ed aplikaci ur\u010denou pro samozvan\u00e9 geeky. Aplikace je zdarma ke sta\u017een\u00ed a pou\u017eit\u00ed a je velmi snadn\u00e9 se v n\u00ed orientovat. M\u016f\u017eete proch\u00e1zet profily podle z\u00e1jm\u016f nebo vyhled\u00e1vat shody podle lokality.<\/p>\n<p>Jednou z nev\u00fdhod Geek2Geek je, \u017ee to nen\u00ed aplikace, kter\u00e1 je nejv\u00edce p\u0159\u00e1telsk\u00e1 k rozmanitosti. V\u011bt\u0161ina u\u017eivatel\u016f se zd\u00e1 b\u00fdt b\u00edl\u00e1 a mu\u017esk\u00e1, tak\u017ee pokud nejste do toho, mo\u017en\u00e1 budete cht\u00edt vyzkou\u0161et jinou aplikaci.<\/p>\n<p>Celkov\u011b je Geek2Geek slu\u0161n\u00e1 aplikace pro geeky singles. Je zdarma k pou\u017eit\u00ed a relativn\u011b snadno navigovateln\u00fd a m\u00e1 slu\u0161n\u00fd v\u00fdb\u011br u\u017eivatel\u016f. Jen si uv\u011bdomte, \u017ee to nen\u00ed nejrozmanit\u011bj\u0161\u00ed aplikace.<\/p>\n<h3>Aplikace Kasual<\/h3>\n<p>Pokud hled\u00e1te m\u00edstn\u00ed fwb seznamovac\u00ed aplikaci, Kasual je skv\u011bl\u00e1 volba. Aplikace se snadno pou\u017e\u00edv\u00e1 a m\u00e1 spoustu skv\u011bl\u00fdch funkc\u00ed, jako je schopnost prohl\u00ed\u017eet profily ostatn\u00edch u\u017eivatel\u016f ve va\u0161\u00ed oblasti. Funkce vyhled\u00e1v\u00e1n\u00ed je tak\u00e9 velmi u\u017eite\u010dn\u00e1, co\u017e v\u00e1m umo\u017en\u00ed naj\u00edt potenci\u00e1ln\u00ed shody na z\u00e1klad\u011b va\u0161\u00ed polohy. Celkov\u011b je Kasual skv\u011blou volbou pro ty, kte\u0159\u00ed hledaj\u00ed m\u00edstn\u00ed fwb seznamovac\u00ed aplikaci.<\/p>\n","protected":false},"excerpt":{"rendered":"<p>M\u00edstn\u00ed FWB Seznamka Neexistuje nic jako m\u00edstn\u00ed fwb datov\u00e1n\u00ed. Zn\u00e1te toho \u010dlov\u011bka, zn\u00e1te jeho t\u011blo a v\u00edte, do \u010deho jde.&hellip;<\/p>\n","protected":false},"author":1,"featured_media":0,"parent":0,"menu_order":0,"comment_status":"closed","ping_status":"closed","template":"","meta":[],"yoast_head":"<!-- This site is optimized with the Yoast SEO plugin v17.7.1 - https:\/\/yoast.com\/wordpress\/plugins\/seo\/ -->\n<title>P\u0159\u00e1tel\u00e9 s v\u00fdhodami Webov\u00e9 str\u00e1nky - Online Dating Roba<\/title>\n<meta name=\"robots\" content=\"index, follow, max-snippet:-1, max-image-preview:large, max-video-preview:-1\" \/>\n<link rel=\"canonical\" href=\"https:\/\/sushihiroba.co.uk\/cs\/pratele-s-vyhodami-webove-stranky\/\" \/>\n<meta property=\"og:locale\" content=\"cs_CZ\" \/>\n<meta property=\"og:type\" content=\"article\" \/>\n<meta property=\"og:title\" content=\"P\u0159\u00e1tel\u00e9 s v\u00fdhodami Webov\u00e9 str\u00e1nky - Online Dating Roba\" \/>\n<meta property=\"og:description\" content=\"M\u00edstn\u00ed FWB Seznamka Neexistuje nic jako m\u00edstn\u00ed fwb datov\u00e1n\u00ed. Zn\u00e1te toho \u010dlov\u011bka, zn\u00e1te jeho t\u011blo a v\u00edte, do \u010deho jde.&hellip;\" \/>\n<meta property=\"og:url\" content=\"https:\/\/sushihiroba.co.uk\/cs\/pratele-s-vyhodami-webove-stranky\/\" \/>\n<meta property=\"og:site_name\" content=\"Online Dating Roba\" \/>\n<meta name=\"twitter:card\" content=\"summary_large_image\" \/>\n<meta name=\"twitter:label1\" content=\"Odhadovan\u00e1 doba \u010dten\u00ed\" \/>\n\t<meta name=\"twitter:data1\" content=\"5 minut\" \/>\n<script type=\"application\/ld+json\" class=\"yoast-schema-graph\">{\"@context\":\"https:\/\/schema.org\",\"@graph\":[{\"@type\":\"WebSite\",\"@id\":\"https:\/\/sushihiroba.co.uk\/cs\/#website\",\"url\":\"https:\/\/sushihiroba.co.uk\/cs\/\",\"name\":\"Online Dating Roba\",\"description\":\"Guide To Find Love\",\"potentialAction\":[{\"@type\":\"SearchAction\",\"target\":{\"@type\":\"EntryPoint\",\"urlTemplate\":\"https:\/\/sushihiroba.co.uk\/cs\/?s={search_term_string}\"},\"query-input\":\"required name=search_term_string\"}],\"inLanguage\":\"cs\"},{\"@type\":\"WebPage\",\"@id\":\"https:\/\/sushihiroba.co.uk\/cs\/pratele-s-vyhodami-webove-stranky\/#webpage\",\"url\":\"https:\/\/sushihiroba.co.uk\/cs\/pratele-s-vyhodami-webove-stranky\/\",\"name\":\"P\\u0159\\u00e1tel\\u00e9 s v\\u00fdhodami Webov\\u00e9 str\\u00e1nky - Online Dating Roba\",\"isPartOf\":{\"@id\":\"https:\/\/sushihiroba.co.uk\/cs\/#website\"},\"datePublished\":\"2022-10-10T11:13:39+00:00\",\"dateModified\":\"2022-10-10T11:13:39+00:00\",\"breadcrumb\":{\"@id\":\"https:\/\/sushihiroba.co.uk\/cs\/pratele-s-vyhodami-webove-stranky\/#breadcrumb\"},\"inLanguage\":\"cs\",\"potentialAction\":[{\"@type\":\"ReadAction\",\"target\":[\"https:\/\/sushihiroba.co.uk\/cs\/pratele-s-vyhodami-webove-stranky\/\"]}]},{\"@type\":\"BreadcrumbList\",\"@id\":\"https:\/\/sushihiroba.co.uk\/cs\/pratele-s-vyhodami-webove-stranky\/#breadcrumb\",\"itemListElement\":[{\"@type\":\"ListItem\",\"position\":1,\"name\":\"Home\",\"item\":\"http:\/\/sushihiroba.co.uk\/cs\/\"},{\"@type\":\"ListItem\",\"position\":2,\"name\":\"P\\u0159\\u00e1tel\\u00e9 s v\\u00fdhodami Webov\\u00e9 str\\u00e1nky\"}]}]}<\/script>\n<!-- \/ Yoast SEO plugin. -->","yoast_head_json":{"title":"P\u0159\u00e1tel\u00e9 s v\u00fdhodami Webov\u00e9 str\u00e1nky - Online Dating Roba","robots":{"index":"index","follow":"follow","max-snippet":"max-snippet:-1","max-image-preview":"max-image-preview:large","max-video-preview":"max-video-preview:-1"},"canonical":"https:\/\/sushihiroba.co.uk\/cs\/pratele-s-vyhodami-webove-stranky\/","og_locale":"cs_CZ","og_type":"article","og_title":"P\u0159\u00e1tel\u00e9 s v\u00fdhodami Webov\u00e9 str\u00e1nky - Online Dating Roba","og_description":"M\u00edstn\u00ed FWB Seznamka Neexistuje nic jako m\u00edstn\u00ed fwb datov\u00e1n\u00ed. Zn\u00e1te toho \u010dlov\u011bka, zn\u00e1te jeho t\u011blo a v\u00edte, do \u010deho jde.&hellip;","og_url":"https:\/\/sushihiroba.co.uk\/cs\/pratele-s-vyhodami-webove-stranky\/","og_site_name":"Online Dating Roba","twitter_card":"summary_large_image","twitter_misc":{"Odhadovan\u00e1 doba \u010dten\u00ed":"5 minut"},"schema":{"@context":"https:\/\/schema.org","@graph":[{"@type":"WebSite","@id":"https:\/\/sushihiroba.co.uk\/cs\/#website","url":"https:\/\/sushihiroba.co.uk\/cs\/","name":"Online Dating Roba","description":"Guide To Find Love","potentialAction":[{"@type":"SearchAction","target":{"@type":"EntryPoint","urlTemplate":"https:\/\/sushihiroba.co.uk\/cs\/?s={search_term_string}"},"query-input":"required name=search_term_string"}],"inLanguage":"cs"},{"@type":"WebPage","@id":"https:\/\/sushihiroba.co.uk\/cs\/pratele-s-vyhodami-webove-stranky\/#webpage","url":"https:\/\/sushihiroba.co.uk\/cs\/pratele-s-vyhodami-webove-stranky\/","name":"P\u0159\u00e1tel\u00e9 s v\u00fdhodami Webov\u00e9 str\u00e1nky - Online Dating Roba","isPartOf":{"@id":"https:\/\/sushihiroba.co.uk\/cs\/#website"},"datePublished":"2022-10-10T11:13:39+00:00","dateModified":"2022-10-10T11:13:39+00:00","breadcrumb":{"@id":"https:\/\/sushihiroba.co.uk\/cs\/pratele-s-vyhodami-webove-stranky\/#breadcrumb"},"inLanguage":"cs","potentialAction":[{"@type":"ReadAction","target":["https:\/\/sushihiroba.co.uk\/cs\/pratele-s-vyhodami-webove-stranky\/"]}]},{"@type":"BreadcrumbList","@id":"https:\/\/sushihiroba.co.uk\/cs\/pratele-s-vyhodami-webove-stranky\/#breadcrumb","itemListElement":[{"@type":"ListItem","position":1,"name":"Home","item":"http:\/\/sushihiroba.co.uk\/cs\/"},{"@type":"ListItem","position":2,"name":"P\u0159\u00e1tel\u00e9 s v\u00fdhodami Webov\u00e9 str\u00e1nky"}]}]}},"_links":{"self":[{"href":"https:\/\/sushihiroba.co.uk\/cs\/wp-json\/wp\/v2\/pages\/131"}],"collection":[{"href":"https:\/\/sushihiroba.co.uk\/cs\/wp-json\/wp\/v2\/pages"}],"about":[{"href":"https:\/\/sushihiroba.co.uk\/cs\/wp-json\/wp\/v2\/types\/page"}],"author":[{"embeddable":true,"href":"https:\/\/sushihiroba.co.uk\/cs\/wp-json\/wp\/v2\/users\/1"}],"replies":[{"embeddable":true,"href":"https:\/\/sushihiroba.co.uk\/cs\/wp-json\/wp\/v2\/comments?post=131"}],"version-history":[{"count":0,"href":"https:\/\/sushihiroba.co.uk\/cs\/wp-json\/wp\/v2\/pages\/131\/revisions"}],"wp:attachment":[{"href":"https:\/\/sushihiroba.co.uk\/cs\/wp-json\/wp\/v2\/media?parent=131"}],"curies":[{"name":"wp","href":"https:\/\/api.w.org\/{rel}","templated":true}]}}