{"id":132,"date":"2022-10-10T12:13:54","date_gmt":"2022-10-10T11:13:54","guid":{"rendered":"http:\/\/sushihiroba.co.uk\/mistni-swinger-stranky\/"},"modified":"2022-10-10T12:13:54","modified_gmt":"2022-10-10T11:13:54","slug":"mistni-swinger-stranky","status":"publish","type":"page","link":"https:\/\/sushihiroba.co.uk\/cs\/mistni-swinger-stranky\/","title":{"rendered":"M\u00edstn\u00ed Swinger str\u00e1nky"},"content":{"rendered":"<p>Existuje spousta m\u00edstn\u00edch swinger str\u00e1nek, kter\u00e9 m\u016f\u017eete pou\u017e\u00edt k p\u0159ipojen\u00ed s dal\u0161\u00edmi p\u00e1ry ve va\u0161\u00ed oblasti. Jsou skv\u011bl\u00fdm zp\u016fsobem, jak poznat nov\u00e9 lidi a poznat je na intimn\u011bj\u0161\u00ed \u00farovni. Na t\u011bchto str\u00e1nk\u00e1ch najdete tak\u00e9 mnoho informac\u00ed o m\u00edstn\u00ed swingers sc\u00e9n\u011b a o tom, jak\u00e9 ud\u00e1losti se d\u011bj\u00ed ve va\u0161\u00ed oblasti.<\/p>\n<h2>Swinger str\u00e1nky<\/h2>\n<p>Existuje n\u011bkolik r\u016fzn\u00fdch typ\u016f swinger str\u00e1nek. N\u011bkter\u00e9 jsou zam\u011b\u0159eny na spojen\u00ed swinger\u016f v ur\u010dit\u00e9 oblasti, aby se mohli setkat. Jin\u00e9 jsou sp\u00ed\u0161e jako soci\u00e1ln\u00ed s\u00edt\u011b, kde lid\u00e9 mohou sd\u00edlet sv\u00e9 z\u00e1jmy a spojit se s podobn\u011b sm\u00fd\u0161lej\u00edc\u00edmi lidmi. Je\u0161t\u011b jin\u00ed jsou zam\u011b\u0159eni v\u00edce na rand\u011bn\u00ed a m\u016f\u017eete naj\u00edt lidi, kte\u0159\u00ed se zaj\u00edmaj\u00ed o stejn\u00e9 v\u011bci jako vy.<\/p>\n<p>Pokud m\u00e1te z\u00e1jem prozkoumat swinger \u017eivotn\u00ed styl, existuje n\u011bkolik r\u016fzn\u00fdch zp\u016fsob\u016f, jak to ud\u011blat. M\u016f\u017eete se pod\u00edvat na n\u011bkter\u00e9 z r\u016fzn\u00fdch swinger str\u00e1nek, abyste zjistili, kter\u00fd z nich je pro v\u00e1s ten prav\u00fd. M\u016f\u017eete se tak\u00e9 pod\u00edvat na m\u00edstn\u00ed ud\u00e1losti nebo setk\u00e1n\u00ed, kter\u00e9 se mohou konat ve va\u0161\u00ed oblasti. Nebo se m\u016f\u017eete v\u017edy jen pono\u0159it a j\u00edt na swinger party nebo klub. Bez ohledu na to, jakou trasu si vyberete, nezapome\u0148te b\u00fdt uctiv\u00ed a bavit se!<\/p>\n<h2>Swingers P\u0159\u00edpojky<\/h2>\n<p>Ve sv\u011bt\u011b online seznamov\u00e1n\u00ed je spousta zam\u011b\u0159en\u00ed na <a href=\"http:\/\/sushihiroba.co.uk\/cs\/pratele-s-vyhodami-webove-stranky\/\">p\u0159ipojen\u00ed a kr\u00e1tkodob\u00e9 flingy<\/a>. Ale pokud hled\u00e1te n\u011bco trochu dlouhodob\u011bj\u0161\u00edho, existuje rostouc\u00ed trend lid\u00ed, kte\u0159\u00ed hledaj\u00ed swingers p\u0159ipojen\u00ed.<\/p>\n<p>To je m\u00edsto, kde dva lid\u00e9, kte\u0159\u00ed jsou ji\u017e ve vztahu, otev\u00edraj\u00ed sv\u016fj vztah, aby zahrnovali dal\u0161\u00ed sexu\u00e1ln\u00ed partnery. M\u016f\u017ee to b\u00fdt skv\u011bl\u00fd zp\u016fsob, jak oko\u0159enit sv\u016fj sexu\u00e1ln\u00ed \u017eivot a p\u0159idat n\u011bjakou rozmanitost.<\/p>\n<p>Pokud m\u00e1te z\u00e1jem prozkoumat tuto mo\u017enost, je t\u0159eba m\u00edt na pam\u011bti n\u011bkolik v\u011bc\u00ed. Nejprve mus\u00edte b\u00fdt up\u0159\u00edmn\u00ed se sv\u00fdm partnerem o tom, co hled\u00e1te. Za druh\u00e9, mus\u00edte respektovat hranice ostatn\u00edch lid\u00ed. A kone\u010dn\u011b, mus\u00edte b\u00fdt v bezpe\u010d\u00ed a pou\u017e\u00edvat ochranu.<\/p>\n<p>Pokud m\u016f\u017eete d\u011blat v\u0161echny tyto v\u011bci, pak jste na cest\u011b k nalezen\u00ed l\u00e1sky ve sv\u011bt\u011b swingers p\u0159ipojen\u00ed.<\/p>\n<h2>Swinger Seznamka<\/h2>\n<p>Existuje n\u011bkolik r\u016fzn\u00fdch typ\u016f swinger seznamovac\u00edch str\u00e1nek. Nejobl\u00edben\u011bj\u0161\u00ed jsou pravd\u011bpodobn\u011b obecn\u00e9 seznamovac\u00ed str\u00e1nky, kter\u00e9 se staraj\u00ed o swingers. Tyto str\u00e1nky maj\u00ed obvykle mnoho \u010dlen\u016f a jsou velmi popul\u00e1rn\u00ed. Obvykle maj\u00ed mnoho funkc\u00ed a umo\u017e\u0148uj\u00ed v\u00e1m hledat dal\u0161\u00ed swingers ve va\u0161\u00ed oblasti.<\/p>\n<p>Dal\u0161\u00edm typem swinger seznamky je lifestylov\u00e1 seznamka. Tyto str\u00e1nky jsou zam\u011b\u0159eny speci\u00e1ln\u011b na swingers a \u010dasto maj\u00ed mnoho funkc\u00ed, kter\u00e9 se staraj\u00ed o \u017eivotn\u00ed styl. Obvykle maj\u00ed mnoho \u010dlen\u016f a jsou docela popul\u00e1rn\u00ed.<\/p>\n<p>Posledn\u00edm typem swinger seznamky je seznamka pro dosp\u011bl\u00e9. Tyto str\u00e1nky jsou zam\u011b\u0159eny na dosp\u011bl\u00e9, kte\u0159\u00ed maj\u00ed z\u00e1jem o spojen\u00ed s ostatn\u00edmi dosp\u011bl\u00fdmi. Obvykle maj\u00ed mnoho \u010dlen\u016f a jsou docela popul\u00e1rn\u00ed.<\/p>\n<h3>DateYou<\/h3>\n<p>Pokud hled\u00e1te novou seznamovac\u00ed aplikaci, kter\u00e1 je speci\u00e1ln\u011b navr\u017eena pro swingers p\u00e1ry, budete se cht\u00edt pod\u00edvat na DateYou. Tato aplikace je navr\u017eena tak, aby pomohla p\u00e1r\u016fm spojit se s ostatn\u00edmi p\u00e1ry v jejich okol\u00ed pro z\u00e1bavu a p\u0159\u00e1telstv\u00ed. Aplikace se snadno pou\u017e\u00edv\u00e1 a m\u00e1 spoustu skv\u011bl\u00fdch funkc\u00ed, jako je syst\u00e9m zas\u00edl\u00e1n\u00ed zpr\u00e1v a zp\u016fsob sd\u00edlen\u00ed fotografi\u00ed a vide\u00ed. Aplikace m\u00e1 tak\u00e9 vestav\u011bnou funkci vyhled\u00e1v\u00e1n\u00ed, tak\u017ee m\u016f\u017eete naj\u00edt dal\u0161\u00ed p\u00e1ry ve va\u0161\u00ed oblasti, kter\u00e9 hledaj\u00ed n\u011bkoho, s k\u00fdm by se mohli houpat. Celkov\u011b si mysl\u00edme, \u017ee DateYou je skv\u011blou volbou pro p\u00e1ry, kter\u00e9 hledaj\u00ed nov\u00fd zp\u016fsob, jak se setkat s jin\u00fdmi p\u00e1ry.<\/p>\n<h3>Fling.com<\/h3>\n<p>Fling.com je m\u00edstn\u00ed swinger m\u00edsto, kter\u00e9 je na chv\u00edli kolem. Str\u00e1nka se snadno pou\u017e\u00edv\u00e1 a m\u00e1 mnoho \u010dlen\u016f. M\u00edsto je tak\u00e9 skv\u011bl\u00fdm m\u00edstem pro nalezen\u00ed m\u00edstn\u00edch swingers. M\u00edsto m\u00e1 mnoho funkc\u00ed a je skv\u011bl\u00fdm m\u00edstem pro nalezen\u00ed m\u00edstn\u00edch swingers.<\/p>\n<h3>BBWCupid<\/h3>\n<p>BBWCupid je seznamovac\u00ed aplikace, kter\u00e1 je speci\u00e1ln\u011b navr\u017eena pro BBW singles a jejich obdivovatele. Aplikace je k dispozici zdarma v App Store a Google Play a na obou platform\u00e1ch m\u00e1 hodnocen\u00ed 4 hv\u011bzdi\u010dky. Aplikace se snadno pou\u017e\u00edv\u00e1 a m\u00e1 \u010dist\u00e9 rozhran\u00ed. M\u00e1 tak\u00e9 mnoho funkc\u00ed, kter\u00e9 jsou zam\u011b\u0159eny na to, aby v\u00e1m pomohly naj\u00edt shodu, v\u010detn\u011b funkce vyhled\u00e1v\u00e1n\u00ed, seznamu &#8222;obl\u00edben\u00fdch&#8220; a syst\u00e9mu zas\u00edl\u00e1n\u00ed zpr\u00e1v. Jedinou nev\u00fdhodou aplikace je, \u017ee nem\u00e1 p\u0159\u00edli\u0161 velkou u\u017eivatelskou z\u00e1kladnu, tak\u017ee m\u016f\u017eete m\u00edt pot\u00ed\u017ee s nalezen\u00edm shod ve va\u0161\u00ed oblasti.<\/p>\n","protected":false},"excerpt":{"rendered":"<p>Existuje spousta m\u00edstn\u00edch swinger str\u00e1nek, kter\u00e9 m\u016f\u017eete pou\u017e\u00edt k p\u0159ipojen\u00ed s dal\u0161\u00edmi p\u00e1ry ve va\u0161\u00ed oblasti. Jsou skv\u011bl\u00fdm zp\u016fsobem, jak&hellip;<\/p>\n","protected":false},"author":1,"featured_media":0,"parent":0,"menu_order":0,"comment_status":"closed","ping_status":"closed","template":"","meta":[],"yoast_head":"<!-- This site is optimized with the Yoast SEO plugin v17.7.1 - https:\/\/yoast.com\/wordpress\/plugins\/seo\/ -->\n<title>M\u00edstn\u00ed Swinger str\u00e1nky - Online Dating Roba<\/title>\n<meta name=\"robots\" content=\"index, follow, max-snippet:-1, max-image-preview:large, max-video-preview:-1\" \/>\n<link rel=\"canonical\" href=\"https:\/\/sushihiroba.co.uk\/cs\/mistni-swinger-stranky\/\" \/>\n<meta property=\"og:locale\" content=\"cs_CZ\" \/>\n<meta property=\"og:type\" content=\"article\" \/>\n<meta property=\"og:title\" content=\"M\u00edstn\u00ed Swinger str\u00e1nky - Online Dating Roba\" \/>\n<meta property=\"og:description\" content=\"Existuje spousta m\u00edstn\u00edch swinger str\u00e1nek, kter\u00e9 m\u016f\u017eete pou\u017e\u00edt k p\u0159ipojen\u00ed s dal\u0161\u00edmi p\u00e1ry ve va\u0161\u00ed oblasti. Jsou skv\u011bl\u00fdm zp\u016fsobem, jak&hellip;\" \/>\n<meta property=\"og:url\" content=\"https:\/\/sushihiroba.co.uk\/cs\/mistni-swinger-stranky\/\" \/>\n<meta property=\"og:site_name\" content=\"Online Dating Roba\" \/>\n<meta name=\"twitter:card\" content=\"summary_large_image\" \/>\n<meta name=\"twitter:label1\" content=\"Odhadovan\u00e1 doba \u010dten\u00ed\" \/>\n\t<meta name=\"twitter:data1\" content=\"4 minuty\" \/>\n<script type=\"application\/ld+json\" class=\"yoast-schema-graph\">{\"@context\":\"https:\/\/schema.org\",\"@graph\":[{\"@type\":\"WebSite\",\"@id\":\"https:\/\/sushihiroba.co.uk\/cs\/#website\",\"url\":\"https:\/\/sushihiroba.co.uk\/cs\/\",\"name\":\"Online Dating Roba\",\"description\":\"Guide To Find Love\",\"potentialAction\":[{\"@type\":\"SearchAction\",\"target\":{\"@type\":\"EntryPoint\",\"urlTemplate\":\"https:\/\/sushihiroba.co.uk\/cs\/?s={search_term_string}\"},\"query-input\":\"required name=search_term_string\"}],\"inLanguage\":\"cs\"},{\"@type\":\"WebPage\",\"@id\":\"https:\/\/sushihiroba.co.uk\/cs\/mistni-swinger-stranky\/#webpage\",\"url\":\"https:\/\/sushihiroba.co.uk\/cs\/mistni-swinger-stranky\/\",\"name\":\"M\\u00edstn\\u00ed Swinger str\\u00e1nky - Online Dating Roba\",\"isPartOf\":{\"@id\":\"https:\/\/sushihiroba.co.uk\/cs\/#website\"},\"datePublished\":\"2022-10-10T11:13:54+00:00\",\"dateModified\":\"2022-10-10T11:13:54+00:00\",\"breadcrumb\":{\"@id\":\"https:\/\/sushihiroba.co.uk\/cs\/mistni-swinger-stranky\/#breadcrumb\"},\"inLanguage\":\"cs\",\"potentialAction\":[{\"@type\":\"ReadAction\",\"target\":[\"https:\/\/sushihiroba.co.uk\/cs\/mistni-swinger-stranky\/\"]}]},{\"@type\":\"BreadcrumbList\",\"@id\":\"https:\/\/sushihiroba.co.uk\/cs\/mistni-swinger-stranky\/#breadcrumb\",\"itemListElement\":[{\"@type\":\"ListItem\",\"position\":1,\"name\":\"Home\",\"item\":\"http:\/\/sushihiroba.co.uk\/cs\/\"},{\"@type\":\"ListItem\",\"position\":2,\"name\":\"M\\u00edstn\\u00ed Swinger str\\u00e1nky\"}]}]}<\/script>\n<!-- \/ Yoast SEO plugin. -->","yoast_head_json":{"title":"M\u00edstn\u00ed Swinger str\u00e1nky - Online Dating Roba","robots":{"index":"index","follow":"follow","max-snippet":"max-snippet:-1","max-image-preview":"max-image-preview:large","max-video-preview":"max-video-preview:-1"},"canonical":"https:\/\/sushihiroba.co.uk\/cs\/mistni-swinger-stranky\/","og_locale":"cs_CZ","og_type":"article","og_title":"M\u00edstn\u00ed Swinger str\u00e1nky - Online Dating Roba","og_description":"Existuje spousta m\u00edstn\u00edch swinger str\u00e1nek, kter\u00e9 m\u016f\u017eete pou\u017e\u00edt k p\u0159ipojen\u00ed s dal\u0161\u00edmi p\u00e1ry ve va\u0161\u00ed oblasti. Jsou skv\u011bl\u00fdm zp\u016fsobem, jak&hellip;","og_url":"https:\/\/sushihiroba.co.uk\/cs\/mistni-swinger-stranky\/","og_site_name":"Online Dating Roba","twitter_card":"summary_large_image","twitter_misc":{"Odhadovan\u00e1 doba \u010dten\u00ed":"4 minuty"},"schema":{"@context":"https:\/\/schema.org","@graph":[{"@type":"WebSite","@id":"https:\/\/sushihiroba.co.uk\/cs\/#website","url":"https:\/\/sushihiroba.co.uk\/cs\/","name":"Online Dating Roba","description":"Guide To Find Love","potentialAction":[{"@type":"SearchAction","target":{"@type":"EntryPoint","urlTemplate":"https:\/\/sushihiroba.co.uk\/cs\/?s={search_term_string}"},"query-input":"required name=search_term_string"}],"inLanguage":"cs"},{"@type":"WebPage","@id":"https:\/\/sushihiroba.co.uk\/cs\/mistni-swinger-stranky\/#webpage","url":"https:\/\/sushihiroba.co.uk\/cs\/mistni-swinger-stranky\/","name":"M\u00edstn\u00ed Swinger str\u00e1nky - Online Dating Roba","isPartOf":{"@id":"https:\/\/sushihiroba.co.uk\/cs\/#website"},"datePublished":"2022-10-10T11:13:54+00:00","dateModified":"2022-10-10T11:13:54+00:00","breadcrumb":{"@id":"https:\/\/sushihiroba.co.uk\/cs\/mistni-swinger-stranky\/#breadcrumb"},"inLanguage":"cs","potentialAction":[{"@type":"ReadAction","target":["https:\/\/sushihiroba.co.uk\/cs\/mistni-swinger-stranky\/"]}]},{"@type":"BreadcrumbList","@id":"https:\/\/sushihiroba.co.uk\/cs\/mistni-swinger-stranky\/#breadcrumb","itemListElement":[{"@type":"ListItem","position":1,"name":"Home","item":"http:\/\/sushihiroba.co.uk\/cs\/"},{"@type":"ListItem","position":2,"name":"M\u00edstn\u00ed Swinger str\u00e1nky"}]}]}},"_links":{"self":[{"href":"https:\/\/sushihiroba.co.uk\/cs\/wp-json\/wp\/v2\/pages\/132"}],"collection":[{"href":"https:\/\/sushihiroba.co.uk\/cs\/wp-json\/wp\/v2\/pages"}],"about":[{"href":"https:\/\/sushihiroba.co.uk\/cs\/wp-json\/wp\/v2\/types\/page"}],"author":[{"embeddable":true,"href":"https:\/\/sushihiroba.co.uk\/cs\/wp-json\/wp\/v2\/users\/1"}],"replies":[{"embeddable":true,"href":"https:\/\/sushihiroba.co.uk\/cs\/wp-json\/wp\/v2\/comments?post=132"}],"version-history":[{"count":0,"href":"https:\/\/sushihiroba.co.uk\/cs\/wp-json\/wp\/v2\/pages\/132\/revisions"}],"wp:attachment":[{"href":"https:\/\/sushihiroba.co.uk\/cs\/wp-json\/wp\/v2\/media?parent=132"}],"curies":[{"name":"wp","href":"https:\/\/api.w.org\/{rel}","templated":true}]}}