{"id":140,"date":"2022-10-10T12:13:05","date_gmt":"2022-10-10T11:13:05","guid":{"rendered":"http:\/\/sushihiroba.co.uk\/fetis-chat-mistnosti\/"},"modified":"2022-10-10T12:13:05","modified_gmt":"2022-10-10T11:13:05","slug":"fetis-chat-mistnosti","status":"publish","type":"page","link":"https:\/\/sushihiroba.co.uk\/cs\/fetis-chat-mistnosti\/","title":{"rendered":"Feti\u0161 Chat M\u00edstnosti"},"content":{"rendered":"<p>Existuje mnoho r\u016fzn\u00fdch chatovac\u00edch m\u00edstnost\u00ed pro lidi, kte\u0159\u00ed se zaj\u00edmaj\u00ed o BDSM. M\u016f\u017eete naj\u00edt ty, kter\u00e9 jsou speci\u00e1ln\u011b pro lidi, kte\u0159\u00ed se cht\u011bj\u00ed p\u0159ipojit, a tam jsou tak\u00e9 ty, kter\u00e9 jsou jen pro obecnou diskusi. Pokud hled\u00e1te p\u0159ipojen\u00ed, je dobr\u00e9 se pod\u00edvat na n\u011bkolik r\u016fzn\u00fdch chatovac\u00edch m\u00edstnost\u00ed, abyste zjistili, kter\u00e1 z nich m\u00e1 nejv\u00edce lid\u00ed, kte\u0159\u00ed se zaj\u00edmaj\u00ed o stejnou v\u011bc jako vy. V t\u011bchto chatovac\u00edch m\u00edstnostech m\u016f\u017eete tak\u00e9 naj\u00edt spoustu r\u016fzn\u00fdch zdroj\u016f a rad, tak\u017ee je dobr\u00e9 je prozkoumat, pokud jste na sc\u00e9n\u011b BDSM nov\u00ed.<\/p>\n<h2>Feti\u0161 Chatroom<\/h2>\n<p>Ve sv\u011bt\u011b online seznamov\u00e1n\u00ed jsou k dispozici nejr\u016fzn\u011bj\u0161\u00ed chatovac\u00ed m\u00edstnosti pro lidi s nejr\u016fzn\u011bj\u0161\u00edmi z\u00e1jmy. Jedn\u00edm z typ\u016f chatovac\u00edch m\u00edstnost\u00ed, kter\u00e9 se v posledn\u00edch letech st\u00e1vaj\u00ed st\u00e1le popul\u00e1rn\u011bj\u0161\u00edmi, je feti\u0161 chatovac\u00ed m\u00edstnost.<\/p>\n<p>Feti\u0161 chatovac\u00ed m\u00edstnost je m\u00edsto, kde se <a href=\"http:\/\/sushihiroba.co.uk\/free-phone-sex\/\">lid\u00e9 se sexu\u00e1ln\u00edm z\u00e1jmem o<\/a> konkr\u00e9tn\u00ed t\u00e9ma mohou setkat a chatovat o sv\u00fdch z\u00e1jmech. Existuj\u00ed chatovac\u00ed m\u00edstnosti pro v\u0161echny druhy r\u016fzn\u00fdch feti\u0161\u016f, od foot feti\u0161ist\u016f a\u017e po lidi, kte\u0159\u00ed se zaj\u00edmaj\u00ed o BDSM.<\/p>\n<p>Feti\u0161 chatovac\u00ed m\u00edstnosti mohou b\u00fdt skv\u011bl\u00fdm m\u00edstem, kde m\u016f\u017eete prozkoumat sv\u00e9 sexu\u00e1ln\u00ed z\u00e1jmy a setkat se s podobn\u011b sm\u00fd\u0161lej\u00edc\u00edmi lidmi. Je v\u0161ak d\u016fle\u017eit\u00e9 pamatovat na to, abyste respektovali z\u00e1jmy a hranice ostatn\u00edch lid\u00ed a nikdy nikoho netla\u010dili, aby d\u011blal n\u011bco, s \u010d\u00edm nen\u00ed spokojen.<\/p>\n<h2>Feti\u0161 Chat M\u00edstnost<\/h2>\n<p>Ve feti\u0161istick\u00e9 chatovac\u00ed m\u00edstnosti m\u016f\u017eete prozkoumat sv\u00e9 nejhlub\u0161\u00ed touhy s podobn\u011b sm\u00fd\u0161lej\u00edc\u00edmi lidmi a potenci\u00e1ln\u011b naj\u00edt l\u00e1sku. A\u0165 u\u017e jste do BDSM, feti\u0161e nohou nebo jak\u00e9hokoli jin\u00e9ho zlomu, m\u016f\u017eete naj\u00edt n\u011bkoho, kdo sd\u00edl\u00ed va\u0161e z\u00e1jmy a s k\u00fdm m\u016f\u017eete prozkoumat svou sexualitu. Nejlep\u0161\u00ed \u010d\u00e1st o feti\u0161ov\u00fdch chatovac\u00edch m\u00edstnostech je, \u017ee m\u016f\u017eete b\u00fdt zcela otev\u0159en\u00ed a up\u0159\u00edmn\u00ed ohledn\u011b sv\u00fdch z\u00e1jm\u016f a nikdo v\u00e1s nebude soudit. Tak\u017ee pokud hled\u00e1te prostor bez \u00fasudku, abyste vyj\u00e1d\u0159ili sv\u00e9 nejhlub\u0161\u00ed touhy, feti\u0161 chatovac\u00ed m\u00edstnost je pro v\u00e1s ide\u00e1ln\u00edm m\u00edstem.<\/p>\n<p>Feti\u0161 chatovac\u00ed m\u00edstnosti mohou b\u00fdt skv\u011bl\u00fdm zp\u016fsobem, jak se spojit s podobn\u011b sm\u00fd\u0161lej\u00edc\u00edmi lidmi, kte\u0159\u00ed sd\u00edlej\u00ed va\u0161e z\u00e1jmy. Mohou b\u00fdt skv\u011bl\u00fdm zp\u016fsobem, jak prozkoumat svou sexualitu a dozv\u011bd\u011bt se v\u00edce o tom, co v\u00e1s zapne. Mohou b\u00fdt tak\u00e9 skv\u011bl\u00fdm zp\u016fsobem, jak se setkat s potenci\u00e1ln\u00edmi partnery, kte\u0159\u00ed sd\u00edlej\u00ed va\u0161e z\u00e1jmy. Je v\u0161ak d\u016fle\u017eit\u00e9 si uv\u011bdomit, \u017ee ne v\u0161echny feti\u0161ov\u00e9 chatovac\u00ed m\u00edstnosti jsou vytvo\u0159eny stejn\u011b. N\u011bkter\u00e9 jsou lep\u0161\u00ed ne\u017e jin\u00e9 a n\u011bkter\u00e9 jsou nebezpe\u010dn\u011bj\u0161\u00ed ne\u017e jin\u00e9. Je d\u016fle\u017eit\u00e9 prov\u00e9st sv\u016fj v\u00fdzkum p\u0159edt\u00edm, ne\u017e se p\u0159ipoj\u00edte k jak\u00e9koli chatovac\u00ed m\u00edstnosti, a p\u0159ipojit se pouze k t\u011bm, se kter\u00fdmi se c\u00edt\u00edte pohodln\u011b.<\/p>\n<h3>Moder\u00e1tor<\/h3>\n<p>Pokud hled\u00e1te bezpe\u010dn\u00fd a spolehliv\u00fd zp\u016fsob, jak prozkoumat svou v\u00fdst\u0159edn\u00ed str\u00e1nku, m\u011bli byste se ur\u010dit\u011b pod\u00edvat na Flingster. Tato seznamovac\u00ed aplikace je ide\u00e1ln\u00ed pro ty, kte\u0159\u00ed jsou zv\u011bdav\u00ed na BDSM a cht\u011bj\u00ed naj\u00edt chatovac\u00ed m\u00edstnost, kde mohou bezpe\u010dn\u011b a konsenzu\u00e1ln\u011b prozkoumat sv\u00e9 sexu\u00e1ln\u00ed touhy.<\/p>\n<p>Flingster je skv\u011blou volbou pro ty, kte\u0159\u00ed cht\u011bj\u00ed pono\u0159it sv\u00e9 prsty do \u017eivotn\u00edho stylu BDSM, proto\u017ee nab\u00edz\u00ed \u0159adu chatovac\u00edch m\u00edstnost\u00ed, kter\u00e9 se staraj\u00ed o r\u016fzn\u00e9 zlomy a feti\u0161e. M\u016f\u017eete si tak\u00e9 b\u00fdt jisti, \u017ee v\u0161ichni \u010dlenov\u00e9 na webu jsou skute\u010dn\u00ed, proto\u017ee ka\u017ed\u00fd profil je ov\u011b\u0159en p\u0159\u00edsn\u00fdm procesem.<\/p>\n<p>Tak\u017ee pokud hled\u00e1te bezpe\u010dn\u00fd a z\u00e1bavn\u00fd zp\u016fsob, jak prozkoumat svou v\u00fdst\u0159edn\u00ed str\u00e1nku, pak se nezapome\u0148te pod\u00edvat na Flingster!<\/p>\n<h3>Geek2Geek<\/h3>\n<p>Geek2Geek je seznamovac\u00ed aplikace, kter\u00e1 se star\u00e1 o nerdy, geeky a dal\u0161\u00ed geeky lidi. Aplikace m\u00e1 spoustu funkc\u00ed, d\u00edky nim\u017e je skv\u011bl\u00e1 pro nerdy lidi, v\u010detn\u011b vyhled\u00e1vac\u00ed funkce, kter\u00e1 v\u00e1m umo\u017en\u00ed naj\u00edt dal\u0161\u00ed nerdy, kte\u0159\u00ed sd\u00edlej\u00ed va\u0161e z\u00e1jmy. Aplikace m\u00e1 tak\u00e9 funkci chatu, tak\u017ee m\u016f\u017eete chatovat s ostatn\u00edmi nerdy o va\u0161ich spole\u010dn\u00fdch z\u00e1jmech. Aplikace je zdarma ke sta\u017een\u00ed a pou\u017eit\u00ed a je k dispozici pro iOS i Android.<\/p>\n<h3>NaughtyDate<\/h3>\n<p>NaughtyDate je seznamovac\u00ed aplikace, kter\u00e1 se specializuje na BDSM chatovac\u00ed m\u00edstnosti. Je to skv\u011bl\u00e9 m\u00edsto, kde m\u016f\u017eete naj\u00edt podobn\u011b sm\u00fd\u0161lej\u00edc\u00ed lidi a prozkoumat sv\u00e9 zlomy a feti\u0161e. Aplikace se snadno pou\u017e\u00edv\u00e1 a m\u00e1 mnoho funkc\u00ed, co\u017e z n\u00ed \u010din\u00ed skv\u011blou volbu pro ty, kte\u0159\u00ed hledaj\u00ed v\u00fdst\u0159edn\u00ed z\u00e1\u017eitek z chatovac\u00ed m\u00edstnosti.<\/p>\n","protected":false},"excerpt":{"rendered":"<p>Existuje mnoho r\u016fzn\u00fdch chatovac\u00edch m\u00edstnost\u00ed pro lidi, kte\u0159\u00ed se zaj\u00edmaj\u00ed o BDSM. M\u016f\u017eete naj\u00edt ty, kter\u00e9 jsou speci\u00e1ln\u011b pro lidi,&hellip;<\/p>\n","protected":false},"author":1,"featured_media":0,"parent":0,"menu_order":0,"comment_status":"closed","ping_status":"closed","template":"","meta":[],"yoast_head":"<!-- This site is optimized with the Yoast SEO plugin v17.7.1 - https:\/\/yoast.com\/wordpress\/plugins\/seo\/ -->\n<title>Feti\u0161 Chat M\u00edstnosti - Online Dating Roba<\/title>\n<meta name=\"robots\" content=\"index, follow, max-snippet:-1, max-image-preview:large, max-video-preview:-1\" \/>\n<link rel=\"canonical\" href=\"https:\/\/sushihiroba.co.uk\/cs\/fetis-chat-mistnosti\/\" \/>\n<meta property=\"og:locale\" content=\"cs_CZ\" \/>\n<meta property=\"og:type\" content=\"article\" \/>\n<meta property=\"og:title\" content=\"Feti\u0161 Chat M\u00edstnosti - Online Dating Roba\" \/>\n<meta property=\"og:description\" content=\"Existuje mnoho r\u016fzn\u00fdch chatovac\u00edch m\u00edstnost\u00ed pro lidi, kte\u0159\u00ed se zaj\u00edmaj\u00ed o BDSM. M\u016f\u017eete naj\u00edt ty, kter\u00e9 jsou speci\u00e1ln\u011b pro lidi,&hellip;\" \/>\n<meta property=\"og:url\" content=\"https:\/\/sushihiroba.co.uk\/cs\/fetis-chat-mistnosti\/\" \/>\n<meta property=\"og:site_name\" content=\"Online Dating Roba\" \/>\n<meta name=\"twitter:card\" content=\"summary_large_image\" \/>\n<meta name=\"twitter:label1\" content=\"Odhadovan\u00e1 doba \u010dten\u00ed\" \/>\n\t<meta name=\"twitter:data1\" content=\"4 minuty\" \/>\n<script type=\"application\/ld+json\" class=\"yoast-schema-graph\">{\"@context\":\"https:\/\/schema.org\",\"@graph\":[{\"@type\":\"WebSite\",\"@id\":\"https:\/\/sushihiroba.co.uk\/cs\/#website\",\"url\":\"https:\/\/sushihiroba.co.uk\/cs\/\",\"name\":\"Online Dating Roba\",\"description\":\"Guide To Find Love\",\"potentialAction\":[{\"@type\":\"SearchAction\",\"target\":{\"@type\":\"EntryPoint\",\"urlTemplate\":\"https:\/\/sushihiroba.co.uk\/cs\/?s={search_term_string}\"},\"query-input\":\"required name=search_term_string\"}],\"inLanguage\":\"cs\"},{\"@type\":\"WebPage\",\"@id\":\"https:\/\/sushihiroba.co.uk\/cs\/fetis-chat-mistnosti\/#webpage\",\"url\":\"https:\/\/sushihiroba.co.uk\/cs\/fetis-chat-mistnosti\/\",\"name\":\"Feti\\u0161 Chat M\\u00edstnosti - Online Dating Roba\",\"isPartOf\":{\"@id\":\"https:\/\/sushihiroba.co.uk\/cs\/#website\"},\"datePublished\":\"2022-10-10T11:13:05+00:00\",\"dateModified\":\"2022-10-10T11:13:05+00:00\",\"breadcrumb\":{\"@id\":\"https:\/\/sushihiroba.co.uk\/cs\/fetis-chat-mistnosti\/#breadcrumb\"},\"inLanguage\":\"cs\",\"potentialAction\":[{\"@type\":\"ReadAction\",\"target\":[\"https:\/\/sushihiroba.co.uk\/cs\/fetis-chat-mistnosti\/\"]}]},{\"@type\":\"BreadcrumbList\",\"@id\":\"https:\/\/sushihiroba.co.uk\/cs\/fetis-chat-mistnosti\/#breadcrumb\",\"itemListElement\":[{\"@type\":\"ListItem\",\"position\":1,\"name\":\"Home\",\"item\":\"http:\/\/sushihiroba.co.uk\/cs\/\"},{\"@type\":\"ListItem\",\"position\":2,\"name\":\"Feti\\u0161 Chat M\\u00edstnosti\"}]}]}<\/script>\n<!-- \/ Yoast SEO plugin. -->","yoast_head_json":{"title":"Feti\u0161 Chat M\u00edstnosti - Online Dating Roba","robots":{"index":"index","follow":"follow","max-snippet":"max-snippet:-1","max-image-preview":"max-image-preview:large","max-video-preview":"max-video-preview:-1"},"canonical":"https:\/\/sushihiroba.co.uk\/cs\/fetis-chat-mistnosti\/","og_locale":"cs_CZ","og_type":"article","og_title":"Feti\u0161 Chat M\u00edstnosti - Online Dating Roba","og_description":"Existuje mnoho r\u016fzn\u00fdch chatovac\u00edch m\u00edstnost\u00ed pro lidi, kte\u0159\u00ed se zaj\u00edmaj\u00ed o BDSM. M\u016f\u017eete naj\u00edt ty, kter\u00e9 jsou speci\u00e1ln\u011b pro lidi,&hellip;","og_url":"https:\/\/sushihiroba.co.uk\/cs\/fetis-chat-mistnosti\/","og_site_name":"Online Dating Roba","twitter_card":"summary_large_image","twitter_misc":{"Odhadovan\u00e1 doba \u010dten\u00ed":"4 minuty"},"schema":{"@context":"https:\/\/schema.org","@graph":[{"@type":"WebSite","@id":"https:\/\/sushihiroba.co.uk\/cs\/#website","url":"https:\/\/sushihiroba.co.uk\/cs\/","name":"Online Dating Roba","description":"Guide To Find Love","potentialAction":[{"@type":"SearchAction","target":{"@type":"EntryPoint","urlTemplate":"https:\/\/sushihiroba.co.uk\/cs\/?s={search_term_string}"},"query-input":"required name=search_term_string"}],"inLanguage":"cs"},{"@type":"WebPage","@id":"https:\/\/sushihiroba.co.uk\/cs\/fetis-chat-mistnosti\/#webpage","url":"https:\/\/sushihiroba.co.uk\/cs\/fetis-chat-mistnosti\/","name":"Feti\u0161 Chat M\u00edstnosti - Online Dating Roba","isPartOf":{"@id":"https:\/\/sushihiroba.co.uk\/cs\/#website"},"datePublished":"2022-10-10T11:13:05+00:00","dateModified":"2022-10-10T11:13:05+00:00","breadcrumb":{"@id":"https:\/\/sushihiroba.co.uk\/cs\/fetis-chat-mistnosti\/#breadcrumb"},"inLanguage":"cs","potentialAction":[{"@type":"ReadAction","target":["https:\/\/sushihiroba.co.uk\/cs\/fetis-chat-mistnosti\/"]}]},{"@type":"BreadcrumbList","@id":"https:\/\/sushihiroba.co.uk\/cs\/fetis-chat-mistnosti\/#breadcrumb","itemListElement":[{"@type":"ListItem","position":1,"name":"Home","item":"http:\/\/sushihiroba.co.uk\/cs\/"},{"@type":"ListItem","position":2,"name":"Feti\u0161 Chat M\u00edstnosti"}]}]}},"_links":{"self":[{"href":"https:\/\/sushihiroba.co.uk\/cs\/wp-json\/wp\/v2\/pages\/140"}],"collection":[{"href":"https:\/\/sushihiroba.co.uk\/cs\/wp-json\/wp\/v2\/pages"}],"about":[{"href":"https:\/\/sushihiroba.co.uk\/cs\/wp-json\/wp\/v2\/types\/page"}],"author":[{"embeddable":true,"href":"https:\/\/sushihiroba.co.uk\/cs\/wp-json\/wp\/v2\/users\/1"}],"replies":[{"embeddable":true,"href":"https:\/\/sushihiroba.co.uk\/cs\/wp-json\/wp\/v2\/comments?post=140"}],"version-history":[{"count":0,"href":"https:\/\/sushihiroba.co.uk\/cs\/wp-json\/wp\/v2\/pages\/140\/revisions"}],"wp:attachment":[{"href":"https:\/\/sushihiroba.co.uk\/cs\/wp-json\/wp\/v2\/media?parent=140"}],"curies":[{"name":"wp","href":"https:\/\/api.w.org\/{rel}","templated":true}]}}