{"id":141,"date":"2022-10-10T12:14:24","date_gmt":"2022-10-10T11:14:24","guid":{"rendered":"http:\/\/sushihiroba.co.uk\/nerd-seznamky\/"},"modified":"2022-10-10T12:14:24","modified_gmt":"2022-10-10T11:14:24","slug":"nerd-seznamky","status":"publish","type":"page","link":"https:\/\/sushihiroba.co.uk\/cs\/nerd-seznamky\/","title":{"rendered":"Nerd Seznamky"},"content":{"rendered":"<p>Nen\u00ed t\u0159eba b\u00fdt nerv\u00f3zn\u00ed z &#8222;nerd dating&#8220;. Za prv\u00e9, nezapome\u0148te, \u017ee nerdy kluci jsou stejn\u011b jako ka\u017ed\u00fd jin\u00fd chlap, pokud jde o p\u0159ipojen\u00ed. Hledaj\u00ed to sam\u00e9, s \u010d\u00edm jste vy: n\u011bkoho, s k\u00fdm se budete dob\u0159e bavit. Za druh\u00e9, nebojte se uk\u00e1zat svou nerdy str\u00e1nku. Kluci pova\u017euj\u00ed inteligenci a l\u00e1sku k u\u010den\u00ed za sexy, tak\u017ee nechte svou nerdskou vlajku l\u00e9tat! Nakonec se nebojte ud\u011blat prvn\u00ed krok. Nerdy kluci jsou \u010dasto stydliv\u00ed, tak\u017ee je na v\u00e1s, abyste se ujali veden\u00ed a pozvali ho ven. S t\u011bmito tipy jste si jisti, \u017ee budete m\u00edt skv\u011bl\u00fd \u010das &#8222;nerd dating!&#8220;<\/p>\n<h2>Rande Geek<\/h2>\n<p>Hled\u00e1te rande, kter\u00e9 je trochu geek? Pak nehledejte nic jin\u00e9ho ne\u017e m\u00edstn\u00ed geek bar nebo online seznamku. Zde je n\u011bkolik tip\u016f, jak randit s geekem.<\/p>\n<ul>\n<li>Bu\u010fte p\u0159ipraveni na n\u011bkolik intenzivn\u00edch rozhovor\u016f. Geekov\u00e9 r\u00e1di mluv\u00ed o sv\u00fdch z\u00e1jmech, tak\u017ee bu\u010fte p\u0159ipraveni diskutovat o v\u0161em, od nejnov\u011bj\u0161\u00edho komiksov\u00e9ho filmu a\u017e po nejnov\u011bj\u0161\u00ed videohru.<\/li>\n<li>Bu\u010fte trp\u011bliv\u00ed. Geekov\u00e9 mohou b\u00fdt zpo\u010d\u00e1tku trochu plach\u00ed, tak\u017ee m\u016f\u017ee n\u011bjakou dobu trvat, ne\u017e se v\u00e1m otev\u0159ou.<\/li>\n<li>Up\u0159\u00edmn\u011b \u0159e\u010deno. Geekov\u00e9 oce\u0148uj\u00ed up\u0159\u00edmnost, tak\u017ee se nepokou\u0161ejte p\u0159edst\u00edrat svou cestu prost\u0159ednictv\u00edm konverzace. Pokud v\u00e1s nezaj\u00edmaj\u00ed stejn\u00e9 v\u011bci, bu\u010fte o tom p\u0159edem.<\/li>\n<li>Bu\u010fte flexibiln\u00ed. Geekov\u00e9 mohou b\u00fdt docela nastaveni ve sv\u00fdch cest\u00e1ch, tak\u017ee je d\u016fle\u017eit\u00e9 b\u00fdt flexibiln\u00ed, pokud jde o pl\u00e1ny. Pokud va\u0161e rande chce z\u016fstat a hr\u00e1t videohry celou noc, jd\u011bte s n\u00edm.<\/li>\n<li>Vzmu\u017e se. Geekov\u00e9 jsou p\u0159itahov\u00e1ni k lidem, kte\u0159\u00ed jsou skute\u010dn\u00ed a autenti\u010dt\u00ed. Tak\u017ee bu\u010fte sami sebou a ur\u010dit\u011b najdete perfektn\u00ed geeky z\u00e1pas.<\/li>\n<\/ul>\n<p>Existuje spousta nerd <a href=\"http:\/\/sushihiroba.co.uk\/local-swinger-sites\/\">seznamovac\u00edch str\u00e1nek, z<\/a> nich\u017e ka\u017ed\u00e1 nab\u00edz\u00ed n\u011bco trochu jin\u00e9ho, pokud jde o funkce a publikum. N\u011bkter\u00e9 str\u00e1nky, jako geek 2 Geek, jsou navr\u017eeny speci\u00e1ln\u011b pro geeky a nerdy, zat\u00edmco jin\u00e9, jako OkCupid, jsou otev\u0159eny lidem v\u0161ech \u00farovn\u00ed nerd\u016f.<\/p>\n<p>Pokud hled\u00e1te l\u00e1sku a pova\u017eujete se za nerda, je tu pro v\u00e1s seznamka. A\u0165 u\u017e m\u00e1te r\u00e1di sci-fi, hry nebo cokoli mezi t\u00edm, je tu komunita podobn\u011b sm\u00fd\u0161lej\u00edc\u00edch lid\u00ed, kte\u0159\u00ed \u010dekaj\u00ed na setk\u00e1n\u00ed s v\u00e1mi. Tak se tam vydej a za\u010dni se bavit s n\u011bk\u00fdm v\u00fdjime\u010dn\u00fdm je\u0161t\u011b dnes.<\/p>\n<h2>Hern\u00ed Seznamky<\/h2>\n<p>Existuje cel\u00e1 \u0159ada seznamovac\u00edch web\u016f, kter\u00e9 se staraj\u00ed speci\u00e1ln\u011b o hr\u00e1\u010de. Tyto str\u00e1nky ch\u00e1pou v\u00e1\u0161n\u011b a z\u00e1jmy hr\u00e1\u010d\u016f a mohou v\u00e1s spojit s ostatn\u00edmi nezadan\u00fdmi, kte\u0159\u00ed sd\u00edlej\u00ed va\u0161e hern\u00ed z\u00e1jmy. A\u0165 u\u017e hled\u00e1te p\u0159\u00edle\u017eitostn\u00fd vztah nebo n\u011bco v\u00e1\u017en\u011bj\u0161\u00edho, je tu pro v\u00e1s hern\u00ed seznamka. Tak se tam vyrazte a za\u010dn\u011bte s hr\u00e1\u010dem!<\/p>\n<h3>YourSecretHookup<\/h3>\n<p>Pokud jste samozvan\u00fd nerd, kter\u00fd hled\u00e1 l\u00e1sku, mo\u017en\u00e1 se budete cht\u00edt pod\u00edvat na novou seznamovac\u00ed aplikaci YourSecretHookup. Aplikace, kter\u00e1 se star\u00e1 o nerdy a geeky v\u0161ech typ\u016f, m\u00e1 v App Store hodnocen\u00ed 4 hv\u011bzdi\u010dky a u\u017eivatel\u00e9 ji chv\u00e1lili za snadn\u00e9 pou\u017eit\u00ed a rozhran\u00ed &#8222;p\u0159\u00e1telsk\u00e9 k nerd\u016fm&#8220;.<\/p>\n<p>YourSecretHookup je skv\u011bl\u00e1 volba pro nerdy, kte\u0159\u00ed hledaj\u00ed l\u00e1sku, ale nen\u00ed to dokonal\u00e9. Aplikace m\u00e1 spoustu funkc\u00ed, d\u00edky nim\u017e je skv\u011bl\u00e1 pro nerdy, ale m\u00e1 tak\u00e9 n\u011bkolik nev\u00fdhod. Za prv\u00e9, aplikace je k dispozici pouze v USA. Za druh\u00e9, aplikace nem\u00e1 p\u0159\u00edli\u0161 velkou u\u017eivatelskou z\u00e1kladnu, tak\u017ee m\u016f\u017eete m\u00edt pot\u00ed\u017ee s nalezen\u00edm shod ve va\u0161\u00ed oblasti.<\/p>\n<p>Celkov\u011b je YourSecretHookup skv\u011bl\u00e1 seznamovac\u00ed aplikace pro nerdy. Pokud hled\u00e1te nerdy partnera, je to skv\u011bl\u00e1 volba. Pokud jste v\u0161ak mimo USA nebo pokud hled\u00e1te obecn\u011bj\u0161\u00ed seznamovac\u00ed aplikaci, mo\u017en\u00e1 budete cht\u00edt hledat jinde.<\/p>\n<h3>FindMyFlings<\/h3>\n<p>Ned\u00e1vno jsem narazil na seznamovac\u00ed aplikaci FindMyFlings a myslel jsem si, \u017ee to zkus\u00edm, proto\u017ee se pova\u017euji za trochu nerda. Mus\u00edm \u0159\u00edct, \u017ee jsem byl p\u0159\u00edjemn\u011b p\u0159ekvapen! Aplikace je velmi u\u017eivatelsky p\u0159\u00edv\u011btiv\u00e1 a ide\u00e1ln\u00ed m\u00edsto pro nerdy, aby se setkali s dal\u0161\u00edmi nerdy. Aplikace m\u00e1 tak\u00e9 skv\u011blou funkci nazvanou &#8222;Nerd Factor&#8220;, kter\u00e1 v\u00e1m umo\u017en\u00ed hodnotit se na stupnici od 1 do 10, pokud jde o va\u0161i nerdiness. Ur\u010dit\u011b bych tuto aplikaci doporu\u010dil v\u0161em nerd\u016fm, kte\u0159\u00ed hledaj\u00ed l\u00e1sku!<\/p>\n<h3>Spousta ryb<\/h3>\n<p>Pokud jste samozvan\u00fd nerd, kter\u00fd hled\u00e1 l\u00e1sku, mo\u017en\u00e1 se budete cht\u00edt pod\u00edvat na seznamovac\u00ed aplikaci Plenty of Fish. Podle recenz\u00ed je tato aplikace pln\u00e1 lid\u00ed, kte\u0159\u00ed jsou v\u00e1\u0161niv\u00ed v\u011bcmi, jako jsou komiksy, hry a cosplay.<\/p>\n<p>Tak\u017ee, pokud hled\u00e1te nerdy vztah, to by mohla b\u00fdt aplikace pro v\u00e1s. N\u011bkte\u0159\u00ed recenzenti si v\u0161ak st\u011b\u017eovali na rozhran\u00ed aplikace a u\u017eivatelskou z\u00e1kladnu. Tak\u017ee mo\u017en\u00e1 budete cht\u00edt vz\u00edt tyto st\u00ed\u017enosti v \u00favahu p\u0159ed sta\u017een\u00edm.<\/p>\n","protected":false},"excerpt":{"rendered":"<p>Nen\u00ed t\u0159eba b\u00fdt nerv\u00f3zn\u00ed z &#8222;nerd dating&#8220;. Za prv\u00e9, nezapome\u0148te, \u017ee nerdy kluci jsou stejn\u011b jako ka\u017ed\u00fd jin\u00fd chlap, pokud&hellip;<\/p>\n","protected":false},"author":1,"featured_media":0,"parent":0,"menu_order":0,"comment_status":"closed","ping_status":"closed","template":"","meta":[],"yoast_head":"<!-- This site is optimized with the Yoast SEO plugin v17.7.1 - https:\/\/yoast.com\/wordpress\/plugins\/seo\/ -->\n<title>Nerd Seznamky - Online Dating Roba<\/title>\n<meta name=\"robots\" content=\"index, follow, max-snippet:-1, max-image-preview:large, max-video-preview:-1\" \/>\n<link rel=\"canonical\" href=\"https:\/\/sushihiroba.co.uk\/cs\/nerd-seznamky\/\" \/>\n<meta property=\"og:locale\" content=\"cs_CZ\" \/>\n<meta property=\"og:type\" content=\"article\" \/>\n<meta property=\"og:title\" content=\"Nerd Seznamky - Online Dating Roba\" \/>\n<meta property=\"og:description\" content=\"Nen\u00ed t\u0159eba b\u00fdt nerv\u00f3zn\u00ed z &#8222;nerd dating&#8220;. Za prv\u00e9, nezapome\u0148te, \u017ee nerdy kluci jsou stejn\u011b jako ka\u017ed\u00fd jin\u00fd chlap, pokud&hellip;\" \/>\n<meta property=\"og:url\" content=\"https:\/\/sushihiroba.co.uk\/cs\/nerd-seznamky\/\" \/>\n<meta property=\"og:site_name\" content=\"Online Dating Roba\" \/>\n<meta name=\"twitter:card\" content=\"summary_large_image\" \/>\n<meta name=\"twitter:label1\" content=\"Odhadovan\u00e1 doba \u010dten\u00ed\" \/>\n\t<meta name=\"twitter:data1\" content=\"4 minuty\" \/>\n<script type=\"application\/ld+json\" class=\"yoast-schema-graph\">{\"@context\":\"https:\/\/schema.org\",\"@graph\":[{\"@type\":\"WebSite\",\"@id\":\"https:\/\/sushihiroba.co.uk\/cs\/#website\",\"url\":\"https:\/\/sushihiroba.co.uk\/cs\/\",\"name\":\"Online Dating Roba\",\"description\":\"Guide To Find Love\",\"potentialAction\":[{\"@type\":\"SearchAction\",\"target\":{\"@type\":\"EntryPoint\",\"urlTemplate\":\"https:\/\/sushihiroba.co.uk\/cs\/?s={search_term_string}\"},\"query-input\":\"required name=search_term_string\"}],\"inLanguage\":\"cs\"},{\"@type\":\"WebPage\",\"@id\":\"https:\/\/sushihiroba.co.uk\/cs\/nerd-seznamky\/#webpage\",\"url\":\"https:\/\/sushihiroba.co.uk\/cs\/nerd-seznamky\/\",\"name\":\"Nerd Seznamky - Online Dating Roba\",\"isPartOf\":{\"@id\":\"https:\/\/sushihiroba.co.uk\/cs\/#website\"},\"datePublished\":\"2022-10-10T11:14:24+00:00\",\"dateModified\":\"2022-10-10T11:14:24+00:00\",\"breadcrumb\":{\"@id\":\"https:\/\/sushihiroba.co.uk\/cs\/nerd-seznamky\/#breadcrumb\"},\"inLanguage\":\"cs\",\"potentialAction\":[{\"@type\":\"ReadAction\",\"target\":[\"https:\/\/sushihiroba.co.uk\/cs\/nerd-seznamky\/\"]}]},{\"@type\":\"BreadcrumbList\",\"@id\":\"https:\/\/sushihiroba.co.uk\/cs\/nerd-seznamky\/#breadcrumb\",\"itemListElement\":[{\"@type\":\"ListItem\",\"position\":1,\"name\":\"Home\",\"item\":\"https:\/\/sushihiroba.co.uk\/cs\/\"},{\"@type\":\"ListItem\",\"position\":2,\"name\":\"Nerd Seznamky\"}]}]}<\/script>\n<!-- \/ Yoast SEO plugin. -->","yoast_head_json":{"title":"Nerd Seznamky - Online Dating Roba","robots":{"index":"index","follow":"follow","max-snippet":"max-snippet:-1","max-image-preview":"max-image-preview:large","max-video-preview":"max-video-preview:-1"},"canonical":"https:\/\/sushihiroba.co.uk\/cs\/nerd-seznamky\/","og_locale":"cs_CZ","og_type":"article","og_title":"Nerd Seznamky - Online Dating Roba","og_description":"Nen\u00ed t\u0159eba b\u00fdt nerv\u00f3zn\u00ed z &#8222;nerd dating&#8220;. Za prv\u00e9, nezapome\u0148te, \u017ee nerdy kluci jsou stejn\u011b jako ka\u017ed\u00fd jin\u00fd chlap, pokud&hellip;","og_url":"https:\/\/sushihiroba.co.uk\/cs\/nerd-seznamky\/","og_site_name":"Online Dating Roba","twitter_card":"summary_large_image","twitter_misc":{"Odhadovan\u00e1 doba \u010dten\u00ed":"4 minuty"},"schema":{"@context":"https:\/\/schema.org","@graph":[{"@type":"WebSite","@id":"https:\/\/sushihiroba.co.uk\/cs\/#website","url":"https:\/\/sushihiroba.co.uk\/cs\/","name":"Online Dating Roba","description":"Guide To Find Love","potentialAction":[{"@type":"SearchAction","target":{"@type":"EntryPoint","urlTemplate":"https:\/\/sushihiroba.co.uk\/cs\/?s={search_term_string}"},"query-input":"required name=search_term_string"}],"inLanguage":"cs"},{"@type":"WebPage","@id":"https:\/\/sushihiroba.co.uk\/cs\/nerd-seznamky\/#webpage","url":"https:\/\/sushihiroba.co.uk\/cs\/nerd-seznamky\/","name":"Nerd Seznamky - Online Dating Roba","isPartOf":{"@id":"https:\/\/sushihiroba.co.uk\/cs\/#website"},"datePublished":"2022-10-10T11:14:24+00:00","dateModified":"2022-10-10T11:14:24+00:00","breadcrumb":{"@id":"https:\/\/sushihiroba.co.uk\/cs\/nerd-seznamky\/#breadcrumb"},"inLanguage":"cs","potentialAction":[{"@type":"ReadAction","target":["https:\/\/sushihiroba.co.uk\/cs\/nerd-seznamky\/"]}]},{"@type":"BreadcrumbList","@id":"https:\/\/sushihiroba.co.uk\/cs\/nerd-seznamky\/#breadcrumb","itemListElement":[{"@type":"ListItem","position":1,"name":"Home","item":"https:\/\/sushihiroba.co.uk\/cs\/"},{"@type":"ListItem","position":2,"name":"Nerd Seznamky"}]}]}},"_links":{"self":[{"href":"https:\/\/sushihiroba.co.uk\/cs\/wp-json\/wp\/v2\/pages\/141"}],"collection":[{"href":"https:\/\/sushihiroba.co.uk\/cs\/wp-json\/wp\/v2\/pages"}],"about":[{"href":"https:\/\/sushihiroba.co.uk\/cs\/wp-json\/wp\/v2\/types\/page"}],"author":[{"embeddable":true,"href":"https:\/\/sushihiroba.co.uk\/cs\/wp-json\/wp\/v2\/users\/1"}],"replies":[{"embeddable":true,"href":"https:\/\/sushihiroba.co.uk\/cs\/wp-json\/wp\/v2\/comments?post=141"}],"version-history":[{"count":0,"href":"https:\/\/sushihiroba.co.uk\/cs\/wp-json\/wp\/v2\/pages\/141\/revisions"}],"wp:attachment":[{"href":"https:\/\/sushihiroba.co.uk\/cs\/wp-json\/wp\/v2\/media?parent=141"}],"curies":[{"name":"wp","href":"https:\/\/api.w.org\/{rel}","templated":true}]}}