{"id":162,"date":"2022-10-10T12:12:51","date_gmt":"2022-10-10T11:12:51","guid":{"rendered":"http:\/\/sushihiroba.co.uk\/zdarma-telefon-sex\/"},"modified":"2022-10-10T12:12:51","modified_gmt":"2022-10-10T11:12:51","slug":"zdarma-telefon-sex","status":"publish","type":"page","link":"https:\/\/sushihiroba.co.uk\/cs\/zdarma-telefon-sex\/","title":{"rendered":"Zdarma telefon Sex"},"content":{"rendered":"<p>Pokud jde o p\u0159ipojen\u00ed, bezplatn\u00fd sex po telefonu m\u016f\u017ee b\u00fdt skv\u011bl\u00fd zp\u016fsob, jak za\u010d\u00edt. M\u016f\u017ee pomoci prolomit ledy a rozjet v\u011bci, ani\u017e byste se museli ob\u00e1vat, \u017ee se v\u011bci stanou p\u0159\u00edli\u0161 fyzick\u00fdmi p\u0159\u00edli\u0161 rychle. Nav\u00edc to m\u016f\u017ee b\u00fdt spousta legrace! Pokud uva\u017eujete o tom, \u017ee zkus\u00edte sex po telefonu zdarma, zde je n\u011bkolik tip\u016f, kter\u00e9 v\u00e1m pomohou za\u010d\u00edt:<\/p>\n<ol>\n<li>Najd\u011bte si partnera, kter\u00fd je na to p\u0159ipraven\u00fd. To je pravd\u011bpodobn\u011b nejd\u016fle\u017eit\u011bj\u0161\u00ed krok. Pokud nejste oba na stejn\u00e9 str\u00e1nce, nebude to z\u00e1bava ani pro jednoho z v\u00e1s.<\/li>\n<li>Bu\u010fte pohodln\u00ed. To je kl\u00ed\u010dov\u00e9. Pokud se nec\u00edt\u00edte pohodln\u011b, uk\u00e1\u017ee se to. Najd\u011bte si m\u00edsto, kde si m\u016f\u017eete odpo\u010dinout a c\u00edtit se pohodln\u011b.<\/li>\n<li>Uvolnit. To je va\u0161e \u0161ance b\u00fdt na chv\u00edli n\u011bk\u00fdm jin\u00fdm. Bavte se s n\u00edm!<\/li>\n<li>Bu\u010fte uctiv\u00ed. Nezapome\u0148te, \u017ee je to je\u0161t\u011b dal\u0161\u00ed osoba na druh\u00e9m konci linky. Tak\u017ee bu\u010fte uctiv\u00ed a ne\u0159\u00edkejte nic, co byste necht\u011bli, aby v\u00e1m bylo \u0159e\u010deno.<\/li>\n<li>Zav\u011bste, pokud se v\u011bci p\u0159\u00edli\u0161 zah\u0159ej\u00ed. Pokud se v\u011bci za\u010dnou p\u0159\u00edli\u0161 zah\u0159\u00edvat, je v po\u0159\u00e1dku zav\u011bsit. V\u017edy m\u016f\u017eete zavolat zp\u011bt jindy.<\/li>\n<\/ol>\n<h2>Bezplatn\u00e9 zku\u0161ebn\u00ed chatov\u00e9 linky<\/h2>\n<p>Pokud hled\u00e1te nov\u00fd zp\u016fsob, jak se setkat s lidmi, chatovac\u00ed linky jsou skv\u011blou volbou. Mnoho chatovac\u00edch linek nab\u00edz\u00ed bezplatn\u00e9 zku\u0161ebn\u00ed verze, tak\u017ee si je m\u016f\u017eete vyzkou\u0161et, ne\u017e se zav\u00e1\u017eete. To je skv\u011bl\u00fd zp\u016fsob, jak zjistit, zda je pro v\u00e1s chatovac\u00ed linka vhodn\u00e1. Kdy\u017e zavol\u00e1te na linku chatu, budete spojeni s n\u00e1hodnou osobou. M\u016f\u017eete chatovat n\u011bkolik minut a pak se rozhodnout, zda se chcete setkat.<\/p>\n<p>Existuje spousta telefonn\u00edch sexu\u00e1ln\u00edch str\u00e1nek a mohou b\u00fdt skv\u011bl\u00fdm zp\u016fsobem, jak naj\u00edt l\u00e1sku. M\u016f\u017eete naj\u00edt n\u011bkoho, s k\u00fdm si m\u016f\u017eete promluvit, kdo je do stejn\u00fdch v\u011bc\u00ed jako vy, a dokonce m\u016f\u017eete naj\u00edt n\u011bkoho, kdo hled\u00e1 v\u00e1\u017en\u00fd vztah. Jen se ujist\u011bte, \u017ee jste opatrn\u00ed, kdy\u017e pou\u017e\u00edv\u00e1te tyto str\u00e1nky, a \u017ee si ud\u011bl\u00e1te \u010das, abyste na\u0161li spr\u00e1vnou osobu pro v\u00e1s.<\/p>\n<h2>Zdarma Sex Chat<\/h2>\n<p>Nen\u00ed nic lep\u0161\u00edho ne\u017e spojit se s n\u011bk\u00fdm na hlubok\u00e9 sexu\u00e1ln\u00ed \u00farovni. Bezplatn\u00fd sexu\u00e1ln\u00ed chat poskytuje jedine\u010dnou p\u0159\u00edle\u017eitost, jak to ud\u011blat. M\u016f\u017eete se spojit s n\u011bk\u00fdm, kdo sd\u00edl\u00ed va\u0161e sexu\u00e1ln\u00ed z\u00e1jmy a prozkoumat va\u0161e touhy v bezpe\u010dn\u00e9m a anonymn\u00edm prost\u0159ed\u00ed. Bezplatn\u00fd sexu\u00e1ln\u00ed chat je perfektn\u00ed zp\u016fsob, jak oko\u0159enit sv\u016fj milostn\u00fd \u017eivot a p\u0159ibl\u00ed\u017eit se sv\u00e9mu partnerovi.<\/p>\n<h3>ComeWithYou<\/h3>\n<p>ComeWithYou je nov\u00e1 seznamovac\u00ed aplikace, kter\u00e1 ot\u0159\u00e1s\u00e1 sv\u011btem online seznamov\u00e1n\u00ed. Aplikace umo\u017e\u0148uje u\u017eivatel\u016fm spojit se navz\u00e1jem pomoc\u00ed telefonn\u00edho hovoru, nikoli pouze prost\u0159ednictv\u00edm textov\u00fdch zpr\u00e1v. T\u00edmto zp\u016fsobem mohou u\u017eivatel\u00e9 skute\u010dn\u011b sly\u0161et hlasy ostatn\u00edch a z\u00edskat lep\u0161\u00ed p\u0159edstavu o tom, s k\u00fdm mluv\u00ed. Aplikace tak\u00e9 nab\u00edz\u00ed bezplatnou slu\u017ebu sexu po telefonu, tak\u017ee se u\u017eivatel\u00e9 mohou je\u0161t\u011b l\u00e9pe poznat. Aplikace je st\u00e1le v ran\u00fdch f\u00e1z\u00edch, ale ji\u017e ud\u011blala splash ve sv\u011bt\u011b online datov\u00e1n\u00ed.<\/p>\n<h3>FlirtHookup<\/h3>\n<p>Pokud hled\u00e1te zp\u016fsob, jak oko\u0159enit sv\u016fj sexu\u00e1ln\u00ed \u017eivot, nehledejte nic jin\u00e9ho ne\u017e FlirtHookup. Tato inovativn\u00ed nov\u00e1 aplikace v\u00e1m umo\u017en\u00ed spojit se s potenci\u00e1ln\u00edmi sexu\u00e1ln\u00edmi partnery ve va\u0161\u00ed oblasti a chatovat s nimi \u0161pinav\u011b, abyste mohli za\u010d\u00edt.<\/p>\n<p>Nejlep\u0161\u00ed na FlirtHookup je, \u017ee je zcela zdarma k pou\u017eit\u00ed. To znamen\u00e1, \u017ee m\u016f\u017eete chatovat s tolika lidmi, s kolika chcete, ani\u017e byste se museli ob\u00e1vat rozbit\u00ed banky.<\/p>\n<p>Tak\u017ee pokud hled\u00e1te n\u011bjakou horkou, \u0161pinavou z\u00e1bavu, st\u00e1hn\u011bte si FlirtHookup je\u0161t\u011b dnes a za\u010dn\u011bte zkoumat sv\u00e9 nejdivo\u010dej\u0161\u00ed fantazie.<\/p>\n<h3>Soulo\u017eit<\/h3>\n<p>Pokud hled\u00e1te novou seznamovac\u00ed aplikaci, kterou byste mohli vyzkou\u0161et, zva\u017ete Shag. Je to bezplatn\u00e1 aplikace, kter\u00e1 v\u00e1m umo\u017en\u00ed spojit se s potenci\u00e1ln\u00edmi shodami ve va\u0161\u00ed oblasti. Aplikace se snadno pou\u017e\u00edv\u00e1 a snadno se ovl\u00e1d\u00e1. Nav\u00edc je to skv\u011bl\u00fd zp\u016fsob, jak poznat nov\u00e9 lidi a nechat se polo\u017eit.<\/p>\n<p>Pokud jde o nalezen\u00ed p\u0159ipojen\u00ed, Shag je zp\u016fsob, jak j\u00edt. Aplikace je zdarma ke sta\u017een\u00ed a pou\u017eit\u00ed. Nav\u00edc se snadno pou\u017e\u00edv\u00e1 a naviguje. Potenci\u00e1ln\u00ed shody ve va\u0161\u00ed oblasti m\u016f\u017eete naj\u00edt rychle a snadno. Aplikace je nav\u00edc skv\u011bl\u00fd zp\u016fsob, jak se setkat s nov\u00fdmi lidmi a polo\u017eit se.<\/p>\n","protected":false},"excerpt":{"rendered":"<p>Pokud jde o p\u0159ipojen\u00ed, bezplatn\u00fd sex po telefonu m\u016f\u017ee b\u00fdt skv\u011bl\u00fd zp\u016fsob, jak za\u010d\u00edt. M\u016f\u017ee pomoci prolomit ledy a rozjet&hellip;<\/p>\n","protected":false},"author":1,"featured_media":0,"parent":0,"menu_order":0,"comment_status":"closed","ping_status":"closed","template":"","meta":[],"yoast_head":"<!-- This site is optimized with the Yoast SEO plugin v17.7.1 - https:\/\/yoast.com\/wordpress\/plugins\/seo\/ -->\n<title>Zdarma telefon Sex - Online Dating Roba<\/title>\n<meta name=\"robots\" content=\"index, follow, max-snippet:-1, max-image-preview:large, max-video-preview:-1\" \/>\n<link rel=\"canonical\" href=\"https:\/\/sushihiroba.co.uk\/cs\/zdarma-telefon-sex\/\" \/>\n<meta property=\"og:locale\" content=\"cs_CZ\" \/>\n<meta property=\"og:type\" content=\"article\" \/>\n<meta property=\"og:title\" content=\"Zdarma telefon Sex - Online Dating Roba\" \/>\n<meta property=\"og:description\" content=\"Pokud jde o p\u0159ipojen\u00ed, bezplatn\u00fd sex po telefonu m\u016f\u017ee b\u00fdt skv\u011bl\u00fd zp\u016fsob, jak za\u010d\u00edt. M\u016f\u017ee pomoci prolomit ledy a rozjet&hellip;\" \/>\n<meta property=\"og:url\" content=\"https:\/\/sushihiroba.co.uk\/cs\/zdarma-telefon-sex\/\" \/>\n<meta property=\"og:site_name\" content=\"Online Dating Roba\" \/>\n<meta name=\"twitter:card\" content=\"summary_large_image\" \/>\n<meta name=\"twitter:label1\" content=\"Odhadovan\u00e1 doba \u010dten\u00ed\" \/>\n\t<meta name=\"twitter:data1\" content=\"4 minuty\" \/>\n<script type=\"application\/ld+json\" class=\"yoast-schema-graph\">{\"@context\":\"https:\/\/schema.org\",\"@graph\":[{\"@type\":\"WebSite\",\"@id\":\"https:\/\/sushihiroba.co.uk\/cs\/#website\",\"url\":\"https:\/\/sushihiroba.co.uk\/cs\/\",\"name\":\"Online Dating Roba\",\"description\":\"Guide To Find Love\",\"potentialAction\":[{\"@type\":\"SearchAction\",\"target\":{\"@type\":\"EntryPoint\",\"urlTemplate\":\"https:\/\/sushihiroba.co.uk\/cs\/?s={search_term_string}\"},\"query-input\":\"required name=search_term_string\"}],\"inLanguage\":\"cs\"},{\"@type\":\"WebPage\",\"@id\":\"https:\/\/sushihiroba.co.uk\/cs\/zdarma-telefon-sex\/#webpage\",\"url\":\"https:\/\/sushihiroba.co.uk\/cs\/zdarma-telefon-sex\/\",\"name\":\"Zdarma telefon Sex - Online Dating Roba\",\"isPartOf\":{\"@id\":\"https:\/\/sushihiroba.co.uk\/cs\/#website\"},\"datePublished\":\"2022-10-10T11:12:51+00:00\",\"dateModified\":\"2022-10-10T11:12:51+00:00\",\"breadcrumb\":{\"@id\":\"https:\/\/sushihiroba.co.uk\/cs\/zdarma-telefon-sex\/#breadcrumb\"},\"inLanguage\":\"cs\",\"potentialAction\":[{\"@type\":\"ReadAction\",\"target\":[\"https:\/\/sushihiroba.co.uk\/cs\/zdarma-telefon-sex\/\"]}]},{\"@type\":\"BreadcrumbList\",\"@id\":\"https:\/\/sushihiroba.co.uk\/cs\/zdarma-telefon-sex\/#breadcrumb\",\"itemListElement\":[{\"@type\":\"ListItem\",\"position\":1,\"name\":\"Home\",\"item\":\"http:\/\/sushihiroba.co.uk\/cs\/\"},{\"@type\":\"ListItem\",\"position\":2,\"name\":\"Zdarma telefon Sex\"}]}]}<\/script>\n<!-- \/ Yoast SEO plugin. -->","yoast_head_json":{"title":"Zdarma telefon Sex - Online Dating Roba","robots":{"index":"index","follow":"follow","max-snippet":"max-snippet:-1","max-image-preview":"max-image-preview:large","max-video-preview":"max-video-preview:-1"},"canonical":"https:\/\/sushihiroba.co.uk\/cs\/zdarma-telefon-sex\/","og_locale":"cs_CZ","og_type":"article","og_title":"Zdarma telefon Sex - Online Dating Roba","og_description":"Pokud jde o p\u0159ipojen\u00ed, bezplatn\u00fd sex po telefonu m\u016f\u017ee b\u00fdt skv\u011bl\u00fd zp\u016fsob, jak za\u010d\u00edt. M\u016f\u017ee pomoci prolomit ledy a rozjet&hellip;","og_url":"https:\/\/sushihiroba.co.uk\/cs\/zdarma-telefon-sex\/","og_site_name":"Online Dating Roba","twitter_card":"summary_large_image","twitter_misc":{"Odhadovan\u00e1 doba \u010dten\u00ed":"4 minuty"},"schema":{"@context":"https:\/\/schema.org","@graph":[{"@type":"WebSite","@id":"https:\/\/sushihiroba.co.uk\/cs\/#website","url":"https:\/\/sushihiroba.co.uk\/cs\/","name":"Online Dating Roba","description":"Guide To Find Love","potentialAction":[{"@type":"SearchAction","target":{"@type":"EntryPoint","urlTemplate":"https:\/\/sushihiroba.co.uk\/cs\/?s={search_term_string}"},"query-input":"required name=search_term_string"}],"inLanguage":"cs"},{"@type":"WebPage","@id":"https:\/\/sushihiroba.co.uk\/cs\/zdarma-telefon-sex\/#webpage","url":"https:\/\/sushihiroba.co.uk\/cs\/zdarma-telefon-sex\/","name":"Zdarma telefon Sex - Online Dating Roba","isPartOf":{"@id":"https:\/\/sushihiroba.co.uk\/cs\/#website"},"datePublished":"2022-10-10T11:12:51+00:00","dateModified":"2022-10-10T11:12:51+00:00","breadcrumb":{"@id":"https:\/\/sushihiroba.co.uk\/cs\/zdarma-telefon-sex\/#breadcrumb"},"inLanguage":"cs","potentialAction":[{"@type":"ReadAction","target":["https:\/\/sushihiroba.co.uk\/cs\/zdarma-telefon-sex\/"]}]},{"@type":"BreadcrumbList","@id":"https:\/\/sushihiroba.co.uk\/cs\/zdarma-telefon-sex\/#breadcrumb","itemListElement":[{"@type":"ListItem","position":1,"name":"Home","item":"http:\/\/sushihiroba.co.uk\/cs\/"},{"@type":"ListItem","position":2,"name":"Zdarma telefon Sex"}]}]}},"_links":{"self":[{"href":"https:\/\/sushihiroba.co.uk\/cs\/wp-json\/wp\/v2\/pages\/162"}],"collection":[{"href":"https:\/\/sushihiroba.co.uk\/cs\/wp-json\/wp\/v2\/pages"}],"about":[{"href":"https:\/\/sushihiroba.co.uk\/cs\/wp-json\/wp\/v2\/types\/page"}],"author":[{"embeddable":true,"href":"https:\/\/sushihiroba.co.uk\/cs\/wp-json\/wp\/v2\/users\/1"}],"replies":[{"embeddable":true,"href":"https:\/\/sushihiroba.co.uk\/cs\/wp-json\/wp\/v2\/comments?post=162"}],"version-history":[{"count":0,"href":"https:\/\/sushihiroba.co.uk\/cs\/wp-json\/wp\/v2\/pages\/162\/revisions"}],"wp:attachment":[{"href":"https:\/\/sushihiroba.co.uk\/cs\/wp-json\/wp\/v2\/media?parent=162"}],"curies":[{"name":"wp","href":"https:\/\/api.w.org\/{rel}","templated":true}]}}