{"id":190,"date":"2022-10-10T11:37:20","date_gmt":"2022-10-10T10:37:20","guid":{"rendered":"http:\/\/sushihiroba.co.uk\/pruvodce-hledanim-dat-a-pripojenim-online\/"},"modified":"2022-11-28T12:56:40","modified_gmt":"2022-11-28T12:56:40","slug":"pruvodce-hledanim-dat-a-pripojenim-online","status":"publish","type":"page","link":"https:\/\/sushihiroba.co.uk\/cs\/","title":{"rendered":"Pr\u016fvodce hled\u00e1n\u00edm dat a p\u0159ipojen\u00edm online"},"content":{"rendered":"<p>Existuje spousta seznamovac\u00edch aplikac\u00ed, ale naj\u00edt ten, kter\u00fd si skute\u010dn\u011b u\u017e\u00edv\u00e1te, nen\u00ed v\u017edy snadn\u00e9. Mo\u017en\u00e1 si mysl\u00edte, \u017ee v\u00edte, co chcete, ale jakmile za\u010dnete chatovat s lidmi online, uv\u011bdom\u00edte si, \u017ee jste opravdu nepromysleli v\u011bci. Na\u0161t\u011bst\u00ed jsme v\u011bt\u0161inu pr\u00e1ce ud\u011blali za v\u00e1s.<\/p>\n<h2>Pro\u010d pou\u017e\u00edvat seznamovac\u00ed aplikaci?<\/h2>\n<p>Jedn\u00edm z d\u016fvod\u016f, pro\u010d jsou seznamovac\u00ed aplikace tak popul\u00e1rn\u00ed, je to, \u017ee n\u00e1m umo\u017e\u0148uj\u00ed spojit se s lidmi na z\u00e1klad\u011b na\u0161ich z\u00e1jm\u016f <a href=\"https:\/\/www.pornchatsites.net\/cs\/\">porno chat<\/a> &#8211; n\u011bco, co nen\u00ed v\u017edy mo\u017en\u00e9 osobn\u011b. Dal\u0161\u00ed v\u011bc, kter\u00e1 d\u011bl\u00e1 seznamovac\u00ed aplikace skv\u011bl\u00fdmi, je to, \u017ee n\u00e1m d\u00e1vaj\u00ed kontrolu nad t\u00edm, kolik informac\u00ed o sob\u011b chceme zve\u0159ejnit. Neexistuje \u017e\u00e1dn\u00fd tlak na to, abychom odhalili p\u0159\u00edli\u0161 mnoho o sob\u011b nebo o sv\u00e9m \u017eivot\u011b, a to n\u00e1m d\u00e1v\u00e1 svobodu skute\u010dn\u011b se otev\u0159\u00edt.<\/p>\n<p>Dal\u0161\u00ed v\u00fdhodou seznamovac\u00edch aplikac\u00ed je, \u017ee n\u00e1m pom\u00e1haj\u00ed vy\u0159adit ryb\u00ed kluky. V\u00edme, co hled\u00e1me u partnera, a obvykle m\u016f\u017eeme b\u011bhem n\u011bkolika sekund zjistit, zda je n\u011bkdo legitimn\u00ed nebo ne. Nav\u00edc mnoho seznamovac\u00edch web\u016f nab\u00edz\u00ed filtry, jako je um\u00edst\u011bn\u00ed, v\u011bkov\u00e9 rozmez\u00ed, n\u00e1bo\u017eenstv\u00ed, etnick\u00e1 p\u0159\u00edslu\u0161nost atd., Tak\u017ee m\u016f\u017eeme rychle z\u00fa\u017eit pole. Tak\u00e9 seznamovac\u00ed aplikace jsou pohodln\u00e9. Umo\u017e\u0148uj\u00ed n\u00e1m chatovat s lidmi, ani\u017e bychom se museli k n\u011b\u010demu zav\u00e1zat. To n\u00e1m umo\u017e\u0148uje otestovat vody a zjistit, zda bychom byli kompatibiln\u00ed, ne\u017e se zav\u00e1\u017eeme k \u00fapln\u00e9mu datu.<\/p>\n<p>Existuje mnoho r\u016fzn\u00fdch typ\u016f lid\u00ed, kte\u0159\u00ed hledaj\u00ed l\u00e1sku online. N\u011bkte\u0159\u00ed se cht\u011bj\u00ed s n\u011bk\u00fdm setkat osobn\u011b; jin\u00ed si cht\u011bj\u00ed jen popov\u00eddat. A n\u011bkte\u0159\u00ed se v\u016fbec nestaraj\u00ed o to, aby se s n\u011bk\u00fdm setkali. Tak\u017ee co d\u011bl\u00e1 jednu seznamovac\u00ed aplikaci lep\u0161\u00ed ne\u017e jinou? K testov\u00e1n\u00ed ka\u017ed\u00e9 aplikace jsme pou\u017eili vlastn\u00ed za\u0159\u00edzen\u00ed a zjistili jsme, \u017ee i kdy\u017e existuje spousta mo\u017enost\u00ed, n\u011bkter\u00e9 <a href=\"http:\/\/www.free-sex-games-no-credit-card.com\/cs\/\">pornohry<\/a> vy\u010dn\u00edvaj\u00ed nad ostatn\u00edmi. Zde je p\u011bt nejlep\u0161\u00edch seznamovac\u00edch aplikac\u00ed, kter\u00e9 m\u016f\u017eete pou\u017e\u00edt pr\u00e1v\u011b te\u010f.<\/p>\n<h2>Na\u0161e nejlep\u0161\u00ed recenze &#8211; Jak\u00e1 je va\u0161e nejlep\u0161\u00ed volba?<\/h2>\n<p>Hled\u00e1te l\u00e1sku nebo jen z\u00e1bavu? Existuje spousta seznamovac\u00edch aplikac\u00ed, ale kter\u00e9 z nich opravdu vy\u010dn\u00edvaj\u00ed z davu?<\/p>\n<p>Nyn\u00ed existuje v\u00edce ne\u017e 100 milion\u016f \u010dlen\u016f po cel\u00e9m sv\u011bt\u011b, kte\u0159\u00ed pou\u017e\u00edvaj\u00ed seznamovac\u00ed aplikace. N\u011bkter\u00e9 z nich zahrnuj\u00ed Tinder, Bumble, Happn, OkCupid, Grindr a PlentyOfFish.<\/p>\n<p>N\u011bkter\u00e9 z t\u011bchto aplikac\u00ed jsou zdarma, zat\u00edmco jin\u00e9 vy\u017eaduj\u00ed platbu. Volba je na v\u00e1s.<\/p>\n<h3>eHarmony<\/h3>\n<p>eHarmony je jednou z n\u011bkolika online seznamovac\u00edch aplikac\u00ed, kter\u00e9 se zam\u011b\u0159uj\u00ed v\u00fdhradn\u011b na hled\u00e1n\u00ed l\u00e1sky ve va\u0161em v\u011bkov\u00e9m rozmez\u00ed. Na rozd\u00edl od jin\u00fdch str\u00e1nek, jako je Match.com nebo OkCupid, se eHarmony zam\u011b\u0159uje na to, aby v\u00e1m pomohl naj\u00edt dlouhodob\u00fd vztah. eHarmony je ide\u00e1ln\u00ed pro ty, kte\u0159\u00ed hledaj\u00ed v\u00e1\u017en\u00e9 spojen\u00ed.<\/p>\n<p>Existuje mnoho r\u016fzn\u00fdch typ\u016f lid\u00ed, kte\u0159\u00ed pou\u017e\u00edvaj\u00ed eHarmony. Nap\u0159\u00edklad n\u011bkte\u0159\u00ed lid\u00e9 hledaj\u00ed p\u0159\u00edle\u017eitostn\u00fd flirt, zat\u00edmco jin\u00ed d\u00e1vaj\u00ed p\u0159ednost datov\u00e1n\u00ed s n\u011bk\u00fdm s podobn\u00fdmi hodnotami. Jin\u00ed jednotlivci hledaj\u00ed oddan\u00fd vztah, zat\u00edmco jin\u00ed se cht\u011bj\u00ed setkat s nov\u00fdmi lidmi.<\/p>\n<p>Krom\u011b toho, \u017ee eHarmony dok\u00e1\u017ee filtrovat potenci\u00e1ln\u00ed data na z\u00e1klad\u011b toho, jak\u00fd typ vztahu hledaj\u00ed, v\u00e1m <a href=\"http:\/\/www.nosignupporngames.net\/ro\/\">jocuri porno<\/a> pom\u016f\u017ee z\u00fa\u017eit va\u0161e mo\u017enosti na z\u00e1klad\u011b osobnostn\u00edch rys\u016f. Po vypln\u011bn\u00ed rozs\u00e1hl\u00e9ho dotazn\u00edku web vygeneruje podrobnou zpr\u00e1vu, kter\u00e1 uv\u00e1d\u00ed va\u0161e charakteristiky. Tyto informace v\u00e1m umo\u017en\u00ed zjistit, jak jste kompatibiln\u00ed s jinou osobou. Pot\u00e9 si m\u016f\u017eete zvolit, zda chcete pokra\u010dovat v komunikaci s jednotlivcem.<\/p>\n<h3>  Z\u00e1v\u011bs<\/h3>\n<p>Hinge je jednou z t\u011bch aplikac\u00ed, kter\u00e9 maj\u00ed pocit, \u017ee byly navr\u017eeny speci\u00e1ln\u011b pro datov\u00e1n\u00ed. Aplikace vyu\u017e\u00edv\u00e1 um\u011blou inteligenci, kter\u00e1 v\u00e1m pom\u016f\u017ee naj\u00edt lidi na z\u00e1klad\u011b spole\u010dn\u00fdch z\u00e1jm\u016f a spole\u010dn\u00fdch rys\u016f. Ale i kdy\u017e je to zdarma, Hinge nab\u00edz\u00ed placen\u00e9 funkce, kter\u00e9 v\u00e1m umo\u017en\u00ed rychleji p\u0159ejet prstem a vid\u011bt m\u00e9n\u011b profil\u016f za den.<\/p>\n<p>Aplikace nab\u00edz\u00ed t\u0159i r\u016fzn\u00e9 zp\u016fsoby interakce s potenci\u00e1ln\u00edmi daty: P\u0159eje\u010fte prstem doprava, p\u0159eje\u010fte doleva a To se mi l\u00edb\u00ed\/Nel\u00edb\u00ed se mi. Pokud chcete, aby se z\u00e1pas uskute\u010dnil, mus\u00edte si aktivn\u011b vybrat, co chcete \u0159\u00edct. M\u016f\u017eete bu\u010f n\u011bco napsat, nebo pou\u017e\u00edt p\u0159edem napsan\u00e9 odpov\u011bdi.<\/p>\n<p>Pokud se rozhodnete n\u011bco napsat, m\u016f\u017eete vybrat p\u011bt t\u00e9mat, o kter\u00fdch chcete diskutovat s va\u0161\u00edm datem. Pat\u0159\u00ed mezi n\u011b v\u011bci jako cestov\u00e1n\u00ed, j\u00eddlo, knihy, filmy, hudba a sport. Po v\u00fdb\u011bru t\u00e9matu m\u016f\u017eete p\u0159id\u00e1n\u00edm n\u011bkolika kl\u00ed\u010dov\u00fdch slov vyhled\u00e1v\u00e1n\u00ed z\u00fa\u017eit. Nap\u0159\u00edklad bych mohl hledat lidi, kte\u0159\u00ed maj\u00ed z\u00e1jem o cestov\u00e1n\u00ed do New Yorku. Pak mohu omezit sv\u00e9 hled\u00e1n\u00ed na lidi do 50 mil od Manhattanu <a href=\"https:\/\/wank.io\/cs\/porno-hry-zdarma-bez-kreditni-karty\/\">sex hry zdarma<\/a>. Neexistuj\u00ed \u017e\u00e1dn\u00e1 omezen\u00ed m\u00edsta, kde \u017eijete, ale nem\u016f\u017eete omezit vyhled\u00e1v\u00e1n\u00ed na ur\u010dit\u00e9 st\u00e1ty nebo zem\u011b.<\/p>\n<p>Shody m\u016f\u017eete tak\u00e9 filtrovat podle v\u011bku, pohlav\u00ed, rodinn\u00e9ho stavu a lokality. D\u00edky tomu je hled\u00e1n\u00ed kompatibiln\u00edch partner\u016f mnohem jednodu\u0161\u0161\u00ed.<\/p>\n<h3>  Troud<\/h3>\n<p>Tinder je nejobl\u00edben\u011bj\u0161\u00ed seznamovac\u00ed aplikace mezi mileni\u00e1ly. A zat\u00edmco mnoho mlad\u00fdch dosp\u011bl\u00fdch rychle odm\u00edt\u00e1 aplikaci jako zp\u016fsob, jak se setkat s ciz\u00edmi lidmi pro p\u0159\u00edle\u017eitostn\u00fd sex, ve skute\u010dnosti existuj\u00ed n\u011bkter\u00e9 legitimn\u00ed d\u016fvody, pro\u010d by to mohlo st\u00e1t za to se pod\u00edvat.<\/p>\n<p>Aplikace je velmi jednoduch\u00e1 a je zdarma. Jednodu\u0161e p\u0159ejedete prstem doleva nebo doprava na profilech podle toho, zda se v\u00e1m dan\u00e1 osoba l\u00edb\u00ed nebo ne. Pokud se m\u00e1te r\u00e1di, uvid\u00edte si navz\u00e1jem informace o profilu &#8211; v\u010detn\u011b toho, kde pracuj\u00ed, jak\u00e9 jsou jejich kon\u00ed\u010dky a dokonce i jejich obl\u00edben\u00e9 kapely.<\/p>\n<p>Ale proto\u017ee Tinder nen\u00ed opravdu navr\u017een pro dlouhodob\u00e9 vztahy, je nejvhodn\u011bj\u0161\u00ed pro setk\u00e1n\u00ed s p\u0159\u00e1teli a z\u00e1bavu. P\u0159esto je mo\u017en\u00e9 naj\u00edt partnera i zde.<\/p>\n<h3>Zmaten\u00e9 chov\u00e1n\u00ed<\/h3>\n<p>Pokud hled\u00e1te seznamovac\u00ed aplikaci, kde jsou mu\u017ei nuceni ud\u011blat prvn\u00ed krok, nehledejte nic jin\u00e9ho ne\u017e Bumble. Seznamovac\u00ed aplikace, kter\u00e1 byla spu\u0161t\u011bna v roce 2013, je v podstat\u011b Tinder pro \u017eeny. Pokud j\u00ed kluci nepo\u0161lou zpr\u00e1vu do 24 hodin, dostane se do kontaktu s jin\u00fdm mu\u017eem. A pokud neodpov\u00ed do 24 hodin, ztrat\u00ed \u0161anci.<\/p>\n<p>My\u0161lenka aplikace je jednoduch\u00e1: povzbuzuje \u017eeny k zah\u00e1jen\u00ed kontaktu a d\u00e1v\u00e1 mu\u017e\u016fm men\u0161\u00ed kontrolu nad procesem. Ale to, co d\u011bl\u00e1 Bumble jedine\u010dn\u00fdm, je to, jak nut\u00ed mu\u017ee \u010dekat, zat\u00edmco se \u017eeny rozhoduj\u00ed, zda s n\u00edm cht\u011bj\u00ed mluvit.<\/p>\n<p>Po spu\u0161t\u011bn\u00ed v roce 2013 se Bumble rychle stal popul\u00e1rn\u00edm mezi mlad\u00fdmi dosp\u011bl\u00fdmi. Ve skute\u010dnosti se aplikace m\u016f\u017ee pochlubit t\u00e9m\u011b\u0159 20 miliony aktivn\u00edch u\u017eivatel\u016f m\u011bs\u00ed\u010dn\u011b, co\u017e z n\u00ed \u010din\u00ed druhou nejpou\u017e\u00edvan\u011bj\u0161\u00ed datovac\u00ed aplikaci na sv\u011bt\u011b.<\/p>\n<h3>K\u00e1va se setk\u00e1v\u00e1 s Bagelem<\/h3>\n<p>Nejnov\u011bj\u0161\u00ed seznamovac\u00ed aplikace, kter\u00e1 se dostala na trh, se naz\u00fdv\u00e1 Coffee Meets Bagel. Zat\u00edmco tam je spousta mo\u017enost\u00ed, Coffee Meets Bagle bere v\u011bci jin\u00fdm sm\u011brem. M\u00edsto toho, aby u\u017eivatel\u00e9 p\u0159ej\u00ed\u017ed\u011bli prstem doleva nebo doprava, pou\u017e\u00edv\u00e1 jinou metodu, kdy se ob\u011b strany mus\u00ed p\u0159ed z\u00e1pasem navz\u00e1jem schv\u00e1lit.<\/p>\n<p>I kdy\u017e to teoreticky zn\u00ed skv\u011ble, znamen\u00e1 to, \u017ee jste omezeni na chatov\u00e1n\u00ed s lidmi do sedmi dn\u016f. To by mohlo v\u00e9st k n\u011bkter\u00fdm nep\u0159\u00edjemn\u00fdm konverzac\u00edm, kdy\u017e se sna\u017e\u00edte naj\u00edt n\u011bkoho, kdo sd\u00edl\u00ed va\u0161e z\u00e1jmy.<\/p>\n<p>Krom\u011b sedmidenn\u00edho okna nen\u00ed profilov\u00e1 sekce Coffee Meets Bagles p\u0159esn\u011b to, co byste nazvali d\u016fkladnou. Neexistuje \u017e\u00e1dn\u00fd zp\u016fsob, jak zjistit, kolik lajk\u016f \u010dlov\u011bk obdr\u017eel nebo jak\u00e9 jsou jeho obl\u00edben\u00e9 filmy nebo televizn\u00ed po\u0159ady. Dobrou zpr\u00e1vou v\u0161ak je, \u017ee web poskytuje rozs\u00e1hl\u00e9 informace o potenci\u00e1ln\u00edch shod\u00e1ch. Dozv\u00edte se v\u0161e od toho, zda byli svobodn\u00ed nebo se \u00fa\u010dastnili online vztah\u016f, a\u017e po jejich v\u011bkov\u00e9 rozmez\u00ed.<\/p>\n<h3>Z\u00e1v\u011bre\u010dn\u00e9 my\u0161lenky<\/h3>\n<p>Z\u00e1v\u011brem, pokud hled\u00e1te dobrou online seznamku s velkou datab\u00e1z\u00ed, pak je Tinder tou nejlep\u0161\u00ed volbou. Webov\u00e1 str\u00e1nka nab\u00edz\u00ed \u0161irokou \u0161k\u00e1lu funkc\u00ed, jako jsou chatovac\u00ed m\u00edstnosti, videochat z webov\u00e9 kamery, e-mail, instant messaging, f\u00f3ra, blogy atd. Pokud hled\u00e1te bezplatnou seznamku nebo placenou seznamku, m\u016f\u017eete vyzkou\u0161et ob\u011b str\u00e1nky. Najdete mnoho lid\u00ed, kte\u0159\u00ed se cht\u011bj\u00ed p\u0159ipojit a polo\u017eit.<\/p>\n<p>T\u00edm, \u017ee se budete \u0159\u00eddit na\u0161imi radami, douf\u00e1me, \u017ee najdete to, co pot\u0159ebujete, a u\u017eijete si zdrav\u00fd z\u00e1\u017eitek ze seznamov\u00e1n\u00ed.<\/p>\n","protected":false},"excerpt":{"rendered":"<p>Existuje spousta seznamovac\u00edch aplikac\u00ed, ale naj\u00edt ten, kter\u00fd si skute\u010dn\u011b u\u017e\u00edv\u00e1te, nen\u00ed v\u017edy snadn\u00e9. Mo\u017en\u00e1 si mysl\u00edte, \u017ee v\u00edte, co&hellip;<\/p>\n","protected":false},"author":1,"featured_media":115,"parent":0,"menu_order":0,"comment_status":"closed","ping_status":"closed","template":"","meta":[],"yoast_head":"<!-- This site is optimized with the Yoast SEO plugin v17.7.1 - https:\/\/yoast.com\/wordpress\/plugins\/seo\/ -->\n<title>Pr\u016fvodce hled\u00e1n\u00edm dat a p\u0159ipojen\u00edm online - Online Dating Roba<\/title>\n<meta name=\"robots\" content=\"index, follow, max-snippet:-1, max-image-preview:large, max-video-preview:-1\" \/>\n<link rel=\"canonical\" href=\"https:\/\/sushihiroba.co.uk\/cs\/\" \/>\n<meta property=\"og:locale\" content=\"cs_CZ\" \/>\n<meta property=\"og:type\" content=\"article\" \/>\n<meta property=\"og:title\" content=\"Pr\u016fvodce hled\u00e1n\u00edm dat a p\u0159ipojen\u00edm online - Online Dating Roba\" \/>\n<meta property=\"og:description\" content=\"Existuje spousta seznamovac\u00edch aplikac\u00ed, ale naj\u00edt ten, kter\u00fd si skute\u010dn\u011b u\u017e\u00edv\u00e1te, nen\u00ed v\u017edy snadn\u00e9. Mo\u017en\u00e1 si mysl\u00edte, \u017ee v\u00edte, co&hellip;\" \/>\n<meta property=\"og:url\" content=\"https:\/\/sushihiroba.co.uk\/cs\/\" \/>\n<meta property=\"og:site_name\" content=\"Online Dating Roba\" \/>\n<meta property=\"article:modified_time\" content=\"2022-11-28T12:56:40+00:00\" \/>\n<meta property=\"og:image\" content=\"https:\/\/sushihiroba.co.uk\/wp-content\/uploads\/2022\/10\/local-dating-apps-for-singles.jpeg\" \/>\n\t<meta property=\"og:image:width\" content=\"500\" \/>\n\t<meta property=\"og:image:height\" content=\"333\" \/>\n<meta name=\"twitter:card\" content=\"summary_large_image\" \/>\n<meta name=\"twitter:label1\" content=\"Odhadovan\u00e1 doba \u010dten\u00ed\" \/>\n\t<meta name=\"twitter:data1\" content=\"8 minut\" \/>\n<script type=\"application\/ld+json\" class=\"yoast-schema-graph\">{\"@context\":\"https:\/\/schema.org\",\"@graph\":[{\"@type\":\"WebSite\",\"@id\":\"https:\/\/sushihiroba.co.uk\/cs\/#website\",\"url\":\"https:\/\/sushihiroba.co.uk\/cs\/\",\"name\":\"Online Dating Roba\",\"description\":\"Guide To Find Love\",\"potentialAction\":[{\"@type\":\"SearchAction\",\"target\":{\"@type\":\"EntryPoint\",\"urlTemplate\":\"https:\/\/sushihiroba.co.uk\/cs\/?s={search_term_string}\"},\"query-input\":\"required name=search_term_string\"}],\"inLanguage\":\"cs\"},{\"@type\":\"ImageObject\",\"@id\":\"https:\/\/sushihiroba.co.uk\/cs\/#primaryimage\",\"inLanguage\":\"cs\",\"url\":\"https:\/\/sushihiroba.co.uk\/wp-content\/uploads\/2022\/10\/local-dating-apps-for-singles.jpeg\",\"contentUrl\":\"https:\/\/sushihiroba.co.uk\/wp-content\/uploads\/2022\/10\/local-dating-apps-for-singles.jpeg\",\"width\":500,\"height\":333},{\"@type\":\"WebPage\",\"@id\":\"https:\/\/sushihiroba.co.uk\/cs\/#webpage\",\"url\":\"https:\/\/sushihiroba.co.uk\/cs\/\",\"name\":\"Pr\\u016fvodce hled\\u00e1n\\u00edm dat a p\\u0159ipojen\\u00edm online - Online Dating Roba\",\"isPartOf\":{\"@id\":\"https:\/\/sushihiroba.co.uk\/cs\/#website\"},\"primaryImageOfPage\":{\"@id\":\"https:\/\/sushihiroba.co.uk\/cs\/#primaryimage\"},\"datePublished\":\"2022-10-10T10:37:20+00:00\",\"dateModified\":\"2022-11-28T12:56:40+00:00\",\"breadcrumb\":{\"@id\":\"https:\/\/sushihiroba.co.uk\/cs\/#breadcrumb\"},\"inLanguage\":\"cs\",\"potentialAction\":[{\"@type\":\"ReadAction\",\"target\":[\"https:\/\/sushihiroba.co.uk\/cs\/\"]}]},{\"@type\":\"BreadcrumbList\",\"@id\":\"https:\/\/sushihiroba.co.uk\/cs\/#breadcrumb\",\"itemListElement\":[{\"@type\":\"ListItem\",\"position\":1,\"name\":\"Home\",\"item\":\"https:\/\/sushihiroba.co.uk\/cs\/\"},{\"@type\":\"ListItem\",\"position\":2,\"name\":\"Pr\\u016fvodce hled\\u00e1n\\u00edm dat a p\\u0159ipojen\\u00edm online\"}]}]}<\/script>\n<!-- \/ Yoast SEO plugin. -->","yoast_head_json":{"title":"Pr\u016fvodce hled\u00e1n\u00edm dat a p\u0159ipojen\u00edm online - Online Dating Roba","robots":{"index":"index","follow":"follow","max-snippet":"max-snippet:-1","max-image-preview":"max-image-preview:large","max-video-preview":"max-video-preview:-1"},"canonical":"https:\/\/sushihiroba.co.uk\/cs\/","og_locale":"cs_CZ","og_type":"article","og_title":"Pr\u016fvodce hled\u00e1n\u00edm dat a p\u0159ipojen\u00edm online - Online Dating Roba","og_description":"Existuje spousta seznamovac\u00edch aplikac\u00ed, ale naj\u00edt ten, kter\u00fd si skute\u010dn\u011b u\u017e\u00edv\u00e1te, nen\u00ed v\u017edy snadn\u00e9. Mo\u017en\u00e1 si mysl\u00edte, \u017ee v\u00edte, co&hellip;","og_url":"https:\/\/sushihiroba.co.uk\/cs\/","og_site_name":"Online Dating Roba","article_modified_time":"2022-11-28T12:56:40+00:00","og_image":[{"width":500,"height":333,"url":"https:\/\/sushihiroba.co.uk\/wp-content\/uploads\/2022\/10\/local-dating-apps-for-singles.jpeg","type":"image\/jpeg"}],"twitter_card":"summary_large_image","twitter_misc":{"Odhadovan\u00e1 doba \u010dten\u00ed":"8 minut"},"schema":{"@context":"https:\/\/schema.org","@graph":[{"@type":"WebSite","@id":"https:\/\/sushihiroba.co.uk\/cs\/#website","url":"https:\/\/sushihiroba.co.uk\/cs\/","name":"Online Dating Roba","description":"Guide To Find Love","potentialAction":[{"@type":"SearchAction","target":{"@type":"EntryPoint","urlTemplate":"https:\/\/sushihiroba.co.uk\/cs\/?s={search_term_string}"},"query-input":"required name=search_term_string"}],"inLanguage":"cs"},{"@type":"ImageObject","@id":"https:\/\/sushihiroba.co.uk\/cs\/#primaryimage","inLanguage":"cs","url":"https:\/\/sushihiroba.co.uk\/wp-content\/uploads\/2022\/10\/local-dating-apps-for-singles.jpeg","contentUrl":"https:\/\/sushihiroba.co.uk\/wp-content\/uploads\/2022\/10\/local-dating-apps-for-singles.jpeg","width":500,"height":333},{"@type":"WebPage","@id":"https:\/\/sushihiroba.co.uk\/cs\/#webpage","url":"https:\/\/sushihiroba.co.uk\/cs\/","name":"Pr\u016fvodce hled\u00e1n\u00edm dat a p\u0159ipojen\u00edm online - Online Dating Roba","isPartOf":{"@id":"https:\/\/sushihiroba.co.uk\/cs\/#website"},"primaryImageOfPage":{"@id":"https:\/\/sushihiroba.co.uk\/cs\/#primaryimage"},"datePublished":"2022-10-10T10:37:20+00:00","dateModified":"2022-11-28T12:56:40+00:00","breadcrumb":{"@id":"https:\/\/sushihiroba.co.uk\/cs\/#breadcrumb"},"inLanguage":"cs","potentialAction":[{"@type":"ReadAction","target":["https:\/\/sushihiroba.co.uk\/cs\/"]}]},{"@type":"BreadcrumbList","@id":"https:\/\/sushihiroba.co.uk\/cs\/#breadcrumb","itemListElement":[{"@type":"ListItem","position":1,"name":"Home","item":"https:\/\/sushihiroba.co.uk\/cs\/"},{"@type":"ListItem","position":2,"name":"Pr\u016fvodce hled\u00e1n\u00edm dat a p\u0159ipojen\u00edm online"}]}]}},"_links":{"self":[{"href":"https:\/\/sushihiroba.co.uk\/cs\/wp-json\/wp\/v2\/pages\/190"}],"collection":[{"href":"https:\/\/sushihiroba.co.uk\/cs\/wp-json\/wp\/v2\/pages"}],"about":[{"href":"https:\/\/sushihiroba.co.uk\/cs\/wp-json\/wp\/v2\/types\/page"}],"author":[{"embeddable":true,"href":"https:\/\/sushihiroba.co.uk\/cs\/wp-json\/wp\/v2\/users\/1"}],"replies":[{"embeddable":true,"href":"https:\/\/sushihiroba.co.uk\/cs\/wp-json\/wp\/v2\/comments?post=190"}],"version-history":[{"count":1,"href":"https:\/\/sushihiroba.co.uk\/cs\/wp-json\/wp\/v2\/pages\/190\/revisions"}],"predecessor-version":[{"id":353,"href":"https:\/\/sushihiroba.co.uk\/cs\/wp-json\/wp\/v2\/pages\/190\/revisions\/353"}],"wp:featuredmedia":[{"embeddable":true,"href":"https:\/\/sushihiroba.co.uk\/cs\/wp-json\/wp\/v2\/media\/115"}],"wp:attachment":[{"href":"https:\/\/sushihiroba.co.uk\/cs\/wp-json\/wp\/v2\/media?parent=190"}],"curies":[{"name":"wp","href":"https:\/\/api.w.org\/{rel}","templated":true}]}}