{"id":194,"date":"2022-10-10T12:13:28","date_gmt":"2022-10-10T11:13:28","guid":{"rendered":"http:\/\/sushihiroba.co.uk\/milf-sex-chat\/"},"modified":"2022-10-10T12:13:28","modified_gmt":"2022-10-10T11:13:28","slug":"milf-sex-chat","status":"publish","type":"page","link":"https:\/\/sushihiroba.co.uk\/cs\/milf-sex-chat\/","title":{"rendered":"MILF Sex Chat"},"content":{"rendered":"<p>Existuje spousta skv\u011bl\u00fdch bezplatn\u00fdch <a href=\"http:\/\/sushihiroba.co.uk\/fetish-chat-rooms\/\">milf chatovac\u00edch str\u00e1nek<\/a> , kter\u00e9 v\u00e1m pomohou spojit se se star\u0161\u00edmi \u017eenami, kter\u00e9 hledaj\u00ed fling. V\u0161e, co mus\u00edte ud\u011blat, je naj\u00edt web, kter\u00fd se v\u00e1m l\u00edb\u00ed, vytvo\u0159it profil a za\u010d\u00edt chatovat. Budete p\u0159ekvapeni, jak snadn\u00e9 je spojit se s n\u011bk\u00fdm zvl\u00e1\u0161tn\u00edm. Prost\u011b bu\u010fte sami sebou a bavte se.<\/p>\n<h2>Chat s Milfs<\/h2>\n<p>Pokud chcete chatovat s milfs, pak existuje n\u011bkolik v\u011bc\u00ed, kter\u00e9 byste m\u011bli m\u00edt na pam\u011bti. Za prv\u00e9, bu\u010fte uctiv\u00ed. Jedn\u00e1 se o d\u00e1my, kter\u00e9 jsou obvykle star\u0161\u00ed ne\u017e vy, tak\u017ee je d\u016fle\u017eit\u00e9 b\u00fdt gentlemanem. Za druh\u00e9, bu\u010fte zaj\u00edmav\u00ed. Ptejte se, sd\u00edlejte p\u0159\u00edb\u011bhy a bu\u010fte poutav\u00ed. Za t\u0159et\u00ed, nebu\u010fte cti\u017e\u00e1dostiv\u00ed. Tyto d\u00e1my hledaj\u00ed n\u011bkoho, s k\u00fdm by si mohly popov\u00eddat, ne n\u011bkoho, s k\u00fdm by mohly chodit, tak\u017ee se je nesna\u017ete do ni\u010deho tla\u010dit. Jen se uvoln\u011bte, bavte se a u\u017eijte si konverzaci.<\/p>\n<h2>Promluvte si s Milfsem<\/h2>\n<p>Ned\u00e1vno jsem mluvil s n\u011bkolika milfy a oni \u0159\u00edkali, jak t\u011b\u017ek\u00e9 je v t\u011bchto dnech naj\u00edt l\u00e1sku. \u0158\u00edkali, \u017ee jsou u\u017e n\u011bjakou dobu svobodn\u00ed a nem\u011bli moc \u0161t\u011bst\u00ed. \u0158ekli, \u017ee vyzkou\u0161eli online seznamov\u00e1n\u00ed, ale pro n\u011b to nefungovalo dob\u0159e. \u0158\u00edkali, \u017ee za\u010d\u00ednaj\u00ed m\u00edt pocit, \u017ee jsou p\u0159\u00edli\u0161 sta\u0159\u00ed na to, aby na\u0161li l\u00e1sku. \u0158ekl jsem jim, \u017ee nikdy nejsou p\u0159\u00edli\u0161 sta\u0159\u00ed na to, aby na\u0161li l\u00e1sku a \u017ee prost\u011b mus\u00ed hledat d\u00e1l. \u0158ekl jsem jim, \u017ee by m\u011bli zkusit j\u00edt na n\u011bjak\u00e9 singlov\u00e9 akce nebo kluby. Mysl\u00edm, \u017ee pokud budou hledat d\u00e1l, najdou l\u00e1sku.<\/p>\n<p>Nen\u00ed nic lep\u0161\u00edho ne\u017e m\u00edt sex s MILF. Jsou zku\u0161en\u00ed, v\u011bd\u00ed, co d\u011blaj\u00ed, a neboj\u00ed se p\u0159evz\u00edt veden\u00ed. To je d\u016fvod, pro\u010d MILF sex chat je tak popul\u00e1rn\u00ed. Je to skv\u011bl\u00fd zp\u016fsob, jak se spojit se star\u0161\u00edmi \u017eenami, kter\u00e9 v\u011bd\u00ed, co cht\u011bj\u00ed, a neboj\u00ed se j\u00edt za t\u00edm.<\/p>\n<p>Pokud se chcete dostat do sexu\u00e1ln\u00edho chatu MILF, nejlep\u0161\u00edm m\u00edstem, kde za\u010d\u00edt, je naj\u00edt chatovac\u00ed m\u00edstnost, kter\u00e1 je speci\u00e1ln\u011b pro star\u0161\u00ed \u017eeny. T\u00edmto zp\u016fsobem budete moci naj\u00edt \u017eeny, kter\u00e9 konkr\u00e9tn\u011b hledaj\u00ed mlad\u0161\u00ed mu\u017ee, se kter\u00fdmi si m\u016f\u017eete pov\u00eddat. Jakmile najdete chatovac\u00ed m\u00edstnost, kter\u00e1 vyhovuje va\u0161im pot\u0159eb\u00e1m, v\u0161e, co mus\u00edte ud\u011blat, je zaregistrovat se a za\u010d\u00edt chatovat. Je to tak jednoduch\u00e9. Pokud chcete v\u011bci posunout na dal\u0161\u00ed \u00farove\u0148, m\u016f\u017eete dokonce vyzkou\u0161et videochat. To je skv\u011bl\u00fd zp\u016fsob, jak n\u011bkoho opravdu poznat a zjistit, zda existuje sexu\u00e1ln\u00ed spojen\u00ed. Nezapome\u0148te b\u00fdt uctiv\u00ed a dodr\u017eovat pravidla a ur\u010dit\u011b se budete skv\u011ble bavit.<\/p>\n<h3>Troud<\/h3>\n<p>Tinder je popul\u00e1rn\u00ed seznamovac\u00ed aplikace, kter\u00e1 umo\u017e\u0148uje u\u017eivatel\u016fm p\u0159ejet prstem doprava nebo doleva a uv\u00e9st sv\u016fj z\u00e1jem o jin\u00e9ho u\u017eivatele. Pokud dva u\u017eivatel\u00e9 p\u0159ejednou prstem doprava na profily toho druh\u00e9ho, mohou chatovat a potenci\u00e1ln\u011b se setkat osobn\u011b.<\/p>\n<p>Tinder je obecn\u011b pova\u017eov\u00e1n za bezpe\u010dn\u00fd a snadn\u00fd zp\u016fsob, jak se setkat s lidmi, i kdy\u017e existuj\u00ed zpr\u00e1vy o fale\u0161n\u00fdch profilech a podvodn\u00fdch um\u011blc\u00edch. Celkov\u011b je Tinder popul\u00e1rn\u00ed a pohodln\u00fd zp\u016fsob, jak se setkat s nov\u00fdmi lidmi, a je zvl\u00e1\u0161t\u011b vhodn\u00fd pro ty, kte\u0159\u00ed hledaj\u00ed rychl\u00e9 p\u0159ipojen\u00ed nebo p\u0159\u00edle\u017eitostn\u00fd vztah.<\/p>\n<h3>BookOfSext<\/h3>\n<p>Pokud hled\u00e1te milf chatovac\u00ed str\u00e1nky, kter\u00e9 jsou zdarma a snadno pou\u017eiteln\u00e9, BookOfSext je skv\u011bl\u00e1 volba. M\u00edsto m\u00e1 \u010dist\u00fd, modern\u00ed design a je snadn\u00e9 naj\u00edt a chatovat s milfs. Existuje tak\u00e9 mnoho funkc\u00ed, jako je mo\u017enost odes\u00edlat soukrom\u00e9 zpr\u00e1vy, a web je k dispozici ve v\u00edce jazyc\u00edch. Existuje v\u0161ak n\u011bkolik nev\u00fdhod. Nap\u0159\u00edklad web nem\u00e1 mnoho u\u017eivatel\u016f a nen\u00ed k dispozici ve v\u0161ech zem\u00edch.<\/p>\n<h3>Dvojit\u00fd seznam<\/h3>\n<p>Pokud hled\u00e1te bezplatn\u00fd milf chat, pak byste se m\u011bli ur\u010dit\u011b pod\u00edvat na DoubleList. M\u00edsto m\u00e1 velk\u00fd v\u00fdb\u011br chatovac\u00edch m\u00edstnost\u00ed a m\u016f\u017eete si dokonce vytvo\u0159it vlastn\u00ed chatovac\u00ed m\u00edstnost, pokud chcete. Existuje tak\u00e9 mnoho funkc\u00ed, kter\u00e9 m\u016f\u017eete pou\u017e\u00edt k tomu, aby byl v\u00e1\u0161 z\u00e1\u017eitek z chatu p\u0159\u00edjemn\u011bj\u0161\u00ed, jako je mo\u017enost pos\u00edlat soukrom\u00e9 zpr\u00e1vy nebo dokonce uskute\u010d\u0148ovat videohovory. Celkov\u011b je DoubleList skv\u011bl\u00fd chatovac\u00ed web a rozhodn\u011b stoj\u00ed za to se pod\u00edvat, pokud hled\u00e1te bezplatn\u00fd chatovac\u00ed web milf.<\/p>\n","protected":false},"excerpt":{"rendered":"<p>Existuje spousta skv\u011bl\u00fdch bezplatn\u00fdch milf chatovac\u00edch str\u00e1nek , kter\u00e9 v\u00e1m pomohou spojit se se star\u0161\u00edmi \u017eenami, kter\u00e9 hledaj\u00ed fling. V\u0161e,&hellip;<\/p>\n","protected":false},"author":1,"featured_media":0,"parent":0,"menu_order":0,"comment_status":"closed","ping_status":"closed","template":"","meta":[],"yoast_head":"<!-- This site is optimized with the Yoast SEO plugin v17.7.1 - https:\/\/yoast.com\/wordpress\/plugins\/seo\/ -->\n<title>MILF Sex Chat - Online Dating Roba<\/title>\n<meta name=\"robots\" content=\"index, follow, max-snippet:-1, max-image-preview:large, max-video-preview:-1\" \/>\n<link rel=\"canonical\" href=\"https:\/\/sushihiroba.co.uk\/cs\/milf-sex-chat\/\" \/>\n<meta property=\"og:locale\" content=\"cs_CZ\" \/>\n<meta property=\"og:type\" content=\"article\" \/>\n<meta property=\"og:title\" content=\"MILF Sex Chat - Online Dating Roba\" \/>\n<meta property=\"og:description\" content=\"Existuje spousta skv\u011bl\u00fdch bezplatn\u00fdch milf chatovac\u00edch str\u00e1nek , kter\u00e9 v\u00e1m pomohou spojit se se star\u0161\u00edmi \u017eenami, kter\u00e9 hledaj\u00ed fling. V\u0161e,&hellip;\" \/>\n<meta property=\"og:url\" content=\"https:\/\/sushihiroba.co.uk\/cs\/milf-sex-chat\/\" \/>\n<meta property=\"og:site_name\" content=\"Online Dating Roba\" \/>\n<meta name=\"twitter:card\" content=\"summary_large_image\" \/>\n<meta name=\"twitter:label1\" content=\"Odhadovan\u00e1 doba \u010dten\u00ed\" \/>\n\t<meta name=\"twitter:data1\" content=\"4 minuty\" \/>\n<script type=\"application\/ld+json\" class=\"yoast-schema-graph\">{\"@context\":\"https:\/\/schema.org\",\"@graph\":[{\"@type\":\"WebSite\",\"@id\":\"https:\/\/sushihiroba.co.uk\/cs\/#website\",\"url\":\"https:\/\/sushihiroba.co.uk\/cs\/\",\"name\":\"Online Dating Roba\",\"description\":\"Guide To Find Love\",\"potentialAction\":[{\"@type\":\"SearchAction\",\"target\":{\"@type\":\"EntryPoint\",\"urlTemplate\":\"https:\/\/sushihiroba.co.uk\/cs\/?s={search_term_string}\"},\"query-input\":\"required name=search_term_string\"}],\"inLanguage\":\"cs\"},{\"@type\":\"WebPage\",\"@id\":\"https:\/\/sushihiroba.co.uk\/cs\/milf-sex-chat\/#webpage\",\"url\":\"https:\/\/sushihiroba.co.uk\/cs\/milf-sex-chat\/\",\"name\":\"MILF Sex Chat - Online Dating Roba\",\"isPartOf\":{\"@id\":\"https:\/\/sushihiroba.co.uk\/cs\/#website\"},\"datePublished\":\"2022-10-10T11:13:28+00:00\",\"dateModified\":\"2022-10-10T11:13:28+00:00\",\"breadcrumb\":{\"@id\":\"https:\/\/sushihiroba.co.uk\/cs\/milf-sex-chat\/#breadcrumb\"},\"inLanguage\":\"cs\",\"potentialAction\":[{\"@type\":\"ReadAction\",\"target\":[\"https:\/\/sushihiroba.co.uk\/cs\/milf-sex-chat\/\"]}]},{\"@type\":\"BreadcrumbList\",\"@id\":\"https:\/\/sushihiroba.co.uk\/cs\/milf-sex-chat\/#breadcrumb\",\"itemListElement\":[{\"@type\":\"ListItem\",\"position\":1,\"name\":\"Home\",\"item\":\"http:\/\/sushihiroba.co.uk\/cs\/\"},{\"@type\":\"ListItem\",\"position\":2,\"name\":\"MILF Sex Chat\"}]}]}<\/script>\n<!-- \/ Yoast SEO plugin. -->","yoast_head_json":{"title":"MILF Sex Chat - Online Dating Roba","robots":{"index":"index","follow":"follow","max-snippet":"max-snippet:-1","max-image-preview":"max-image-preview:large","max-video-preview":"max-video-preview:-1"},"canonical":"https:\/\/sushihiroba.co.uk\/cs\/milf-sex-chat\/","og_locale":"cs_CZ","og_type":"article","og_title":"MILF Sex Chat - Online Dating Roba","og_description":"Existuje spousta skv\u011bl\u00fdch bezplatn\u00fdch milf chatovac\u00edch str\u00e1nek , kter\u00e9 v\u00e1m pomohou spojit se se star\u0161\u00edmi \u017eenami, kter\u00e9 hledaj\u00ed fling. V\u0161e,&hellip;","og_url":"https:\/\/sushihiroba.co.uk\/cs\/milf-sex-chat\/","og_site_name":"Online Dating Roba","twitter_card":"summary_large_image","twitter_misc":{"Odhadovan\u00e1 doba \u010dten\u00ed":"4 minuty"},"schema":{"@context":"https:\/\/schema.org","@graph":[{"@type":"WebSite","@id":"https:\/\/sushihiroba.co.uk\/cs\/#website","url":"https:\/\/sushihiroba.co.uk\/cs\/","name":"Online Dating Roba","description":"Guide To Find Love","potentialAction":[{"@type":"SearchAction","target":{"@type":"EntryPoint","urlTemplate":"https:\/\/sushihiroba.co.uk\/cs\/?s={search_term_string}"},"query-input":"required name=search_term_string"}],"inLanguage":"cs"},{"@type":"WebPage","@id":"https:\/\/sushihiroba.co.uk\/cs\/milf-sex-chat\/#webpage","url":"https:\/\/sushihiroba.co.uk\/cs\/milf-sex-chat\/","name":"MILF Sex Chat - Online Dating Roba","isPartOf":{"@id":"https:\/\/sushihiroba.co.uk\/cs\/#website"},"datePublished":"2022-10-10T11:13:28+00:00","dateModified":"2022-10-10T11:13:28+00:00","breadcrumb":{"@id":"https:\/\/sushihiroba.co.uk\/cs\/milf-sex-chat\/#breadcrumb"},"inLanguage":"cs","potentialAction":[{"@type":"ReadAction","target":["https:\/\/sushihiroba.co.uk\/cs\/milf-sex-chat\/"]}]},{"@type":"BreadcrumbList","@id":"https:\/\/sushihiroba.co.uk\/cs\/milf-sex-chat\/#breadcrumb","itemListElement":[{"@type":"ListItem","position":1,"name":"Home","item":"http:\/\/sushihiroba.co.uk\/cs\/"},{"@type":"ListItem","position":2,"name":"MILF Sex Chat"}]}]}},"_links":{"self":[{"href":"https:\/\/sushihiroba.co.uk\/cs\/wp-json\/wp\/v2\/pages\/194"}],"collection":[{"href":"https:\/\/sushihiroba.co.uk\/cs\/wp-json\/wp\/v2\/pages"}],"about":[{"href":"https:\/\/sushihiroba.co.uk\/cs\/wp-json\/wp\/v2\/types\/page"}],"author":[{"embeddable":true,"href":"https:\/\/sushihiroba.co.uk\/cs\/wp-json\/wp\/v2\/users\/1"}],"replies":[{"embeddable":true,"href":"https:\/\/sushihiroba.co.uk\/cs\/wp-json\/wp\/v2\/comments?post=194"}],"version-history":[{"count":0,"href":"https:\/\/sushihiroba.co.uk\/cs\/wp-json\/wp\/v2\/pages\/194\/revisions"}],"wp:attachment":[{"href":"https:\/\/sushihiroba.co.uk\/cs\/wp-json\/wp\/v2\/media?parent=194"}],"curies":[{"name":"wp","href":"https:\/\/api.w.org\/{rel}","templated":true}]}}