{"id":142,"date":"2022-10-10T12:13:39","date_gmt":"2022-10-10T11:13:39","guid":{"rendered":"http:\/\/sushihiroba.co.uk\/venner-med-fordele-websteder\/"},"modified":"2022-10-10T12:13:39","modified_gmt":"2022-10-10T11:13:39","slug":"venner-med-fordele-websteder","status":"publish","type":"page","link":"https:\/\/sushihiroba.co.uk\/da\/venner-med-fordele-websteder\/","title":{"rendered":"Venner med fordele websteder"},"content":{"rendered":"<h1>Lokal FWB-datering<\/h1>\n<p>Der er ikke noget som en lokal fwb <a href=\"http:\/\/sushihiroba.co.uk\/milf-sex-chat\/\">dating<\/a>. Du kender personen, du kender deres krop, og du ved, hvad de er til. Der er ingen g\u00e6tterier eller spekulerer p\u00e5, om de vil v\u00e6re i det, du er interesseret i. Det er bare ren, uforfalsket sjov.<\/p>\n<p>Selvf\u00f8lgelig er der nogle ting, du skal huske p\u00e5, n\u00e5r du forf\u00f8lger en lokal fwb dating. F\u00f8rst og fremmest er kommunikation n\u00f8glen. Du skal v\u00e6re klar over, hvad du leder efter, og hvad du er fortrolig med. Ellers kan tingene blive ret akavede, ret hurtigt.<\/p>\n<p>En anden ting at huske p\u00e5 er, at lokal fwb dating nogle gange kan f\u00f8re til noget mere. Hvis du ikke er klar til det, s\u00e5 er det vigtigt at s\u00e6tte nogle gr\u00e6nser. Ellers kan du ende med at komme til skade. Men hvis du leder efter noget godt, gammeldags sjov, s\u00e5 er en lokal fwb dating bestemt vejen at g\u00e5. Bare s\u00f8rg for at kommunikere og respektere hinandens gr\u00e6nser.<\/p>\n<h2>FWB-websteder<\/h2>\n<p>Der er mange forskellige typer FWB-websteder tilg\u00e6ngelige online, der hver is\u00e6r henvender sig til en anden type forhold. Nogle er rettet mod dem, der leder efter et mere afslappet forhold, mens andre er rettet mod dem, der leder efter et mere seri\u00f8st engagement. Uanset hvilken type forhold du leder efter, er der sandsynligvis et FWB-websted, der passer til dig.<\/p>\n<p>Der er en r\u00e6kke venner med fordele hjemmesider, der er dukket op i de senere \u00e5r, der henvender sig til folk, der leder efter k\u00e6rlighed. Disse websteder giver medlemmer mulighed for at oprette profiler og gennemse andre medlemmers profiler for at finde et potentielt match. I de fleste tilf\u00e6lde kan medlemmer ogs\u00e5 kommunikere med hinanden via hjemmesiden for at l\u00e6re hinanden bedre at kende.<\/p>\n<p>Mens nogle mennesker kan v\u00e6re t\u00f8vende med at bruge en venner med fordele hjemmeside for at finde k\u00e6rlighed, er der en r\u00e6kke succeshistorier, der er kommet ud af disse hjemmesider. I mange tilf\u00e6lde har folk fundet ud af, at brug af et websted for venner med fordele kan v\u00e6re en fantastisk m\u00e5de at m\u00f8de nye mennesker p\u00e5 og potentielt finde deres livs k\u00e6rlighed.<\/p>\n<h2>FWB Dating Site<\/h2>\n<p>Der er mange forskellige m\u00e5der at n\u00e6rme sig dating p\u00e5, og en popul\u00e6r metode er ved brug af en datingside med venner med fordele. Denne type websted kan v\u00e6re en fantastisk m\u00e5de at m\u00f8de nye mennesker og l\u00e6re dem at kende uden pres fra et engageret forhold. Du kan bare nyde at tilbringe tid sammen og udforske dine muligheder uden at bekymre dig om, hvor tingene g\u00e5r.<\/p>\n<p>Det er selvf\u00f8lgelig vigtigt at v\u00e6re \u00e6rlige over for hinanden om, hvad I leder efter fra starten. Hvis du ikke er p\u00e5 samme side, kan det f\u00f8re til nogle vanskeligheder hen ad vejen. Men hvis du er b\u00e5de \u00e5ben og \u00e6rlig om, hvad du h\u00e5ber p\u00e5, kan det v\u00e6re en god m\u00e5de at l\u00e6re en ny at kende p\u00e5.<\/p>\n<h3>Fr\u00e6kDate<\/h3>\n<p>NaughtyDate dating app er en af de mest popul\u00e6re lokale fwb dating apps tilg\u00e6ngelige i dag. Det har en h\u00f8j rating i App Store og Google Play og downloades ofte af brugerne. Appen giver brugerne mulighed for at oprette forbindelse til andre brugere i deres omr\u00e5de og sende og modtage beskeder. NaughtyDate giver ogs\u00e5 brugere mulighed for at sende fotos og videoer og se profiler fra andre brugere. Appen er gratis at downloade og bruge, og kr\u00e6ver ikke abonnement.<\/p>\n<h3>Geek2Geek<\/h3>\n<p>Hvis du er til n\u00f8rdkultur, vil du elske Geek2Geek, en datingapp designet til selvudn\u00e6vnte n\u00f8rder. Appen er gratis at downloade og bruge, og den er ret nem at navigere. Du kan gennemse profiler efter interesser eller s\u00f8ge efter matches efter placering.<\/p>\n<p>En ulempe ved Geek2Geek er, at det ikke er den mest mangfoldighedsvenlige app derude. De fleste af brugerne ser ud til at v\u00e6re hvide og mandlige, s\u00e5 hvis du ikke er i det, vil du m\u00e5ske pr\u00f8ve en anden app.<\/p>\n<p>Samlet set er Geek2Geek en anst\u00e6ndig app til n\u00f8rdede singler. Det er gratis at bruge og relativt let at navigere, og det har et anst\u00e6ndigt udvalg af brugere. Bare v\u00e6r opm\u00e6rksom p\u00e5, at det ikke er den mest forskelligartede app derude.<\/p>\n<h3>Kasual App<\/h3>\n<p>Hvis du leder efter en lokal fwb dating app, er Kasual en god mulighed. Appen er nem at bruge og har mange fantastiske funktioner, som muligheden for at se profiler fra andre brugere i dit omr\u00e5de. S\u00f8gefunktionen er ogs\u00e5 meget nyttig, s\u00e5 du kan finde potentielle kampe baseret p\u00e5 din placering. Samlet set er Kasual en god mulighed for dem, der leder efter en lokal fwb dating app.<\/p>\n","protected":false},"excerpt":{"rendered":"<p>Lokal FWB-datering Der er ikke noget som en lokal fwb dating. Du kender personen, du kender deres krop, og du&hellip;<\/p>\n","protected":false},"author":1,"featured_media":0,"parent":0,"menu_order":0,"comment_status":"closed","ping_status":"closed","template":"","meta":[],"yoast_head":"<!-- This site is optimized with the Yoast SEO plugin v17.7.1 - https:\/\/yoast.com\/wordpress\/plugins\/seo\/ -->\n<title>Venner med fordele websteder - Online Dating Roba<\/title>\n<meta name=\"robots\" content=\"index, follow, max-snippet:-1, max-image-preview:large, max-video-preview:-1\" \/>\n<link rel=\"canonical\" href=\"https:\/\/sushihiroba.co.uk\/da\/venner-med-fordele-websteder\/\" \/>\n<meta property=\"og:locale\" content=\"da_DK\" \/>\n<meta property=\"og:type\" content=\"article\" \/>\n<meta property=\"og:title\" content=\"Venner med fordele websteder - Online Dating Roba\" \/>\n<meta property=\"og:description\" content=\"Lokal FWB-datering Der er ikke noget som en lokal fwb dating. Du kender personen, du kender deres krop, og du&hellip;\" \/>\n<meta property=\"og:url\" content=\"https:\/\/sushihiroba.co.uk\/da\/venner-med-fordele-websteder\/\" \/>\n<meta property=\"og:site_name\" content=\"Online Dating Roba\" \/>\n<meta name=\"twitter:card\" content=\"summary_large_image\" \/>\n<meta name=\"twitter:label1\" content=\"Estimeret l\u00e6setid\" \/>\n\t<meta name=\"twitter:data1\" content=\"4 minutter\" \/>\n<script type=\"application\/ld+json\" class=\"yoast-schema-graph\">{\"@context\":\"https:\/\/schema.org\",\"@graph\":[{\"@type\":\"WebSite\",\"@id\":\"https:\/\/sushihiroba.co.uk\/da\/#website\",\"url\":\"https:\/\/sushihiroba.co.uk\/da\/\",\"name\":\"Online Dating Roba\",\"description\":\"Guide To Find Love\",\"potentialAction\":[{\"@type\":\"SearchAction\",\"target\":{\"@type\":\"EntryPoint\",\"urlTemplate\":\"https:\/\/sushihiroba.co.uk\/da\/?s={search_term_string}\"},\"query-input\":\"required name=search_term_string\"}],\"inLanguage\":\"da-DK\"},{\"@type\":\"WebPage\",\"@id\":\"https:\/\/sushihiroba.co.uk\/da\/venner-med-fordele-websteder\/#webpage\",\"url\":\"https:\/\/sushihiroba.co.uk\/da\/venner-med-fordele-websteder\/\",\"name\":\"Venner med fordele websteder - Online Dating Roba\",\"isPartOf\":{\"@id\":\"https:\/\/sushihiroba.co.uk\/da\/#website\"},\"datePublished\":\"2022-10-10T11:13:39+00:00\",\"dateModified\":\"2022-10-10T11:13:39+00:00\",\"breadcrumb\":{\"@id\":\"https:\/\/sushihiroba.co.uk\/da\/venner-med-fordele-websteder\/#breadcrumb\"},\"inLanguage\":\"da-DK\",\"potentialAction\":[{\"@type\":\"ReadAction\",\"target\":[\"https:\/\/sushihiroba.co.uk\/da\/venner-med-fordele-websteder\/\"]}]},{\"@type\":\"BreadcrumbList\",\"@id\":\"https:\/\/sushihiroba.co.uk\/da\/venner-med-fordele-websteder\/#breadcrumb\",\"itemListElement\":[{\"@type\":\"ListItem\",\"position\":1,\"name\":\"Home\",\"item\":\"http:\/\/sushihiroba.co.uk\/da\/\"},{\"@type\":\"ListItem\",\"position\":2,\"name\":\"Venner med fordele websteder\"}]}]}<\/script>\n<!-- \/ Yoast SEO plugin. -->","yoast_head_json":{"title":"Venner med fordele websteder - Online Dating Roba","robots":{"index":"index","follow":"follow","max-snippet":"max-snippet:-1","max-image-preview":"max-image-preview:large","max-video-preview":"max-video-preview:-1"},"canonical":"https:\/\/sushihiroba.co.uk\/da\/venner-med-fordele-websteder\/","og_locale":"da_DK","og_type":"article","og_title":"Venner med fordele websteder - Online Dating Roba","og_description":"Lokal FWB-datering Der er ikke noget som en lokal fwb dating. Du kender personen, du kender deres krop, og du&hellip;","og_url":"https:\/\/sushihiroba.co.uk\/da\/venner-med-fordele-websteder\/","og_site_name":"Online Dating Roba","twitter_card":"summary_large_image","twitter_misc":{"Estimeret l\u00e6setid":"4 minutter"},"schema":{"@context":"https:\/\/schema.org","@graph":[{"@type":"WebSite","@id":"https:\/\/sushihiroba.co.uk\/da\/#website","url":"https:\/\/sushihiroba.co.uk\/da\/","name":"Online Dating Roba","description":"Guide To Find Love","potentialAction":[{"@type":"SearchAction","target":{"@type":"EntryPoint","urlTemplate":"https:\/\/sushihiroba.co.uk\/da\/?s={search_term_string}"},"query-input":"required name=search_term_string"}],"inLanguage":"da-DK"},{"@type":"WebPage","@id":"https:\/\/sushihiroba.co.uk\/da\/venner-med-fordele-websteder\/#webpage","url":"https:\/\/sushihiroba.co.uk\/da\/venner-med-fordele-websteder\/","name":"Venner med fordele websteder - Online Dating Roba","isPartOf":{"@id":"https:\/\/sushihiroba.co.uk\/da\/#website"},"datePublished":"2022-10-10T11:13:39+00:00","dateModified":"2022-10-10T11:13:39+00:00","breadcrumb":{"@id":"https:\/\/sushihiroba.co.uk\/da\/venner-med-fordele-websteder\/#breadcrumb"},"inLanguage":"da-DK","potentialAction":[{"@type":"ReadAction","target":["https:\/\/sushihiroba.co.uk\/da\/venner-med-fordele-websteder\/"]}]},{"@type":"BreadcrumbList","@id":"https:\/\/sushihiroba.co.uk\/da\/venner-med-fordele-websteder\/#breadcrumb","itemListElement":[{"@type":"ListItem","position":1,"name":"Home","item":"http:\/\/sushihiroba.co.uk\/da\/"},{"@type":"ListItem","position":2,"name":"Venner med fordele websteder"}]}]}},"_links":{"self":[{"href":"https:\/\/sushihiroba.co.uk\/da\/wp-json\/wp\/v2\/pages\/142"}],"collection":[{"href":"https:\/\/sushihiroba.co.uk\/da\/wp-json\/wp\/v2\/pages"}],"about":[{"href":"https:\/\/sushihiroba.co.uk\/da\/wp-json\/wp\/v2\/types\/page"}],"author":[{"embeddable":true,"href":"https:\/\/sushihiroba.co.uk\/da\/wp-json\/wp\/v2\/users\/1"}],"replies":[{"embeddable":true,"href":"https:\/\/sushihiroba.co.uk\/da\/wp-json\/wp\/v2\/comments?post=142"}],"version-history":[{"count":0,"href":"https:\/\/sushihiroba.co.uk\/da\/wp-json\/wp\/v2\/pages\/142\/revisions"}],"wp:attachment":[{"href":"https:\/\/sushihiroba.co.uk\/da\/wp-json\/wp\/v2\/media?parent=142"}],"curies":[{"name":"wp","href":"https:\/\/api.w.org\/{rel}","templated":true}]}}