{"id":161,"date":"2022-10-10T12:14:24","date_gmt":"2022-10-10T11:14:24","guid":{"rendered":"http:\/\/sushihiroba.co.uk\/noerd-dating-sites\/"},"modified":"2022-10-10T12:14:24","modified_gmt":"2022-10-10T11:14:24","slug":"noerd-dating-sites","status":"publish","type":"page","link":"https:\/\/sushihiroba.co.uk\/da\/noerd-dating-sites\/","title":{"rendered":"N\u00f8rd dating sites"},"content":{"rendered":"<p>Der er ingen grund til at v\u00e6re nerv\u00f8s for &#8220;n\u00f8rd dating&#8221;. Husk f\u00f8rst, at n\u00f8rdede fyre er ligesom enhver anden fyr, n\u00e5r det kommer til tilslutning. De leder efter det samme, som du er: nogen at have det godt med. For det andet skal du ikke v\u00e6re bange for at vise din n\u00f8rdede side. Fyre finder intelligens og en k\u00e6rlighed til at l\u00e6re sexet, s\u00e5 lad dit n\u00f8rdflag flyve! Endelig skal du ikke v\u00e6re bange for at tage det f\u00f8rste skridt. N\u00f8rdede fyre er ofte genert, s\u00e5 det er op til dig at tage ansvaret og sp\u00f8rge ham ud. Med disse tips er du sikker p\u00e5 at have det sjovt &#8220;n\u00f8rd dating!&#8221;<\/p>\n<h2>Date en n\u00f8rd<\/h2>\n<p>Leder du efter en date, der er lidt af en n\u00f8rd? S\u00e5 beh\u00f8ver du ikke lede l\u00e6ngere end din lokale n\u00f8rdbar eller online datingside. Her er et par tips til, hvordan du dater en n\u00f8rd.<\/p>\n<ul>\n<li>V\u00e6r forberedt p\u00e5 nogle intense samtaler. N\u00f8rder elsker at tale om deres interesser, s\u00e5 v\u00e6r forberedt p\u00e5 at diskutere alt fra den nyeste tegneseriefilm til det nyeste videospil.<\/li>\n<li>V\u00e6r t\u00e5lmodig. N\u00f8rder kan v\u00e6re lidt genert i starten, s\u00e5 det kan tage lidt tid for dem at \u00e5bne op for dig.<\/li>\n<li>V\u00e6r \u00e6rlig. N\u00f8rder s\u00e6tter pris p\u00e5 \u00e6rlighed, s\u00e5 pr\u00f8v ikke at fake dig igennem en samtale. Hvis du ikke er interesseret i de samme ting, skal du bare v\u00e6re p\u00e5 forh\u00e5nd om det.<\/li>\n<li>V\u00e6r fleksibel. N\u00f8rder kan v\u00e6re ret indstillede p\u00e5 deres m\u00e5der, s\u00e5 det er vigtigt at v\u00e6re fleksibel, n\u00e5r det kommer til planer. Hvis din date \u00f8nsker at blive i og spille videospil hele natten, skal du g\u00e5 med det.<\/li>\n<li>V\u00e6r dig selv. N\u00f8rder tiltr\u00e6kkes af mennesker, der er \u00e6gte og autentiske. S\u00e5 bare v\u00e6r dig selv, og du er sikker p\u00e5 at finde det perfekte n\u00f8rdede match.<\/li>\n<\/ul>\n<p>Der er masser af n\u00f8rd <a href=\"http:\/\/sushihiroba.co.uk\/local-swinger-sites\/\">dating sites derude, der<\/a> hver is\u00e6r tilbyder noget lidt anderledes med hensyn til funktioner og publikum. Nogle sider, som Geek 2 Geek, er designet specielt til n\u00f8rder og n\u00f8rder, mens andre, som OkCupid, er \u00e5bne for folk p\u00e5 alle n\u00f8rdniveauer.<\/p>\n<p>Hvis du leder efter k\u00e6rlighed, og du betragter dig selv som en n\u00f8rd, er der en datingside derude for dig. Uanset om du er til sci-fi, spil eller noget derimellem, er der et f\u00e6llesskab af ligesindede, der venter p\u00e5 at m\u00f8de dig. S\u00e5 kom ud og begynd at n\u00f8rde med nogen speciel i dag.<\/p>\n<h2>Datingsider til spil<\/h2>\n<p>Der er en r\u00e6kke datingsider, der henvender sig specifikt til spillere. Disse websteder forst\u00e5r spillernes lidenskaber og interesser og kan matche dig med andre singler, der deler dine spilinteresser. Uanset om du leder efter et afslappet forhold eller noget mere seri\u00f8st, er der en gaming dating site for dig. S\u00e5 kom ud og start gamer dating!<\/p>\n<h3>DinSekret\u00e6rHookup<\/h3>\n<p>Hvis du er en selvudn\u00e6vnt n\u00f8rd, der leder efter k\u00e6rlighed, s\u00e5 kan du med fordel tjekke den nye datingapp, YourSecretHookup. Appen, der henvender sig til n\u00f8rder og n\u00f8rder af alle typer, har en 4-stjernet vurdering i App Store og er blevet rost af brugerne for sin brugervenlighed og &#8220;n\u00f8rdvenlige&#8221; gr\u00e6nseflade.<\/p>\n<p>YourSecretHookup er en god mulighed for n\u00f8rder, der leder efter k\u00e6rlighed, men det er ikke perfekt. Appen har mange funktioner, der g\u00f8r den fantastisk til n\u00f8rder, men den har ogs\u00e5 et par ulemper. For det f\u00f8rste er appen kun tilg\u00e6ngelig i USA. For det andet har appen ikke en meget stor brugerbase, s\u00e5 du kan have problemer med at finde kampe i dit omr\u00e5de.<\/p>\n<p>Samlet set er YourSecretHookup en fantastisk datingapp til n\u00f8rder. Hvis du leder efter en n\u00f8rdet partner, er dette en god mulighed. Men hvis du er uden for USA, eller hvis du leder efter en mere generel datingapp, vil du m\u00e5ske kigge andre steder.<\/p>\n<h3>FindMyFlings<\/h3>\n<p>Jeg st\u00f8dte for nylig p\u00e5 FindMyFlings dating app og t\u00e6nkte, at jeg ville pr\u00f8ve det, da jeg betragter mig selv som lidt af en n\u00f8rd. Jeg m\u00e5 sige, at jeg blev gl\u00e6deligt overrasket! Appen er meget brugervenlig og det perfekte sted for n\u00f8rder at m\u00f8de andre n\u00f8rder. Appen har ogs\u00e5 en fantastisk funktion kaldet &#8220;Nerd Factor&#8221;, som giver dig mulighed for at bed\u00f8mme dig selv p\u00e5 en skala fra 1-10 med hensyn til din n\u00f8rderi. Jeg vil helt klart anbefale denne app til alle n\u00f8rder derude, der leder efter k\u00e6rlighed!<\/p>\n<h3>Masser af fisk<\/h3>\n<p>Hvis du er en selvudn\u00e6vnt n\u00f8rd, der leder efter k\u00e6rlighed, s\u00e5 kan du tjekke datingappen Plenty of Fish. If\u00f8lge anmeldelser er denne app fyldt med mennesker, der br\u00e6nder for ting som tegneserier, spil og cosplay.<\/p>\n<p>S\u00e5 hvis du leder efter et n\u00f8rdet forhold, kan dette v\u00e6re appen for dig. Nogle korrekturl\u00e6sere har dog klaget over appens gr\u00e6nseflade og brugerbase. S\u00e5 det kan v\u00e6re en god id\u00e9 at tage disse klager i betragtning, f\u00f8r du downloader.<\/p>\n","protected":false},"excerpt":{"rendered":"<p>Der er ingen grund til at v\u00e6re nerv\u00f8s for &#8220;n\u00f8rd dating&#8221;. Husk f\u00f8rst, at n\u00f8rdede fyre er ligesom enhver anden&hellip;<\/p>\n","protected":false},"author":1,"featured_media":0,"parent":0,"menu_order":0,"comment_status":"closed","ping_status":"closed","template":"","meta":[],"yoast_head":"<!-- This site is optimized with the Yoast SEO plugin v17.7.1 - https:\/\/yoast.com\/wordpress\/plugins\/seo\/ -->\n<title>N\u00f8rd dating sites - Online Dating Roba<\/title>\n<meta name=\"robots\" content=\"index, follow, max-snippet:-1, max-image-preview:large, max-video-preview:-1\" \/>\n<link rel=\"canonical\" href=\"https:\/\/sushihiroba.co.uk\/da\/noerd-dating-sites\/\" \/>\n<meta property=\"og:locale\" content=\"da_DK\" \/>\n<meta property=\"og:type\" content=\"article\" \/>\n<meta property=\"og:title\" content=\"N\u00f8rd dating sites - Online Dating Roba\" \/>\n<meta property=\"og:description\" content=\"Der er ingen grund til at v\u00e6re nerv\u00f8s for &#8220;n\u00f8rd dating&#8221;. Husk f\u00f8rst, at n\u00f8rdede fyre er ligesom enhver anden&hellip;\" \/>\n<meta property=\"og:url\" content=\"https:\/\/sushihiroba.co.uk\/da\/noerd-dating-sites\/\" \/>\n<meta property=\"og:site_name\" content=\"Online Dating Roba\" \/>\n<meta name=\"twitter:card\" content=\"summary_large_image\" \/>\n<meta name=\"twitter:label1\" content=\"Estimeret l\u00e6setid\" \/>\n\t<meta name=\"twitter:data1\" content=\"4 minutter\" \/>\n<script type=\"application\/ld+json\" class=\"yoast-schema-graph\">{\"@context\":\"https:\/\/schema.org\",\"@graph\":[{\"@type\":\"WebSite\",\"@id\":\"https:\/\/sushihiroba.co.uk\/da\/#website\",\"url\":\"https:\/\/sushihiroba.co.uk\/da\/\",\"name\":\"Online Dating Roba\",\"description\":\"Guide To Find Love\",\"potentialAction\":[{\"@type\":\"SearchAction\",\"target\":{\"@type\":\"EntryPoint\",\"urlTemplate\":\"https:\/\/sushihiroba.co.uk\/da\/?s={search_term_string}\"},\"query-input\":\"required name=search_term_string\"}],\"inLanguage\":\"da-DK\"},{\"@type\":\"WebPage\",\"@id\":\"https:\/\/sushihiroba.co.uk\/da\/noerd-dating-sites\/#webpage\",\"url\":\"https:\/\/sushihiroba.co.uk\/da\/noerd-dating-sites\/\",\"name\":\"N\\u00f8rd dating sites - Online Dating Roba\",\"isPartOf\":{\"@id\":\"https:\/\/sushihiroba.co.uk\/da\/#website\"},\"datePublished\":\"2022-10-10T11:14:24+00:00\",\"dateModified\":\"2022-10-10T11:14:24+00:00\",\"breadcrumb\":{\"@id\":\"https:\/\/sushihiroba.co.uk\/da\/noerd-dating-sites\/#breadcrumb\"},\"inLanguage\":\"da-DK\",\"potentialAction\":[{\"@type\":\"ReadAction\",\"target\":[\"https:\/\/sushihiroba.co.uk\/da\/noerd-dating-sites\/\"]}]},{\"@type\":\"BreadcrumbList\",\"@id\":\"https:\/\/sushihiroba.co.uk\/da\/noerd-dating-sites\/#breadcrumb\",\"itemListElement\":[{\"@type\":\"ListItem\",\"position\":1,\"name\":\"Home\",\"item\":\"http:\/\/sushihiroba.co.uk\/da\/\"},{\"@type\":\"ListItem\",\"position\":2,\"name\":\"N\\u00f8rd dating sites\"}]}]}<\/script>\n<!-- \/ Yoast SEO plugin. -->","yoast_head_json":{"title":"N\u00f8rd dating sites - Online Dating Roba","robots":{"index":"index","follow":"follow","max-snippet":"max-snippet:-1","max-image-preview":"max-image-preview:large","max-video-preview":"max-video-preview:-1"},"canonical":"https:\/\/sushihiroba.co.uk\/da\/noerd-dating-sites\/","og_locale":"da_DK","og_type":"article","og_title":"N\u00f8rd dating sites - Online Dating Roba","og_description":"Der er ingen grund til at v\u00e6re nerv\u00f8s for &#8220;n\u00f8rd dating&#8221;. Husk f\u00f8rst, at n\u00f8rdede fyre er ligesom enhver anden&hellip;","og_url":"https:\/\/sushihiroba.co.uk\/da\/noerd-dating-sites\/","og_site_name":"Online Dating Roba","twitter_card":"summary_large_image","twitter_misc":{"Estimeret l\u00e6setid":"4 minutter"},"schema":{"@context":"https:\/\/schema.org","@graph":[{"@type":"WebSite","@id":"https:\/\/sushihiroba.co.uk\/da\/#website","url":"https:\/\/sushihiroba.co.uk\/da\/","name":"Online Dating Roba","description":"Guide To Find Love","potentialAction":[{"@type":"SearchAction","target":{"@type":"EntryPoint","urlTemplate":"https:\/\/sushihiroba.co.uk\/da\/?s={search_term_string}"},"query-input":"required name=search_term_string"}],"inLanguage":"da-DK"},{"@type":"WebPage","@id":"https:\/\/sushihiroba.co.uk\/da\/noerd-dating-sites\/#webpage","url":"https:\/\/sushihiroba.co.uk\/da\/noerd-dating-sites\/","name":"N\u00f8rd dating sites - Online Dating Roba","isPartOf":{"@id":"https:\/\/sushihiroba.co.uk\/da\/#website"},"datePublished":"2022-10-10T11:14:24+00:00","dateModified":"2022-10-10T11:14:24+00:00","breadcrumb":{"@id":"https:\/\/sushihiroba.co.uk\/da\/noerd-dating-sites\/#breadcrumb"},"inLanguage":"da-DK","potentialAction":[{"@type":"ReadAction","target":["https:\/\/sushihiroba.co.uk\/da\/noerd-dating-sites\/"]}]},{"@type":"BreadcrumbList","@id":"https:\/\/sushihiroba.co.uk\/da\/noerd-dating-sites\/#breadcrumb","itemListElement":[{"@type":"ListItem","position":1,"name":"Home","item":"http:\/\/sushihiroba.co.uk\/da\/"},{"@type":"ListItem","position":2,"name":"N\u00f8rd dating sites"}]}]}},"_links":{"self":[{"href":"https:\/\/sushihiroba.co.uk\/da\/wp-json\/wp\/v2\/pages\/161"}],"collection":[{"href":"https:\/\/sushihiroba.co.uk\/da\/wp-json\/wp\/v2\/pages"}],"about":[{"href":"https:\/\/sushihiroba.co.uk\/da\/wp-json\/wp\/v2\/types\/page"}],"author":[{"embeddable":true,"href":"https:\/\/sushihiroba.co.uk\/da\/wp-json\/wp\/v2\/users\/1"}],"replies":[{"embeddable":true,"href":"https:\/\/sushihiroba.co.uk\/da\/wp-json\/wp\/v2\/comments?post=161"}],"version-history":[{"count":0,"href":"https:\/\/sushihiroba.co.uk\/da\/wp-json\/wp\/v2\/pages\/161\/revisions"}],"wp:attachment":[{"href":"https:\/\/sushihiroba.co.uk\/da\/wp-json\/wp\/v2\/media?parent=161"}],"curies":[{"name":"wp","href":"https:\/\/api.w.org\/{rel}","templated":true}]}}