{"id":166,"date":"2022-10-10T12:12:51","date_gmt":"2022-10-10T11:12:51","guid":{"rendered":"http:\/\/sushihiroba.co.uk\/gratis-telefonsex\/"},"modified":"2022-10-10T12:12:51","modified_gmt":"2022-10-10T11:12:51","slug":"gratis-telefonsex","status":"publish","type":"page","link":"https:\/\/sushihiroba.co.uk\/da\/gratis-telefonsex\/","title":{"rendered":"Gratis telefonsex"},"content":{"rendered":"<p>N\u00e5r det kommer til tilslutning, kan gratis telefonsex v\u00e6re en fantastisk m\u00e5de at f\u00e5 tingene i gang p\u00e5. Det kan hj\u00e6lpe med at bryde isen og f\u00e5 tingene i gang, uden at skulle bekymre sig om, at tingene bliver for fysiske for hurtigt. Plus, det kan v\u00e6re meget sjovt! Hvis du overvejer at pr\u00f8ve gratis telefonsex, er her et par tips til at hj\u00e6lpe dig med at komme i gang:<\/p>\n<ol>\n<li>Find en partner, der er klar til det. Dette er sandsynligvis det vigtigste skridt. Hvis I ikke begge er p\u00e5 samme side, bliver det ikke sjovt for nogen af jer.<\/li>\n<li>Bliv komfortabel. Dette er n\u00f8glen. Hvis du ikke har det godt, vil det vise sig. Find et sted, hvor du kan slappe af og f\u00f8le dig godt tilpas.<\/li>\n<li>Slip l\u00f8s. Dette er din chance for at v\u00e6re en anden i et stykke tid. God forn\u00f8jelse med det!<\/li>\n<li>V\u00e6r respektfuld. Husk, at dette stadig er en anden person i den anden ende af linjen. S\u00e5 v\u00e6r respektfuld og sig ikke noget, som du ikke \u00f8nsker at blive sagt til dig.<\/li>\n<li>L\u00e6g p\u00e5, hvis det bliver for varmt. Hvis tingene begynder at blive lidt for opvarmede, er det okay at l\u00e6gge p\u00e5. Du kan altid ringe tilbage en anden gang.<\/li>\n<\/ol>\n<h2>Gratis pr\u00f8ve chat linjer<\/h2>\n<p>Hvis du leder efter en ny m\u00e5de at m\u00f8de mennesker p\u00e5, er chatlinjer en god mulighed. Mange chatlinjer tilbyder gratis pr\u00f8veversioner, s\u00e5 du kan pr\u00f8ve dem, f\u00f8r du forpligter dig. Dette er en fantastisk m\u00e5de at se, om en chatlinje er den rigtige for dig. N\u00e5r du ringer til en chatlinje, bliver du forbundet med en tilf\u00e6ldig person. Du kan chatte i et par minutter og derefter beslutte, om du vil m\u00f8des.<\/p>\n<p>Der er mange telefonsexsider derude, og de kan v\u00e6re en fantastisk m\u00e5de at finde k\u00e6rlighed p\u00e5. Du kan finde nogen at tale med, der er i de samme ting som dig, og du kan endda finde nogen, der leder efter et seri\u00f8st forhold. Bare s\u00f8rg for, at du er forsigtig, n\u00e5r du bruger disse websteder, og at du tager dig tid til at finde den rigtige person til dig.<\/p>\n<h2>Gratis sexchat<\/h2>\n<p>Der er ikke noget som at forbinde med nogen p\u00e5 et dybt niveau seksuelt. Gratis sexchat giver en unik mulighed for at g\u00f8re netop det. Du kan oprette forbindelse til nogen, der deler dine seksuelle interesser og udforske dine \u00f8nsker i et sikkert og anonymt milj\u00f8. Gratis sexchat er den perfekte m\u00e5de at krydre dit k\u00e6rlighedsliv og komme t\u00e6ttere p\u00e5 din partner.<\/p>\n<h3>ComeWithYou<\/h3>\n<p>ComeWithYou er en ny dating app, der ryster online dating verden. Appen giver brugerne mulighed for at oprette forbindelse til hinanden ved hj\u00e6lp af et telefonopkald i stedet for kun via tekstbeskeder. P\u00e5 denne m\u00e5de kan brugerne faktisk h\u00f8re hinandens stemmer og f\u00e5 en bedre fornemmelse af, hvem de taler med. Appen tilbyder ogs\u00e5 en gratis telefonsextjeneste, s\u00e5 brugerne kan l\u00e6re hinanden endnu bedre at kende. Appen er stadig i sine tidlige stadier, men den har allerede gjort et st\u00e6nk i online dating verden.<\/p>\n<h3>FlirtHookup<\/h3>\n<p>Hvis du leder efter en m\u00e5de at krydre dit sexliv p\u00e5, skal du ikke lede l\u00e6ngere end FlirtHookup. Denne innovative nye app giver dig mulighed for at oprette forbindelse til potentielle seksuelle partnere i dit omr\u00e5de og chatte beskidt med dem for at komme i gang.<\/p>\n<p>Det bedste ved FlirtHookup er, at det er helt gratis at bruge. Det betyder, at du kan chatte med s\u00e5 mange mennesker, som du vil, uden at skulle bekymre dig om at bryde banken.<\/p>\n<p>S\u00e5 hvis du leder efter noget varmt, beskidt sjov, skal du downloade FlirtHookup i dag og begynde at udforske dine vildeste fantasier.<\/p>\n<h3>Shag<\/h3>\n<p>Hvis du leder efter en ny datingapp at pr\u00f8ve, skal du overveje Shag. Det er en gratis app, der giver dig mulighed for at oprette forbindelse til potentielle kampe i dit omr\u00e5de. Appen er enkel at bruge og nem at navigere. Plus, det er en fantastisk m\u00e5de at m\u00f8de nye mennesker og blive lagt p\u00e5.<\/p>\n<p>N\u00e5r det kommer til at finde en tilslutning, er Shag vejen at g\u00e5. Appen er gratis at downloade og bruge. Plus, det er nemt at bruge og navigere. Du kan hurtigt og nemt finde potentielle kampe i dit omr\u00e5de. Plus, appen er en fantastisk m\u00e5de at m\u00f8de nye mennesker og blive lagt p\u00e5.<\/p>\n","protected":false},"excerpt":{"rendered":"<p>N\u00e5r det kommer til tilslutning, kan gratis telefonsex v\u00e6re en fantastisk m\u00e5de at f\u00e5 tingene i gang p\u00e5. Det kan&hellip;<\/p>\n","protected":false},"author":1,"featured_media":0,"parent":0,"menu_order":0,"comment_status":"closed","ping_status":"closed","template":"","meta":[],"yoast_head":"<!-- This site is optimized with the Yoast SEO plugin v17.7.1 - https:\/\/yoast.com\/wordpress\/plugins\/seo\/ -->\n<title>Gratis telefonsex - Online Dating Roba<\/title>\n<meta name=\"robots\" content=\"index, follow, max-snippet:-1, max-image-preview:large, max-video-preview:-1\" \/>\n<link rel=\"canonical\" href=\"https:\/\/sushihiroba.co.uk\/da\/gratis-telefonsex\/\" \/>\n<meta property=\"og:locale\" content=\"da_DK\" \/>\n<meta property=\"og:type\" content=\"article\" \/>\n<meta property=\"og:title\" content=\"Gratis telefonsex - Online Dating Roba\" \/>\n<meta property=\"og:description\" content=\"N\u00e5r det kommer til tilslutning, kan gratis telefonsex v\u00e6re en fantastisk m\u00e5de at f\u00e5 tingene i gang p\u00e5. Det kan&hellip;\" \/>\n<meta property=\"og:url\" content=\"https:\/\/sushihiroba.co.uk\/da\/gratis-telefonsex\/\" \/>\n<meta property=\"og:site_name\" content=\"Online Dating Roba\" \/>\n<meta name=\"twitter:card\" content=\"summary_large_image\" \/>\n<meta name=\"twitter:label1\" content=\"Estimeret l\u00e6setid\" \/>\n\t<meta name=\"twitter:data1\" content=\"4 minutter\" \/>\n<script type=\"application\/ld+json\" class=\"yoast-schema-graph\">{\"@context\":\"https:\/\/schema.org\",\"@graph\":[{\"@type\":\"WebSite\",\"@id\":\"https:\/\/sushihiroba.co.uk\/da\/#website\",\"url\":\"https:\/\/sushihiroba.co.uk\/da\/\",\"name\":\"Online Dating Roba\",\"description\":\"Guide To Find Love\",\"potentialAction\":[{\"@type\":\"SearchAction\",\"target\":{\"@type\":\"EntryPoint\",\"urlTemplate\":\"https:\/\/sushihiroba.co.uk\/da\/?s={search_term_string}\"},\"query-input\":\"required name=search_term_string\"}],\"inLanguage\":\"da-DK\"},{\"@type\":\"WebPage\",\"@id\":\"https:\/\/sushihiroba.co.uk\/da\/gratis-telefonsex\/#webpage\",\"url\":\"https:\/\/sushihiroba.co.uk\/da\/gratis-telefonsex\/\",\"name\":\"Gratis telefonsex - Online Dating Roba\",\"isPartOf\":{\"@id\":\"https:\/\/sushihiroba.co.uk\/da\/#website\"},\"datePublished\":\"2022-10-10T11:12:51+00:00\",\"dateModified\":\"2022-10-10T11:12:51+00:00\",\"breadcrumb\":{\"@id\":\"https:\/\/sushihiroba.co.uk\/da\/gratis-telefonsex\/#breadcrumb\"},\"inLanguage\":\"da-DK\",\"potentialAction\":[{\"@type\":\"ReadAction\",\"target\":[\"https:\/\/sushihiroba.co.uk\/da\/gratis-telefonsex\/\"]}]},{\"@type\":\"BreadcrumbList\",\"@id\":\"https:\/\/sushihiroba.co.uk\/da\/gratis-telefonsex\/#breadcrumb\",\"itemListElement\":[{\"@type\":\"ListItem\",\"position\":1,\"name\":\"Home\",\"item\":\"http:\/\/sushihiroba.co.uk\/da\/\"},{\"@type\":\"ListItem\",\"position\":2,\"name\":\"Gratis telefonsex\"}]}]}<\/script>\n<!-- \/ Yoast SEO plugin. -->","yoast_head_json":{"title":"Gratis telefonsex - Online Dating Roba","robots":{"index":"index","follow":"follow","max-snippet":"max-snippet:-1","max-image-preview":"max-image-preview:large","max-video-preview":"max-video-preview:-1"},"canonical":"https:\/\/sushihiroba.co.uk\/da\/gratis-telefonsex\/","og_locale":"da_DK","og_type":"article","og_title":"Gratis telefonsex - Online Dating Roba","og_description":"N\u00e5r det kommer til tilslutning, kan gratis telefonsex v\u00e6re en fantastisk m\u00e5de at f\u00e5 tingene i gang p\u00e5. Det kan&hellip;","og_url":"https:\/\/sushihiroba.co.uk\/da\/gratis-telefonsex\/","og_site_name":"Online Dating Roba","twitter_card":"summary_large_image","twitter_misc":{"Estimeret l\u00e6setid":"4 minutter"},"schema":{"@context":"https:\/\/schema.org","@graph":[{"@type":"WebSite","@id":"https:\/\/sushihiroba.co.uk\/da\/#website","url":"https:\/\/sushihiroba.co.uk\/da\/","name":"Online Dating Roba","description":"Guide To Find Love","potentialAction":[{"@type":"SearchAction","target":{"@type":"EntryPoint","urlTemplate":"https:\/\/sushihiroba.co.uk\/da\/?s={search_term_string}"},"query-input":"required name=search_term_string"}],"inLanguage":"da-DK"},{"@type":"WebPage","@id":"https:\/\/sushihiroba.co.uk\/da\/gratis-telefonsex\/#webpage","url":"https:\/\/sushihiroba.co.uk\/da\/gratis-telefonsex\/","name":"Gratis telefonsex - Online Dating Roba","isPartOf":{"@id":"https:\/\/sushihiroba.co.uk\/da\/#website"},"datePublished":"2022-10-10T11:12:51+00:00","dateModified":"2022-10-10T11:12:51+00:00","breadcrumb":{"@id":"https:\/\/sushihiroba.co.uk\/da\/gratis-telefonsex\/#breadcrumb"},"inLanguage":"da-DK","potentialAction":[{"@type":"ReadAction","target":["https:\/\/sushihiroba.co.uk\/da\/gratis-telefonsex\/"]}]},{"@type":"BreadcrumbList","@id":"https:\/\/sushihiroba.co.uk\/da\/gratis-telefonsex\/#breadcrumb","itemListElement":[{"@type":"ListItem","position":1,"name":"Home","item":"http:\/\/sushihiroba.co.uk\/da\/"},{"@type":"ListItem","position":2,"name":"Gratis telefonsex"}]}]}},"_links":{"self":[{"href":"https:\/\/sushihiroba.co.uk\/da\/wp-json\/wp\/v2\/pages\/166"}],"collection":[{"href":"https:\/\/sushihiroba.co.uk\/da\/wp-json\/wp\/v2\/pages"}],"about":[{"href":"https:\/\/sushihiroba.co.uk\/da\/wp-json\/wp\/v2\/types\/page"}],"author":[{"embeddable":true,"href":"https:\/\/sushihiroba.co.uk\/da\/wp-json\/wp\/v2\/users\/1"}],"replies":[{"embeddable":true,"href":"https:\/\/sushihiroba.co.uk\/da\/wp-json\/wp\/v2\/comments?post=166"}],"version-history":[{"count":0,"href":"https:\/\/sushihiroba.co.uk\/da\/wp-json\/wp\/v2\/pages\/166\/revisions"}],"wp:attachment":[{"href":"https:\/\/sushihiroba.co.uk\/da\/wp-json\/wp\/v2\/media?parent=166"}],"curies":[{"name":"wp","href":"https:\/\/api.w.org\/{rel}","templated":true}]}}