{"id":170,"date":"2022-10-10T12:13:54","date_gmt":"2022-10-10T11:13:54","guid":{"rendered":"http:\/\/sushihiroba.co.uk\/lokale-swingersider\/"},"modified":"2022-10-10T12:13:54","modified_gmt":"2022-10-10T11:13:54","slug":"lokale-swingersider","status":"publish","type":"page","link":"https:\/\/sushihiroba.co.uk\/da\/lokale-swingersider\/","title":{"rendered":"Lokale swingersider"},"content":{"rendered":"<p>Der er masser af lokale swinger-steder, som du kan bruge til at tilslutte dig andre par i dit omr\u00e5de. De er en fantastisk m\u00e5de at m\u00f8de nye mennesker p\u00e5 og l\u00e6re dem at kende p\u00e5 et mere intimt niveau. Du kan ogs\u00e5 finde en masse information p\u00e5 disse websteder om den lokale swingerscene, og hvilke begivenheder der sker i dit omr\u00e5de.<\/p>\n<h2>Swinger-websteder<\/h2>\n<p>Der er et par forskellige typer swinger sites. Nogle er fokuseret p\u00e5 at forbinde swingere i et bestemt omr\u00e5de, s\u00e5 de kan m\u00f8des. Andre er mere som sociale netv\u00e6rkssider, hvor folk kan dele deres interesser og oprette forbindelse til ligesindede. Atter andre er mere rettet mod dating, og du kan finde folk, der er interesseret i de samme ting som dig.<\/p>\n<p>Hvis du er interesseret i at udforske swinger-livsstilen, er der et par forskellige m\u00e5der at g\u00f8re det p\u00e5. Du kan tjekke nogle af de forskellige swingersider for at se, hvilken der passer til dig. Du kan ogs\u00e5 se p\u00e5 lokale begivenheder eller m\u00f8der, der kan ske i dit omr\u00e5de. Eller du kan altid bare tage springet og g\u00e5 til en swingerfest eller klub. Uanset hvilken rute du v\u00e6lger, skal du bare huske at v\u00e6re respektfuld og have det sjovt!<\/p>\n<h2>Swingers tilslutninger<\/h2>\n<p>I en verden af online dating er der meget fokus p\u00e5 <a href=\"http:\/\/sushihiroba.co.uk\/friends-with-benefits-websites\/\">tilslutninger og kortsigtede flings<\/a>. Men hvis du leder efter noget lidt mere langsigtet, er der en voksende tendens til, at folk leder efter swingers-tilslutninger.<\/p>\n<p>Det er her to personer, der allerede er i et forhold, \u00e5bner deres forhold for at inkludere andre seksuelle partnere. Det kan v\u00e6re en fantastisk m\u00e5de at krydre dit sexliv og tilf\u00f8je noget variation.<\/p>\n<p>Hvis du er interesseret i at udforske denne mulighed, er der et par ting, du skal huske p\u00e5. For det f\u00f8rste skal du v\u00e6re \u00e6rlig over for din partner om, hvad du leder efter. For det andet skal du respektere andres gr\u00e6nser. Og endelig skal du v\u00e6re sikker og bruge beskyttelse.<\/p>\n<p>Hvis du kan g\u00f8re alle disse ting, s\u00e5 er du p\u00e5 vej til at finde k\u00e6rligheden i swingers hookups verden.<\/p>\n<h2>Swinger Dating Sites<\/h2>\n<p>Der findes et par forskellige typer swinger dating sites. De mest popul\u00e6re er nok de generelle datingsider, der henvender sig til swingere. Disse websteder har typisk mange medlemmer og er ret popul\u00e6re. De har normalt mange funktioner og giver dig mulighed for at s\u00f8ge efter andre swingere i dit omr\u00e5de.<\/p>\n<p>En anden type swinger dating site er livsstil dating site. Disse websteder er rettet specifikt mod swingere og har ofte mange funktioner, der im\u00f8dekommer livsstilen. De har normalt mange medlemmer og er ret popul\u00e6re.<\/p>\n<p>Den sidste type swinger dating site er voksen dating site. Disse websteder er rettet mod voksne, der er interesserede i at tilslutte sig andre voksne. De har normalt mange medlemmer og er ret popul\u00e6re.<\/p>\n<h3>DateYou<\/h3>\n<p>Hvis du leder efter en ny datingapp, der er specielt designet til swingerpar, skal du tjekke DateYou. Denne app er designet til at hj\u00e6lpe par med at oprette forbindelse til andre par i deres lokalomr\u00e5de for sjov og venskab. Appen er nem at bruge og har mange fantastiske funktioner, som et beskedsystem og en m\u00e5de at dele fotos og videoer p\u00e5. Appen har ogs\u00e5 en indbygget s\u00f8gefunktion, s\u00e5 du kan finde andre par i dit omr\u00e5de, der leder efter nogen at svinge med. Samlet set synes vi, at DateYou er en god mulighed for par, der leder efter en ny m\u00e5de at m\u00f8de andre par p\u00e5.<\/p>\n<h3>Fling.com<\/h3>\n<p>Fling.com er et lokalt swingersite, der har eksisteret i et stykke tid. Webstedet er let at bruge og har mange medlemmer. Webstedet er ogs\u00e5 et godt sted at finde lokale swingere. Webstedet har mange funktioner og er et godt sted at finde lokale swingere.<\/p>\n<h3>BbwCupid<\/h3>\n<p>BBWCupid er en dating app, der er specielt designet til BBW singler og deres beundrere. Appen er tilg\u00e6ngelig gratis i App Store og Google Play, og den har en 4-stjernet vurdering p\u00e5 begge platforme. Appen er nem at bruge og har en ren gr\u00e6nseflade. Det har ogs\u00e5 mange funktioner, der er rettet mod at hj\u00e6lpe dig med at finde et match, herunder en s\u00f8gefunktion, en &#8220;favoritliste&#8221; og et meddelelsessystem. Den eneste ulempe ved appen er, at den ikke har en meget stor brugerbase, s\u00e5 du kan have problemer med at finde kampe i dit omr\u00e5de.<\/p>\n","protected":false},"excerpt":{"rendered":"<p>Der er masser af lokale swinger-steder, som du kan bruge til at tilslutte dig andre par i dit omr\u00e5de. De&hellip;<\/p>\n","protected":false},"author":1,"featured_media":0,"parent":0,"menu_order":0,"comment_status":"closed","ping_status":"closed","template":"","meta":[],"yoast_head":"<!-- This site is optimized with the Yoast SEO plugin v17.7.1 - https:\/\/yoast.com\/wordpress\/plugins\/seo\/ -->\n<title>Lokale swingersider - Online Dating Roba<\/title>\n<meta name=\"robots\" content=\"index, follow, max-snippet:-1, max-image-preview:large, max-video-preview:-1\" \/>\n<link rel=\"canonical\" href=\"https:\/\/sushihiroba.co.uk\/da\/lokale-swingersider\/\" \/>\n<meta property=\"og:locale\" content=\"da_DK\" \/>\n<meta property=\"og:type\" content=\"article\" \/>\n<meta property=\"og:title\" content=\"Lokale swingersider - Online Dating Roba\" \/>\n<meta property=\"og:description\" content=\"Der er masser af lokale swinger-steder, som du kan bruge til at tilslutte dig andre par i dit omr\u00e5de. De&hellip;\" \/>\n<meta property=\"og:url\" content=\"https:\/\/sushihiroba.co.uk\/da\/lokale-swingersider\/\" \/>\n<meta property=\"og:site_name\" content=\"Online Dating Roba\" \/>\n<meta name=\"twitter:card\" content=\"summary_large_image\" \/>\n<meta name=\"twitter:label1\" content=\"Estimeret l\u00e6setid\" \/>\n\t<meta name=\"twitter:data1\" content=\"4 minutter\" \/>\n<script type=\"application\/ld+json\" class=\"yoast-schema-graph\">{\"@context\":\"https:\/\/schema.org\",\"@graph\":[{\"@type\":\"WebSite\",\"@id\":\"https:\/\/sushihiroba.co.uk\/da\/#website\",\"url\":\"https:\/\/sushihiroba.co.uk\/da\/\",\"name\":\"Online Dating Roba\",\"description\":\"Guide To Find Love\",\"potentialAction\":[{\"@type\":\"SearchAction\",\"target\":{\"@type\":\"EntryPoint\",\"urlTemplate\":\"https:\/\/sushihiroba.co.uk\/da\/?s={search_term_string}\"},\"query-input\":\"required name=search_term_string\"}],\"inLanguage\":\"da-DK\"},{\"@type\":\"WebPage\",\"@id\":\"https:\/\/sushihiroba.co.uk\/da\/lokale-swingersider\/#webpage\",\"url\":\"https:\/\/sushihiroba.co.uk\/da\/lokale-swingersider\/\",\"name\":\"Lokale swingersider - Online Dating Roba\",\"isPartOf\":{\"@id\":\"https:\/\/sushihiroba.co.uk\/da\/#website\"},\"datePublished\":\"2022-10-10T11:13:54+00:00\",\"dateModified\":\"2022-10-10T11:13:54+00:00\",\"breadcrumb\":{\"@id\":\"https:\/\/sushihiroba.co.uk\/da\/lokale-swingersider\/#breadcrumb\"},\"inLanguage\":\"da-DK\",\"potentialAction\":[{\"@type\":\"ReadAction\",\"target\":[\"https:\/\/sushihiroba.co.uk\/da\/lokale-swingersider\/\"]}]},{\"@type\":\"BreadcrumbList\",\"@id\":\"https:\/\/sushihiroba.co.uk\/da\/lokale-swingersider\/#breadcrumb\",\"itemListElement\":[{\"@type\":\"ListItem\",\"position\":1,\"name\":\"Home\",\"item\":\"http:\/\/sushihiroba.co.uk\/da\/\"},{\"@type\":\"ListItem\",\"position\":2,\"name\":\"Lokale swingersider\"}]}]}<\/script>\n<!-- \/ Yoast SEO plugin. -->","yoast_head_json":{"title":"Lokale swingersider - Online Dating Roba","robots":{"index":"index","follow":"follow","max-snippet":"max-snippet:-1","max-image-preview":"max-image-preview:large","max-video-preview":"max-video-preview:-1"},"canonical":"https:\/\/sushihiroba.co.uk\/da\/lokale-swingersider\/","og_locale":"da_DK","og_type":"article","og_title":"Lokale swingersider - Online Dating Roba","og_description":"Der er masser af lokale swinger-steder, som du kan bruge til at tilslutte dig andre par i dit omr\u00e5de. De&hellip;","og_url":"https:\/\/sushihiroba.co.uk\/da\/lokale-swingersider\/","og_site_name":"Online Dating Roba","twitter_card":"summary_large_image","twitter_misc":{"Estimeret l\u00e6setid":"4 minutter"},"schema":{"@context":"https:\/\/schema.org","@graph":[{"@type":"WebSite","@id":"https:\/\/sushihiroba.co.uk\/da\/#website","url":"https:\/\/sushihiroba.co.uk\/da\/","name":"Online Dating Roba","description":"Guide To Find Love","potentialAction":[{"@type":"SearchAction","target":{"@type":"EntryPoint","urlTemplate":"https:\/\/sushihiroba.co.uk\/da\/?s={search_term_string}"},"query-input":"required name=search_term_string"}],"inLanguage":"da-DK"},{"@type":"WebPage","@id":"https:\/\/sushihiroba.co.uk\/da\/lokale-swingersider\/#webpage","url":"https:\/\/sushihiroba.co.uk\/da\/lokale-swingersider\/","name":"Lokale swingersider - Online Dating Roba","isPartOf":{"@id":"https:\/\/sushihiroba.co.uk\/da\/#website"},"datePublished":"2022-10-10T11:13:54+00:00","dateModified":"2022-10-10T11:13:54+00:00","breadcrumb":{"@id":"https:\/\/sushihiroba.co.uk\/da\/lokale-swingersider\/#breadcrumb"},"inLanguage":"da-DK","potentialAction":[{"@type":"ReadAction","target":["https:\/\/sushihiroba.co.uk\/da\/lokale-swingersider\/"]}]},{"@type":"BreadcrumbList","@id":"https:\/\/sushihiroba.co.uk\/da\/lokale-swingersider\/#breadcrumb","itemListElement":[{"@type":"ListItem","position":1,"name":"Home","item":"http:\/\/sushihiroba.co.uk\/da\/"},{"@type":"ListItem","position":2,"name":"Lokale swingersider"}]}]}},"_links":{"self":[{"href":"https:\/\/sushihiroba.co.uk\/da\/wp-json\/wp\/v2\/pages\/170"}],"collection":[{"href":"https:\/\/sushihiroba.co.uk\/da\/wp-json\/wp\/v2\/pages"}],"about":[{"href":"https:\/\/sushihiroba.co.uk\/da\/wp-json\/wp\/v2\/types\/page"}],"author":[{"embeddable":true,"href":"https:\/\/sushihiroba.co.uk\/da\/wp-json\/wp\/v2\/users\/1"}],"replies":[{"embeddable":true,"href":"https:\/\/sushihiroba.co.uk\/da\/wp-json\/wp\/v2\/comments?post=170"}],"version-history":[{"count":0,"href":"https:\/\/sushihiroba.co.uk\/da\/wp-json\/wp\/v2\/pages\/170\/revisions"}],"wp:attachment":[{"href":"https:\/\/sushihiroba.co.uk\/da\/wp-json\/wp\/v2\/media?parent=170"}],"curies":[{"name":"wp","href":"https:\/\/api.w.org\/{rel}","templated":true}]}}