{"id":173,"date":"2022-10-10T12:13:05","date_gmt":"2022-10-10T11:13:05","guid":{"rendered":"http:\/\/sushihiroba.co.uk\/fetish-chatrum\/"},"modified":"2022-10-10T12:13:05","modified_gmt":"2022-10-10T11:13:05","slug":"fetish-chatrum","status":"publish","type":"page","link":"https:\/\/sushihiroba.co.uk\/da\/fetish-chatrum\/","title":{"rendered":"Fetish chatrum"},"content":{"rendered":"<p>Der er mange forskellige chatrooms derude for folk, der er interesseret i BDSM. Du kan finde dem, der er specielt til folk, der \u00f8nsker at tilslutte sig, og der er ogs\u00e5 dem, der kun er til generel diskussion. Hvis du leder efter en tilslutning, er det en god ide at tjekke et par forskellige chatrooms for at se, hvilken der har flest mennesker, der er interesseret i det samme som dig. Du kan ogs\u00e5 finde en masse forskellige ressourcer og r\u00e5d i disse chatrooms, s\u00e5 det er en god ide at udforske dem, hvis du er ny p\u00e5 BDSM-scenen.<\/p>\n<h2>Fetish Chatroom<\/h2>\n<p>I en verden af online dating er der alle mulige forskellige chatrooms til r\u00e5dighed for folk med alle mulige forskellige interesser. En type chatrum, der er blevet mere og mere popul\u00e6rt i de senere \u00e5r, er fetish chatroom.<\/p>\n<p>Et fetish chatroom er et sted, hvor <a href=\"http:\/\/sushihiroba.co.uk\/free-phone-sex\/\">folk med en seksuel interesse<\/a> i et bestemt emne kan m\u00f8des og chatte om deres interesser. Der er chatrooms for alle mulige forskellige feticher, fra fodfetichister til folk, der er interesseret i BDSM.<\/p>\n<p>Fetish chatrooms kan v\u00e6re et godt sted at udforske dine seksuelle interesser og m\u00f8de ligesindede mennesker. Det er dog vigtigt at huske at respektere andres interesser og gr\u00e6nser og aldrig presse nogen til at g\u00f8re noget, de ikke er trygge ved.<\/p>\n<h2>Fetish chatrum<\/h2>\n<p>I et fetish chatrum kan du udforske dine dybeste \u00f8nsker med ligesindede mennesker og potentielt finde k\u00e6rlighed. Uanset om du er til BDSM, fodfetich eller andre kink, kan du finde nogen, der deler dine interesser, og som du kan udforske din seksualitet med. Det bedste ved fetish chatrum er, at du kan v\u00e6re helt \u00e5ben og \u00e6rlig om dine interesser, og ingen vil d\u00f8mme dig. S\u00e5 hvis du leder efter et d\u00f8mmefrit rum til at udtrykke dine dybeste \u00f8nsker, er et fetish chatrum det perfekte sted for dig.<\/p>\n<p>Fetish chatrum kan v\u00e6re en fantastisk m\u00e5de at oprette forbindelse til ligesindede mennesker, der deler dine interesser. De kan v\u00e6re en fantastisk m\u00e5de at udforske din seksualitet og l\u00e6re mere om, hvad der t\u00e6nder dig. De kan ogs\u00e5 v\u00e6re en fantastisk m\u00e5de at m\u00f8de potentielle partnere, der deler dine interesser. Det er dog vigtigt at huske, at ikke alle fetish chatrum er skabt ens. Nogle er bedre end andre, og nogle er farligere end andre. Det er vigtigt at g\u00f8re din forskning, f\u00f8r du tilmelder dig et chatrum, og kun at deltage i dem, du f\u00f8ler dig godt tilpas med.<\/p>\n<h3>Flingster<\/h3>\n<p>Hvis du leder efter en sikker og sikker m\u00e5de at udforske din kinky side p\u00e5, s\u00e5 b\u00f8r du helt sikkert tjekke Flingster. Denne dating app er perfekt til dem, der er nysgerrige efter BDSM og \u00f8nsker at finde et chatrum, hvor de kan udforske deres seksuelle \u00f8nsker p\u00e5 en sikker og samtykkende m\u00e5de.<\/p>\n<p>Flingster er en god mulighed for dem, der \u00f8nsker at dyppe t\u00e6erne i BDSM-livsstilen, da det tilbyder en r\u00e6kke chatrooms, der im\u00f8dekommer forskellige kinks og feticher. Du kan ogs\u00e5 v\u00e6re sikker p\u00e5, at alle medlemmer p\u00e5 webstedet er \u00e6gte, da hver profil verificeres gennem en streng proces.<\/p>\n<p>S\u00e5 hvis du leder efter en sikker og sjov m\u00e5de at udforske din kinky side p\u00e5, s\u00e5 s\u00f8rg for at tjekke Flingster!<\/p>\n<h3>Geek2Geek<\/h3>\n<p>Geek2Geek er en datingapp, der henvender sig til n\u00f8rder, n\u00f8rder og andre n\u00f8rdede mennesker. Appen har en masse funktioner, der g\u00f8r den fantastisk til n\u00f8rdede mennesker, herunder en s\u00f8gefunktion, der lader dig finde andre n\u00f8rder, der deler dine interesser. Appen har ogs\u00e5 en chatfunktion, s\u00e5 du kan chatte med andre n\u00f8rder om dine f\u00e6lles interesser. Appen er gratis at downloade og bruge, og den er tilg\u00e6ngelig til b\u00e5de iOS og Android.<\/p>\n<h3>Fr\u00e6kDate<\/h3>\n<p>NaughtyDate er en dating app, der har specialiseret sig i BDSM chatrooms. Det er et godt sted at finde ligesindede mennesker og udforske dine kinks og feticher. Appen er nem at bruge og har mange funktioner, hvilket g\u00f8r den til et godt valg for dem, der leder efter en kinky chatroom-oplevelse.<\/p>\n","protected":false},"excerpt":{"rendered":"<p>Der er mange forskellige chatrooms derude for folk, der er interesseret i BDSM. Du kan finde dem, der er specielt&hellip;<\/p>\n","protected":false},"author":1,"featured_media":0,"parent":0,"menu_order":0,"comment_status":"closed","ping_status":"closed","template":"","meta":[],"yoast_head":"<!-- This site is optimized with the Yoast SEO plugin v17.7.1 - https:\/\/yoast.com\/wordpress\/plugins\/seo\/ -->\n<title>Fetish chatrum - Online Dating Roba<\/title>\n<meta name=\"robots\" content=\"index, follow, max-snippet:-1, max-image-preview:large, max-video-preview:-1\" \/>\n<link rel=\"canonical\" href=\"https:\/\/sushihiroba.co.uk\/da\/fetish-chatrum\/\" \/>\n<meta property=\"og:locale\" content=\"da_DK\" \/>\n<meta property=\"og:type\" content=\"article\" \/>\n<meta property=\"og:title\" content=\"Fetish chatrum - Online Dating Roba\" \/>\n<meta property=\"og:description\" content=\"Der er mange forskellige chatrooms derude for folk, der er interesseret i BDSM. Du kan finde dem, der er specielt&hellip;\" \/>\n<meta property=\"og:url\" content=\"https:\/\/sushihiroba.co.uk\/da\/fetish-chatrum\/\" \/>\n<meta property=\"og:site_name\" content=\"Online Dating Roba\" \/>\n<meta name=\"twitter:card\" content=\"summary_large_image\" \/>\n<meta name=\"twitter:label1\" content=\"Estimeret l\u00e6setid\" \/>\n\t<meta name=\"twitter:data1\" content=\"4 minutter\" \/>\n<script type=\"application\/ld+json\" class=\"yoast-schema-graph\">{\"@context\":\"https:\/\/schema.org\",\"@graph\":[{\"@type\":\"WebSite\",\"@id\":\"https:\/\/sushihiroba.co.uk\/da\/#website\",\"url\":\"https:\/\/sushihiroba.co.uk\/da\/\",\"name\":\"Online Dating Roba\",\"description\":\"Guide To Find Love\",\"potentialAction\":[{\"@type\":\"SearchAction\",\"target\":{\"@type\":\"EntryPoint\",\"urlTemplate\":\"https:\/\/sushihiroba.co.uk\/da\/?s={search_term_string}\"},\"query-input\":\"required name=search_term_string\"}],\"inLanguage\":\"da-DK\"},{\"@type\":\"WebPage\",\"@id\":\"https:\/\/sushihiroba.co.uk\/da\/fetish-chatrum\/#webpage\",\"url\":\"https:\/\/sushihiroba.co.uk\/da\/fetish-chatrum\/\",\"name\":\"Fetish chatrum - Online Dating Roba\",\"isPartOf\":{\"@id\":\"https:\/\/sushihiroba.co.uk\/da\/#website\"},\"datePublished\":\"2022-10-10T11:13:05+00:00\",\"dateModified\":\"2022-10-10T11:13:05+00:00\",\"breadcrumb\":{\"@id\":\"https:\/\/sushihiroba.co.uk\/da\/fetish-chatrum\/#breadcrumb\"},\"inLanguage\":\"da-DK\",\"potentialAction\":[{\"@type\":\"ReadAction\",\"target\":[\"https:\/\/sushihiroba.co.uk\/da\/fetish-chatrum\/\"]}]},{\"@type\":\"BreadcrumbList\",\"@id\":\"https:\/\/sushihiroba.co.uk\/da\/fetish-chatrum\/#breadcrumb\",\"itemListElement\":[{\"@type\":\"ListItem\",\"position\":1,\"name\":\"Home\",\"item\":\"http:\/\/sushihiroba.co.uk\/da\/\"},{\"@type\":\"ListItem\",\"position\":2,\"name\":\"Fetish chatrum\"}]}]}<\/script>\n<!-- \/ Yoast SEO plugin. -->","yoast_head_json":{"title":"Fetish chatrum - Online Dating Roba","robots":{"index":"index","follow":"follow","max-snippet":"max-snippet:-1","max-image-preview":"max-image-preview:large","max-video-preview":"max-video-preview:-1"},"canonical":"https:\/\/sushihiroba.co.uk\/da\/fetish-chatrum\/","og_locale":"da_DK","og_type":"article","og_title":"Fetish chatrum - Online Dating Roba","og_description":"Der er mange forskellige chatrooms derude for folk, der er interesseret i BDSM. Du kan finde dem, der er specielt&hellip;","og_url":"https:\/\/sushihiroba.co.uk\/da\/fetish-chatrum\/","og_site_name":"Online Dating Roba","twitter_card":"summary_large_image","twitter_misc":{"Estimeret l\u00e6setid":"4 minutter"},"schema":{"@context":"https:\/\/schema.org","@graph":[{"@type":"WebSite","@id":"https:\/\/sushihiroba.co.uk\/da\/#website","url":"https:\/\/sushihiroba.co.uk\/da\/","name":"Online Dating Roba","description":"Guide To Find Love","potentialAction":[{"@type":"SearchAction","target":{"@type":"EntryPoint","urlTemplate":"https:\/\/sushihiroba.co.uk\/da\/?s={search_term_string}"},"query-input":"required name=search_term_string"}],"inLanguage":"da-DK"},{"@type":"WebPage","@id":"https:\/\/sushihiroba.co.uk\/da\/fetish-chatrum\/#webpage","url":"https:\/\/sushihiroba.co.uk\/da\/fetish-chatrum\/","name":"Fetish chatrum - Online Dating Roba","isPartOf":{"@id":"https:\/\/sushihiroba.co.uk\/da\/#website"},"datePublished":"2022-10-10T11:13:05+00:00","dateModified":"2022-10-10T11:13:05+00:00","breadcrumb":{"@id":"https:\/\/sushihiroba.co.uk\/da\/fetish-chatrum\/#breadcrumb"},"inLanguage":"da-DK","potentialAction":[{"@type":"ReadAction","target":["https:\/\/sushihiroba.co.uk\/da\/fetish-chatrum\/"]}]},{"@type":"BreadcrumbList","@id":"https:\/\/sushihiroba.co.uk\/da\/fetish-chatrum\/#breadcrumb","itemListElement":[{"@type":"ListItem","position":1,"name":"Home","item":"http:\/\/sushihiroba.co.uk\/da\/"},{"@type":"ListItem","position":2,"name":"Fetish chatrum"}]}]}},"_links":{"self":[{"href":"https:\/\/sushihiroba.co.uk\/da\/wp-json\/wp\/v2\/pages\/173"}],"collection":[{"href":"https:\/\/sushihiroba.co.uk\/da\/wp-json\/wp\/v2\/pages"}],"about":[{"href":"https:\/\/sushihiroba.co.uk\/da\/wp-json\/wp\/v2\/types\/page"}],"author":[{"embeddable":true,"href":"https:\/\/sushihiroba.co.uk\/da\/wp-json\/wp\/v2\/users\/1"}],"replies":[{"embeddable":true,"href":"https:\/\/sushihiroba.co.uk\/da\/wp-json\/wp\/v2\/comments?post=173"}],"version-history":[{"count":0,"href":"https:\/\/sushihiroba.co.uk\/da\/wp-json\/wp\/v2\/pages\/173\/revisions"}],"wp:attachment":[{"href":"https:\/\/sushihiroba.co.uk\/da\/wp-json\/wp\/v2\/media?parent=173"}],"curies":[{"name":"wp","href":"https:\/\/api.w.org\/{rel}","templated":true}]}}