{"id":193,"date":"2022-10-10T11:37:20","date_gmt":"2022-10-10T10:37:20","guid":{"rendered":"http:\/\/sushihiroba.co.uk\/guide-til-at-finde-datoer-og-tilslutte-sig-online\/"},"modified":"2022-11-28T12:42:45","modified_gmt":"2022-11-28T12:42:45","slug":"guide-til-at-finde-datoer-og-tilslutte-sig-online","status":"publish","type":"page","link":"https:\/\/sushihiroba.co.uk\/da\/","title":{"rendered":"Guide til at finde datoer og tilslutte sig online"},"content":{"rendered":"<p>Der er masser af dating apps derude, men at finde en, du rent faktisk nyder at bruge, er ikke altid let. Du tror m\u00e5ske, at du ved, hvad du vil have, men n\u00e5r du begynder at chatte med folk online, vil du indse, at du virkelig ikke har t\u00e6nkt tingene igennem. Heldigvis har vi gjort det meste af arbejdet for dig.<\/p>\n<h2>Hvorfor bruge en datingapp?<\/h2>\n<p>En af grundene til, at datingapps er s\u00e5 popul\u00e6re, er, at de giver os mulighed <a href=\"https:\/\/www.dejtagratis.com\/gratis-sexdejting\/\">sexdejting<\/a> for at oprette forbindelse til mennesker baseret p\u00e5 vores interesser &#8211; noget der ikke altid er muligt personligt. En anden ting, der g\u00f8r dating apps gode, er, at de giver os kontrol over, hvor meget information vi vil afsl\u00f8re om os selv. Der er ikke noget pres for at afsl\u00f8re for meget om dig selv eller dit liv, og det giver os friheden til virkelig at \u00e5bne op.<\/p>\n<p>En anden fordel ved dating apps er, at de hj\u00e6lper os med at udrydde de fiskede fyre. Vi ved, hvad vi leder efter hos en partner, og vi kan normalt fort\u00e6lle inden for f\u00e5 sekunder, om nogen er legitim eller ej. Plus, mange datingsider tilbyder filtre som placering, aldersgruppe, religion, etnicitet osv., S\u00e5 vi hurtigt kan indsn\u00e6vre feltet. Dating apps er ogs\u00e5 praktiske. De lader <a href=\"https:\/\/wank.io\/sv\/ingen-registrering-gratis-sexsajter\/\">sexsajter<\/a> os chatte med folk uden at skulle forpligte os til noget. Dette giver os mulighed for at teste vandet og finde ud af, om vi ville v\u00e6re kompatible, f\u00f8r vi forpligter os til en fuld dato.<\/p>\n<p>Der er mange forskellige typer mennesker, der leder efter k\u00e6rlighed online. Nogle \u00f8nsker at m\u00f8de nogen personligt; andre vil bare chatte. Og nogle er ligeglade med at m\u00f8de nogen overhovedet. S\u00e5 hvad g\u00f8r en datingapp bedre end en anden? Vi brugte vores egne enheder til at teste hver app og fandt ud af, at selvom der er masser af muligheder, skiller nogle sig ud over resten. Her er de fem bedste dating apps, du kan bruge lige nu.<\/p>\n<h2>Vores topanmeldelser &#8211; Hvad er dit bedste valg?<\/h2>\n<p>Leder du efter k\u00e6rlighed eller bare noget sjovt? Der er masser af dating apps derude, men hvilke skiller sig virkelig ud fra m\u00e6ngden?<\/p>\n<p>Der er nu over 100 millioner medlemmer over hele verden, der bruger datingapps. Nogle af disse inkluderer Tinder, Bumble, Happn, OkCupid, Grindr og PlentyOfFish.<\/p>\n<p>Nogle af disse apps er gratis, mens andre kr\u00e6ver betaling. Valget er dit.<\/p>\n<h3>eHarmony<\/h3>\n<p>eHarmony er en af flere online dating apps, der udelukkende fokuserer p\u00e5 at finde k\u00e6rlighed inden for din aldersgruppe. I mods\u00e6tning til andre sider som Match.com eller OkCupid, fokuserer eHarmony p\u00e5 at hj\u00e6lpe dig med at finde et langvarigt forhold. eHarmony er perfekt til dem, der s\u00f8ger en seri\u00f8s forbindelse.<\/p>\n<p>Der er mange forskellige typer mennesker, der bruger eHarmony. For eksempel leder nogle mennesker efter en afslappet fling, mens andre foretr\u00e6kker at date nogen med lignende v\u00e6rdier. Andre personer leder efter et engageret forhold, mens andre bare vil m\u00f8de nye mennesker.<\/p>\n<p>Ud over at v\u00e6re i stand til at filtrere potentielle datoer baseret p\u00e5, hvilken type forhold de leder efter, hj\u00e6lper eHarmony dig med at indsn\u00e6vre dine muligheder baseret p\u00e5 personlighedstr\u00e6k. Efter at have udfyldt et omfattende sp\u00f8rgeskema genererer webstedet en detaljeret rapport, der viser dine egenskaber. Disse oplysninger giver dig mulighed for at se, hvor kompatibel <a href=\"https:\/\/www.datinglijst.com\/\">sexdating<\/a> du er med en anden person. Du kan derefter v\u00e6lge, om du vil forts\u00e6tte med at kommunikere med den enkelte eller ej.<\/p>\n<h3>  H\u00e6ngsel<\/h3>\n<p>Hinge er en af de apps, der f\u00f8les som om den er designet specielt til dating. Appen bruger kunstig intelligens til at hj\u00e6lpe dig med at finde folk baseret p\u00e5 f\u00e6lles interesser og f\u00e6llestr\u00e6k. Men selvom det er gratis, tilbyder Hinge betalte funktioner, der giver dig mulighed for at stryge hurtigere og se f\u00e6rre profiler om dagen.<\/p>\n<p>Appen giver dig tre forskellige m\u00e5der at interagere med potentielle datoer p\u00e5: Stryg til h\u00f8jre, Stryg til venstre og Synes godt om\/synes ikke om. Hvis du vil f\u00e5 et match til at ske, skal du aktivt v\u00e6lge, hvad du vil sige. Du kan enten skrive noget ud eller bruge forudskrevne svar.<\/p>\n<p>Hvis du beslutter dig for at skrive noget, kan du v\u00e6lge fem emner, du vil diskutere med din date. Disse omfatter ting som rejser, mad, b\u00f8ger, film, musik og sport. N\u00e5r du har valgt dit emne, kan du tilf\u00f8je et par s\u00f8geord for at indsn\u00e6vre din s\u00f8gning. For eksempel kan jeg kigge efter folk, der er interesseret i at rejse til New York City. S\u00e5 kan jeg begr\u00e6nse <a href=\"http:\/\/www.treffisivusto.com\/ilmainen-seksitreffi\/\">seksitreffi<\/a> min s\u00f8gning til folk inden for 50 miles fra Manhattan. Der er ingen gr\u00e6nser for, hvor du bor, men du kan ikke begr\u00e6nse dine s\u00f8gninger til bestemte stater eller lande.<\/p>\n<p>Du kan ogs\u00e5 filtrere dine matches efter alder, k\u00f8n, forholdsstatus og placering. Dette g\u00f8r det meget lettere at finde kompatible partnere.<\/p>\n<h3>  Fyrsvamp<\/h3>\n<p>Tinder er den mest popul\u00e6re datingapp blandt millennials. Og mens mange unge voksne er hurtige til at afvise appen som en m\u00e5de at m\u00f8de fremmede til afslappet sex, er der faktisk nogle legitime grunde til, at det kan v\u00e6re v\u00e6rd at tjekke ud.<\/p>\n<p>Appen er meget enkel at bruge, og den er gratis. Du stryger blot til venstre eller h\u00f8jre p\u00e5 profiler baseret p\u00e5, om du kan lide personen eller ej. Hvis I kan lide hinanden, kan I se hinandens profiloplysninger \u2013 herunder hvor de arbejder, hvad deres hobbyer er og endda deres yndlingsbands.<\/p>\n<p>Men fordi Tinder ikke rigtig er designet til langvarige forhold, er det bedst egnet til at m\u00f8des med venner og have det sjovt. Alligevel er det ogs\u00e5 muligt at finde en partner her.<\/p>\n<h3>Bumble<\/h3>\n<p>Hvis du leder efter en datingapp, hvor m\u00e6nd er tvunget til at tage det f\u00f8rste skridt, skal du ikke lede l\u00e6ngere end Bumble. Datingappen, der blev lanceret i 2013, er i det v\u00e6sentlige Tinder for kvinder. Hvis fyre ikke sender hende en besked inden for 24 timer, bliver hun matchet med en anden mand. Og hvis han ikke reagerer inden for 24 timer, mister han chancen.<\/p>\n<p>Ideen bag appen er enkel: den opfordrer kvinder til at indlede kontakt og giver m\u00e6nd mindre kontrol over processen. Men det, der g\u00f8r Bumble unik, er, hvordan det tvinger m\u00e6nd til at vente, mens kvinder beslutter, om de vil tale med ham eller ej.<\/p>\n<p>Efter lanceringen i 2013 blev Bumble hurtigt popul\u00e6r blandt unge voksne. Faktisk kan appen prale af n\u00e6sten 20 millioner m\u00e5nedlige aktive brugere, hvilket g\u00f8r den til den n\u00e6stmest anvendte datingapplikation i verden.<\/p>\n<h3>Kaffe m\u00f8der Bagel<\/h3>\n<p>Den nyeste dating app, der kommer p\u00e5 markedet, hedder Coffee Meets Bagel. Mens der er masser af muligheder derude, tager Coffee Meets Bagle tingene i en anden retning. I stedet for at f\u00e5 brugerne til at stryge til venstre eller h\u00f8jre, bruger den en anden metode, hvor begge parter skal godkende hinanden, f\u00f8r en kamp finder sted.<\/p>\n<p>Selvom dette lyder godt i teorien, betyder det, at du er begr\u00e6nset til at chatte med folk inden for syv dage. Dette kan f\u00f8re til nogle akavede samtaler, n\u00e5r du pr\u00f8ver at finde nogen, der deler dine interesser.<\/p>\n<p>Ud over det syv-dages vindue er Coffee Meets Bagles &#8216;profilsektion ikke ligefrem, hvad du vil kalde grundig. Der er ingen m\u00e5de at se, hvor mange likes en person har modtaget, eller hvad deres yndlingsfilm eller tv-shows er. Men den gode nyhed er, at webstedet giver omfattende information om potentielle kampe. Du l\u00e6rer alt fra, om de har v\u00e6ret single eller deltaget i online forhold til deres aldersgruppe.<\/p>\n<h3>Afsluttende tanker<\/h3>\n<p>Afslutningsvis, hvis du leder efter en god online datingside med en stor database, s\u00e5 er Tinder det bedste valg. Hjemmesiden tilbyder en bred vifte af funktioner s\u00e5som chatrum, webcam videochat, e-mail, instant messaging, fora, blogs osv. Hvis du leder efter en gratis datingside eller en betalt datingside, kan du pr\u00f8ve begge sider. Du vil finde mange mennesker, der \u00f8nsker at tilslutte sig og blive lagt.<\/p>\n<p>Ved at f\u00f8lge vores r\u00e5d h\u00e5ber vi, at du finder det, du har brug for, og nyder en sund datingoplevelse.<\/p>\n","protected":false},"excerpt":{"rendered":"<p>Der er masser af dating apps derude, men at finde en, du rent faktisk nyder at bruge, er ikke altid&hellip;<\/p>\n","protected":false},"author":1,"featured_media":116,"parent":0,"menu_order":0,"comment_status":"closed","ping_status":"closed","template":"","meta":[],"yoast_head":"<!-- This site is optimized with the Yoast SEO plugin v17.7.1 - https:\/\/yoast.com\/wordpress\/plugins\/seo\/ -->\n<title>Guide til at finde datoer og tilslutte sig online - Online Dating Roba<\/title>\n<meta name=\"robots\" content=\"index, follow, max-snippet:-1, max-image-preview:large, max-video-preview:-1\" \/>\n<link rel=\"canonical\" href=\"https:\/\/sushihiroba.co.uk\/da\/\" \/>\n<meta property=\"og:locale\" content=\"da_DK\" \/>\n<meta property=\"og:type\" content=\"article\" \/>\n<meta property=\"og:title\" content=\"Guide til at finde datoer og tilslutte sig online - Online Dating Roba\" \/>\n<meta property=\"og:description\" content=\"Der er masser af dating apps derude, men at finde en, du rent faktisk nyder at bruge, er ikke altid&hellip;\" \/>\n<meta property=\"og:url\" content=\"https:\/\/sushihiroba.co.uk\/da\/\" \/>\n<meta property=\"og:site_name\" content=\"Online Dating Roba\" \/>\n<meta property=\"article:modified_time\" content=\"2022-11-28T12:42:45+00:00\" \/>\n<meta property=\"og:image\" content=\"https:\/\/sushihiroba.co.uk\/wp-content\/uploads\/2022\/10\/local-dating-apps-for-singles.jpeg\" \/>\n\t<meta property=\"og:image:width\" content=\"500\" \/>\n\t<meta property=\"og:image:height\" content=\"333\" \/>\n<meta name=\"twitter:card\" content=\"summary_large_image\" \/>\n<meta name=\"twitter:label1\" content=\"Estimeret l\u00e6setid\" \/>\n\t<meta name=\"twitter:data1\" content=\"7 minutter\" \/>\n<script type=\"application\/ld+json\" class=\"yoast-schema-graph\">{\"@context\":\"https:\/\/schema.org\",\"@graph\":[{\"@type\":\"WebSite\",\"@id\":\"https:\/\/sushihiroba.co.uk\/da\/#website\",\"url\":\"https:\/\/sushihiroba.co.uk\/da\/\",\"name\":\"Online Dating Roba\",\"description\":\"Guide To Find Love\",\"potentialAction\":[{\"@type\":\"SearchAction\",\"target\":{\"@type\":\"EntryPoint\",\"urlTemplate\":\"https:\/\/sushihiroba.co.uk\/da\/?s={search_term_string}\"},\"query-input\":\"required name=search_term_string\"}],\"inLanguage\":\"da-DK\"},{\"@type\":\"ImageObject\",\"@id\":\"https:\/\/sushihiroba.co.uk\/da\/#primaryimage\",\"inLanguage\":\"da-DK\",\"url\":\"https:\/\/sushihiroba.co.uk\/wp-content\/uploads\/2022\/10\/local-dating-apps-for-singles.jpeg\",\"contentUrl\":\"https:\/\/sushihiroba.co.uk\/wp-content\/uploads\/2022\/10\/local-dating-apps-for-singles.jpeg\",\"width\":500,\"height\":333},{\"@type\":\"WebPage\",\"@id\":\"https:\/\/sushihiroba.co.uk\/da\/#webpage\",\"url\":\"https:\/\/sushihiroba.co.uk\/da\/\",\"name\":\"Guide til at finde datoer og tilslutte sig online - Online Dating Roba\",\"isPartOf\":{\"@id\":\"https:\/\/sushihiroba.co.uk\/da\/#website\"},\"primaryImageOfPage\":{\"@id\":\"https:\/\/sushihiroba.co.uk\/da\/#primaryimage\"},\"datePublished\":\"2022-10-10T10:37:20+00:00\",\"dateModified\":\"2022-11-28T12:42:45+00:00\",\"breadcrumb\":{\"@id\":\"https:\/\/sushihiroba.co.uk\/da\/#breadcrumb\"},\"inLanguage\":\"da-DK\",\"potentialAction\":[{\"@type\":\"ReadAction\",\"target\":[\"https:\/\/sushihiroba.co.uk\/da\/\"]}]},{\"@type\":\"BreadcrumbList\",\"@id\":\"https:\/\/sushihiroba.co.uk\/da\/#breadcrumb\",\"itemListElement\":[{\"@type\":\"ListItem\",\"position\":1,\"name\":\"Home\",\"item\":\"https:\/\/sushihiroba.co.uk\/da\/\"},{\"@type\":\"ListItem\",\"position\":2,\"name\":\"Guide til at finde datoer og tilslutte sig online\"}]}]}<\/script>\n<!-- \/ Yoast SEO plugin. -->","yoast_head_json":{"title":"Guide til at finde datoer og tilslutte sig online - Online Dating Roba","robots":{"index":"index","follow":"follow","max-snippet":"max-snippet:-1","max-image-preview":"max-image-preview:large","max-video-preview":"max-video-preview:-1"},"canonical":"https:\/\/sushihiroba.co.uk\/da\/","og_locale":"da_DK","og_type":"article","og_title":"Guide til at finde datoer og tilslutte sig online - Online Dating Roba","og_description":"Der er masser af dating apps derude, men at finde en, du rent faktisk nyder at bruge, er ikke altid&hellip;","og_url":"https:\/\/sushihiroba.co.uk\/da\/","og_site_name":"Online Dating Roba","article_modified_time":"2022-11-28T12:42:45+00:00","og_image":[{"width":500,"height":333,"url":"https:\/\/sushihiroba.co.uk\/wp-content\/uploads\/2022\/10\/local-dating-apps-for-singles.jpeg","type":"image\/jpeg"}],"twitter_card":"summary_large_image","twitter_misc":{"Estimeret l\u00e6setid":"7 minutter"},"schema":{"@context":"https:\/\/schema.org","@graph":[{"@type":"WebSite","@id":"https:\/\/sushihiroba.co.uk\/da\/#website","url":"https:\/\/sushihiroba.co.uk\/da\/","name":"Online Dating Roba","description":"Guide To Find Love","potentialAction":[{"@type":"SearchAction","target":{"@type":"EntryPoint","urlTemplate":"https:\/\/sushihiroba.co.uk\/da\/?s={search_term_string}"},"query-input":"required name=search_term_string"}],"inLanguage":"da-DK"},{"@type":"ImageObject","@id":"https:\/\/sushihiroba.co.uk\/da\/#primaryimage","inLanguage":"da-DK","url":"https:\/\/sushihiroba.co.uk\/wp-content\/uploads\/2022\/10\/local-dating-apps-for-singles.jpeg","contentUrl":"https:\/\/sushihiroba.co.uk\/wp-content\/uploads\/2022\/10\/local-dating-apps-for-singles.jpeg","width":500,"height":333},{"@type":"WebPage","@id":"https:\/\/sushihiroba.co.uk\/da\/#webpage","url":"https:\/\/sushihiroba.co.uk\/da\/","name":"Guide til at finde datoer og tilslutte sig online - Online Dating Roba","isPartOf":{"@id":"https:\/\/sushihiroba.co.uk\/da\/#website"},"primaryImageOfPage":{"@id":"https:\/\/sushihiroba.co.uk\/da\/#primaryimage"},"datePublished":"2022-10-10T10:37:20+00:00","dateModified":"2022-11-28T12:42:45+00:00","breadcrumb":{"@id":"https:\/\/sushihiroba.co.uk\/da\/#breadcrumb"},"inLanguage":"da-DK","potentialAction":[{"@type":"ReadAction","target":["https:\/\/sushihiroba.co.uk\/da\/"]}]},{"@type":"BreadcrumbList","@id":"https:\/\/sushihiroba.co.uk\/da\/#breadcrumb","itemListElement":[{"@type":"ListItem","position":1,"name":"Home","item":"https:\/\/sushihiroba.co.uk\/da\/"},{"@type":"ListItem","position":2,"name":"Guide til at finde datoer og tilslutte sig online"}]}]}},"_links":{"self":[{"href":"https:\/\/sushihiroba.co.uk\/da\/wp-json\/wp\/v2\/pages\/193"}],"collection":[{"href":"https:\/\/sushihiroba.co.uk\/da\/wp-json\/wp\/v2\/pages"}],"about":[{"href":"https:\/\/sushihiroba.co.uk\/da\/wp-json\/wp\/v2\/types\/page"}],"author":[{"embeddable":true,"href":"https:\/\/sushihiroba.co.uk\/da\/wp-json\/wp\/v2\/users\/1"}],"replies":[{"embeddable":true,"href":"https:\/\/sushihiroba.co.uk\/da\/wp-json\/wp\/v2\/comments?post=193"}],"version-history":[{"count":1,"href":"https:\/\/sushihiroba.co.uk\/da\/wp-json\/wp\/v2\/pages\/193\/revisions"}],"predecessor-version":[{"id":352,"href":"https:\/\/sushihiroba.co.uk\/da\/wp-json\/wp\/v2\/pages\/193\/revisions\/352"}],"wp:featuredmedia":[{"embeddable":true,"href":"https:\/\/sushihiroba.co.uk\/da\/wp-json\/wp\/v2\/media\/116"}],"wp:attachment":[{"href":"https:\/\/sushihiroba.co.uk\/da\/wp-json\/wp\/v2\/media?parent=193"}],"curies":[{"name":"wp","href":"https:\/\/api.w.org\/{rel}","templated":true}]}}