{"id":197,"date":"2022-10-10T12:13:28","date_gmt":"2022-10-10T11:13:28","guid":{"rendered":"http:\/\/sushihiroba.co.uk\/milf-sex-chat\/"},"modified":"2022-10-10T12:13:28","modified_gmt":"2022-10-10T11:13:28","slug":"milf-sex-chat","status":"publish","type":"page","link":"https:\/\/sushihiroba.co.uk\/da\/milf-sex-chat\/","title":{"rendered":"MILF Sex Chat"},"content":{"rendered":"<p>Der er mange gode gratis milf <a href=\"http:\/\/sushihiroba.co.uk\/fetish-chat-rooms\/\">chat sites<\/a> derude, der kan hj\u00e6lpe dig med at forbinde med \u00e6ldre kvinder p\u00e5 udkig efter en fling. Alt du skal g\u00f8re er at finde et websted, du kan lide, oprette en profil og begynde at chatte. Du vil blive overrasket over, hvor nemt det er at oprette forbindelse til en speciel person. Bare v\u00e6r dig selv og hav det godt.<\/p>\n<h2>Chat med Milfs<\/h2>\n<p>Hvis du \u00f8nsker at chatte med milfs, s\u00e5 er der et par ting, du skal huske p\u00e5. F\u00f8rst skal du v\u00e6re respektfuld. Det er damer, der typisk er \u00e6ldre end dig, s\u00e5 det er vigtigt at v\u00e6re en gentleman. For det andet, v\u00e6r interessant. Stil sp\u00f8rgsm\u00e5l, del historier og v\u00e6r engagerende. For det tredje skal du ikke v\u00e6re n\u00f8jeregnende. Disse damer leder efter nogen at chatte med, ikke nogen at date, s\u00e5 pr\u00f8v ikke at presse dem til noget. Bare slap af, have det sjovt og nyd samtalen.<\/p>\n<h2>Tal med Milfs<\/h2>\n<p>Jeg talte med nogle milfs den anden dag, og de sagde, hvor sv\u00e6rt det er at finde k\u00e6rlighed i disse dage. De sagde, at de har v\u00e6ret single i et stykke tid og ikke har haft meget held. De sagde, at de har pr\u00f8vet online dating, men det har ikke fungeret godt for dem. De sagde, at de begynder at f\u00f8le, at de er for gamle til at finde k\u00e6rligheden. Jeg fortalte dem, at de aldrig er for gamle til at finde k\u00e6rligheden, og at de bare skal blive ved med at lede. Jeg sagde til dem, at de skulle pr\u00f8ve at g\u00e5 til nogle singlest\u00e6vner eller klubber. Jeg tror, at hvis de bliver ved med at lede, vil de finde k\u00e6rligheden.<\/p>\n<p>Der er ikke noget som at have sex med en MILF. De er erfarne, de ved, hvad de laver, og de er ikke bange for at tage ansvar. Derfor er MILF sexchat s\u00e5 popul\u00e6r. Det er en fantastisk m\u00e5de at komme i kontakt med \u00e6ldre kvinder, der ved, hvad de vil have, og ikke er bange for at g\u00e5 efter det.<\/p>\n<p>Hvis du \u00f8nsker at komme ind i MILF sexchat, er det bedste sted at starte ved at finde et chatrum, der er specielt til \u00e6ldre kvinder. P\u00e5 den m\u00e5de vil du v\u00e6re i stand til at finde kvinder, der specifikt leder efter yngre m\u00e6nd at chatte med. N\u00e5r du har fundet et chatrum, der opfylder dine behov, skal du blot tilmelde dig og begynde at chatte. Det er s\u00e5 simpelt. Hvis du vil tage tingene til det n\u00e6ste niveau, kan du endda pr\u00f8ve videochat. Dette er en fantastisk m\u00e5de at virkelig l\u00e6re nogen at kende og se, om der er en seksuel forbindelse. Bare husk at v\u00e6re respektfuld og f\u00f8lge reglerne, og du vil v\u00e6re sikker p\u00e5 at have det sjovt.<\/p>\n<h3>Fyrsvamp<\/h3>\n<p>Tinder er en popul\u00e6r datingapp, der giver brugerne mulighed for at stryge til h\u00f8jre eller venstre for at indikere deres interesse for en anden bruger. Hvis to brugere stryger til h\u00f8jre p\u00e5 hinandens profiler, kan de chatte og potentielt m\u00f8des personligt.<\/p>\n<p>Tinder betragtes generelt som en sikker og nem m\u00e5de at m\u00f8de mennesker p\u00e5, selvom der har v\u00e6ret nogle rapporter om falske profiler og fiduskunstnere. Samlet set er Tinder en popul\u00e6r og bekvem m\u00e5de at m\u00f8de nye mennesker p\u00e5, og det er is\u00e6r velegnet til dem, der leder efter en hurtig tilslutning eller et afslappet forhold.<\/p>\n<h3>BookOfSext<\/h3>\n<p>Hvis du leder efter en milf chat site, der er gratis og nem at bruge, BookOfSext er en god mulighed. Webstedet har et rent, moderne design, og det er let at finde og chatte med milfs. Der er ogs\u00e5 mange funktioner, s\u00e5som muligheden for at sende private beskeder, og webstedet er tilg\u00e6ngeligt p\u00e5 flere sprog. Der er dog et par ulemper. For eksempel har webstedet ikke mange brugere, og det er ikke tilg\u00e6ngeligt i alle lande.<\/p>\n<h3>Dobbeltliste<\/h3>\n<p>Hvis du leder efter et gratis milf-chatside, skal du helt sikkert tjekke DoubleList. Webstedet har et stort udvalg af chatrum, og du kan endda oprette dit eget chatrum, hvis du vil. Der er ogs\u00e5 mange funktioner, som du kan bruge til at g\u00f8re din chatoplevelse sjovere, s\u00e5som muligheden for at sende private beskeder eller endda foretage videoopkald. Samlet set er DoubleList et godt chatside, og det er bestemt v\u00e6rd at tjekke ud, hvis du leder efter et gratis milf-chatside.<\/p>\n","protected":false},"excerpt":{"rendered":"<p>Der er mange gode gratis milf chat sites derude, der kan hj\u00e6lpe dig med at forbinde med \u00e6ldre kvinder p\u00e5&hellip;<\/p>\n","protected":false},"author":1,"featured_media":0,"parent":0,"menu_order":0,"comment_status":"closed","ping_status":"closed","template":"","meta":[],"yoast_head":"<!-- This site is optimized with the Yoast SEO plugin v17.7.1 - https:\/\/yoast.com\/wordpress\/plugins\/seo\/ -->\n<title>MILF Sex Chat - Online Dating Roba<\/title>\n<meta name=\"robots\" content=\"index, follow, max-snippet:-1, max-image-preview:large, max-video-preview:-1\" \/>\n<link rel=\"canonical\" href=\"https:\/\/sushihiroba.co.uk\/da\/milf-sex-chat\/\" \/>\n<meta property=\"og:locale\" content=\"da_DK\" \/>\n<meta property=\"og:type\" content=\"article\" \/>\n<meta property=\"og:title\" content=\"MILF Sex Chat - Online Dating Roba\" \/>\n<meta property=\"og:description\" content=\"Der er mange gode gratis milf chat sites derude, der kan hj\u00e6lpe dig med at forbinde med \u00e6ldre kvinder p\u00e5&hellip;\" \/>\n<meta property=\"og:url\" content=\"https:\/\/sushihiroba.co.uk\/da\/milf-sex-chat\/\" \/>\n<meta property=\"og:site_name\" content=\"Online Dating Roba\" \/>\n<meta name=\"twitter:card\" content=\"summary_large_image\" \/>\n<meta name=\"twitter:label1\" content=\"Estimeret l\u00e6setid\" \/>\n\t<meta name=\"twitter:data1\" content=\"4 minutter\" \/>\n<script type=\"application\/ld+json\" class=\"yoast-schema-graph\">{\"@context\":\"https:\/\/schema.org\",\"@graph\":[{\"@type\":\"WebSite\",\"@id\":\"https:\/\/sushihiroba.co.uk\/da\/#website\",\"url\":\"https:\/\/sushihiroba.co.uk\/da\/\",\"name\":\"Online Dating Roba\",\"description\":\"Guide To Find Love\",\"potentialAction\":[{\"@type\":\"SearchAction\",\"target\":{\"@type\":\"EntryPoint\",\"urlTemplate\":\"https:\/\/sushihiroba.co.uk\/da\/?s={search_term_string}\"},\"query-input\":\"required name=search_term_string\"}],\"inLanguage\":\"da-DK\"},{\"@type\":\"WebPage\",\"@id\":\"https:\/\/sushihiroba.co.uk\/da\/milf-sex-chat\/#webpage\",\"url\":\"https:\/\/sushihiroba.co.uk\/da\/milf-sex-chat\/\",\"name\":\"MILF Sex Chat - Online Dating Roba\",\"isPartOf\":{\"@id\":\"https:\/\/sushihiroba.co.uk\/da\/#website\"},\"datePublished\":\"2022-10-10T11:13:28+00:00\",\"dateModified\":\"2022-10-10T11:13:28+00:00\",\"breadcrumb\":{\"@id\":\"https:\/\/sushihiroba.co.uk\/da\/milf-sex-chat\/#breadcrumb\"},\"inLanguage\":\"da-DK\",\"potentialAction\":[{\"@type\":\"ReadAction\",\"target\":[\"https:\/\/sushihiroba.co.uk\/da\/milf-sex-chat\/\"]}]},{\"@type\":\"BreadcrumbList\",\"@id\":\"https:\/\/sushihiroba.co.uk\/da\/milf-sex-chat\/#breadcrumb\",\"itemListElement\":[{\"@type\":\"ListItem\",\"position\":1,\"name\":\"Home\",\"item\":\"http:\/\/sushihiroba.co.uk\/da\/\"},{\"@type\":\"ListItem\",\"position\":2,\"name\":\"MILF Sex Chat\"}]}]}<\/script>\n<!-- \/ Yoast SEO plugin. -->","yoast_head_json":{"title":"MILF Sex Chat - Online Dating Roba","robots":{"index":"index","follow":"follow","max-snippet":"max-snippet:-1","max-image-preview":"max-image-preview:large","max-video-preview":"max-video-preview:-1"},"canonical":"https:\/\/sushihiroba.co.uk\/da\/milf-sex-chat\/","og_locale":"da_DK","og_type":"article","og_title":"MILF Sex Chat - Online Dating Roba","og_description":"Der er mange gode gratis milf chat sites derude, der kan hj\u00e6lpe dig med at forbinde med \u00e6ldre kvinder p\u00e5&hellip;","og_url":"https:\/\/sushihiroba.co.uk\/da\/milf-sex-chat\/","og_site_name":"Online Dating Roba","twitter_card":"summary_large_image","twitter_misc":{"Estimeret l\u00e6setid":"4 minutter"},"schema":{"@context":"https:\/\/schema.org","@graph":[{"@type":"WebSite","@id":"https:\/\/sushihiroba.co.uk\/da\/#website","url":"https:\/\/sushihiroba.co.uk\/da\/","name":"Online Dating Roba","description":"Guide To Find Love","potentialAction":[{"@type":"SearchAction","target":{"@type":"EntryPoint","urlTemplate":"https:\/\/sushihiroba.co.uk\/da\/?s={search_term_string}"},"query-input":"required name=search_term_string"}],"inLanguage":"da-DK"},{"@type":"WebPage","@id":"https:\/\/sushihiroba.co.uk\/da\/milf-sex-chat\/#webpage","url":"https:\/\/sushihiroba.co.uk\/da\/milf-sex-chat\/","name":"MILF Sex Chat - Online Dating Roba","isPartOf":{"@id":"https:\/\/sushihiroba.co.uk\/da\/#website"},"datePublished":"2022-10-10T11:13:28+00:00","dateModified":"2022-10-10T11:13:28+00:00","breadcrumb":{"@id":"https:\/\/sushihiroba.co.uk\/da\/milf-sex-chat\/#breadcrumb"},"inLanguage":"da-DK","potentialAction":[{"@type":"ReadAction","target":["https:\/\/sushihiroba.co.uk\/da\/milf-sex-chat\/"]}]},{"@type":"BreadcrumbList","@id":"https:\/\/sushihiroba.co.uk\/da\/milf-sex-chat\/#breadcrumb","itemListElement":[{"@type":"ListItem","position":1,"name":"Home","item":"http:\/\/sushihiroba.co.uk\/da\/"},{"@type":"ListItem","position":2,"name":"MILF Sex Chat"}]}]}},"_links":{"self":[{"href":"https:\/\/sushihiroba.co.uk\/da\/wp-json\/wp\/v2\/pages\/197"}],"collection":[{"href":"https:\/\/sushihiroba.co.uk\/da\/wp-json\/wp\/v2\/pages"}],"about":[{"href":"https:\/\/sushihiroba.co.uk\/da\/wp-json\/wp\/v2\/types\/page"}],"author":[{"embeddable":true,"href":"https:\/\/sushihiroba.co.uk\/da\/wp-json\/wp\/v2\/users\/1"}],"replies":[{"embeddable":true,"href":"https:\/\/sushihiroba.co.uk\/da\/wp-json\/wp\/v2\/comments?post=197"}],"version-history":[{"count":0,"href":"https:\/\/sushihiroba.co.uk\/da\/wp-json\/wp\/v2\/pages\/197\/revisions"}],"wp:attachment":[{"href":"https:\/\/sushihiroba.co.uk\/da\/wp-json\/wp\/v2\/media?parent=197"}],"curies":[{"name":"wp","href":"https:\/\/api.w.org\/{rel}","templated":true}]}}