{"id":127,"date":"2022-10-10T12:13:28","date_gmt":"2022-10-10T11:13:28","guid":{"rendered":"http:\/\/sushihiroba.co.uk\/milf-sex-chat\/"},"modified":"2022-10-10T12:13:28","modified_gmt":"2022-10-10T11:13:28","slug":"milf-sex-chat","status":"publish","type":"page","link":"https:\/\/sushihiroba.co.uk\/de\/milf-sex-chat\/","title":{"rendered":"MILF Sex Chat"},"content":{"rendered":"<p>Es gibt viele gro\u00dfartige kostenlose <a href=\"http:\/\/sushihiroba.co.uk\/de\/fetisch-chatrooms\/\">Milf-Chat-Sites,<\/a> die Ihnen helfen k\u00f6nnen, sich mit \u00e4lteren Frauen zu verbinden, die nach einem Seitensprung suchen. Alles, was Sie tun m\u00fcssen, ist, eine Website zu finden, die Ihnen gef\u00e4llt, ein Profil zu erstellen und mit dem Chatten zu beginnen. Sie werden \u00fcberrascht sein, wie einfach es ist, sich mit jemand Besonderem zu verbinden. Sei einfach du selbst und hab eine gute Zeit.<\/p>\n<h2>Chatten Sie mit Milfs<\/h2>\n<p>Wenn Sie mit milfs chatten m\u00f6chten, gibt es ein paar Dinge, die Sie beachten sollten. Erstens, sei respektvoll. Dies sind Damen, die in der Regel \u00e4lter sind als Sie, daher ist es wichtig, ein Gentleman zu sein. Zweitens, sei interessant. Stellen Sie Fragen, teilen Sie Geschichten und seien Sie engagiert. Drittens, seien Sie nicht aufdringlich. Diese Damen suchen jemanden, mit dem sie plaudern k\u00f6nnen, nicht jemanden, mit dem sie sich verabreden k\u00f6nnen, also versuchen Sie nicht, sie zu irgendetwas zu dr\u00e4ngen. Entspannen Sie sich einfach, haben Sie Spa\u00df und genie\u00dfen Sie das Gespr\u00e4ch.<\/p>\n<h2>Sprechen Sie mit Milfs<\/h2>\n<p>Ich habe neulich mit einigen Milfs gesprochen und sie sagten, wie schwer es heutzutage ist, Liebe zu finden. Sie sagten, dass sie schon eine Weile Single sind und nicht viel Gl\u00fcck hatten. Sie sagten, dass sie Online-Dating ausprobiert haben, aber es hat f\u00fcr sie nicht gut geklappt. Sie sagten, dass sie anfangen, sich zu f\u00fchlen, als w\u00e4ren sie zu alt, um Liebe zu finden. Ich sagte ihnen, dass sie nie zu alt sind, um Liebe zu finden und dass sie einfach weiter suchen m\u00fcssen. Ich sagte ihnen, dass sie versuchen sollten, zu einigen Single-Events oder Clubs zu gehen. Ich denke, wenn sie weiter suchen, werden sie Liebe finden.<\/p>\n<p>Es gibt nichts Sch\u00f6neres, als Sex mit einer MILF zu haben. Sie sind erfahren, sie wissen, was sie tun, und sie haben keine Angst, die Verantwortung zu \u00fcbernehmen. Deshalb ist MILF Sex Chat so beliebt. Es ist eine gro\u00dfartige M\u00f6glichkeit, mit \u00e4lteren Frauen in Kontakt zu treten, die wissen, was sie wollen und keine Angst haben, danach zu suchen.<\/p>\n<p>Wenn Sie in den MILF-Sex-Chat einsteigen m\u00f6chten, ist der beste Ausgangspunkt, indem Sie einen Chatroom finden, der speziell f\u00fcr \u00e4ltere Frauen gedacht ist. Auf diese Weise k\u00f6nnen Sie Frauen finden, die speziell nach j\u00fcngeren M\u00e4nnern suchen, mit denen Sie chatten k\u00f6nnen. Sobald Sie einen Chatroom gefunden haben, der Ihren Bed\u00fcrfnissen entspricht, m\u00fcssen Sie sich nur noch anmelden und mit dem Chatten beginnen. So einfach ist das. Wenn Sie die Dinge auf die n\u00e4chste Stufe bringen m\u00f6chten, k\u00f6nnen Sie sogar Video-Chat ausprobieren. Dies ist eine gro\u00dfartige M\u00f6glichkeit, jemanden wirklich kennenzulernen und zu sehen, ob es eine sexuelle Verbindung gibt. Denken Sie daran, respektvoll zu sein und die Regeln zu befolgen, und Sie werden sicher eine tolle Zeit haben.<\/p>\n<h3>Zunder<\/h3>\n<p>Tinder ist eine beliebte Dating-App, mit der Benutzer nach rechts oder links wischen k\u00f6nnen, um ihr Interesse an einem anderen Benutzer anzuzeigen. Wenn zwei Benutzer auf den Profilen des anderen nach rechts wischen, k\u00f6nnen sie chatten und sich m\u00f6glicherweise pers\u00f6nlich treffen.<\/p>\n<p>Tinder gilt im Allgemeinen als eine sichere und einfache M\u00f6glichkeit, Leute zu treffen, obwohl es einige Berichte \u00fcber gef\u00e4lschte Profile und Betr\u00fcger gab. Insgesamt ist Tinder eine beliebte und bequeme M\u00f6glichkeit, neue Leute kennenzulernen, und es eignet sich besonders gut f\u00fcr diejenigen, die eine schnelle Verbindung oder eine lockere Beziehung suchen.<\/p>\n<h3>BookOfSext<\/h3>\n<p>Wenn Sie nach einer Milf-Chat-Site suchen, die kostenlos und einfach zu bedienen ist, ist BookOfSext eine gro\u00dfartige Option. Die Website hat ein sauberes, modernes Design und es ist einfach, Milfs zu finden und mit milfs zu chatten. Es gibt auch viele Funktionen, wie die M\u00f6glichkeit, private Nachrichten zu senden, und die Website ist in mehreren Sprachen verf\u00fcgbar. Es gibt jedoch einige Nachteile. Zum Beispiel hat die Website nicht viele Benutzer und ist nicht in allen L\u00e4ndern verf\u00fcgbar.<\/p>\n<h3>Doppelliste<\/h3>\n<p>Wenn Sie nach einer kostenlosen Milf-Chat-Site suchen, sollten Sie unbedingt DoubleList besuchen. Die Website bietet eine gro\u00dfe Auswahl an Chatrooms, und Sie k\u00f6nnen sogar Ihren eigenen Chatroom erstellen, wenn Sie m\u00f6chten. Es gibt auch viele Funktionen, mit denen Sie Ihre Chat-Erfahrung angenehmer gestalten k\u00f6nnen, z. B. die M\u00f6glichkeit, private Nachrichten zu senden oder sogar Videoanrufe zu t\u00e4tigen. Insgesamt ist DoubleList eine gro\u00dfartige Chat-Site, und es lohnt sich auf jeden Fall, wenn Sie nach einer kostenlosen Milf-Chat-Site suchen.<\/p>\n","protected":false},"excerpt":{"rendered":"<p>Es gibt viele gro\u00dfartige kostenlose Milf-Chat-Sites, die Ihnen helfen k\u00f6nnen, sich mit \u00e4lteren Frauen zu verbinden, die nach einem Seitensprung&hellip;<\/p>\n","protected":false},"author":1,"featured_media":0,"parent":0,"menu_order":0,"comment_status":"closed","ping_status":"closed","template":"","meta":[],"yoast_head":"<!-- This site is optimized with the Yoast SEO plugin v17.7.1 - https:\/\/yoast.com\/wordpress\/plugins\/seo\/ -->\n<title>MILF Sex Chat - Online Dating Roba<\/title>\n<meta name=\"robots\" content=\"index, follow, max-snippet:-1, max-image-preview:large, max-video-preview:-1\" \/>\n<link rel=\"canonical\" href=\"https:\/\/sushihiroba.co.uk\/de\/milf-sex-chat\/\" \/>\n<meta property=\"og:locale\" content=\"de_DE\" \/>\n<meta property=\"og:type\" content=\"article\" \/>\n<meta property=\"og:title\" content=\"MILF Sex Chat - Online Dating Roba\" \/>\n<meta property=\"og:description\" content=\"Es gibt viele gro\u00dfartige kostenlose Milf-Chat-Sites, die Ihnen helfen k\u00f6nnen, sich mit \u00e4lteren Frauen zu verbinden, die nach einem Seitensprung&hellip;\" \/>\n<meta property=\"og:url\" content=\"https:\/\/sushihiroba.co.uk\/de\/milf-sex-chat\/\" \/>\n<meta property=\"og:site_name\" content=\"Online Dating Roba\" \/>\n<meta name=\"twitter:card\" content=\"summary_large_image\" \/>\n<meta name=\"twitter:label1\" content=\"Gesch\u00e4tzte Lesezeit\" \/>\n\t<meta name=\"twitter:data1\" content=\"4 minutes\" \/>\n<script type=\"application\/ld+json\" class=\"yoast-schema-graph\">{\"@context\":\"https:\/\/schema.org\",\"@graph\":[{\"@type\":\"WebSite\",\"@id\":\"https:\/\/sushihiroba.co.uk\/de\/#website\",\"url\":\"https:\/\/sushihiroba.co.uk\/de\/\",\"name\":\"Online Dating Roba\",\"description\":\"Guide To Find Love\",\"potentialAction\":[{\"@type\":\"SearchAction\",\"target\":{\"@type\":\"EntryPoint\",\"urlTemplate\":\"https:\/\/sushihiroba.co.uk\/de\/?s={search_term_string}\"},\"query-input\":\"required name=search_term_string\"}],\"inLanguage\":\"de-DE\"},{\"@type\":\"WebPage\",\"@id\":\"https:\/\/sushihiroba.co.uk\/de\/milf-sex-chat\/#webpage\",\"url\":\"https:\/\/sushihiroba.co.uk\/de\/milf-sex-chat\/\",\"name\":\"MILF Sex Chat - Online Dating Roba\",\"isPartOf\":{\"@id\":\"https:\/\/sushihiroba.co.uk\/de\/#website\"},\"datePublished\":\"2022-10-10T11:13:28+00:00\",\"dateModified\":\"2022-10-10T11:13:28+00:00\",\"breadcrumb\":{\"@id\":\"https:\/\/sushihiroba.co.uk\/de\/milf-sex-chat\/#breadcrumb\"},\"inLanguage\":\"de-DE\",\"potentialAction\":[{\"@type\":\"ReadAction\",\"target\":[\"https:\/\/sushihiroba.co.uk\/de\/milf-sex-chat\/\"]}]},{\"@type\":\"BreadcrumbList\",\"@id\":\"https:\/\/sushihiroba.co.uk\/de\/milf-sex-chat\/#breadcrumb\",\"itemListElement\":[{\"@type\":\"ListItem\",\"position\":1,\"name\":\"Home\",\"item\":\"http:\/\/sushihiroba.co.uk\/de\/\"},{\"@type\":\"ListItem\",\"position\":2,\"name\":\"MILF Sex Chat\"}]}]}<\/script>\n<!-- \/ Yoast SEO plugin. -->","yoast_head_json":{"title":"MILF Sex Chat - Online Dating Roba","robots":{"index":"index","follow":"follow","max-snippet":"max-snippet:-1","max-image-preview":"max-image-preview:large","max-video-preview":"max-video-preview:-1"},"canonical":"https:\/\/sushihiroba.co.uk\/de\/milf-sex-chat\/","og_locale":"de_DE","og_type":"article","og_title":"MILF Sex Chat - Online Dating Roba","og_description":"Es gibt viele gro\u00dfartige kostenlose Milf-Chat-Sites, die Ihnen helfen k\u00f6nnen, sich mit \u00e4lteren Frauen zu verbinden, die nach einem Seitensprung&hellip;","og_url":"https:\/\/sushihiroba.co.uk\/de\/milf-sex-chat\/","og_site_name":"Online Dating Roba","twitter_card":"summary_large_image","twitter_misc":{"Gesch\u00e4tzte Lesezeit":"4 minutes"},"schema":{"@context":"https:\/\/schema.org","@graph":[{"@type":"WebSite","@id":"https:\/\/sushihiroba.co.uk\/de\/#website","url":"https:\/\/sushihiroba.co.uk\/de\/","name":"Online Dating Roba","description":"Guide To Find Love","potentialAction":[{"@type":"SearchAction","target":{"@type":"EntryPoint","urlTemplate":"https:\/\/sushihiroba.co.uk\/de\/?s={search_term_string}"},"query-input":"required name=search_term_string"}],"inLanguage":"de-DE"},{"@type":"WebPage","@id":"https:\/\/sushihiroba.co.uk\/de\/milf-sex-chat\/#webpage","url":"https:\/\/sushihiroba.co.uk\/de\/milf-sex-chat\/","name":"MILF Sex Chat - Online Dating Roba","isPartOf":{"@id":"https:\/\/sushihiroba.co.uk\/de\/#website"},"datePublished":"2022-10-10T11:13:28+00:00","dateModified":"2022-10-10T11:13:28+00:00","breadcrumb":{"@id":"https:\/\/sushihiroba.co.uk\/de\/milf-sex-chat\/#breadcrumb"},"inLanguage":"de-DE","potentialAction":[{"@type":"ReadAction","target":["https:\/\/sushihiroba.co.uk\/de\/milf-sex-chat\/"]}]},{"@type":"BreadcrumbList","@id":"https:\/\/sushihiroba.co.uk\/de\/milf-sex-chat\/#breadcrumb","itemListElement":[{"@type":"ListItem","position":1,"name":"Home","item":"http:\/\/sushihiroba.co.uk\/de\/"},{"@type":"ListItem","position":2,"name":"MILF Sex Chat"}]}]}},"_links":{"self":[{"href":"https:\/\/sushihiroba.co.uk\/de\/wp-json\/wp\/v2\/pages\/127"}],"collection":[{"href":"https:\/\/sushihiroba.co.uk\/de\/wp-json\/wp\/v2\/pages"}],"about":[{"href":"https:\/\/sushihiroba.co.uk\/de\/wp-json\/wp\/v2\/types\/page"}],"author":[{"embeddable":true,"href":"https:\/\/sushihiroba.co.uk\/de\/wp-json\/wp\/v2\/users\/1"}],"replies":[{"embeddable":true,"href":"https:\/\/sushihiroba.co.uk\/de\/wp-json\/wp\/v2\/comments?post=127"}],"version-history":[{"count":0,"href":"https:\/\/sushihiroba.co.uk\/de\/wp-json\/wp\/v2\/pages\/127\/revisions"}],"wp:attachment":[{"href":"https:\/\/sushihiroba.co.uk\/de\/wp-json\/wp\/v2\/media?parent=127"}],"curies":[{"name":"wp","href":"https:\/\/api.w.org\/{rel}","templated":true}]}}