{"id":137,"date":"2022-10-10T12:13:05","date_gmt":"2022-10-10T11:13:05","guid":{"rendered":"http:\/\/sushihiroba.co.uk\/fetisch-chatrooms\/"},"modified":"2022-10-10T12:13:05","modified_gmt":"2022-10-10T11:13:05","slug":"fetisch-chatrooms","status":"publish","type":"page","link":"https:\/\/sushihiroba.co.uk\/de\/fetisch-chatrooms\/","title":{"rendered":"Fetisch-Chatrooms"},"content":{"rendered":"<p>Es gibt viele verschiedene Chatrooms f\u00fcr Leute, die sich f\u00fcr BDSM interessieren. Sie k\u00f6nnen diejenigen finden, die speziell f\u00fcr Leute gedacht sind, die sich anschlie\u00dfen m\u00f6chten, und es gibt auch solche, die nur f\u00fcr allgemeine Diskussionen gedacht sind. Wenn Sie nach einem Anschluss suchen, ist es eine gute Idee, ein paar verschiedene Chatrooms zu besuchen, um zu sehen, welcher die meisten Leute hat, die an derselben Sache interessiert sind wie Sie. Sie k\u00f6nnen auch viele verschiedene Ressourcen und Ratschl\u00e4ge in diesen Chatrooms finden, daher ist es eine gute Idee, sie zu erkunden, wenn Sie neu in der BDSM-Szene sind.<\/p>\n<h2>Fetisch-Chatroom<\/h2>\n<p>In der Welt des Online-Datings gibt es alle m\u00f6glichen verschiedenen Chatrooms f\u00fcr Menschen mit den unterschiedlichsten Interessen. Eine Art von Chatroom, die in den letzten Jahren immer beliebter geworden ist, ist der Fetisch-Chatroom.<\/p>\n<p><a href=\"http:\/\/sushihiroba.co.uk\/de\/kostenloser-telefonsex\/\">Ein Fetisch-Chatroom ist ein Ort, an dem Menschen mit einem sexuellen Interesse an einem<\/a> bestimmten Thema zusammenkommen und \u00fcber ihre Interessen plaudern k\u00f6nnen. Es gibt Chatrooms f\u00fcr die unterschiedlichsten Fetische, von Fu\u00dffetischisten bis hin zu Menschen, die sich f\u00fcr BDSM interessieren.<\/p>\n<p>Fetisch-Chatrooms k\u00f6nnen ein gro\u00dfartiger Ort sein, um Ihre sexuellen Interessen zu erkunden und Gleichgesinnte zu treffen. Es ist jedoch wichtig, sich daran zu erinnern, die Interessen und Grenzen anderer Menschen zu respektieren und niemals jemanden unter Druck zu setzen, etwas zu tun, mit dem er sich nicht wohl f\u00fchlt.<\/p>\n<h2>Fetisch-Chatroom<\/h2>\n<p>In einem Fetisch-Chatroom k\u00f6nnen Sie Ihre tiefsten W\u00fcnsche mit Gleichgesinnten erforschen und m\u00f6glicherweise Liebe finden. Egal, ob Sie sich f\u00fcr BDSM, Fu\u00dffetisch oder einen anderen Knick interessieren, Sie k\u00f6nnen jemanden finden, der Ihre Interessen teilt und mit dem Sie Ihre Sexualit\u00e4t erforschen k\u00f6nnen. Das Beste an Fetisch-Chatrooms ist, dass Sie v\u00f6llig offen und ehrlich \u00fcber Ihre Interessen sein k\u00f6nnen, und niemand wird Sie verurteilen. Wenn Sie also nach einem urteilsfreien Raum suchen, um Ihre tiefsten W\u00fcnsche auszudr\u00fccken, ist ein Fetisch-Chatroom der perfekte Ort f\u00fcr Sie.<\/p>\n<p>Fetisch-Chatrooms k\u00f6nnen eine gro\u00dfartige M\u00f6glichkeit sein, sich mit Gleichgesinnten zu verbinden, die Ihre Interessen teilen. Sie k\u00f6nnen eine gro\u00dfartige M\u00f6glichkeit sein, Ihre Sexualit\u00e4t zu erforschen und mehr dar\u00fcber zu erfahren, was Sie anmacht. Sie k\u00f6nnen auch eine gro\u00dfartige M\u00f6glichkeit sein, potenzielle Partner zu treffen, die Ihre Interessen teilen. Es ist jedoch wichtig, sich daran zu erinnern, dass nicht alle Fetisch-Chatrooms gleich sind. Einige sind besser als andere, und einige sind gef\u00e4hrlicher als andere. Es ist wichtig, dass Sie Ihre Nachforschungen anstellen, bevor Sie einem Chatroom beitreten, und sich nur denen anschlie\u00dfen, mit denen Sie sich wohl f\u00fchlen.<\/p>\n<h3>Flingster |<\/h3>\n<p>Wenn Sie nach einer sicheren M\u00f6glichkeit suchen, Ihre versauten Seiten zu erkunden, sollten Sie sich unbedingt Flingster ansehen. Diese Dating-App ist perfekt f\u00fcr diejenigen, die neugierig auf BDSM sind und einen Chatroom finden m\u00f6chten, in dem sie ihre sexuellen W\u00fcnsche auf sichere und einvernehmliche Weise erkunden k\u00f6nnen.<\/p>\n<p>Flingster ist eine gro\u00dfartige Option f\u00fcr diejenigen, die ihre Zehen in den BDSM-Lebensstil eintauchen m\u00f6chten, da es eine Vielzahl von Chatrooms bietet, die auf verschiedene Knicke und Fetische zugeschnitten sind. Sie k\u00f6nnen auch sicher sein, dass alle Mitglieder auf der Website echt sind, da jedes Profil durch einen strengen Prozess verifiziert wird.<\/p>\n<p>Wenn Sie also nach einer sicheren und unterhaltsamen M\u00f6glichkeit suchen, Ihre versauten Seiten zu erkunden, sollten Sie sich unbedingt Flingster ansehen!<\/p>\n<h3>Geek2Geek<\/h3>\n<p>Geek2Geek ist eine Dating-App, die sich an Nerds, Geeks und andere geekige Menschen richtet. Die App verf\u00fcgt \u00fcber viele Funktionen, die sie ideal f\u00fcr nerdige Menschen machen, einschlie\u00dflich einer Suchfunktion, mit der Sie andere Nerds finden k\u00f6nnen, die Ihre Interessen teilen. Die App hat auch eine Chat-Funktion, so dass Sie mit anderen Nerds \u00fcber Ihre gemeinsamen Interessen chatten k\u00f6nnen. Die App kann kostenlos heruntergeladen und verwendet werden und ist sowohl f\u00fcr iOS als auch f\u00fcr Android verf\u00fcgbar.<\/p>\n<h3>NaughtyDate<\/h3>\n<p>NaughtyDate ist eine Dating-App, die sich auf BDSM-Chatrooms spezialisiert hat. Es ist ein gro\u00dfartiger Ort, um Gleichgesinnte zu finden und Ihre Knicke und Fetische zu erkunden. Die App ist einfach zu bedienen und verf\u00fcgt \u00fcber viele Funktionen, was sie zu einer gro\u00dfartigen Wahl f\u00fcr diejenigen macht, die ein kinky Chatroom-Erlebnis suchen.<\/p>\n","protected":false},"excerpt":{"rendered":"<p>Es gibt viele verschiedene Chatrooms f\u00fcr Leute, die sich f\u00fcr BDSM interessieren. Sie k\u00f6nnen diejenigen finden, die speziell f\u00fcr Leute&hellip;<\/p>\n","protected":false},"author":1,"featured_media":0,"parent":0,"menu_order":0,"comment_status":"closed","ping_status":"closed","template":"","meta":[],"yoast_head":"<!-- This site is optimized with the Yoast SEO plugin v17.7.1 - https:\/\/yoast.com\/wordpress\/plugins\/seo\/ -->\n<title>Fetisch-Chatrooms - Online Dating Roba<\/title>\n<meta name=\"robots\" content=\"index, follow, max-snippet:-1, max-image-preview:large, max-video-preview:-1\" \/>\n<link rel=\"canonical\" href=\"https:\/\/sushihiroba.co.uk\/de\/fetisch-chatrooms\/\" \/>\n<meta property=\"og:locale\" content=\"de_DE\" \/>\n<meta property=\"og:type\" content=\"article\" \/>\n<meta property=\"og:title\" content=\"Fetisch-Chatrooms - Online Dating Roba\" \/>\n<meta property=\"og:description\" content=\"Es gibt viele verschiedene Chatrooms f\u00fcr Leute, die sich f\u00fcr BDSM interessieren. Sie k\u00f6nnen diejenigen finden, die speziell f\u00fcr Leute&hellip;\" \/>\n<meta property=\"og:url\" content=\"https:\/\/sushihiroba.co.uk\/de\/fetisch-chatrooms\/\" \/>\n<meta property=\"og:site_name\" content=\"Online Dating Roba\" \/>\n<meta name=\"twitter:card\" content=\"summary_large_image\" \/>\n<meta name=\"twitter:label1\" content=\"Gesch\u00e4tzte Lesezeit\" \/>\n\t<meta name=\"twitter:data1\" content=\"4 minutes\" \/>\n<script type=\"application\/ld+json\" class=\"yoast-schema-graph\">{\"@context\":\"https:\/\/schema.org\",\"@graph\":[{\"@type\":\"WebSite\",\"@id\":\"https:\/\/sushihiroba.co.uk\/de\/#website\",\"url\":\"https:\/\/sushihiroba.co.uk\/de\/\",\"name\":\"Online Dating Roba\",\"description\":\"Guide To Find Love\",\"potentialAction\":[{\"@type\":\"SearchAction\",\"target\":{\"@type\":\"EntryPoint\",\"urlTemplate\":\"https:\/\/sushihiroba.co.uk\/de\/?s={search_term_string}\"},\"query-input\":\"required name=search_term_string\"}],\"inLanguage\":\"de-DE\"},{\"@type\":\"WebPage\",\"@id\":\"https:\/\/sushihiroba.co.uk\/de\/fetisch-chatrooms\/#webpage\",\"url\":\"https:\/\/sushihiroba.co.uk\/de\/fetisch-chatrooms\/\",\"name\":\"Fetisch-Chatrooms - Online Dating Roba\",\"isPartOf\":{\"@id\":\"https:\/\/sushihiroba.co.uk\/de\/#website\"},\"datePublished\":\"2022-10-10T11:13:05+00:00\",\"dateModified\":\"2022-10-10T11:13:05+00:00\",\"breadcrumb\":{\"@id\":\"https:\/\/sushihiroba.co.uk\/de\/fetisch-chatrooms\/#breadcrumb\"},\"inLanguage\":\"de-DE\",\"potentialAction\":[{\"@type\":\"ReadAction\",\"target\":[\"https:\/\/sushihiroba.co.uk\/de\/fetisch-chatrooms\/\"]}]},{\"@type\":\"BreadcrumbList\",\"@id\":\"https:\/\/sushihiroba.co.uk\/de\/fetisch-chatrooms\/#breadcrumb\",\"itemListElement\":[{\"@type\":\"ListItem\",\"position\":1,\"name\":\"Home\",\"item\":\"http:\/\/sushihiroba.co.uk\/de\/\"},{\"@type\":\"ListItem\",\"position\":2,\"name\":\"Fetisch-Chatrooms\"}]}]}<\/script>\n<!-- \/ Yoast SEO plugin. -->","yoast_head_json":{"title":"Fetisch-Chatrooms - Online Dating Roba","robots":{"index":"index","follow":"follow","max-snippet":"max-snippet:-1","max-image-preview":"max-image-preview:large","max-video-preview":"max-video-preview:-1"},"canonical":"https:\/\/sushihiroba.co.uk\/de\/fetisch-chatrooms\/","og_locale":"de_DE","og_type":"article","og_title":"Fetisch-Chatrooms - Online Dating Roba","og_description":"Es gibt viele verschiedene Chatrooms f\u00fcr Leute, die sich f\u00fcr BDSM interessieren. Sie k\u00f6nnen diejenigen finden, die speziell f\u00fcr Leute&hellip;","og_url":"https:\/\/sushihiroba.co.uk\/de\/fetisch-chatrooms\/","og_site_name":"Online Dating Roba","twitter_card":"summary_large_image","twitter_misc":{"Gesch\u00e4tzte Lesezeit":"4 minutes"},"schema":{"@context":"https:\/\/schema.org","@graph":[{"@type":"WebSite","@id":"https:\/\/sushihiroba.co.uk\/de\/#website","url":"https:\/\/sushihiroba.co.uk\/de\/","name":"Online Dating Roba","description":"Guide To Find Love","potentialAction":[{"@type":"SearchAction","target":{"@type":"EntryPoint","urlTemplate":"https:\/\/sushihiroba.co.uk\/de\/?s={search_term_string}"},"query-input":"required name=search_term_string"}],"inLanguage":"de-DE"},{"@type":"WebPage","@id":"https:\/\/sushihiroba.co.uk\/de\/fetisch-chatrooms\/#webpage","url":"https:\/\/sushihiroba.co.uk\/de\/fetisch-chatrooms\/","name":"Fetisch-Chatrooms - Online Dating Roba","isPartOf":{"@id":"https:\/\/sushihiroba.co.uk\/de\/#website"},"datePublished":"2022-10-10T11:13:05+00:00","dateModified":"2022-10-10T11:13:05+00:00","breadcrumb":{"@id":"https:\/\/sushihiroba.co.uk\/de\/fetisch-chatrooms\/#breadcrumb"},"inLanguage":"de-DE","potentialAction":[{"@type":"ReadAction","target":["https:\/\/sushihiroba.co.uk\/de\/fetisch-chatrooms\/"]}]},{"@type":"BreadcrumbList","@id":"https:\/\/sushihiroba.co.uk\/de\/fetisch-chatrooms\/#breadcrumb","itemListElement":[{"@type":"ListItem","position":1,"name":"Home","item":"http:\/\/sushihiroba.co.uk\/de\/"},{"@type":"ListItem","position":2,"name":"Fetisch-Chatrooms"}]}]}},"_links":{"self":[{"href":"https:\/\/sushihiroba.co.uk\/de\/wp-json\/wp\/v2\/pages\/137"}],"collection":[{"href":"https:\/\/sushihiroba.co.uk\/de\/wp-json\/wp\/v2\/pages"}],"about":[{"href":"https:\/\/sushihiroba.co.uk\/de\/wp-json\/wp\/v2\/types\/page"}],"author":[{"embeddable":true,"href":"https:\/\/sushihiroba.co.uk\/de\/wp-json\/wp\/v2\/users\/1"}],"replies":[{"embeddable":true,"href":"https:\/\/sushihiroba.co.uk\/de\/wp-json\/wp\/v2\/comments?post=137"}],"version-history":[{"count":0,"href":"https:\/\/sushihiroba.co.uk\/de\/wp-json\/wp\/v2\/pages\/137\/revisions"}],"wp:attachment":[{"href":"https:\/\/sushihiroba.co.uk\/de\/wp-json\/wp\/v2\/media?parent=137"}],"curies":[{"name":"wp","href":"https:\/\/api.w.org\/{rel}","templated":true}]}}