{"id":147,"date":"2022-10-10T12:13:39","date_gmt":"2022-10-10T11:13:39","guid":{"rendered":"http:\/\/sushihiroba.co.uk\/friends-with-benefits-websites\/"},"modified":"2022-10-10T12:13:39","modified_gmt":"2022-10-10T11:13:39","slug":"friends-with-benefits-websites","status":"publish","type":"page","link":"https:\/\/sushihiroba.co.uk\/de\/friends-with-benefits-websites\/","title":{"rendered":"Friends With Benefits-Websites"},"content":{"rendered":"<h1>Lokale FWB Datierung<\/h1>\n<p>Es gibt nichts Sch\u00f6neres als ein lokales <a href=\"http:\/\/sushihiroba.co.uk\/milf-sex-chat\/\">fwb-Dating<\/a>. Du kennst die Person, du kennst ihren K\u00f6rper und du wei\u00dft, worauf sie steht. Es gibt keine Vermutungen oder Fragen, ob sie sich f\u00fcr das interessieren werden, worauf Sie stehen. Es ist einfach purer, unverf\u00e4lschter Spa\u00df.<\/p>\n<p>Nat\u00fcrlich gibt es einige Dinge, die Sie beachten m\u00fcssen, wenn Sie ein lokales Fwb-Dating verfolgen. In erster Linie ist Kommunikation der Schl\u00fcssel. Sie m\u00fcssen sich dar\u00fcber im Klaren sein, wonach Sie suchen und womit Sie sich wohl f\u00fchlen. Andernfalls kann es ziemlich unangenehm werden, ziemlich schnell.<\/p>\n<p>Eine andere Sache, die man im Hinterkopf behalten sollte, ist, dass lokales FWB-Dating manchmal zu etwas mehr f\u00fchren kann. Wenn Sie daf\u00fcr nicht bereit sind, ist es wichtig, einige Grenzen zu setzen. Andernfalls k\u00f6nnten Sie am Ende verletzt werden. Aber wenn Sie auf der Suche nach gutem, altmodischem Spa\u00df sind, dann ist ein lokales fwb-Dating definitiv der richtige Weg. Achten Sie nur auf Kommunikation und respektieren Sie die Grenzen des anderen.<\/p>\n<h2>FWB-Standorte<\/h2>\n<p>Es gibt viele verschiedene Arten von FWB-Websites, die online verf\u00fcgbar sind und jeweils auf eine andere Art von Beziehung ausgerichtet sind. Einige sind auf diejenigen ausgerichtet, die eine lockerere Beziehung suchen, w\u00e4hrend andere auf diejenigen ausgerichtet sind, die nach einer ernsthafteren Verpflichtung suchen. Egal, welche Art von Beziehung Sie suchen, es gibt wahrscheinlich eine FWB-Website, die zu Ihnen passt.<\/p>\n<p>Es gibt eine Reihe von Freunden mit Vorteils-Websites, die in den letzten Jahren aufgetaucht sind und sich an Menschen richten, die nach Liebe suchen. Diese Websites erm\u00f6glichen es Mitgliedern, Profile zu erstellen und die Profile anderer Mitglieder zu durchsuchen, um eine potenzielle \u00dcbereinstimmung zu finden. In den meisten F\u00e4llen k\u00f6nnen Mitglieder auch \u00fcber die Website miteinander kommunizieren, um sich besser kennenzulernen.<\/p>\n<p>W\u00e4hrend einige Leute z\u00f6gern, eine Website f\u00fcr Freunde mit Vorteilen zu verwenden, um Liebe zu finden, gibt es eine Reihe von Erfolgsgeschichten, die aus diesen Websites hervorgegangen sind. In vielen F\u00e4llen haben die Menschen festgestellt, dass die Verwendung einer Website f\u00fcr Freunde mit Vorteilen eine gro\u00dfartige M\u00f6glichkeit sein kann, neue Leute kennenzulernen und m\u00f6glicherweise die Liebe ihres Lebens zu finden.<\/p>\n<h2>FWB Dating-Website<\/h2>\n<p>Es gibt viele verschiedene M\u00f6glichkeiten, sich dem Dating zu n\u00e4hern, und eine beliebte Methode ist die Verwendung einer Dating-Site f\u00fcr Freunde mit Vorteilen. Diese Art von Website kann eine gro\u00dfartige M\u00f6glichkeit sein, neue Leute kennenzulernen und sie ohne den Druck einer engagierten Beziehung kennenzulernen. Sie k\u00f6nnen es einfach genie\u00dfen, Zeit miteinander zu verbringen und Ihre M\u00f6glichkeiten zu erkunden, ohne sich Gedanken dar\u00fcber machen zu m\u00fcssen, wohin die Dinge gehen.<\/p>\n<p>Nat\u00fcrlich ist es wichtig, ehrlich miteinander zu sein, was man von Anfang an sucht. Wenn Sie nicht auf der gleichen Seite sind, kann dies zu einigen Schwierigkeiten auf der Stra\u00dfe f\u00fchren. Aber wenn Sie sowohl offen als auch ehrlich dar\u00fcber sind, worauf Sie hoffen, kann dies eine gro\u00dfartige M\u00f6glichkeit sein, jemanden neu kennenzulernen.<\/p>\n<h3>NaughtyDate<\/h3>\n<p>NaughtyDate Dating-App ist eine der beliebtesten lokalen fwb-Dating-Apps, die heute verf\u00fcgbar sind. Es hat eine hohe Bewertung im App Store und bei Google Play und wird h\u00e4ufig von Nutzern heruntergeladen. Die App erm\u00f6glicht es Benutzern, sich mit anderen Benutzern in ihrer N\u00e4he zu verbinden und Nachrichten zu senden und zu empfangen. NaughtyDate erm\u00f6glicht es Benutzern auch, Fotos und Videos zu ver\u00f6ffentlichen und Profile anderer Benutzer anzuzeigen. Die App kann kostenlos heruntergeladen und verwendet werden und erfordert kein Abonnement.<\/p>\n<h3>Geek2Geek<\/h3>\n<p>Wenn Sie sich f\u00fcr Geek-Kultur interessieren, werden Sie Geek2Geek lieben, eine Dating-App f\u00fcr selbsternannte Geeks. Die App kann kostenlos heruntergeladen und verwendet werden und ist ziemlich einfach zu navigieren. Sie k\u00f6nnen Profile nach Interessen durchsuchen oder nach \u00dcbereinstimmungen nach Standort suchen.<\/p>\n<p>Ein Nachteil von Geek2Geek ist, dass es nicht die vielf\u00e4ltigste App ist, die es gibt. Die meisten Benutzer scheinen wei\u00df und m\u00e4nnlich zu sein, wenn Sie also nicht daran interessiert sind, m\u00f6chten Sie vielleicht eine andere App ausprobieren.<\/p>\n<p>Insgesamt ist Geek2Geek eine anst\u00e4ndige App f\u00fcr geekige Singles. Es ist kostenlos zu bedienen und relativ einfach zu navigieren, und es hat eine anst\u00e4ndige Auswahl an Benutzern. Seien Sie sich nur bewusst, dass es nicht die vielf\u00e4ltigste App ist, die es gibt.<\/p>\n<h3>Kasual-App<\/h3>\n<p>Wenn Sie nach einer lokalen fwb-Dating-App suchen, ist Kasual eine gro\u00dfartige Option. Die App ist einfach zu bedienen und verf\u00fcgt \u00fcber viele gro\u00dfartige Funktionen, z. B. die M\u00f6glichkeit, Profile anderer Benutzer in Ihrer N\u00e4he anzuzeigen. Die Suchfunktion ist ebenfalls sehr hilfreich, mit der Sie potenzielle \u00dcbereinstimmungen basierend auf Ihrem Standort finden k\u00f6nnen. Insgesamt ist Kasual eine gro\u00dfartige Option f\u00fcr diejenigen, die nach einer lokalen FWB-Dating-App suchen.<\/p>\n","protected":false},"excerpt":{"rendered":"<p>Lokale FWB Datierung Es gibt nichts Sch\u00f6neres als ein lokales fwb-Dating. Du kennst die Person, du kennst ihren K\u00f6rper und&hellip;<\/p>\n","protected":false},"author":1,"featured_media":0,"parent":0,"menu_order":0,"comment_status":"closed","ping_status":"closed","template":"","meta":[],"yoast_head":"<!-- This site is optimized with the Yoast SEO plugin v17.7.1 - https:\/\/yoast.com\/wordpress\/plugins\/seo\/ -->\n<title>Friends With Benefits-Websites - Online Dating Roba<\/title>\n<meta name=\"robots\" content=\"index, follow, max-snippet:-1, max-image-preview:large, max-video-preview:-1\" \/>\n<link rel=\"canonical\" href=\"https:\/\/sushihiroba.co.uk\/de\/friends-with-benefits-websites\/\" \/>\n<meta property=\"og:locale\" content=\"de_DE\" \/>\n<meta property=\"og:type\" content=\"article\" \/>\n<meta property=\"og:title\" content=\"Friends With Benefits-Websites - Online Dating Roba\" \/>\n<meta property=\"og:description\" content=\"Lokale FWB Datierung Es gibt nichts Sch\u00f6neres als ein lokales fwb-Dating. Du kennst die Person, du kennst ihren K\u00f6rper und&hellip;\" \/>\n<meta property=\"og:url\" content=\"https:\/\/sushihiroba.co.uk\/de\/friends-with-benefits-websites\/\" \/>\n<meta property=\"og:site_name\" content=\"Online Dating Roba\" \/>\n<meta name=\"twitter:card\" content=\"summary_large_image\" \/>\n<meta name=\"twitter:label1\" content=\"Gesch\u00e4tzte Lesezeit\" \/>\n\t<meta name=\"twitter:data1\" content=\"4 minutes\" \/>\n<script type=\"application\/ld+json\" class=\"yoast-schema-graph\">{\"@context\":\"https:\/\/schema.org\",\"@graph\":[{\"@type\":\"WebSite\",\"@id\":\"https:\/\/sushihiroba.co.uk\/de\/#website\",\"url\":\"https:\/\/sushihiroba.co.uk\/de\/\",\"name\":\"Online Dating Roba\",\"description\":\"Guide To Find Love\",\"potentialAction\":[{\"@type\":\"SearchAction\",\"target\":{\"@type\":\"EntryPoint\",\"urlTemplate\":\"https:\/\/sushihiroba.co.uk\/de\/?s={search_term_string}\"},\"query-input\":\"required name=search_term_string\"}],\"inLanguage\":\"de-DE\"},{\"@type\":\"WebPage\",\"@id\":\"https:\/\/sushihiroba.co.uk\/de\/friends-with-benefits-websites\/#webpage\",\"url\":\"https:\/\/sushihiroba.co.uk\/de\/friends-with-benefits-websites\/\",\"name\":\"Friends With Benefits-Websites - Online Dating Roba\",\"isPartOf\":{\"@id\":\"https:\/\/sushihiroba.co.uk\/de\/#website\"},\"datePublished\":\"2022-10-10T11:13:39+00:00\",\"dateModified\":\"2022-10-10T11:13:39+00:00\",\"breadcrumb\":{\"@id\":\"https:\/\/sushihiroba.co.uk\/de\/friends-with-benefits-websites\/#breadcrumb\"},\"inLanguage\":\"de-DE\",\"potentialAction\":[{\"@type\":\"ReadAction\",\"target\":[\"https:\/\/sushihiroba.co.uk\/de\/friends-with-benefits-websites\/\"]}]},{\"@type\":\"BreadcrumbList\",\"@id\":\"https:\/\/sushihiroba.co.uk\/de\/friends-with-benefits-websites\/#breadcrumb\",\"itemListElement\":[{\"@type\":\"ListItem\",\"position\":1,\"name\":\"Home\",\"item\":\"http:\/\/sushihiroba.co.uk\/de\/\"},{\"@type\":\"ListItem\",\"position\":2,\"name\":\"Friends With Benefits-Websites\"}]}]}<\/script>\n<!-- \/ Yoast SEO plugin. -->","yoast_head_json":{"title":"Friends With Benefits-Websites - Online Dating Roba","robots":{"index":"index","follow":"follow","max-snippet":"max-snippet:-1","max-image-preview":"max-image-preview:large","max-video-preview":"max-video-preview:-1"},"canonical":"https:\/\/sushihiroba.co.uk\/de\/friends-with-benefits-websites\/","og_locale":"de_DE","og_type":"article","og_title":"Friends With Benefits-Websites - Online Dating Roba","og_description":"Lokale FWB Datierung Es gibt nichts Sch\u00f6neres als ein lokales fwb-Dating. Du kennst die Person, du kennst ihren K\u00f6rper und&hellip;","og_url":"https:\/\/sushihiroba.co.uk\/de\/friends-with-benefits-websites\/","og_site_name":"Online Dating Roba","twitter_card":"summary_large_image","twitter_misc":{"Gesch\u00e4tzte Lesezeit":"4 minutes"},"schema":{"@context":"https:\/\/schema.org","@graph":[{"@type":"WebSite","@id":"https:\/\/sushihiroba.co.uk\/de\/#website","url":"https:\/\/sushihiroba.co.uk\/de\/","name":"Online Dating Roba","description":"Guide To Find Love","potentialAction":[{"@type":"SearchAction","target":{"@type":"EntryPoint","urlTemplate":"https:\/\/sushihiroba.co.uk\/de\/?s={search_term_string}"},"query-input":"required name=search_term_string"}],"inLanguage":"de-DE"},{"@type":"WebPage","@id":"https:\/\/sushihiroba.co.uk\/de\/friends-with-benefits-websites\/#webpage","url":"https:\/\/sushihiroba.co.uk\/de\/friends-with-benefits-websites\/","name":"Friends With Benefits-Websites - Online Dating Roba","isPartOf":{"@id":"https:\/\/sushihiroba.co.uk\/de\/#website"},"datePublished":"2022-10-10T11:13:39+00:00","dateModified":"2022-10-10T11:13:39+00:00","breadcrumb":{"@id":"https:\/\/sushihiroba.co.uk\/de\/friends-with-benefits-websites\/#breadcrumb"},"inLanguage":"de-DE","potentialAction":[{"@type":"ReadAction","target":["https:\/\/sushihiroba.co.uk\/de\/friends-with-benefits-websites\/"]}]},{"@type":"BreadcrumbList","@id":"https:\/\/sushihiroba.co.uk\/de\/friends-with-benefits-websites\/#breadcrumb","itemListElement":[{"@type":"ListItem","position":1,"name":"Home","item":"http:\/\/sushihiroba.co.uk\/de\/"},{"@type":"ListItem","position":2,"name":"Friends With Benefits-Websites"}]}]}},"_links":{"self":[{"href":"https:\/\/sushihiroba.co.uk\/de\/wp-json\/wp\/v2\/pages\/147"}],"collection":[{"href":"https:\/\/sushihiroba.co.uk\/de\/wp-json\/wp\/v2\/pages"}],"about":[{"href":"https:\/\/sushihiroba.co.uk\/de\/wp-json\/wp\/v2\/types\/page"}],"author":[{"embeddable":true,"href":"https:\/\/sushihiroba.co.uk\/de\/wp-json\/wp\/v2\/users\/1"}],"replies":[{"embeddable":true,"href":"https:\/\/sushihiroba.co.uk\/de\/wp-json\/wp\/v2\/comments?post=147"}],"version-history":[{"count":0,"href":"https:\/\/sushihiroba.co.uk\/de\/wp-json\/wp\/v2\/pages\/147\/revisions"}],"wp:attachment":[{"href":"https:\/\/sushihiroba.co.uk\/de\/wp-json\/wp\/v2\/media?parent=147"}],"curies":[{"name":"wp","href":"https:\/\/api.w.org\/{rel}","templated":true}]}}