{"id":148,"date":"2022-10-10T12:14:24","date_gmt":"2022-10-10T11:14:24","guid":{"rendered":"http:\/\/sushihiroba.co.uk\/nerd-dating-sites\/"},"modified":"2022-10-10T12:14:24","modified_gmt":"2022-10-10T11:14:24","slug":"nerd-dating-sites","status":"publish","type":"page","link":"https:\/\/sushihiroba.co.uk\/de\/nerd-dating-sites\/","title":{"rendered":"Nerd-Dating-Sites"},"content":{"rendered":"<p>Es gibt keinen Grund, wegen &#8220;Nerd-Dating&#8221; nerv\u00f6s zu sein. Denken Sie zun\u00e4chst daran, dass nerdige Jungs wie jeder andere Typ sind, wenn es darum geht, sich anzuschlie\u00dfen. Sie suchen nach dem, was du bist: jemand, mit dem du eine gute Zeit haben kannst. Zweitens, haben Sie keine Angst, Ihre nerdige Seite zu zeigen. Jungs finden Intelligenz und die Liebe zum Lernen sexy, also lass deine Nerd-Flagge wehen! Haben Sie schlie\u00dflich keine Angst, den ersten Schritt zu machen. Nerdige Jungs sind oft sch\u00fcchtern, also liegt es an dir, die Verantwortung zu \u00fcbernehmen und ihn zu fragen. Mit diesen Tipps haben Sie sicher eine tolle Zeit &#8220;Nerd-Dating!&#8221;<\/p>\n<h2>Date A Geek<\/h2>\n<p>Sind Sie auf der Suche nach einem Date, das ein bisschen ein Geek ist? Dann suchen Sie nicht weiter als Ihre lokale Geek-Bar oder Online-Dating-Site. Hier sind ein paar Tipps, wie man einen Geek datet.<\/p>\n<ul>\n<li>Seien Sie auf einige intensive Gespr\u00e4che vorbereitet. Geeks lieben es, \u00fcber ihre Interessen zu sprechen, also seien Sie bereit, alles vom neuesten Comic-Film bis zum neuesten Videospiel zu diskutieren.<\/li>\n<li>Sich gedulden. Geeks k\u00f6nnen anfangs etwas sch\u00fcchtern sein, so dass es einige Zeit dauern kann, bis sie sich Ihnen \u00f6ffnen.<\/li>\n<li>Ehrlich gesagt. Geeks sch\u00e4tzen Ehrlichkeit, also versuchen Sie nicht, sich durch ein Gespr\u00e4ch zu t\u00e4uschen. Wenn Sie nicht an den gleichen Dingen interessiert sind, seien Sie einfach offen dar\u00fcber.<\/li>\n<li>Seien Sie flexibel. Geeks k\u00f6nnen in ihren Wegen ziemlich festgelegt sein, daher ist es wichtig, flexibel zu sein, wenn es um Pl\u00e4ne geht. Wenn Ihr Date bleiben und die ganze Nacht Videospiele spielen m\u00f6chte, gehen Sie mit.<\/li>\n<li>Sei du selbst. Geeks f\u00fchlen sich von Menschen angezogen, die echt und authentisch sind. Seien Sie also einfach Sie selbst und Sie werden sicher das perfekte Geeky-Match finden.<\/li>\n<\/ul>\n<p>Es gibt viele <a href=\"http:\/\/sushihiroba.co.uk\/local-swinger-sites\/\">Nerd-Dating-Sites<\/a>, von denen jede etwas anderes in Bezug auf Funktionen und Publikum bietet. Einige Websites, wie Geek 2 Geek, sind speziell f\u00fcr Geeks und Nerds konzipiert, w\u00e4hrend andere, wie OkCupid, f\u00fcr Menschen aller Nerd-Stufen offen sind.<\/p>\n<p>Wenn Sie nach Liebe suchen und sich als Nerd betrachten, gibt es eine Dating-Site f\u00fcr Sie. Egal, ob Sie sich f\u00fcr Sci-Fi, Spiele oder irgendetwas dazwischen interessieren, es gibt eine Gemeinschaft von Gleichgesinnten, die darauf warten, Sie zu treffen. Also geh raus und fang heute an, mit jemand Besonderem auszugehen.<\/p>\n<h2>Gaming-Dating-Sites<\/h2>\n<p>Es gibt eine Reihe von Dating-Sites, die sich speziell an Spieler richten. Diese Seiten verstehen die Leidenschaften und Interessen der Spieler und k\u00f6nnen Sie mit anderen Singles zusammenbringen, die Ihre Spielinteressen teilen. Egal, ob Sie nach einer lockeren Beziehung oder etwas Ernsterem suchen, es gibt eine Gaming-Dating-Site f\u00fcr Sie. Also geh raus und fang mit dem Gamer-Dating an!<\/p>\n<h3>IhrSecretHookup<\/h3>\n<p>Wenn Sie ein selbsternannter Nerd sind, der nach Liebe sucht, dann m\u00f6chten Sie vielleicht die neue Dating-App YourSecretHookup ausprobieren. Die App, die sich an Nerds und Geeks aller Art richtet, hat eine 4-Sterne-Bewertung im App Store und wurde von den Nutzern f\u00fcr ihre Benutzerfreundlichkeit und &#8220;Nerd-freundliche&#8221; Oberfl\u00e4che gelobt.<\/p>\n<p>YourSecretHookup ist eine gro\u00dfartige Option f\u00fcr Nerds, die nach Liebe suchen, aber es ist nicht perfekt. Die App hat viele Funktionen, die sie ideal f\u00fcr Nerds machen, aber sie hat auch ein paar Nachteile. Erstens ist die App nur in den USA verf\u00fcgbar. Zweitens hat die App keine sehr gro\u00dfe Benutzerbasis, so dass Sie m\u00f6glicherweise Schwierigkeiten haben, \u00dcbereinstimmungen in Ihrer N\u00e4he zu finden.<\/p>\n<p>Insgesamt ist YourSecretHookup eine gro\u00dfartige Dating-App f\u00fcr Nerds. Wenn Sie nach einem nerdigen Partner suchen, ist dies eine gro\u00dfartige Option. Wenn Sie sich jedoch au\u00dferhalb der USA befinden oder nach einer allgemeineren Dating-App suchen, sollten Sie sich woanders umsehen.<\/p>\n<h3>FindMyFlings<\/h3>\n<p>Ich bin k\u00fcrzlich auf die Dating-App FindMyFlings gesto\u00dfen und dachte, ich w\u00fcrde es versuchen, da ich mich f\u00fcr einen Nerd halte. Ich muss sagen, dass ich angenehm \u00fcberrascht war! Die App ist sehr benutzerfreundlich und der perfekte Ort f\u00fcr Nerds, um andere Nerds zu treffen. Die App hat auch eine gro\u00dfartige Funktion namens &#8220;Nerd Factor&#8221;, mit der Sie sich selbst auf einer Skala von 1-10 in Bezug auf Ihre Nerdigkeit bewerten k\u00f6nnen. Ich w\u00fcrde diese App auf jeden Fall jedem Nerd empfehlen, der nach Liebe sucht!<\/p>\n<h3>Viel Fisch<\/h3>\n<p>Wenn Sie ein selbsternannter Nerd sind, der nach Liebe sucht, dann m\u00f6chten Sie vielleicht die Plenty of Fish-Dating-App ausprobieren. Laut Bewertungen ist diese App mit Leuten gef\u00fcllt, die sich f\u00fcr Dinge wie Comics, Spiele und Cosplay begeistern.<\/p>\n<p>Also, wenn Sie nach einer nerdigen Beziehung suchen, k\u00f6nnte dies die App f\u00fcr Sie sein. Einige Rezensenten haben sich jedoch \u00fcber die Benutzeroberfl\u00e4che und die Benutzerbasis der App beschwert. Vielleicht m\u00f6chten Sie diese Beschwerden vor dem Herunterladen ber\u00fccksichtigen.<\/p>\n","protected":false},"excerpt":{"rendered":"<p>Es gibt keinen Grund, wegen &#8220;Nerd-Dating&#8221; nerv\u00f6s zu sein. Denken Sie zun\u00e4chst daran, dass nerdige Jungs wie jeder andere Typ&hellip;<\/p>\n","protected":false},"author":1,"featured_media":0,"parent":0,"menu_order":0,"comment_status":"closed","ping_status":"closed","template":"","meta":[],"yoast_head":"<!-- This site is optimized with the Yoast SEO plugin v17.7.1 - https:\/\/yoast.com\/wordpress\/plugins\/seo\/ -->\n<title>Nerd-Dating-Sites - Online Dating Roba<\/title>\n<meta name=\"robots\" content=\"index, follow, max-snippet:-1, max-image-preview:large, max-video-preview:-1\" \/>\n<link rel=\"canonical\" href=\"https:\/\/sushihiroba.co.uk\/de\/nerd-dating-sites\/\" \/>\n<meta property=\"og:locale\" content=\"de_DE\" \/>\n<meta property=\"og:type\" content=\"article\" \/>\n<meta property=\"og:title\" content=\"Nerd-Dating-Sites - Online Dating Roba\" \/>\n<meta property=\"og:description\" content=\"Es gibt keinen Grund, wegen &#8220;Nerd-Dating&#8221; nerv\u00f6s zu sein. Denken Sie zun\u00e4chst daran, dass nerdige Jungs wie jeder andere Typ&hellip;\" \/>\n<meta property=\"og:url\" content=\"https:\/\/sushihiroba.co.uk\/de\/nerd-dating-sites\/\" \/>\n<meta property=\"og:site_name\" content=\"Online Dating Roba\" \/>\n<meta name=\"twitter:card\" content=\"summary_large_image\" \/>\n<meta name=\"twitter:label1\" content=\"Gesch\u00e4tzte Lesezeit\" \/>\n\t<meta name=\"twitter:data1\" content=\"4 minutes\" \/>\n<script type=\"application\/ld+json\" class=\"yoast-schema-graph\">{\"@context\":\"https:\/\/schema.org\",\"@graph\":[{\"@type\":\"WebSite\",\"@id\":\"https:\/\/sushihiroba.co.uk\/de\/#website\",\"url\":\"https:\/\/sushihiroba.co.uk\/de\/\",\"name\":\"Online Dating Roba\",\"description\":\"Guide To Find Love\",\"potentialAction\":[{\"@type\":\"SearchAction\",\"target\":{\"@type\":\"EntryPoint\",\"urlTemplate\":\"https:\/\/sushihiroba.co.uk\/de\/?s={search_term_string}\"},\"query-input\":\"required name=search_term_string\"}],\"inLanguage\":\"de-DE\"},{\"@type\":\"WebPage\",\"@id\":\"https:\/\/sushihiroba.co.uk\/de\/nerd-dating-sites\/#webpage\",\"url\":\"https:\/\/sushihiroba.co.uk\/de\/nerd-dating-sites\/\",\"name\":\"Nerd-Dating-Sites - Online Dating Roba\",\"isPartOf\":{\"@id\":\"https:\/\/sushihiroba.co.uk\/de\/#website\"},\"datePublished\":\"2022-10-10T11:14:24+00:00\",\"dateModified\":\"2022-10-10T11:14:24+00:00\",\"breadcrumb\":{\"@id\":\"https:\/\/sushihiroba.co.uk\/de\/nerd-dating-sites\/#breadcrumb\"},\"inLanguage\":\"de-DE\",\"potentialAction\":[{\"@type\":\"ReadAction\",\"target\":[\"https:\/\/sushihiroba.co.uk\/de\/nerd-dating-sites\/\"]}]},{\"@type\":\"BreadcrumbList\",\"@id\":\"https:\/\/sushihiroba.co.uk\/de\/nerd-dating-sites\/#breadcrumb\",\"itemListElement\":[{\"@type\":\"ListItem\",\"position\":1,\"name\":\"Home\",\"item\":\"http:\/\/sushihiroba.co.uk\/de\/\"},{\"@type\":\"ListItem\",\"position\":2,\"name\":\"Nerd-Dating-Sites\"}]}]}<\/script>\n<!-- \/ Yoast SEO plugin. -->","yoast_head_json":{"title":"Nerd-Dating-Sites - Online Dating Roba","robots":{"index":"index","follow":"follow","max-snippet":"max-snippet:-1","max-image-preview":"max-image-preview:large","max-video-preview":"max-video-preview:-1"},"canonical":"https:\/\/sushihiroba.co.uk\/de\/nerd-dating-sites\/","og_locale":"de_DE","og_type":"article","og_title":"Nerd-Dating-Sites - Online Dating Roba","og_description":"Es gibt keinen Grund, wegen &#8220;Nerd-Dating&#8221; nerv\u00f6s zu sein. Denken Sie zun\u00e4chst daran, dass nerdige Jungs wie jeder andere Typ&hellip;","og_url":"https:\/\/sushihiroba.co.uk\/de\/nerd-dating-sites\/","og_site_name":"Online Dating Roba","twitter_card":"summary_large_image","twitter_misc":{"Gesch\u00e4tzte Lesezeit":"4 minutes"},"schema":{"@context":"https:\/\/schema.org","@graph":[{"@type":"WebSite","@id":"https:\/\/sushihiroba.co.uk\/de\/#website","url":"https:\/\/sushihiroba.co.uk\/de\/","name":"Online Dating Roba","description":"Guide To Find Love","potentialAction":[{"@type":"SearchAction","target":{"@type":"EntryPoint","urlTemplate":"https:\/\/sushihiroba.co.uk\/de\/?s={search_term_string}"},"query-input":"required name=search_term_string"}],"inLanguage":"de-DE"},{"@type":"WebPage","@id":"https:\/\/sushihiroba.co.uk\/de\/nerd-dating-sites\/#webpage","url":"https:\/\/sushihiroba.co.uk\/de\/nerd-dating-sites\/","name":"Nerd-Dating-Sites - Online Dating Roba","isPartOf":{"@id":"https:\/\/sushihiroba.co.uk\/de\/#website"},"datePublished":"2022-10-10T11:14:24+00:00","dateModified":"2022-10-10T11:14:24+00:00","breadcrumb":{"@id":"https:\/\/sushihiroba.co.uk\/de\/nerd-dating-sites\/#breadcrumb"},"inLanguage":"de-DE","potentialAction":[{"@type":"ReadAction","target":["https:\/\/sushihiroba.co.uk\/de\/nerd-dating-sites\/"]}]},{"@type":"BreadcrumbList","@id":"https:\/\/sushihiroba.co.uk\/de\/nerd-dating-sites\/#breadcrumb","itemListElement":[{"@type":"ListItem","position":1,"name":"Home","item":"http:\/\/sushihiroba.co.uk\/de\/"},{"@type":"ListItem","position":2,"name":"Nerd-Dating-Sites"}]}]}},"_links":{"self":[{"href":"https:\/\/sushihiroba.co.uk\/de\/wp-json\/wp\/v2\/pages\/148"}],"collection":[{"href":"https:\/\/sushihiroba.co.uk\/de\/wp-json\/wp\/v2\/pages"}],"about":[{"href":"https:\/\/sushihiroba.co.uk\/de\/wp-json\/wp\/v2\/types\/page"}],"author":[{"embeddable":true,"href":"https:\/\/sushihiroba.co.uk\/de\/wp-json\/wp\/v2\/users\/1"}],"replies":[{"embeddable":true,"href":"https:\/\/sushihiroba.co.uk\/de\/wp-json\/wp\/v2\/comments?post=148"}],"version-history":[{"count":0,"href":"https:\/\/sushihiroba.co.uk\/de\/wp-json\/wp\/v2\/pages\/148\/revisions"}],"wp:attachment":[{"href":"https:\/\/sushihiroba.co.uk\/de\/wp-json\/wp\/v2\/media?parent=148"}],"curies":[{"name":"wp","href":"https:\/\/api.w.org\/{rel}","templated":true}]}}