{"id":164,"date":"2022-10-10T12:12:51","date_gmt":"2022-10-10T11:12:51","guid":{"rendered":"http:\/\/sushihiroba.co.uk\/kostenloser-telefonsex\/"},"modified":"2022-10-10T12:12:51","modified_gmt":"2022-10-10T11:12:51","slug":"kostenloser-telefonsex","status":"publish","type":"page","link":"https:\/\/sushihiroba.co.uk\/de\/kostenloser-telefonsex\/","title":{"rendered":"Kostenloser Telefonsex"},"content":{"rendered":"<p>Wenn es darum geht, sich anzuschlie\u00dfen, kann kostenloser Telefonsex eine gute M\u00f6glichkeit sein, die Dinge in Gang zu bringen. Es kann helfen, das Eis zu brechen und die Dinge in Gang zu bringen, ohne sich Sorgen machen zu m\u00fcssen, dass die Dinge zu schnell zu k\u00f6rperlich werden. Au\u00dferdem kann es viel Spa\u00df machen! Wenn Sie dar\u00fcber nachdenken, kostenlosen Telefonsex auszuprobieren, finden Sie hier ein paar Tipps, die Ihnen den Einstieg erleichtern:<\/p>\n<ol>\n<li>Finden Sie einen Partner, der Lust darauf hat. Dies ist wahrscheinlich der wichtigste Schritt. Wenn Sie nicht beide auf der gleichen Seite sind, wird es f\u00fcr keinen von Ihnen Spa\u00df machen.<\/li>\n<li>Machen Sie es sich bequem. Das ist der Schl\u00fcssel. Wenn Sie sich nicht wohl f\u00fchlen, wird es sich zeigen. Finden Sie einen Ort, an dem Sie sich entspannen und wohlf\u00fchlen k\u00f6nnen.<\/li>\n<li>Loslassen. Dies ist deine Chance, f\u00fcr eine Weile jemand anderes zu sein. Viel Spa\u00df damit!<\/li>\n<li>Sei respektvoll. Denken Sie daran, dies ist immer noch eine andere Person am anderen Ende der Leitung. Sei also respektvoll und sage nichts, was du dir nicht gesagt haben m\u00f6chtest.<\/li>\n<li>Legen Sie auf, wenn es zu hei\u00df wird. Wenn die Dinge anfangen, ein wenig zu hitzig zu werden, ist es in Ordnung, aufzulegen. Sie k\u00f6nnen jederzeit ein anderes Mal zur\u00fcckrufen.<\/li>\n<\/ol>\n<h2>Kostenlose Test-Chat-Leitungen<\/h2>\n<p>Wenn Sie nach einer neuen M\u00f6glichkeit suchen, Leute zu treffen, sind Chat-Linien eine gro\u00dfartige Option. Viele Chat-Leitungen bieten kostenlose Testversionen an, sodass Sie sie ausprobieren k\u00f6nnen, bevor Sie sich verpflichten. Dies ist eine gro\u00dfartige M\u00f6glichkeit, um zu sehen, ob eine Chat-Leitung f\u00fcr Sie geeignet ist. Wenn Sie eine Chat-Leitung anrufen, werden Sie mit einer zuf\u00e4lligen Person verbunden. Sie k\u00f6nnen ein paar Minuten chatten und dann entscheiden, ob Sie sich treffen m\u00f6chten.<\/p>\n<p>Es gibt viele Telefonsex-Sites da drau\u00dfen, und sie k\u00f6nnen eine gro\u00dfartige M\u00f6glichkeit sein, Liebe zu finden. Sie k\u00f6nnen jemanden finden, mit dem Sie reden k\u00f6nnen, der die gleichen Dinge wie Sie hat, und Sie k\u00f6nnen sogar jemanden finden, der nach einer ernsthaften Beziehung sucht. Stellen Sie einfach sicher, dass Sie vorsichtig sind, wenn Sie diese Websites verwenden, und dass Sie sich die Zeit nehmen, die richtige Person f\u00fcr Sie zu finden.<\/p>\n<h2>Kostenloser Sex-Chat<\/h2>\n<p>Es gibt nichts Sch\u00f6neres, als sich mit jemandem auf einer tiefen Ebene sexuell zu verbinden. Kostenloser Sex-Chat bietet eine einzigartige Gelegenheit, genau das zu tun. Sie k\u00f6nnen sich mit jemandem verbinden, der Ihre sexuellen Interessen teilt, und Ihre W\u00fcnsche in einer sicheren und anonymen Umgebung erkunden. Kostenloser Sex-Chat ist der perfekte Weg, um Ihr Liebesleben aufzupeppen und Ihrem Partner n\u00e4her zu kommen.<\/p>\n<h3>ComeWithYou<\/h3>\n<p>ComeWithYou ist eine neue Dating-App, die die Online-Dating-Welt ersch\u00fcttert. Die App erm\u00f6glicht es Benutzern, sich \u00fcber einen Telefonanruf miteinander zu verbinden, anstatt nur durch Textnachrichten. Auf diese Weise k\u00f6nnen Benutzer tats\u00e4chlich die Stimmen des anderen h\u00f6ren und ein besseres Gef\u00fchl daf\u00fcr bekommen, mit wem sie sprechen. Die App bietet auch einen kostenlosen Telefonsex-Service, damit sich die Nutzer noch besser kennenlernen k\u00f6nnen. Die App befindet sich noch in einem fr\u00fchen Stadium, hat aber bereits f\u00fcr Aufsehen in der Online-Dating-Welt gesorgt.<\/p>\n<h3>FlirtHookup<\/h3>\n<p>Wenn Sie nach einer M\u00f6glichkeit suchen, Ihr Sexualleben aufzupeppen, suchen Sie nicht weiter als FlirtHookup. Diese innovative neue App erm\u00f6glicht es Ihnen, sich mit potenziellen Sexualpartnern in Ihrer N\u00e4he zu verbinden und mit ihnen zu chatten, um die Dinge in Gang zu bringen.<\/p>\n<p>Das Beste an FlirtHookup ist, dass es v\u00f6llig kostenlos zu verwenden ist. Das bedeutet, dass Sie mit so vielen Leuten chatten k\u00f6nnen, wie Sie m\u00f6chten, ohne sich Sorgen machen zu m\u00fcssen, die Bank zu sprengen.<\/p>\n<p>Wenn Sie also auf der Suche nach hei\u00dfem, schmutzigem Spa\u00df sind, laden Sie FlirtHookup noch heute herunter und erkunden Sie Ihre wildesten Fantasien.<\/p>\n<h3>Kr\u00e4henscharbe<\/h3>\n<p>Wenn Sie nach einer neuen Dating-App suchen, die Sie ausprobieren k\u00f6nnen, sollten Sie Shag in Betracht ziehen. Es ist eine kostenlose App, mit der Sie sich mit potenziellen \u00dcbereinstimmungen in Ihrer N\u00e4he verbinden k\u00f6nnen. Die App ist einfach zu bedienen und leicht zu navigieren. Au\u00dferdem ist es eine gro\u00dfartige M\u00f6glichkeit, neue Leute kennenzulernen und sich zu entspannen.<\/p>\n<p>Wenn es darum geht, einen Anschluss zu finden, ist Shag der richtige Weg. Die App kann kostenlos heruntergeladen und verwendet werden. Au\u00dferdem ist es einfach zu bedienen und zu navigieren. Sie k\u00f6nnen potenzielle \u00dcbereinstimmungen in Ihrer N\u00e4he schnell und einfach finden. Au\u00dferdem ist die App eine gro\u00dfartige M\u00f6glichkeit, neue Leute kennenzulernen und sich zu entspannen.<\/p>\n","protected":false},"excerpt":{"rendered":"<p>Wenn es darum geht, sich anzuschlie\u00dfen, kann kostenloser Telefonsex eine gute M\u00f6glichkeit sein, die Dinge in Gang zu bringen. Es&hellip;<\/p>\n","protected":false},"author":1,"featured_media":0,"parent":0,"menu_order":0,"comment_status":"closed","ping_status":"closed","template":"","meta":[],"yoast_head":"<!-- This site is optimized with the Yoast SEO plugin v17.7.1 - https:\/\/yoast.com\/wordpress\/plugins\/seo\/ -->\n<title>Kostenloser Telefonsex - Online Dating Roba<\/title>\n<meta name=\"robots\" content=\"index, follow, max-snippet:-1, max-image-preview:large, max-video-preview:-1\" \/>\n<link rel=\"canonical\" href=\"https:\/\/sushihiroba.co.uk\/de\/kostenloser-telefonsex\/\" \/>\n<meta property=\"og:locale\" content=\"de_DE\" \/>\n<meta property=\"og:type\" content=\"article\" \/>\n<meta property=\"og:title\" content=\"Kostenloser Telefonsex - Online Dating Roba\" \/>\n<meta property=\"og:description\" content=\"Wenn es darum geht, sich anzuschlie\u00dfen, kann kostenloser Telefonsex eine gute M\u00f6glichkeit sein, die Dinge in Gang zu bringen. Es&hellip;\" \/>\n<meta property=\"og:url\" content=\"https:\/\/sushihiroba.co.uk\/de\/kostenloser-telefonsex\/\" \/>\n<meta property=\"og:site_name\" content=\"Online Dating Roba\" \/>\n<meta name=\"twitter:card\" content=\"summary_large_image\" \/>\n<meta name=\"twitter:label1\" content=\"Gesch\u00e4tzte Lesezeit\" \/>\n\t<meta name=\"twitter:data1\" content=\"4 minutes\" \/>\n<script type=\"application\/ld+json\" class=\"yoast-schema-graph\">{\"@context\":\"https:\/\/schema.org\",\"@graph\":[{\"@type\":\"WebSite\",\"@id\":\"https:\/\/sushihiroba.co.uk\/de\/#website\",\"url\":\"https:\/\/sushihiroba.co.uk\/de\/\",\"name\":\"Online Dating Roba\",\"description\":\"Guide To Find Love\",\"potentialAction\":[{\"@type\":\"SearchAction\",\"target\":{\"@type\":\"EntryPoint\",\"urlTemplate\":\"https:\/\/sushihiroba.co.uk\/de\/?s={search_term_string}\"},\"query-input\":\"required name=search_term_string\"}],\"inLanguage\":\"de-DE\"},{\"@type\":\"WebPage\",\"@id\":\"https:\/\/sushihiroba.co.uk\/de\/kostenloser-telefonsex\/#webpage\",\"url\":\"https:\/\/sushihiroba.co.uk\/de\/kostenloser-telefonsex\/\",\"name\":\"Kostenloser Telefonsex - Online Dating Roba\",\"isPartOf\":{\"@id\":\"https:\/\/sushihiroba.co.uk\/de\/#website\"},\"datePublished\":\"2022-10-10T11:12:51+00:00\",\"dateModified\":\"2022-10-10T11:12:51+00:00\",\"breadcrumb\":{\"@id\":\"https:\/\/sushihiroba.co.uk\/de\/kostenloser-telefonsex\/#breadcrumb\"},\"inLanguage\":\"de-DE\",\"potentialAction\":[{\"@type\":\"ReadAction\",\"target\":[\"https:\/\/sushihiroba.co.uk\/de\/kostenloser-telefonsex\/\"]}]},{\"@type\":\"BreadcrumbList\",\"@id\":\"https:\/\/sushihiroba.co.uk\/de\/kostenloser-telefonsex\/#breadcrumb\",\"itemListElement\":[{\"@type\":\"ListItem\",\"position\":1,\"name\":\"Home\",\"item\":\"http:\/\/sushihiroba.co.uk\/de\/\"},{\"@type\":\"ListItem\",\"position\":2,\"name\":\"Kostenloser Telefonsex\"}]}]}<\/script>\n<!-- \/ Yoast SEO plugin. -->","yoast_head_json":{"title":"Kostenloser Telefonsex - Online Dating Roba","robots":{"index":"index","follow":"follow","max-snippet":"max-snippet:-1","max-image-preview":"max-image-preview:large","max-video-preview":"max-video-preview:-1"},"canonical":"https:\/\/sushihiroba.co.uk\/de\/kostenloser-telefonsex\/","og_locale":"de_DE","og_type":"article","og_title":"Kostenloser Telefonsex - Online Dating Roba","og_description":"Wenn es darum geht, sich anzuschlie\u00dfen, kann kostenloser Telefonsex eine gute M\u00f6glichkeit sein, die Dinge in Gang zu bringen. Es&hellip;","og_url":"https:\/\/sushihiroba.co.uk\/de\/kostenloser-telefonsex\/","og_site_name":"Online Dating Roba","twitter_card":"summary_large_image","twitter_misc":{"Gesch\u00e4tzte Lesezeit":"4 minutes"},"schema":{"@context":"https:\/\/schema.org","@graph":[{"@type":"WebSite","@id":"https:\/\/sushihiroba.co.uk\/de\/#website","url":"https:\/\/sushihiroba.co.uk\/de\/","name":"Online Dating Roba","description":"Guide To Find Love","potentialAction":[{"@type":"SearchAction","target":{"@type":"EntryPoint","urlTemplate":"https:\/\/sushihiroba.co.uk\/de\/?s={search_term_string}"},"query-input":"required name=search_term_string"}],"inLanguage":"de-DE"},{"@type":"WebPage","@id":"https:\/\/sushihiroba.co.uk\/de\/kostenloser-telefonsex\/#webpage","url":"https:\/\/sushihiroba.co.uk\/de\/kostenloser-telefonsex\/","name":"Kostenloser Telefonsex - Online Dating Roba","isPartOf":{"@id":"https:\/\/sushihiroba.co.uk\/de\/#website"},"datePublished":"2022-10-10T11:12:51+00:00","dateModified":"2022-10-10T11:12:51+00:00","breadcrumb":{"@id":"https:\/\/sushihiroba.co.uk\/de\/kostenloser-telefonsex\/#breadcrumb"},"inLanguage":"de-DE","potentialAction":[{"@type":"ReadAction","target":["https:\/\/sushihiroba.co.uk\/de\/kostenloser-telefonsex\/"]}]},{"@type":"BreadcrumbList","@id":"https:\/\/sushihiroba.co.uk\/de\/kostenloser-telefonsex\/#breadcrumb","itemListElement":[{"@type":"ListItem","position":1,"name":"Home","item":"http:\/\/sushihiroba.co.uk\/de\/"},{"@type":"ListItem","position":2,"name":"Kostenloser Telefonsex"}]}]}},"_links":{"self":[{"href":"https:\/\/sushihiroba.co.uk\/de\/wp-json\/wp\/v2\/pages\/164"}],"collection":[{"href":"https:\/\/sushihiroba.co.uk\/de\/wp-json\/wp\/v2\/pages"}],"about":[{"href":"https:\/\/sushihiroba.co.uk\/de\/wp-json\/wp\/v2\/types\/page"}],"author":[{"embeddable":true,"href":"https:\/\/sushihiroba.co.uk\/de\/wp-json\/wp\/v2\/users\/1"}],"replies":[{"embeddable":true,"href":"https:\/\/sushihiroba.co.uk\/de\/wp-json\/wp\/v2\/comments?post=164"}],"version-history":[{"count":0,"href":"https:\/\/sushihiroba.co.uk\/de\/wp-json\/wp\/v2\/pages\/164\/revisions"}],"wp:attachment":[{"href":"https:\/\/sushihiroba.co.uk\/de\/wp-json\/wp\/v2\/media?parent=164"}],"curies":[{"name":"wp","href":"https:\/\/api.w.org\/{rel}","templated":true}]}}