{"id":181,"date":"2022-10-10T12:13:54","date_gmt":"2022-10-10T11:13:54","guid":{"rendered":"http:\/\/sushihiroba.co.uk\/lokale-swinger-standorte\/"},"modified":"2022-10-10T12:13:54","modified_gmt":"2022-10-10T11:13:54","slug":"lokale-swinger-standorte","status":"publish","type":"page","link":"https:\/\/sushihiroba.co.uk\/de\/lokale-swinger-standorte\/","title":{"rendered":"Lokale Swinger-Standorte"},"content":{"rendered":"<p>Es gibt eine Menge lokaler Swinger-Sites, mit denen Sie sich mit anderen Paaren in Ihrer N\u00e4he verbinden k\u00f6nnen. Sie sind eine gro\u00dfartige M\u00f6glichkeit, neue Leute kennenzulernen und sie auf einer intimeren Ebene kennenzulernen. Auf diesen Seiten finden Sie auch viele Informationen \u00fcber die lokale Swingerszene und welche Ereignisse in Ihrer N\u00e4he stattfinden.<\/p>\n<h2>Swinger-Standorte<\/h2>\n<p>Es gibt ein paar verschiedene Arten von Swinger-Sites. Einige konzentrieren sich darauf, Swinger in einem bestimmten Bereich zu verbinden, damit sie sich treffen k\u00f6nnen. Andere sind eher wie Social-Networking-Sites, wo Menschen ihre Interessen teilen und sich mit Gleichgesinnten verbinden k\u00f6nnen. Wieder andere sind mehr auf Dating ausgerichtet, und Sie k\u00f6nnen Leute finden, die an den gleichen Dingen interessiert sind wie Sie.<\/p>\n<p>Wenn Sie daran interessiert sind, den Swinger-Lebensstil zu erkunden, gibt es ein paar verschiedene M\u00f6glichkeiten, dies zu tun. Sie k\u00f6nnen sich einige der verschiedenen Swinger-Sites ansehen, um zu sehen, welche f\u00fcr Sie die richtige ist. Sie k\u00f6nnen sich auch lokale Veranstaltungen oder Treffen ansehen, die in Ihrer N\u00e4he stattfinden k\u00f6nnten. Oder Sie k\u00f6nnten immer einfach den Sprung wagen und zu einer Swingerparty oder einem Club gehen. F\u00fcr welche Route Sie sich auch entscheiden, denken Sie daran, respektvoll zu sein und Spa\u00df zu haben!<\/p>\n<h2>Swinger-Anschl\u00fcsse<\/h2>\n<p>In der Welt des <a href=\"http:\/\/sushihiroba.co.uk\/friends-with-benefits-websites\/\">Online-Datings liegt der Schwerpunkt auf Hookups und kurzfristigen Seitenspr\u00fcngen<\/a>. Aber wenn Sie nach etwas Langfristigerem suchen, gibt es einen wachsenden Trend von Leuten, die nach Swinger-Anschl\u00fcssen suchen.<\/p>\n<p>Hier \u00f6ffnen zwei Menschen, die bereits in einer Beziehung sind, ihre Beziehung, um andere Sexualpartner einzubeziehen. Es kann eine gro\u00dfartige M\u00f6glichkeit sein, Ihr Sexualleben aufzupeppen und etwas Abwechslung zu schaffen.<\/p>\n<p>Wenn Sie daran interessiert sind, diese Option zu erkunden, gibt es ein paar Dinge, die Sie beachten m\u00fcssen. Zuerst m\u00fcssen Sie ehrlich zu Ihrem Partner sein, wonach Sie suchen. Zweitens m\u00fcssen Sie die Grenzen anderer Menschen respektieren. Und schlie\u00dflich m\u00fcssen Sie sicher sein und Schutz verwenden.<\/p>\n<p>Wenn Sie all diese Dinge tun k\u00f6nnen, dann sind Sie auf dem Weg, Liebe in der Welt der Swinger-Verbindungen zu finden.<\/p>\n<h2>Swinger Dating-Sites<\/h2>\n<p>Es gibt ein paar verschiedene Arten von Swinger-Dating-Sites. Die beliebtesten sind wahrscheinlich die allgemeinen Dating-Sites, die sich an Swinger richten. Diese Seiten haben in der Regel viele Mitglieder und sind sehr beliebt. Sie haben in der Regel viele Funktionen und erm\u00f6glichen es Ihnen, nach anderen Swingern in Ihrer N\u00e4he zu suchen.<\/p>\n<p>Eine andere Art von Swinger-Dating-Site ist die Lifestyle-Dating-Site. Diese Seiten sind speziell auf Swinger ausgerichtet und haben oft viele Funktionen, die auf den Lebensstil zugeschnitten sind. Sie haben in der Regel viele Mitglieder und sind sehr beliebt.<\/p>\n<p>Die letzte Art von Swinger-Dating-Site ist die Dating-Site f\u00fcr Erwachsene. Diese Seiten richten sich an Erwachsene, die daran interessiert sind, sich mit anderen Erwachsenen zu treffen. Sie haben in der Regel viele Mitglieder und sind sehr beliebt.<\/p>\n<h3>DateYou<\/h3>\n<p>Wenn Sie nach einer neuen Dating-App suchen, die speziell f\u00fcr Swinger-Paare entwickelt wurde, sollten Sie sich DateYou ansehen. Diese App wurde entwickelt, um Paaren zu helfen, sich mit anderen Paaren in ihrer N\u00e4he f\u00fcr Spa\u00df und Freundschaft zu verbinden. Die App ist einfach zu bedienen und verf\u00fcgt \u00fcber viele gro\u00dfartige Funktionen, wie ein Messaging-System und eine M\u00f6glichkeit, Fotos und Videos zu teilen. Die App verf\u00fcgt auch \u00fcber eine integrierte Suchfunktion, mit der Sie andere Paare in Ihrer N\u00e4he finden k\u00f6nnen, die nach jemandem suchen, mit dem Sie schwingen k\u00f6nnen. Insgesamt denken wir, dass DateYou eine gro\u00dfartige Option f\u00fcr Paare ist, die nach einer neuen M\u00f6glichkeit suchen, andere Paare kennenzulernen.<\/p>\n<h3>Fling.com<\/h3>\n<p>Fling.com ist eine lokale Swinger-Site, die es schon eine Weile gibt. Die Seite ist einfach zu bedienen und hat viele Mitglieder. Die Seite ist auch ein gro\u00dfartiger Ort, um lokale Swinger zu finden. Die Seite hat viele Funktionen und ist ein gro\u00dfartiger Ort, um lokale Swinger zu finden.<\/p>\n<h3>BBWCupid<\/h3>\n<p>BBWCupid ist eine Dating-App, die speziell f\u00fcr BBW-Singles und ihre Bewunderer entwickelt wurde. Die App ist kostenlos im App Store und bei Google Play erh\u00e4ltlich und hat auf beiden Plattformen eine 4-Sterne-Bewertung. Die App ist einfach zu bedienen und hat eine saubere Oberfl\u00e4che. Es hat auch viele Funktionen, die darauf ausgerichtet sind, Ihnen zu helfen, eine \u00dcbereinstimmung zu finden, einschlie\u00dflich einer Suchfunktion, einer &#8220;Favoriten&#8221; -Liste und eines Messaging-Systems. Der einzige Nachteil der App ist, dass sie keine sehr gro\u00dfe Benutzerbasis hat, so dass Sie m\u00f6glicherweise Schwierigkeiten haben, \u00dcbereinstimmungen in Ihrer N\u00e4he zu finden.<\/p>\n","protected":false},"excerpt":{"rendered":"<p>Es gibt eine Menge lokaler Swinger-Sites, mit denen Sie sich mit anderen Paaren in Ihrer N\u00e4he verbinden k\u00f6nnen. Sie sind&hellip;<\/p>\n","protected":false},"author":1,"featured_media":0,"parent":0,"menu_order":0,"comment_status":"closed","ping_status":"closed","template":"","meta":[],"yoast_head":"<!-- This site is optimized with the Yoast SEO plugin v17.7.1 - https:\/\/yoast.com\/wordpress\/plugins\/seo\/ -->\n<title>Lokale Swinger-Standorte - Online Dating Roba<\/title>\n<meta name=\"robots\" content=\"index, follow, max-snippet:-1, max-image-preview:large, max-video-preview:-1\" \/>\n<link rel=\"canonical\" href=\"https:\/\/sushihiroba.co.uk\/de\/lokale-swinger-standorte\/\" \/>\n<meta property=\"og:locale\" content=\"de_DE\" \/>\n<meta property=\"og:type\" content=\"article\" \/>\n<meta property=\"og:title\" content=\"Lokale Swinger-Standorte - Online Dating Roba\" \/>\n<meta property=\"og:description\" content=\"Es gibt eine Menge lokaler Swinger-Sites, mit denen Sie sich mit anderen Paaren in Ihrer N\u00e4he verbinden k\u00f6nnen. Sie sind&hellip;\" \/>\n<meta property=\"og:url\" content=\"https:\/\/sushihiroba.co.uk\/de\/lokale-swinger-standorte\/\" \/>\n<meta property=\"og:site_name\" content=\"Online Dating Roba\" \/>\n<meta name=\"twitter:card\" content=\"summary_large_image\" \/>\n<meta name=\"twitter:label1\" content=\"Gesch\u00e4tzte Lesezeit\" \/>\n\t<meta name=\"twitter:data1\" content=\"4 minutes\" \/>\n<script type=\"application\/ld+json\" class=\"yoast-schema-graph\">{\"@context\":\"https:\/\/schema.org\",\"@graph\":[{\"@type\":\"WebSite\",\"@id\":\"https:\/\/sushihiroba.co.uk\/de\/#website\",\"url\":\"https:\/\/sushihiroba.co.uk\/de\/\",\"name\":\"Online Dating Roba\",\"description\":\"Guide To Find Love\",\"potentialAction\":[{\"@type\":\"SearchAction\",\"target\":{\"@type\":\"EntryPoint\",\"urlTemplate\":\"https:\/\/sushihiroba.co.uk\/de\/?s={search_term_string}\"},\"query-input\":\"required name=search_term_string\"}],\"inLanguage\":\"de-DE\"},{\"@type\":\"WebPage\",\"@id\":\"https:\/\/sushihiroba.co.uk\/de\/lokale-swinger-standorte\/#webpage\",\"url\":\"https:\/\/sushihiroba.co.uk\/de\/lokale-swinger-standorte\/\",\"name\":\"Lokale Swinger-Standorte - Online Dating Roba\",\"isPartOf\":{\"@id\":\"https:\/\/sushihiroba.co.uk\/de\/#website\"},\"datePublished\":\"2022-10-10T11:13:54+00:00\",\"dateModified\":\"2022-10-10T11:13:54+00:00\",\"breadcrumb\":{\"@id\":\"https:\/\/sushihiroba.co.uk\/de\/lokale-swinger-standorte\/#breadcrumb\"},\"inLanguage\":\"de-DE\",\"potentialAction\":[{\"@type\":\"ReadAction\",\"target\":[\"https:\/\/sushihiroba.co.uk\/de\/lokale-swinger-standorte\/\"]}]},{\"@type\":\"BreadcrumbList\",\"@id\":\"https:\/\/sushihiroba.co.uk\/de\/lokale-swinger-standorte\/#breadcrumb\",\"itemListElement\":[{\"@type\":\"ListItem\",\"position\":1,\"name\":\"Home\",\"item\":\"http:\/\/sushihiroba.co.uk\/de\/\"},{\"@type\":\"ListItem\",\"position\":2,\"name\":\"Lokale Swinger-Standorte\"}]}]}<\/script>\n<!-- \/ Yoast SEO plugin. -->","yoast_head_json":{"title":"Lokale Swinger-Standorte - Online Dating Roba","robots":{"index":"index","follow":"follow","max-snippet":"max-snippet:-1","max-image-preview":"max-image-preview:large","max-video-preview":"max-video-preview:-1"},"canonical":"https:\/\/sushihiroba.co.uk\/de\/lokale-swinger-standorte\/","og_locale":"de_DE","og_type":"article","og_title":"Lokale Swinger-Standorte - Online Dating Roba","og_description":"Es gibt eine Menge lokaler Swinger-Sites, mit denen Sie sich mit anderen Paaren in Ihrer N\u00e4he verbinden k\u00f6nnen. Sie sind&hellip;","og_url":"https:\/\/sushihiroba.co.uk\/de\/lokale-swinger-standorte\/","og_site_name":"Online Dating Roba","twitter_card":"summary_large_image","twitter_misc":{"Gesch\u00e4tzte Lesezeit":"4 minutes"},"schema":{"@context":"https:\/\/schema.org","@graph":[{"@type":"WebSite","@id":"https:\/\/sushihiroba.co.uk\/de\/#website","url":"https:\/\/sushihiroba.co.uk\/de\/","name":"Online Dating Roba","description":"Guide To Find Love","potentialAction":[{"@type":"SearchAction","target":{"@type":"EntryPoint","urlTemplate":"https:\/\/sushihiroba.co.uk\/de\/?s={search_term_string}"},"query-input":"required name=search_term_string"}],"inLanguage":"de-DE"},{"@type":"WebPage","@id":"https:\/\/sushihiroba.co.uk\/de\/lokale-swinger-standorte\/#webpage","url":"https:\/\/sushihiroba.co.uk\/de\/lokale-swinger-standorte\/","name":"Lokale Swinger-Standorte - Online Dating Roba","isPartOf":{"@id":"https:\/\/sushihiroba.co.uk\/de\/#website"},"datePublished":"2022-10-10T11:13:54+00:00","dateModified":"2022-10-10T11:13:54+00:00","breadcrumb":{"@id":"https:\/\/sushihiroba.co.uk\/de\/lokale-swinger-standorte\/#breadcrumb"},"inLanguage":"de-DE","potentialAction":[{"@type":"ReadAction","target":["https:\/\/sushihiroba.co.uk\/de\/lokale-swinger-standorte\/"]}]},{"@type":"BreadcrumbList","@id":"https:\/\/sushihiroba.co.uk\/de\/lokale-swinger-standorte\/#breadcrumb","itemListElement":[{"@type":"ListItem","position":1,"name":"Home","item":"http:\/\/sushihiroba.co.uk\/de\/"},{"@type":"ListItem","position":2,"name":"Lokale Swinger-Standorte"}]}]}},"_links":{"self":[{"href":"https:\/\/sushihiroba.co.uk\/de\/wp-json\/wp\/v2\/pages\/181"}],"collection":[{"href":"https:\/\/sushihiroba.co.uk\/de\/wp-json\/wp\/v2\/pages"}],"about":[{"href":"https:\/\/sushihiroba.co.uk\/de\/wp-json\/wp\/v2\/types\/page"}],"author":[{"embeddable":true,"href":"https:\/\/sushihiroba.co.uk\/de\/wp-json\/wp\/v2\/users\/1"}],"replies":[{"embeddable":true,"href":"https:\/\/sushihiroba.co.uk\/de\/wp-json\/wp\/v2\/comments?post=181"}],"version-history":[{"count":0,"href":"https:\/\/sushihiroba.co.uk\/de\/wp-json\/wp\/v2\/pages\/181\/revisions"}],"wp:attachment":[{"href":"https:\/\/sushihiroba.co.uk\/de\/wp-json\/wp\/v2\/media?parent=181"}],"curies":[{"name":"wp","href":"https:\/\/api.w.org\/{rel}","templated":true}]}}