{"id":128,"date":"2022-10-10T12:13:39","date_gmt":"2022-10-10T11:13:39","guid":{"rendered":"http:\/\/sushihiroba.co.uk\/sitios-web-de-friends-with-benefits\/"},"modified":"2022-10-10T12:13:39","modified_gmt":"2022-10-10T11:13:39","slug":"sitios-web-de-friends-with-benefits","status":"publish","type":"page","link":"https:\/\/sushihiroba.co.uk\/es\/sitios-web-de-friends-with-benefits\/","title":{"rendered":"Sitios web de Friends With Benefits"},"content":{"rendered":"<h1>Citas locales de FWB<\/h1>\n<p>No hay nada como una <a href=\"http:\/\/sushihiroba.co.uk\/es\/milf-chat-de-sexo\/\">cita<\/a> local de fwb. Conoces a la persona, conoces su cuerpo y sabes lo que le gusta. No hay que adivinar o preguntarse si van a estar en lo que t\u00fa est\u00e1s. Es pura diversi\u00f3n sin adulterar.<\/p>\n<p>Por supuesto, hay algunas cosas que debe tener en cuenta al buscar una cita fwb local. En primer lugar, la comunicaci\u00f3n es clave. Debe tener claro lo que est\u00e1 buscando y con lo que se siente c\u00f3modo. De lo contrario, las cosas pueden ponerse bastante inc\u00f3modas, bastante r\u00e1pidas.<\/p>\n<p>Otra cosa a tener en cuenta es que las citas locales de fwb a veces pueden conducir a algo m\u00e1s. Si no est\u00e1s listo para eso, entonces es importante establecer algunos l\u00edmites. De lo contrario, podr\u00eda terminar lastim\u00e1ndose. Pero si est\u00e1 buscando una diversi\u00f3n buena y pasada de moda, entonces una cita fwb local es definitivamente el camino a seguir. Solo aseg\u00farese de comunicarse y ser respetuoso de los l\u00edmites del otro.<\/p>\n<h2>Sitios de FWB<\/h2>\n<p>Hay muchos tipos diferentes de sitios de FWB disponibles en l\u00ednea, cada uno de los cuales atiende a un tipo diferente de relaci\u00f3n. Algunos est\u00e1n orientados a aquellos que buscan una relaci\u00f3n m\u00e1s casual, mientras que otros est\u00e1n orientados a aquellos que buscan un compromiso m\u00e1s serio. No importa qu\u00e9 tipo de relaci\u00f3n est\u00e9 buscando, es probable que haya un sitio de FWB que sea adecuado para usted.<\/p>\n<p>Hay una serie de amigos con sitios web de beneficios que han surgido en los \u00faltimos a\u00f1os que atienden a personas que buscan amor. Estos sitios web permiten a los miembros crear perfiles y navegar a trav\u00e9s de los perfiles de otros miembros para encontrar una posible coincidencia. En la mayor\u00eda de los casos, los miembros tambi\u00e9n pueden comunicarse entre s\u00ed a trav\u00e9s del sitio web para conocerse mejor.<\/p>\n<p>Si bien algunas personas pueden dudar en usar un sitio web de amigos con beneficios para encontrar el amor, hay una serie de historias de \u00e9xito que han surgido de estos sitios web. En muchos casos, las personas han descubierto que usar un sitio web de amigos con beneficios puede ser una excelente manera de conocer gente nueva y potencialmente encontrar al amor de su vida.<\/p>\n<h2>Sitio de citas FWB<\/h2>\n<p>Hay muchas maneras diferentes de abordar las citas, y un m\u00e9todo popular es a trav\u00e9s del uso de un sitio de citas de amigos con beneficios. Este tipo de sitio puede ser una excelente manera de conocer gente nueva y conocerlos sin la presi\u00f3n de una relaci\u00f3n comprometida. Simplemente puede disfrutar de pasar tiempo juntos y explorar sus opciones sin preocuparse por hacia d\u00f3nde van las cosas.<\/p>\n<p>Por supuesto, es importante ser honestos entre s\u00ed sobre lo que est\u00e1n buscando desde el principio. Si no est\u00e1 en la misma p\u00e1gina, puede llevar a algunas dificultades en el futuro. Pero si eres abierto y honesto sobre lo que esperas, puede ser una excelente manera de conocer a alguien nuevo.<\/p>\n<h3>Fecha traviesa<\/h3>\n<p>La aplicaci\u00f3n de citas NaughtyDate es una de las aplicaciones de citas fwb locales m\u00e1s populares disponibles en la actualidad. Tiene una alta calificaci\u00f3n en la App Store y Google Play, y es descargado con frecuencia por los usuarios. La aplicaci\u00f3n permite a los usuarios conectarse con otros usuarios en su \u00e1rea y enviar y recibir mensajes. NaughtyDate tambi\u00e9n permite a los usuarios publicar fotos y videos, y ver perfiles de otros usuarios. La aplicaci\u00f3n se puede descargar y usar de forma gratuita, y no requiere una suscripci\u00f3n.<\/p>\n<h3>Geek2Geek<\/h3>\n<p>Si te gusta la cultura geek, te encantar\u00e1 Geek2Geek, una aplicaci\u00f3n de citas dise\u00f1ada para autoproclamados geeks. La aplicaci\u00f3n se puede descargar y usar de forma gratuita, y es bastante f\u00e1cil de navegar. Puede navegar por los perfiles por intereses o buscar coincidencias por ubicaci\u00f3n.<\/p>\n<p>Una desventaja de Geek2Geek es que no es la aplicaci\u00f3n m\u00e1s amigable con la diversidad que existe. La mayor\u00eda de los usuarios parecen ser blancos y hombres, por lo que si no te gusta eso, es posible que desees probar una aplicaci\u00f3n diferente.<\/p>\n<p>En general, Geek2Geek es una aplicaci\u00f3n decente para solteros geeks. Es de uso gratuito y relativamente f\u00e1cil de navegar, y tiene una selecci\u00f3n decente de usuarios. Solo ten en cuenta que no es la aplicaci\u00f3n m\u00e1s diversa que existe.<\/p>\n<h3>Aplicaci\u00f3n Kasual<\/h3>\n<p>Si est\u00e1 buscando una aplicaci\u00f3n local de citas fwb, Kasual es una excelente opci\u00f3n. La aplicaci\u00f3n es f\u00e1cil de usar y tiene muchas caracter\u00edsticas excelentes, como la capacidad de ver perfiles de otros usuarios en su \u00e1rea. La funci\u00f3n de b\u00fasqueda tambi\u00e9n es muy \u00fatil, ya que le permite encontrar posibles coincidencias en funci\u00f3n de su ubicaci\u00f3n. En general, Kasual es una gran opci\u00f3n para aquellos que buscan una aplicaci\u00f3n local de citas fwb.<\/p>\n","protected":false},"excerpt":{"rendered":"<p>Citas locales de FWB No hay nada como una cita local de fwb. Conoces a la persona, conoces su cuerpo&hellip;<\/p>\n","protected":false},"author":1,"featured_media":0,"parent":0,"menu_order":0,"comment_status":"closed","ping_status":"closed","template":"","meta":[],"yoast_head":"<!-- This site is optimized with the Yoast SEO plugin v17.7.1 - https:\/\/yoast.com\/wordpress\/plugins\/seo\/ -->\n<title>Sitios web de Friends With Benefits - Online Dating Roba<\/title>\n<meta name=\"robots\" content=\"index, follow, max-snippet:-1, max-image-preview:large, max-video-preview:-1\" \/>\n<link rel=\"canonical\" href=\"https:\/\/sushihiroba.co.uk\/es\/sitios-web-de-friends-with-benefits\/\" \/>\n<meta property=\"og:locale\" content=\"es_ES\" \/>\n<meta property=\"og:type\" content=\"article\" \/>\n<meta property=\"og:title\" content=\"Sitios web de Friends With Benefits - Online Dating Roba\" \/>\n<meta property=\"og:description\" content=\"Citas locales de FWB No hay nada como una cita local de fwb. Conoces a la persona, conoces su cuerpo&hellip;\" \/>\n<meta property=\"og:url\" content=\"https:\/\/sushihiroba.co.uk\/es\/sitios-web-de-friends-with-benefits\/\" \/>\n<meta property=\"og:site_name\" content=\"Online Dating Roba\" \/>\n<meta name=\"twitter:card\" content=\"summary_large_image\" \/>\n<meta name=\"twitter:label1\" content=\"Tiempo de lectura\" \/>\n\t<meta name=\"twitter:data1\" content=\"4 minutos\" \/>\n<script type=\"application\/ld+json\" class=\"yoast-schema-graph\">{\"@context\":\"https:\/\/schema.org\",\"@graph\":[{\"@type\":\"WebSite\",\"@id\":\"https:\/\/sushihiroba.co.uk\/es\/#website\",\"url\":\"https:\/\/sushihiroba.co.uk\/es\/\",\"name\":\"Online Dating Roba\",\"description\":\"Guide To Find Love\",\"potentialAction\":[{\"@type\":\"SearchAction\",\"target\":{\"@type\":\"EntryPoint\",\"urlTemplate\":\"https:\/\/sushihiroba.co.uk\/es\/?s={search_term_string}\"},\"query-input\":\"required name=search_term_string\"}],\"inLanguage\":\"es\"},{\"@type\":\"WebPage\",\"@id\":\"https:\/\/sushihiroba.co.uk\/es\/sitios-web-de-friends-with-benefits\/#webpage\",\"url\":\"https:\/\/sushihiroba.co.uk\/es\/sitios-web-de-friends-with-benefits\/\",\"name\":\"Sitios web de Friends With Benefits - Online Dating Roba\",\"isPartOf\":{\"@id\":\"https:\/\/sushihiroba.co.uk\/es\/#website\"},\"datePublished\":\"2022-10-10T11:13:39+00:00\",\"dateModified\":\"2022-10-10T11:13:39+00:00\",\"breadcrumb\":{\"@id\":\"https:\/\/sushihiroba.co.uk\/es\/sitios-web-de-friends-with-benefits\/#breadcrumb\"},\"inLanguage\":\"es\",\"potentialAction\":[{\"@type\":\"ReadAction\",\"target\":[\"https:\/\/sushihiroba.co.uk\/es\/sitios-web-de-friends-with-benefits\/\"]}]},{\"@type\":\"BreadcrumbList\",\"@id\":\"https:\/\/sushihiroba.co.uk\/es\/sitios-web-de-friends-with-benefits\/#breadcrumb\",\"itemListElement\":[{\"@type\":\"ListItem\",\"position\":1,\"name\":\"Home\",\"item\":\"http:\/\/sushihiroba.co.uk\/es\/\"},{\"@type\":\"ListItem\",\"position\":2,\"name\":\"Sitios web de Friends With Benefits\"}]}]}<\/script>\n<!-- \/ Yoast SEO plugin. -->","yoast_head_json":{"title":"Sitios web de Friends With Benefits - Online Dating Roba","robots":{"index":"index","follow":"follow","max-snippet":"max-snippet:-1","max-image-preview":"max-image-preview:large","max-video-preview":"max-video-preview:-1"},"canonical":"https:\/\/sushihiroba.co.uk\/es\/sitios-web-de-friends-with-benefits\/","og_locale":"es_ES","og_type":"article","og_title":"Sitios web de Friends With Benefits - Online Dating Roba","og_description":"Citas locales de FWB No hay nada como una cita local de fwb. Conoces a la persona, conoces su cuerpo&hellip;","og_url":"https:\/\/sushihiroba.co.uk\/es\/sitios-web-de-friends-with-benefits\/","og_site_name":"Online Dating Roba","twitter_card":"summary_large_image","twitter_misc":{"Tiempo de lectura":"4 minutos"},"schema":{"@context":"https:\/\/schema.org","@graph":[{"@type":"WebSite","@id":"https:\/\/sushihiroba.co.uk\/es\/#website","url":"https:\/\/sushihiroba.co.uk\/es\/","name":"Online Dating Roba","description":"Guide To Find Love","potentialAction":[{"@type":"SearchAction","target":{"@type":"EntryPoint","urlTemplate":"https:\/\/sushihiroba.co.uk\/es\/?s={search_term_string}"},"query-input":"required name=search_term_string"}],"inLanguage":"es"},{"@type":"WebPage","@id":"https:\/\/sushihiroba.co.uk\/es\/sitios-web-de-friends-with-benefits\/#webpage","url":"https:\/\/sushihiroba.co.uk\/es\/sitios-web-de-friends-with-benefits\/","name":"Sitios web de Friends With Benefits - Online Dating Roba","isPartOf":{"@id":"https:\/\/sushihiroba.co.uk\/es\/#website"},"datePublished":"2022-10-10T11:13:39+00:00","dateModified":"2022-10-10T11:13:39+00:00","breadcrumb":{"@id":"https:\/\/sushihiroba.co.uk\/es\/sitios-web-de-friends-with-benefits\/#breadcrumb"},"inLanguage":"es","potentialAction":[{"@type":"ReadAction","target":["https:\/\/sushihiroba.co.uk\/es\/sitios-web-de-friends-with-benefits\/"]}]},{"@type":"BreadcrumbList","@id":"https:\/\/sushihiroba.co.uk\/es\/sitios-web-de-friends-with-benefits\/#breadcrumb","itemListElement":[{"@type":"ListItem","position":1,"name":"Home","item":"http:\/\/sushihiroba.co.uk\/es\/"},{"@type":"ListItem","position":2,"name":"Sitios web de Friends With Benefits"}]}]}},"_links":{"self":[{"href":"https:\/\/sushihiroba.co.uk\/es\/wp-json\/wp\/v2\/pages\/128"}],"collection":[{"href":"https:\/\/sushihiroba.co.uk\/es\/wp-json\/wp\/v2\/pages"}],"about":[{"href":"https:\/\/sushihiroba.co.uk\/es\/wp-json\/wp\/v2\/types\/page"}],"author":[{"embeddable":true,"href":"https:\/\/sushihiroba.co.uk\/es\/wp-json\/wp\/v2\/users\/1"}],"replies":[{"embeddable":true,"href":"https:\/\/sushihiroba.co.uk\/es\/wp-json\/wp\/v2\/comments?post=128"}],"version-history":[{"count":0,"href":"https:\/\/sushihiroba.co.uk\/es\/wp-json\/wp\/v2\/pages\/128\/revisions"}],"wp:attachment":[{"href":"https:\/\/sushihiroba.co.uk\/es\/wp-json\/wp\/v2\/media?parent=128"}],"curies":[{"name":"wp","href":"https:\/\/api.w.org\/{rel}","templated":true}]}}