{"id":129,"date":"2022-10-10T12:14:24","date_gmt":"2022-10-10T11:14:24","guid":{"rendered":"http:\/\/sushihiroba.co.uk\/sitios-de-citas-nerd\/"},"modified":"2022-10-10T12:14:24","modified_gmt":"2022-10-10T11:14:24","slug":"sitios-de-citas-nerd","status":"publish","type":"page","link":"https:\/\/sushihiroba.co.uk\/es\/sitios-de-citas-nerd\/","title":{"rendered":"Sitios de citas nerd"},"content":{"rendered":"<p>No hay necesidad de estar nervioso por las \u00abcitas nerd\u00bb. Primero, recuerde que los chicos nerds son como cualquier otro tipo cuando se trata de conectarse. Est\u00e1n buscando lo mismo que t\u00fa: alguien con quien pasar un buen rato. En segundo lugar, no tengas miedo de mostrar tu lado nerd. Los chicos encuentran la inteligencia y el amor por aprender sexy, \u00a1as\u00ed que deja volar tu bandera nerd! Finalmente, no tengas miedo de hacer el primer movimiento. Los chicos nerds a menudo son t\u00edmidos, as\u00ed que depende de ti hacerte cargo y pedirle que salga. Con estos consejos, seguramente te lo pasar\u00e1s en grande \u00ab\u00a1citas nerd!\u00bb<\/p>\n<h2>Cita con un geek<\/h2>\n<p>\u00bfEst\u00e1s buscando una cita que sea un poco friki? Entonces no busque m\u00e1s all\u00e1 de su bar geek local o sitio de citas en l\u00ednea. Aqu\u00ed hay algunos consejos sobre c\u00f3mo salir con un geek.<\/p>\n<ul>\n<li>Prep\u00e1rate para algunas conversaciones intensas. A los geeks les encanta hablar sobre sus intereses, as\u00ed que prep\u00e1rate para discutir todo, desde la \u00faltima pel\u00edcula de c\u00f3mics hasta el videojuego m\u00e1s nuevo.<\/li>\n<li>S\u00e9 paciente. Los geeks pueden ser un poco t\u00edmidos al principio, por lo que puede tomar alg\u00fan tiempo para que se abran a ti.<\/li>\n<li>S\u00e9 honesto. Los geeks aprecian la honestidad, as\u00ed que no intentes fingir tu camino a trav\u00e9s de una conversaci\u00f3n. Si no est\u00e1s interesado en las mismas cosas, solo s\u00e9 sincero al respecto.<\/li>\n<li>Sea flexible. Los geeks pueden ser bastante establecidos en sus formas, por lo que es importante ser flexible cuando se trata de planes. Si tu cita quiere quedarse y jugar videojuegos toda la noche, ve con ella.<\/li>\n<li>S\u00e9 t\u00fa mismo. Los geeks se sienten atra\u00eddos por las personas que son genuinas y aut\u00e9nticas. As\u00ed que s\u00e9 t\u00fa mismo y seguramente encontrar\u00e1s la pareja geek perfecta.<\/li>\n<\/ul>\n<p>Hay muchos <a href=\"http:\/\/sushihiroba.co.uk\/es\/sitios-swinger-locales\/\">sitios de citas nerd por ah\u00ed<\/a>, cada uno de los cuales ofrece algo un poco diferente en t\u00e9rminos de caracter\u00edsticas y audiencia. Algunos sitios, como Geek 2 Geek, est\u00e1n dise\u00f1ados espec\u00edficamente para geeks y nerds, mientras que otros, como OkCupid, est\u00e1n abiertos a personas de todos los niveles nerd.<\/p>\n<p>Si est\u00e1s buscando amor y te consideras un nerd, hay un sitio de citas para ti. Ya sea que te guste la ciencia ficci\u00f3n, los juegos o cualquier otra cosa, hay una comunidad de personas de ideas afines esperando conocerte. As\u00ed que sal y comienza a salir con alguien especial hoy.<\/p>\n<h2>Sitios de citas de juegos<\/h2>\n<p>Hay una serie de sitios de citas que atienden espec\u00edficamente a los jugadores. Estos sitios entienden las pasiones e intereses de los jugadores y pueden emparejarlo con otros solteros que comparten sus intereses de juego. Ya sea que est\u00e9 buscando una relaci\u00f3n casual o algo m\u00e1s serio, hay un sitio de citas de juegos para usted. \u00a1As\u00ed que sal y comienza a tener citas de jugadores!<\/p>\n<h3>YourSecretHookup<\/h3>\n<p>Si eres un nerd autoproclamado que busca amor, entonces es posible que desees echar un vistazo a la nueva aplicaci\u00f3n de citas, YourSecretHookup. La aplicaci\u00f3n, que atiende a nerds y geeks de todo tipo, tiene una calificaci\u00f3n de 4 estrellas en la App Store y ha sido elogiada por los usuarios por su facilidad de uso y su interfaz \u00abamigable para nerds\u00bb.<\/p>\n<p>YourSecretHookup es una gran opci\u00f3n para los nerds que buscan amor, pero no es perfecto. La aplicaci\u00f3n tiene muchas caracter\u00edsticas que la hacen ideal para los nerds, pero tambi\u00e9n tiene algunos inconvenientes. En primer lugar, la aplicaci\u00f3n solo est\u00e1 disponible en los Estados Unidos. En segundo lugar, la aplicaci\u00f3n no tiene una base de usuarios muy grande, por lo que es posible que tenga problemas para encontrar coincidencias en su \u00e1rea.<\/p>\n<p>En general, YourSecretHookup es una gran aplicaci\u00f3n de citas para nerds. Si est\u00e1s buscando un compa\u00f1ero nerd, esta es una gran opci\u00f3n. Sin embargo, si est\u00e1 fuera de los EE. UU., O si est\u00e1 buscando una aplicaci\u00f3n de citas m\u00e1s general, es posible que desee buscar en otro lugar.<\/p>\n<h3>FindMyFlings<\/h3>\n<p>Recientemente me encontr\u00e9 con la aplicaci\u00f3n de citas FindMyFlings y pens\u00e9 que la probar\u00eda ya que me considero un poco nerd. \u00a1Tengo que decir que me sorprendi\u00f3 gratamente! La aplicaci\u00f3n es muy f\u00e1cil de usar y el lugar perfecto para que los nerds conozcan a otros nerds. La aplicaci\u00f3n tambi\u00e9n tiene una gran caracter\u00edstica llamada \u00abFactor Nerd\u00bb que le permite calificarse a s\u00ed mismo en una escala de 1 a 10 en t\u00e9rminos de su nerdismo. \u00a1Definitivamente recomendar\u00eda esta aplicaci\u00f3n a cualquier nerd que est\u00e9 buscando amor!<\/p>\n<h3>Un mont\u00f3n de pescado<\/h3>\n<p>Si eres un nerd autoproclamado que est\u00e1 buscando amor, entonces es posible que desees consultar la aplicaci\u00f3n de citas Plenty of Fish. Seg\u00fan las revisiones, esta aplicaci\u00f3n est\u00e1 llena de personas apasionadas por cosas como los c\u00f3mics, los juegos y el cosplay.<\/p>\n<p>Entonces, si est\u00e1s buscando una relaci\u00f3n nerd, esta podr\u00eda ser la aplicaci\u00f3n para ti. Sin embargo, algunos revisores se han quejado de la interfaz de la aplicaci\u00f3n y la base de usuarios. Por lo tanto, es posible que desee tener en cuenta esas quejas antes de descargar.<\/p>\n","protected":false},"excerpt":{"rendered":"<p>No hay necesidad de estar nervioso por las \u00abcitas nerd\u00bb. Primero, recuerde que los chicos nerds son como cualquier otro&hellip;<\/p>\n","protected":false},"author":1,"featured_media":0,"parent":0,"menu_order":0,"comment_status":"closed","ping_status":"closed","template":"","meta":[],"yoast_head":"<!-- This site is optimized with the Yoast SEO plugin v17.7.1 - https:\/\/yoast.com\/wordpress\/plugins\/seo\/ -->\n<title>Sitios de citas nerd - Online Dating Roba<\/title>\n<meta name=\"robots\" content=\"index, follow, max-snippet:-1, max-image-preview:large, max-video-preview:-1\" \/>\n<link rel=\"canonical\" href=\"https:\/\/sushihiroba.co.uk\/es\/sitios-de-citas-nerd\/\" \/>\n<meta property=\"og:locale\" content=\"es_ES\" \/>\n<meta property=\"og:type\" content=\"article\" \/>\n<meta property=\"og:title\" content=\"Sitios de citas nerd - Online Dating Roba\" \/>\n<meta property=\"og:description\" content=\"No hay necesidad de estar nervioso por las \u00abcitas nerd\u00bb. Primero, recuerde que los chicos nerds son como cualquier otro&hellip;\" \/>\n<meta property=\"og:url\" content=\"https:\/\/sushihiroba.co.uk\/es\/sitios-de-citas-nerd\/\" \/>\n<meta property=\"og:site_name\" content=\"Online Dating Roba\" \/>\n<meta name=\"twitter:card\" content=\"summary_large_image\" \/>\n<meta name=\"twitter:label1\" content=\"Tiempo de lectura\" \/>\n\t<meta name=\"twitter:data1\" content=\"4 minutos\" \/>\n<script type=\"application\/ld+json\" class=\"yoast-schema-graph\">{\"@context\":\"https:\/\/schema.org\",\"@graph\":[{\"@type\":\"WebSite\",\"@id\":\"https:\/\/sushihiroba.co.uk\/es\/#website\",\"url\":\"https:\/\/sushihiroba.co.uk\/es\/\",\"name\":\"Online Dating Roba\",\"description\":\"Guide To Find Love\",\"potentialAction\":[{\"@type\":\"SearchAction\",\"target\":{\"@type\":\"EntryPoint\",\"urlTemplate\":\"https:\/\/sushihiroba.co.uk\/es\/?s={search_term_string}\"},\"query-input\":\"required name=search_term_string\"}],\"inLanguage\":\"es\"},{\"@type\":\"WebPage\",\"@id\":\"https:\/\/sushihiroba.co.uk\/es\/sitios-de-citas-nerd\/#webpage\",\"url\":\"https:\/\/sushihiroba.co.uk\/es\/sitios-de-citas-nerd\/\",\"name\":\"Sitios de citas nerd - Online Dating Roba\",\"isPartOf\":{\"@id\":\"https:\/\/sushihiroba.co.uk\/es\/#website\"},\"datePublished\":\"2022-10-10T11:14:24+00:00\",\"dateModified\":\"2022-10-10T11:14:24+00:00\",\"breadcrumb\":{\"@id\":\"https:\/\/sushihiroba.co.uk\/es\/sitios-de-citas-nerd\/#breadcrumb\"},\"inLanguage\":\"es\",\"potentialAction\":[{\"@type\":\"ReadAction\",\"target\":[\"https:\/\/sushihiroba.co.uk\/es\/sitios-de-citas-nerd\/\"]}]},{\"@type\":\"BreadcrumbList\",\"@id\":\"https:\/\/sushihiroba.co.uk\/es\/sitios-de-citas-nerd\/#breadcrumb\",\"itemListElement\":[{\"@type\":\"ListItem\",\"position\":1,\"name\":\"Home\",\"item\":\"http:\/\/sushihiroba.co.uk\/es\/\"},{\"@type\":\"ListItem\",\"position\":2,\"name\":\"Sitios de citas nerd\"}]}]}<\/script>\n<!-- \/ Yoast SEO plugin. -->","yoast_head_json":{"title":"Sitios de citas nerd - Online Dating Roba","robots":{"index":"index","follow":"follow","max-snippet":"max-snippet:-1","max-image-preview":"max-image-preview:large","max-video-preview":"max-video-preview:-1"},"canonical":"https:\/\/sushihiroba.co.uk\/es\/sitios-de-citas-nerd\/","og_locale":"es_ES","og_type":"article","og_title":"Sitios de citas nerd - Online Dating Roba","og_description":"No hay necesidad de estar nervioso por las \u00abcitas nerd\u00bb. Primero, recuerde que los chicos nerds son como cualquier otro&hellip;","og_url":"https:\/\/sushihiroba.co.uk\/es\/sitios-de-citas-nerd\/","og_site_name":"Online Dating Roba","twitter_card":"summary_large_image","twitter_misc":{"Tiempo de lectura":"4 minutos"},"schema":{"@context":"https:\/\/schema.org","@graph":[{"@type":"WebSite","@id":"https:\/\/sushihiroba.co.uk\/es\/#website","url":"https:\/\/sushihiroba.co.uk\/es\/","name":"Online Dating Roba","description":"Guide To Find Love","potentialAction":[{"@type":"SearchAction","target":{"@type":"EntryPoint","urlTemplate":"https:\/\/sushihiroba.co.uk\/es\/?s={search_term_string}"},"query-input":"required name=search_term_string"}],"inLanguage":"es"},{"@type":"WebPage","@id":"https:\/\/sushihiroba.co.uk\/es\/sitios-de-citas-nerd\/#webpage","url":"https:\/\/sushihiroba.co.uk\/es\/sitios-de-citas-nerd\/","name":"Sitios de citas nerd - Online Dating Roba","isPartOf":{"@id":"https:\/\/sushihiroba.co.uk\/es\/#website"},"datePublished":"2022-10-10T11:14:24+00:00","dateModified":"2022-10-10T11:14:24+00:00","breadcrumb":{"@id":"https:\/\/sushihiroba.co.uk\/es\/sitios-de-citas-nerd\/#breadcrumb"},"inLanguage":"es","potentialAction":[{"@type":"ReadAction","target":["https:\/\/sushihiroba.co.uk\/es\/sitios-de-citas-nerd\/"]}]},{"@type":"BreadcrumbList","@id":"https:\/\/sushihiroba.co.uk\/es\/sitios-de-citas-nerd\/#breadcrumb","itemListElement":[{"@type":"ListItem","position":1,"name":"Home","item":"http:\/\/sushihiroba.co.uk\/es\/"},{"@type":"ListItem","position":2,"name":"Sitios de citas nerd"}]}]}},"_links":{"self":[{"href":"https:\/\/sushihiroba.co.uk\/es\/wp-json\/wp\/v2\/pages\/129"}],"collection":[{"href":"https:\/\/sushihiroba.co.uk\/es\/wp-json\/wp\/v2\/pages"}],"about":[{"href":"https:\/\/sushihiroba.co.uk\/es\/wp-json\/wp\/v2\/types\/page"}],"author":[{"embeddable":true,"href":"https:\/\/sushihiroba.co.uk\/es\/wp-json\/wp\/v2\/users\/1"}],"replies":[{"embeddable":true,"href":"https:\/\/sushihiroba.co.uk\/es\/wp-json\/wp\/v2\/comments?post=129"}],"version-history":[{"count":0,"href":"https:\/\/sushihiroba.co.uk\/es\/wp-json\/wp\/v2\/pages\/129\/revisions"}],"wp:attachment":[{"href":"https:\/\/sushihiroba.co.uk\/es\/wp-json\/wp\/v2\/media?parent=129"}],"curies":[{"name":"wp","href":"https:\/\/api.w.org\/{rel}","templated":true}]}}