{"id":133,"date":"2022-10-10T12:13:54","date_gmt":"2022-10-10T11:13:54","guid":{"rendered":"http:\/\/sushihiroba.co.uk\/sitios-swinger-locales\/"},"modified":"2022-10-10T12:13:54","modified_gmt":"2022-10-10T11:13:54","slug":"sitios-swinger-locales","status":"publish","type":"page","link":"https:\/\/sushihiroba.co.uk\/es\/sitios-swinger-locales\/","title":{"rendered":"Sitios swinger locales"},"content":{"rendered":"<p>Hay un mont\u00f3n de sitios swingers locales que puede usar para conectarse con otras parejas en su \u00e1rea. Son una excelente manera de conocer gente nueva y conocerlos a un nivel m\u00e1s \u00edntimo. Tambi\u00e9n puede encontrar mucha informaci\u00f3n en estos sitios sobre la escena local de swingers y qu\u00e9 eventos est\u00e1n sucediendo en su \u00e1rea.<\/p>\n<h2>Sitios Swinger<\/h2>\n<p>Hay algunos tipos diferentes de sitios swinger. Algunos se centran en conectar swingers en un \u00e1rea espec\u00edfica para que puedan reunirse. Otros son m\u00e1s como sitios de redes sociales, donde las personas pueden compartir sus intereses y conectarse con personas de ideas afines. Otros est\u00e1n m\u00e1s orientados a las citas, y puedes encontrar personas que est\u00e9n interesadas en las mismas cosas que t\u00fa.<\/p>\n<p>Si est\u00e1 interesado en explorar el estilo de vida swinger, hay algunas maneras diferentes de hacerlo. Puede consultar algunos de los diferentes sitios de swingers para ver cu\u00e1l es el adecuado para usted. Tambi\u00e9n puede buscar eventos locales o reuniones que podr\u00edan estar sucediendo en su \u00e1rea. O bien, siempre puedes dar el paso e ir a una fiesta o club swinger. Cualquiera que sea la ruta que elijas, \u00a1solo recuerda ser respetuoso y divertirte!<\/p>\n<h2>Conexiones de Swingers<\/h2>\n<p>En el mundo de las citas en l\u00ednea, hay mucho enfoque <a href=\"http:\/\/sushihiroba.co.uk\/es\/sitios-web-de-friends-with-benefits\/\">en las conexiones y aventuras a corto plazo<\/a>. Pero si est\u00e1s buscando algo un poco m\u00e1s a largo plazo, hay una tendencia creciente de personas que buscan conexiones swingers.<\/p>\n<p>Aqu\u00ed es donde dos personas que ya est\u00e1n en una relaci\u00f3n abren su relaci\u00f3n para incluir a otras parejas sexuales. Puede ser una excelente manera de darle vida a su vida sexual y agregar algo de variedad.<\/p>\n<p>Si est\u00e1 interesado en explorar esta opci\u00f3n, hay algunas cosas que debe tener en cuenta. Primero, debes ser honesto con tu pareja sobre lo que est\u00e1s buscando. En segundo lugar, debes ser respetuoso de los l\u00edmites de otras personas. Y finalmente, debe estar seguro y usar protecci\u00f3n.<\/p>\n<p>Si puedes hacer todas esas cosas, entonces est\u00e1s en camino de encontrar el amor en el mundo de las conexiones swingers.<\/p>\n<h2>Sitios de citas Swinger<\/h2>\n<p>Hay algunos tipos diferentes de sitios de citas swinger. Los m\u00e1s populares son probablemente los sitios de citas generales que atienden a los swingers. Estos sitios suelen tener muchos miembros y son bastante populares. Por lo general, tienen muchas caracter\u00edsticas y le permiten buscar otros swingers en su \u00e1rea.<\/p>\n<p>Otro tipo de sitio de citas swinger es el sitio de citas de estilo de vida. Estos sitios est\u00e1n orientados espec\u00edficamente a los swingers y, a menudo, tienen muchas caracter\u00edsticas que se adaptan al estilo de vida. Por lo general, tienen muchos miembros y son bastante populares.<\/p>\n<p>El \u00faltimo tipo de sitio de citas swinger es el sitio de citas para adultos. Estos sitios est\u00e1n dirigidos a adultos que est\u00e1n interesados en conectarse con otros adultos. Por lo general, tienen muchos miembros y son bastante populares.<\/p>\n<h3>DateYou<\/h3>\n<p>Si est\u00e1 buscando una nueva aplicaci\u00f3n de citas que est\u00e9 dise\u00f1ada espec\u00edficamente para parejas swinger, querr\u00e1 consultar DateYou. Esta aplicaci\u00f3n est\u00e1 dise\u00f1ada para ayudar a las parejas a conectarse con otras parejas en su \u00e1rea local para la diversi\u00f3n y la amistad. La aplicaci\u00f3n es f\u00e1cil de usar y tiene muchas caracter\u00edsticas excelentes, como un sistema de mensajer\u00eda y una forma de compartir fotos y videos. La aplicaci\u00f3n tambi\u00e9n tiene una funci\u00f3n de b\u00fasqueda incorporada para que pueda encontrar otras parejas en su \u00e1rea que est\u00e9n buscando a alguien con quien columpiarse. En general, creemos que DateYou es una gran opci\u00f3n para las parejas que buscan una nueva forma de conocer a otras parejas.<\/p>\n<h3>Fling.com<\/h3>\n<p>Fling.com es un sitio swinger local que ha existido por un tiempo. El sitio es f\u00e1cil de usar y tiene muchos miembros. El sitio tambi\u00e9n es un gran lugar para encontrar swingers locales. El sitio tiene muchas caracter\u00edsticas y es un gran lugar para encontrar swingers locales.<\/p>\n<h3>BBWCupid<\/h3>\n<p>BBWCupid es una aplicaci\u00f3n de citas que est\u00e1 dise\u00f1ada espec\u00edficamente para solteros de BBW y sus admiradores. La aplicaci\u00f3n est\u00e1 disponible de forma gratuita en App Store y Google Play, y tiene una calificaci\u00f3n de 4 estrellas en ambas plataformas. La aplicaci\u00f3n es f\u00e1cil de usar y tiene una interfaz limpia. Tambi\u00e9n tiene muchas caracter\u00edsticas que est\u00e1n orientadas a ayudarlo a encontrar una coincidencia, incluida una funci\u00f3n de b\u00fasqueda, una lista de \u00abfavoritos\u00bb y un sistema de mensajer\u00eda. El \u00fanico inconveniente de la aplicaci\u00f3n es que no tiene una base de usuarios muy grande, por lo que es posible que tenga problemas para encontrar coincidencias en su \u00e1rea.<\/p>\n","protected":false},"excerpt":{"rendered":"<p>Hay un mont\u00f3n de sitios swingers locales que puede usar para conectarse con otras parejas en su \u00e1rea. Son una&hellip;<\/p>\n","protected":false},"author":1,"featured_media":0,"parent":0,"menu_order":0,"comment_status":"closed","ping_status":"closed","template":"","meta":[],"yoast_head":"<!-- This site is optimized with the Yoast SEO plugin v17.7.1 - https:\/\/yoast.com\/wordpress\/plugins\/seo\/ -->\n<title>Sitios swinger locales - Online Dating Roba<\/title>\n<meta name=\"robots\" content=\"index, follow, max-snippet:-1, max-image-preview:large, max-video-preview:-1\" \/>\n<link rel=\"canonical\" href=\"https:\/\/sushihiroba.co.uk\/es\/sitios-swinger-locales\/\" \/>\n<meta property=\"og:locale\" content=\"es_ES\" \/>\n<meta property=\"og:type\" content=\"article\" \/>\n<meta property=\"og:title\" content=\"Sitios swinger locales - Online Dating Roba\" \/>\n<meta property=\"og:description\" content=\"Hay un mont\u00f3n de sitios swingers locales que puede usar para conectarse con otras parejas en su \u00e1rea. Son una&hellip;\" \/>\n<meta property=\"og:url\" content=\"https:\/\/sushihiroba.co.uk\/es\/sitios-swinger-locales\/\" \/>\n<meta property=\"og:site_name\" content=\"Online Dating Roba\" \/>\n<meta name=\"twitter:card\" content=\"summary_large_image\" \/>\n<meta name=\"twitter:label1\" content=\"Tiempo de lectura\" \/>\n\t<meta name=\"twitter:data1\" content=\"4 minutos\" \/>\n<script type=\"application\/ld+json\" class=\"yoast-schema-graph\">{\"@context\":\"https:\/\/schema.org\",\"@graph\":[{\"@type\":\"WebSite\",\"@id\":\"https:\/\/sushihiroba.co.uk\/es\/#website\",\"url\":\"https:\/\/sushihiroba.co.uk\/es\/\",\"name\":\"Online Dating Roba\",\"description\":\"Guide To Find Love\",\"potentialAction\":[{\"@type\":\"SearchAction\",\"target\":{\"@type\":\"EntryPoint\",\"urlTemplate\":\"https:\/\/sushihiroba.co.uk\/es\/?s={search_term_string}\"},\"query-input\":\"required name=search_term_string\"}],\"inLanguage\":\"es\"},{\"@type\":\"WebPage\",\"@id\":\"https:\/\/sushihiroba.co.uk\/es\/sitios-swinger-locales\/#webpage\",\"url\":\"https:\/\/sushihiroba.co.uk\/es\/sitios-swinger-locales\/\",\"name\":\"Sitios swinger locales - Online Dating Roba\",\"isPartOf\":{\"@id\":\"https:\/\/sushihiroba.co.uk\/es\/#website\"},\"datePublished\":\"2022-10-10T11:13:54+00:00\",\"dateModified\":\"2022-10-10T11:13:54+00:00\",\"breadcrumb\":{\"@id\":\"https:\/\/sushihiroba.co.uk\/es\/sitios-swinger-locales\/#breadcrumb\"},\"inLanguage\":\"es\",\"potentialAction\":[{\"@type\":\"ReadAction\",\"target\":[\"https:\/\/sushihiroba.co.uk\/es\/sitios-swinger-locales\/\"]}]},{\"@type\":\"BreadcrumbList\",\"@id\":\"https:\/\/sushihiroba.co.uk\/es\/sitios-swinger-locales\/#breadcrumb\",\"itemListElement\":[{\"@type\":\"ListItem\",\"position\":1,\"name\":\"Home\",\"item\":\"http:\/\/sushihiroba.co.uk\/es\/\"},{\"@type\":\"ListItem\",\"position\":2,\"name\":\"Sitios swinger locales\"}]}]}<\/script>\n<!-- \/ Yoast SEO plugin. -->","yoast_head_json":{"title":"Sitios swinger locales - Online Dating Roba","robots":{"index":"index","follow":"follow","max-snippet":"max-snippet:-1","max-image-preview":"max-image-preview:large","max-video-preview":"max-video-preview:-1"},"canonical":"https:\/\/sushihiroba.co.uk\/es\/sitios-swinger-locales\/","og_locale":"es_ES","og_type":"article","og_title":"Sitios swinger locales - Online Dating Roba","og_description":"Hay un mont\u00f3n de sitios swingers locales que puede usar para conectarse con otras parejas en su \u00e1rea. Son una&hellip;","og_url":"https:\/\/sushihiroba.co.uk\/es\/sitios-swinger-locales\/","og_site_name":"Online Dating Roba","twitter_card":"summary_large_image","twitter_misc":{"Tiempo de lectura":"4 minutos"},"schema":{"@context":"https:\/\/schema.org","@graph":[{"@type":"WebSite","@id":"https:\/\/sushihiroba.co.uk\/es\/#website","url":"https:\/\/sushihiroba.co.uk\/es\/","name":"Online Dating Roba","description":"Guide To Find Love","potentialAction":[{"@type":"SearchAction","target":{"@type":"EntryPoint","urlTemplate":"https:\/\/sushihiroba.co.uk\/es\/?s={search_term_string}"},"query-input":"required name=search_term_string"}],"inLanguage":"es"},{"@type":"WebPage","@id":"https:\/\/sushihiroba.co.uk\/es\/sitios-swinger-locales\/#webpage","url":"https:\/\/sushihiroba.co.uk\/es\/sitios-swinger-locales\/","name":"Sitios swinger locales - Online Dating Roba","isPartOf":{"@id":"https:\/\/sushihiroba.co.uk\/es\/#website"},"datePublished":"2022-10-10T11:13:54+00:00","dateModified":"2022-10-10T11:13:54+00:00","breadcrumb":{"@id":"https:\/\/sushihiroba.co.uk\/es\/sitios-swinger-locales\/#breadcrumb"},"inLanguage":"es","potentialAction":[{"@type":"ReadAction","target":["https:\/\/sushihiroba.co.uk\/es\/sitios-swinger-locales\/"]}]},{"@type":"BreadcrumbList","@id":"https:\/\/sushihiroba.co.uk\/es\/sitios-swinger-locales\/#breadcrumb","itemListElement":[{"@type":"ListItem","position":1,"name":"Home","item":"http:\/\/sushihiroba.co.uk\/es\/"},{"@type":"ListItem","position":2,"name":"Sitios swinger locales"}]}]}},"_links":{"self":[{"href":"https:\/\/sushihiroba.co.uk\/es\/wp-json\/wp\/v2\/pages\/133"}],"collection":[{"href":"https:\/\/sushihiroba.co.uk\/es\/wp-json\/wp\/v2\/pages"}],"about":[{"href":"https:\/\/sushihiroba.co.uk\/es\/wp-json\/wp\/v2\/types\/page"}],"author":[{"embeddable":true,"href":"https:\/\/sushihiroba.co.uk\/es\/wp-json\/wp\/v2\/users\/1"}],"replies":[{"embeddable":true,"href":"https:\/\/sushihiroba.co.uk\/es\/wp-json\/wp\/v2\/comments?post=133"}],"version-history":[{"count":0,"href":"https:\/\/sushihiroba.co.uk\/es\/wp-json\/wp\/v2\/pages\/133\/revisions"}],"wp:attachment":[{"href":"https:\/\/sushihiroba.co.uk\/es\/wp-json\/wp\/v2\/media?parent=133"}],"curies":[{"name":"wp","href":"https:\/\/api.w.org\/{rel}","templated":true}]}}