{"id":151,"date":"2022-10-10T12:13:28","date_gmt":"2022-10-10T11:13:28","guid":{"rendered":"http:\/\/sushihiroba.co.uk\/milf-chat-de-sexo\/"},"modified":"2022-10-10T12:13:28","modified_gmt":"2022-10-10T11:13:28","slug":"milf-chat-de-sexo","status":"publish","type":"page","link":"https:\/\/sushihiroba.co.uk\/es\/milf-chat-de-sexo\/","title":{"rendered":"MilF Chat De Sexo"},"content":{"rendered":"<p>Hay muchos <a href=\"http:\/\/sushihiroba.co.uk\/fetish-chat-rooms\/\">sitios de chat milf gratuitos<\/a> que pueden ayudarlo a conectarse con mujeres mayores que buscan una aventura. Todo lo que necesita hacer es encontrar un sitio que le guste, crear un perfil y comenzar a chatear. Te sorprender\u00e1 lo f\u00e1cil que es conectarse con alguien especial. Solo s\u00e9 t\u00fa mismo y pasa un buen rato.<\/p>\n<h2>Chatea con Milfs<\/h2>\n<p>Si est\u00e1 buscando chatear con milfs, entonces hay algunas cosas que debe tener en cuenta. Primero, s\u00e9 respetuoso. Estas son mujeres que generalmente son mayores que t\u00fa, por lo que es importante ser un caballero. Segundo, s\u00e9 interesante. Haz preguntas, comparte historias y s\u00e9 atractivo. Tercero, no seas agresivo. Estas mujeres est\u00e1n buscando a alguien con quien charlar, no a alguien con quien salir, as\u00ed que no trates de presionarlas para que hagan nada. Simplemente rel\u00e1jate, divi\u00e9rtete y disfruta de la conversaci\u00f3n.<\/p>\n<h2>Habla con Milfs<\/h2>\n<p>Estaba hablando con algunos milfs el otro d\u00eda y me dec\u00edan lo dif\u00edcil que es encontrar el amor en estos d\u00edas. Dijeron que han estado solteros por un tiempo y no han tenido mucha suerte. Dijeron que han probado las citas en l\u00ednea, pero no les ha funcionado bien. Dijeron que est\u00e1n empezando a sentir que son demasiado viejos para encontrar el amor. Les dije que nunca son demasiado viejos para encontrar el amor y que solo necesitan seguir buscando. Les dije que deber\u00edan intentar ir a algunos eventos o clubes de solteros. Creo que si siguen buscando, encontrar\u00e1n el amor.<\/p>\n<p>No hay nada como tener relaciones sexuales con un MILF. Tienen experiencia, saben lo que est\u00e1n haciendo y no tienen miedo de hacerse cargo. Es por eso que el chat sexual MILF es tan popular. Es una excelente manera de conectarse con mujeres mayores que saben lo que quieren y no tienen miedo de ir tras \u00e9l.<\/p>\n<p>Si est\u00e1 buscando ingresar al chat sexual milf, el mejor lugar para comenzar es encontrar una sala de chat que sea espec\u00edficamente para mujeres mayores. De esa manera, podr\u00e1s encontrar mujeres que buscan espec\u00edficamente hombres m\u00e1s j\u00f3venes con los que chatear. Una vez que haya encontrado una sala de chat que satisfaga sus necesidades, todo lo que necesita hacer es registrarse y comenzar a chatear. As\u00ed de simple. Si desea llevar las cosas al siguiente nivel, incluso puede probar el chat de video. Esta es una excelente manera de conocer realmente a alguien y ver si hay una conexi\u00f3n sexual. Solo recuerda ser respetuoso y seguir las reglas, y te asegurar\u00e1s de pasar un buen rato.<\/p>\n<h3>Yesca<\/h3>\n<p>Tinder es una popular aplicaci\u00f3n de citas que permite a los usuarios deslizar hacia la derecha o hacia la izquierda para indicar su inter\u00e9s en otro usuario. Si dos usuarios deslizan el dedo hacia la derecha en los perfiles del otro, pueden chatear y potencialmente reunirse en persona.<\/p>\n<p>Tinder generalmente se considera una forma segura y f\u00e1cil de conocer gente, aunque ha habido algunos informes de perfiles falsos y estafadores. En general, Tinder es una forma popular y conveniente de conocer gente nueva, y es especialmente adecuado para aquellos que buscan una conexi\u00f3n r\u00e1pida o una relaci\u00f3n casual.<\/p>\n<h3>BookOfSext<\/h3>\n<p>Si est\u00e1 buscando un sitio de chat milf que sea gratuito y f\u00e1cil de usar, BookOfSext es una excelente opci\u00f3n. El sitio tiene un dise\u00f1o limpio y moderno, y es f\u00e1cil de encontrar y chatear con milfs. Tambi\u00e9n hay muchas caracter\u00edsticas, como la capacidad de enviar mensajes privados, y el sitio est\u00e1 disponible en varios idiomas. Sin embargo, hay algunos inconvenientes. Por ejemplo, el sitio no tiene muchos usuarios y no est\u00e1 disponible en todos los pa\u00edses.<\/p>\n<h3>Lista doble<\/h3>\n<p>Si est\u00e1 buscando un sitio de chat milf gratuito, entonces definitivamente deber\u00eda consultar DoubleList. El sitio tiene una gran selecci\u00f3n de salas de chat, e incluso puede crear su propia sala de chat si lo desea. Tambi\u00e9n hay muchas caracter\u00edsticas que puede usar para hacer que su experiencia de chat sea m\u00e1s agradable, como la capacidad de enviar mensajes privados o incluso hacer videollamadas. En general, DoubleList es un gran sitio de chat, y definitivamente vale la pena echarle un vistazo si est\u00e1 buscando un sitio de chat milf gratuito.<\/p>\n","protected":false},"excerpt":{"rendered":"<p>Hay muchos sitios de chat milf gratuitos que pueden ayudarlo a conectarse con mujeres mayores que buscan una aventura. Todo&hellip;<\/p>\n","protected":false},"author":1,"featured_media":0,"parent":0,"menu_order":0,"comment_status":"closed","ping_status":"closed","template":"","meta":[],"yoast_head":"<!-- This site is optimized with the Yoast SEO plugin v17.7.1 - https:\/\/yoast.com\/wordpress\/plugins\/seo\/ -->\n<title>MilF Chat De Sexo - Online Dating Roba<\/title>\n<meta name=\"robots\" content=\"index, follow, max-snippet:-1, max-image-preview:large, max-video-preview:-1\" \/>\n<link rel=\"canonical\" href=\"https:\/\/sushihiroba.co.uk\/es\/milf-chat-de-sexo\/\" \/>\n<meta property=\"og:locale\" content=\"es_ES\" \/>\n<meta property=\"og:type\" content=\"article\" \/>\n<meta property=\"og:title\" content=\"MilF Chat De Sexo - Online Dating Roba\" \/>\n<meta property=\"og:description\" content=\"Hay muchos sitios de chat milf gratuitos que pueden ayudarlo a conectarse con mujeres mayores que buscan una aventura. Todo&hellip;\" \/>\n<meta property=\"og:url\" content=\"https:\/\/sushihiroba.co.uk\/es\/milf-chat-de-sexo\/\" \/>\n<meta property=\"og:site_name\" content=\"Online Dating Roba\" \/>\n<meta name=\"twitter:card\" content=\"summary_large_image\" \/>\n<meta name=\"twitter:label1\" content=\"Tiempo de lectura\" \/>\n\t<meta name=\"twitter:data1\" content=\"4 minutos\" \/>\n<script type=\"application\/ld+json\" class=\"yoast-schema-graph\">{\"@context\":\"https:\/\/schema.org\",\"@graph\":[{\"@type\":\"WebSite\",\"@id\":\"https:\/\/sushihiroba.co.uk\/es\/#website\",\"url\":\"https:\/\/sushihiroba.co.uk\/es\/\",\"name\":\"Online Dating Roba\",\"description\":\"Guide To Find Love\",\"potentialAction\":[{\"@type\":\"SearchAction\",\"target\":{\"@type\":\"EntryPoint\",\"urlTemplate\":\"https:\/\/sushihiroba.co.uk\/es\/?s={search_term_string}\"},\"query-input\":\"required name=search_term_string\"}],\"inLanguage\":\"es\"},{\"@type\":\"WebPage\",\"@id\":\"https:\/\/sushihiroba.co.uk\/es\/milf-chat-de-sexo\/#webpage\",\"url\":\"https:\/\/sushihiroba.co.uk\/es\/milf-chat-de-sexo\/\",\"name\":\"MilF Chat De Sexo - Online Dating Roba\",\"isPartOf\":{\"@id\":\"https:\/\/sushihiroba.co.uk\/es\/#website\"},\"datePublished\":\"2022-10-10T11:13:28+00:00\",\"dateModified\":\"2022-10-10T11:13:28+00:00\",\"breadcrumb\":{\"@id\":\"https:\/\/sushihiroba.co.uk\/es\/milf-chat-de-sexo\/#breadcrumb\"},\"inLanguage\":\"es\",\"potentialAction\":[{\"@type\":\"ReadAction\",\"target\":[\"https:\/\/sushihiroba.co.uk\/es\/milf-chat-de-sexo\/\"]}]},{\"@type\":\"BreadcrumbList\",\"@id\":\"https:\/\/sushihiroba.co.uk\/es\/milf-chat-de-sexo\/#breadcrumb\",\"itemListElement\":[{\"@type\":\"ListItem\",\"position\":1,\"name\":\"Home\",\"item\":\"http:\/\/sushihiroba.co.uk\/es\/\"},{\"@type\":\"ListItem\",\"position\":2,\"name\":\"MilF Chat De Sexo\"}]}]}<\/script>\n<!-- \/ Yoast SEO plugin. -->","yoast_head_json":{"title":"MilF Chat De Sexo - Online Dating Roba","robots":{"index":"index","follow":"follow","max-snippet":"max-snippet:-1","max-image-preview":"max-image-preview:large","max-video-preview":"max-video-preview:-1"},"canonical":"https:\/\/sushihiroba.co.uk\/es\/milf-chat-de-sexo\/","og_locale":"es_ES","og_type":"article","og_title":"MilF Chat De Sexo - Online Dating Roba","og_description":"Hay muchos sitios de chat milf gratuitos que pueden ayudarlo a conectarse con mujeres mayores que buscan una aventura. Todo&hellip;","og_url":"https:\/\/sushihiroba.co.uk\/es\/milf-chat-de-sexo\/","og_site_name":"Online Dating Roba","twitter_card":"summary_large_image","twitter_misc":{"Tiempo de lectura":"4 minutos"},"schema":{"@context":"https:\/\/schema.org","@graph":[{"@type":"WebSite","@id":"https:\/\/sushihiroba.co.uk\/es\/#website","url":"https:\/\/sushihiroba.co.uk\/es\/","name":"Online Dating Roba","description":"Guide To Find Love","potentialAction":[{"@type":"SearchAction","target":{"@type":"EntryPoint","urlTemplate":"https:\/\/sushihiroba.co.uk\/es\/?s={search_term_string}"},"query-input":"required name=search_term_string"}],"inLanguage":"es"},{"@type":"WebPage","@id":"https:\/\/sushihiroba.co.uk\/es\/milf-chat-de-sexo\/#webpage","url":"https:\/\/sushihiroba.co.uk\/es\/milf-chat-de-sexo\/","name":"MilF Chat De Sexo - Online Dating Roba","isPartOf":{"@id":"https:\/\/sushihiroba.co.uk\/es\/#website"},"datePublished":"2022-10-10T11:13:28+00:00","dateModified":"2022-10-10T11:13:28+00:00","breadcrumb":{"@id":"https:\/\/sushihiroba.co.uk\/es\/milf-chat-de-sexo\/#breadcrumb"},"inLanguage":"es","potentialAction":[{"@type":"ReadAction","target":["https:\/\/sushihiroba.co.uk\/es\/milf-chat-de-sexo\/"]}]},{"@type":"BreadcrumbList","@id":"https:\/\/sushihiroba.co.uk\/es\/milf-chat-de-sexo\/#breadcrumb","itemListElement":[{"@type":"ListItem","position":1,"name":"Home","item":"http:\/\/sushihiroba.co.uk\/es\/"},{"@type":"ListItem","position":2,"name":"MilF Chat De Sexo"}]}]}},"_links":{"self":[{"href":"https:\/\/sushihiroba.co.uk\/es\/wp-json\/wp\/v2\/pages\/151"}],"collection":[{"href":"https:\/\/sushihiroba.co.uk\/es\/wp-json\/wp\/v2\/pages"}],"about":[{"href":"https:\/\/sushihiroba.co.uk\/es\/wp-json\/wp\/v2\/types\/page"}],"author":[{"embeddable":true,"href":"https:\/\/sushihiroba.co.uk\/es\/wp-json\/wp\/v2\/users\/1"}],"replies":[{"embeddable":true,"href":"https:\/\/sushihiroba.co.uk\/es\/wp-json\/wp\/v2\/comments?post=151"}],"version-history":[{"count":0,"href":"https:\/\/sushihiroba.co.uk\/es\/wp-json\/wp\/v2\/pages\/151\/revisions"}],"wp:attachment":[{"href":"https:\/\/sushihiroba.co.uk\/es\/wp-json\/wp\/v2\/media?parent=151"}],"curies":[{"name":"wp","href":"https:\/\/api.w.org\/{rel}","templated":true}]}}