{"id":182,"date":"2022-10-10T12:12:51","date_gmt":"2022-10-10T11:12:51","guid":{"rendered":"http:\/\/sushihiroba.co.uk\/sexo-telefonico-gratis\/"},"modified":"2022-10-10T12:12:51","modified_gmt":"2022-10-10T11:12:51","slug":"sexo-telefonico-gratis","status":"publish","type":"page","link":"https:\/\/sushihiroba.co.uk\/es\/sexo-telefonico-gratis\/","title":{"rendered":"Sexo telef\u00f3nico gratis"},"content":{"rendered":"<p>Cuando se trata de conectarse, el sexo telef\u00f3nico gratuito puede ser una excelente manera de comenzar las cosas. Puede ayudar a romper el hielo y poner las cosas en marcha, sin tener que preocuparse de que las cosas se vuelvan demasiado f\u00edsicas demasiado r\u00e1pido. Adem\u00e1s, \u00a1puede ser muy divertido! Si est\u00e1 pensando en probar el sexo telef\u00f3nico gratuito, aqu\u00ed hay algunos consejos para ayudarlo a comenzar:<\/p>\n<ol>\n<li>Encuentre un socio que est\u00e9 preparado para ello. Este es probablemente el paso m\u00e1s importante. Si ambos no est\u00e1n en la misma p\u00e1gina, no va a ser divertido para ninguno de ustedes.<\/li>\n<li>Ponte c\u00f3modo. Esto es clave. Si no te sientes c\u00f3modo, se va a mostrar. Encuentre un lugar donde pueda relajarse y sentirse c\u00f3modo.<\/li>\n<li>Soltar. Esta es tu oportunidad de ser otra persona por un tiempo. \u00a1Divi\u00e9rtete con \u00e9l!<\/li>\n<li>S\u00e9 respetuoso. Recuerde, esta sigue siendo otra persona al otro lado de la l\u00ednea. As\u00ed que s\u00e9 respetuoso y no digas nada que no te gustar\u00eda que te dijeran.<\/li>\n<li>Cuelga si las cosas se calientan demasiado. Si las cosas comienzan a calentarse demasiado, est\u00e1 bien colgar. Siempre puedes volver a llamar en otro momento.<\/li>\n<\/ol>\n<h2>L\u00edneas de chat de prueba gratuitas<\/h2>\n<p>Si est\u00e1s buscando una nueva forma de conocer gente, las l\u00edneas de chat son una gran opci\u00f3n. Muchas l\u00edneas de chat ofrecen pruebas gratuitas, por lo que puede probarlas antes de comprometerse. Esta es una excelente manera de ver si una l\u00ednea de chat es adecuada para usted. Cuando llames a una l\u00ednea de chat, estar\u00e1s conectado a una persona al azar. Puede chatear durante unos minutos y luego decidir si desea reunirse.<\/p>\n<p>Hay muchos sitios de sexo telef\u00f3nico por ah\u00ed, y pueden ser una excelente manera de encontrar el amor. Puedes encontrar a alguien con quien hablar que est\u00e9 interesado en las mismas cosas que t\u00fa, e incluso puedes encontrar a alguien que est\u00e9 buscando una relaci\u00f3n seria. Solo aseg\u00farese de tener cuidado cuando use estos sitios y de tomarse el tiempo para encontrar a la persona adecuada para usted.<\/p>\n<h2>Chat de sexo gratis<\/h2>\n<p>No hay nada como conectarse con alguien en un nivel profundo sexualmente. El chat sexual gratuito brinda una oportunidad \u00fanica para hacer precisamente eso. Puede conectarse con alguien que comparta sus intereses sexuales y explorar sus deseos en un entorno seguro y an\u00f3nimo. El chat sexual gratuito es la manera perfecta de darle vida a tu vida amorosa y acercarte a tu pareja.<\/p>\n<h3>ComeWithYou<\/h3>\n<p>ComeWithYou es una nueva aplicaci\u00f3n de citas que est\u00e1 sacudiendo el mundo de las citas en l\u00ednea. La aplicaci\u00f3n permite a los usuarios conectarse entre s\u00ed mediante una llamada telef\u00f3nica, en lugar de solo a trav\u00e9s de mensajes de texto. De esta manera, los usuarios pueden escuchar las voces de los dem\u00e1s y tener una mejor idea de con qui\u00e9n est\u00e1n hablando. La aplicaci\u00f3n tambi\u00e9n ofrece un servicio de sexo telef\u00f3nico gratuito, para que los usuarios puedan conocerse a\u00fan mejor. La aplicaci\u00f3n a\u00fan se encuentra en sus primeras etapas, pero ya ha causado sensaci\u00f3n en el mundo de las citas en l\u00ednea.<\/p>\n<h3>FlirtHookup<\/h3>\n<p>Si est\u00e1s buscando una manera de darle vida a tu vida sexual, no busques m\u00e1s all\u00e1 de FlirtHookup. Esta nueva e innovadora aplicaci\u00f3n le permite conectarse con posibles parejas sexuales en su \u00e1rea y chatear sucio con ellos para comenzar las cosas.<\/p>\n<p>La mejor parte de FlirtHookup es que es completamente gratuito de usar. Eso significa que puede chatear con tantas personas como desee, sin tener que preocuparse por romper el banco.<\/p>\n<p>As\u00ed que si est\u00e1s buscando un poco de diversi\u00f3n caliente y sucia, descarga FlirtHookup hoy y comienza a explorar tus fantas\u00edas m\u00e1s salvajes.<\/p>\n<h3>Cormor\u00e1n mo\u00f1udo<\/h3>\n<p>Si est\u00e1s buscando una nueva aplicaci\u00f3n de citas para probar, considera Shag. Es una aplicaci\u00f3n gratuita que le permite conectarse con posibles coincidencias en su \u00e1rea. La aplicaci\u00f3n es f\u00e1cil de usar y f\u00e1cil de navegar. Adem\u00e1s, es una excelente manera de conocer gente nueva y acostarse.<\/p>\n<p>Cuando se trata de encontrar una conexi\u00f3n, Shag es el camino a seguir. La aplicaci\u00f3n se puede descargar y usar de forma gratuita. Adem\u00e1s, es f\u00e1cil de usar y navegar. Puede encontrar posibles coincidencias en su \u00e1rea de forma r\u00e1pida y sencilla. Adem\u00e1s, la aplicaci\u00f3n es una excelente manera de conocer gente nueva y ponerse.<\/p>\n","protected":false},"excerpt":{"rendered":"<p>Cuando se trata de conectarse, el sexo telef\u00f3nico gratuito puede ser una excelente manera de comenzar las cosas. Puede ayudar&hellip;<\/p>\n","protected":false},"author":1,"featured_media":0,"parent":0,"menu_order":0,"comment_status":"closed","ping_status":"closed","template":"","meta":[],"yoast_head":"<!-- This site is optimized with the Yoast SEO plugin v17.7.1 - https:\/\/yoast.com\/wordpress\/plugins\/seo\/ -->\n<title>Sexo telef\u00f3nico gratis - Online Dating Roba<\/title>\n<meta name=\"robots\" content=\"index, follow, max-snippet:-1, max-image-preview:large, max-video-preview:-1\" \/>\n<link rel=\"canonical\" href=\"https:\/\/sushihiroba.co.uk\/es\/sexo-telefonico-gratis\/\" \/>\n<meta property=\"og:locale\" content=\"es_ES\" \/>\n<meta property=\"og:type\" content=\"article\" \/>\n<meta property=\"og:title\" content=\"Sexo telef\u00f3nico gratis - Online Dating Roba\" \/>\n<meta property=\"og:description\" content=\"Cuando se trata de conectarse, el sexo telef\u00f3nico gratuito puede ser una excelente manera de comenzar las cosas. Puede ayudar&hellip;\" \/>\n<meta property=\"og:url\" content=\"https:\/\/sushihiroba.co.uk\/es\/sexo-telefonico-gratis\/\" \/>\n<meta property=\"og:site_name\" content=\"Online Dating Roba\" \/>\n<meta name=\"twitter:card\" content=\"summary_large_image\" \/>\n<meta name=\"twitter:label1\" content=\"Tiempo de lectura\" \/>\n\t<meta name=\"twitter:data1\" content=\"4 minutos\" \/>\n<script type=\"application\/ld+json\" class=\"yoast-schema-graph\">{\"@context\":\"https:\/\/schema.org\",\"@graph\":[{\"@type\":\"WebSite\",\"@id\":\"https:\/\/sushihiroba.co.uk\/es\/#website\",\"url\":\"https:\/\/sushihiroba.co.uk\/es\/\",\"name\":\"Online Dating Roba\",\"description\":\"Guide To Find Love\",\"potentialAction\":[{\"@type\":\"SearchAction\",\"target\":{\"@type\":\"EntryPoint\",\"urlTemplate\":\"https:\/\/sushihiroba.co.uk\/es\/?s={search_term_string}\"},\"query-input\":\"required name=search_term_string\"}],\"inLanguage\":\"es\"},{\"@type\":\"WebPage\",\"@id\":\"https:\/\/sushihiroba.co.uk\/es\/sexo-telefonico-gratis\/#webpage\",\"url\":\"https:\/\/sushihiroba.co.uk\/es\/sexo-telefonico-gratis\/\",\"name\":\"Sexo telef\\u00f3nico gratis - Online Dating Roba\",\"isPartOf\":{\"@id\":\"https:\/\/sushihiroba.co.uk\/es\/#website\"},\"datePublished\":\"2022-10-10T11:12:51+00:00\",\"dateModified\":\"2022-10-10T11:12:51+00:00\",\"breadcrumb\":{\"@id\":\"https:\/\/sushihiroba.co.uk\/es\/sexo-telefonico-gratis\/#breadcrumb\"},\"inLanguage\":\"es\",\"potentialAction\":[{\"@type\":\"ReadAction\",\"target\":[\"https:\/\/sushihiroba.co.uk\/es\/sexo-telefonico-gratis\/\"]}]},{\"@type\":\"BreadcrumbList\",\"@id\":\"https:\/\/sushihiroba.co.uk\/es\/sexo-telefonico-gratis\/#breadcrumb\",\"itemListElement\":[{\"@type\":\"ListItem\",\"position\":1,\"name\":\"Home\",\"item\":\"http:\/\/sushihiroba.co.uk\/es\/\"},{\"@type\":\"ListItem\",\"position\":2,\"name\":\"Sexo telef\\u00f3nico gratis\"}]}]}<\/script>\n<!-- \/ Yoast SEO plugin. -->","yoast_head_json":{"title":"Sexo telef\u00f3nico gratis - Online Dating Roba","robots":{"index":"index","follow":"follow","max-snippet":"max-snippet:-1","max-image-preview":"max-image-preview:large","max-video-preview":"max-video-preview:-1"},"canonical":"https:\/\/sushihiroba.co.uk\/es\/sexo-telefonico-gratis\/","og_locale":"es_ES","og_type":"article","og_title":"Sexo telef\u00f3nico gratis - Online Dating Roba","og_description":"Cuando se trata de conectarse, el sexo telef\u00f3nico gratuito puede ser una excelente manera de comenzar las cosas. Puede ayudar&hellip;","og_url":"https:\/\/sushihiroba.co.uk\/es\/sexo-telefonico-gratis\/","og_site_name":"Online Dating Roba","twitter_card":"summary_large_image","twitter_misc":{"Tiempo de lectura":"4 minutos"},"schema":{"@context":"https:\/\/schema.org","@graph":[{"@type":"WebSite","@id":"https:\/\/sushihiroba.co.uk\/es\/#website","url":"https:\/\/sushihiroba.co.uk\/es\/","name":"Online Dating Roba","description":"Guide To Find Love","potentialAction":[{"@type":"SearchAction","target":{"@type":"EntryPoint","urlTemplate":"https:\/\/sushihiroba.co.uk\/es\/?s={search_term_string}"},"query-input":"required name=search_term_string"}],"inLanguage":"es"},{"@type":"WebPage","@id":"https:\/\/sushihiroba.co.uk\/es\/sexo-telefonico-gratis\/#webpage","url":"https:\/\/sushihiroba.co.uk\/es\/sexo-telefonico-gratis\/","name":"Sexo telef\u00f3nico gratis - Online Dating Roba","isPartOf":{"@id":"https:\/\/sushihiroba.co.uk\/es\/#website"},"datePublished":"2022-10-10T11:12:51+00:00","dateModified":"2022-10-10T11:12:51+00:00","breadcrumb":{"@id":"https:\/\/sushihiroba.co.uk\/es\/sexo-telefonico-gratis\/#breadcrumb"},"inLanguage":"es","potentialAction":[{"@type":"ReadAction","target":["https:\/\/sushihiroba.co.uk\/es\/sexo-telefonico-gratis\/"]}]},{"@type":"BreadcrumbList","@id":"https:\/\/sushihiroba.co.uk\/es\/sexo-telefonico-gratis\/#breadcrumb","itemListElement":[{"@type":"ListItem","position":1,"name":"Home","item":"http:\/\/sushihiroba.co.uk\/es\/"},{"@type":"ListItem","position":2,"name":"Sexo telef\u00f3nico gratis"}]}]}},"_links":{"self":[{"href":"https:\/\/sushihiroba.co.uk\/es\/wp-json\/wp\/v2\/pages\/182"}],"collection":[{"href":"https:\/\/sushihiroba.co.uk\/es\/wp-json\/wp\/v2\/pages"}],"about":[{"href":"https:\/\/sushihiroba.co.uk\/es\/wp-json\/wp\/v2\/types\/page"}],"author":[{"embeddable":true,"href":"https:\/\/sushihiroba.co.uk\/es\/wp-json\/wp\/v2\/users\/1"}],"replies":[{"embeddable":true,"href":"https:\/\/sushihiroba.co.uk\/es\/wp-json\/wp\/v2\/comments?post=182"}],"version-history":[{"count":0,"href":"https:\/\/sushihiroba.co.uk\/es\/wp-json\/wp\/v2\/pages\/182\/revisions"}],"wp:attachment":[{"href":"https:\/\/sushihiroba.co.uk\/es\/wp-json\/wp\/v2\/media?parent=182"}],"curies":[{"name":"wp","href":"https:\/\/api.w.org\/{rel}","templated":true}]}}