{"id":183,"date":"2022-10-10T12:13:05","date_gmt":"2022-10-10T11:13:05","guid":{"rendered":"http:\/\/sushihiroba.co.uk\/salas-de-chat-fetiche\/"},"modified":"2022-10-10T12:13:05","modified_gmt":"2022-10-10T11:13:05","slug":"salas-de-chat-fetiche","status":"publish","type":"page","link":"https:\/\/sushihiroba.co.uk\/es\/salas-de-chat-fetiche\/","title":{"rendered":"Salas de chat fetiche"},"content":{"rendered":"<p>Hay muchas salas de chat diferentes para las personas que est\u00e1n interesadas en BDSM. Puede encontrar algunos que son espec\u00edficamente para personas que buscan conectarse, y tambi\u00e9n hay algunos que son solo para discusi\u00f3n general. Si est\u00e1 buscando una conexi\u00f3n, es una buena idea consultar algunas salas de chat diferentes para ver cu\u00e1l tiene la mayor cantidad de personas que est\u00e1n interesadas en lo mismo que usted. Tambi\u00e9n puede encontrar muchos recursos y consejos diferentes en estas salas de chat, por lo que es una buena idea explorarlos si es nuevo en la escena BDSM.<\/p>\n<h2>Sala de chat fetiche<\/h2>\n<p>En el mundo de las citas en l\u00ednea, hay todo tipo de salas de chat diferentes disponibles para personas con todo tipo de intereses diferentes. Un tipo de sala de chat que se ha vuelto cada vez m\u00e1s popular en los \u00faltimos a\u00f1os es la sala de chat fetiche.<\/p>\n<p>Una sala de chat fetiche es un lugar donde <a href=\"http:\/\/sushihiroba.co.uk\/free-phone-sex\/\">las personas con un inter\u00e9s sexual<\/a> en un tema espec\u00edfico pueden reunirse y conversar sobre sus intereses. Hay salas de chat para todo tipo de fetiches diferentes, desde fetichistas de pies hasta personas que est\u00e1n interesadas en BDSM.<\/p>\n<p>Las salas de chat fetiche pueden ser un gran lugar para explorar sus intereses sexuales y conocer personas de ideas afines. Sin embargo, es importante recordar ser respetuoso de los intereses y l\u00edmites de otras personas, y nunca presionar a nadie para que haga algo con lo que no se sienta c\u00f3modo.<\/p>\n<h2>Sala de chat Fetish<\/h2>\n<p>En una sala de chat fetiche, puedes explorar tus deseos m\u00e1s profundos con personas de ideas afines y potencialmente encontrar el amor. Ya sea que te guste el BDSM, el fetiche de los pies o cualquier otra torcedura, puedes encontrar a alguien que comparta tus intereses y con quien puedas explorar tu sexualidad. La mejor parte de las salas de chat fetiche es que puedes ser completamente abierto y honesto sobre tus intereses, y nadie te juzgar\u00e1. Entonces, si est\u00e1 buscando un espacio libre de juicios para expresar sus deseos m\u00e1s profundos, una sala de chat fetiche es el lugar perfecto para usted.<\/p>\n<p>Las salas de chat fetiche pueden ser una excelente manera de conectarse con personas de ideas afines que comparten sus intereses. Pueden ser una excelente manera de explorar tu sexualidad y aprender m\u00e1s sobre lo que te excita. Tambi\u00e9n pueden ser una excelente manera de conocer socios potenciales que comparten sus intereses. Sin embargo, es importante recordar que no todas las salas de chat fetiche son iguales. Algunos son mejores que otros, y algunos son m\u00e1s peligrosos que otros. Es importante hacer su investigaci\u00f3n antes de unirse a cualquier sala de chat, y solo unirse a aquellos con los que se sienta c\u00f3modo.<\/p>\n<h3>Flingster<\/h3>\n<p>Si est\u00e1 buscando una forma segura de explorar su lado pervertido, entonces definitivamente deber\u00eda consultar Flingster. Esta aplicaci\u00f3n de citas es perfecta para aquellos que sienten curiosidad por el BDSM y quieren encontrar una sala de chat donde puedan explorar sus deseos sexuales de una manera segura y consensuada.<\/p>\n<p>Flingster es una gran opci\u00f3n para aquellos que quieren sumergir sus dedos de los pies en el estilo de vida BDSM, ya que ofrece una variedad de salas de chat que atienden a diferentes torceduras y fetiches. Tambi\u00e9n puede estar seguro de que todos los miembros del sitio son reales, ya que cada perfil se verifica a trav\u00e9s de un proceso riguroso.<\/p>\n<p>Entonces, si est\u00e1 buscando una forma segura y divertida de explorar su lado pervertido, \u00a1aseg\u00farese de visitar Flingster!<\/p>\n<h3>Geek2Geek<\/h3>\n<p>Geek2Geek es una aplicaci\u00f3n de citas que atiende a nerds, geeks y otras personas geek. La aplicaci\u00f3n tiene muchas caracter\u00edsticas que la hacen ideal para personas nerds, incluida una funci\u00f3n de b\u00fasqueda que le permite encontrar otros nerds que comparten sus intereses. La aplicaci\u00f3n tambi\u00e9n tiene una funci\u00f3n de chat, por lo que puede chatear con otros nerds sobre sus intereses compartidos. La aplicaci\u00f3n se puede descargar y usar de forma gratuita, y est\u00e1 disponible tanto para iOS como para Android.<\/p>\n<h3>Fecha traviesa<\/h3>\n<p>NaughtyDate es una aplicaci\u00f3n de citas que se especializa en salas de chat BDSM. Es un gran lugar para encontrar personas de ideas afines y explorar tus torceduras y fetiches. La aplicaci\u00f3n es f\u00e1cil de usar y tiene muchas caracter\u00edsticas, lo que la convierte en una excelente opci\u00f3n para aquellos que buscan una experiencia de sala de chat pervertida.<\/p>\n","protected":false},"excerpt":{"rendered":"<p>Hay muchas salas de chat diferentes para las personas que est\u00e1n interesadas en BDSM. Puede encontrar algunos que son espec\u00edficamente&hellip;<\/p>\n","protected":false},"author":1,"featured_media":0,"parent":0,"menu_order":0,"comment_status":"closed","ping_status":"closed","template":"","meta":[],"yoast_head":"<!-- This site is optimized with the Yoast SEO plugin v17.7.1 - https:\/\/yoast.com\/wordpress\/plugins\/seo\/ -->\n<title>Salas de chat fetiche - Online Dating Roba<\/title>\n<meta name=\"robots\" content=\"index, follow, max-snippet:-1, max-image-preview:large, max-video-preview:-1\" \/>\n<link rel=\"canonical\" href=\"https:\/\/sushihiroba.co.uk\/es\/salas-de-chat-fetiche\/\" \/>\n<meta property=\"og:locale\" content=\"es_ES\" \/>\n<meta property=\"og:type\" content=\"article\" \/>\n<meta property=\"og:title\" content=\"Salas de chat fetiche - Online Dating Roba\" \/>\n<meta property=\"og:description\" content=\"Hay muchas salas de chat diferentes para las personas que est\u00e1n interesadas en BDSM. Puede encontrar algunos que son espec\u00edficamente&hellip;\" \/>\n<meta property=\"og:url\" content=\"https:\/\/sushihiroba.co.uk\/es\/salas-de-chat-fetiche\/\" \/>\n<meta property=\"og:site_name\" content=\"Online Dating Roba\" \/>\n<meta name=\"twitter:card\" content=\"summary_large_image\" \/>\n<meta name=\"twitter:label1\" content=\"Tiempo de lectura\" \/>\n\t<meta name=\"twitter:data1\" content=\"4 minutos\" \/>\n<script type=\"application\/ld+json\" class=\"yoast-schema-graph\">{\"@context\":\"https:\/\/schema.org\",\"@graph\":[{\"@type\":\"WebSite\",\"@id\":\"https:\/\/sushihiroba.co.uk\/es\/#website\",\"url\":\"https:\/\/sushihiroba.co.uk\/es\/\",\"name\":\"Online Dating Roba\",\"description\":\"Guide To Find Love\",\"potentialAction\":[{\"@type\":\"SearchAction\",\"target\":{\"@type\":\"EntryPoint\",\"urlTemplate\":\"https:\/\/sushihiroba.co.uk\/es\/?s={search_term_string}\"},\"query-input\":\"required name=search_term_string\"}],\"inLanguage\":\"es\"},{\"@type\":\"WebPage\",\"@id\":\"https:\/\/sushihiroba.co.uk\/es\/salas-de-chat-fetiche\/#webpage\",\"url\":\"https:\/\/sushihiroba.co.uk\/es\/salas-de-chat-fetiche\/\",\"name\":\"Salas de chat fetiche - Online Dating Roba\",\"isPartOf\":{\"@id\":\"https:\/\/sushihiroba.co.uk\/es\/#website\"},\"datePublished\":\"2022-10-10T11:13:05+00:00\",\"dateModified\":\"2022-10-10T11:13:05+00:00\",\"breadcrumb\":{\"@id\":\"https:\/\/sushihiroba.co.uk\/es\/salas-de-chat-fetiche\/#breadcrumb\"},\"inLanguage\":\"es\",\"potentialAction\":[{\"@type\":\"ReadAction\",\"target\":[\"https:\/\/sushihiroba.co.uk\/es\/salas-de-chat-fetiche\/\"]}]},{\"@type\":\"BreadcrumbList\",\"@id\":\"https:\/\/sushihiroba.co.uk\/es\/salas-de-chat-fetiche\/#breadcrumb\",\"itemListElement\":[{\"@type\":\"ListItem\",\"position\":1,\"name\":\"Home\",\"item\":\"http:\/\/sushihiroba.co.uk\/es\/\"},{\"@type\":\"ListItem\",\"position\":2,\"name\":\"Salas de chat fetiche\"}]}]}<\/script>\n<!-- \/ Yoast SEO plugin. -->","yoast_head_json":{"title":"Salas de chat fetiche - Online Dating Roba","robots":{"index":"index","follow":"follow","max-snippet":"max-snippet:-1","max-image-preview":"max-image-preview:large","max-video-preview":"max-video-preview:-1"},"canonical":"https:\/\/sushihiroba.co.uk\/es\/salas-de-chat-fetiche\/","og_locale":"es_ES","og_type":"article","og_title":"Salas de chat fetiche - Online Dating Roba","og_description":"Hay muchas salas de chat diferentes para las personas que est\u00e1n interesadas en BDSM. Puede encontrar algunos que son espec\u00edficamente&hellip;","og_url":"https:\/\/sushihiroba.co.uk\/es\/salas-de-chat-fetiche\/","og_site_name":"Online Dating Roba","twitter_card":"summary_large_image","twitter_misc":{"Tiempo de lectura":"4 minutos"},"schema":{"@context":"https:\/\/schema.org","@graph":[{"@type":"WebSite","@id":"https:\/\/sushihiroba.co.uk\/es\/#website","url":"https:\/\/sushihiroba.co.uk\/es\/","name":"Online Dating Roba","description":"Guide To Find Love","potentialAction":[{"@type":"SearchAction","target":{"@type":"EntryPoint","urlTemplate":"https:\/\/sushihiroba.co.uk\/es\/?s={search_term_string}"},"query-input":"required name=search_term_string"}],"inLanguage":"es"},{"@type":"WebPage","@id":"https:\/\/sushihiroba.co.uk\/es\/salas-de-chat-fetiche\/#webpage","url":"https:\/\/sushihiroba.co.uk\/es\/salas-de-chat-fetiche\/","name":"Salas de chat fetiche - Online Dating Roba","isPartOf":{"@id":"https:\/\/sushihiroba.co.uk\/es\/#website"},"datePublished":"2022-10-10T11:13:05+00:00","dateModified":"2022-10-10T11:13:05+00:00","breadcrumb":{"@id":"https:\/\/sushihiroba.co.uk\/es\/salas-de-chat-fetiche\/#breadcrumb"},"inLanguage":"es","potentialAction":[{"@type":"ReadAction","target":["https:\/\/sushihiroba.co.uk\/es\/salas-de-chat-fetiche\/"]}]},{"@type":"BreadcrumbList","@id":"https:\/\/sushihiroba.co.uk\/es\/salas-de-chat-fetiche\/#breadcrumb","itemListElement":[{"@type":"ListItem","position":1,"name":"Home","item":"http:\/\/sushihiroba.co.uk\/es\/"},{"@type":"ListItem","position":2,"name":"Salas de chat fetiche"}]}]}},"_links":{"self":[{"href":"https:\/\/sushihiroba.co.uk\/es\/wp-json\/wp\/v2\/pages\/183"}],"collection":[{"href":"https:\/\/sushihiroba.co.uk\/es\/wp-json\/wp\/v2\/pages"}],"about":[{"href":"https:\/\/sushihiroba.co.uk\/es\/wp-json\/wp\/v2\/types\/page"}],"author":[{"embeddable":true,"href":"https:\/\/sushihiroba.co.uk\/es\/wp-json\/wp\/v2\/users\/1"}],"replies":[{"embeddable":true,"href":"https:\/\/sushihiroba.co.uk\/es\/wp-json\/wp\/v2\/comments?post=183"}],"version-history":[{"count":0,"href":"https:\/\/sushihiroba.co.uk\/es\/wp-json\/wp\/v2\/pages\/183\/revisions"}],"wp:attachment":[{"href":"https:\/\/sushihiroba.co.uk\/es\/wp-json\/wp\/v2\/media?parent=183"}],"curies":[{"name":"wp","href":"https:\/\/api.w.org\/{rel}","templated":true}]}}