{"id":189,"date":"2022-10-10T11:37:20","date_gmt":"2022-10-10T10:37:20","guid":{"rendered":"http:\/\/sushihiroba.co.uk\/guia-para-encontrar-citas-y-conectarse-en-linea\/"},"modified":"2022-11-07T14:19:24","modified_gmt":"2022-11-07T14:19:24","slug":"guia-para-encontrar-citas-y-conectarse-en-linea","status":"publish","type":"page","link":"https:\/\/sushihiroba.co.uk\/es\/","title":{"rendered":"Gu\u00eda para encontrar citas y conectarse en l\u00ednea"},"content":{"rendered":"<p>Hay muchas aplicaciones de citas por ah\u00ed, pero encontrar una que realmente disfrutes usando no siempre es f\u00e1cil. Puede pensar que sabe lo que quiere, pero una vez que comience a chatear con personas en l\u00ednea, se dar\u00e1 cuenta de que realmente no ha pensado las cosas. Afortunadamente, hemos hecho la mayor parte del trabajo por ti.<\/p>\n<h2>\u00bfPor qu\u00e9 usar una aplicaci\u00f3n de citas?<\/h2>\n<p>Una de las razones por las que las aplicaciones de citas son tan populares es porque nos permiten conectarnos <a href=\"http:\/\/www.free-sex-games-no-credit-card.com\/fr\/\">jeux pornographiques gratuits<\/a> con personas en funci\u00f3n de nuestros intereses, algo que no siempre es posible en persona. Otra cosa que hace que las aplicaciones de citas sean geniales es que nos dan control sobre cu\u00e1nta informaci\u00f3n queremos revelar sobre nosotros mismos. No hay presi\u00f3n para revelar demasiado sobre ti mismo o tu vida, y eso nos da la libertad de abrirnos realmente.<\/p>\n<p>Otro beneficio de las aplicaciones de citas es que nos ayudan a eliminar a los peces. Sabemos lo que buscamos en una pareja, y por lo general podemos decir en cuesti\u00f3n de segundos si alguien es leg\u00edtimo o no. Adem\u00e1s, muchos sitios de citas ofrecen filtros como ubicaci\u00f3n, rango de edad, religi\u00f3n, etnia, etc., por lo que podemos reducir el campo r\u00e1pidamente. Adem\u00e1s, las aplicaciones de citas son convenientes. Nos dejan chatear con la gente sin tener que comprometernos con nada. Esto nos permite probar las aguas y averiguar si ser\u00edamos compatibles antes de comprometernos con una fecha completa.<\/p>\n<p>Hay muchos tipos diferentes de personas que buscan amor en l\u00ednea. Algunos quieren conocer a alguien en persona <a href=\"http:\/\/www.nosignupporngames.net\/es\/los-mejores-juegos-de-sexo-vr\/\">sexo vr<\/a>; otros solo quieren chatear. Y a algunos no les importa conocer a nadie en absoluto. Entonces, \u00bfqu\u00e9 hace que una aplicaci\u00f3n de citas sea mejor que otra? Usamos nuestros propios dispositivos para probar cada aplicaci\u00f3n y descubrimos que, si bien hay muchas opciones, algunas se destacan por encima del resto. Aqu\u00ed est\u00e1n las cinco mejores aplicaciones de citas que puede usar en este momento.<\/p>\n<h2>Nuestras mejores rese\u00f1as &#8211; \u00bfCu\u00e1l es su mejor opci\u00f3n?<\/h2>\n<p>\u00bfEst\u00e1s buscando amor o simplemente diversi\u00f3n? Hay muchas aplicaciones de citas por ah\u00ed, pero \u00bfcu\u00e1les realmente se destacan de la multitud?<\/p>\n<p>Ahora hay m\u00e1s de 100 millones de miembros en todo el mundo que utilizan aplicaciones de citas. Algunos de estos incluyen Tinder, Bumble, Happn, OkCupid, Grindr y PlentyOfFish.<\/p>\n<p>Algunas de estas aplicaciones son gratuitas, mientras que otras requieren pago. La elecci\u00f3n es tuya.<\/p>\n<h3>eHarmony<\/h3>\n<p>eHarmony es una de varias aplicaciones de citas en l\u00ednea que se centran \u00fanicamente en encontrar el amor dentro de su rango de edad. A diferencia de otros sitios como Match.com u OkCupid, eHarmony se centra en ayudarlo a encontrar una relaci\u00f3n duradera. eHarmony es perfecto para aquellos que buscan una conexi\u00f3n seria.<\/p>\n<p>Hay muchos tipos diferentes de personas que usan eHarmony. Por ejemplo, algunas personas buscan una aventura casual, mientras que otras prefieren salir con alguien con valores similares. Otras personas est\u00e1n buscando una relaci\u00f3n comprometida, mientras que otras solo quieren conocer gente nueva.<\/p>\n<p>Adem\u00e1s de poder filtrar las fechas potenciales en funci\u00f3n del tipo de relaci\u00f3n que est\u00e1n buscando, eHarmony te ayuda a reducir tus opciones en funci\u00f3n de los rasgos de personalidad. Despu\u00e9s de completar un extenso cuestionario, el sitio genera un informe detallado que enumera sus caracter\u00edsticas. Esta informaci\u00f3n le permite ver qu\u00e9 tan compatible es con otra persona. A continuaci\u00f3n, puede elegir si desea o no continuar comunic\u00e1ndose con el individuo.<\/p>\n<h3>  Bisagra<\/h3>\n<p>Hinge es una de esas aplicaciones que se siente como si hubiera sido dise\u00f1ada espec\u00edficamente para citas. La aplicaci\u00f3n utiliza inteligencia artificial para ayudarlo a encontrar personas basadas en intereses compartidos y puntos en com\u00fan. Pero a pesar de que es gratis, Hinge ofrece funciones de pago que le permiten deslizar m\u00e1s r\u00e1pido y ver menos perfiles por d\u00eda.<\/p>\n<p>La aplicaci\u00f3n te ofrece tres formas diferentes de interactuar con posibles fechas: Deslizar hacia la derecha <a href=\"http:\/\/www.nosignupporngames.net\/es\/\">juegos pornos gratis<\/a>, Deslizar hacia la izquierda y Me gusta \/ No me gusta. Si quieres hacer que una coincidencia suceda, tienes que elegir activamente lo que quieres decir. Puede escribir algo o usar respuestas preescritas.<\/p>\n<p>Si decide escribir algo, puede seleccionar cinco temas para discutir con su cita. Estos incluyen cosas como viajes, comida, libros, pel\u00edculas, m\u00fasica y deportes. Una vez que haya elegido su tema, puede agregar algunas palabras clave para restringir su b\u00fasqueda. Por ejemplo, podr\u00eda buscar personas que est\u00e9n interesadas en viajar a la ciudad de Nueva York. Entonces puedo limitar mi b\u00fasqueda a personas dentro de las 50 millas de Manhattan. No hay l\u00edmites en el lugar donde vives, pero no puedes restringir tus b\u00fasquedas a ciertos estados o pa\u00edses.<\/p>\n<p>Tambi\u00e9n puede filtrar sus coincidencias por edad, sexo, estado civil y ubicaci\u00f3n. Esto hace que encontrar socios compatibles sea mucho m\u00e1s f\u00e1cil.<\/p>\n<h3>  Yesca<\/h3>\n<p>Tinder es la aplicaci\u00f3n de citas m\u00e1s popular entre los millennials. Y aunque muchos adultos j\u00f3venes se apresuran a descartar la aplicaci\u00f3n como una forma de conocer a extra\u00f1os para tener relaciones sexuales casuales, en realidad hay algunas razones leg\u00edtimas por las que podr\u00eda valer la pena echarle un vistazo.<\/p>\n<p>La aplicaci\u00f3n es muy simple de usar y es gratuita. Simplemente deslice el dedo hacia la izquierda o hacia la derecha en los perfiles en funci\u00f3n de si le gusta la persona o no. Si se gustan el uno al otro, ver\u00e1n la informaci\u00f3n del perfil del otro, incluido d\u00f3nde trabajan, cu\u00e1les son sus pasatiempos e incluso sus bandas favoritas.<\/p>\n<p>Pero debido a que Tinder no est\u00e1 realmente dise\u00f1ado para relaciones a largo plazo, es el m\u00e1s adecuado para reunirse con amigos y divertirse. A\u00fan as\u00ed, tambi\u00e9n es posible encontrar un socio aqu\u00ed.<\/p>\n<h3>Bumble<\/h3>\n<p>Si est\u00e1s buscando una aplicaci\u00f3n de citas donde los hombres se vean obligados a dar el primer paso, no busques m\u00e1s all\u00e1 de Bumble. La aplicaci\u00f3n de citas, que se lanz\u00f3 en 2013, es esencialmente Tinder para mujeres. Si los chicos no le env\u00edan un mensaje dentro de las 24 horas, ella es emparejada con otro hombre. Y si no responde dentro de las 24 horas, perder\u00e1 la oportunidad.<\/p>\n<p>La idea detr\u00e1s de la aplicaci\u00f3n es simple: alienta a las mujeres a iniciar el contacto y les da a los hombres menos control sobre el proceso. Pero lo que hace que Bumble sea \u00fanico es c\u00f3mo obliga a los hombres a esperar mientras las mujeres deciden si quieren o no hablar con \u00e9l.<\/p>\n<p>Despu\u00e9s de su lanzamiento en 2013, Bumble r\u00e1pidamente se hizo popular entre los adultos j\u00f3venes. De hecho, la aplicaci\u00f3n cuenta con casi 20 millones de usuarios activos mensuales, lo que la convierte en la segunda aplicaci\u00f3n de citas m\u00e1s utilizada en el mundo.<\/p>\n<h3>El caf\u00e9 se encuentra con el bagel<\/h3>\n<p>La aplicaci\u00f3n de citas m\u00e1s nueva en llegar al mercado se llama Coffee Meets Bagel. Si bien hay muchas opciones por ah\u00ed, Coffee Meets Bagle lleva las cosas en una direcci\u00f3n diferente. En lugar de hacer que los usuarios deslicen hacia la izquierda o hacia la derecha, utiliza un m\u00e9todo diferente en el que ambas partes deben aprobarse mutuamente antes de que ocurra una coincidencia.<\/p>\n<p>Si bien esto suena muy bien en teor\u00eda, significa que est\u00e1s limitado a chatear con personas dentro de los siete d\u00edas. Esto podr\u00eda llevar a algunas conversaciones inc\u00f3modas mientras intenta encontrar a alguien que comparta sus intereses.<\/p>\n<p>Adem\u00e1s de la ventana de siete d\u00edas, la secci\u00f3n de perfil de Coffee Meets Bagles no es exactamente lo que llamar\u00edas exhaustivo. No hay forma de ver cu\u00e1ntos me gusta ha recibido una persona o cu\u00e1les son sus pel\u00edculas o programas de televisi\u00f3n favoritos. Pero la buena noticia es que el sitio proporciona amplia informaci\u00f3n sobre posibles coincidencias. Aprender\u00e1 todo, desde si han estado solteros o han participado en relaciones en l\u00ednea hasta su rango de edad.<\/p>\n<h3>Reflexiones finales<\/h3>\n<p>En conclusi\u00f3n, si est\u00e1 buscando un buen sitio de citas en l\u00ednea con una gran base de datos, entonces Tinder es la mejor opci\u00f3n. El sitio web ofrece una amplia gama de caracter\u00edsticas como salas de chat, chat de video con c\u00e1mara web, correo electr\u00f3nico, mensajer\u00eda instant\u00e1nea, foros, blogs, etc. Si est\u00e1 buscando un sitio de citas gratuito o un sitio de citas de pago, puede probar ambos sitios. Encontrar\u00e1s muchas personas que quieren conectarse y acostarse.<\/p>\n<p>Siguiendo nuestros consejos, esperamos que encuentre lo que necesita y disfrute de una experiencia de citas saludable.<\/p>\n","protected":false},"excerpt":{"rendered":"<p>Hay muchas aplicaciones de citas por ah\u00ed, pero encontrar una que realmente disfrutes usando no siempre es f\u00e1cil. Puede pensar&hellip;<\/p>\n","protected":false},"author":1,"featured_media":124,"parent":0,"menu_order":0,"comment_status":"closed","ping_status":"closed","template":"","meta":[],"yoast_head":"<!-- This site is optimized with the Yoast SEO plugin v17.7.1 - https:\/\/yoast.com\/wordpress\/plugins\/seo\/ -->\n<title>Gu\u00eda para encontrar citas y conectarse en l\u00ednea - Online Dating Roba<\/title>\n<meta name=\"robots\" content=\"index, follow, max-snippet:-1, max-image-preview:large, max-video-preview:-1\" \/>\n<link rel=\"canonical\" href=\"https:\/\/sushihiroba.co.uk\/es\/\" \/>\n<meta property=\"og:locale\" content=\"es_ES\" \/>\n<meta property=\"og:type\" content=\"article\" \/>\n<meta property=\"og:title\" content=\"Gu\u00eda para encontrar citas y conectarse en l\u00ednea - Online Dating Roba\" \/>\n<meta property=\"og:description\" content=\"Hay muchas aplicaciones de citas por ah\u00ed, pero encontrar una que realmente disfrutes usando no siempre es f\u00e1cil. Puede pensar&hellip;\" \/>\n<meta property=\"og:url\" content=\"https:\/\/sushihiroba.co.uk\/es\/\" \/>\n<meta property=\"og:site_name\" content=\"Online Dating Roba\" \/>\n<meta property=\"article:modified_time\" content=\"2022-11-07T14:19:24+00:00\" \/>\n<meta property=\"og:image\" content=\"http:\/\/sushihiroba.co.uk\/wp-content\/uploads\/2022\/10\/local-dating-apps-for-singles.jpeg\" \/>\n\t<meta property=\"og:image:width\" content=\"500\" \/>\n\t<meta property=\"og:image:height\" content=\"333\" \/>\n<meta name=\"twitter:card\" content=\"summary_large_image\" \/>\n<meta name=\"twitter:label1\" content=\"Tiempo de lectura\" \/>\n\t<meta name=\"twitter:data1\" content=\"8 minutos\" \/>\n<script type=\"application\/ld+json\" class=\"yoast-schema-graph\">{\"@context\":\"https:\/\/schema.org\",\"@graph\":[{\"@type\":\"WebSite\",\"@id\":\"https:\/\/sushihiroba.co.uk\/es\/#website\",\"url\":\"https:\/\/sushihiroba.co.uk\/es\/\",\"name\":\"Online Dating Roba\",\"description\":\"Guide To Find Love\",\"potentialAction\":[{\"@type\":\"SearchAction\",\"target\":{\"@type\":\"EntryPoint\",\"urlTemplate\":\"https:\/\/sushihiroba.co.uk\/es\/?s={search_term_string}\"},\"query-input\":\"required name=search_term_string\"}],\"inLanguage\":\"es\"},{\"@type\":\"ImageObject\",\"@id\":\"https:\/\/sushihiroba.co.uk\/es\/#primaryimage\",\"inLanguage\":\"es\",\"url\":\"https:\/\/sushihiroba.co.uk\/wp-content\/uploads\/2022\/10\/local-dating-apps-for-singles.jpeg\",\"contentUrl\":\"https:\/\/sushihiroba.co.uk\/wp-content\/uploads\/2022\/10\/local-dating-apps-for-singles.jpeg\",\"width\":500,\"height\":333},{\"@type\":\"WebPage\",\"@id\":\"https:\/\/sushihiroba.co.uk\/es\/#webpage\",\"url\":\"https:\/\/sushihiroba.co.uk\/es\/\",\"name\":\"Gu\\u00eda para encontrar citas y conectarse en l\\u00ednea - Online Dating Roba\",\"isPartOf\":{\"@id\":\"https:\/\/sushihiroba.co.uk\/es\/#website\"},\"primaryImageOfPage\":{\"@id\":\"https:\/\/sushihiroba.co.uk\/es\/#primaryimage\"},\"datePublished\":\"2022-10-10T10:37:20+00:00\",\"dateModified\":\"2022-11-07T14:19:24+00:00\",\"breadcrumb\":{\"@id\":\"https:\/\/sushihiroba.co.uk\/es\/#breadcrumb\"},\"inLanguage\":\"es\",\"potentialAction\":[{\"@type\":\"ReadAction\",\"target\":[\"https:\/\/sushihiroba.co.uk\/es\/\"]}]},{\"@type\":\"BreadcrumbList\",\"@id\":\"https:\/\/sushihiroba.co.uk\/es\/#breadcrumb\",\"itemListElement\":[{\"@type\":\"ListItem\",\"position\":1,\"name\":\"Home\",\"item\":\"http:\/\/sushihiroba.co.uk\/es\/\"},{\"@type\":\"ListItem\",\"position\":2,\"name\":\"Gu\\u00eda para encontrar citas y conectarse en l\\u00ednea\"}]}]}<\/script>\n<!-- \/ Yoast SEO plugin. -->","yoast_head_json":{"title":"Gu\u00eda para encontrar citas y conectarse en l\u00ednea - Online Dating Roba","robots":{"index":"index","follow":"follow","max-snippet":"max-snippet:-1","max-image-preview":"max-image-preview:large","max-video-preview":"max-video-preview:-1"},"canonical":"https:\/\/sushihiroba.co.uk\/es\/","og_locale":"es_ES","og_type":"article","og_title":"Gu\u00eda para encontrar citas y conectarse en l\u00ednea - Online Dating Roba","og_description":"Hay muchas aplicaciones de citas por ah\u00ed, pero encontrar una que realmente disfrutes usando no siempre es f\u00e1cil. Puede pensar&hellip;","og_url":"https:\/\/sushihiroba.co.uk\/es\/","og_site_name":"Online Dating Roba","article_modified_time":"2022-11-07T14:19:24+00:00","og_image":[{"width":500,"height":333,"url":"http:\/\/sushihiroba.co.uk\/wp-content\/uploads\/2022\/10\/local-dating-apps-for-singles.jpeg","type":"image\/jpeg"}],"twitter_card":"summary_large_image","twitter_misc":{"Tiempo de lectura":"8 minutos"},"schema":{"@context":"https:\/\/schema.org","@graph":[{"@type":"WebSite","@id":"https:\/\/sushihiroba.co.uk\/es\/#website","url":"https:\/\/sushihiroba.co.uk\/es\/","name":"Online Dating Roba","description":"Guide To Find Love","potentialAction":[{"@type":"SearchAction","target":{"@type":"EntryPoint","urlTemplate":"https:\/\/sushihiroba.co.uk\/es\/?s={search_term_string}"},"query-input":"required name=search_term_string"}],"inLanguage":"es"},{"@type":"ImageObject","@id":"https:\/\/sushihiroba.co.uk\/es\/#primaryimage","inLanguage":"es","url":"https:\/\/sushihiroba.co.uk\/wp-content\/uploads\/2022\/10\/local-dating-apps-for-singles.jpeg","contentUrl":"https:\/\/sushihiroba.co.uk\/wp-content\/uploads\/2022\/10\/local-dating-apps-for-singles.jpeg","width":500,"height":333},{"@type":"WebPage","@id":"https:\/\/sushihiroba.co.uk\/es\/#webpage","url":"https:\/\/sushihiroba.co.uk\/es\/","name":"Gu\u00eda para encontrar citas y conectarse en l\u00ednea - Online Dating Roba","isPartOf":{"@id":"https:\/\/sushihiroba.co.uk\/es\/#website"},"primaryImageOfPage":{"@id":"https:\/\/sushihiroba.co.uk\/es\/#primaryimage"},"datePublished":"2022-10-10T10:37:20+00:00","dateModified":"2022-11-07T14:19:24+00:00","breadcrumb":{"@id":"https:\/\/sushihiroba.co.uk\/es\/#breadcrumb"},"inLanguage":"es","potentialAction":[{"@type":"ReadAction","target":["https:\/\/sushihiroba.co.uk\/es\/"]}]},{"@type":"BreadcrumbList","@id":"https:\/\/sushihiroba.co.uk\/es\/#breadcrumb","itemListElement":[{"@type":"ListItem","position":1,"name":"Home","item":"http:\/\/sushihiroba.co.uk\/es\/"},{"@type":"ListItem","position":2,"name":"Gu\u00eda para encontrar citas y conectarse en l\u00ednea"}]}]}},"_links":{"self":[{"href":"https:\/\/sushihiroba.co.uk\/es\/wp-json\/wp\/v2\/pages\/189"}],"collection":[{"href":"https:\/\/sushihiroba.co.uk\/es\/wp-json\/wp\/v2\/pages"}],"about":[{"href":"https:\/\/sushihiroba.co.uk\/es\/wp-json\/wp\/v2\/types\/page"}],"author":[{"embeddable":true,"href":"https:\/\/sushihiroba.co.uk\/es\/wp-json\/wp\/v2\/users\/1"}],"replies":[{"embeddable":true,"href":"https:\/\/sushihiroba.co.uk\/es\/wp-json\/wp\/v2\/comments?post=189"}],"version-history":[{"count":1,"href":"https:\/\/sushihiroba.co.uk\/es\/wp-json\/wp\/v2\/pages\/189\/revisions"}],"predecessor-version":[{"id":347,"href":"https:\/\/sushihiroba.co.uk\/es\/wp-json\/wp\/v2\/pages\/189\/revisions\/347"}],"wp:featuredmedia":[{"embeddable":true,"href":"https:\/\/sushihiroba.co.uk\/es\/wp-json\/wp\/v2\/media\/124"}],"wp:attachment":[{"href":"https:\/\/sushihiroba.co.uk\/es\/wp-json\/wp\/v2\/media?parent=189"}],"curies":[{"name":"wp","href":"https:\/\/api.w.org\/{rel}","templated":true}]}}