{"id":138,"date":"2022-10-10T12:13:05","date_gmt":"2022-10-10T11:13:05","guid":{"rendered":"http:\/\/sushihiroba.co.uk\/fetissien-chat-huoneet\/"},"modified":"2022-10-10T12:13:05","modified_gmt":"2022-10-10T11:13:05","slug":"fetissien-chat-huoneet","status":"publish","type":"page","link":"https:\/\/sushihiroba.co.uk\/fi\/fetissien-chat-huoneet\/","title":{"rendered":"Fetissien chat-huoneet"},"content":{"rendered":"<p>Siell\u00e4 on paljon erilaisia chat-huoneita ihmisille, jotka ovat kiinnostuneita BDSM: st\u00e4. L\u00f6yd\u00e4t sellaisia, jotka on tarkoitettu erityisesti ihmisille, jotka haluavat liitty\u00e4 toisiinsa, ja on my\u00f6s sellaisia, jotka ovat vain yleiseen keskusteluun. Jos etsit yhteytt\u00e4, on hyv\u00e4 idea tarkistaa muutama eri chat-huone n\u00e4hd\u00e4ksesi, miss\u00e4 niist\u00e4 on eniten ihmisi\u00e4, jotka ovat kiinnostuneita samasta asiasta kuin sin\u00e4. L\u00f6yd\u00e4t my\u00f6s paljon erilaisia resursseja ja neuvoja n\u00e4ist\u00e4 chat-huoneista, joten on hyv\u00e4 idea tutkia niit\u00e4, jos olet uusi BDSM-kohtauksessa.<\/p>\n<h2>Fetissi chat-huone<\/h2>\n<p>Online-treffien maailmassa on kaikenlaisia erilaisia chat-huoneita, jotka ovat saatavilla ihmisille, joilla on kaikenlaisia erilaisia kiinnostuksen kohteita. Yksi chat-huonetyyppi, josta on tullut yh\u00e4 suositumpi viime vuosina, on fetissikeskusteluhuone.<\/p>\n<p>Fetissikeskusteluhuone on paikka, jossa <a href=\"http:\/\/sushihiroba.co.uk\/free-phone-sex\/\">ihmiset, jotka ovat seksuaalisesti kiinnostuneita<\/a> tietyst\u00e4 aiheesta, voivat kokoontua yhteen ja keskustella kiinnostuksen kohteistaan. Siell\u00e4 on chat-huoneita kaikenlaisille erilaisille fetisseille, jalkafetisisteist\u00e4 ihmisiin, jotka ovat kiinnostuneita BDSM: st\u00e4.<\/p>\n<p>Fetissikeskusteluhuoneet voivat olla loistava paikka tutkia seksuaalisia kiinnostuksen kohteitasi ja tavata samanhenkisi\u00e4 ihmisi\u00e4. On kuitenkin t\u00e4rke\u00e4\u00e4 muistaa kunnioittaa muiden ihmisten etuja ja rajoja ja olla koskaan painostamatta ket\u00e4\u00e4n tekem\u00e4\u00e4n mit\u00e4\u00e4n, mihin he eiv\u00e4t ole tyytyv\u00e4isi\u00e4.<\/p>\n<h2>Fetissien chat-huone<\/h2>\n<p>Fetissikeskusteluhuoneessa voit tutkia syvimpi\u00e4 toiveitasi samanhenkisten ihmisten kanssa ja mahdollisesti l\u00f6yt\u00e4\u00e4 rakkautta. Olitpa sitten kiinnostunut BDSM: st\u00e4, jalkafetissist\u00e4 tai mist\u00e4 tahansa muusta omituisuudesta, voit l\u00f6yt\u00e4\u00e4 jonkun, joka jakaa kiinnostuksen kohteesi ja jonka kanssa voit tutkia seksuaalisuuttasi. Parasta fetissikeskusteluhuoneissa on, ett\u00e4 voit olla t\u00e4ysin avoin ja rehellinen kiinnostuksen kohteistasi, eik\u00e4 kukaan tuomitse sinua. Joten jos etsit tuomitsematonta tilaa syvimpien toiveidesi ilmaisemiseen, fetissikeskusteluhuone on t\u00e4ydellinen paikka sinulle.<\/p>\n<p>Fetissikeskusteluhuoneet voivat olla loistava tapa olla yhteydess\u00e4 samanhenkisiin ihmisiin, jotka jakavat kiinnostuksen kohteesi. Ne voivat olla loistava tapa tutkia seksuaalisuuttasi ja oppia lis\u00e4\u00e4 siit\u00e4, mik\u00e4 saa sinut p\u00e4\u00e4lle. Ne voivat my\u00f6s olla loistava tapa tavata mahdollisia kumppaneita, jotka jakavat kiinnostuksen kohteesi. On kuitenkin t\u00e4rke\u00e4\u00e4 muistaa, ett\u00e4 kaikkia fetissikeskusteluhuoneita ei ole luotu tasa-arvoisiksi. Jotkut ovat parempia kuin toiset, ja jotkut ovat vaarallisempia kuin toiset. On t\u00e4rke\u00e4\u00e4 tehd\u00e4 tutkimuksesi ennen kuin liityt mihin tahansa chat-huoneeseen, ja liitty\u00e4 vain niihin, joiden kanssa tunnet olosi mukavaksi.<\/p>\n<h3>Flingster<\/h3>\n<p>Jos etsit turvallista tapaa tutkia perverssi\u00e4 puoltasi, sinun kannattaa ehdottomasti tutustua Flingsteriin. T\u00e4m\u00e4 treffisovellus on t\u00e4ydellinen niille, jotka ovat uteliaita BDSM: st\u00e4 ja haluavat l\u00f6yt\u00e4\u00e4 chat-huoneen, jossa he voivat tutkia seksuaalisia halujaan turvallisella ja yhteisymm\u00e4rrykseen perustuvalla tavalla.<\/p>\n<p>Flingster on loistava vaihtoehto niille, jotka haluavat upottaa varpaansa BDSM-el\u00e4m\u00e4ntapaan, koska se tarjoaa erilaisia chat-huoneita, jotka palvelevat erilaisia mutkia ja fetissej\u00e4. Voit my\u00f6s olla varma, ett\u00e4 kaikki sivuston j\u00e4senet ovat todellisia, koska jokainen profiili tarkistetaan tiukalla prosessilla.<\/p>\n<p>Joten jos etsit turvallista ja hauskaa tapaa tutkia perverssi\u00e4 puoltasi, muista tarkistaa Flingster!<\/p>\n<h3>N\u00f6rtti2Geek<\/h3>\n<p>Geek2Geek on treffisovellus, joka palvelee n\u00f6rttej\u00e4, n\u00f6rttej\u00e4 ja muita n\u00f6rttej\u00e4. Sovelluksessa on paljon ominaisuuksia, jotka tekev\u00e4t siit\u00e4 erinomaisen n\u00f6rttil\u00e4isille ihmisille, mukaan lukien hakutoiminto, jonka avulla voit l\u00f6yt\u00e4\u00e4 muita n\u00f6rttej\u00e4, jotka jakavat kiinnostuksen kohteesi. Sovelluksessa on my\u00f6s chat-toiminto, joten voit keskustella muiden n\u00f6rttien kanssa jaetuista kiinnostuksen kohteistasi. Sovellus on ladattavissa ja k\u00e4ytett\u00e4viss\u00e4 ilmaiseksi, ja se on saatavana sek\u00e4 iOS: lle ett\u00e4 Androidille.<\/p>\n<h3>NaughtyDate<\/h3>\n<p>NaughtyDate on treffisovellus, joka on erikoistunut BDSM-chat-huoneisiin. Se on loistava paikka l\u00f6yt\u00e4\u00e4 samanhenkisi\u00e4 ihmisi\u00e4 ja tutkia omituisuuksiasi ja fetissej\u00e4si. Sovellusta on helppo k\u00e4ytt\u00e4\u00e4 ja siin\u00e4 on paljon ominaisuuksia, joten se on loistava valinta niille, jotka etsiv\u00e4t perverssi\u00e4 chat-huonekokemusta.<\/p>\n","protected":false},"excerpt":{"rendered":"<p>Siell\u00e4 on paljon erilaisia chat-huoneita ihmisille, jotka ovat kiinnostuneita BDSM: st\u00e4. L\u00f6yd\u00e4t sellaisia, jotka on tarkoitettu erityisesti ihmisille, jotka haluavat&hellip;<\/p>\n","protected":false},"author":1,"featured_media":0,"parent":0,"menu_order":0,"comment_status":"closed","ping_status":"closed","template":"","meta":[],"yoast_head":"<!-- This site is optimized with the Yoast SEO plugin v17.7.1 - https:\/\/yoast.com\/wordpress\/plugins\/seo\/ -->\n<title>Fetissien chat-huoneet - Online Dating Roba<\/title>\n<meta name=\"robots\" content=\"index, follow, max-snippet:-1, max-image-preview:large, max-video-preview:-1\" \/>\n<link rel=\"canonical\" href=\"https:\/\/sushihiroba.co.uk\/fi\/fetissien-chat-huoneet\/\" \/>\n<meta property=\"og:locale\" content=\"fi_FI\" \/>\n<meta property=\"og:type\" content=\"article\" \/>\n<meta property=\"og:title\" content=\"Fetissien chat-huoneet - Online Dating Roba\" \/>\n<meta property=\"og:description\" content=\"Siell\u00e4 on paljon erilaisia chat-huoneita ihmisille, jotka ovat kiinnostuneita BDSM: st\u00e4. L\u00f6yd\u00e4t sellaisia, jotka on tarkoitettu erityisesti ihmisille, jotka haluavat&hellip;\" \/>\n<meta property=\"og:url\" content=\"https:\/\/sushihiroba.co.uk\/fi\/fetissien-chat-huoneet\/\" \/>\n<meta property=\"og:site_name\" content=\"Online Dating Roba\" \/>\n<meta name=\"twitter:card\" content=\"summary_large_image\" \/>\n<meta name=\"twitter:label1\" content=\"Arvioitu lukuaika\" \/>\n\t<meta name=\"twitter:data1\" content=\"3 minuuttia\" \/>\n<script type=\"application\/ld+json\" class=\"yoast-schema-graph\">{\"@context\":\"https:\/\/schema.org\",\"@graph\":[{\"@type\":\"WebSite\",\"@id\":\"https:\/\/sushihiroba.co.uk\/fi\/#website\",\"url\":\"https:\/\/sushihiroba.co.uk\/fi\/\",\"name\":\"Online Dating Roba\",\"description\":\"Guide To Find Love\",\"potentialAction\":[{\"@type\":\"SearchAction\",\"target\":{\"@type\":\"EntryPoint\",\"urlTemplate\":\"https:\/\/sushihiroba.co.uk\/fi\/?s={search_term_string}\"},\"query-input\":\"required name=search_term_string\"}],\"inLanguage\":\"fi\"},{\"@type\":\"WebPage\",\"@id\":\"https:\/\/sushihiroba.co.uk\/fi\/fetissien-chat-huoneet\/#webpage\",\"url\":\"https:\/\/sushihiroba.co.uk\/fi\/fetissien-chat-huoneet\/\",\"name\":\"Fetissien chat-huoneet - Online Dating Roba\",\"isPartOf\":{\"@id\":\"https:\/\/sushihiroba.co.uk\/fi\/#website\"},\"datePublished\":\"2022-10-10T11:13:05+00:00\",\"dateModified\":\"2022-10-10T11:13:05+00:00\",\"breadcrumb\":{\"@id\":\"https:\/\/sushihiroba.co.uk\/fi\/fetissien-chat-huoneet\/#breadcrumb\"},\"inLanguage\":\"fi\",\"potentialAction\":[{\"@type\":\"ReadAction\",\"target\":[\"https:\/\/sushihiroba.co.uk\/fi\/fetissien-chat-huoneet\/\"]}]},{\"@type\":\"BreadcrumbList\",\"@id\":\"https:\/\/sushihiroba.co.uk\/fi\/fetissien-chat-huoneet\/#breadcrumb\",\"itemListElement\":[{\"@type\":\"ListItem\",\"position\":1,\"name\":\"Home\",\"item\":\"http:\/\/sushihiroba.co.uk\/fi\/\"},{\"@type\":\"ListItem\",\"position\":2,\"name\":\"Fetissien chat-huoneet\"}]}]}<\/script>\n<!-- \/ Yoast SEO plugin. -->","yoast_head_json":{"title":"Fetissien chat-huoneet - Online Dating Roba","robots":{"index":"index","follow":"follow","max-snippet":"max-snippet:-1","max-image-preview":"max-image-preview:large","max-video-preview":"max-video-preview:-1"},"canonical":"https:\/\/sushihiroba.co.uk\/fi\/fetissien-chat-huoneet\/","og_locale":"fi_FI","og_type":"article","og_title":"Fetissien chat-huoneet - Online Dating Roba","og_description":"Siell\u00e4 on paljon erilaisia chat-huoneita ihmisille, jotka ovat kiinnostuneita BDSM: st\u00e4. L\u00f6yd\u00e4t sellaisia, jotka on tarkoitettu erityisesti ihmisille, jotka haluavat&hellip;","og_url":"https:\/\/sushihiroba.co.uk\/fi\/fetissien-chat-huoneet\/","og_site_name":"Online Dating Roba","twitter_card":"summary_large_image","twitter_misc":{"Arvioitu lukuaika":"3 minuuttia"},"schema":{"@context":"https:\/\/schema.org","@graph":[{"@type":"WebSite","@id":"https:\/\/sushihiroba.co.uk\/fi\/#website","url":"https:\/\/sushihiroba.co.uk\/fi\/","name":"Online Dating Roba","description":"Guide To Find Love","potentialAction":[{"@type":"SearchAction","target":{"@type":"EntryPoint","urlTemplate":"https:\/\/sushihiroba.co.uk\/fi\/?s={search_term_string}"},"query-input":"required name=search_term_string"}],"inLanguage":"fi"},{"@type":"WebPage","@id":"https:\/\/sushihiroba.co.uk\/fi\/fetissien-chat-huoneet\/#webpage","url":"https:\/\/sushihiroba.co.uk\/fi\/fetissien-chat-huoneet\/","name":"Fetissien chat-huoneet - Online Dating Roba","isPartOf":{"@id":"https:\/\/sushihiroba.co.uk\/fi\/#website"},"datePublished":"2022-10-10T11:13:05+00:00","dateModified":"2022-10-10T11:13:05+00:00","breadcrumb":{"@id":"https:\/\/sushihiroba.co.uk\/fi\/fetissien-chat-huoneet\/#breadcrumb"},"inLanguage":"fi","potentialAction":[{"@type":"ReadAction","target":["https:\/\/sushihiroba.co.uk\/fi\/fetissien-chat-huoneet\/"]}]},{"@type":"BreadcrumbList","@id":"https:\/\/sushihiroba.co.uk\/fi\/fetissien-chat-huoneet\/#breadcrumb","itemListElement":[{"@type":"ListItem","position":1,"name":"Home","item":"http:\/\/sushihiroba.co.uk\/fi\/"},{"@type":"ListItem","position":2,"name":"Fetissien chat-huoneet"}]}]}},"_links":{"self":[{"href":"https:\/\/sushihiroba.co.uk\/fi\/wp-json\/wp\/v2\/pages\/138"}],"collection":[{"href":"https:\/\/sushihiroba.co.uk\/fi\/wp-json\/wp\/v2\/pages"}],"about":[{"href":"https:\/\/sushihiroba.co.uk\/fi\/wp-json\/wp\/v2\/types\/page"}],"author":[{"embeddable":true,"href":"https:\/\/sushihiroba.co.uk\/fi\/wp-json\/wp\/v2\/users\/1"}],"replies":[{"embeddable":true,"href":"https:\/\/sushihiroba.co.uk\/fi\/wp-json\/wp\/v2\/comments?post=138"}],"version-history":[{"count":0,"href":"https:\/\/sushihiroba.co.uk\/fi\/wp-json\/wp\/v2\/pages\/138\/revisions"}],"wp:attachment":[{"href":"https:\/\/sushihiroba.co.uk\/fi\/wp-json\/wp\/v2\/media?parent=138"}],"curies":[{"name":"wp","href":"https:\/\/api.w.org\/{rel}","templated":true}]}}