{"id":143,"date":"2022-10-10T12:13:28","date_gmt":"2022-10-10T11:13:28","guid":{"rendered":"http:\/\/sushihiroba.co.uk\/milf-seksikeskustelu\/"},"modified":"2022-10-10T12:13:28","modified_gmt":"2022-10-10T11:13:28","slug":"milf-seksikeskustelu","status":"publish","type":"page","link":"https:\/\/sushihiroba.co.uk\/fi\/milf-seksikeskustelu\/","title":{"rendered":"MILF-seksikeskustelu"},"content":{"rendered":"<p>Siell\u00e4 on paljon upeita ilmaisia <a href=\"http:\/\/sushihiroba.co.uk\/fetish-chat-rooms\/\">milf-chat-sivustoja<\/a> , jotka voivat auttaa sinua olemaan yhteydess\u00e4 vanhempiin naisiin, jotka etsiv\u00e4t heittoa. Sinun tarvitsee vain l\u00f6yt\u00e4\u00e4 haluamasi sivusto, luoda profiili ja aloittaa keskustelu. Tulet yll\u00e4ttym\u00e4\u00e4n siit\u00e4, kuinka helppoa on olla yhteydess\u00e4 johonkin erityiseen. Ole vain oma itsesi ja pid\u00e4 hauskaa.<\/p>\n<h2>Keskustele Milfsin kanssa<\/h2>\n<p>Jos haluat keskustella milfien kanssa, sinun tulee pit\u00e4\u00e4 mieless\u00e4 muutama asia. Ensinn\u00e4kin, ole kunnioittava. N\u00e4m\u00e4 ovat naisia, jotka ovat tyypillisesti vanhempia kuin sin\u00e4, joten on t\u00e4rke\u00e4\u00e4 olla herrasmies. Toiseksi, ole mielenkiintoinen. Esit\u00e4 kysymyksi\u00e4, jaa tarinoita ja ole mukaansatempaava. Kolmanneksi, \u00e4l\u00e4 ole painostava. N\u00e4m\u00e4 naiset etsiv\u00e4t jotakuta, jonka kanssa keskustella, ei ket\u00e4\u00e4n t\u00e4h\u00e4n menness\u00e4, joten \u00e4l\u00e4 yrit\u00e4 painostaa heit\u00e4 mihink\u00e4\u00e4n. Rentoudu vain, pid\u00e4 hauskaa ja nauti keskustelusta.<\/p>\n<h2>Keskustele Milfsin kanssa<\/h2>\n<p>Puhuin er\u00e4\u00e4n\u00e4 p\u00e4iv\u00e4n\u00e4 joidenkin milfien kanssa ja he sanoivat, kuinka vaikeaa on l\u00f6yt\u00e4\u00e4 rakkautta nyky\u00e4\u00e4n. He sanoivat, ett\u00e4 he ovat olleet sinkkuja jonkin aikaa eik\u00e4 heill\u00e4 ole ollut paljon onnea. He sanoivat, ett\u00e4 he ovat kokeilleet online-treffailua, mutta se ei ole toiminut heille hyvin. He sanoivat, ett\u00e4 he alkavat tuntea olevansa liian vanhoja l\u00f6yt\u00e4\u00e4kseen rakkautta. Kerroin heille, ett\u00e4 he eiv\u00e4t ole koskaan liian vanhoja l\u00f6yt\u00e4\u00e4kseen rakkautta ja ett\u00e4 heid\u00e4n on vain jatkettava etsimist\u00e4. Sanoin heille, ett\u00e4 heid\u00e4n pit\u00e4isi yritt\u00e4\u00e4 k\u00e4yd\u00e4 joissakin sinkkutapahtumissa tai klubeissa. Uskon, ett\u00e4 jos he jatkavat etsimist\u00e4, he l\u00f6yt\u00e4v\u00e4t rakkauden.<\/p>\n<p>Mik\u00e4\u00e4n ei ved\u00e4 vertoja seksille MILF:n kanssa. He ovat kokeneita, he tiet\u00e4v\u00e4t, mit\u00e4 tekev\u00e4t, eiv\u00e4tk\u00e4 he pelk\u00e4\u00e4 ottaa vastuuta. Siksi MILF-seksikeskustelu on niin suosittu. Se on loistava tapa olla yhteydess\u00e4 vanhempiin naisiin, jotka tiet\u00e4v\u00e4t mit\u00e4 haluavat eiv\u00e4tk\u00e4 pelk\u00e4\u00e4 menn\u00e4 sen per\u00e4\u00e4n.<\/p>\n<p>Jos haluat p\u00e4\u00e4st\u00e4 MILF-seksikeskusteluun, paras paikka aloittaa on l\u00f6yt\u00e4\u00e4 chat-huone, joka on tarkoitettu erityisesti vanhemmille naisille. T\u00e4ll\u00e4 tavalla voit l\u00f6yt\u00e4\u00e4 naisia, jotka etsiv\u00e4t erityisesti nuorempia miehi\u00e4, joiden kanssa keskustella. Kun olet l\u00f6yt\u00e4nyt tarpeitasi vastaavan chat-huoneen, sinun tarvitsee vain rekister\u00f6ity\u00e4 ja aloittaa keskustelu. Se on niin yksinkertaista. Jos haluat vied\u00e4 asiat seuraavalle tasolle, voit jopa kokeilla videokeskustelua. T\u00e4m\u00e4 on loistava tapa todella tutustua johonkin ja n\u00e4hd\u00e4, onko olemassa seksuaalista yhteytt\u00e4. Muista vain olla kunnioittava ja noudattaa s\u00e4\u00e4nt\u00f6j\u00e4, niin sinulla on varmasti hauskaa.<\/p>\n<h3>Taula<\/h3>\n<p>Tinder on suosittu treffisovellus, jonka avulla k\u00e4ytt\u00e4j\u00e4t voivat pyyhk\u00e4ist\u00e4 oikealle tai vasemmalle osoittaakseen kiinnostuksensa toiseen k\u00e4ytt\u00e4j\u00e4\u00e4n. Jos kaksi k\u00e4ytt\u00e4j\u00e4\u00e4 pyyhk\u00e4isee oikealle toistensa profiileissa, he voivat sitten keskustella ja mahdollisesti tavata henkil\u00f6kohtaisesti.<\/p>\n<p>Tinderi\u00e4 pidet\u00e4\u00e4n yleens\u00e4 turvallisena ja helppona tapana tavata ihmisi\u00e4, vaikka v\u00e4\u00e4rennettyj\u00e4 profiileja ja huijaustaiteilijoita on raportoitu. Kaiken kaikkiaan Tinder on suosittu ja k\u00e4tev\u00e4 tapa tavata uusia ihmisi\u00e4, ja se sopii erityisen hyvin niille, jotka etsiv\u00e4t nopeaa yhteydenpitoa tai rentoa suhdetta.<\/p>\n<h3>BookOfSext<\/h3>\n<p>Jos etsit milf-chat-sivustoa, joka on ilmainen ja helppok\u00e4ytt\u00f6inen, BookOfSext on loistava vaihtoehto. Sivustolla on puhdas, moderni muotoilu, ja se on helppo l\u00f6yt\u00e4\u00e4 ja keskustella milfsin kanssa. On my\u00f6s paljon ominaisuuksia, kuten mahdollisuus l\u00e4hett\u00e4\u00e4 yksityisviestej\u00e4, ja sivusto on k\u00e4ytett\u00e4viss\u00e4 useilla kielill\u00e4. On kuitenkin olemassa muutamia haittoja. Sivustolla ei esimerkiksi ole paljon k\u00e4ytt\u00e4ji\u00e4, eik\u00e4 se ole saatavilla kaikissa maissa.<\/p>\n<h3>Kaksinkertainen lista<\/h3>\n<p>Jos etsit ilmaista milf-chat-sivustoa, sinun kannattaa ehdottomasti tarkistaa DoubleList. Sivustolla on suuri valikoima chat-huoneita, ja voit jopa luoda oman chat-huoneen, jos haluat. On my\u00f6s paljon ominaisuuksia, joiden avulla voit tehd\u00e4 chat-kokemuksestasi nautinnollisemman, kuten kyky l\u00e4hett\u00e4\u00e4 yksityisviestej\u00e4 tai jopa soittaa videopuheluita. Kaiken kaikkiaan DoubleList on loistava chat-sivusto, ja se kannattaa ehdottomasti tarkistaa, jos etsit ilmaista milf-chat-sivustoa.<\/p>\n","protected":false},"excerpt":{"rendered":"<p>Siell\u00e4 on paljon upeita ilmaisia milf-chat-sivustoja , jotka voivat auttaa sinua olemaan yhteydess\u00e4 vanhempiin naisiin, jotka etsiv\u00e4t heittoa. Sinun tarvitsee&hellip;<\/p>\n","protected":false},"author":1,"featured_media":0,"parent":0,"menu_order":0,"comment_status":"closed","ping_status":"closed","template":"","meta":[],"yoast_head":"<!-- This site is optimized with the Yoast SEO plugin v17.7.1 - https:\/\/yoast.com\/wordpress\/plugins\/seo\/ -->\n<title>MILF-seksikeskustelu - Online Dating Roba<\/title>\n<meta name=\"robots\" content=\"index, follow, max-snippet:-1, max-image-preview:large, max-video-preview:-1\" \/>\n<link rel=\"canonical\" href=\"https:\/\/sushihiroba.co.uk\/fi\/milf-seksikeskustelu\/\" \/>\n<meta property=\"og:locale\" content=\"fi_FI\" \/>\n<meta property=\"og:type\" content=\"article\" \/>\n<meta property=\"og:title\" content=\"MILF-seksikeskustelu - Online Dating Roba\" \/>\n<meta property=\"og:description\" content=\"Siell\u00e4 on paljon upeita ilmaisia milf-chat-sivustoja , jotka voivat auttaa sinua olemaan yhteydess\u00e4 vanhempiin naisiin, jotka etsiv\u00e4t heittoa. Sinun tarvitsee&hellip;\" \/>\n<meta property=\"og:url\" content=\"https:\/\/sushihiroba.co.uk\/fi\/milf-seksikeskustelu\/\" \/>\n<meta property=\"og:site_name\" content=\"Online Dating Roba\" \/>\n<meta name=\"twitter:card\" content=\"summary_large_image\" \/>\n<meta name=\"twitter:label1\" content=\"Arvioitu lukuaika\" \/>\n\t<meta name=\"twitter:data1\" content=\"3 minuuttia\" \/>\n<script type=\"application\/ld+json\" class=\"yoast-schema-graph\">{\"@context\":\"https:\/\/schema.org\",\"@graph\":[{\"@type\":\"WebSite\",\"@id\":\"https:\/\/sushihiroba.co.uk\/fi\/#website\",\"url\":\"https:\/\/sushihiroba.co.uk\/fi\/\",\"name\":\"Online Dating Roba\",\"description\":\"Guide To Find Love\",\"potentialAction\":[{\"@type\":\"SearchAction\",\"target\":{\"@type\":\"EntryPoint\",\"urlTemplate\":\"https:\/\/sushihiroba.co.uk\/fi\/?s={search_term_string}\"},\"query-input\":\"required name=search_term_string\"}],\"inLanguage\":\"fi\"},{\"@type\":\"WebPage\",\"@id\":\"https:\/\/sushihiroba.co.uk\/fi\/milf-seksikeskustelu\/#webpage\",\"url\":\"https:\/\/sushihiroba.co.uk\/fi\/milf-seksikeskustelu\/\",\"name\":\"MILF-seksikeskustelu - Online Dating Roba\",\"isPartOf\":{\"@id\":\"https:\/\/sushihiroba.co.uk\/fi\/#website\"},\"datePublished\":\"2022-10-10T11:13:28+00:00\",\"dateModified\":\"2022-10-10T11:13:28+00:00\",\"breadcrumb\":{\"@id\":\"https:\/\/sushihiroba.co.uk\/fi\/milf-seksikeskustelu\/#breadcrumb\"},\"inLanguage\":\"fi\",\"potentialAction\":[{\"@type\":\"ReadAction\",\"target\":[\"https:\/\/sushihiroba.co.uk\/fi\/milf-seksikeskustelu\/\"]}]},{\"@type\":\"BreadcrumbList\",\"@id\":\"https:\/\/sushihiroba.co.uk\/fi\/milf-seksikeskustelu\/#breadcrumb\",\"itemListElement\":[{\"@type\":\"ListItem\",\"position\":1,\"name\":\"Home\",\"item\":\"http:\/\/sushihiroba.co.uk\/fi\/\"},{\"@type\":\"ListItem\",\"position\":2,\"name\":\"MILF-seksikeskustelu\"}]}]}<\/script>\n<!-- \/ Yoast SEO plugin. -->","yoast_head_json":{"title":"MILF-seksikeskustelu - Online Dating Roba","robots":{"index":"index","follow":"follow","max-snippet":"max-snippet:-1","max-image-preview":"max-image-preview:large","max-video-preview":"max-video-preview:-1"},"canonical":"https:\/\/sushihiroba.co.uk\/fi\/milf-seksikeskustelu\/","og_locale":"fi_FI","og_type":"article","og_title":"MILF-seksikeskustelu - Online Dating Roba","og_description":"Siell\u00e4 on paljon upeita ilmaisia milf-chat-sivustoja , jotka voivat auttaa sinua olemaan yhteydess\u00e4 vanhempiin naisiin, jotka etsiv\u00e4t heittoa. Sinun tarvitsee&hellip;","og_url":"https:\/\/sushihiroba.co.uk\/fi\/milf-seksikeskustelu\/","og_site_name":"Online Dating Roba","twitter_card":"summary_large_image","twitter_misc":{"Arvioitu lukuaika":"3 minuuttia"},"schema":{"@context":"https:\/\/schema.org","@graph":[{"@type":"WebSite","@id":"https:\/\/sushihiroba.co.uk\/fi\/#website","url":"https:\/\/sushihiroba.co.uk\/fi\/","name":"Online Dating Roba","description":"Guide To Find Love","potentialAction":[{"@type":"SearchAction","target":{"@type":"EntryPoint","urlTemplate":"https:\/\/sushihiroba.co.uk\/fi\/?s={search_term_string}"},"query-input":"required name=search_term_string"}],"inLanguage":"fi"},{"@type":"WebPage","@id":"https:\/\/sushihiroba.co.uk\/fi\/milf-seksikeskustelu\/#webpage","url":"https:\/\/sushihiroba.co.uk\/fi\/milf-seksikeskustelu\/","name":"MILF-seksikeskustelu - Online Dating Roba","isPartOf":{"@id":"https:\/\/sushihiroba.co.uk\/fi\/#website"},"datePublished":"2022-10-10T11:13:28+00:00","dateModified":"2022-10-10T11:13:28+00:00","breadcrumb":{"@id":"https:\/\/sushihiroba.co.uk\/fi\/milf-seksikeskustelu\/#breadcrumb"},"inLanguage":"fi","potentialAction":[{"@type":"ReadAction","target":["https:\/\/sushihiroba.co.uk\/fi\/milf-seksikeskustelu\/"]}]},{"@type":"BreadcrumbList","@id":"https:\/\/sushihiroba.co.uk\/fi\/milf-seksikeskustelu\/#breadcrumb","itemListElement":[{"@type":"ListItem","position":1,"name":"Home","item":"http:\/\/sushihiroba.co.uk\/fi\/"},{"@type":"ListItem","position":2,"name":"MILF-seksikeskustelu"}]}]}},"_links":{"self":[{"href":"https:\/\/sushihiroba.co.uk\/fi\/wp-json\/wp\/v2\/pages\/143"}],"collection":[{"href":"https:\/\/sushihiroba.co.uk\/fi\/wp-json\/wp\/v2\/pages"}],"about":[{"href":"https:\/\/sushihiroba.co.uk\/fi\/wp-json\/wp\/v2\/types\/page"}],"author":[{"embeddable":true,"href":"https:\/\/sushihiroba.co.uk\/fi\/wp-json\/wp\/v2\/users\/1"}],"replies":[{"embeddable":true,"href":"https:\/\/sushihiroba.co.uk\/fi\/wp-json\/wp\/v2\/comments?post=143"}],"version-history":[{"count":0,"href":"https:\/\/sushihiroba.co.uk\/fi\/wp-json\/wp\/v2\/pages\/143\/revisions"}],"wp:attachment":[{"href":"https:\/\/sushihiroba.co.uk\/fi\/wp-json\/wp\/v2\/media?parent=143"}],"curies":[{"name":"wp","href":"https:\/\/api.w.org\/{rel}","templated":true}]}}