{"id":169,"date":"2022-10-10T12:14:24","date_gmt":"2022-10-10T11:14:24","guid":{"rendered":"http:\/\/sushihiroba.co.uk\/nortti-treffisivustot\/"},"modified":"2022-10-10T12:14:24","modified_gmt":"2022-10-10T11:14:24","slug":"nortti-treffisivustot","status":"publish","type":"page","link":"https:\/\/sushihiroba.co.uk\/fi\/nortti-treffisivustot\/","title":{"rendered":"N\u00f6rtti treffisivustot"},"content":{"rendered":"<p>Ei tarvitse olla hermostunut &#8221;n\u00f6rttitreffailusta&#8221;. Ensinn\u00e4kin, muista, ett\u00e4 n\u00f6rttikaverit ovat aivan kuten kaikki muutkin kaverit, kun on kyse kytkemisest\u00e4. He etsiv\u00e4t samaa asiaa kuin sin\u00e4: joku, jonka kanssa pit\u00e4\u00e4 hauskaa. Toiseksi, \u00e4l\u00e4 pelk\u00e4\u00e4 n\u00e4ytt\u00e4\u00e4 n\u00f6rttipuoltasi. Kaverit pit\u00e4v\u00e4t \u00e4lykkyytt\u00e4 ja rakkautta oppimiseen seksikk\u00e4\u00e4n\u00e4, joten anna n\u00f6rttilippusi liehua! Lopuksi, \u00e4l\u00e4 pelk\u00e4\u00e4 tehd\u00e4 ensimm\u00e4ist\u00e4 siirtoa. N\u00f6rttim\u00e4iset kaverit ovat usein ujoja, joten sinun on otettava vastuu ja pyydett\u00e4v\u00e4 h\u00e4nt\u00e4 ulos. N\u00e4iden vinkkien avulla sinulla on varmasti hauskaa &#8221;n\u00f6rttitreffailu!&#8221;<\/p>\n<h2>Treffit N\u00f6rtti<\/h2>\n<p>Etsitk\u00f6 treffej\u00e4, jotka ovat v\u00e4h\u00e4n n\u00f6rtti? \u00c4l\u00e4 sitten etsi kauempaa kuin paikallinen n\u00f6rttibaari tai online-treffisivusto. T\u00e4ss\u00e4 on muutamia vinkkej\u00e4 n\u00f6rtin treffailuun.<\/p>\n<ul>\n<li>Ole valmis intensiivisiin keskusteluihin. N\u00f6rtit rakastavat puhua kiinnostuksen kohteistaan, joten ole valmis keskustelemaan kaikesta uusimmasta sarjakuvaelokuvasta uusimpaan videopeliin.<\/li>\n<li>Ole k\u00e4rsiv\u00e4llinen. N\u00f6rtit voivat olla aluksi hieman ujoja, joten voi kest\u00e4\u00e4 jonkin aikaa, ennen kuin ne avautuvat sinulle.<\/li>\n<li>Ole rehellinen. N\u00f6rtit arvostavat rehellisyytt\u00e4, joten \u00e4l\u00e4 yrit\u00e4 v\u00e4\u00e4rent\u00e4\u00e4 tiesi keskustelun l\u00e4pi. Jos et ole kiinnostunut samoista asioista, ole vain etuk\u00e4teen siit\u00e4.<\/li>\n<li>Ole joustava. N\u00f6rtit voivat olla melko valmiita tavoillaan, joten on t\u00e4rke\u00e4\u00e4 olla joustava suunnitelmien suhteen. Jos treffisi haluaa pysy\u00e4 ja pelata videopelej\u00e4 koko y\u00f6n, mene sen mukana.<\/li>\n<li>Ole oma itsesi. N\u00f6rtit ovat kiinnostuneita ihmisist\u00e4, jotka ovat aitoja ja aitoja. Joten ole vain oma itsesi ja l\u00f6yd\u00e4t varmasti t\u00e4ydellisen n\u00f6rttiottelun.<\/li>\n<\/ul>\n<p>Siell\u00e4 on paljon <a href=\"http:\/\/sushihiroba.co.uk\/local-swinger-sites\/\">n\u00f6rttitreffisivustoja<\/a>, joista jokainen tarjoaa jotain hieman erilaista ominaisuuksien ja yleis\u00f6n suhteen. Jotkut sivustot, kuten Geek 2 Geek, on suunniteltu erityisesti n\u00f6rteille ja n\u00f6rteille, kun taas toiset, kuten OkCupid, ovat avoimia kaikkien n\u00f6rttitasojen ihmisille.<\/p>\n<p>Jos etsit rakkautta ja pid\u00e4t itse\u00e4si n\u00f6rttin\u00e4, siell\u00e4 on treffisivusto sinulle. Olitpa sitten kiinnostunut scifist\u00e4, pelaamisesta tai mist\u00e4 tahansa silt\u00e4 v\u00e4lilt\u00e4, on olemassa samanhenkisten ihmisten yhteis\u00f6, joka odottaa tapaamistasi. Joten mene ulos ja aloita n\u00f6rtti jonkun erityisen kanssa t\u00e4n\u00e4\u00e4n.<\/p>\n<h2>Pelien treffisivustot<\/h2>\n<p>On olemassa useita treffisivustoja, jotka palvelevat erityisesti pelaajia. N\u00e4m\u00e4 sivustot ymm\u00e4rt\u00e4v\u00e4t pelaajien intohimot ja kiinnostuksen kohteet ja voivat yhdist\u00e4\u00e4 sinut muihin sinkkuihin, jotka jakavat pelikiinnostuksesi. Etsitp\u00e4 sitten rentoa suhdetta tai jotain vakavampaa, sinulle on olemassa pelitreffisivusto. Joten mene ulos ja aloita pelaajien treffit!<\/p>\n<h3>YourSecretHookup<\/h3>\n<p>Jos olet itse julistautunut n\u00f6rtti, joka etsii rakkautta, sinun kannattaa tutustua uuteen treffisovellukseen, YourSecretHookupiin. Sovelluksella, joka palvelee kaikenlaisia n\u00f6rttej\u00e4 ja n\u00f6rttej\u00e4, on 4 t\u00e4hden luokitus App Storessa, ja k\u00e4ytt\u00e4j\u00e4t ovat ylist\u00e4neet sit\u00e4 helppok\u00e4ytt\u00f6isyydest\u00e4\u00e4n ja &#8221;n\u00f6rttiyst\u00e4v\u00e4llisest\u00e4&#8221; k\u00e4ytt\u00f6liittym\u00e4st\u00e4\u00e4n.<\/p>\n<p>YourSecretHookup on loistava vaihtoehto n\u00f6rteille, jotka etsiv\u00e4t rakkautta, mutta se ei ole t\u00e4ydellinen. Sovelluksessa on paljon ominaisuuksia, jotka tekev\u00e4t siit\u00e4 erinomaisen n\u00f6rteille, mutta sill\u00e4 on my\u00f6s muutamia haittoja. Ensinn\u00e4kin sovellus on saatavilla vain Yhdysvalloissa. Toiseksi sovelluksella ei ole kovin suurta k\u00e4ytt\u00e4j\u00e4kuntaa, joten sinulla voi olla vaikeuksia l\u00f6yt\u00e4\u00e4 osumia alueeltasi.<\/p>\n<p>Kaiken kaikkiaan YourSecretHookup on loistava treffisovellus n\u00f6rteille. Jos etsit n\u00f6rttikumppania, t\u00e4m\u00e4 on loistava vaihtoehto. Jos kuitenkin olet Yhdysvaltojen ulkopuolella tai jos etsit yleisemp\u00e4\u00e4 treffisovellusta, sinun kannattaa etsi\u00e4 muualta.<\/p>\n<h3>FindMyFlings<\/h3>\n<p>T\u00f6rm\u00e4sin \u00e4skett\u00e4in FindMyFlings-treffisovellukseen ja ajattelin kokeilla sit\u00e4, koska pid\u00e4n itse\u00e4ni hieman n\u00f6rttin\u00e4. Minun on sanottava, ett\u00e4 olin iloisesti yll\u00e4ttynyt! Sovellus on eritt\u00e4in k\u00e4ytt\u00e4j\u00e4yst\u00e4v\u00e4llinen ja t\u00e4ydellinen paikka n\u00f6rteille tavata muita n\u00f6rttej\u00e4. Sovelluksessa on my\u00f6s loistava ominaisuus nimelt\u00e4 &#8221;N\u00f6rttitekij\u00e4&#8221;, jonka avulla voit arvioida itsesi asteikolla 1-10 n\u00f6rttisyytesi suhteen. Suosittelen ehdottomasti t\u00e4t\u00e4 sovellusta kaikille n\u00f6rteille, jotka etsiv\u00e4t rakkautta!<\/p>\n<h3>Paljon kalaa<\/h3>\n<p>Jos olet itse julistautunut n\u00f6rtti, joka etsii rakkautta, sinun kannattaa tutustua Plenty of Fish -treffisovellukseen. Arvostelujen mukaan t\u00e4m\u00e4 sovellus on t\u00e4ynn\u00e4 ihmisi\u00e4, jotka ovat intohimoisia esimerkiksi sarjakuvista, pelaamisesta ja cosplaysta.<\/p>\n<p>Joten jos etsit n\u00f6rttisuhdetta, t\u00e4m\u00e4 voi olla sovellus sinulle. Jotkut arvioijat ovat kuitenkin valittaneet sovelluksen k\u00e4ytt\u00f6liittym\u00e4st\u00e4 ja k\u00e4ytt\u00e4j\u00e4kunnasta. Joten sinun kannattaa ehk\u00e4 ottaa n\u00e4m\u00e4 valitukset huomioon ennen lataamista.<\/p>\n","protected":false},"excerpt":{"rendered":"<p>Ei tarvitse olla hermostunut &#8221;n\u00f6rttitreffailusta&#8221;. Ensinn\u00e4kin, muista, ett\u00e4 n\u00f6rttikaverit ovat aivan kuten kaikki muutkin kaverit, kun on kyse kytkemisest\u00e4. He&hellip;<\/p>\n","protected":false},"author":1,"featured_media":0,"parent":0,"menu_order":0,"comment_status":"closed","ping_status":"closed","template":"","meta":[],"yoast_head":"<!-- This site is optimized with the Yoast SEO plugin v17.7.1 - https:\/\/yoast.com\/wordpress\/plugins\/seo\/ -->\n<title>N\u00f6rtti treffisivustot - Online Dating Roba<\/title>\n<meta name=\"robots\" content=\"index, follow, max-snippet:-1, max-image-preview:large, max-video-preview:-1\" \/>\n<link rel=\"canonical\" href=\"https:\/\/sushihiroba.co.uk\/fi\/nortti-treffisivustot\/\" \/>\n<meta property=\"og:locale\" content=\"fi_FI\" \/>\n<meta property=\"og:type\" content=\"article\" \/>\n<meta property=\"og:title\" content=\"N\u00f6rtti treffisivustot - Online Dating Roba\" \/>\n<meta property=\"og:description\" content=\"Ei tarvitse olla hermostunut &#8221;n\u00f6rttitreffailusta&#8221;. Ensinn\u00e4kin, muista, ett\u00e4 n\u00f6rttikaverit ovat aivan kuten kaikki muutkin kaverit, kun on kyse kytkemisest\u00e4. He&hellip;\" \/>\n<meta property=\"og:url\" content=\"https:\/\/sushihiroba.co.uk\/fi\/nortti-treffisivustot\/\" \/>\n<meta property=\"og:site_name\" content=\"Online Dating Roba\" \/>\n<meta name=\"twitter:card\" content=\"summary_large_image\" \/>\n<meta name=\"twitter:label1\" content=\"Arvioitu lukuaika\" \/>\n\t<meta name=\"twitter:data1\" content=\"3 minuuttia\" \/>\n<script type=\"application\/ld+json\" class=\"yoast-schema-graph\">{\"@context\":\"https:\/\/schema.org\",\"@graph\":[{\"@type\":\"WebSite\",\"@id\":\"https:\/\/sushihiroba.co.uk\/fi\/#website\",\"url\":\"https:\/\/sushihiroba.co.uk\/fi\/\",\"name\":\"Online Dating Roba\",\"description\":\"Guide To Find Love\",\"potentialAction\":[{\"@type\":\"SearchAction\",\"target\":{\"@type\":\"EntryPoint\",\"urlTemplate\":\"https:\/\/sushihiroba.co.uk\/fi\/?s={search_term_string}\"},\"query-input\":\"required name=search_term_string\"}],\"inLanguage\":\"fi\"},{\"@type\":\"WebPage\",\"@id\":\"https:\/\/sushihiroba.co.uk\/fi\/nortti-treffisivustot\/#webpage\",\"url\":\"https:\/\/sushihiroba.co.uk\/fi\/nortti-treffisivustot\/\",\"name\":\"N\\u00f6rtti treffisivustot - Online Dating Roba\",\"isPartOf\":{\"@id\":\"https:\/\/sushihiroba.co.uk\/fi\/#website\"},\"datePublished\":\"2022-10-10T11:14:24+00:00\",\"dateModified\":\"2022-10-10T11:14:24+00:00\",\"breadcrumb\":{\"@id\":\"https:\/\/sushihiroba.co.uk\/fi\/nortti-treffisivustot\/#breadcrumb\"},\"inLanguage\":\"fi\",\"potentialAction\":[{\"@type\":\"ReadAction\",\"target\":[\"https:\/\/sushihiroba.co.uk\/fi\/nortti-treffisivustot\/\"]}]},{\"@type\":\"BreadcrumbList\",\"@id\":\"https:\/\/sushihiroba.co.uk\/fi\/nortti-treffisivustot\/#breadcrumb\",\"itemListElement\":[{\"@type\":\"ListItem\",\"position\":1,\"name\":\"Home\",\"item\":\"http:\/\/sushihiroba.co.uk\/fi\/\"},{\"@type\":\"ListItem\",\"position\":2,\"name\":\"N\\u00f6rtti treffisivustot\"}]}]}<\/script>\n<!-- \/ Yoast SEO plugin. -->","yoast_head_json":{"title":"N\u00f6rtti treffisivustot - Online Dating Roba","robots":{"index":"index","follow":"follow","max-snippet":"max-snippet:-1","max-image-preview":"max-image-preview:large","max-video-preview":"max-video-preview:-1"},"canonical":"https:\/\/sushihiroba.co.uk\/fi\/nortti-treffisivustot\/","og_locale":"fi_FI","og_type":"article","og_title":"N\u00f6rtti treffisivustot - Online Dating Roba","og_description":"Ei tarvitse olla hermostunut &#8221;n\u00f6rttitreffailusta&#8221;. Ensinn\u00e4kin, muista, ett\u00e4 n\u00f6rttikaverit ovat aivan kuten kaikki muutkin kaverit, kun on kyse kytkemisest\u00e4. He&hellip;","og_url":"https:\/\/sushihiroba.co.uk\/fi\/nortti-treffisivustot\/","og_site_name":"Online Dating Roba","twitter_card":"summary_large_image","twitter_misc":{"Arvioitu lukuaika":"3 minuuttia"},"schema":{"@context":"https:\/\/schema.org","@graph":[{"@type":"WebSite","@id":"https:\/\/sushihiroba.co.uk\/fi\/#website","url":"https:\/\/sushihiroba.co.uk\/fi\/","name":"Online Dating Roba","description":"Guide To Find Love","potentialAction":[{"@type":"SearchAction","target":{"@type":"EntryPoint","urlTemplate":"https:\/\/sushihiroba.co.uk\/fi\/?s={search_term_string}"},"query-input":"required name=search_term_string"}],"inLanguage":"fi"},{"@type":"WebPage","@id":"https:\/\/sushihiroba.co.uk\/fi\/nortti-treffisivustot\/#webpage","url":"https:\/\/sushihiroba.co.uk\/fi\/nortti-treffisivustot\/","name":"N\u00f6rtti treffisivustot - Online Dating Roba","isPartOf":{"@id":"https:\/\/sushihiroba.co.uk\/fi\/#website"},"datePublished":"2022-10-10T11:14:24+00:00","dateModified":"2022-10-10T11:14:24+00:00","breadcrumb":{"@id":"https:\/\/sushihiroba.co.uk\/fi\/nortti-treffisivustot\/#breadcrumb"},"inLanguage":"fi","potentialAction":[{"@type":"ReadAction","target":["https:\/\/sushihiroba.co.uk\/fi\/nortti-treffisivustot\/"]}]},{"@type":"BreadcrumbList","@id":"https:\/\/sushihiroba.co.uk\/fi\/nortti-treffisivustot\/#breadcrumb","itemListElement":[{"@type":"ListItem","position":1,"name":"Home","item":"http:\/\/sushihiroba.co.uk\/fi\/"},{"@type":"ListItem","position":2,"name":"N\u00f6rtti treffisivustot"}]}]}},"_links":{"self":[{"href":"https:\/\/sushihiroba.co.uk\/fi\/wp-json\/wp\/v2\/pages\/169"}],"collection":[{"href":"https:\/\/sushihiroba.co.uk\/fi\/wp-json\/wp\/v2\/pages"}],"about":[{"href":"https:\/\/sushihiroba.co.uk\/fi\/wp-json\/wp\/v2\/types\/page"}],"author":[{"embeddable":true,"href":"https:\/\/sushihiroba.co.uk\/fi\/wp-json\/wp\/v2\/users\/1"}],"replies":[{"embeddable":true,"href":"https:\/\/sushihiroba.co.uk\/fi\/wp-json\/wp\/v2\/comments?post=169"}],"version-history":[{"count":0,"href":"https:\/\/sushihiroba.co.uk\/fi\/wp-json\/wp\/v2\/pages\/169\/revisions"}],"wp:attachment":[{"href":"https:\/\/sushihiroba.co.uk\/fi\/wp-json\/wp\/v2\/media?parent=169"}],"curies":[{"name":"wp","href":"https:\/\/api.w.org\/{rel}","templated":true}]}}