{"id":172,"date":"2022-10-10T12:12:51","date_gmt":"2022-10-10T11:12:51","guid":{"rendered":"http:\/\/sushihiroba.co.uk\/ilmainen-puhelinseksi\/"},"modified":"2022-10-10T12:12:51","modified_gmt":"2022-10-10T11:12:51","slug":"ilmainen-puhelinseksi","status":"publish","type":"page","link":"https:\/\/sushihiroba.co.uk\/fi\/ilmainen-puhelinseksi\/","title":{"rendered":"Ilmainen puhelinseksi"},"content":{"rendered":"<p>Mit\u00e4 tulee kytkemiseen, ilmainen puhelinseksi voi olla loistava tapa saada asiat alkuun. Se voi auttaa murtamaan j\u00e4\u00e4n ja saamaan asiat k\u00e4yntiin ilman, ett\u00e4 sinun tarvitsee huolehtia siit\u00e4, ett\u00e4 asiat muuttuvat liian fyysisiksi liian nopeasti. Lis\u00e4ksi se voi olla hauskaa! Jos aiot kokeilla ilmaista puhelinseksi\u00e4, t\u00e4ss\u00e4 on muutamia vinkkej\u00e4, joiden avulla p\u00e4\u00e4set alkuun:<\/p>\n<ol>\n<li>Etsi kumppani, joka on valmis siihen. T\u00e4m\u00e4 on luultavasti t\u00e4rkein askel. Jos et ole molemmat samalla sivulla, se ei tule olemaan hauskaa kummallekaan teist\u00e4.<\/li>\n<li>Ole mukava. T\u00e4m\u00e4 on avainasemassa. Jos et ole mukava, se n\u00e4kyy. Etsi paikka, jossa voit rentoutua ja tuntea olosi mukavaksi.<\/li>\n<li>P\u00e4\u00e4st\u00e4\u00e4 irti. T\u00e4m\u00e4 on tilaisuutesi olla joku muu hetkeksi. Pid\u00e4 hauskaa sen kanssa!<\/li>\n<li>Ole kunnioittava. Muista, ett\u00e4 t\u00e4m\u00e4 on viel\u00e4 toinen henkil\u00f6 linjan toisessa p\u00e4\u00e4ss\u00e4. Joten ole kunnioittava \u00e4l\u00e4k\u00e4 sano mit\u00e4\u00e4n, mit\u00e4 et haluaisi sanoa sinulle.<\/li>\n<li>Katkaise puhelu, jos asiat kuumenevat liikaa. Jos asiat alkavat kuumentua hieman liian kuumiksi, on okei katkaista puhelu. Voit aina soittaa takaisin toisen kerran.<\/li>\n<\/ol>\n<h2>Ilmaiset kokeilukeskustelulinjat<\/h2>\n<p>Jos etsit uutta tapaa tavata ihmisi\u00e4, chat-rivit ovat loistava vaihtoehto. Monet keskustelulinjat tarjoavat ilmaisia kokeilujaksoja, joten voit kokeilla niit\u00e4 ennen sitoutumista. T\u00e4m\u00e4 on loistava tapa n\u00e4hd\u00e4, sopiiko chat-linja sinulle. Kun soitat chat-linjalle, sinut yhdistet\u00e4\u00e4n satunnaiseen henkil\u00f6\u00f6n. Voit keskustella muutaman minuutin ja p\u00e4\u00e4tt\u00e4\u00e4 sitten, haluatko tavata.<\/p>\n<p>Siell\u00e4 on paljon puhelinseksisivustoja, ja ne voivat olla loistava tapa l\u00f6yt\u00e4\u00e4 rakkaus. Voit l\u00f6yt\u00e4\u00e4 jonkun, jolle puhua, joka pit\u00e4\u00e4 samoista asioista kuin sin\u00e4, ja voit jopa l\u00f6yt\u00e4\u00e4 jonkun, joka etsii vakavaa suhdetta. Varmista vain, ett\u00e4 olet varovainen k\u00e4ytt\u00e4ess\u00e4si n\u00e4it\u00e4 sivustoja ja ett\u00e4 k\u00e4yt\u00e4t aikaa l\u00f6yt\u00e4\u00e4ksesi sinulle sopivan henkil\u00f6n.<\/p>\n<h2>Ilmainen seksikeskustelu<\/h2>\n<p>Mik\u00e4\u00e4n ei ole aivan kuin yhteyden muodostaminen syv\u00e4ll\u00e4 tasolla olevaan henkil\u00f6\u00f6n seksuaalisesti. Ilmainen seksikeskustelu tarjoaa ainutlaatuisen mahdollisuuden tehd\u00e4 juuri niin. Voit olla yhteydess\u00e4 johonkin, joka jakaa seksuaaliset kiinnostuksesi, ja tutkia toiveitasi turvallisessa ja nimett\u00f6m\u00e4ss\u00e4 ymp\u00e4rist\u00f6ss\u00e4. Ilmainen seksikeskustelu on t\u00e4ydellinen tapa pirist\u00e4\u00e4 rakkausel\u00e4m\u00e4\u00e4si ja p\u00e4\u00e4st\u00e4 l\u00e4hemm\u00e4ksi kumppaniasi.<\/p>\n<h3>Tule Kanssasi<\/h3>\n<p>ComeWithYou on uusi treffisovellus, joka ravistelee online-treffimaailmaa. Sovelluksen avulla k\u00e4ytt\u00e4j\u00e4t voivat olla yhteydess\u00e4 toisiinsa puhelun avulla pelk\u00e4n tekstiviestin sijaan. T\u00e4ll\u00e4 tavalla k\u00e4ytt\u00e4j\u00e4t voivat todella kuulla toistensa \u00e4\u00e4net ja saada paremman k\u00e4sityksen siit\u00e4, kenen kanssa he puhuvat. Sovellus tarjoaa my\u00f6s ilmaisen puhelinseksipalvelun, jotta k\u00e4ytt\u00e4j\u00e4t voivat tutustua toisiinsa viel\u00e4 paremmin. Sovellus on viel\u00e4 alkuvaiheessa, mutta se on jo tehnyt roiskeita online-treffimaailmassa.<\/p>\n<h3>FlirtHookup<\/h3>\n<p>Jos etsit tapaa pirist\u00e4\u00e4 seksiel\u00e4m\u00e4\u00e4si, \u00e4l\u00e4 etsi kauempaa kuin FlirtHookup. T\u00e4m\u00e4n innovatiivisen uuden sovelluksen avulla voit olla yhteydess\u00e4 alueesi mahdollisiin seksikumppaneihin ja keskustella heid\u00e4n kanssaan likaisesti saadaksesi asiat alkuun.<\/p>\n<p>Parasta FlirtHookupissa on, ett\u00e4 se on t\u00e4ysin ilmainen k\u00e4ytt\u00e4\u00e4. T\u00e4m\u00e4 tarkoittaa, ett\u00e4 voit keskustella niin monen ihmisen kanssa kuin haluat, ilman ett\u00e4 sinun tarvitsee huolehtia pankin rikkomisesta.<\/p>\n<p>Joten jos etsit kuumaa, likaista hauskaa, lataa FlirtHookup t\u00e4n\u00e4\u00e4n ja aloita villeimpien fantasioiden tutkiminen.<\/p>\n<h3>Karimetso<\/h3>\n<p>Jos etsit uutta treffisovellusta kokeiltavaksi, harkitse Shagia. Se on ilmainen sovellus, jonka avulla voit muodostaa yhteyden alueesi mahdollisiin otteluihin. Sovellus on helppok\u00e4ytt\u00f6inen ja helppo navigoida. Lis\u00e4ksi se on loistava tapa tavata uusia ihmisi\u00e4 ja p\u00e4\u00e4st\u00e4 makaamaan.<\/p>\n<p>Kun on kyse yhteyden l\u00f6yt\u00e4misest\u00e4, Shag on oikea tapa edet\u00e4. Sovellus on ladattavissa ja k\u00e4ytett\u00e4viss\u00e4 ilmaiseksi. Lis\u00e4ksi sit\u00e4 on helppo k\u00e4ytt\u00e4\u00e4 ja navigoida. L\u00f6yd\u00e4t mahdolliset ottelut alueeltasi nopeasti ja helposti. Lis\u00e4ksi sovellus on loistava tapa tavata uusia ihmisi\u00e4 ja p\u00e4\u00e4st\u00e4 makaamaan.<\/p>\n","protected":false},"excerpt":{"rendered":"<p>Mit\u00e4 tulee kytkemiseen, ilmainen puhelinseksi voi olla loistava tapa saada asiat alkuun. Se voi auttaa murtamaan j\u00e4\u00e4n ja saamaan asiat&hellip;<\/p>\n","protected":false},"author":1,"featured_media":0,"parent":0,"menu_order":0,"comment_status":"closed","ping_status":"closed","template":"","meta":[],"yoast_head":"<!-- This site is optimized with the Yoast SEO plugin v17.7.1 - https:\/\/yoast.com\/wordpress\/plugins\/seo\/ -->\n<title>Ilmainen puhelinseksi - Online Dating Roba<\/title>\n<meta name=\"robots\" content=\"index, follow, max-snippet:-1, max-image-preview:large, max-video-preview:-1\" \/>\n<link rel=\"canonical\" href=\"https:\/\/sushihiroba.co.uk\/fi\/ilmainen-puhelinseksi\/\" \/>\n<meta property=\"og:locale\" content=\"fi_FI\" \/>\n<meta property=\"og:type\" content=\"article\" \/>\n<meta property=\"og:title\" content=\"Ilmainen puhelinseksi - Online Dating Roba\" \/>\n<meta property=\"og:description\" content=\"Mit\u00e4 tulee kytkemiseen, ilmainen puhelinseksi voi olla loistava tapa saada asiat alkuun. Se voi auttaa murtamaan j\u00e4\u00e4n ja saamaan asiat&hellip;\" \/>\n<meta property=\"og:url\" content=\"https:\/\/sushihiroba.co.uk\/fi\/ilmainen-puhelinseksi\/\" \/>\n<meta property=\"og:site_name\" content=\"Online Dating Roba\" \/>\n<meta name=\"twitter:card\" content=\"summary_large_image\" \/>\n<meta name=\"twitter:label1\" content=\"Arvioitu lukuaika\" \/>\n\t<meta name=\"twitter:data1\" content=\"3 minuuttia\" \/>\n<script type=\"application\/ld+json\" class=\"yoast-schema-graph\">{\"@context\":\"https:\/\/schema.org\",\"@graph\":[{\"@type\":\"WebSite\",\"@id\":\"https:\/\/sushihiroba.co.uk\/fi\/#website\",\"url\":\"https:\/\/sushihiroba.co.uk\/fi\/\",\"name\":\"Online Dating Roba\",\"description\":\"Guide To Find Love\",\"potentialAction\":[{\"@type\":\"SearchAction\",\"target\":{\"@type\":\"EntryPoint\",\"urlTemplate\":\"https:\/\/sushihiroba.co.uk\/fi\/?s={search_term_string}\"},\"query-input\":\"required name=search_term_string\"}],\"inLanguage\":\"fi\"},{\"@type\":\"WebPage\",\"@id\":\"https:\/\/sushihiroba.co.uk\/fi\/ilmainen-puhelinseksi\/#webpage\",\"url\":\"https:\/\/sushihiroba.co.uk\/fi\/ilmainen-puhelinseksi\/\",\"name\":\"Ilmainen puhelinseksi - Online Dating Roba\",\"isPartOf\":{\"@id\":\"https:\/\/sushihiroba.co.uk\/fi\/#website\"},\"datePublished\":\"2022-10-10T11:12:51+00:00\",\"dateModified\":\"2022-10-10T11:12:51+00:00\",\"breadcrumb\":{\"@id\":\"https:\/\/sushihiroba.co.uk\/fi\/ilmainen-puhelinseksi\/#breadcrumb\"},\"inLanguage\":\"fi\",\"potentialAction\":[{\"@type\":\"ReadAction\",\"target\":[\"https:\/\/sushihiroba.co.uk\/fi\/ilmainen-puhelinseksi\/\"]}]},{\"@type\":\"BreadcrumbList\",\"@id\":\"https:\/\/sushihiroba.co.uk\/fi\/ilmainen-puhelinseksi\/#breadcrumb\",\"itemListElement\":[{\"@type\":\"ListItem\",\"position\":1,\"name\":\"Home\",\"item\":\"http:\/\/sushihiroba.co.uk\/fi\/\"},{\"@type\":\"ListItem\",\"position\":2,\"name\":\"Ilmainen puhelinseksi\"}]}]}<\/script>\n<!-- \/ Yoast SEO plugin. -->","yoast_head_json":{"title":"Ilmainen puhelinseksi - Online Dating Roba","robots":{"index":"index","follow":"follow","max-snippet":"max-snippet:-1","max-image-preview":"max-image-preview:large","max-video-preview":"max-video-preview:-1"},"canonical":"https:\/\/sushihiroba.co.uk\/fi\/ilmainen-puhelinseksi\/","og_locale":"fi_FI","og_type":"article","og_title":"Ilmainen puhelinseksi - Online Dating Roba","og_description":"Mit\u00e4 tulee kytkemiseen, ilmainen puhelinseksi voi olla loistava tapa saada asiat alkuun. Se voi auttaa murtamaan j\u00e4\u00e4n ja saamaan asiat&hellip;","og_url":"https:\/\/sushihiroba.co.uk\/fi\/ilmainen-puhelinseksi\/","og_site_name":"Online Dating Roba","twitter_card":"summary_large_image","twitter_misc":{"Arvioitu lukuaika":"3 minuuttia"},"schema":{"@context":"https:\/\/schema.org","@graph":[{"@type":"WebSite","@id":"https:\/\/sushihiroba.co.uk\/fi\/#website","url":"https:\/\/sushihiroba.co.uk\/fi\/","name":"Online Dating Roba","description":"Guide To Find Love","potentialAction":[{"@type":"SearchAction","target":{"@type":"EntryPoint","urlTemplate":"https:\/\/sushihiroba.co.uk\/fi\/?s={search_term_string}"},"query-input":"required name=search_term_string"}],"inLanguage":"fi"},{"@type":"WebPage","@id":"https:\/\/sushihiroba.co.uk\/fi\/ilmainen-puhelinseksi\/#webpage","url":"https:\/\/sushihiroba.co.uk\/fi\/ilmainen-puhelinseksi\/","name":"Ilmainen puhelinseksi - Online Dating Roba","isPartOf":{"@id":"https:\/\/sushihiroba.co.uk\/fi\/#website"},"datePublished":"2022-10-10T11:12:51+00:00","dateModified":"2022-10-10T11:12:51+00:00","breadcrumb":{"@id":"https:\/\/sushihiroba.co.uk\/fi\/ilmainen-puhelinseksi\/#breadcrumb"},"inLanguage":"fi","potentialAction":[{"@type":"ReadAction","target":["https:\/\/sushihiroba.co.uk\/fi\/ilmainen-puhelinseksi\/"]}]},{"@type":"BreadcrumbList","@id":"https:\/\/sushihiroba.co.uk\/fi\/ilmainen-puhelinseksi\/#breadcrumb","itemListElement":[{"@type":"ListItem","position":1,"name":"Home","item":"http:\/\/sushihiroba.co.uk\/fi\/"},{"@type":"ListItem","position":2,"name":"Ilmainen puhelinseksi"}]}]}},"_links":{"self":[{"href":"https:\/\/sushihiroba.co.uk\/fi\/wp-json\/wp\/v2\/pages\/172"}],"collection":[{"href":"https:\/\/sushihiroba.co.uk\/fi\/wp-json\/wp\/v2\/pages"}],"about":[{"href":"https:\/\/sushihiroba.co.uk\/fi\/wp-json\/wp\/v2\/types\/page"}],"author":[{"embeddable":true,"href":"https:\/\/sushihiroba.co.uk\/fi\/wp-json\/wp\/v2\/users\/1"}],"replies":[{"embeddable":true,"href":"https:\/\/sushihiroba.co.uk\/fi\/wp-json\/wp\/v2\/comments?post=172"}],"version-history":[{"count":0,"href":"https:\/\/sushihiroba.co.uk\/fi\/wp-json\/wp\/v2\/pages\/172\/revisions"}],"wp:attachment":[{"href":"https:\/\/sushihiroba.co.uk\/fi\/wp-json\/wp\/v2\/media?parent=172"}],"curies":[{"name":"wp","href":"https:\/\/api.w.org\/{rel}","templated":true}]}}