{"id":175,"date":"2022-10-10T12:13:54","date_gmt":"2022-10-10T11:13:54","guid":{"rendered":"http:\/\/sushihiroba.co.uk\/paikalliset-swinger-sivustot\/"},"modified":"2022-10-10T12:13:54","modified_gmt":"2022-10-10T11:13:54","slug":"paikalliset-swinger-sivustot","status":"publish","type":"page","link":"https:\/\/sushihiroba.co.uk\/fi\/paikalliset-swinger-sivustot\/","title":{"rendered":"Paikalliset Swinger-sivustot"},"content":{"rendered":"<p>On olemassa paljon paikallisia swinger-sivustoja, joiden avulla voit olla yhteydess\u00e4 muihin alueesi pariskuntiin. Ne ovat loistava tapa tavata uusia ihmisi\u00e4 ja tutustua heihin intiimimm\u00e4ll\u00e4 tasolla. N\u00e4ilt\u00e4 sivustoilta l\u00f6yd\u00e4t my\u00f6s paljon tietoa paikallisesta swingers-kohtauksesta ja siit\u00e4, mit\u00e4 tapahtumia alueellasi tapahtuu.<\/p>\n<h2>Swinger-sivustot<\/h2>\n<p>Swinger-sivustoja on muutamia erilaisia. Jotkut ovat keskittyneet yhdist\u00e4m\u00e4\u00e4n keinulaitteet tietyll\u00e4 alueella, jotta he voivat tavata. Toiset ovat enemm\u00e4n kuin sosiaalisen verkostoitumisen sivustoja, joissa ihmiset voivat jakaa kiinnostuksensa ja olla yhteydess\u00e4 samanhenkisiin ihmisiin. Toiset taas ovat suuntautuneet enemm\u00e4n treffailuun, ja voit l\u00f6yt\u00e4\u00e4 ihmisi\u00e4, jotka ovat kiinnostuneita samoista asioista kuin sin\u00e4kin.<\/p>\n<p>Jos olet kiinnostunut tutkimaan swinger-el\u00e4m\u00e4ntapaa, on olemassa muutamia eri tapoja edet\u00e4 siin\u00e4. Voit tarkistaa joitain eri swinger-sivustoja n\u00e4hd\u00e4ksesi, mik\u00e4 niist\u00e4 sopii sinulle. Voit my\u00f6s tutustua paikallisiin tapahtumiin tai tapaamisiin, joita saattaa tapahtua alueellasi. Tai voit aina vain ottaa askeleen ja menn\u00e4 swinger-juhliin tai -klubiin. Mink\u00e4 tahansa reitin valitsetkin, muista vain olla kunnioittava ja pit\u00e4\u00e4 hauskaa!<\/p>\n<h2>Swingers-kytkenn\u00e4t<\/h2>\n<p>Online-treffien maailmassa keskityt\u00e4\u00e4n paljon <a href=\"http:\/\/sushihiroba.co.uk\/friends-with-benefits-websites\/\">kytkent\u00f6ihin ja lyhytaikaisiin heittoihin<\/a>. Mutta jos etsit jotain hieman pidemm\u00e4ll\u00e4 aikav\u00e4lill\u00e4, on kasvava trendi, ett\u00e4 ihmiset etsiv\u00e4t swinger-kytkent\u00f6j\u00e4.<\/p>\n<p>T\u00e4ss\u00e4 kaksi ihmist\u00e4, jotka ovat jo parisuhteessa, avaavat suhteensa sis\u00e4lt\u00e4m\u00e4\u00e4n muita seksikumppaneita. Se voi olla loistava tapa pirist\u00e4\u00e4 seksiel\u00e4m\u00e4\u00e4si ja lis\u00e4t\u00e4 vaihtelua.<\/p>\n<p>Jos olet kiinnostunut tutkimaan t\u00e4t\u00e4 vaihtoehtoa, sinun on pidett\u00e4v\u00e4 mieless\u00e4 muutama asia. Ensinn\u00e4kin sinun on oltava rehellinen kumppanillesi siit\u00e4, mit\u00e4 etsit. Toiseksi sinun on kunnioitettava muiden ihmisten rajoja. Ja lopuksi, sinun on oltava turvallinen ja k\u00e4ytett\u00e4v\u00e4 suojausta.<\/p>\n<p>Jos pystyt tekem\u00e4\u00e4n kaikki n\u00e4m\u00e4 asiat, olet matkalla l\u00f6yt\u00e4m\u00e4\u00e4n rakkautta swingers-kytkent\u00f6jen maailmasta.<\/p>\n<h2>Swinger-treffisivustot<\/h2>\n<p>Swinger-treffisivustoja on olemassa muutamia erilaisia. Suosituimmat ovat luultavasti yleisi\u00e4 treffisivustoja, jotka palvelevat swingereit\u00e4. N\u00e4ill\u00e4 sivustoilla on tyypillisesti paljon j\u00e4seni\u00e4 ja ne ovat melko suosittuja. Niiss\u00e4 on yleens\u00e4 paljon ominaisuuksia ja niiden avulla voit etsi\u00e4 muita swingereit\u00e4 alueeltasi.<\/p>\n<p>Toinen swinger-treffisivuston tyyppi on lifestyle-treffisivusto. N\u00e4m\u00e4 sivustot on suunnattu erityisesti swingereille, ja niiss\u00e4 on usein paljon ominaisuuksia, jotka palvelevat el\u00e4m\u00e4ntapaa. Heill\u00e4 on yleens\u00e4 paljon j\u00e4seni\u00e4 ja he ovat melko suosittuja.<\/p>\n<p>Viimeinen swinger-treffisivuston tyyppi on aikuisten treffisivusto. N\u00e4m\u00e4 sivustot on suunnattu aikuisille, jotka ovat kiinnostuneita olemaan yhteydess\u00e4 muihin aikuisiin. Heill\u00e4 on yleens\u00e4 paljon j\u00e4seni\u00e4 ja he ovat melko suosittuja.<\/p>\n<h3>P\u00e4iv\u00e4ysOu<\/h3>\n<p>Jos etsit uutta treffisovellusta, joka on suunniteltu erityisesti swinger-pariskunnille, sinun kannattaa tarkistaa DateYou. T\u00e4m\u00e4 sovellus on suunniteltu auttamaan pariskuntia olemaan yhteydess\u00e4 muihin pariskuntiin omalla alueellaan huvin ja yst\u00e4vyyden vuoksi. Sovellusta on helppo k\u00e4ytt\u00e4\u00e4 ja siin\u00e4 on paljon hienoja ominaisuuksia, kuten viestij\u00e4rjestelm\u00e4 ja tapa jakaa valokuvia ja videoita. Sovelluksessa on my\u00f6s sis\u00e4\u00e4nrakennettu hakuominaisuus, joten voit l\u00f6yt\u00e4\u00e4 alueeltasi muita pariskuntia, jotka etsiv\u00e4t jotakuta, jonka kanssa heilua. Kaiken kaikkiaan mielest\u00e4mme DateYou on loistava vaihtoehto pariskunnille, jotka etsiv\u00e4t uutta tapaa tavata muita pariskuntia.<\/p>\n<h3>Fling.com<\/h3>\n<p>Fling.com on paikallinen swinger-sivusto, joka on ollut olemassa jo jonkin aikaa. Sivusto on helppok\u00e4ytt\u00f6inen ja sill\u00e4 on paljon j\u00e4seni\u00e4. Sivusto on my\u00f6s loistava paikka l\u00f6yt\u00e4\u00e4 paikallisia swingereit\u00e4. Sivustolla on paljon ominaisuuksia ja se on loistava paikka l\u00f6yt\u00e4\u00e4 paikallisia swingereit\u00e4.<\/p>\n<h3>BBWCupid<\/h3>\n<p>BBWCupid on treffisovellus, joka on suunniteltu erityisesti BBW-sinkuille ja heid\u00e4n ihailijoilleen. Sovellus on saatavilla ilmaiseksi App Storesta ja Google Playsta, ja sill\u00e4 on 4 t\u00e4hden luokitus molemmilla alustoilla. Sovellusta on helppo k\u00e4ytt\u00e4\u00e4 ja sill\u00e4 on puhdas k\u00e4ytt\u00f6liittym\u00e4. Siin\u00e4 on my\u00f6s paljon ominaisuuksia, jotka on suunnattu auttamaan sinua l\u00f6yt\u00e4m\u00e4\u00e4n ottelu, mukaan lukien hakutoiminto, &#8221;suosikkiluettelo&#8221; ja viestij\u00e4rjestelm\u00e4. Sovelluksen ainoa haittapuoli on, ett\u00e4 sill\u00e4 ei ole kovin suurta k\u00e4ytt\u00e4j\u00e4kuntaa, joten sinulla voi olla vaikeuksia l\u00f6yt\u00e4\u00e4 otteluita alueeltasi.<\/p>\n","protected":false},"excerpt":{"rendered":"<p>On olemassa paljon paikallisia swinger-sivustoja, joiden avulla voit olla yhteydess\u00e4 muihin alueesi pariskuntiin. Ne ovat loistava tapa tavata uusia ihmisi\u00e4&hellip;<\/p>\n","protected":false},"author":1,"featured_media":0,"parent":0,"menu_order":0,"comment_status":"closed","ping_status":"closed","template":"","meta":[],"yoast_head":"<!-- This site is optimized with the Yoast SEO plugin v17.7.1 - https:\/\/yoast.com\/wordpress\/plugins\/seo\/ -->\n<title>Paikalliset Swinger-sivustot - Online Dating Roba<\/title>\n<meta name=\"robots\" content=\"index, follow, max-snippet:-1, max-image-preview:large, max-video-preview:-1\" \/>\n<link rel=\"canonical\" href=\"https:\/\/sushihiroba.co.uk\/fi\/paikalliset-swinger-sivustot\/\" \/>\n<meta property=\"og:locale\" content=\"fi_FI\" \/>\n<meta property=\"og:type\" content=\"article\" \/>\n<meta property=\"og:title\" content=\"Paikalliset Swinger-sivustot - Online Dating Roba\" \/>\n<meta property=\"og:description\" content=\"On olemassa paljon paikallisia swinger-sivustoja, joiden avulla voit olla yhteydess\u00e4 muihin alueesi pariskuntiin. Ne ovat loistava tapa tavata uusia ihmisi\u00e4&hellip;\" \/>\n<meta property=\"og:url\" content=\"https:\/\/sushihiroba.co.uk\/fi\/paikalliset-swinger-sivustot\/\" \/>\n<meta property=\"og:site_name\" content=\"Online Dating Roba\" \/>\n<meta name=\"twitter:card\" content=\"summary_large_image\" \/>\n<meta name=\"twitter:label1\" content=\"Arvioitu lukuaika\" \/>\n\t<meta name=\"twitter:data1\" content=\"3 minuuttia\" \/>\n<script type=\"application\/ld+json\" class=\"yoast-schema-graph\">{\"@context\":\"https:\/\/schema.org\",\"@graph\":[{\"@type\":\"WebSite\",\"@id\":\"https:\/\/sushihiroba.co.uk\/fi\/#website\",\"url\":\"https:\/\/sushihiroba.co.uk\/fi\/\",\"name\":\"Online Dating Roba\",\"description\":\"Guide To Find Love\",\"potentialAction\":[{\"@type\":\"SearchAction\",\"target\":{\"@type\":\"EntryPoint\",\"urlTemplate\":\"https:\/\/sushihiroba.co.uk\/fi\/?s={search_term_string}\"},\"query-input\":\"required name=search_term_string\"}],\"inLanguage\":\"fi\"},{\"@type\":\"WebPage\",\"@id\":\"https:\/\/sushihiroba.co.uk\/fi\/paikalliset-swinger-sivustot\/#webpage\",\"url\":\"https:\/\/sushihiroba.co.uk\/fi\/paikalliset-swinger-sivustot\/\",\"name\":\"Paikalliset Swinger-sivustot - Online Dating Roba\",\"isPartOf\":{\"@id\":\"https:\/\/sushihiroba.co.uk\/fi\/#website\"},\"datePublished\":\"2022-10-10T11:13:54+00:00\",\"dateModified\":\"2022-10-10T11:13:54+00:00\",\"breadcrumb\":{\"@id\":\"https:\/\/sushihiroba.co.uk\/fi\/paikalliset-swinger-sivustot\/#breadcrumb\"},\"inLanguage\":\"fi\",\"potentialAction\":[{\"@type\":\"ReadAction\",\"target\":[\"https:\/\/sushihiroba.co.uk\/fi\/paikalliset-swinger-sivustot\/\"]}]},{\"@type\":\"BreadcrumbList\",\"@id\":\"https:\/\/sushihiroba.co.uk\/fi\/paikalliset-swinger-sivustot\/#breadcrumb\",\"itemListElement\":[{\"@type\":\"ListItem\",\"position\":1,\"name\":\"Home\",\"item\":\"http:\/\/sushihiroba.co.uk\/fi\/\"},{\"@type\":\"ListItem\",\"position\":2,\"name\":\"Paikalliset Swinger-sivustot\"}]}]}<\/script>\n<!-- \/ Yoast SEO plugin. -->","yoast_head_json":{"title":"Paikalliset Swinger-sivustot - Online Dating Roba","robots":{"index":"index","follow":"follow","max-snippet":"max-snippet:-1","max-image-preview":"max-image-preview:large","max-video-preview":"max-video-preview:-1"},"canonical":"https:\/\/sushihiroba.co.uk\/fi\/paikalliset-swinger-sivustot\/","og_locale":"fi_FI","og_type":"article","og_title":"Paikalliset Swinger-sivustot - Online Dating Roba","og_description":"On olemassa paljon paikallisia swinger-sivustoja, joiden avulla voit olla yhteydess\u00e4 muihin alueesi pariskuntiin. Ne ovat loistava tapa tavata uusia ihmisi\u00e4&hellip;","og_url":"https:\/\/sushihiroba.co.uk\/fi\/paikalliset-swinger-sivustot\/","og_site_name":"Online Dating Roba","twitter_card":"summary_large_image","twitter_misc":{"Arvioitu lukuaika":"3 minuuttia"},"schema":{"@context":"https:\/\/schema.org","@graph":[{"@type":"WebSite","@id":"https:\/\/sushihiroba.co.uk\/fi\/#website","url":"https:\/\/sushihiroba.co.uk\/fi\/","name":"Online Dating Roba","description":"Guide To Find Love","potentialAction":[{"@type":"SearchAction","target":{"@type":"EntryPoint","urlTemplate":"https:\/\/sushihiroba.co.uk\/fi\/?s={search_term_string}"},"query-input":"required name=search_term_string"}],"inLanguage":"fi"},{"@type":"WebPage","@id":"https:\/\/sushihiroba.co.uk\/fi\/paikalliset-swinger-sivustot\/#webpage","url":"https:\/\/sushihiroba.co.uk\/fi\/paikalliset-swinger-sivustot\/","name":"Paikalliset Swinger-sivustot - Online Dating Roba","isPartOf":{"@id":"https:\/\/sushihiroba.co.uk\/fi\/#website"},"datePublished":"2022-10-10T11:13:54+00:00","dateModified":"2022-10-10T11:13:54+00:00","breadcrumb":{"@id":"https:\/\/sushihiroba.co.uk\/fi\/paikalliset-swinger-sivustot\/#breadcrumb"},"inLanguage":"fi","potentialAction":[{"@type":"ReadAction","target":["https:\/\/sushihiroba.co.uk\/fi\/paikalliset-swinger-sivustot\/"]}]},{"@type":"BreadcrumbList","@id":"https:\/\/sushihiroba.co.uk\/fi\/paikalliset-swinger-sivustot\/#breadcrumb","itemListElement":[{"@type":"ListItem","position":1,"name":"Home","item":"http:\/\/sushihiroba.co.uk\/fi\/"},{"@type":"ListItem","position":2,"name":"Paikalliset Swinger-sivustot"}]}]}},"_links":{"self":[{"href":"https:\/\/sushihiroba.co.uk\/fi\/wp-json\/wp\/v2\/pages\/175"}],"collection":[{"href":"https:\/\/sushihiroba.co.uk\/fi\/wp-json\/wp\/v2\/pages"}],"about":[{"href":"https:\/\/sushihiroba.co.uk\/fi\/wp-json\/wp\/v2\/types\/page"}],"author":[{"embeddable":true,"href":"https:\/\/sushihiroba.co.uk\/fi\/wp-json\/wp\/v2\/users\/1"}],"replies":[{"embeddable":true,"href":"https:\/\/sushihiroba.co.uk\/fi\/wp-json\/wp\/v2\/comments?post=175"}],"version-history":[{"count":0,"href":"https:\/\/sushihiroba.co.uk\/fi\/wp-json\/wp\/v2\/pages\/175\/revisions"}],"wp:attachment":[{"href":"https:\/\/sushihiroba.co.uk\/fi\/wp-json\/wp\/v2\/media?parent=175"}],"curies":[{"name":"wp","href":"https:\/\/api.w.org\/{rel}","templated":true}]}}