{"id":186,"date":"2022-10-10T12:13:39","date_gmt":"2022-10-10T11:13:39","guid":{"rendered":"http:\/\/sushihiroba.co.uk\/ystavat-joilla-on-etuussivustot\/"},"modified":"2022-10-10T12:13:39","modified_gmt":"2022-10-10T11:13:39","slug":"ystavat-joilla-on-etuussivustot","status":"publish","type":"page","link":"https:\/\/sushihiroba.co.uk\/fi\/ystavat-joilla-on-etuussivustot\/","title":{"rendered":"Yst\u00e4v\u00e4t, joilla on etuussivustot"},"content":{"rendered":"<h1>Paikallinen FWB-treffit<\/h1>\n<p>Mik\u00e4\u00e4n ei ole aivan kuin paikallinen <a href=\"http:\/\/sushihiroba.co.uk\/milf-sex-chat\/\">fwb-treffit<\/a>. Tunnet henkil\u00f6n, tunnet h\u00e4nen ruumiinsa ja tied\u00e4t, mist\u00e4 h\u00e4n on kiinnostunut. Ei ole arvailua tai miettimist\u00e4, tulevatko he olemaan siit\u00e4, mist\u00e4 pid\u00e4t. Se on vain puhdasta, v\u00e4\u00e4rent\u00e4m\u00e4t\u00f6nt\u00e4 hauskaa.<\/p>\n<p>Tietenkin on joitain asioita, jotka sinun on pidett\u00e4v\u00e4 mieless\u00e4, kun jatkat paikallista fwb-treffailua. Ennen kaikkea viestint\u00e4 on avainasemassa. Sinun on oltava selvill\u00e4 siit\u00e4, mit\u00e4 etsit ja mihin olet tyytyv\u00e4inen. Muuten asiat voivat muuttua melko hankaliksi, melko nopeiksi.<\/p>\n<p>Toinen asia, joka on pidett\u00e4v\u00e4 mieless\u00e4, on, ett\u00e4 paikallinen fwb-treffit voivat joskus johtaa johonkin muuhun. Jos et ole valmis siihen, on t\u00e4rke\u00e4\u00e4 asettaa joitain rajoja. Muuten saatat loukkaantua. Mutta jos etsit hyv\u00e4\u00e4, vanhanaikaista hauskaa, paikallinen fwb-treffit ovat ehdottomasti oikea tapa edet\u00e4. Muista vain kommunikoida ja kunnioittaa toistensa rajoja.<\/p>\n<h2>FWB-sivustot<\/h2>\n<p>Verkossa on saatavilla monia erityyppisi\u00e4 FWB-sivustoja, joista jokainen palvelee erityyppist\u00e4 suhdetta. Jotkut ovat suunnattu niille, jotka etsiv\u00e4t rennompaa suhdetta, kun taas toiset on suunnattu niille, jotka etsiv\u00e4t vakavampaa sitoutumista. Riippumatta siit\u00e4, mink\u00e4 tyyppist\u00e4 suhdetta etsit, on todenn\u00e4k\u00f6isesti olemassa sinulle sopiva FWB-sivusto.<\/p>\n<p>On olemassa useita yst\u00e4vi\u00e4, joilla on viime vuosina ilmestyneit\u00e4 etuussivustoja, jotka palvelevat ihmisi\u00e4, jotka etsiv\u00e4t rakkautta. N\u00e4iden verkkosivustojen avulla j\u00e4senet voivat luoda profiileja ja selata muiden j\u00e4senten profiileja l\u00f6yt\u00e4\u00e4kseen mahdollisen vastaavuuden. Useimmissa tapauksissa j\u00e4senet voivat my\u00f6s kommunikoida kesken\u00e4\u00e4n verkkosivuston kautta oppiakseen tuntemaan toisensa paremmin.<\/p>\n<p>Vaikka jotkut ihmiset saattavat ep\u00e4r\u00f6id\u00e4 k\u00e4ytt\u00e4\u00e4 yst\u00e4vien etuussivustoa rakkauden l\u00f6yt\u00e4miseksi, n\u00e4ilt\u00e4 verkkosivustoilta on tullut useita menestystarinoita. Monissa tapauksissa ihmiset ovat havainneet, ett\u00e4 yst\u00e4v\u00e4t, joilla on etuja -verkkosivuston k\u00e4ytt\u00f6, voi olla loistava tapa tavata uusia ihmisi\u00e4 ja mahdollisesti l\u00f6yt\u00e4\u00e4 heid\u00e4n el\u00e4m\u00e4ns\u00e4 rakkaus.<\/p>\n<h2>FWB-treffisivusto<\/h2>\n<p>On olemassa monia erilaisia tapoja l\u00e4hesty\u00e4 seurustelua, ja yksi suosittu tapa on k\u00e4ytt\u00e4\u00e4 yst\u00e4vi\u00e4, joilla on etuja treffisivusto. T\u00e4m\u00e4ntyyppinen sivusto voi olla loistava tapa tavata uusia ihmisi\u00e4 ja tutustua heihin ilman sitoutuneen suhteen painetta. Voit yksinkertaisesti nauttia ajan viett\u00e4misest\u00e4 yhdess\u00e4 ja vaihtoehtojen tutkimisesta huolehtimatta siit\u00e4, miss\u00e4 asiat ovat menossa.<\/p>\n<p>Tietenkin on t\u00e4rke\u00e4\u00e4 olla rehellinen toisilleen siit\u00e4, mit\u00e4 etsit alusta alkaen. Jos et ole samalla sivulla, se voi johtaa vaikeuksiin tiell\u00e4. Mutta jos olet sek\u00e4 avoin ett\u00e4 rehellinen siit\u00e4, mit\u00e4 toivot, se voi olla loistava tapa tutustua johonkin uuteen.<\/p>\n<h3>NaughtyDate<\/h3>\n<p>NaughtyDate-treffisovellus on yksi suosituimmista paikallisista fwb-treffisovelluksista, jotka ovat saatavilla t\u00e4n\u00e4\u00e4n. Sill\u00e4 on korkea luokitus App Storessa ja Google Playssa, ja k\u00e4ytt\u00e4j\u00e4t lataavat sit\u00e4 usein. Sovelluksen avulla k\u00e4ytt\u00e4j\u00e4t voivat olla yhteydess\u00e4 muihin alueensa k\u00e4ytt\u00e4jiin sek\u00e4 l\u00e4hett\u00e4\u00e4 ja vastaanottaa viestej\u00e4. NaughtyDaten avulla k\u00e4ytt\u00e4j\u00e4t voivat my\u00f6s l\u00e4hett\u00e4\u00e4 valokuvia ja videoita sek\u00e4 katsella muiden k\u00e4ytt\u00e4jien profiileja. Sovellus on ladattavissa ja k\u00e4ytett\u00e4viss\u00e4 ilmaiseksi, eik\u00e4 se vaadi tilausta.<\/p>\n<h3>N\u00f6rtti2Geek<\/h3>\n<p>Jos pid\u00e4t n\u00f6rttikulttuurista, tulet rakastamaan Geek2Geeki\u00e4, treffisovellusta, joka on suunniteltu itse julistautuneille n\u00f6rteille. Sovellus on ladattavissa ja k\u00e4ytett\u00e4viss\u00e4 ilmaiseksi, ja siin\u00e4 on melko helppo navigoida. Voit selata profiileja kiinnostuksen kohteiden mukaan tai etsi\u00e4 osumia sijainnin mukaan.<\/p>\n<p>Yksi Geek2Geekin haittapuoli on, ett\u00e4 se ei ole monimuotoisuusyst\u00e4v\u00e4llisin sovellus siell\u00e4. Suurin osa k\u00e4ytt\u00e4jist\u00e4 n\u00e4ytt\u00e4\u00e4 olevan valkoisia ja miehi\u00e4, joten jos et pid\u00e4 siit\u00e4, saatat haluta kokeilla toista sovellusta.<\/p>\n<p>Kaiken kaikkiaan Geek2Geek on kunnollinen sovellus n\u00f6rttim\u00e4isille sinkuille. Se on ilmainen k\u00e4ytt\u00e4\u00e4 ja suhteellisen helppo navigoida, ja sill\u00e4 on kunnollinen valikoima k\u00e4ytt\u00e4ji\u00e4. Huomaa vain, ett\u00e4 se ei ole monipuolisin sovellus siell\u00e4.<\/p>\n<h3>Kasual-sovellus<\/h3>\n<p>Jos etsit paikallista fwb-treffisovellusta, Kasual on loistava vaihtoehto. Sovellus on helppok\u00e4ytt\u00f6inen ja siin\u00e4 on paljon hienoja ominaisuuksia, kuten kyky tarkastella muiden alueesi k\u00e4ytt\u00e4jien profiileja. Hakutoiminto on my\u00f6s eritt\u00e4in hy\u00f6dyllinen, joten voit l\u00f6yt\u00e4\u00e4 mahdollisia osumia sijaintisi perusteella. Kaiken kaikkiaan Kasual on loistava vaihtoehto niille, jotka etsiv\u00e4t paikallista fwb-treffisovellusta.<\/p>\n","protected":false},"excerpt":{"rendered":"<p>Paikallinen FWB-treffit Mik\u00e4\u00e4n ei ole aivan kuin paikallinen fwb-treffit. Tunnet henkil\u00f6n, tunnet h\u00e4nen ruumiinsa ja tied\u00e4t, mist\u00e4 h\u00e4n on kiinnostunut.&hellip;<\/p>\n","protected":false},"author":1,"featured_media":0,"parent":0,"menu_order":0,"comment_status":"closed","ping_status":"closed","template":"","meta":[],"yoast_head":"<!-- This site is optimized with the Yoast SEO plugin v17.7.1 - https:\/\/yoast.com\/wordpress\/plugins\/seo\/ -->\n<title>Yst\u00e4v\u00e4t, joilla on etuussivustot - Online Dating Roba<\/title>\n<meta name=\"robots\" content=\"index, follow, max-snippet:-1, max-image-preview:large, max-video-preview:-1\" \/>\n<link rel=\"canonical\" href=\"https:\/\/sushihiroba.co.uk\/fi\/ystavat-joilla-on-etuussivustot\/\" \/>\n<meta property=\"og:locale\" content=\"fi_FI\" \/>\n<meta property=\"og:type\" content=\"article\" \/>\n<meta property=\"og:title\" content=\"Yst\u00e4v\u00e4t, joilla on etuussivustot - Online Dating Roba\" \/>\n<meta property=\"og:description\" content=\"Paikallinen FWB-treffit Mik\u00e4\u00e4n ei ole aivan kuin paikallinen fwb-treffit. Tunnet henkil\u00f6n, tunnet h\u00e4nen ruumiinsa ja tied\u00e4t, mist\u00e4 h\u00e4n on kiinnostunut.&hellip;\" \/>\n<meta property=\"og:url\" content=\"https:\/\/sushihiroba.co.uk\/fi\/ystavat-joilla-on-etuussivustot\/\" \/>\n<meta property=\"og:site_name\" content=\"Online Dating Roba\" \/>\n<meta name=\"twitter:card\" content=\"summary_large_image\" \/>\n<meta name=\"twitter:label1\" content=\"Arvioitu lukuaika\" \/>\n\t<meta name=\"twitter:data1\" content=\"3 minuuttia\" \/>\n<script type=\"application\/ld+json\" class=\"yoast-schema-graph\">{\"@context\":\"https:\/\/schema.org\",\"@graph\":[{\"@type\":\"WebSite\",\"@id\":\"https:\/\/sushihiroba.co.uk\/fi\/#website\",\"url\":\"https:\/\/sushihiroba.co.uk\/fi\/\",\"name\":\"Online Dating Roba\",\"description\":\"Guide To Find Love\",\"potentialAction\":[{\"@type\":\"SearchAction\",\"target\":{\"@type\":\"EntryPoint\",\"urlTemplate\":\"https:\/\/sushihiroba.co.uk\/fi\/?s={search_term_string}\"},\"query-input\":\"required name=search_term_string\"}],\"inLanguage\":\"fi\"},{\"@type\":\"WebPage\",\"@id\":\"https:\/\/sushihiroba.co.uk\/fi\/ystavat-joilla-on-etuussivustot\/#webpage\",\"url\":\"https:\/\/sushihiroba.co.uk\/fi\/ystavat-joilla-on-etuussivustot\/\",\"name\":\"Yst\\u00e4v\\u00e4t, joilla on etuussivustot - Online Dating Roba\",\"isPartOf\":{\"@id\":\"https:\/\/sushihiroba.co.uk\/fi\/#website\"},\"datePublished\":\"2022-10-10T11:13:39+00:00\",\"dateModified\":\"2022-10-10T11:13:39+00:00\",\"breadcrumb\":{\"@id\":\"https:\/\/sushihiroba.co.uk\/fi\/ystavat-joilla-on-etuussivustot\/#breadcrumb\"},\"inLanguage\":\"fi\",\"potentialAction\":[{\"@type\":\"ReadAction\",\"target\":[\"https:\/\/sushihiroba.co.uk\/fi\/ystavat-joilla-on-etuussivustot\/\"]}]},{\"@type\":\"BreadcrumbList\",\"@id\":\"https:\/\/sushihiroba.co.uk\/fi\/ystavat-joilla-on-etuussivustot\/#breadcrumb\",\"itemListElement\":[{\"@type\":\"ListItem\",\"position\":1,\"name\":\"Home\",\"item\":\"http:\/\/sushihiroba.co.uk\/fi\/\"},{\"@type\":\"ListItem\",\"position\":2,\"name\":\"Yst\\u00e4v\\u00e4t, joilla on etuussivustot\"}]}]}<\/script>\n<!-- \/ Yoast SEO plugin. -->","yoast_head_json":{"title":"Yst\u00e4v\u00e4t, joilla on etuussivustot - Online Dating Roba","robots":{"index":"index","follow":"follow","max-snippet":"max-snippet:-1","max-image-preview":"max-image-preview:large","max-video-preview":"max-video-preview:-1"},"canonical":"https:\/\/sushihiroba.co.uk\/fi\/ystavat-joilla-on-etuussivustot\/","og_locale":"fi_FI","og_type":"article","og_title":"Yst\u00e4v\u00e4t, joilla on etuussivustot - Online Dating Roba","og_description":"Paikallinen FWB-treffit Mik\u00e4\u00e4n ei ole aivan kuin paikallinen fwb-treffit. Tunnet henkil\u00f6n, tunnet h\u00e4nen ruumiinsa ja tied\u00e4t, mist\u00e4 h\u00e4n on kiinnostunut.&hellip;","og_url":"https:\/\/sushihiroba.co.uk\/fi\/ystavat-joilla-on-etuussivustot\/","og_site_name":"Online Dating Roba","twitter_card":"summary_large_image","twitter_misc":{"Arvioitu lukuaika":"3 minuuttia"},"schema":{"@context":"https:\/\/schema.org","@graph":[{"@type":"WebSite","@id":"https:\/\/sushihiroba.co.uk\/fi\/#website","url":"https:\/\/sushihiroba.co.uk\/fi\/","name":"Online Dating Roba","description":"Guide To Find Love","potentialAction":[{"@type":"SearchAction","target":{"@type":"EntryPoint","urlTemplate":"https:\/\/sushihiroba.co.uk\/fi\/?s={search_term_string}"},"query-input":"required name=search_term_string"}],"inLanguage":"fi"},{"@type":"WebPage","@id":"https:\/\/sushihiroba.co.uk\/fi\/ystavat-joilla-on-etuussivustot\/#webpage","url":"https:\/\/sushihiroba.co.uk\/fi\/ystavat-joilla-on-etuussivustot\/","name":"Yst\u00e4v\u00e4t, joilla on etuussivustot - Online Dating Roba","isPartOf":{"@id":"https:\/\/sushihiroba.co.uk\/fi\/#website"},"datePublished":"2022-10-10T11:13:39+00:00","dateModified":"2022-10-10T11:13:39+00:00","breadcrumb":{"@id":"https:\/\/sushihiroba.co.uk\/fi\/ystavat-joilla-on-etuussivustot\/#breadcrumb"},"inLanguage":"fi","potentialAction":[{"@type":"ReadAction","target":["https:\/\/sushihiroba.co.uk\/fi\/ystavat-joilla-on-etuussivustot\/"]}]},{"@type":"BreadcrumbList","@id":"https:\/\/sushihiroba.co.uk\/fi\/ystavat-joilla-on-etuussivustot\/#breadcrumb","itemListElement":[{"@type":"ListItem","position":1,"name":"Home","item":"http:\/\/sushihiroba.co.uk\/fi\/"},{"@type":"ListItem","position":2,"name":"Yst\u00e4v\u00e4t, joilla on etuussivustot"}]}]}},"_links":{"self":[{"href":"https:\/\/sushihiroba.co.uk\/fi\/wp-json\/wp\/v2\/pages\/186"}],"collection":[{"href":"https:\/\/sushihiroba.co.uk\/fi\/wp-json\/wp\/v2\/pages"}],"about":[{"href":"https:\/\/sushihiroba.co.uk\/fi\/wp-json\/wp\/v2\/types\/page"}],"author":[{"embeddable":true,"href":"https:\/\/sushihiroba.co.uk\/fi\/wp-json\/wp\/v2\/users\/1"}],"replies":[{"embeddable":true,"href":"https:\/\/sushihiroba.co.uk\/fi\/wp-json\/wp\/v2\/comments?post=186"}],"version-history":[{"count":0,"href":"https:\/\/sushihiroba.co.uk\/fi\/wp-json\/wp\/v2\/pages\/186\/revisions"}],"wp:attachment":[{"href":"https:\/\/sushihiroba.co.uk\/fi\/wp-json\/wp\/v2\/media?parent=186"}],"curies":[{"name":"wp","href":"https:\/\/api.w.org\/{rel}","templated":true}]}}