{"id":201,"date":"2022-10-10T11:37:20","date_gmt":"2022-10-10T10:37:20","guid":{"rendered":"http:\/\/sushihiroba.co.uk\/opas-paivamaarien-loytamiseen-ja-yhteyden-muodostamiseen-verkossa\/"},"modified":"2022-10-10T11:37:20","modified_gmt":"2022-10-10T10:37:20","slug":"opas-paivamaarien-loytamiseen-ja-yhteyden-muodostamiseen-verkossa","status":"publish","type":"page","link":"https:\/\/sushihiroba.co.uk\/fi\/","title":{"rendered":"Opas p\u00e4iv\u00e4m\u00e4\u00e4rien l\u00f6yt\u00e4miseen ja yhteyden muodostamiseen verkossa"},"content":{"rendered":"<p>Siell\u00e4 on paljon treffisovelluksia, mutta sellaisen l\u00f6yt\u00e4minen, jonka k\u00e4yt\u00f6st\u00e4 todella nautit, ei ole aina helppoa. Saatat ajatella tiet\u00e4v\u00e4si, mit\u00e4 haluat, mutta kun alat keskustella ihmisten kanssa verkossa, huomaat, ettet todellakaan ole ajatellut asioita l\u00e4pi. Onneksi olemme tehneet suurimman osan ty\u00f6st\u00e4 puolestasi.<\/p>\n<h2>Miksi k\u00e4ytt\u00e4\u00e4 treffisovellusta?<\/h2>\n<p>Yksi syy siihen, miksi treffisovellukset ovat niin suosittuja, on se, ett\u00e4 niiden avulla voimme olla yhteydess\u00e4 ihmisiin kiinnostuksen kohteidemme perusteella \u2013 mik\u00e4 ei ole aina mahdollista henkil\u00f6kohtaisesti. Toinen asia, joka tekee treffisovelluksista upeita, on se, ett\u00e4 ne antavat meille hallinnan siit\u00e4, kuinka paljon tietoa haluamme paljastaa itsest\u00e4mme. Ei ole paineita paljastaa liikaa itsest\u00e4si tai el\u00e4m\u00e4st\u00e4si, ja se antaa meille vapauden todella avautua.<\/p>\n<p>Toinen treffisovellusten etu on, ett\u00e4 ne auttavat meit\u00e4 kitkem\u00e4\u00e4n pois h\u00e4m\u00e4r\u00e4t kaverit. Tied\u00e4mme, mit\u00e4 etsimme kumppanista, ja voimme yleens\u00e4 kertoa muutamassa sekunnissa, onko joku laillinen vai ei. Lis\u00e4ksi monet treffisivustot tarjoavat suodattimia, kuten sijainti, ik\u00e4ryhm\u00e4, uskonto, etnisyys jne., Joten voimme kaventaa kentt\u00e4\u00e4 nopeasti. My\u00f6s treffisovellukset ovat k\u00e4tevi\u00e4. He antavat meid\u00e4n keskustella ihmisten kanssa ilman, ett\u00e4 meid\u00e4n tarvitsee sitoutua mihink\u00e4\u00e4n. N\u00e4in voimme testata vesi\u00e4 ja selvitt\u00e4\u00e4, olisimmeko yhteensopivia, ennen kuin sitoudumme t\u00e4yteen p\u00e4iv\u00e4m\u00e4\u00e4r\u00e4\u00e4n.<\/p>\n<p>On monia erilaisia ihmisi\u00e4, jotka etsiv\u00e4t rakkautta verkosta. Jotkut haluavat tavata jonkun henkil\u00f6kohtaisesti; toiset haluavat vain keskustella. Ja jotkut eiv\u00e4t v\u00e4lit\u00e4 kenenk\u00e4\u00e4n tapaamisesta ollenkaan. Joten mik\u00e4 tekee yhdest\u00e4 treffisovelluksesta paremman kuin toinen? Testasimme jokaista sovellusta omilla laitteillamme ja huomasimme, ett\u00e4 vaikka vaihtoehtoja on paljon, jotkut erottuvat muiden yl\u00e4puolella. T\u00e4ss\u00e4 on viisi parasta treffisovellusta, joita voit k\u00e4ytt\u00e4\u00e4 juuri nyt.<\/p>\n<h2>Suosituimmat arvostelumme &#8211; Mik\u00e4 on paras valintasi?<\/h2>\n<p>Etsitk\u00f6 rakkautta vai vain hauskaa? Siell\u00e4 on paljon treffisovelluksia, mutta mitk\u00e4 niist\u00e4 todella erottuvat joukosta?<\/p>\n<p>Maailmassa on nyt yli 100 miljoonaa j\u00e4sent\u00e4, jotka k\u00e4ytt\u00e4v\u00e4t treffisovelluksia. Joitakin n\u00e4ist\u00e4 ovat Tinder, Bumble, Happn, OkCupid, Grindr ja PlentyOfFish.<\/p>\n<p>Jotkut n\u00e4ist\u00e4 sovelluksista ovat ilmaisia, kun taas toiset vaativat maksun. Valinta on sinun.<\/p>\n<h3>eHarmony<\/h3>\n<p>eHarmony on yksi monista online-treffisovelluksista, jotka keskittyv\u00e4t yksinomaan rakkauden l\u00f6yt\u00e4miseen ik\u00e4ryhm\u00e4ss\u00e4si. Toisin kuin muut sivustot, kuten Match.com tai OkCupid, eHarmony keskittyy auttamaan sinua l\u00f6yt\u00e4m\u00e4\u00e4n pitk\u00e4aikaisen suhteen. eHarmony on t\u00e4ydellinen niille, jotka etsiv\u00e4t vakavaa yhteytt\u00e4.<\/p>\n<p>On monia erilaisia ihmisi\u00e4, jotka k\u00e4ytt\u00e4v\u00e4t eHarmonya. Esimerkiksi jotkut ihmiset etsiv\u00e4t rentoa heittoa, kun taas toiset haluavat seurustella jonkun kanssa, jolla on samanlaiset arvot. Muut ihmiset etsiv\u00e4t sitoutunutta suhdetta, kun taas toiset haluavat vain tavata uusia ihmisi\u00e4.<\/p>\n<p>Sen lis\u00e4ksi, ett\u00e4 eHarmony pystyy suodattamaan mahdollisia p\u00e4iv\u00e4m\u00e4\u00e4ri\u00e4 sen perusteella, mink\u00e4 tyyppist\u00e4 suhdetta he etsiv\u00e4t, se auttaa sinua kaventamaan vaihtoehtojasi persoonallisuuden piirteiden perusteella. Kun olet t\u00e4ytt\u00e4nyt laajan kyselylomakkeen, sivusto luo yksityiskohtaisen raportin, jossa luetellaan ominaisuutesi. N\u00e4iden tietojen avulla voit n\u00e4hd\u00e4, kuinka yhteensopiva olet toisen henkil\u00f6n kanssa. Voit sitten valita, jatkatko kommunikointia yksil\u00f6n kanssa vai et.<\/p>\n<h3>  Sarana<\/h3>\n<p>Hinge on yksi niist\u00e4 sovelluksista, joka tuntuu silt\u00e4, ett\u00e4 se on suunniteltu erityisesti treffailuun. Sovellus k\u00e4ytt\u00e4\u00e4 teko\u00e4ly\u00e4 auttaakseen sinua l\u00f6yt\u00e4m\u00e4\u00e4n ihmisi\u00e4 yhteisten kiinnostuksen kohteiden ja yht\u00e4l\u00e4isyyksien perusteella. Mutta vaikka Hinge on ilmainen, se tarjoaa maksullisia ominaisuuksia, joiden avulla voit pyyhk\u00e4ist\u00e4 nopeammin ja n\u00e4hd\u00e4 v\u00e4hemm\u00e4n profiileja p\u00e4iv\u00e4ss\u00e4.<\/p>\n<p>Sovellus tarjoaa sinulle kolme eri tapaa olla vuorovaikutuksessa mahdollisten p\u00e4iv\u00e4m\u00e4\u00e4rien kanssa: Pyyhk\u00e4ise oikealle, Pyyhk\u00e4ise vasemmalle ja Tykk\u00e4\u00e4 \/ ei pid\u00e4. Jos haluat saada ottelun tapahtumaan, sinun on aktiivisesti valittava, mit\u00e4 haluat sanoa. Voit joko kirjoittaa jotain tai k\u00e4ytt\u00e4\u00e4 ennalta kirjoitettuja vastauksia.<\/p>\n<p>Jos p\u00e4\u00e4t\u00e4t kirjoittaa jotain, voit valita viisi aihetta, joista haluat keskustella p\u00e4iv\u00e4m\u00e4\u00e4r\u00e4si kanssa. N\u00e4it\u00e4 ovat esimerkiksi matkustaminen, ruoka, kirjat, elokuvat, musiikki ja urheilu. Kun olet valinnut aiheen, voit tarkentaa hakua lis\u00e4\u00e4m\u00e4ll\u00e4 muutamia avainsanoja. Saatan esimerkiksi etsi\u00e4 ihmisi\u00e4, jotka ovat kiinnostuneita matkustamaan New Yorkiin. Sitten voin rajoittaa etsint\u00e4ni ihmisiin 50 mailin s\u00e4teell\u00e4 Manhattanista. Asuinpaikallesi ei ole rajoituksia, mutta et voi rajoittaa hakujasi tiettyihin osavaltioihin tai maihin.<\/p>\n<p>Voit my\u00f6s suodattaa vastaavuutesi i\u00e4n, sukupuolen, parisuhteen tilan ja sijainnin mukaan. T\u00e4m\u00e4 tekee yhteensopivien kumppaneiden l\u00f6yt\u00e4misest\u00e4 paljon helpompaa.<\/p>\n<h3>  Taula<\/h3>\n<p>Tinder on suosituin treffisovellus milleniaalien keskuudessa. Ja vaikka monet nuoret aikuiset hylk\u00e4\u00e4v\u00e4t sovelluksen nopeasti keinona tavata vieraita satunnaista seksi\u00e4 varten, on itse asiassa joitain oikeutettuja syit\u00e4, miksi se saattaa olla tutustumisen arvoinen.<\/p>\n<p>Sovellus on eritt\u00e4in helppok\u00e4ytt\u00f6inen, ja se on ilmainen. Pyyhk\u00e4iset vain vasemmalle tai oikealle profiileissa sen perusteella, pid\u00e4tk\u00f6 henkil\u00f6st\u00e4 vai et. Jos pid\u00e4t toisistasi, n\u00e4et toistesi profiilitiedot &#8211; mukaan lukien miss\u00e4 he ty\u00f6skentelev\u00e4t, mitk\u00e4 ovat heid\u00e4n harrastuksensa ja jopa heid\u00e4n suosikkib\u00e4ndins\u00e4.<\/p>\n<p>Mutta koska Tinderi\u00e4 ei oikeastaan ole suunniteltu pitk\u00e4aikaisiin suhteisiin, se sopii parhaiten tapaamiseen yst\u00e4vien kanssa ja hauskanpitoon. Silti t\u00e4\u00e4lt\u00e4kin on mahdollista l\u00f6yt\u00e4\u00e4 kumppani.<\/p>\n<h3>\u00c4nkytt\u00e4\u00e4<\/h3>\n<p>Jos etsit treffisovellusta, jossa miesten on pakko tehd\u00e4 ensimm\u00e4inen siirto, \u00e4l\u00e4 etsi kauempaa kuin Bumble. Vuonna 2013 julkaistu treffisovellus on pohjimmiltaan naisten Tinder. Jos kaverit eiv\u00e4t l\u00e4het\u00e4 h\u00e4nelle viesti\u00e4 24 tunnin kuluessa, h\u00e4net sovitetaan yhteen toisen miehen kanssa. Ja jos h\u00e4n ei vastaa 24 tunnin kuluessa, h\u00e4n menett\u00e4\u00e4 mahdollisuuden.<\/p>\n<p>Sovelluksen idea on yksinkertainen: se kannustaa naisia aloittamaan yhteydenpidon ja antaa miehille v\u00e4hemm\u00e4n hallintaa prosessista. Mutta mik\u00e4 tekee Bumblesta ainutlaatuisen, on se, kuinka se pakottaa miehet odottamaan, kun naiset p\u00e4\u00e4tt\u00e4v\u00e4t, haluavatko he puhua h\u00e4nen kanssaan vai eiv\u00e4t.<\/p>\n<p>Lanseerattuaan vuonna 2013 Bumblesta tuli nopeasti suosittu nuorten aikuisten keskuudessa. Itse asiassa sovelluksella on l\u00e4hes 20 miljoonaa kuukausittaista aktiivista k\u00e4ytt\u00e4j\u00e4\u00e4, mik\u00e4 tekee siit\u00e4 toiseksi k\u00e4ytetyimm\u00e4n treffisovelluksen maailmassa.<\/p>\n<h3>Kahvi kohtaa Bagelin<\/h3>\n<p>Uusin markkinoille tullut treffisovellus on nimelt\u00e4\u00e4n Coffee Meets Bagel. Vaikka vaihtoehtoja on paljon, Coffee Meets Bagle vie asiat eri suuntaan. Sen sijaan, ett\u00e4 k\u00e4ytt\u00e4j\u00e4t pyyhk\u00e4isiv\u00e4t vasemmalle tai oikealle, se k\u00e4ytt\u00e4\u00e4 eri menetelm\u00e4\u00e4, jossa molempien osapuolten on hyv\u00e4ksytt\u00e4v\u00e4 toisensa ennen ottelua.<\/p>\n<p>Vaikka t\u00e4m\u00e4 kuulostaa hyv\u00e4lt\u00e4 teoriassa, se tarkoittaa, ett\u00e4 olet rajoittunut keskustelemaan ihmisten kanssa seitsem\u00e4n p\u00e4iv\u00e4n kuluessa. T\u00e4m\u00e4 voi johtaa hankaliin keskusteluihin, kun yrit\u00e4t l\u00f6yt\u00e4\u00e4 jonkun, joka jakaa kiinnostuksen kohteesi.<\/p>\n<p>Seitsem\u00e4n p\u00e4iv\u00e4n ikkunan lis\u00e4ksi Coffee Meets Baglesin profiiliosio ei ole juuri sit\u00e4, mit\u00e4 kutsut perusteelliseksi. Ei ole mit\u00e4\u00e4n keinoa n\u00e4hd\u00e4, kuinka monta tykk\u00e4yst\u00e4 henkil\u00f6 on saanut tai mitk\u00e4 ovat h\u00e4nen suosikkielokuvansa tai TV-ohjelmansa. Mutta hyv\u00e4 uutinen on, ett\u00e4 sivusto tarjoaa laajaa tietoa mahdollisista otteluista. Opit kaiken siit\u00e4, ovatko he olleet sinkkuja vai osallistuneet verkkosuhteisiin ik\u00e4ryhm\u00e4\u00e4ns\u00e4.<\/p>\n<h3>Lopulliset ajatukset<\/h3>\n<p>Yhteenvetona voidaan todeta, ett\u00e4 jos etsit hyv\u00e4\u00e4 online-treffisivustoa, jossa on suuri tietokanta, Tinder on paras valinta. Sivusto tarjoaa laajan valikoiman ominaisuuksia, kuten chat-huoneita, verkkokameran videokeskustelua, s\u00e4hk\u00f6postia, pikaviestej\u00e4, foorumeita, blogeja jne. Jos etsit ilmaista treffisivustoa tai maksullista treffisivustoa, voit kokeilla molempia sivustoja. L\u00f6yd\u00e4t monia ihmisi\u00e4, jotka haluavat liitty\u00e4 ja joutua makaamaan.<\/p>\n<p>Noudattamalla neuvojamme toivomme, ett\u00e4 l\u00f6yd\u00e4t tarvitsemasi ja nautit terveellisest\u00e4 treffikokemuksesta.<\/p>\n","protected":false},"excerpt":{"rendered":"<p>Siell\u00e4 on paljon treffisovelluksia, mutta sellaisen l\u00f6yt\u00e4minen, jonka k\u00e4yt\u00f6st\u00e4 todella nautit, ei ole aina helppoa. Saatat ajatella tiet\u00e4v\u00e4si, mit\u00e4 haluat,&hellip;<\/p>\n","protected":false},"author":1,"featured_media":118,"parent":0,"menu_order":0,"comment_status":"closed","ping_status":"closed","template":"","meta":[],"yoast_head":"<!-- This site is optimized with the Yoast SEO plugin v17.7.1 - https:\/\/yoast.com\/wordpress\/plugins\/seo\/ -->\n<title>Opas p\u00e4iv\u00e4m\u00e4\u00e4rien l\u00f6yt\u00e4miseen ja yhteyden muodostamiseen verkossa - Online Dating Roba<\/title>\n<meta name=\"robots\" content=\"index, follow, max-snippet:-1, max-image-preview:large, max-video-preview:-1\" \/>\n<link rel=\"canonical\" href=\"https:\/\/sushihiroba.co.uk\/fi\/\" \/>\n<meta property=\"og:locale\" content=\"fi_FI\" \/>\n<meta property=\"og:type\" content=\"article\" \/>\n<meta property=\"og:title\" content=\"Opas p\u00e4iv\u00e4m\u00e4\u00e4rien l\u00f6yt\u00e4miseen ja yhteyden muodostamiseen verkossa - Online Dating Roba\" \/>\n<meta property=\"og:description\" content=\"Siell\u00e4 on paljon treffisovelluksia, mutta sellaisen l\u00f6yt\u00e4minen, jonka k\u00e4yt\u00f6st\u00e4 todella nautit, ei ole aina helppoa. Saatat ajatella tiet\u00e4v\u00e4si, mit\u00e4 haluat,&hellip;\" \/>\n<meta property=\"og:url\" content=\"https:\/\/sushihiroba.co.uk\/fi\/\" \/>\n<meta property=\"og:site_name\" content=\"Online Dating Roba\" \/>\n<meta property=\"og:image\" content=\"http:\/\/sushihiroba.co.uk\/wp-content\/uploads\/2022\/10\/local-dating-apps-for-singles.jpeg\" \/>\n\t<meta property=\"og:image:width\" content=\"500\" \/>\n\t<meta property=\"og:image:height\" content=\"333\" \/>\n<meta name=\"twitter:card\" content=\"summary_large_image\" \/>\n<meta name=\"twitter:label1\" content=\"Arvioitu lukuaika\" \/>\n\t<meta name=\"twitter:data1\" content=\"6 minuuttia\" \/>\n<script type=\"application\/ld+json\" class=\"yoast-schema-graph\">{\"@context\":\"https:\/\/schema.org\",\"@graph\":[{\"@type\":\"WebSite\",\"@id\":\"https:\/\/sushihiroba.co.uk\/fi\/#website\",\"url\":\"https:\/\/sushihiroba.co.uk\/fi\/\",\"name\":\"Online Dating Roba\",\"description\":\"Guide To Find Love\",\"potentialAction\":[{\"@type\":\"SearchAction\",\"target\":{\"@type\":\"EntryPoint\",\"urlTemplate\":\"https:\/\/sushihiroba.co.uk\/fi\/?s={search_term_string}\"},\"query-input\":\"required name=search_term_string\"}],\"inLanguage\":\"fi\"},{\"@type\":\"ImageObject\",\"@id\":\"https:\/\/sushihiroba.co.uk\/fi\/#primaryimage\",\"inLanguage\":\"fi\",\"url\":\"https:\/\/sushihiroba.co.uk\/wp-content\/uploads\/2022\/10\/local-dating-apps-for-singles.jpeg\",\"contentUrl\":\"https:\/\/sushihiroba.co.uk\/wp-content\/uploads\/2022\/10\/local-dating-apps-for-singles.jpeg\",\"width\":500,\"height\":333},{\"@type\":\"WebPage\",\"@id\":\"https:\/\/sushihiroba.co.uk\/fi\/#webpage\",\"url\":\"https:\/\/sushihiroba.co.uk\/fi\/\",\"name\":\"Opas p\\u00e4iv\\u00e4m\\u00e4\\u00e4rien l\\u00f6yt\\u00e4miseen ja yhteyden muodostamiseen verkossa - Online Dating Roba\",\"isPartOf\":{\"@id\":\"https:\/\/sushihiroba.co.uk\/fi\/#website\"},\"primaryImageOfPage\":{\"@id\":\"https:\/\/sushihiroba.co.uk\/fi\/#primaryimage\"},\"datePublished\":\"2022-10-10T10:37:20+00:00\",\"dateModified\":\"2022-10-10T10:37:20+00:00\",\"breadcrumb\":{\"@id\":\"https:\/\/sushihiroba.co.uk\/fi\/#breadcrumb\"},\"inLanguage\":\"fi\",\"potentialAction\":[{\"@type\":\"ReadAction\",\"target\":[\"https:\/\/sushihiroba.co.uk\/fi\/\"]}]},{\"@type\":\"BreadcrumbList\",\"@id\":\"https:\/\/sushihiroba.co.uk\/fi\/#breadcrumb\",\"itemListElement\":[{\"@type\":\"ListItem\",\"position\":1,\"name\":\"Home\",\"item\":\"http:\/\/sushihiroba.co.uk\/fi\/\"},{\"@type\":\"ListItem\",\"position\":2,\"name\":\"Opas p\\u00e4iv\\u00e4m\\u00e4\\u00e4rien l\\u00f6yt\\u00e4miseen ja yhteyden muodostamiseen verkossa\"}]}]}<\/script>\n<!-- \/ Yoast SEO plugin. -->","yoast_head_json":{"title":"Opas p\u00e4iv\u00e4m\u00e4\u00e4rien l\u00f6yt\u00e4miseen ja yhteyden muodostamiseen verkossa - Online Dating Roba","robots":{"index":"index","follow":"follow","max-snippet":"max-snippet:-1","max-image-preview":"max-image-preview:large","max-video-preview":"max-video-preview:-1"},"canonical":"https:\/\/sushihiroba.co.uk\/fi\/","og_locale":"fi_FI","og_type":"article","og_title":"Opas p\u00e4iv\u00e4m\u00e4\u00e4rien l\u00f6yt\u00e4miseen ja yhteyden muodostamiseen verkossa - Online Dating Roba","og_description":"Siell\u00e4 on paljon treffisovelluksia, mutta sellaisen l\u00f6yt\u00e4minen, jonka k\u00e4yt\u00f6st\u00e4 todella nautit, ei ole aina helppoa. Saatat ajatella tiet\u00e4v\u00e4si, mit\u00e4 haluat,&hellip;","og_url":"https:\/\/sushihiroba.co.uk\/fi\/","og_site_name":"Online Dating Roba","og_image":[{"width":500,"height":333,"url":"http:\/\/sushihiroba.co.uk\/wp-content\/uploads\/2022\/10\/local-dating-apps-for-singles.jpeg","type":"image\/jpeg"}],"twitter_card":"summary_large_image","twitter_misc":{"Arvioitu lukuaika":"6 minuuttia"},"schema":{"@context":"https:\/\/schema.org","@graph":[{"@type":"WebSite","@id":"https:\/\/sushihiroba.co.uk\/fi\/#website","url":"https:\/\/sushihiroba.co.uk\/fi\/","name":"Online Dating Roba","description":"Guide To Find Love","potentialAction":[{"@type":"SearchAction","target":{"@type":"EntryPoint","urlTemplate":"https:\/\/sushihiroba.co.uk\/fi\/?s={search_term_string}"},"query-input":"required name=search_term_string"}],"inLanguage":"fi"},{"@type":"ImageObject","@id":"https:\/\/sushihiroba.co.uk\/fi\/#primaryimage","inLanguage":"fi","url":"https:\/\/sushihiroba.co.uk\/wp-content\/uploads\/2022\/10\/local-dating-apps-for-singles.jpeg","contentUrl":"https:\/\/sushihiroba.co.uk\/wp-content\/uploads\/2022\/10\/local-dating-apps-for-singles.jpeg","width":500,"height":333},{"@type":"WebPage","@id":"https:\/\/sushihiroba.co.uk\/fi\/#webpage","url":"https:\/\/sushihiroba.co.uk\/fi\/","name":"Opas p\u00e4iv\u00e4m\u00e4\u00e4rien l\u00f6yt\u00e4miseen ja yhteyden muodostamiseen verkossa - Online Dating Roba","isPartOf":{"@id":"https:\/\/sushihiroba.co.uk\/fi\/#website"},"primaryImageOfPage":{"@id":"https:\/\/sushihiroba.co.uk\/fi\/#primaryimage"},"datePublished":"2022-10-10T10:37:20+00:00","dateModified":"2022-10-10T10:37:20+00:00","breadcrumb":{"@id":"https:\/\/sushihiroba.co.uk\/fi\/#breadcrumb"},"inLanguage":"fi","potentialAction":[{"@type":"ReadAction","target":["https:\/\/sushihiroba.co.uk\/fi\/"]}]},{"@type":"BreadcrumbList","@id":"https:\/\/sushihiroba.co.uk\/fi\/#breadcrumb","itemListElement":[{"@type":"ListItem","position":1,"name":"Home","item":"http:\/\/sushihiroba.co.uk\/fi\/"},{"@type":"ListItem","position":2,"name":"Opas p\u00e4iv\u00e4m\u00e4\u00e4rien l\u00f6yt\u00e4miseen ja yhteyden muodostamiseen verkossa"}]}]}},"_links":{"self":[{"href":"https:\/\/sushihiroba.co.uk\/fi\/wp-json\/wp\/v2\/pages\/201"}],"collection":[{"href":"https:\/\/sushihiroba.co.uk\/fi\/wp-json\/wp\/v2\/pages"}],"about":[{"href":"https:\/\/sushihiroba.co.uk\/fi\/wp-json\/wp\/v2\/types\/page"}],"author":[{"embeddable":true,"href":"https:\/\/sushihiroba.co.uk\/fi\/wp-json\/wp\/v2\/users\/1"}],"replies":[{"embeddable":true,"href":"https:\/\/sushihiroba.co.uk\/fi\/wp-json\/wp\/v2\/comments?post=201"}],"version-history":[{"count":0,"href":"https:\/\/sushihiroba.co.uk\/fi\/wp-json\/wp\/v2\/pages\/201\/revisions"}],"wp:featuredmedia":[{"embeddable":true,"href":"https:\/\/sushihiroba.co.uk\/fi\/wp-json\/wp\/v2\/media\/118"}],"wp:attachment":[{"href":"https:\/\/sushihiroba.co.uk\/fi\/wp-json\/wp\/v2\/media?parent=201"}],"curies":[{"name":"wp","href":"https:\/\/api.w.org\/{rel}","templated":true}]}}