{"id":136,"date":"2022-10-10T12:13:39","date_gmt":"2022-10-10T11:13:39","guid":{"rendered":"http:\/\/sushihiroba.co.uk\/amis-avec-des-sites-web-davantages\/"},"modified":"2022-10-10T12:13:39","modified_gmt":"2022-10-10T11:13:39","slug":"amis-avec-des-sites-web-davantages","status":"publish","type":"page","link":"https:\/\/sushihiroba.co.uk\/fr\/amis-avec-des-sites-web-davantages\/","title":{"rendered":"Amis avec des sites Web d\u2019avantages"},"content":{"rendered":"<h1>Rencontres locales FWB<\/h1>\n<p>Il n\u2019y a rien de tel qu\u2019une <a href=\"http:\/\/sushihiroba.co.uk\/fr\/chat-sexuel-milf\/\">rencontre<\/a> fwb locale. Vous connaissez la personne, vous connaissez son corps et vous savez ce qu\u2019elle aime. Il n\u2019y a pas de supposition ou de se demander s\u2019ils vont \u00eatre dans ce que vous aimez. C\u2019est juste un plaisir pur et pur.<\/p>\n<p>Bien s\u00fbr, il y a certaines choses que vous devez garder \u00e0 l\u2019esprit lorsque vous poursuivez une rencontre fwb locale. D\u2019abord et avant tout, la communication est la cl\u00e9. Vous devez \u00eatre clair sur ce que vous recherchez et ce avec quoi vous \u00eates \u00e0 l\u2019aise. Sinon, les choses peuvent devenir assez g\u00eanantes, assez rapides.<\/p>\n<p>Une autre chose \u00e0 garder \u00e0 l\u2019esprit est que les rencontres locales fwb peuvent parfois conduire \u00e0 quelque chose de plus. Si vous n\u2019\u00eates pas pr\u00eat pour cela, il est important de fixer des limites. Sinon, vous pourriez finir par vous blesser. Mais si vous \u00eates \u00e0 la recherche d\u2019un bon plaisir \u00e0 l\u2019ancienne, alors une rencontre fwb locale est certainement la voie \u00e0 suivre. Assurez-vous simplement de communiquer et d\u2019\u00eatre respectueux des limites de chacun.<\/p>\n<h2>FWB Sites<\/h2>\n<p>Il existe de nombreux types de sites FWB disponibles en ligne, chacun r\u00e9pondant \u00e0 un type de relation diff\u00e9rent. Certains sont orient\u00e9s vers ceux qui recherchent une relation plus occasionnelle, tandis que d\u2019autres sont orient\u00e9s vers ceux qui recherchent un engagement plus s\u00e9rieux. Quel que soit le type de relation que vous recherchez, il existe probablement un site FWB qui vous convient.<\/p>\n<p>Il y a un certain nombre d\u2019amis avec des sites Web d\u2019avantages qui sont apparus ces derni\u00e8res ann\u00e9es qui s\u2019adressent aux personnes qui recherchent l\u2019amour. Ces sites Web permettent aux membres de cr\u00e9er des profils et de parcourir les profils d\u2019autres membres afin de trouver une correspondance potentielle. Dans la plupart des cas, les membres peuvent \u00e9galement communiquer entre eux via le site Web afin de mieux se conna\u00eetre.<\/p>\n<p>Alors que certaines personnes peuvent h\u00e9siter \u00e0 utiliser un site Web d\u2019amis avec des avantages afin de trouver l\u2019amour, il y a un certain nombre d\u2019histoires de r\u00e9ussite qui sont sorties de ces sites Web. Dans de nombreux cas, les gens ont constat\u00e9 que l\u2019utilisation d\u2019un site Web d\u2019amis avec des avantages peut \u00eatre un excellent moyen de rencontrer de nouvelles personnes et potentiellement de trouver l\u2019amour de leur vie.<\/p>\n<h2>Site de rencontre FWB<\/h2>\n<p>Il existe de nombreuses fa\u00e7ons d\u2019aborder les rencontres, et une m\u00e9thode populaire consiste \u00e0 utiliser un site de rencontres entre amis et avantages. Ce type de site peut \u00eatre un excellent moyen de rencontrer de nouvelles personnes et d\u2019apprendre \u00e0 les conna\u00eetre sans la pression d\u2019une relation engag\u00e9e. Vous pouvez simplement passer du temps ensemble et explorer vos options sans vous soucier de la direction que prennent les choses.<\/p>\n<p>Bien s\u00fbr, il est important d\u2019\u00eatre honn\u00eate les uns avec les autres sur ce que vous recherchez depuis le d\u00e9but. Si vous n\u2019\u00eates pas sur la m\u00eame longueur d\u2019onde, cela peut entra\u00eener des difficult\u00e9s \u00e0 l\u2019avenir. Mais si vous \u00eates \u00e0 la fois ouvert et honn\u00eate sur ce que vous esp\u00e9rez, cela peut \u00eatre un excellent moyen d\u2019apprendre \u00e0 conna\u00eetre quelqu\u2019un de nouveau.<\/p>\n<h3>NaughtyDate<\/h3>\n<p>L\u2019application de rencontres NaughtyDate est l\u2019une des applications de rencontres fwb locales les plus populaires disponibles aujourd\u2019hui. Il a une note \u00e9lev\u00e9e sur l\u2019App Store et Google Play, et est fr\u00e9quemment t\u00e9l\u00e9charg\u00e9 par les utilisateurs. L\u2019application permet aux utilisateurs de se connecter avec d\u2019autres utilisateurs de leur r\u00e9gion, d\u2019envoyer et de recevoir des messages. NaughtyDate permet \u00e9galement aux utilisateurs de publier des photos et des vid\u00e9os, et d\u2019afficher les profils d\u2019autres utilisateurs. L\u2019application est gratuite \u00e0 t\u00e9l\u00e9charger et \u00e0 utiliser, et ne n\u00e9cessite pas d\u2019abonnement.<\/p>\n<h3>Geek2Geek<\/h3>\n<p>Si vous aimez la culture geek, vous allez adorer Geek2Geek, une application de rencontres con\u00e7ue pour les geeks autoproclam\u00e9s. L\u2019application est gratuite \u00e0 t\u00e9l\u00e9charger et \u00e0 utiliser, et il est assez facile de naviguer. Vous pouvez parcourir les profils par centres d\u2019int\u00e9r\u00eat ou rechercher des correspondances par emplacement.<\/p>\n<p>Un inconv\u00e9nient de Geek2Geek est que ce n\u2019est pas l\u2019application la plus conviviale pour la diversit\u00e9. La plupart des utilisateurs semblent \u00eatre blancs et masculins, donc si vous n\u2019\u00eates pas dans cela, vous voudrez peut-\u00eatre essayer une application diff\u00e9rente.<\/p>\n<p>Dans l\u2019ensemble, Geek2Geek est une application d\u00e9cente pour les c\u00e9libataires geeks. Il est gratuit \u00e0 utiliser et relativement facile \u00e0 naviguer, et il a une s\u00e9lection d\u00e9cente d\u2019utilisateurs. Sachez simplement que ce n\u2019est pas l\u2019application la plus diversifi\u00e9e.<\/p>\n<h3>Application Kasual<\/h3>\n<p>Si vous recherchez une application de rencontres fwb locale, Kasual est une excellente option. L\u2019application est facile \u00e0 utiliser et poss\u00e8de de nombreuses fonctionnalit\u00e9s int\u00e9ressantes, comme la possibilit\u00e9 d\u2019afficher les profils d\u2019autres utilisateurs de votre r\u00e9gion. La fonction de recherche est \u00e9galement tr\u00e8s utile, vous permettant de trouver des correspondances potentielles en fonction de votre emplacement. Dans l\u2019ensemble, Kasual est une excellente option pour ceux qui recherchent une application de rencontres fwb locale.<\/p>\n","protected":false},"excerpt":{"rendered":"<p>Rencontres locales FWB Il n\u2019y a rien de tel qu\u2019une rencontre fwb locale. Vous connaissez la personne, vous connaissez son&hellip;<\/p>\n","protected":false},"author":1,"featured_media":0,"parent":0,"menu_order":0,"comment_status":"closed","ping_status":"closed","template":"","meta":[],"yoast_head":"<!-- This site is optimized with the Yoast SEO plugin v17.7.1 - https:\/\/yoast.com\/wordpress\/plugins\/seo\/ -->\n<title>Amis avec des sites Web d\u2019avantages - Online Dating Roba<\/title>\n<meta name=\"robots\" content=\"index, follow, max-snippet:-1, max-image-preview:large, max-video-preview:-1\" \/>\n<link rel=\"canonical\" href=\"https:\/\/sushihiroba.co.uk\/fr\/amis-avec-des-sites-web-davantages\/\" \/>\n<meta property=\"og:locale\" content=\"fr_FR\" \/>\n<meta property=\"og:type\" content=\"article\" \/>\n<meta property=\"og:title\" content=\"Amis avec des sites Web d\u2019avantages - Online Dating Roba\" \/>\n<meta property=\"og:description\" content=\"Rencontres locales FWB Il n\u2019y a rien de tel qu\u2019une rencontre fwb locale. Vous connaissez la personne, vous connaissez son&hellip;\" \/>\n<meta property=\"og:url\" content=\"https:\/\/sushihiroba.co.uk\/fr\/amis-avec-des-sites-web-davantages\/\" \/>\n<meta property=\"og:site_name\" content=\"Online Dating Roba\" \/>\n<meta name=\"twitter:card\" content=\"summary_large_image\" \/>\n<meta name=\"twitter:label1\" content=\"Dur\u00e9e de lecture estim\u00e9e\" \/>\n\t<meta name=\"twitter:data1\" content=\"5 minutes\" \/>\n<script type=\"application\/ld+json\" class=\"yoast-schema-graph\">{\"@context\":\"https:\/\/schema.org\",\"@graph\":[{\"@type\":\"WebSite\",\"@id\":\"https:\/\/sushihiroba.co.uk\/fr\/#website\",\"url\":\"https:\/\/sushihiroba.co.uk\/fr\/\",\"name\":\"Online Dating Roba\",\"description\":\"Guide To Find Love\",\"potentialAction\":[{\"@type\":\"SearchAction\",\"target\":{\"@type\":\"EntryPoint\",\"urlTemplate\":\"https:\/\/sushihiroba.co.uk\/fr\/?s={search_term_string}\"},\"query-input\":\"required name=search_term_string\"}],\"inLanguage\":\"fr-FR\"},{\"@type\":\"WebPage\",\"@id\":\"https:\/\/sushihiroba.co.uk\/fr\/amis-avec-des-sites-web-davantages\/#webpage\",\"url\":\"https:\/\/sushihiroba.co.uk\/fr\/amis-avec-des-sites-web-davantages\/\",\"name\":\"Amis avec des sites Web d\\u2019avantages - Online Dating Roba\",\"isPartOf\":{\"@id\":\"https:\/\/sushihiroba.co.uk\/fr\/#website\"},\"datePublished\":\"2022-10-10T11:13:39+00:00\",\"dateModified\":\"2022-10-10T11:13:39+00:00\",\"breadcrumb\":{\"@id\":\"https:\/\/sushihiroba.co.uk\/fr\/amis-avec-des-sites-web-davantages\/#breadcrumb\"},\"inLanguage\":\"fr-FR\",\"potentialAction\":[{\"@type\":\"ReadAction\",\"target\":[\"https:\/\/sushihiroba.co.uk\/fr\/amis-avec-des-sites-web-davantages\/\"]}]},{\"@type\":\"BreadcrumbList\",\"@id\":\"https:\/\/sushihiroba.co.uk\/fr\/amis-avec-des-sites-web-davantages\/#breadcrumb\",\"itemListElement\":[{\"@type\":\"ListItem\",\"position\":1,\"name\":\"Home\",\"item\":\"https:\/\/sushihiroba.co.uk\/fr\/\"},{\"@type\":\"ListItem\",\"position\":2,\"name\":\"Amis avec des sites Web d\\u2019avantages\"}]}]}<\/script>\n<!-- \/ Yoast SEO plugin. -->","yoast_head_json":{"title":"Amis avec des sites Web d\u2019avantages - Online Dating Roba","robots":{"index":"index","follow":"follow","max-snippet":"max-snippet:-1","max-image-preview":"max-image-preview:large","max-video-preview":"max-video-preview:-1"},"canonical":"https:\/\/sushihiroba.co.uk\/fr\/amis-avec-des-sites-web-davantages\/","og_locale":"fr_FR","og_type":"article","og_title":"Amis avec des sites Web d\u2019avantages - Online Dating Roba","og_description":"Rencontres locales FWB Il n\u2019y a rien de tel qu\u2019une rencontre fwb locale. Vous connaissez la personne, vous connaissez son&hellip;","og_url":"https:\/\/sushihiroba.co.uk\/fr\/amis-avec-des-sites-web-davantages\/","og_site_name":"Online Dating Roba","twitter_card":"summary_large_image","twitter_misc":{"Dur\u00e9e de lecture estim\u00e9e":"5 minutes"},"schema":{"@context":"https:\/\/schema.org","@graph":[{"@type":"WebSite","@id":"https:\/\/sushihiroba.co.uk\/fr\/#website","url":"https:\/\/sushihiroba.co.uk\/fr\/","name":"Online Dating Roba","description":"Guide To Find Love","potentialAction":[{"@type":"SearchAction","target":{"@type":"EntryPoint","urlTemplate":"https:\/\/sushihiroba.co.uk\/fr\/?s={search_term_string}"},"query-input":"required name=search_term_string"}],"inLanguage":"fr-FR"},{"@type":"WebPage","@id":"https:\/\/sushihiroba.co.uk\/fr\/amis-avec-des-sites-web-davantages\/#webpage","url":"https:\/\/sushihiroba.co.uk\/fr\/amis-avec-des-sites-web-davantages\/","name":"Amis avec des sites Web d\u2019avantages - Online Dating Roba","isPartOf":{"@id":"https:\/\/sushihiroba.co.uk\/fr\/#website"},"datePublished":"2022-10-10T11:13:39+00:00","dateModified":"2022-10-10T11:13:39+00:00","breadcrumb":{"@id":"https:\/\/sushihiroba.co.uk\/fr\/amis-avec-des-sites-web-davantages\/#breadcrumb"},"inLanguage":"fr-FR","potentialAction":[{"@type":"ReadAction","target":["https:\/\/sushihiroba.co.uk\/fr\/amis-avec-des-sites-web-davantages\/"]}]},{"@type":"BreadcrumbList","@id":"https:\/\/sushihiroba.co.uk\/fr\/amis-avec-des-sites-web-davantages\/#breadcrumb","itemListElement":[{"@type":"ListItem","position":1,"name":"Home","item":"https:\/\/sushihiroba.co.uk\/fr\/"},{"@type":"ListItem","position":2,"name":"Amis avec des sites Web d\u2019avantages"}]}]}},"_links":{"self":[{"href":"https:\/\/sushihiroba.co.uk\/fr\/wp-json\/wp\/v2\/pages\/136"}],"collection":[{"href":"https:\/\/sushihiroba.co.uk\/fr\/wp-json\/wp\/v2\/pages"}],"about":[{"href":"https:\/\/sushihiroba.co.uk\/fr\/wp-json\/wp\/v2\/types\/page"}],"author":[{"embeddable":true,"href":"https:\/\/sushihiroba.co.uk\/fr\/wp-json\/wp\/v2\/users\/1"}],"replies":[{"embeddable":true,"href":"https:\/\/sushihiroba.co.uk\/fr\/wp-json\/wp\/v2\/comments?post=136"}],"version-history":[{"count":0,"href":"https:\/\/sushihiroba.co.uk\/fr\/wp-json\/wp\/v2\/pages\/136\/revisions"}],"wp:attachment":[{"href":"https:\/\/sushihiroba.co.uk\/fr\/wp-json\/wp\/v2\/media?parent=136"}],"curies":[{"name":"wp","href":"https:\/\/api.w.org\/{rel}","templated":true}]}}