{"id":150,"date":"2022-10-10T12:13:54","date_gmt":"2022-10-10T11:13:54","guid":{"rendered":"http:\/\/sushihiroba.co.uk\/sites-echangistes-locaux\/"},"modified":"2022-10-10T12:13:54","modified_gmt":"2022-10-10T11:13:54","slug":"sites-echangistes-locaux","status":"publish","type":"page","link":"https:\/\/sushihiroba.co.uk\/fr\/sites-echangistes-locaux\/","title":{"rendered":"Sites \u00e9changistes locaux"},"content":{"rendered":"<p>Il existe une tonne de sites \u00e9changistes locaux que vous pouvez utiliser pour vous connecter avec d\u2019autres couples de votre r\u00e9gion. Ils sont un excellent moyen de rencontrer de nouvelles personnes et d\u2019apprendre \u00e0 les conna\u00eetre \u00e0 un niveau plus intime. Vous pouvez \u00e9galement trouver beaucoup d\u2019informations sur ces sites sur la sc\u00e8ne \u00e9changiste locale et les \u00e9v\u00e9nements qui se passent dans votre r\u00e9gion.<\/p>\n<h2>Sites \u00e9changistes<\/h2>\n<p>Il existe diff\u00e9rents types de sites \u00e9changistes. Certains se concentrent sur la connexion des \u00e9changistes dans une zone sp\u00e9cifique afin qu\u2019ils puissent se rencontrer. D\u2019autres ressemblent davantage \u00e0 des sites de r\u00e9seautage social, o\u00f9 les gens peuvent partager leurs int\u00e9r\u00eats et se connecter avec des personnes partageant les m\u00eames id\u00e9es. D\u2019autres encore sont plus orient\u00e9s vers les rencontres, et vous pouvez trouver des gens qui s\u2019int\u00e9ressent aux m\u00eames choses que vous.<\/p>\n<p>Si vous \u00eates int\u00e9ress\u00e9 \u00e0 explorer le style de vie \u00e9changiste, il existe diff\u00e9rentes fa\u00e7ons de s\u2019y prendre. Vous pouvez consulter certains des diff\u00e9rents sites \u00e9changistes pour voir lequel vous convient le mieux. Vous pouvez \u00e9galement vous pencher sur les \u00e9v\u00e9nements locaux ou les rencontres qui pourraient avoir lieu dans votre r\u00e9gion. Ou, vous pouvez toujours sauter le pas et aller \u00e0 une f\u00eate \u00e9changiste ou \u00e0 un club. Quel que soit l\u2019itin\u00e9raire que vous choisissez, n\u2019oubliez pas d\u2019\u00eatre respectueux et de vous amuser!<\/p>\n<h2>Connexions \u00e9changistes<\/h2>\n<p>Dans le monde des rencontres en ligne, l\u2019accent est mis sur <a href=\"http:\/\/sushihiroba.co.uk\/friends-with-benefits-websites\/\">les rencontres et les aventures \u00e0 court terme<\/a>. Mais si vous cherchez quelque chose d\u2019un peu plus \u00e0 long terme, il y a une tendance croissante de personnes \u00e0 la recherche de connexions \u00e9changistes.<\/p>\n<p>C\u2019est l\u00e0 que deux personnes qui sont d\u00e9j\u00e0 dans une relation ouvrent leur relation pour inclure d\u2019autres partenaires sexuels. Cela peut \u00eatre un excellent moyen de pimenter votre vie sexuelle et d\u2019ajouter de la vari\u00e9t\u00e9.<\/p>\n<p>Si vous souhaitez explorer cette option, il y a quelques points que vous devez garder \u00e0 l\u2019esprit. Tout d\u2019abord, vous devez \u00eatre honn\u00eate avec votre partenaire sur ce que vous recherchez. Deuxi\u00e8mement, vous devez respecter les limites des autres. Et enfin, vous devez \u00eatre en s\u00e9curit\u00e9 et utiliser une protection.<\/p>\n<p>Si vous pouvez faire toutes ces choses, alors vous \u00eates sur le point de trouver l\u2019amour dans le monde des rencontres \u00e9changistes.<\/p>\n<h2>Sites de rencontres \u00e9changistes<\/h2>\n<p>Il existe diff\u00e9rents types de sites de rencontres \u00e9changistes. Les plus populaires sont probablement les sites de rencontres g\u00e9n\u00e9raux qui s\u2019adressent aux \u00e9changistes. Ces sites ont g\u00e9n\u00e9ralement beaucoup de membres et sont tr\u00e8s populaires. Ils ont g\u00e9n\u00e9ralement beaucoup de fonctionnalit\u00e9s et vous permettent de rechercher d\u2019autres \u00e9changistes dans votre r\u00e9gion.<\/p>\n<p>Un autre type de site de rencontre \u00e9changiste est le site de rencontre lifestyle. Ces sites sont sp\u00e9cifiquement destin\u00e9s aux \u00e9changistes et ont souvent beaucoup de fonctionnalit\u00e9s qui r\u00e9pondent au style de vie. Ils ont g\u00e9n\u00e9ralement beaucoup de membres et sont tr\u00e8s populaires.<\/p>\n<p>Le dernier type de site de rencontre \u00e9changiste est le site de rencontre pour adultes. Ces sites s\u2019adressent aux adultes qui souhaitent se connecter avec d\u2019autres adultes. Ils ont g\u00e9n\u00e9ralement beaucoup de membres et sont tr\u00e8s populaires.<\/p>\n<h3>DateVous<\/h3>\n<p>Si vous recherchez une nouvelle application de rencontres sp\u00e9cialement con\u00e7ue pour les couples \u00e9changistes, vous voudrez consulter DateYou. Cette application est con\u00e7ue pour aider les couples \u00e0 se connecter avec d\u2019autres couples dans leur r\u00e9gion pour le plaisir et l\u2019amiti\u00e9. L\u2019application est facile \u00e0 utiliser et poss\u00e8de de nombreuses fonctionnalit\u00e9s int\u00e9ressantes, comme un syst\u00e8me de messagerie et un moyen de partager des photos et des vid\u00e9os. L\u2019application dispose \u00e9galement d\u2019une fonction de recherche int\u00e9gr\u00e9e afin que vous puissiez trouver d\u2019autres couples de votre r\u00e9gion qui recherchent quelqu\u2019un avec qui se balancer. Dans l\u2019ensemble, nous pensons que DateYou est une excellente option pour les couples qui recherchent une nouvelle fa\u00e7on de rencontrer d\u2019autres couples.<\/p>\n<h3>Fling.com<\/h3>\n<p>Fling.com est un site \u00e9changiste local qui existe depuis un certain temps. Le site est facile \u00e0 utiliser et compte de nombreux membres. Le site est \u00e9galement un endroit id\u00e9al pour trouver des \u00e9changistes locaux. Le site a beaucoup de fonctionnalit\u00e9s et est un endroit id\u00e9al pour trouver des \u00e9changistes locaux.<\/p>\n<h3>BBWCupid<\/h3>\n<p>BBWCupid est une application de rencontres sp\u00e9cialement con\u00e7ue pour les c\u00e9libataires BBW et leurs admirateurs. L\u2019application est disponible gratuitement sur l\u2019App Store et Google Play, et elle a une note de 4 \u00e9toiles sur les deux plates-formes. L\u2019application est facile \u00e0 utiliser et dispose d\u2019une interface propre. Il dispose \u00e9galement de nombreuses fonctionnalit\u00e9s visant \u00e0 vous aider \u00e0 trouver une correspondance, notamment une fonction de recherche, une liste de \u00ab&nbsp;favoris&nbsp;\u00bb et un syst\u00e8me de messagerie. Le seul inconv\u00e9nient de l\u2019application est qu\u2019elle n\u2019a pas une tr\u00e8s grande base d\u2019utilisateurs, vous pouvez donc avoir du mal \u00e0 trouver des correspondances dans votre r\u00e9gion.<\/p>\n","protected":false},"excerpt":{"rendered":"<p>Il existe une tonne de sites \u00e9changistes locaux que vous pouvez utiliser pour vous connecter avec d\u2019autres couples de votre&hellip;<\/p>\n","protected":false},"author":1,"featured_media":0,"parent":0,"menu_order":0,"comment_status":"closed","ping_status":"closed","template":"","meta":[],"yoast_head":"<!-- This site is optimized with the Yoast SEO plugin v17.7.1 - https:\/\/yoast.com\/wordpress\/plugins\/seo\/ -->\n<title>Sites \u00e9changistes locaux - Online Dating Roba<\/title>\n<meta name=\"robots\" content=\"index, follow, max-snippet:-1, max-image-preview:large, max-video-preview:-1\" \/>\n<link rel=\"canonical\" href=\"https:\/\/sushihiroba.co.uk\/fr\/sites-echangistes-locaux\/\" \/>\n<meta property=\"og:locale\" content=\"fr_FR\" \/>\n<meta property=\"og:type\" content=\"article\" \/>\n<meta property=\"og:title\" content=\"Sites \u00e9changistes locaux - Online Dating Roba\" \/>\n<meta property=\"og:description\" content=\"Il existe une tonne de sites \u00e9changistes locaux que vous pouvez utiliser pour vous connecter avec d\u2019autres couples de votre&hellip;\" \/>\n<meta property=\"og:url\" content=\"https:\/\/sushihiroba.co.uk\/fr\/sites-echangistes-locaux\/\" \/>\n<meta property=\"og:site_name\" content=\"Online Dating Roba\" \/>\n<meta name=\"twitter:card\" content=\"summary_large_image\" \/>\n<meta name=\"twitter:label1\" content=\"Dur\u00e9e de lecture estim\u00e9e\" \/>\n\t<meta name=\"twitter:data1\" content=\"4 minutes\" \/>\n<script type=\"application\/ld+json\" class=\"yoast-schema-graph\">{\"@context\":\"https:\/\/schema.org\",\"@graph\":[{\"@type\":\"WebSite\",\"@id\":\"https:\/\/sushihiroba.co.uk\/fr\/#website\",\"url\":\"https:\/\/sushihiroba.co.uk\/fr\/\",\"name\":\"Online Dating Roba\",\"description\":\"Guide To Find Love\",\"potentialAction\":[{\"@type\":\"SearchAction\",\"target\":{\"@type\":\"EntryPoint\",\"urlTemplate\":\"https:\/\/sushihiroba.co.uk\/fr\/?s={search_term_string}\"},\"query-input\":\"required name=search_term_string\"}],\"inLanguage\":\"fr-FR\"},{\"@type\":\"WebPage\",\"@id\":\"https:\/\/sushihiroba.co.uk\/fr\/sites-echangistes-locaux\/#webpage\",\"url\":\"https:\/\/sushihiroba.co.uk\/fr\/sites-echangistes-locaux\/\",\"name\":\"Sites \\u00e9changistes locaux - Online Dating Roba\",\"isPartOf\":{\"@id\":\"https:\/\/sushihiroba.co.uk\/fr\/#website\"},\"datePublished\":\"2022-10-10T11:13:54+00:00\",\"dateModified\":\"2022-10-10T11:13:54+00:00\",\"breadcrumb\":{\"@id\":\"https:\/\/sushihiroba.co.uk\/fr\/sites-echangistes-locaux\/#breadcrumb\"},\"inLanguage\":\"fr-FR\",\"potentialAction\":[{\"@type\":\"ReadAction\",\"target\":[\"https:\/\/sushihiroba.co.uk\/fr\/sites-echangistes-locaux\/\"]}]},{\"@type\":\"BreadcrumbList\",\"@id\":\"https:\/\/sushihiroba.co.uk\/fr\/sites-echangistes-locaux\/#breadcrumb\",\"itemListElement\":[{\"@type\":\"ListItem\",\"position\":1,\"name\":\"Home\",\"item\":\"https:\/\/sushihiroba.co.uk\/fr\/\"},{\"@type\":\"ListItem\",\"position\":2,\"name\":\"Sites \\u00e9changistes locaux\"}]}]}<\/script>\n<!-- \/ Yoast SEO plugin. -->","yoast_head_json":{"title":"Sites \u00e9changistes locaux - Online Dating Roba","robots":{"index":"index","follow":"follow","max-snippet":"max-snippet:-1","max-image-preview":"max-image-preview:large","max-video-preview":"max-video-preview:-1"},"canonical":"https:\/\/sushihiroba.co.uk\/fr\/sites-echangistes-locaux\/","og_locale":"fr_FR","og_type":"article","og_title":"Sites \u00e9changistes locaux - Online Dating Roba","og_description":"Il existe une tonne de sites \u00e9changistes locaux que vous pouvez utiliser pour vous connecter avec d\u2019autres couples de votre&hellip;","og_url":"https:\/\/sushihiroba.co.uk\/fr\/sites-echangistes-locaux\/","og_site_name":"Online Dating Roba","twitter_card":"summary_large_image","twitter_misc":{"Dur\u00e9e de lecture estim\u00e9e":"4 minutes"},"schema":{"@context":"https:\/\/schema.org","@graph":[{"@type":"WebSite","@id":"https:\/\/sushihiroba.co.uk\/fr\/#website","url":"https:\/\/sushihiroba.co.uk\/fr\/","name":"Online Dating Roba","description":"Guide To Find Love","potentialAction":[{"@type":"SearchAction","target":{"@type":"EntryPoint","urlTemplate":"https:\/\/sushihiroba.co.uk\/fr\/?s={search_term_string}"},"query-input":"required name=search_term_string"}],"inLanguage":"fr-FR"},{"@type":"WebPage","@id":"https:\/\/sushihiroba.co.uk\/fr\/sites-echangistes-locaux\/#webpage","url":"https:\/\/sushihiroba.co.uk\/fr\/sites-echangistes-locaux\/","name":"Sites \u00e9changistes locaux - Online Dating Roba","isPartOf":{"@id":"https:\/\/sushihiroba.co.uk\/fr\/#website"},"datePublished":"2022-10-10T11:13:54+00:00","dateModified":"2022-10-10T11:13:54+00:00","breadcrumb":{"@id":"https:\/\/sushihiroba.co.uk\/fr\/sites-echangistes-locaux\/#breadcrumb"},"inLanguage":"fr-FR","potentialAction":[{"@type":"ReadAction","target":["https:\/\/sushihiroba.co.uk\/fr\/sites-echangistes-locaux\/"]}]},{"@type":"BreadcrumbList","@id":"https:\/\/sushihiroba.co.uk\/fr\/sites-echangistes-locaux\/#breadcrumb","itemListElement":[{"@type":"ListItem","position":1,"name":"Home","item":"https:\/\/sushihiroba.co.uk\/fr\/"},{"@type":"ListItem","position":2,"name":"Sites \u00e9changistes locaux"}]}]}},"_links":{"self":[{"href":"https:\/\/sushihiroba.co.uk\/fr\/wp-json\/wp\/v2\/pages\/150"}],"collection":[{"href":"https:\/\/sushihiroba.co.uk\/fr\/wp-json\/wp\/v2\/pages"}],"about":[{"href":"https:\/\/sushihiroba.co.uk\/fr\/wp-json\/wp\/v2\/types\/page"}],"author":[{"embeddable":true,"href":"https:\/\/sushihiroba.co.uk\/fr\/wp-json\/wp\/v2\/users\/1"}],"replies":[{"embeddable":true,"href":"https:\/\/sushihiroba.co.uk\/fr\/wp-json\/wp\/v2\/comments?post=150"}],"version-history":[{"count":0,"href":"https:\/\/sushihiroba.co.uk\/fr\/wp-json\/wp\/v2\/pages\/150\/revisions"}],"wp:attachment":[{"href":"https:\/\/sushihiroba.co.uk\/fr\/wp-json\/wp\/v2\/media?parent=150"}],"curies":[{"name":"wp","href":"https:\/\/api.w.org\/{rel}","templated":true}]}}