{"id":152,"date":"2022-10-10T12:13:05","date_gmt":"2022-10-10T11:13:05","guid":{"rendered":"http:\/\/sushihiroba.co.uk\/salles-de-chat-fetiches\/"},"modified":"2022-10-10T12:13:05","modified_gmt":"2022-10-10T11:13:05","slug":"salles-de-chat-fetiches","status":"publish","type":"page","link":"https:\/\/sushihiroba.co.uk\/fr\/salles-de-chat-fetiches\/","title":{"rendered":"Salles de chat f\u00e9tiches"},"content":{"rendered":"<p>Il existe de nombreux salons de discussion diff\u00e9rents pour les personnes int\u00e9ress\u00e9es par le BDSM. Vous pouvez en trouver qui sont sp\u00e9cifiquement pour les personnes qui cherchent \u00e0 se connecter, et il y en a aussi qui sont juste pour la discussion g\u00e9n\u00e9rale. Si vous cherchez une connexion, c\u2019est une bonne id\u00e9e de consulter quelques salons de discussion diff\u00e9rents pour voir lequel a le plus de personnes qui sont int\u00e9ress\u00e9es par la m\u00eame chose que vous. Vous pouvez \u00e9galement trouver beaucoup de ressources et de conseils diff\u00e9rents dans ces salons de discussion, c\u2019est donc une bonne id\u00e9e de les explorer si vous \u00eates nouveau sur la sc\u00e8ne BDSM.<\/p>\n<h2>Chatroom f\u00e9tiche<\/h2>\n<p>Dans le monde des rencontres en ligne, il existe toutes sortes de salons de discussion diff\u00e9rents disponibles pour les personnes ayant toutes sortes d\u2019int\u00e9r\u00eats diff\u00e9rents. Un type de salon de discussion qui est devenu de plus en plus populaire ces derni\u00e8res ann\u00e9es est le salon de discussion f\u00e9tiche.<\/p>\n<p>Un salon de discussion f\u00e9tiche est un endroit o\u00f9 <a href=\"http:\/\/sushihiroba.co.uk\/free-phone-sex\/\">les personnes ayant un int\u00e9r\u00eat sexuel<\/a> pour un sujet sp\u00e9cifique peuvent se r\u00e9unir et discuter de leurs int\u00e9r\u00eats. Il existe des salons de discussion pour toutes sortes de f\u00e9tiches diff\u00e9rents, des f\u00e9tichistes des pieds aux personnes qui s\u2019int\u00e9ressent au BDSM.<\/p>\n<p>Les salons de discussion f\u00e9tiches peuvent \u00eatre un endroit id\u00e9al pour explorer vos int\u00e9r\u00eats sexuels et rencontrer des personnes partageant les m\u00eames id\u00e9es. Cependant, il est important de se rappeler d\u2019\u00eatre respectueux des int\u00e9r\u00eats et des limites des autres, et de ne jamais faire pression sur quelqu\u2019un pour qu\u2019il fasse quelque chose avec lequel il n\u2019est pas \u00e0 l\u2019aise.<\/p>\n<h2>Salle de chat f\u00e9tichiste<\/h2>\n<p>Dans un salon de discussion f\u00e9tiche, vous pouvez explorer vos d\u00e9sirs les plus profonds avec des personnes partageant les m\u00eames id\u00e9es et potentiellement trouver l\u2019amour. Que vous soyez dans le BDSM, le f\u00e9tichisme des pieds ou tout autre kink, vous pouvez trouver quelqu\u2019un qui partage vos int\u00e9r\u00eats et avec qui vous pouvez explorer votre sexualit\u00e9. La meilleure partie des salles de discussion f\u00e9tiches est que vous pouvez \u00eatre compl\u00e8tement ouvert et honn\u00eate au sujet de vos int\u00e9r\u00eats, et personne ne vous jugera. Donc, si vous recherchez un espace sans jugement pour exprimer vos d\u00e9sirs les plus profonds, un salon de discussion f\u00e9tiche est l\u2019endroit id\u00e9al pour vous.<\/p>\n<p>Les salles de discussion f\u00e9tiches peuvent \u00eatre un excellent moyen de se connecter avec des personnes partageant les m\u00eames id\u00e9es qui partagent vos int\u00e9r\u00eats. Ils peuvent \u00eatre un excellent moyen d\u2019explorer votre sexualit\u00e9 et d\u2019en apprendre davantage sur ce qui vous excite. Ils peuvent \u00e9galement \u00eatre un excellent moyen de rencontrer des partenaires potentiels qui partagent vos int\u00e9r\u00eats. Cependant, il est important de se rappeler que toutes les salles de discussion f\u00e9tiches ne sont pas cr\u00e9\u00e9es \u00e9gales. Certains sont meilleurs que d\u2019autres, et certains sont plus dangereux que d\u2019autres. Il est important de faire vos recherches avant de rejoindre un salon de discussion et de ne rejoindre que ceux avec lesquels vous vous sentez \u00e0 l\u2019aise.<\/p>\n<h3>Flingster<\/h3>\n<p>Si vous cherchez un moyen s\u00fbr et s\u00e9curis\u00e9 d\u2019explorer votre c\u00f4t\u00e9 pervers, alors vous devriez certainement consulter Flingster. Cette application de rencontres est parfaite pour ceux qui sont curieux de BDSM et qui veulent trouver un salon de discussion o\u00f9 ils peuvent explorer leurs d\u00e9sirs sexuels d\u2019une mani\u00e8re s\u00fbre et consensuelle.<\/p>\n<p>Flingster est une excellente option pour ceux qui veulent plonger leurs orteils dans le style de vie BDSM, car il offre une vari\u00e9t\u00e9 de salons de discussion qui r\u00e9pondent \u00e0 diff\u00e9rents plis et f\u00e9tiches. Vous pouvez \u00e9galement \u00eatre assur\u00e9 que tous les membres du site sont r\u00e9els, car chaque profil est v\u00e9rifi\u00e9 par un processus rigoureux.<\/p>\n<p>Donc, si vous cherchez un moyen s\u00fbr et amusant d\u2019explorer votre c\u00f4t\u00e9 pervers, alors assurez-vous de v\u00e9rifier Flingster!<\/p>\n<h3>Geek2Geek<\/h3>\n<p>Geek2Geek est une application de rencontres qui s\u2019adresse aux nerds, geeks et autres geeks. L\u2019application a beaucoup de fonctionnalit\u00e9s qui la rendent id\u00e9ale pour les nerds, y compris une fonction de recherche qui vous permet de trouver d\u2019autres nerds qui partagent vos int\u00e9r\u00eats. L\u2019application dispose \u00e9galement d\u2019une fonction de chat, de sorte que vous pouvez discuter avec d\u2019autres nerds de vos int\u00e9r\u00eats communs. L\u2019application est gratuite \u00e0 t\u00e9l\u00e9charger et \u00e0 utiliser, et elle est disponible pour iOS et Android.<\/p>\n<h3>NaughtyDate<\/h3>\n<p>NaughtyDate est une application de rencontres sp\u00e9cialis\u00e9e dans les salons de discussion BDSM. C\u2019est un endroit id\u00e9al pour trouver des personnes partageant les m\u00eames id\u00e9es et explorer vos probl\u00e8mes et vos f\u00e9tiches. L\u2019application est facile \u00e0 utiliser et poss\u00e8de de nombreuses fonctionnalit\u00e9s, ce qui en fait un excellent choix pour ceux qui recherchent une exp\u00e9rience de salon de discussion perverse.<\/p>\n","protected":false},"excerpt":{"rendered":"<p>Il existe de nombreux salons de discussion diff\u00e9rents pour les personnes int\u00e9ress\u00e9es par le BDSM. Vous pouvez en trouver qui&hellip;<\/p>\n","protected":false},"author":1,"featured_media":0,"parent":0,"menu_order":0,"comment_status":"closed","ping_status":"closed","template":"","meta":[],"yoast_head":"<!-- This site is optimized with the Yoast SEO plugin v17.7.1 - https:\/\/yoast.com\/wordpress\/plugins\/seo\/ -->\n<title>Salles de chat f\u00e9tiches - Online Dating Roba<\/title>\n<meta name=\"robots\" content=\"index, follow, max-snippet:-1, max-image-preview:large, max-video-preview:-1\" \/>\n<link rel=\"canonical\" href=\"https:\/\/sushihiroba.co.uk\/fr\/salles-de-chat-fetiches\/\" \/>\n<meta property=\"og:locale\" content=\"fr_FR\" \/>\n<meta property=\"og:type\" content=\"article\" \/>\n<meta property=\"og:title\" content=\"Salles de chat f\u00e9tiches - Online Dating Roba\" \/>\n<meta property=\"og:description\" content=\"Il existe de nombreux salons de discussion diff\u00e9rents pour les personnes int\u00e9ress\u00e9es par le BDSM. Vous pouvez en trouver qui&hellip;\" \/>\n<meta property=\"og:url\" content=\"https:\/\/sushihiroba.co.uk\/fr\/salles-de-chat-fetiches\/\" \/>\n<meta property=\"og:site_name\" content=\"Online Dating Roba\" \/>\n<meta name=\"twitter:card\" content=\"summary_large_image\" \/>\n<meta name=\"twitter:label1\" content=\"Dur\u00e9e de lecture estim\u00e9e\" \/>\n\t<meta name=\"twitter:data1\" content=\"4 minutes\" \/>\n<script type=\"application\/ld+json\" class=\"yoast-schema-graph\">{\"@context\":\"https:\/\/schema.org\",\"@graph\":[{\"@type\":\"WebSite\",\"@id\":\"https:\/\/sushihiroba.co.uk\/fr\/#website\",\"url\":\"https:\/\/sushihiroba.co.uk\/fr\/\",\"name\":\"Online Dating Roba\",\"description\":\"Guide To Find Love\",\"potentialAction\":[{\"@type\":\"SearchAction\",\"target\":{\"@type\":\"EntryPoint\",\"urlTemplate\":\"https:\/\/sushihiroba.co.uk\/fr\/?s={search_term_string}\"},\"query-input\":\"required name=search_term_string\"}],\"inLanguage\":\"fr-FR\"},{\"@type\":\"WebPage\",\"@id\":\"https:\/\/sushihiroba.co.uk\/fr\/salles-de-chat-fetiches\/#webpage\",\"url\":\"https:\/\/sushihiroba.co.uk\/fr\/salles-de-chat-fetiches\/\",\"name\":\"Salles de chat f\\u00e9tiches - Online Dating Roba\",\"isPartOf\":{\"@id\":\"https:\/\/sushihiroba.co.uk\/fr\/#website\"},\"datePublished\":\"2022-10-10T11:13:05+00:00\",\"dateModified\":\"2022-10-10T11:13:05+00:00\",\"breadcrumb\":{\"@id\":\"https:\/\/sushihiroba.co.uk\/fr\/salles-de-chat-fetiches\/#breadcrumb\"},\"inLanguage\":\"fr-FR\",\"potentialAction\":[{\"@type\":\"ReadAction\",\"target\":[\"https:\/\/sushihiroba.co.uk\/fr\/salles-de-chat-fetiches\/\"]}]},{\"@type\":\"BreadcrumbList\",\"@id\":\"https:\/\/sushihiroba.co.uk\/fr\/salles-de-chat-fetiches\/#breadcrumb\",\"itemListElement\":[{\"@type\":\"ListItem\",\"position\":1,\"name\":\"Home\",\"item\":\"https:\/\/sushihiroba.co.uk\/fr\/\"},{\"@type\":\"ListItem\",\"position\":2,\"name\":\"Salles de chat f\\u00e9tiches\"}]}]}<\/script>\n<!-- \/ Yoast SEO plugin. -->","yoast_head_json":{"title":"Salles de chat f\u00e9tiches - Online Dating Roba","robots":{"index":"index","follow":"follow","max-snippet":"max-snippet:-1","max-image-preview":"max-image-preview:large","max-video-preview":"max-video-preview:-1"},"canonical":"https:\/\/sushihiroba.co.uk\/fr\/salles-de-chat-fetiches\/","og_locale":"fr_FR","og_type":"article","og_title":"Salles de chat f\u00e9tiches - Online Dating Roba","og_description":"Il existe de nombreux salons de discussion diff\u00e9rents pour les personnes int\u00e9ress\u00e9es par le BDSM. Vous pouvez en trouver qui&hellip;","og_url":"https:\/\/sushihiroba.co.uk\/fr\/salles-de-chat-fetiches\/","og_site_name":"Online Dating Roba","twitter_card":"summary_large_image","twitter_misc":{"Dur\u00e9e de lecture estim\u00e9e":"4 minutes"},"schema":{"@context":"https:\/\/schema.org","@graph":[{"@type":"WebSite","@id":"https:\/\/sushihiroba.co.uk\/fr\/#website","url":"https:\/\/sushihiroba.co.uk\/fr\/","name":"Online Dating Roba","description":"Guide To Find Love","potentialAction":[{"@type":"SearchAction","target":{"@type":"EntryPoint","urlTemplate":"https:\/\/sushihiroba.co.uk\/fr\/?s={search_term_string}"},"query-input":"required name=search_term_string"}],"inLanguage":"fr-FR"},{"@type":"WebPage","@id":"https:\/\/sushihiroba.co.uk\/fr\/salles-de-chat-fetiches\/#webpage","url":"https:\/\/sushihiroba.co.uk\/fr\/salles-de-chat-fetiches\/","name":"Salles de chat f\u00e9tiches - Online Dating Roba","isPartOf":{"@id":"https:\/\/sushihiroba.co.uk\/fr\/#website"},"datePublished":"2022-10-10T11:13:05+00:00","dateModified":"2022-10-10T11:13:05+00:00","breadcrumb":{"@id":"https:\/\/sushihiroba.co.uk\/fr\/salles-de-chat-fetiches\/#breadcrumb"},"inLanguage":"fr-FR","potentialAction":[{"@type":"ReadAction","target":["https:\/\/sushihiroba.co.uk\/fr\/salles-de-chat-fetiches\/"]}]},{"@type":"BreadcrumbList","@id":"https:\/\/sushihiroba.co.uk\/fr\/salles-de-chat-fetiches\/#breadcrumb","itemListElement":[{"@type":"ListItem","position":1,"name":"Home","item":"https:\/\/sushihiroba.co.uk\/fr\/"},{"@type":"ListItem","position":2,"name":"Salles de chat f\u00e9tiches"}]}]}},"_links":{"self":[{"href":"https:\/\/sushihiroba.co.uk\/fr\/wp-json\/wp\/v2\/pages\/152"}],"collection":[{"href":"https:\/\/sushihiroba.co.uk\/fr\/wp-json\/wp\/v2\/pages"}],"about":[{"href":"https:\/\/sushihiroba.co.uk\/fr\/wp-json\/wp\/v2\/types\/page"}],"author":[{"embeddable":true,"href":"https:\/\/sushihiroba.co.uk\/fr\/wp-json\/wp\/v2\/users\/1"}],"replies":[{"embeddable":true,"href":"https:\/\/sushihiroba.co.uk\/fr\/wp-json\/wp\/v2\/comments?post=152"}],"version-history":[{"count":0,"href":"https:\/\/sushihiroba.co.uk\/fr\/wp-json\/wp\/v2\/pages\/152\/revisions"}],"wp:attachment":[{"href":"https:\/\/sushihiroba.co.uk\/fr\/wp-json\/wp\/v2\/media?parent=152"}],"curies":[{"name":"wp","href":"https:\/\/api.w.org\/{rel}","templated":true}]}}