{"id":154,"date":"2022-10-10T12:13:28","date_gmt":"2022-10-10T11:13:28","guid":{"rendered":"http:\/\/sushihiroba.co.uk\/chat-sexuel-milf\/"},"modified":"2022-10-10T12:13:28","modified_gmt":"2022-10-10T11:13:28","slug":"chat-sexuel-milf","status":"publish","type":"page","link":"https:\/\/sushihiroba.co.uk\/fr\/chat-sexuel-milf\/","title":{"rendered":"CHAT SEXUEL MILF"},"content":{"rendered":"<p>Il existe de nombreux <a href=\"http:\/\/sushihiroba.co.uk\/fetish-chat-rooms\/\">sites de chat<\/a> milf gratuits qui peuvent vous aider \u00e0 vous connecter avec des femmes plus \u00e2g\u00e9es \u00e0 la recherche d\u2019une aventure. Tout ce que vous avez \u00e0 faire est de trouver un site que vous aimez, de cr\u00e9er un profil et de commencer \u00e0 discuter. Vous serez surpris de voir \u00e0 quel point il est facile de se connecter avec quelqu\u2019un de sp\u00e9cial. Soyez simplement vous-m\u00eame et passez un bon moment.<\/p>\n<h2>Discuter avec Milfs<\/h2>\n<p>Si vous cherchez \u00e0 discuter avec milfs, il y a quelques choses que vous devez garder \u00e0 l\u2019esprit. Tout d\u2019abord, soyez respectueux. Ce sont des femmes qui sont g\u00e9n\u00e9ralement plus \u00e2g\u00e9es que vous, il est donc important d\u2019\u00eatre un gentleman. Deuxi\u00e8mement, soyez int\u00e9ressant. Posez des questions, partagez des histoires et soyez engageant. Troisi\u00e8mement, ne soyez pas insistant. Ces dames cherchent quelqu\u2019un avec qui discuter, pas quelqu\u2019un \u00e0 ce jour, alors n\u2019essayez pas de les forcer \u00e0 quoi que ce soit. D\u00e9tendez-vous, amusez-vous et profitez de la conversation.<\/p>\n<h2>Parlez avec Milfs<\/h2>\n<p>Je parlais avec des milfs l\u2019autre jour et ils disaient \u00e0 quel point il est difficile de trouver l\u2019amour ces jours-ci. Ils ont dit qu\u2019ils \u00e9taient c\u00e9libataires depuis un certain temps et qu\u2019ils n\u2019avaient pas eu beaucoup de chance. Ils ont dit qu\u2019ils avaient essay\u00e9 les rencontres en ligne, mais que cela n\u2019avait pas bien fonctionn\u00e9 pour eux. Ils ont dit qu\u2019ils commen\u00e7aient \u00e0 se sentir trop vieux pour trouver l\u2019amour. Je leur ai dit qu\u2019ils ne sont jamais trop vieux pour trouver l\u2019amour et qu\u2019ils ont juste besoin de continuer \u00e0 chercher. Je leur ai dit qu\u2019ils devraient essayer d\u2019aller \u00e0 des \u00e9v\u00e9nements ou des clubs de c\u00e9libataires. Je pense que s\u2019ils continuent \u00e0 chercher, ils trouveront l\u2019amour.<\/p>\n<p>Il n\u2019y a rien de tel que d\u2019avoir des relations sexuelles avec un MILF. Ils sont exp\u00e9riment\u00e9s, ils savent ce qu\u2019ils font et ils n\u2019ont pas peur de prendre les choses en main. C\u2019est pourquoi le chat sexuel MILF est si populaire. C\u2019est un excellent moyen de se connecter avec des femmes plus \u00e2g\u00e9es qui savent ce qu\u2019elles veulent et qui n\u2019ont pas peur de le poursuivre.<\/p>\n<p>Si vous cherchez \u00e0 entrer dans le chat sexuel MILF, le meilleur endroit pour commencer est de trouver un salon de discussion sp\u00e9cifiquement destin\u00e9 aux femmes \u00e2g\u00e9es. De cette fa\u00e7on, vous serez en mesure de trouver des femmes qui recherchent sp\u00e9cifiquement des hommes plus jeunes avec qui discuter. Une fois que vous avez trouv\u00e9 une salle de discussion qui r\u00e9pond \u00e0 vos besoins, tout ce que vous avez \u00e0 faire est de vous inscrire et de commencer \u00e0 discuter. C\u2019est aussi simple que cela. Si vous voulez faire passer les choses au niveau sup\u00e9rieur, vous pouvez m\u00eame essayer le chat vid\u00e9o. C\u2019est un excellent moyen de vraiment apprendre \u00e0 conna\u00eetre quelqu\u2019un et de voir s\u2019il y a un lien sexuel. N\u2019oubliez pas d\u2019\u00eatre respectueux et de suivre les r\u00e8gles, et vous serez s\u00fbr de passer un bon moment.<\/p>\n<h3>Amadou<\/h3>\n<p>Tinder est une application de rencontres populaire qui permet aux utilisateurs de glisser vers la droite ou la gauche pour indiquer leur int\u00e9r\u00eat pour un autre utilisateur. Si deux utilisateurs glissent vers la droite sur les profils de l\u2019autre, ils peuvent alors discuter et potentiellement se rencontrer en personne.<\/p>\n<p>Tinder est g\u00e9n\u00e9ralement consid\u00e9r\u00e9 comme un moyen s\u00fbr et facile de rencontrer des gens, bien qu\u2019il y ait eu quelques rapports de faux profils et d\u2019escrocs. Dans l\u2019ensemble, Tinder est un moyen populaire et pratique de rencontrer de nouvelles personnes, et il est particuli\u00e8rement bien adapt\u00e9 \u00e0 ceux qui recherchent une connexion rapide ou une relation occasionnelle.<\/p>\n<h3>BookOfSext<\/h3>\n<p>Si vous recherchez un site de chat milf gratuit et facile \u00e0 utiliser, BookOfSext est une excellente option. Le site a un design propre et moderne, et il est facile de trouver et de discuter avec milfs. Il existe \u00e9galement de nombreuses fonctionnalit\u00e9s, telles que la possibilit\u00e9 d\u2019envoyer des messages priv\u00e9s, et le site est disponible en plusieurs langues. Cependant, il y a quelques inconv\u00e9nients. Par exemple, le site n\u2019a pas beaucoup d\u2019utilisateurs et n\u2019est pas disponible dans tous les pays.<\/p>\n<h3>DoubleList<\/h3>\n<p>Si vous recherchez un site de chat milf gratuit, vous devriez absolument consulter DoubleList. Le site dispose d\u2019une grande s\u00e9lection de salles de discussion, et vous pouvez m\u00eame cr\u00e9er votre propre salle de discussion si vous le souhaitez. Il existe \u00e9galement de nombreuses fonctionnalit\u00e9s que vous pouvez utiliser pour rendre votre exp\u00e9rience de chat plus agr\u00e9able, telles que la possibilit\u00e9 d\u2019envoyer des messages priv\u00e9s ou m\u00eame de passer des appels vid\u00e9o. Dans l\u2019ensemble, DoubleList est un excellent site de chat, et cela vaut vraiment la peine de v\u00e9rifier si vous recherchez un site de chat milf gratuit.<\/p>\n","protected":false},"excerpt":{"rendered":"<p>Il existe de nombreux sites de chat milf gratuits qui peuvent vous aider \u00e0 vous connecter avec des femmes plus&hellip;<\/p>\n","protected":false},"author":1,"featured_media":0,"parent":0,"menu_order":0,"comment_status":"closed","ping_status":"closed","template":"","meta":[],"yoast_head":"<!-- This site is optimized with the Yoast SEO plugin v17.7.1 - https:\/\/yoast.com\/wordpress\/plugins\/seo\/ -->\n<title>CHAT SEXUEL MILF - Online Dating Roba<\/title>\n<meta name=\"robots\" content=\"index, follow, max-snippet:-1, max-image-preview:large, max-video-preview:-1\" \/>\n<link rel=\"canonical\" href=\"https:\/\/sushihiroba.co.uk\/fr\/chat-sexuel-milf\/\" \/>\n<meta property=\"og:locale\" content=\"fr_FR\" \/>\n<meta property=\"og:type\" content=\"article\" \/>\n<meta property=\"og:title\" content=\"CHAT SEXUEL MILF - Online Dating Roba\" \/>\n<meta property=\"og:description\" content=\"Il existe de nombreux sites de chat milf gratuits qui peuvent vous aider \u00e0 vous connecter avec des femmes plus&hellip;\" \/>\n<meta property=\"og:url\" content=\"https:\/\/sushihiroba.co.uk\/fr\/chat-sexuel-milf\/\" \/>\n<meta property=\"og:site_name\" content=\"Online Dating Roba\" \/>\n<meta name=\"twitter:card\" content=\"summary_large_image\" \/>\n<meta name=\"twitter:label1\" content=\"Dur\u00e9e de lecture estim\u00e9e\" \/>\n\t<meta name=\"twitter:data1\" content=\"4 minutes\" \/>\n<script type=\"application\/ld+json\" class=\"yoast-schema-graph\">{\"@context\":\"https:\/\/schema.org\",\"@graph\":[{\"@type\":\"WebSite\",\"@id\":\"https:\/\/sushihiroba.co.uk\/fr\/#website\",\"url\":\"https:\/\/sushihiroba.co.uk\/fr\/\",\"name\":\"Online Dating Roba\",\"description\":\"Guide To Find Love\",\"potentialAction\":[{\"@type\":\"SearchAction\",\"target\":{\"@type\":\"EntryPoint\",\"urlTemplate\":\"https:\/\/sushihiroba.co.uk\/fr\/?s={search_term_string}\"},\"query-input\":\"required name=search_term_string\"}],\"inLanguage\":\"fr-FR\"},{\"@type\":\"WebPage\",\"@id\":\"https:\/\/sushihiroba.co.uk\/fr\/chat-sexuel-milf\/#webpage\",\"url\":\"https:\/\/sushihiroba.co.uk\/fr\/chat-sexuel-milf\/\",\"name\":\"CHAT SEXUEL MILF - Online Dating Roba\",\"isPartOf\":{\"@id\":\"https:\/\/sushihiroba.co.uk\/fr\/#website\"},\"datePublished\":\"2022-10-10T11:13:28+00:00\",\"dateModified\":\"2022-10-10T11:13:28+00:00\",\"breadcrumb\":{\"@id\":\"https:\/\/sushihiroba.co.uk\/fr\/chat-sexuel-milf\/#breadcrumb\"},\"inLanguage\":\"fr-FR\",\"potentialAction\":[{\"@type\":\"ReadAction\",\"target\":[\"https:\/\/sushihiroba.co.uk\/fr\/chat-sexuel-milf\/\"]}]},{\"@type\":\"BreadcrumbList\",\"@id\":\"https:\/\/sushihiroba.co.uk\/fr\/chat-sexuel-milf\/#breadcrumb\",\"itemListElement\":[{\"@type\":\"ListItem\",\"position\":1,\"name\":\"Home\",\"item\":\"https:\/\/sushihiroba.co.uk\/fr\/\"},{\"@type\":\"ListItem\",\"position\":2,\"name\":\"CHAT SEXUEL MILF\"}]}]}<\/script>\n<!-- \/ Yoast SEO plugin. -->","yoast_head_json":{"title":"CHAT SEXUEL MILF - Online Dating Roba","robots":{"index":"index","follow":"follow","max-snippet":"max-snippet:-1","max-image-preview":"max-image-preview:large","max-video-preview":"max-video-preview:-1"},"canonical":"https:\/\/sushihiroba.co.uk\/fr\/chat-sexuel-milf\/","og_locale":"fr_FR","og_type":"article","og_title":"CHAT SEXUEL MILF - Online Dating Roba","og_description":"Il existe de nombreux sites de chat milf gratuits qui peuvent vous aider \u00e0 vous connecter avec des femmes plus&hellip;","og_url":"https:\/\/sushihiroba.co.uk\/fr\/chat-sexuel-milf\/","og_site_name":"Online Dating Roba","twitter_card":"summary_large_image","twitter_misc":{"Dur\u00e9e de lecture estim\u00e9e":"4 minutes"},"schema":{"@context":"https:\/\/schema.org","@graph":[{"@type":"WebSite","@id":"https:\/\/sushihiroba.co.uk\/fr\/#website","url":"https:\/\/sushihiroba.co.uk\/fr\/","name":"Online Dating Roba","description":"Guide To Find Love","potentialAction":[{"@type":"SearchAction","target":{"@type":"EntryPoint","urlTemplate":"https:\/\/sushihiroba.co.uk\/fr\/?s={search_term_string}"},"query-input":"required name=search_term_string"}],"inLanguage":"fr-FR"},{"@type":"WebPage","@id":"https:\/\/sushihiroba.co.uk\/fr\/chat-sexuel-milf\/#webpage","url":"https:\/\/sushihiroba.co.uk\/fr\/chat-sexuel-milf\/","name":"CHAT SEXUEL MILF - Online Dating Roba","isPartOf":{"@id":"https:\/\/sushihiroba.co.uk\/fr\/#website"},"datePublished":"2022-10-10T11:13:28+00:00","dateModified":"2022-10-10T11:13:28+00:00","breadcrumb":{"@id":"https:\/\/sushihiroba.co.uk\/fr\/chat-sexuel-milf\/#breadcrumb"},"inLanguage":"fr-FR","potentialAction":[{"@type":"ReadAction","target":["https:\/\/sushihiroba.co.uk\/fr\/chat-sexuel-milf\/"]}]},{"@type":"BreadcrumbList","@id":"https:\/\/sushihiroba.co.uk\/fr\/chat-sexuel-milf\/#breadcrumb","itemListElement":[{"@type":"ListItem","position":1,"name":"Home","item":"https:\/\/sushihiroba.co.uk\/fr\/"},{"@type":"ListItem","position":2,"name":"CHAT SEXUEL MILF"}]}]}},"_links":{"self":[{"href":"https:\/\/sushihiroba.co.uk\/fr\/wp-json\/wp\/v2\/pages\/154"}],"collection":[{"href":"https:\/\/sushihiroba.co.uk\/fr\/wp-json\/wp\/v2\/pages"}],"about":[{"href":"https:\/\/sushihiroba.co.uk\/fr\/wp-json\/wp\/v2\/types\/page"}],"author":[{"embeddable":true,"href":"https:\/\/sushihiroba.co.uk\/fr\/wp-json\/wp\/v2\/users\/1"}],"replies":[{"embeddable":true,"href":"https:\/\/sushihiroba.co.uk\/fr\/wp-json\/wp\/v2\/comments?post=154"}],"version-history":[{"count":0,"href":"https:\/\/sushihiroba.co.uk\/fr\/wp-json\/wp\/v2\/pages\/154\/revisions"}],"wp:attachment":[{"href":"https:\/\/sushihiroba.co.uk\/fr\/wp-json\/wp\/v2\/media?parent=154"}],"curies":[{"name":"wp","href":"https:\/\/api.w.org\/{rel}","templated":true}]}}