{"id":158,"date":"2022-10-10T12:14:24","date_gmt":"2022-10-10T11:14:24","guid":{"rendered":"http:\/\/sushihiroba.co.uk\/sites-de-rencontres-nerd\/"},"modified":"2022-10-10T12:14:24","modified_gmt":"2022-10-10T11:14:24","slug":"sites-de-rencontres-nerd","status":"publish","type":"page","link":"https:\/\/sushihiroba.co.uk\/fr\/sites-de-rencontres-nerd\/","title":{"rendered":"Sites de rencontres Nerd"},"content":{"rendered":"<p>Il n\u2019est pas n\u00e9cessaire d\u2019\u00eatre nerveux \u00e0 propos des \u00ab&nbsp;rencontres de nerds&nbsp;\u00bb. Tout d\u2019abord, rappelez-vous que les gars ringards sont comme n\u2019importe quel autre gars quand il s\u2019agit de se connecter. Ils recherchent la m\u00eame chose que vous : quelqu\u2019un avec qui passer un bon moment. Deuxi\u00e8mement, n\u2019ayez pas peur de montrer votre c\u00f4t\u00e9 nerd. Les gars trouvent l\u2019intelligence et l\u2019amour de l\u2019apprentissage sexy, alors laissez votre drapeau nerd voler! Enfin, n\u2019ayez pas peur de faire le premier pas. Les nerds sont souvent timides, alors c\u2019est \u00e0 vous de prendre les choses en main et de lui demander de sortir. Avec ces conseils, vous \u00eates s\u00fbr de passer un bon moment \u00ab&nbsp;nerd dating!&nbsp;\u00bb<\/p>\n<h2>Date Un Geek<\/h2>\n<p>Cherchez-vous un rendez-vous qui est un peu un geek? Alors ne cherchez pas plus loin que votre bar geek local ou votre site de rencontre en ligne. Voici quelques conseils sur la fa\u00e7on de sortir avec un geek.<\/p>\n<ul>\n<li>Pr\u00e9parez-vous \u00e0 des conversations intenses. Les geeks adorent parler de leurs int\u00e9r\u00eats, alors soyez pr\u00eat \u00e0 discuter de tout, du dernier film de bande dessin\u00e9e au dernier jeu vid\u00e9o.<\/li>\n<li>Patienter. Les geeks peuvent \u00eatre un peu timides au d\u00e9but, il peut donc leur falloir un certain temps pour s\u2019ouvrir \u00e0 vous.<\/li>\n<li>Soyez honn\u00eate. Les geeks appr\u00e9cient l\u2019honn\u00eatet\u00e9, alors n\u2019essayez pas de simuler votre chemin \u00e0 travers une conversation. Si vous n\u2019\u00eates pas int\u00e9ress\u00e9 par les m\u00eames choses, soyez franc \u00e0 ce sujet.<\/li>\n<li>Soyez flexible. Les geeks peuvent \u00eatre assez fix\u00e9s dans leurs habitudes, il est donc important d\u2019\u00eatre flexible quand il s\u2019agit de plans. Si votre rendez-vous veut rester et jouer \u00e0 des jeux vid\u00e9o toute la nuit, allez-y.<\/li>\n<li>Soyez vous-m\u00eame. Les geeks sont attir\u00e9s par les gens qui sont authentiques et authentiques. Alors soyez vous-m\u00eame et vous \u00eates s\u00fbr de trouver le match geek parfait.<\/li>\n<\/ul>\n<p>Il existe de nombreux <a href=\"http:\/\/sushihiroba.co.uk\/local-swinger-sites\/\">sites de rencontres<\/a> nerds, chacun offrant quelque chose d\u2019un peu diff\u00e9rent en termes de fonctionnalit\u00e9s et d\u2019audience. Certains sites, comme Geek 2 Geek, sont con\u00e7us sp\u00e9cifiquement pour les geeks et les nerds, tandis que d\u2019autres, comme OkCupid, sont ouverts aux personnes de tous les niveaux de nerds.<\/p>\n<p>Si vous cherchez l\u2019amour et que vous vous consid\u00e9rez comme un nerd, il existe un site de rencontre pour vous. Que vous aimiez la science-fiction, les jeux ou quoi que ce soit entre les deux, il y a une communaut\u00e9 de personnes partageant les m\u00eames id\u00e9es qui attendent de vous rencontrer. Alors sortez et commencez \u00e0 vous amuser avec quelqu\u2019un de sp\u00e9cial aujourd\u2019hui.<\/p>\n<h2>Sites de rencontres de jeux<\/h2>\n<p>Il existe un certain nombre de sites de rencontres qui s\u2019adressent sp\u00e9cifiquement aux joueurs. Ces sites comprennent les passions et les int\u00e9r\u00eats des joueurs et peuvent vous mettre en relation avec d\u2019autres c\u00e9libataires qui partagent vos int\u00e9r\u00eats de jeu. Que vous recherchiez une relation occasionnelle ou quelque chose de plus s\u00e9rieux, il existe un site de rencontre de jeu pour vous. Alors sortez et commencez \u00e0 sortir avec des joueurs!<\/p>\n<h3>YourSecretHookup<\/h3>\n<p>Si vous \u00eates un nerd autoproclam\u00e9 \u00e0 la recherche de l\u2019amour, alors vous voudrez peut-\u00eatre consulter la nouvelle application de rencontres, YourSecretHookup. L\u2019application, qui s\u2019adresse aux nerds et aux geeks de tous types, a une note de 4 \u00e9toiles sur l\u2019App Store et a \u00e9t\u00e9 salu\u00e9e par les utilisateurs pour sa facilit\u00e9 d\u2019utilisation et son interface \u00ab&nbsp;nerd-friendly&nbsp;\u00bb.<\/p>\n<p>YourSecretHookup est une excellente option pour les nerds qui recherchent l\u2019amour, mais ce n\u2019est pas parfait. L\u2019application a beaucoup de fonctionnalit\u00e9s qui la rendent id\u00e9ale pour les nerds, mais elle a aussi quelques inconv\u00e9nients. Tout d\u2019abord, l\u2019application n\u2019est disponible qu\u2019aux \u00c9tats-Unis. Deuxi\u00e8mement, l\u2019application n\u2019a pas une tr\u00e8s grande base d\u2019utilisateurs, vous pourriez donc avoir du mal \u00e0 trouver des correspondances dans votre r\u00e9gion.<\/p>\n<p>Dans l\u2019ensemble, YourSecretHookup est une excellente application de rencontres pour les nerds. Si vous recherchez un partenaire ringard, c\u2019est une excellente option. Cependant, si vous \u00eates en dehors des \u00c9tats-Unis, ou si vous recherchez une application de rencontres plus g\u00e9n\u00e9rale, vous voudrez peut-\u00eatre chercher ailleurs.<\/p>\n<h3>FindMyFlings<\/h3>\n<p>Je suis r\u00e9cemment tomb\u00e9 sur l\u2019application de rencontres FindMyFlings et j\u2019ai pens\u00e9 que j\u2019allais l\u2019essayer car je me consid\u00e8re un peu comme un nerd. Je dois dire que j\u2019ai \u00e9t\u00e9 agr\u00e9ablement surpris! L\u2019application est tr\u00e8s conviviale et l\u2019endroit id\u00e9al pour les nerds de rencontrer d\u2019autres nerds. L\u2019application dispose \u00e9galement d\u2019une excellente fonctionnalit\u00e9 appel\u00e9e \u00ab&nbsp;Nerd Factor&nbsp;\u00bb qui vous permet de vous \u00e9valuer sur une \u00e9chelle de 1 \u00e0 10 en termes de nerdiness. Je recommanderais certainement cette application \u00e0 tous les nerds qui recherchent l\u2019amour!<\/p>\n<h3>Beaucoup de poissons<\/h3>\n<p>Si vous \u00eates un nerd autoproclam\u00e9 qui cherche l\u2019amour, alors vous voudrez peut-\u00eatre consulter l\u2019application de rencontres Plenty of Fish. Selon les critiques, cette application est remplie de personnes passionn\u00e9es par des choses comme les bandes dessin\u00e9es, les jeux et le cosplay.<\/p>\n<p>Donc, si vous recherchez une relation de nerd, cela pourrait \u00eatre l\u2019application pour vous. Cependant, certains critiques se sont plaints de l\u2019interface et de la base d\u2019utilisateurs de l\u2019application. Donc, vous voudrez peut-\u00eatre prendre ces plaintes en consid\u00e9ration avant de t\u00e9l\u00e9charger.<\/p>\n","protected":false},"excerpt":{"rendered":"<p>Il n\u2019est pas n\u00e9cessaire d\u2019\u00eatre nerveux \u00e0 propos des \u00ab&nbsp;rencontres de nerds&nbsp;\u00bb. Tout d\u2019abord, rappelez-vous que les gars ringards sont&hellip;<\/p>\n","protected":false},"author":1,"featured_media":0,"parent":0,"menu_order":0,"comment_status":"closed","ping_status":"closed","template":"","meta":[],"yoast_head":"<!-- This site is optimized with the Yoast SEO plugin v17.7.1 - https:\/\/yoast.com\/wordpress\/plugins\/seo\/ -->\n<title>Sites de rencontres Nerd - Online Dating Roba<\/title>\n<meta name=\"robots\" content=\"index, follow, max-snippet:-1, max-image-preview:large, max-video-preview:-1\" \/>\n<link rel=\"canonical\" href=\"https:\/\/sushihiroba.co.uk\/fr\/sites-de-rencontres-nerd\/\" \/>\n<meta property=\"og:locale\" content=\"fr_FR\" \/>\n<meta property=\"og:type\" content=\"article\" \/>\n<meta property=\"og:title\" content=\"Sites de rencontres Nerd - Online Dating Roba\" \/>\n<meta property=\"og:description\" content=\"Il n\u2019est pas n\u00e9cessaire d\u2019\u00eatre nerveux \u00e0 propos des \u00ab&nbsp;rencontres de nerds&nbsp;\u00bb. Tout d\u2019abord, rappelez-vous que les gars ringards sont&hellip;\" \/>\n<meta property=\"og:url\" content=\"https:\/\/sushihiroba.co.uk\/fr\/sites-de-rencontres-nerd\/\" \/>\n<meta property=\"og:site_name\" content=\"Online Dating Roba\" \/>\n<meta name=\"twitter:card\" content=\"summary_large_image\" \/>\n<meta name=\"twitter:label1\" content=\"Dur\u00e9e de lecture estim\u00e9e\" \/>\n\t<meta name=\"twitter:data1\" content=\"5 minutes\" \/>\n<script type=\"application\/ld+json\" class=\"yoast-schema-graph\">{\"@context\":\"https:\/\/schema.org\",\"@graph\":[{\"@type\":\"WebSite\",\"@id\":\"https:\/\/sushihiroba.co.uk\/fr\/#website\",\"url\":\"https:\/\/sushihiroba.co.uk\/fr\/\",\"name\":\"Online Dating Roba\",\"description\":\"Guide To Find Love\",\"potentialAction\":[{\"@type\":\"SearchAction\",\"target\":{\"@type\":\"EntryPoint\",\"urlTemplate\":\"https:\/\/sushihiroba.co.uk\/fr\/?s={search_term_string}\"},\"query-input\":\"required name=search_term_string\"}],\"inLanguage\":\"fr-FR\"},{\"@type\":\"WebPage\",\"@id\":\"https:\/\/sushihiroba.co.uk\/fr\/sites-de-rencontres-nerd\/#webpage\",\"url\":\"https:\/\/sushihiroba.co.uk\/fr\/sites-de-rencontres-nerd\/\",\"name\":\"Sites de rencontres Nerd - Online Dating Roba\",\"isPartOf\":{\"@id\":\"https:\/\/sushihiroba.co.uk\/fr\/#website\"},\"datePublished\":\"2022-10-10T11:14:24+00:00\",\"dateModified\":\"2022-10-10T11:14:24+00:00\",\"breadcrumb\":{\"@id\":\"https:\/\/sushihiroba.co.uk\/fr\/sites-de-rencontres-nerd\/#breadcrumb\"},\"inLanguage\":\"fr-FR\",\"potentialAction\":[{\"@type\":\"ReadAction\",\"target\":[\"https:\/\/sushihiroba.co.uk\/fr\/sites-de-rencontres-nerd\/\"]}]},{\"@type\":\"BreadcrumbList\",\"@id\":\"https:\/\/sushihiroba.co.uk\/fr\/sites-de-rencontres-nerd\/#breadcrumb\",\"itemListElement\":[{\"@type\":\"ListItem\",\"position\":1,\"name\":\"Home\",\"item\":\"https:\/\/sushihiroba.co.uk\/fr\/\"},{\"@type\":\"ListItem\",\"position\":2,\"name\":\"Sites de rencontres Nerd\"}]}]}<\/script>\n<!-- \/ Yoast SEO plugin. -->","yoast_head_json":{"title":"Sites de rencontres Nerd - Online Dating Roba","robots":{"index":"index","follow":"follow","max-snippet":"max-snippet:-1","max-image-preview":"max-image-preview:large","max-video-preview":"max-video-preview:-1"},"canonical":"https:\/\/sushihiroba.co.uk\/fr\/sites-de-rencontres-nerd\/","og_locale":"fr_FR","og_type":"article","og_title":"Sites de rencontres Nerd - Online Dating Roba","og_description":"Il n\u2019est pas n\u00e9cessaire d\u2019\u00eatre nerveux \u00e0 propos des \u00ab&nbsp;rencontres de nerds&nbsp;\u00bb. Tout d\u2019abord, rappelez-vous que les gars ringards sont&hellip;","og_url":"https:\/\/sushihiroba.co.uk\/fr\/sites-de-rencontres-nerd\/","og_site_name":"Online Dating Roba","twitter_card":"summary_large_image","twitter_misc":{"Dur\u00e9e de lecture estim\u00e9e":"5 minutes"},"schema":{"@context":"https:\/\/schema.org","@graph":[{"@type":"WebSite","@id":"https:\/\/sushihiroba.co.uk\/fr\/#website","url":"https:\/\/sushihiroba.co.uk\/fr\/","name":"Online Dating Roba","description":"Guide To Find Love","potentialAction":[{"@type":"SearchAction","target":{"@type":"EntryPoint","urlTemplate":"https:\/\/sushihiroba.co.uk\/fr\/?s={search_term_string}"},"query-input":"required name=search_term_string"}],"inLanguage":"fr-FR"},{"@type":"WebPage","@id":"https:\/\/sushihiroba.co.uk\/fr\/sites-de-rencontres-nerd\/#webpage","url":"https:\/\/sushihiroba.co.uk\/fr\/sites-de-rencontres-nerd\/","name":"Sites de rencontres Nerd - Online Dating Roba","isPartOf":{"@id":"https:\/\/sushihiroba.co.uk\/fr\/#website"},"datePublished":"2022-10-10T11:14:24+00:00","dateModified":"2022-10-10T11:14:24+00:00","breadcrumb":{"@id":"https:\/\/sushihiroba.co.uk\/fr\/sites-de-rencontres-nerd\/#breadcrumb"},"inLanguage":"fr-FR","potentialAction":[{"@type":"ReadAction","target":["https:\/\/sushihiroba.co.uk\/fr\/sites-de-rencontres-nerd\/"]}]},{"@type":"BreadcrumbList","@id":"https:\/\/sushihiroba.co.uk\/fr\/sites-de-rencontres-nerd\/#breadcrumb","itemListElement":[{"@type":"ListItem","position":1,"name":"Home","item":"https:\/\/sushihiroba.co.uk\/fr\/"},{"@type":"ListItem","position":2,"name":"Sites de rencontres Nerd"}]}]}},"_links":{"self":[{"href":"https:\/\/sushihiroba.co.uk\/fr\/wp-json\/wp\/v2\/pages\/158"}],"collection":[{"href":"https:\/\/sushihiroba.co.uk\/fr\/wp-json\/wp\/v2\/pages"}],"about":[{"href":"https:\/\/sushihiroba.co.uk\/fr\/wp-json\/wp\/v2\/types\/page"}],"author":[{"embeddable":true,"href":"https:\/\/sushihiroba.co.uk\/fr\/wp-json\/wp\/v2\/users\/1"}],"replies":[{"embeddable":true,"href":"https:\/\/sushihiroba.co.uk\/fr\/wp-json\/wp\/v2\/comments?post=158"}],"version-history":[{"count":0,"href":"https:\/\/sushihiroba.co.uk\/fr\/wp-json\/wp\/v2\/pages\/158\/revisions"}],"wp:attachment":[{"href":"https:\/\/sushihiroba.co.uk\/fr\/wp-json\/wp\/v2\/media?parent=158"}],"curies":[{"name":"wp","href":"https:\/\/api.w.org\/{rel}","templated":true}]}}