{"id":179,"date":"2022-10-10T12:12:51","date_gmt":"2022-10-10T11:12:51","guid":{"rendered":"http:\/\/sushihiroba.co.uk\/sexe-par-telephone-gratuit\/"},"modified":"2022-10-10T12:12:51","modified_gmt":"2022-10-10T11:12:51","slug":"sexe-par-telephone-gratuit","status":"publish","type":"page","link":"https:\/\/sushihiroba.co.uk\/fr\/sexe-par-telephone-gratuit\/","title":{"rendered":"Sexe par t\u00e9l\u00e9phone gratuit"},"content":{"rendered":"<p>Quand il s\u2019agit de se connecter, le sexe par t\u00e9l\u00e9phone gratuit peut \u00eatre un excellent moyen de commencer les choses. Cela peut aider \u00e0 briser la glace et \u00e0 faire avancer les choses, sans avoir \u00e0 s\u2019inqui\u00e9ter que les choses deviennent trop physiques trop rapidement. De plus, cela peut \u00eatre tr\u00e8s amusant! Si vous envisagez d\u2019essayer gratuitement le sexe par t\u00e9l\u00e9phone, voici quelques conseils pour vous aider \u00e0 d\u00e9marrer:<\/p>\n<ol>\n<li>Trouvez un partenaire qui est pr\u00eat pour cela. C\u2019est probablement l\u2019\u00e9tape la plus importante. Si vous n\u2019\u00eates pas tous les deux sur la m\u00eame longueur d\u2019onde, ce ne sera pas amusant pour l\u2019un ou l\u2019autre d\u2019entre vous.<\/li>\n<li>Mettez-vous \u00e0 l\u2019aise. C\u2019est la cl\u00e9. Si vous n\u2019\u00eates pas \u00e0 l\u2019aise, \u00e7a va se voir. Trouvez un endroit o\u00f9 vous pourrez vous d\u00e9tendre et vous sentir \u00e0 l\u2019aise.<\/li>\n<li>L\u00e2cher. C\u2019est votre chance d\u2019\u00eatre quelqu\u2019un d\u2019autre pendant un petit moment. Amusez-vous bien avec!<\/li>\n<li>Soyez respectueux. Rappelez-vous, c\u2019est encore une autre personne \u00e0 l\u2019autre bout de la ligne. Soyez donc respectueux et ne dites rien que vous ne voudriez pas qu\u2019on vous dise.<\/li>\n<li>Raccrochez si les choses deviennent trop chaudes. Si les choses commencent \u00e0 devenir un peu trop chaudes, il est normal de raccrocher. Vous pouvez toujours rappeler une autre fois.<\/li>\n<\/ol>\n<h2>Lignes de chat d\u2019essai gratuit<\/h2>\n<p>Si vous cherchez une nouvelle fa\u00e7on de rencontrer des gens, les lignes de chat sont une excellente option. De nombreuses lignes de chat offrent des essais gratuits, vous pouvez donc les essayer avant de vous engager. C\u2019est un excellent moyen de voir si une ligne de chat vous convient. Lorsque vous appelez une ligne de chat, vous serez connect\u00e9 \u00e0 une personne au hasard. Vous pouvez discuter pendant quelques minutes, puis d\u00e9cider si vous voulez vous rencontrer.<\/p>\n<p>Il existe de nombreux sites de sexe par t\u00e9l\u00e9phone, et ils peuvent \u00eatre un excellent moyen de trouver l\u2019amour. Vous pouvez trouver quelqu\u2019un \u00e0 qui parler qui est dans les m\u00eames choses que vous, et vous pouvez m\u00eame trouver quelqu\u2019un qui cherche une relation s\u00e9rieuse. Assurez-vous simplement que vous \u00eates prudent lorsque vous utilisez ces sites et que vous prenez le temps de trouver la bonne personne pour vous.<\/p>\n<h2>Chat sexuel gratuit<\/h2>\n<p>Il n\u2019y a rien de tel que de se connecter avec quelqu\u2019un \u00e0 un niveau sexuel profond. Le chat sexuel gratuit offre une occasion unique de le faire. Vous pouvez vous connecter avec quelqu\u2019un qui partage vos int\u00e9r\u00eats sexuels et explorer vos d\u00e9sirs dans un environnement s\u00fbr et anonyme. Le chat sexuel gratuit est le moyen id\u00e9al de pimenter votre vie amoureuse et de vous rapprocher de votre partenaire.<\/p>\n<h3>ComeWithYou<\/h3>\n<p>ComeWithYou est une nouvelle application de rencontres qui secoue le monde des rencontres en ligne. L\u2019application permet aux utilisateurs de se connecter les uns aux autres \u00e0 l\u2019aide d\u2019un appel t\u00e9l\u00e9phonique, plut\u00f4t que simplement par messagerie texte. De cette fa\u00e7on, les utilisateurs peuvent r\u00e9ellement entendre les voix des autres et avoir une meilleure id\u00e9e de qui ils parlent. L\u2019application offre \u00e9galement un service de sexe par t\u00e9l\u00e9phone gratuit, afin que les utilisateurs puissent apprendre \u00e0 se conna\u00eetre encore mieux. L\u2019application en est encore \u00e0 ses d\u00e9buts, mais elle a d\u00e9j\u00e0 fait sensation dans le monde des rencontres en ligne.<\/p>\n<h3>FlirtHookup<\/h3>\n<p>Si vous cherchez un moyen de pimenter votre vie sexuelle, ne cherchez pas plus loin que FlirtHookup. Cette nouvelle application innovante vous permet de vous connecter avec des partenaires sexuels potentiels dans votre r\u00e9gion et de discuter salement avec eux pour commencer les choses.<\/p>\n<p>La meilleure partie de FlirtHookup est qu\u2019il est compl\u00e8tement gratuit \u00e0 utiliser. Cela signifie que vous pouvez discuter avec autant de personnes que vous le souhaitez, sans avoir \u00e0 vous soucier de casser la banque.<\/p>\n<p>Donc, si vous cherchez du plaisir chaud et sale, t\u00e9l\u00e9chargez FlirtHookup d\u00e8s aujourd\u2019hui et commencez \u00e0 explorer vos fantasmes les plus fous.<\/p>\n<h3>Baiser<\/h3>\n<p>Si vous cherchez une nouvelle application de rencontres \u00e0 essayer, pensez \u00e0 Shag. C\u2019est une application gratuite qui vous permet de vous connecter avec des correspondances potentielles dans votre r\u00e9gion. L\u2019application est simple \u00e0 utiliser et facile \u00e0 naviguer. De plus, c\u2019est un excellent moyen de rencontrer de nouvelles personnes et de se faire poser.<\/p>\n<p>Quand il s\u2019agit de trouver une connexion, Shag est la voie \u00e0 suivre. L\u2019application est gratuite \u00e0 t\u00e9l\u00e9charger et \u00e0 utiliser. De plus, il est facile \u00e0 utiliser et \u00e0 naviguer. Vous pouvez trouver des correspondances potentielles dans votre r\u00e9gion rapidement et facilement. De plus, l\u2019application est un excellent moyen de rencontrer de nouvelles personnes et de se faire poser.<\/p>\n","protected":false},"excerpt":{"rendered":"<p>Quand il s\u2019agit de se connecter, le sexe par t\u00e9l\u00e9phone gratuit peut \u00eatre un excellent moyen de commencer les choses.&hellip;<\/p>\n","protected":false},"author":1,"featured_media":0,"parent":0,"menu_order":0,"comment_status":"closed","ping_status":"closed","template":"","meta":[],"yoast_head":"<!-- This site is optimized with the Yoast SEO plugin v17.7.1 - https:\/\/yoast.com\/wordpress\/plugins\/seo\/ -->\n<title>Sexe par t\u00e9l\u00e9phone gratuit - Online Dating Roba<\/title>\n<meta name=\"robots\" content=\"index, follow, max-snippet:-1, max-image-preview:large, max-video-preview:-1\" \/>\n<link rel=\"canonical\" href=\"https:\/\/sushihiroba.co.uk\/fr\/sexe-par-telephone-gratuit\/\" \/>\n<meta property=\"og:locale\" content=\"fr_FR\" \/>\n<meta property=\"og:type\" content=\"article\" \/>\n<meta property=\"og:title\" content=\"Sexe par t\u00e9l\u00e9phone gratuit - Online Dating Roba\" \/>\n<meta property=\"og:description\" content=\"Quand il s\u2019agit de se connecter, le sexe par t\u00e9l\u00e9phone gratuit peut \u00eatre un excellent moyen de commencer les choses.&hellip;\" \/>\n<meta property=\"og:url\" content=\"https:\/\/sushihiroba.co.uk\/fr\/sexe-par-telephone-gratuit\/\" \/>\n<meta property=\"og:site_name\" content=\"Online Dating Roba\" \/>\n<meta name=\"twitter:card\" content=\"summary_large_image\" \/>\n<meta name=\"twitter:label1\" content=\"Dur\u00e9e de lecture estim\u00e9e\" \/>\n\t<meta name=\"twitter:data1\" content=\"4 minutes\" \/>\n<script type=\"application\/ld+json\" class=\"yoast-schema-graph\">{\"@context\":\"https:\/\/schema.org\",\"@graph\":[{\"@type\":\"WebSite\",\"@id\":\"https:\/\/sushihiroba.co.uk\/fr\/#website\",\"url\":\"https:\/\/sushihiroba.co.uk\/fr\/\",\"name\":\"Online Dating Roba\",\"description\":\"Guide To Find Love\",\"potentialAction\":[{\"@type\":\"SearchAction\",\"target\":{\"@type\":\"EntryPoint\",\"urlTemplate\":\"https:\/\/sushihiroba.co.uk\/fr\/?s={search_term_string}\"},\"query-input\":\"required name=search_term_string\"}],\"inLanguage\":\"fr-FR\"},{\"@type\":\"WebPage\",\"@id\":\"https:\/\/sushihiroba.co.uk\/fr\/sexe-par-telephone-gratuit\/#webpage\",\"url\":\"https:\/\/sushihiroba.co.uk\/fr\/sexe-par-telephone-gratuit\/\",\"name\":\"Sexe par t\\u00e9l\\u00e9phone gratuit - Online Dating Roba\",\"isPartOf\":{\"@id\":\"https:\/\/sushihiroba.co.uk\/fr\/#website\"},\"datePublished\":\"2022-10-10T11:12:51+00:00\",\"dateModified\":\"2022-10-10T11:12:51+00:00\",\"breadcrumb\":{\"@id\":\"https:\/\/sushihiroba.co.uk\/fr\/sexe-par-telephone-gratuit\/#breadcrumb\"},\"inLanguage\":\"fr-FR\",\"potentialAction\":[{\"@type\":\"ReadAction\",\"target\":[\"https:\/\/sushihiroba.co.uk\/fr\/sexe-par-telephone-gratuit\/\"]}]},{\"@type\":\"BreadcrumbList\",\"@id\":\"https:\/\/sushihiroba.co.uk\/fr\/sexe-par-telephone-gratuit\/#breadcrumb\",\"itemListElement\":[{\"@type\":\"ListItem\",\"position\":1,\"name\":\"Home\",\"item\":\"https:\/\/sushihiroba.co.uk\/fr\/\"},{\"@type\":\"ListItem\",\"position\":2,\"name\":\"Sexe par t\\u00e9l\\u00e9phone gratuit\"}]}]}<\/script>\n<!-- \/ Yoast SEO plugin. -->","yoast_head_json":{"title":"Sexe par t\u00e9l\u00e9phone gratuit - Online Dating Roba","robots":{"index":"index","follow":"follow","max-snippet":"max-snippet:-1","max-image-preview":"max-image-preview:large","max-video-preview":"max-video-preview:-1"},"canonical":"https:\/\/sushihiroba.co.uk\/fr\/sexe-par-telephone-gratuit\/","og_locale":"fr_FR","og_type":"article","og_title":"Sexe par t\u00e9l\u00e9phone gratuit - Online Dating Roba","og_description":"Quand il s\u2019agit de se connecter, le sexe par t\u00e9l\u00e9phone gratuit peut \u00eatre un excellent moyen de commencer les choses.&hellip;","og_url":"https:\/\/sushihiroba.co.uk\/fr\/sexe-par-telephone-gratuit\/","og_site_name":"Online Dating Roba","twitter_card":"summary_large_image","twitter_misc":{"Dur\u00e9e de lecture estim\u00e9e":"4 minutes"},"schema":{"@context":"https:\/\/schema.org","@graph":[{"@type":"WebSite","@id":"https:\/\/sushihiroba.co.uk\/fr\/#website","url":"https:\/\/sushihiroba.co.uk\/fr\/","name":"Online Dating Roba","description":"Guide To Find Love","potentialAction":[{"@type":"SearchAction","target":{"@type":"EntryPoint","urlTemplate":"https:\/\/sushihiroba.co.uk\/fr\/?s={search_term_string}"},"query-input":"required name=search_term_string"}],"inLanguage":"fr-FR"},{"@type":"WebPage","@id":"https:\/\/sushihiroba.co.uk\/fr\/sexe-par-telephone-gratuit\/#webpage","url":"https:\/\/sushihiroba.co.uk\/fr\/sexe-par-telephone-gratuit\/","name":"Sexe par t\u00e9l\u00e9phone gratuit - Online Dating Roba","isPartOf":{"@id":"https:\/\/sushihiroba.co.uk\/fr\/#website"},"datePublished":"2022-10-10T11:12:51+00:00","dateModified":"2022-10-10T11:12:51+00:00","breadcrumb":{"@id":"https:\/\/sushihiroba.co.uk\/fr\/sexe-par-telephone-gratuit\/#breadcrumb"},"inLanguage":"fr-FR","potentialAction":[{"@type":"ReadAction","target":["https:\/\/sushihiroba.co.uk\/fr\/sexe-par-telephone-gratuit\/"]}]},{"@type":"BreadcrumbList","@id":"https:\/\/sushihiroba.co.uk\/fr\/sexe-par-telephone-gratuit\/#breadcrumb","itemListElement":[{"@type":"ListItem","position":1,"name":"Home","item":"https:\/\/sushihiroba.co.uk\/fr\/"},{"@type":"ListItem","position":2,"name":"Sexe par t\u00e9l\u00e9phone gratuit"}]}]}},"_links":{"self":[{"href":"https:\/\/sushihiroba.co.uk\/fr\/wp-json\/wp\/v2\/pages\/179"}],"collection":[{"href":"https:\/\/sushihiroba.co.uk\/fr\/wp-json\/wp\/v2\/pages"}],"about":[{"href":"https:\/\/sushihiroba.co.uk\/fr\/wp-json\/wp\/v2\/types\/page"}],"author":[{"embeddable":true,"href":"https:\/\/sushihiroba.co.uk\/fr\/wp-json\/wp\/v2\/users\/1"}],"replies":[{"embeddable":true,"href":"https:\/\/sushihiroba.co.uk\/fr\/wp-json\/wp\/v2\/comments?post=179"}],"version-history":[{"count":0,"href":"https:\/\/sushihiroba.co.uk\/fr\/wp-json\/wp\/v2\/pages\/179\/revisions"}],"wp:attachment":[{"href":"https:\/\/sushihiroba.co.uk\/fr\/wp-json\/wp\/v2\/media?parent=179"}],"curies":[{"name":"wp","href":"https:\/\/api.w.org\/{rel}","templated":true}]}}