{"id":188,"date":"2022-10-10T11:37:20","date_gmt":"2022-10-10T10:37:20","guid":{"rendered":"http:\/\/sushihiroba.co.uk\/guide-pour-trouver-des-dates-et-se-connecter-en-ligne\/"},"modified":"2022-11-07T14:20:50","modified_gmt":"2022-11-07T14:20:50","slug":"guide-pour-trouver-des-dates-et-se-connecter-en-ligne","status":"publish","type":"page","link":"https:\/\/sushihiroba.co.uk\/fr\/","title":{"rendered":"Guide pour trouver des dates et se connecter en ligne"},"content":{"rendered":"<p>Il existe de nombreuses applications de rencontres, mais en trouver une que vous aimez r\u00e9ellement utiliser n\u2019est pas toujours facile. Vous pensez peut-\u00eatre que vous savez ce que vous voulez, mais une fois que vous commencez \u00e0 discuter avec des gens en ligne, vous vous rendrez compte que vous n\u2019avez vraiment pas r\u00e9fl\u00e9chi aux choses. Heureusement, nous avons fait la plupart du travail pour vous.<\/p>\n<h2>Pourquoi utiliser une application de rencontres?<\/h2>\n<p>L\u2019une des raisons pour lesquelles les applications de rencontres sont si populaires est qu\u2019elles nous permettent de nous connecter avec des personnes en fonction de nos int\u00e9r\u00eats \u2013 ce qui n\u2019est pas toujours possible en personne. Une autre chose qui rend les applications de rencontres g\u00e9niales est qu\u2019elles nous donnent le contr\u00f4le sur la quantit\u00e9 d\u2019informations que nous voulons divulguer sur nous-m\u00eames. Il n\u2019y a pas de pression pour en r\u00e9v\u00e9ler trop sur vous-m\u00eame ou sur votre vie, et cela nous donne la libert\u00e9 de vraiment nous ouvrir.<\/p>\n<p>Un autre avantage des applications de rencontres est qu\u2019elles nous aident \u00e0 \u00e9liminer les gars louches. Nous savons ce que nous recherchons chez un partenaire, et nous pouvons g\u00e9n\u00e9ralement dire en quelques secondes si quelqu\u2019un est l\u00e9gitime ou non. De plus, de nombreux sites de rencontres offrent des filtres tels que l\u2019emplacement, la tranche d\u2019\u00e2ge, la religion, l\u2019origine ethnique, etc., afin que nous puissions affiner le champ rapidement. En outre, les applications de rencontres sont pratiques. Ils nous permettent de discuter avec les gens sans avoir \u00e0 nous engager dans quoi que ce soit. Cela nous permet de tester les eaux et de savoir si nous serions compatibles avant de nous engager \u00e0 une date compl\u00e8te.<\/p>\n<p>Il existe de nombreux types de personnes \u00e0 la recherche de l\u2019amour en ligne. Certains veulent rencontrer quelqu\u2019un en personne; d\u2019autres veulent juste discuter. Et certains ne se soucient pas du tout de rencontrer quelqu\u2019un. Alors, qu\u2019est-ce qui rend une application de rencontres meilleure qu\u2019une autre? Nous avons utilis\u00e9 nos propres appareils pour tester chaque application et avons constat\u00e9 que bien qu\u2019il existe de nombreuses options, certaines se d\u00e9marquent des autres. Voici les cinq meilleures applications de rencontres que vous pouvez utiliser en ce moment.<\/p>\n<h2>Nos meilleures critiques &#8211; Quel est votre meilleur choix?<\/h2>\n<p>Cherchez-vous l\u2019amour ou juste un peu de plaisir? Il existe de nombreuses applications de rencontres, mais lesquelles se d\u00e9marquent vraiment de la foule?<\/p>\n<p>Il y a maintenant plus de 100 millions de membres dans le monde qui utilisent <a href=\"http:\/\/www.free-porn-games-no-email.com\/fr\/\">jeux porno gratuite<\/a> des applications de rencontres. Certains d\u2019entre eux incluent Tinder, Bumble, Happn, OkCupid, Grindr et PlentyOfFish.<\/p>\n<p>Certaines de ces applications sont gratuites, tandis que d\u2019autres n\u00e9cessitent un paiement. Le choix vous appartient.<\/p>\n<h3>eHarmonie<\/h3>\n<p>eHarmony est l\u2019une des nombreuses applications de rencontres en ligne qui se concentrent uniquement sur la recherche de l\u2019amour dans votre tranche d\u2019\u00e2ge. Contrairement \u00e0 d\u2019autres sites comme Match.com ou OkCupid, eHarmony se concentre sur vous aider \u00e0 trouver une relation durable. eHarmony est parfait pour ceux qui recherchent une connexion s\u00e9rieuse.<\/p>\n<p>Il existe de nombreux types de personnes qui utilisent eHarmony. Par exemple, certaines personnes recherchent une aventure occasionnelle tandis que d\u2019autres pr\u00e9f\u00e8rent sortir avec quelqu\u2019un avec des valeurs similaires. D\u2019autres personnes recherchent une relation engag\u00e9e, tandis que d\u2019autres encore veulent simplement rencontrer de nouvelles personnes.<\/p>\n<p>En plus de pouvoir filtrer les dates potentielles en fonction du type de relation qu\u2019ils recherchent, eHarmony vous aide \u00e0 affiner vos options en fonction des traits de personnalit\u00e9. Apr\u00e8s avoir rempli un questionnaire d\u00e9taill\u00e9, le site g\u00e9n\u00e8re un rapport d\u00e9taill\u00e9 qui r\u00e9pertorie vos caract\u00e9ristiques. Ces informations vous permettent de voir dans quelle mesure vous \u00eates compatible avec une autre personne. Vous pouvez ensuite choisir de continuer ou non \u00e0 communiquer avec la personne.<\/p>\n<h3>  Gond<\/h3>\n<p>Hinge est l\u2019une de ces applications qui donne l\u2019impression d\u2019avoir \u00e9t\u00e9 con\u00e7ue sp\u00e9cifiquement pour les rencontres. L\u2019application utilise l\u2019intelligence artificielle pour vous aider \u00e0 trouver des personnes en fonction d\u2019int\u00e9r\u00eats et de points communs partag\u00e9s. Mais m\u00eame si c\u2019est gratuit, Hinge offre des fonctionnalit\u00e9s payantes qui vous permettent de glisser plus rapidement et de voir moins de profils par jour.<\/p>\n<p>L\u2019application vous offre trois fa\u00e7ons diff\u00e9rentes d\u2019interagir avec les dates potentielles: Balayez vers la droite <a href=\"http:\/\/www.free-sex-games-no-credit-card.com\/nl\/\">Free-sex-games-no-credit-card.com<\/a>, Balayez vers la gauche et Aimez \/ N\u2019aimez pas. Si vous voulez qu\u2019un match ait lieu, vous devez choisir activement ce que vous voulez dire. Vous pouvez soit \u00e9crire quelque chose, soit utiliser des r\u00e9ponses pr\u00e9\u00e9crites.<\/p>\n<p>Si vous d\u00e9cidez de taper quelque chose, vous pouvez s\u00e9lectionner cinq sujets \u00e0 discuter avec votre date. Ceux-ci incluent des choses comme les voyages, la nourriture, les livres, les films, la musique et les sports. Apr\u00e8s avoir choisi votre sujet, vous pouvez ajouter quelques mots-cl\u00e9s pour affiner votre recherche. Par exemple, je pourrais chercher des gens qui sont int\u00e9ress\u00e9s \u00e0 voyager \u00e0 New York. Ensuite, je peux limiter ma recherche aux personnes situ\u00e9es \u00e0 moins de 50 miles de Manhattan. Il n\u2019y a pas de limites \u00e0 l\u2019endroit o\u00f9 vous vivez, mais vous ne pouvez pas limiter vos recherches \u00e0 certains \u00c9tats ou pays.<\/p>\n<p>Vous pouvez \u00e9galement filtrer vos correspondances par \u00e2ge, sexe, statut de la relation et emplacement. Cela facilite grandement la recherche de partenaires compatibles.<\/p>\n<h3>  Amadou<\/h3>\n<p>Tinder est l\u2019application de rencontres la plus populaire parmi les mill\u00e9niaux. Et bien que de nombreux jeunes adultes soient prompts \u00e0 rejeter l\u2019application comme un moyen de rencontrer des \u00e9trangers pour des relations sexuelles occasionnelles, il existe en fait des raisons l\u00e9gitimes pour lesquelles cela pourrait valoir la peine d\u2019\u00eatre v\u00e9rifi\u00e9.<\/p>\n<p>L\u2019application est tr\u00e8s simple \u00e0 utiliser et gratuite. Vous faites simplement glisser votre doigt vers la gauche ou la droite sur les profils selon que vous aimez la personne ou non. Si vous vous aimez, vous verrez les informations de profil de l\u2019autre &#8211; y compris o\u00f9 ils travaillent, quels sont leurs passe-temps et m\u00eame leurs groupes pr\u00e9f\u00e9r\u00e9s.<\/p>\n<p>Mais parce que Tinder n\u2019est pas vraiment con\u00e7u pour les relations \u00e0 long terme <a href=\"http:\/\/www.nosignupporngames.net\/fr\/meilleurs-jeux-de-sexe-vr\/\">jeux sexe vr<\/a>, il est le mieux adapt\u00e9 pour rencontrer des amis et s\u2019amuser. Pourtant, il est possible de trouver un partenaire ici aussi.<\/p>\n<h3>Bumble<\/h3>\n<p>Si vous recherchez une application de rencontres o\u00f9 les hommes sont oblig\u00e9s de faire le premier pas, ne cherchez pas plus loin que Bumble. L\u2019application de rencontres, lanc\u00e9e en 2013, est essentiellement Tinder pour les femmes. Si les gars ne lui envoient pas de message dans les 24 heures, elle est jumel\u00e9e \u00e0 un autre homme. Et s\u2019il ne r\u00e9pond pas dans les 24 heures, il perdra sa chance.<\/p>\n<p>L\u2019id\u00e9e derri\u00e8re l\u2019application est simple: elle encourage les femmes \u00e0 initier le contact et donne aux hommes moins de contr\u00f4le sur le processus. Mais ce qui rend Bumble unique, c\u2019est la fa\u00e7on dont il oblige les hommes \u00e0 attendre pendant que les femmes d\u00e9cident si elles veulent ou non lui parler.<\/p>\n<p>Apr\u00e8s son lancement en 2013, Bumble est rapidement devenu populaire parmi les jeunes adultes. En fait, l\u2019application compte pr\u00e8s de 20 millions d\u2019utilisateurs actifs par mois, ce qui en fait la deuxi\u00e8me application de rencontres la plus utilis\u00e9e au monde.<\/p>\n<h3>Le caf\u00e9 rencontre Bagel<\/h3>\n<p>La derni\u00e8re application de rencontres \u00e0 arriver sur le march\u00e9 s\u2019appelle Coffee Meets Bagel. Bien qu\u2019il existe de nombreuses options, Coffee Meets Bagle prend les choses dans une direction diff\u00e9rente. Au lieu de faire glisser les utilisateurs vers la gauche ou la droite, il utilise une m\u00e9thode diff\u00e9rente o\u00f9 les deux parties doivent s\u2019approuver mutuellement avant qu\u2019une correspondance ne se produise.<\/p>\n<p>Bien que cela semble g\u00e9nial en th\u00e9orie, cela signifie que vous \u00eates limit\u00e9 \u00e0 discuter avec des gens dans les sept jours. Cela pourrait conduire \u00e0 des conversations g\u00eanantes alors que vous essayez de trouver quelqu\u2019un qui partage vos int\u00e9r\u00eats.<\/p>\n<p>En plus de la fen\u00eatre de sept jours, la section de profil de Coffee Meets Bagles n\u2019est pas exactement ce que vous appelleriez approfondie. Il n\u2019y a aucun moyen de voir combien de likes une personne a re\u00e7us ou quels sont ses films ou \u00e9missions de t\u00e9l\u00e9vision pr\u00e9f\u00e9r\u00e9s. Mais la bonne nouvelle est que le site fournit des informations d\u00e9taill\u00e9es sur les correspondances potentielles. Vous apprendrez tout, qu\u2019il s\u2019agisse de c\u00e9libataires ou de relations en ligne ou de relations en ligne ou de leur tranche d\u2019\u00e2ge.<\/p>\n<h3>R\u00e9flexions finales<\/h3>\n<p>En conclusion, si vous recherchez un bon site de rencontre en ligne avec une grande base de donn\u00e9es, Tinder est le meilleur choix. Le site Web offre un large \u00e9ventail de fonctionnalit\u00e9s telles que les salles de chat, le chat vid\u00e9o par webcam, l\u2019e-mail, la messagerie instantan\u00e9e, les forums, les blogs, etc. Si vous recherchez un site de rencontre gratuit ou un site de rencontre payant, vous pouvez essayer les deux sites. Vous trouverez beaucoup de gens qui veulent se connecter et se faire poser.<\/p>\n<p>En suivant nos conseils, nous esp\u00e9rons que vous trouverez ce dont vous avez besoin et que vous profiterez d\u2019une exp\u00e9rience de rencontre saine.<\/p>\n","protected":false},"excerpt":{"rendered":"<p>Il existe de nombreuses applications de rencontres, mais en trouver une que vous aimez r\u00e9ellement utiliser n\u2019est pas toujours facile.&hellip;<\/p>\n","protected":false},"author":1,"featured_media":119,"parent":0,"menu_order":0,"comment_status":"closed","ping_status":"closed","template":"","meta":[],"yoast_head":"<!-- This site is optimized with the Yoast SEO plugin v17.7.1 - https:\/\/yoast.com\/wordpress\/plugins\/seo\/ -->\n<title>Guide pour trouver des dates et se connecter en ligne - Online Dating Roba<\/title>\n<meta name=\"robots\" content=\"index, follow, max-snippet:-1, max-image-preview:large, max-video-preview:-1\" \/>\n<link rel=\"canonical\" href=\"https:\/\/sushihiroba.co.uk\/fr\/\" \/>\n<meta property=\"og:locale\" content=\"fr_FR\" \/>\n<meta property=\"og:type\" content=\"article\" \/>\n<meta property=\"og:title\" content=\"Guide pour trouver des dates et se connecter en ligne - Online Dating Roba\" \/>\n<meta property=\"og:description\" content=\"Il existe de nombreuses applications de rencontres, mais en trouver une que vous aimez r\u00e9ellement utiliser n\u2019est pas toujours facile.&hellip;\" \/>\n<meta property=\"og:url\" content=\"https:\/\/sushihiroba.co.uk\/fr\/\" \/>\n<meta property=\"og:site_name\" content=\"Online Dating Roba\" \/>\n<meta property=\"article:modified_time\" content=\"2022-11-07T14:20:50+00:00\" \/>\n<meta property=\"og:image\" content=\"https:\/\/sushihiroba.co.uk\/wp-content\/uploads\/2022\/10\/local-dating-apps-for-singles.jpeg\" \/>\n\t<meta property=\"og:image:width\" content=\"500\" \/>\n\t<meta property=\"og:image:height\" content=\"333\" \/>\n<meta name=\"twitter:card\" content=\"summary_large_image\" \/>\n<meta name=\"twitter:label1\" content=\"Dur\u00e9e de lecture estim\u00e9e\" \/>\n\t<meta name=\"twitter:data1\" content=\"8 minutes\" \/>\n<script type=\"application\/ld+json\" class=\"yoast-schema-graph\">{\"@context\":\"https:\/\/schema.org\",\"@graph\":[{\"@type\":\"WebSite\",\"@id\":\"https:\/\/sushihiroba.co.uk\/fr\/#website\",\"url\":\"https:\/\/sushihiroba.co.uk\/fr\/\",\"name\":\"Online Dating Roba\",\"description\":\"Guide To Find Love\",\"potentialAction\":[{\"@type\":\"SearchAction\",\"target\":{\"@type\":\"EntryPoint\",\"urlTemplate\":\"https:\/\/sushihiroba.co.uk\/fr\/?s={search_term_string}\"},\"query-input\":\"required name=search_term_string\"}],\"inLanguage\":\"fr-FR\"},{\"@type\":\"ImageObject\",\"@id\":\"https:\/\/sushihiroba.co.uk\/fr\/#primaryimage\",\"inLanguage\":\"fr-FR\",\"url\":\"https:\/\/sushihiroba.co.uk\/wp-content\/uploads\/2022\/10\/local-dating-apps-for-singles.jpeg\",\"contentUrl\":\"https:\/\/sushihiroba.co.uk\/wp-content\/uploads\/2022\/10\/local-dating-apps-for-singles.jpeg\",\"width\":500,\"height\":333},{\"@type\":\"WebPage\",\"@id\":\"https:\/\/sushihiroba.co.uk\/fr\/#webpage\",\"url\":\"https:\/\/sushihiroba.co.uk\/fr\/\",\"name\":\"Guide pour trouver des dates et se connecter en ligne - Online Dating Roba\",\"isPartOf\":{\"@id\":\"https:\/\/sushihiroba.co.uk\/fr\/#website\"},\"primaryImageOfPage\":{\"@id\":\"https:\/\/sushihiroba.co.uk\/fr\/#primaryimage\"},\"datePublished\":\"2022-10-10T10:37:20+00:00\",\"dateModified\":\"2022-11-07T14:20:50+00:00\",\"breadcrumb\":{\"@id\":\"https:\/\/sushihiroba.co.uk\/fr\/#breadcrumb\"},\"inLanguage\":\"fr-FR\",\"potentialAction\":[{\"@type\":\"ReadAction\",\"target\":[\"https:\/\/sushihiroba.co.uk\/fr\/\"]}]},{\"@type\":\"BreadcrumbList\",\"@id\":\"https:\/\/sushihiroba.co.uk\/fr\/#breadcrumb\",\"itemListElement\":[{\"@type\":\"ListItem\",\"position\":1,\"name\":\"Home\",\"item\":\"https:\/\/sushihiroba.co.uk\/fr\/\"},{\"@type\":\"ListItem\",\"position\":2,\"name\":\"Guide pour trouver des dates et se connecter en ligne\"}]}]}<\/script>\n<!-- \/ Yoast SEO plugin. -->","yoast_head_json":{"title":"Guide pour trouver des dates et se connecter en ligne - Online Dating Roba","robots":{"index":"index","follow":"follow","max-snippet":"max-snippet:-1","max-image-preview":"max-image-preview:large","max-video-preview":"max-video-preview:-1"},"canonical":"https:\/\/sushihiroba.co.uk\/fr\/","og_locale":"fr_FR","og_type":"article","og_title":"Guide pour trouver des dates et se connecter en ligne - Online Dating Roba","og_description":"Il existe de nombreuses applications de rencontres, mais en trouver une que vous aimez r\u00e9ellement utiliser n\u2019est pas toujours facile.&hellip;","og_url":"https:\/\/sushihiroba.co.uk\/fr\/","og_site_name":"Online Dating Roba","article_modified_time":"2022-11-07T14:20:50+00:00","og_image":[{"width":500,"height":333,"url":"https:\/\/sushihiroba.co.uk\/wp-content\/uploads\/2022\/10\/local-dating-apps-for-singles.jpeg","type":"image\/jpeg"}],"twitter_card":"summary_large_image","twitter_misc":{"Dur\u00e9e de lecture estim\u00e9e":"8 minutes"},"schema":{"@context":"https:\/\/schema.org","@graph":[{"@type":"WebSite","@id":"https:\/\/sushihiroba.co.uk\/fr\/#website","url":"https:\/\/sushihiroba.co.uk\/fr\/","name":"Online Dating Roba","description":"Guide To Find Love","potentialAction":[{"@type":"SearchAction","target":{"@type":"EntryPoint","urlTemplate":"https:\/\/sushihiroba.co.uk\/fr\/?s={search_term_string}"},"query-input":"required name=search_term_string"}],"inLanguage":"fr-FR"},{"@type":"ImageObject","@id":"https:\/\/sushihiroba.co.uk\/fr\/#primaryimage","inLanguage":"fr-FR","url":"https:\/\/sushihiroba.co.uk\/wp-content\/uploads\/2022\/10\/local-dating-apps-for-singles.jpeg","contentUrl":"https:\/\/sushihiroba.co.uk\/wp-content\/uploads\/2022\/10\/local-dating-apps-for-singles.jpeg","width":500,"height":333},{"@type":"WebPage","@id":"https:\/\/sushihiroba.co.uk\/fr\/#webpage","url":"https:\/\/sushihiroba.co.uk\/fr\/","name":"Guide pour trouver des dates et se connecter en ligne - Online Dating Roba","isPartOf":{"@id":"https:\/\/sushihiroba.co.uk\/fr\/#website"},"primaryImageOfPage":{"@id":"https:\/\/sushihiroba.co.uk\/fr\/#primaryimage"},"datePublished":"2022-10-10T10:37:20+00:00","dateModified":"2022-11-07T14:20:50+00:00","breadcrumb":{"@id":"https:\/\/sushihiroba.co.uk\/fr\/#breadcrumb"},"inLanguage":"fr-FR","potentialAction":[{"@type":"ReadAction","target":["https:\/\/sushihiroba.co.uk\/fr\/"]}]},{"@type":"BreadcrumbList","@id":"https:\/\/sushihiroba.co.uk\/fr\/#breadcrumb","itemListElement":[{"@type":"ListItem","position":1,"name":"Home","item":"https:\/\/sushihiroba.co.uk\/fr\/"},{"@type":"ListItem","position":2,"name":"Guide pour trouver des dates et se connecter en ligne"}]}]}},"_links":{"self":[{"href":"https:\/\/sushihiroba.co.uk\/fr\/wp-json\/wp\/v2\/pages\/188"}],"collection":[{"href":"https:\/\/sushihiroba.co.uk\/fr\/wp-json\/wp\/v2\/pages"}],"about":[{"href":"https:\/\/sushihiroba.co.uk\/fr\/wp-json\/wp\/v2\/types\/page"}],"author":[{"embeddable":true,"href":"https:\/\/sushihiroba.co.uk\/fr\/wp-json\/wp\/v2\/users\/1"}],"replies":[{"embeddable":true,"href":"https:\/\/sushihiroba.co.uk\/fr\/wp-json\/wp\/v2\/comments?post=188"}],"version-history":[{"count":2,"href":"https:\/\/sushihiroba.co.uk\/fr\/wp-json\/wp\/v2\/pages\/188\/revisions"}],"predecessor-version":[{"id":349,"href":"https:\/\/sushihiroba.co.uk\/fr\/wp-json\/wp\/v2\/pages\/188\/revisions\/349"}],"wp:featuredmedia":[{"embeddable":true,"href":"https:\/\/sushihiroba.co.uk\/fr\/wp-json\/wp\/v2\/media\/119"}],"wp:attachment":[{"href":"https:\/\/sushihiroba.co.uk\/fr\/wp-json\/wp\/v2\/media?parent=188"}],"curies":[{"name":"wp","href":"https:\/\/api.w.org\/{rel}","templated":true}]}}