{"id":126,"date":"2022-10-10T12:13:54","date_gmt":"2022-10-10T11:13:54","guid":{"rendered":"http:\/\/sushihiroba.co.uk\/siti-scambisti-locali\/"},"modified":"2022-10-10T12:13:54","modified_gmt":"2022-10-10T11:13:54","slug":"siti-scambisti-locali","status":"publish","type":"page","link":"https:\/\/sushihiroba.co.uk\/it\/siti-scambisti-locali\/","title":{"rendered":"Siti scambisti locali"},"content":{"rendered":"<p>Ci sono un sacco di siti di scambisti locali che puoi usare per collegarti con altre coppie nella tua zona. Sono un ottimo modo per incontrare nuove persone e conoscerle a un livello pi\u00f9 intimo. Puoi anche trovare molte informazioni su questi siti sulla scena degli scambisti locali e su quali eventi stanno accadendo nella tua zona.<\/p>\n<h2>Siti swinger<\/h2>\n<p>Esistono diversi tipi di siti scambisti. Alcuni si concentrano sul collegamento di scambisti in un&#8217;area specifica in modo che possano incontrarsi. Altri sono pi\u00f9 simili a siti di social networking, dove le persone possono condividere i loro interessi e connettersi con persone che la pensano allo stesso modo. Altri ancora sono orientati pi\u00f9 verso gli appuntamenti e puoi trovare persone interessate alle tue stesse cose.<\/p>\n<p>Se sei interessato ad esplorare lo stile di vita scambista, ci sono diversi modi per farlo. Puoi controllare alcuni dei diversi siti di scambisti per vedere quale \u00e8 giusto per te. Puoi anche esaminare eventi o incontri locali che potrebbero accadere nella tua zona. Oppure, potresti sempre fare il grande passo e andare a una festa o a un club di scambisti. Qualunque sia il percorso che scegli, ricorda solo di essere rispettoso e divertirti!<\/p>\n<h2>Scambisti Collegamenti<\/h2>\n<p>Nel mondo degli appuntamenti online, c&#8217;\u00e8 molta attenzione <a href=\"http:\/\/sushihiroba.co.uk\/it\/siti-web-di-amici-con-vantaggi\/\">ai collegamenti e alle avventure a breve termine<\/a>. Ma se stai cercando qualcosa di un po &#8216;pi\u00f9 a lungo termine, c&#8217;\u00e8 una tendenza crescente di persone alla ricerca di incontri scambisti.<\/p>\n<p>\u00c8 qui che due persone che sono gi\u00e0 in una relazione aprono la loro relazione per includere altri partner sessuali. Pu\u00f2 essere un ottimo modo per ravvivare la tua vita sessuale e aggiungere un po &#8216;di variet\u00e0.<\/p>\n<p>Se sei interessato a esplorare questa opzione, ci sono alcune cose che devi tenere a mente. Innanzitutto, devi essere onesto con il tuo partner su ci\u00f2 che stai cercando. In secondo luogo, devi essere rispettoso dei confini degli altri. E infine, devi essere sicuro e usare la protezione.<\/p>\n<p>Se riesci a fare tutte queste cose, allora sei sulla buona strada per trovare l&#8217;amore nel mondo dei collegamenti scambisti.<\/p>\n<h2>Siti di incontri scambisti<\/h2>\n<p>Esistono diversi tipi di siti di incontri scambisti. I pi\u00f9 popolari sono probabilmente i siti di incontri generali che si rivolgono agli scambisti. Questi siti in genere hanno molti membri e sono piuttosto popolari. Di solito hanno molte funzionalit\u00e0 e ti permettono di cercare altri scambisti nella tua zona.<\/p>\n<p>Un altro tipo di sito di incontri scambisti \u00e8 il sito di incontri sullo stile di vita. Questi siti sono orientati specificamente verso gli scambisti e spesso hanno molte caratteristiche che soddisfano lo stile di vita. Di solito hanno molti membri e sono abbastanza popolari.<\/p>\n<p>L&#8217;ultimo tipo di sito di incontri scambisti \u00e8 il sito di incontri per adulti. Questi siti sono orientati verso gli adulti che sono interessati a collegarsi con altri adulti. Di solito hanno molti membri e sono abbastanza popolari.<\/p>\n<h3>DateYou<\/h3>\n<p>Se stai cercando una nuova app di appuntamenti progettata specificamente per le coppie di scambisti, ti consigliamo di dare un&#8217;occhiata a DateYou. Questa app \u00e8 progettata per aiutare le coppie a connettersi con altre coppie nella loro zona per divertimento e amicizia. L&#8217;app \u00e8 facile da usare e ha molte fantastiche funzionalit\u00e0, come un sistema di messaggistica e un modo per condividere foto e video. L&#8217;app ha anche una funzione di ricerca integrata in modo da poter trovare altre coppie nella tua zona che stanno cercando qualcuno con cui oscillare. Nel complesso, pensiamo che DateYou sia un&#8217;ottima opzione per le coppie che sono alla ricerca di un nuovo modo di incontrare altre coppie.<\/p>\n<h3>Fling.com<\/h3>\n<p>Fling.com \u00e8 un sito di scambisti locali che esiste da un po &#8216;. Il sito \u00e8 facile da usare e ha molti membri. Il sito \u00e8 anche un ottimo posto per trovare scambisti locali. Il sito ha molte caratteristiche ed \u00e8 un ottimo posto per trovare scambisti locali.<\/p>\n<h3>BBWCupid<\/h3>\n<p>BBWCupid \u00e8 un&#8217;app di appuntamenti progettata specificamente per i single BBW e i loro ammiratori. L&#8217;app \u00e8 disponibile gratuitamente su App Store e Google Play e ha una valutazione a 4 stelle su entrambe le piattaforme. L&#8217;app \u00e8 facile da usare e ha un&#8217;interfaccia pulita. Ha anche molte funzionalit\u00e0 che sono orientate ad aiutarti a trovare una corrispondenza, tra cui una funzione di ricerca, un elenco &#8220;preferiti&#8221; e un sistema di messaggistica. L&#8217;unico aspetto negativo dell&#8217;app \u00e8 che non ha una base di utenti molto ampia, quindi potresti avere problemi a trovare corrispondenze nella tua zona.<\/p>\n","protected":false},"excerpt":{"rendered":"<p>Ci sono un sacco di siti di scambisti locali che puoi usare per collegarti con altre coppie nella tua zona.&hellip;<\/p>\n","protected":false},"author":1,"featured_media":0,"parent":0,"menu_order":0,"comment_status":"closed","ping_status":"closed","template":"","meta":[],"yoast_head":"<!-- This site is optimized with the Yoast SEO plugin v17.7.1 - https:\/\/yoast.com\/wordpress\/plugins\/seo\/ -->\n<title>Siti scambisti locali - Online Dating Roba<\/title>\n<meta name=\"robots\" content=\"index, follow, max-snippet:-1, max-image-preview:large, max-video-preview:-1\" \/>\n<link rel=\"canonical\" href=\"https:\/\/sushihiroba.co.uk\/it\/siti-scambisti-locali\/\" \/>\n<meta property=\"og:locale\" content=\"it_IT\" \/>\n<meta property=\"og:type\" content=\"article\" \/>\n<meta property=\"og:title\" content=\"Siti scambisti locali - Online Dating Roba\" \/>\n<meta property=\"og:description\" content=\"Ci sono un sacco di siti di scambisti locali che puoi usare per collegarti con altre coppie nella tua zona.&hellip;\" \/>\n<meta property=\"og:url\" content=\"https:\/\/sushihiroba.co.uk\/it\/siti-scambisti-locali\/\" \/>\n<meta property=\"og:site_name\" content=\"Online Dating Roba\" \/>\n<meta name=\"twitter:card\" content=\"summary_large_image\" \/>\n<meta name=\"twitter:label1\" content=\"Tempo di lettura stimato\" \/>\n\t<meta name=\"twitter:data1\" content=\"4 minuti\" \/>\n<script type=\"application\/ld+json\" class=\"yoast-schema-graph\">{\"@context\":\"https:\/\/schema.org\",\"@graph\":[{\"@type\":\"WebSite\",\"@id\":\"https:\/\/sushihiroba.co.uk\/it\/#website\",\"url\":\"https:\/\/sushihiroba.co.uk\/it\/\",\"name\":\"Online Dating Roba\",\"description\":\"Guide To Find Love\",\"potentialAction\":[{\"@type\":\"SearchAction\",\"target\":{\"@type\":\"EntryPoint\",\"urlTemplate\":\"https:\/\/sushihiroba.co.uk\/it\/?s={search_term_string}\"},\"query-input\":\"required name=search_term_string\"}],\"inLanguage\":\"it-IT\"},{\"@type\":\"WebPage\",\"@id\":\"https:\/\/sushihiroba.co.uk\/it\/siti-scambisti-locali\/#webpage\",\"url\":\"https:\/\/sushihiroba.co.uk\/it\/siti-scambisti-locali\/\",\"name\":\"Siti scambisti locali - Online Dating Roba\",\"isPartOf\":{\"@id\":\"https:\/\/sushihiroba.co.uk\/it\/#website\"},\"datePublished\":\"2022-10-10T11:13:54+00:00\",\"dateModified\":\"2022-10-10T11:13:54+00:00\",\"breadcrumb\":{\"@id\":\"https:\/\/sushihiroba.co.uk\/it\/siti-scambisti-locali\/#breadcrumb\"},\"inLanguage\":\"it-IT\",\"potentialAction\":[{\"@type\":\"ReadAction\",\"target\":[\"https:\/\/sushihiroba.co.uk\/it\/siti-scambisti-locali\/\"]}]},{\"@type\":\"BreadcrumbList\",\"@id\":\"https:\/\/sushihiroba.co.uk\/it\/siti-scambisti-locali\/#breadcrumb\",\"itemListElement\":[{\"@type\":\"ListItem\",\"position\":1,\"name\":\"Home\",\"item\":\"http:\/\/sushihiroba.co.uk\/it\/\"},{\"@type\":\"ListItem\",\"position\":2,\"name\":\"Siti scambisti locali\"}]}]}<\/script>\n<!-- \/ Yoast SEO plugin. -->","yoast_head_json":{"title":"Siti scambisti locali - Online Dating Roba","robots":{"index":"index","follow":"follow","max-snippet":"max-snippet:-1","max-image-preview":"max-image-preview:large","max-video-preview":"max-video-preview:-1"},"canonical":"https:\/\/sushihiroba.co.uk\/it\/siti-scambisti-locali\/","og_locale":"it_IT","og_type":"article","og_title":"Siti scambisti locali - Online Dating Roba","og_description":"Ci sono un sacco di siti di scambisti locali che puoi usare per collegarti con altre coppie nella tua zona.&hellip;","og_url":"https:\/\/sushihiroba.co.uk\/it\/siti-scambisti-locali\/","og_site_name":"Online Dating Roba","twitter_card":"summary_large_image","twitter_misc":{"Tempo di lettura stimato":"4 minuti"},"schema":{"@context":"https:\/\/schema.org","@graph":[{"@type":"WebSite","@id":"https:\/\/sushihiroba.co.uk\/it\/#website","url":"https:\/\/sushihiroba.co.uk\/it\/","name":"Online Dating Roba","description":"Guide To Find Love","potentialAction":[{"@type":"SearchAction","target":{"@type":"EntryPoint","urlTemplate":"https:\/\/sushihiroba.co.uk\/it\/?s={search_term_string}"},"query-input":"required name=search_term_string"}],"inLanguage":"it-IT"},{"@type":"WebPage","@id":"https:\/\/sushihiroba.co.uk\/it\/siti-scambisti-locali\/#webpage","url":"https:\/\/sushihiroba.co.uk\/it\/siti-scambisti-locali\/","name":"Siti scambisti locali - Online Dating Roba","isPartOf":{"@id":"https:\/\/sushihiroba.co.uk\/it\/#website"},"datePublished":"2022-10-10T11:13:54+00:00","dateModified":"2022-10-10T11:13:54+00:00","breadcrumb":{"@id":"https:\/\/sushihiroba.co.uk\/it\/siti-scambisti-locali\/#breadcrumb"},"inLanguage":"it-IT","potentialAction":[{"@type":"ReadAction","target":["https:\/\/sushihiroba.co.uk\/it\/siti-scambisti-locali\/"]}]},{"@type":"BreadcrumbList","@id":"https:\/\/sushihiroba.co.uk\/it\/siti-scambisti-locali\/#breadcrumb","itemListElement":[{"@type":"ListItem","position":1,"name":"Home","item":"http:\/\/sushihiroba.co.uk\/it\/"},{"@type":"ListItem","position":2,"name":"Siti scambisti locali"}]}]}},"_links":{"self":[{"href":"https:\/\/sushihiroba.co.uk\/it\/wp-json\/wp\/v2\/pages\/126"}],"collection":[{"href":"https:\/\/sushihiroba.co.uk\/it\/wp-json\/wp\/v2\/pages"}],"about":[{"href":"https:\/\/sushihiroba.co.uk\/it\/wp-json\/wp\/v2\/types\/page"}],"author":[{"embeddable":true,"href":"https:\/\/sushihiroba.co.uk\/it\/wp-json\/wp\/v2\/users\/1"}],"replies":[{"embeddable":true,"href":"https:\/\/sushihiroba.co.uk\/it\/wp-json\/wp\/v2\/comments?post=126"}],"version-history":[{"count":0,"href":"https:\/\/sushihiroba.co.uk\/it\/wp-json\/wp\/v2\/pages\/126\/revisions"}],"wp:attachment":[{"href":"https:\/\/sushihiroba.co.uk\/it\/wp-json\/wp\/v2\/media?parent=126"}],"curies":[{"name":"wp","href":"https:\/\/api.w.org\/{rel}","templated":true}]}}