{"id":156,"date":"2022-10-10T12:13:05","date_gmt":"2022-10-10T11:13:05","guid":{"rendered":"http:\/\/sushihiroba.co.uk\/chat-room-fetish\/"},"modified":"2022-10-10T12:13:05","modified_gmt":"2022-10-10T11:13:05","slug":"chat-room-fetish","status":"publish","type":"page","link":"https:\/\/sushihiroba.co.uk\/it\/chat-room-fetish\/","title":{"rendered":"Chat room fetish"},"content":{"rendered":"<p>Ci sono molte chat room diverse l\u00e0 fuori per le persone che sono interessate al BDSM. Puoi trovare quelli che sono specifici per le persone che stanno cercando di collegarsi, e ci sono anche quelli che sono solo per la discussione generale. Se stai cercando un collegamento, \u00e8 una buona idea dare un&#8217;occhiata ad alcune chat room diverse per vedere quale ha il maggior numero di persone interessate alla tua stessa cosa. Puoi anche trovare molte risorse e consigli diversi in queste chat, quindi \u00e8 una buona idea esplorarli se sei nuovo nella scena BDSM.<\/p>\n<h2>Chat room fetish<\/h2>\n<p>Nel mondo degli appuntamenti online, ci sono tutti i tipi di chat room diverse disponibili per persone con tutti i tipi di interessi diversi. Un tipo di chatroom che \u00e8 diventato sempre pi\u00f9 popolare negli ultimi anni \u00e8 la chat room fetish.<\/p>\n<p>Una chat room fetish \u00e8 un luogo in cui <a href=\"http:\/\/sushihiroba.co.uk\/free-phone-sex\/\">le persone con un interesse sessuale<\/a> in un argomento specifico possono riunirsi e chattare sui loro interessi. Ci sono chat room per tutti i tipi di feticci diversi, dai feticisti del piede alle persone che sono interessate al BDSM.<\/p>\n<p>Le chat room fetish possono essere un ottimo posto per esplorare i tuoi interessi sessuali e incontrare persone che la pensano allo stesso modo. Tuttavia, \u00e8 importante ricordare di essere rispettosi degli interessi e dei confini degli altri e di non fare mai pressione su nessuno affinch\u00e9 faccia qualcosa con cui non si sente a proprio agio.<\/p>\n<h2>Fetish Chat Room<\/h2>\n<p>In una chat room fetish, puoi esplorare i tuoi desideri pi\u00f9 profondi con persone che la pensano allo stesso modo e potenzialmente trovare l&#8217;amore. Che tu sia appassionato di BDSM, feticcio del piede o qualsiasi altro nodo, puoi trovare qualcuno che condivide i tuoi interessi e con cui puoi esplorare la tua sessualit\u00e0. La parte migliore delle chat room fetish \u00e8 che puoi essere completamente aperto e onesto sui tuoi interessi e nessuno ti giudicher\u00e0. Quindi, se stai cercando uno spazio senza giudizio per esprimere i tuoi desideri pi\u00f9 profondi, una chat room fetish \u00e8 il posto perfetto per te.<\/p>\n<p>Le chat room fetish possono essere un ottimo modo per connettersi con persone che la pensano allo stesso modo che condividono i tuoi interessi. Possono essere un ottimo modo per esplorare la tua sessualit\u00e0 e saperne di pi\u00f9 su ci\u00f2 che ti accende. Possono anche essere un ottimo modo per incontrare potenziali partner che condividono i tuoi interessi. Tuttavia, \u00e8 importante ricordare che non tutte le chat room fetish sono create uguali. Alcuni sono migliori di altri, e alcuni sono pi\u00f9 pericolosi di altri. \u00c8 importante fare le tue ricerche prima di unirti a qualsiasi chat room e unirti solo a quelli con cui ti senti a tuo agio.<\/p>\n<h3>Flingster \u00b7<\/h3>\n<p>Se stai cercando un modo sicuro e protetto per esplorare il tuo lato stravagante, allora dovresti assolutamente dare un&#8217;occhiata a Flingster. Questa app di appuntamenti \u00e8 perfetta per coloro che sono curiosi del BDSM e vogliono trovare una chat room in cui possono esplorare i loro desideri sessuali in modo sicuro e consensuale.<\/p>\n<p>Flingster \u00e8 un&#8217;ottima opzione per coloro che vogliono immergere le dita dei piedi nello stile di vita BDSM, in quanto offre una variet\u00e0 di chat room che si rivolgono a diversi nodi e feticci. Puoi anche essere certo che tutti i membri del sito sono reali, poich\u00e9 ogni profilo viene verificato attraverso un processo rigoroso.<\/p>\n<p>Quindi, se stai cercando un modo sicuro e divertente per esplorare il tuo lato stravagante, assicurati di dare un&#8217;occhiata a Flingster!<\/p>\n<h3>Geek2Geek<\/h3>\n<p>Geek2Geek \u00e8 un&#8217;app di appuntamenti che si rivolge a nerd, geek e altre persone geek. L&#8217;app ha molte funzionalit\u00e0 che la rendono ideale per le persone nerd, tra cui una funzione di ricerca che ti consente di trovare altri nerd che condividono i tuoi interessi. L&#8217;app ha anche una funzione di chat, in modo da poter chattare con altri nerd sui tuoi interessi condivisi. L&#8217;app \u00e8 scaricabile e utilizzabile gratuitamente ed \u00e8 disponibile sia per iOS che per Android.<\/p>\n<h3>NaughtyDate<\/h3>\n<p>NaughtyDate \u00e8 un&#8217;app di appuntamenti specializzata in chat ROOM BDSM. \u00c8 un ottimo posto per trovare persone che la pensano allo stesso modo ed esplorare i tuoi nodi e feticci. L&#8217;app \u00e8 facile da usare e ha molte funzionalit\u00e0, rendendola un&#8217;ottima scelta per coloro che cercano un&#8217;esperienza di chat stravagante.<\/p>\n","protected":false},"excerpt":{"rendered":"<p>Ci sono molte chat room diverse l\u00e0 fuori per le persone che sono interessate al BDSM. Puoi trovare quelli che&hellip;<\/p>\n","protected":false},"author":1,"featured_media":0,"parent":0,"menu_order":0,"comment_status":"closed","ping_status":"closed","template":"","meta":[],"yoast_head":"<!-- This site is optimized with the Yoast SEO plugin v17.7.1 - https:\/\/yoast.com\/wordpress\/plugins\/seo\/ -->\n<title>Chat room fetish - Online Dating Roba<\/title>\n<meta name=\"robots\" content=\"index, follow, max-snippet:-1, max-image-preview:large, max-video-preview:-1\" \/>\n<link rel=\"canonical\" href=\"https:\/\/sushihiroba.co.uk\/it\/chat-room-fetish\/\" \/>\n<meta property=\"og:locale\" content=\"it_IT\" \/>\n<meta property=\"og:type\" content=\"article\" \/>\n<meta property=\"og:title\" content=\"Chat room fetish - Online Dating Roba\" \/>\n<meta property=\"og:description\" content=\"Ci sono molte chat room diverse l\u00e0 fuori per le persone che sono interessate al BDSM. Puoi trovare quelli che&hellip;\" \/>\n<meta property=\"og:url\" content=\"https:\/\/sushihiroba.co.uk\/it\/chat-room-fetish\/\" \/>\n<meta property=\"og:site_name\" content=\"Online Dating Roba\" \/>\n<meta name=\"twitter:card\" content=\"summary_large_image\" \/>\n<meta name=\"twitter:label1\" content=\"Tempo di lettura stimato\" \/>\n\t<meta name=\"twitter:data1\" content=\"4 minuti\" \/>\n<script type=\"application\/ld+json\" class=\"yoast-schema-graph\">{\"@context\":\"https:\/\/schema.org\",\"@graph\":[{\"@type\":\"WebSite\",\"@id\":\"https:\/\/sushihiroba.co.uk\/it\/#website\",\"url\":\"https:\/\/sushihiroba.co.uk\/it\/\",\"name\":\"Online Dating Roba\",\"description\":\"Guide To Find Love\",\"potentialAction\":[{\"@type\":\"SearchAction\",\"target\":{\"@type\":\"EntryPoint\",\"urlTemplate\":\"https:\/\/sushihiroba.co.uk\/it\/?s={search_term_string}\"},\"query-input\":\"required name=search_term_string\"}],\"inLanguage\":\"it-IT\"},{\"@type\":\"WebPage\",\"@id\":\"https:\/\/sushihiroba.co.uk\/it\/chat-room-fetish\/#webpage\",\"url\":\"https:\/\/sushihiroba.co.uk\/it\/chat-room-fetish\/\",\"name\":\"Chat room fetish - Online Dating Roba\",\"isPartOf\":{\"@id\":\"https:\/\/sushihiroba.co.uk\/it\/#website\"},\"datePublished\":\"2022-10-10T11:13:05+00:00\",\"dateModified\":\"2022-10-10T11:13:05+00:00\",\"breadcrumb\":{\"@id\":\"https:\/\/sushihiroba.co.uk\/it\/chat-room-fetish\/#breadcrumb\"},\"inLanguage\":\"it-IT\",\"potentialAction\":[{\"@type\":\"ReadAction\",\"target\":[\"https:\/\/sushihiroba.co.uk\/it\/chat-room-fetish\/\"]}]},{\"@type\":\"BreadcrumbList\",\"@id\":\"https:\/\/sushihiroba.co.uk\/it\/chat-room-fetish\/#breadcrumb\",\"itemListElement\":[{\"@type\":\"ListItem\",\"position\":1,\"name\":\"Home\",\"item\":\"http:\/\/sushihiroba.co.uk\/it\/\"},{\"@type\":\"ListItem\",\"position\":2,\"name\":\"Chat room fetish\"}]}]}<\/script>\n<!-- \/ Yoast SEO plugin. -->","yoast_head_json":{"title":"Chat room fetish - Online Dating Roba","robots":{"index":"index","follow":"follow","max-snippet":"max-snippet:-1","max-image-preview":"max-image-preview:large","max-video-preview":"max-video-preview:-1"},"canonical":"https:\/\/sushihiroba.co.uk\/it\/chat-room-fetish\/","og_locale":"it_IT","og_type":"article","og_title":"Chat room fetish - Online Dating Roba","og_description":"Ci sono molte chat room diverse l\u00e0 fuori per le persone che sono interessate al BDSM. Puoi trovare quelli che&hellip;","og_url":"https:\/\/sushihiroba.co.uk\/it\/chat-room-fetish\/","og_site_name":"Online Dating Roba","twitter_card":"summary_large_image","twitter_misc":{"Tempo di lettura stimato":"4 minuti"},"schema":{"@context":"https:\/\/schema.org","@graph":[{"@type":"WebSite","@id":"https:\/\/sushihiroba.co.uk\/it\/#website","url":"https:\/\/sushihiroba.co.uk\/it\/","name":"Online Dating Roba","description":"Guide To Find Love","potentialAction":[{"@type":"SearchAction","target":{"@type":"EntryPoint","urlTemplate":"https:\/\/sushihiroba.co.uk\/it\/?s={search_term_string}"},"query-input":"required name=search_term_string"}],"inLanguage":"it-IT"},{"@type":"WebPage","@id":"https:\/\/sushihiroba.co.uk\/it\/chat-room-fetish\/#webpage","url":"https:\/\/sushihiroba.co.uk\/it\/chat-room-fetish\/","name":"Chat room fetish - Online Dating Roba","isPartOf":{"@id":"https:\/\/sushihiroba.co.uk\/it\/#website"},"datePublished":"2022-10-10T11:13:05+00:00","dateModified":"2022-10-10T11:13:05+00:00","breadcrumb":{"@id":"https:\/\/sushihiroba.co.uk\/it\/chat-room-fetish\/#breadcrumb"},"inLanguage":"it-IT","potentialAction":[{"@type":"ReadAction","target":["https:\/\/sushihiroba.co.uk\/it\/chat-room-fetish\/"]}]},{"@type":"BreadcrumbList","@id":"https:\/\/sushihiroba.co.uk\/it\/chat-room-fetish\/#breadcrumb","itemListElement":[{"@type":"ListItem","position":1,"name":"Home","item":"http:\/\/sushihiroba.co.uk\/it\/"},{"@type":"ListItem","position":2,"name":"Chat room fetish"}]}]}},"_links":{"self":[{"href":"https:\/\/sushihiroba.co.uk\/it\/wp-json\/wp\/v2\/pages\/156"}],"collection":[{"href":"https:\/\/sushihiroba.co.uk\/it\/wp-json\/wp\/v2\/pages"}],"about":[{"href":"https:\/\/sushihiroba.co.uk\/it\/wp-json\/wp\/v2\/types\/page"}],"author":[{"embeddable":true,"href":"https:\/\/sushihiroba.co.uk\/it\/wp-json\/wp\/v2\/users\/1"}],"replies":[{"embeddable":true,"href":"https:\/\/sushihiroba.co.uk\/it\/wp-json\/wp\/v2\/comments?post=156"}],"version-history":[{"count":0,"href":"https:\/\/sushihiroba.co.uk\/it\/wp-json\/wp\/v2\/pages\/156\/revisions"}],"wp:attachment":[{"href":"https:\/\/sushihiroba.co.uk\/it\/wp-json\/wp\/v2\/media?parent=156"}],"curies":[{"name":"wp","href":"https:\/\/api.w.org\/{rel}","templated":true}]}}