{"id":157,"date":"2022-10-10T12:13:39","date_gmt":"2022-10-10T11:13:39","guid":{"rendered":"http:\/\/sushihiroba.co.uk\/siti-web-di-amici-con-vantaggi\/"},"modified":"2022-10-10T12:13:39","modified_gmt":"2022-10-10T11:13:39","slug":"siti-web-di-amici-con-vantaggi","status":"publish","type":"page","link":"https:\/\/sushihiroba.co.uk\/it\/siti-web-di-amici-con-vantaggi\/","title":{"rendered":"Siti web di amici con vantaggi"},"content":{"rendered":"<h1>Incontri FWB locali<\/h1>\n<p>Non c&#8217;\u00e8 niente di meglio di un <a href=\"http:\/\/sushihiroba.co.uk\/milf-sex-chat\/\">appuntamento<\/a> fwb locale. Conosci la persona, conosci il suo corpo e sai in cosa si trova. Non c&#8217;\u00e8 da indovinare o chiedersi se saranno in quello che ti piace. \u00c8 solo puro divertimento non adulterato.<\/p>\n<p>Naturalmente, ci sono alcune cose che devi tenere a mente quando persegui un appuntamento fwb locale. Prima di tutto, la comunicazione \u00e8 la chiave. Devi essere chiaro su ci\u00f2 che stai cercando e su ci\u00f2 con cui ti senti a tuo agio. Altrimenti, le cose possono diventare piuttosto imbarazzanti, abbastanza veloci.<\/p>\n<p>Un&#8217;altra cosa da tenere a mente \u00e8 che gli appuntamenti fwb locali a volte possono portare a qualcosa di pi\u00f9. Se non sei pronto per questo, allora \u00e8 importante impostare alcuni limiti. Altrimenti, potresti finire per farti male. Ma se stai cercando un buon divertimento vecchio stile, allora un appuntamento fwb locale \u00e8 sicuramente la strada da percorrere. Assicurati solo di comunicare e di essere rispettoso dei confini reciproci.<\/p>\n<h2>Siti FWB<\/h2>\n<p>Ci sono molti diversi tipi di siti FWB disponibili online, ognuno dei quali si rivolge a un diverso tipo di relazione. Alcuni sono orientati verso chi cerca una relazione pi\u00f9 casuale, mentre altri sono orientati verso chi cerca un impegno pi\u00f9 serio. Indipendentemente dal tipo di relazione che stai cercando, probabilmente c&#8217;\u00e8 un sito FWB adatto a te.<\/p>\n<p>Ci sono un certo numero di amici con siti web di benefici che sono spuntati negli ultimi anni che si rivolgono a persone che sono alla ricerca di amore. Questi siti Web consentono ai membri di creare profili e sfogliare i profili di altri membri per trovare una potenziale corrispondenza. Nella maggior parte dei casi, i membri possono anche comunicare tra loro attraverso il sito Web per conoscersi meglio.<\/p>\n<p>Mentre alcune persone potrebbero essere riluttanti a utilizzare un sito Web di amici con benefici per trovare l&#8217;amore, ci sono una serie di storie di successo che sono uscite da questi siti Web. In molti casi, le persone hanno scoperto che l&#8217;utilizzo di un sito Web di amici con benefici pu\u00f2 essere un ottimo modo per incontrare nuove persone e potenzialmente trovare l&#8217;amore della loro vita.<\/p>\n<h2>Sito di incontri FWB<\/h2>\n<p>Ci sono molti modi diversi per avvicinarsi agli appuntamenti e un metodo popolare \u00e8 attraverso l&#8217;uso di un sito di incontri con amici con benefici. Questo tipo di sito pu\u00f2 essere un ottimo modo per incontrare nuove persone e conoscerle senza la pressione di una relazione impegnata. Puoi semplicemente divertirti a trascorrere del tempo insieme ed esplorare le tue opzioni senza preoccuparti di dove stanno andando le cose.<\/p>\n<p>Naturalmente, \u00e8 importante essere onesti l&#8217;uno con l&#8217;altro su ci\u00f2 che si sta cercando fin dall&#8217;inizio. Se non sei sulla stessa pagina, pu\u00f2 portare ad alcune difficolt\u00e0 lungo la strada. Ma se sei aperto e onesto su ci\u00f2 che speri, pu\u00f2 essere un ottimo modo per conoscere qualcuno di nuovo.<\/p>\n<h3>NaughtyDate<\/h3>\n<p>L&#8217;app di appuntamenti NaughtyDate \u00e8 una delle app di appuntamenti fwb locali pi\u00f9 popolari disponibili oggi. Ha una valutazione elevata su App Store e Google Play ed \u00e8 scaricato frequentemente dagli utenti. L&#8217;app consente agli utenti di connettersi con altri utenti nella loro zona e inviare e ricevere messaggi. NaughtyDate consente inoltre agli utenti di pubblicare foto e video e visualizzare i profili di altri utenti. L&#8217;app \u00e8 scaricabile e utilizzabile gratuitamente e non richiede un abbonamento.<\/p>\n<h3>Geek2Geek<\/h3>\n<p>Se ti piace la cultura geek, adorerai Geek2Geek, un&#8217;app di appuntamenti progettata per geek autoproclamati. L&#8217;app \u00e8 scaricabile e utilizzabile gratuitamente ed \u00e8 abbastanza facile da navigare. Puoi sfogliare i profili per interessi o cercare corrispondenze per posizione.<\/p>\n<p>Uno svantaggio di Geek2Geek \u00e8 che non \u00e8 l&#8217;app pi\u00f9 rispettosa della diversit\u00e0 l\u00e0 fuori. La maggior parte degli utenti sembra essere bianca e maschile, quindi se non ti piace, potresti provare un&#8217;app diversa.<\/p>\n<p>Nel complesso, Geek2Geek \u00e8 un&#8217;app decente per single geek. \u00c8 gratuito da usare e relativamente facile da navigare e ha una discreta selezione di utenti. Basta essere consapevoli del fatto che non \u00e8 l&#8217;app pi\u00f9 diversificata l\u00e0 fuori.<\/p>\n<h3>Kasual App<\/h3>\n<p>Se stai cercando un&#8217;app di appuntamenti fwb locale, Kasual \u00e8 un&#8217;ottima opzione. L&#8217;app \u00e8 facile da usare e ha molte grandi funzionalit\u00e0, come la possibilit\u00e0 di visualizzare i profili di altri utenti nella tua zona. Anche la funzione di ricerca \u00e8 molto utile, permettendoti di trovare potenziali corrispondenze in base alla tua posizione. Nel complesso, Kasual \u00e8 un&#8217;ottima opzione per coloro che cercano un&#8217;app di appuntamenti fwb locale.<\/p>\n","protected":false},"excerpt":{"rendered":"<p>Incontri FWB locali Non c&#8217;\u00e8 niente di meglio di un appuntamento fwb locale. Conosci la persona, conosci il suo corpo&hellip;<\/p>\n","protected":false},"author":1,"featured_media":0,"parent":0,"menu_order":0,"comment_status":"closed","ping_status":"closed","template":"","meta":[],"yoast_head":"<!-- This site is optimized with the Yoast SEO plugin v17.7.1 - https:\/\/yoast.com\/wordpress\/plugins\/seo\/ -->\n<title>Siti web di amici con vantaggi - Online Dating Roba<\/title>\n<meta name=\"robots\" content=\"index, follow, max-snippet:-1, max-image-preview:large, max-video-preview:-1\" \/>\n<link rel=\"canonical\" href=\"https:\/\/sushihiroba.co.uk\/it\/siti-web-di-amici-con-vantaggi\/\" \/>\n<meta property=\"og:locale\" content=\"it_IT\" \/>\n<meta property=\"og:type\" content=\"article\" \/>\n<meta property=\"og:title\" content=\"Siti web di amici con vantaggi - Online Dating Roba\" \/>\n<meta property=\"og:description\" content=\"Incontri FWB locali Non c&#8217;\u00e8 niente di meglio di un appuntamento fwb locale. Conosci la persona, conosci il suo corpo&hellip;\" \/>\n<meta property=\"og:url\" content=\"https:\/\/sushihiroba.co.uk\/it\/siti-web-di-amici-con-vantaggi\/\" \/>\n<meta property=\"og:site_name\" content=\"Online Dating Roba\" \/>\n<meta name=\"twitter:card\" content=\"summary_large_image\" \/>\n<meta name=\"twitter:label1\" content=\"Tempo di lettura stimato\" \/>\n\t<meta name=\"twitter:data1\" content=\"4 minuti\" \/>\n<script type=\"application\/ld+json\" class=\"yoast-schema-graph\">{\"@context\":\"https:\/\/schema.org\",\"@graph\":[{\"@type\":\"WebSite\",\"@id\":\"https:\/\/sushihiroba.co.uk\/it\/#website\",\"url\":\"https:\/\/sushihiroba.co.uk\/it\/\",\"name\":\"Online Dating Roba\",\"description\":\"Guide To Find Love\",\"potentialAction\":[{\"@type\":\"SearchAction\",\"target\":{\"@type\":\"EntryPoint\",\"urlTemplate\":\"https:\/\/sushihiroba.co.uk\/it\/?s={search_term_string}\"},\"query-input\":\"required name=search_term_string\"}],\"inLanguage\":\"it-IT\"},{\"@type\":\"WebPage\",\"@id\":\"https:\/\/sushihiroba.co.uk\/it\/siti-web-di-amici-con-vantaggi\/#webpage\",\"url\":\"https:\/\/sushihiroba.co.uk\/it\/siti-web-di-amici-con-vantaggi\/\",\"name\":\"Siti web di amici con vantaggi - Online Dating Roba\",\"isPartOf\":{\"@id\":\"https:\/\/sushihiroba.co.uk\/it\/#website\"},\"datePublished\":\"2022-10-10T11:13:39+00:00\",\"dateModified\":\"2022-10-10T11:13:39+00:00\",\"breadcrumb\":{\"@id\":\"https:\/\/sushihiroba.co.uk\/it\/siti-web-di-amici-con-vantaggi\/#breadcrumb\"},\"inLanguage\":\"it-IT\",\"potentialAction\":[{\"@type\":\"ReadAction\",\"target\":[\"https:\/\/sushihiroba.co.uk\/it\/siti-web-di-amici-con-vantaggi\/\"]}]},{\"@type\":\"BreadcrumbList\",\"@id\":\"https:\/\/sushihiroba.co.uk\/it\/siti-web-di-amici-con-vantaggi\/#breadcrumb\",\"itemListElement\":[{\"@type\":\"ListItem\",\"position\":1,\"name\":\"Home\",\"item\":\"http:\/\/sushihiroba.co.uk\/it\/\"},{\"@type\":\"ListItem\",\"position\":2,\"name\":\"Siti web di amici con vantaggi\"}]}]}<\/script>\n<!-- \/ Yoast SEO plugin. -->","yoast_head_json":{"title":"Siti web di amici con vantaggi - Online Dating Roba","robots":{"index":"index","follow":"follow","max-snippet":"max-snippet:-1","max-image-preview":"max-image-preview:large","max-video-preview":"max-video-preview:-1"},"canonical":"https:\/\/sushihiroba.co.uk\/it\/siti-web-di-amici-con-vantaggi\/","og_locale":"it_IT","og_type":"article","og_title":"Siti web di amici con vantaggi - Online Dating Roba","og_description":"Incontri FWB locali Non c&#8217;\u00e8 niente di meglio di un appuntamento fwb locale. Conosci la persona, conosci il suo corpo&hellip;","og_url":"https:\/\/sushihiroba.co.uk\/it\/siti-web-di-amici-con-vantaggi\/","og_site_name":"Online Dating Roba","twitter_card":"summary_large_image","twitter_misc":{"Tempo di lettura stimato":"4 minuti"},"schema":{"@context":"https:\/\/schema.org","@graph":[{"@type":"WebSite","@id":"https:\/\/sushihiroba.co.uk\/it\/#website","url":"https:\/\/sushihiroba.co.uk\/it\/","name":"Online Dating Roba","description":"Guide To Find Love","potentialAction":[{"@type":"SearchAction","target":{"@type":"EntryPoint","urlTemplate":"https:\/\/sushihiroba.co.uk\/it\/?s={search_term_string}"},"query-input":"required name=search_term_string"}],"inLanguage":"it-IT"},{"@type":"WebPage","@id":"https:\/\/sushihiroba.co.uk\/it\/siti-web-di-amici-con-vantaggi\/#webpage","url":"https:\/\/sushihiroba.co.uk\/it\/siti-web-di-amici-con-vantaggi\/","name":"Siti web di amici con vantaggi - Online Dating Roba","isPartOf":{"@id":"https:\/\/sushihiroba.co.uk\/it\/#website"},"datePublished":"2022-10-10T11:13:39+00:00","dateModified":"2022-10-10T11:13:39+00:00","breadcrumb":{"@id":"https:\/\/sushihiroba.co.uk\/it\/siti-web-di-amici-con-vantaggi\/#breadcrumb"},"inLanguage":"it-IT","potentialAction":[{"@type":"ReadAction","target":["https:\/\/sushihiroba.co.uk\/it\/siti-web-di-amici-con-vantaggi\/"]}]},{"@type":"BreadcrumbList","@id":"https:\/\/sushihiroba.co.uk\/it\/siti-web-di-amici-con-vantaggi\/#breadcrumb","itemListElement":[{"@type":"ListItem","position":1,"name":"Home","item":"http:\/\/sushihiroba.co.uk\/it\/"},{"@type":"ListItem","position":2,"name":"Siti web di amici con vantaggi"}]}]}},"_links":{"self":[{"href":"https:\/\/sushihiroba.co.uk\/it\/wp-json\/wp\/v2\/pages\/157"}],"collection":[{"href":"https:\/\/sushihiroba.co.uk\/it\/wp-json\/wp\/v2\/pages"}],"about":[{"href":"https:\/\/sushihiroba.co.uk\/it\/wp-json\/wp\/v2\/types\/page"}],"author":[{"embeddable":true,"href":"https:\/\/sushihiroba.co.uk\/it\/wp-json\/wp\/v2\/users\/1"}],"replies":[{"embeddable":true,"href":"https:\/\/sushihiroba.co.uk\/it\/wp-json\/wp\/v2\/comments?post=157"}],"version-history":[{"count":0,"href":"https:\/\/sushihiroba.co.uk\/it\/wp-json\/wp\/v2\/pages\/157\/revisions"}],"wp:attachment":[{"href":"https:\/\/sushihiroba.co.uk\/it\/wp-json\/wp\/v2\/media?parent=157"}],"curies":[{"name":"wp","href":"https:\/\/api.w.org\/{rel}","templated":true}]}}