{"id":171,"date":"2022-10-10T12:12:51","date_gmt":"2022-10-10T11:12:51","guid":{"rendered":"http:\/\/sushihiroba.co.uk\/sesso-telefonico-gratuito\/"},"modified":"2022-10-10T12:12:51","modified_gmt":"2022-10-10T11:12:51","slug":"sesso-telefonico-gratuito","status":"publish","type":"page","link":"https:\/\/sushihiroba.co.uk\/it\/sesso-telefonico-gratuito\/","title":{"rendered":"Sesso telefonico gratuito"},"content":{"rendered":"<p>Quando si tratta di collegarsi, il sesso telefonico gratuito pu\u00f2 essere un ottimo modo per iniziare le cose. Pu\u00f2 aiutare a rompere il ghiaccio e far andare avanti le cose, senza doversi preoccupare che le cose diventino troppo fisiche troppo rapidamente. Inoltre, pu\u00f2 essere molto divertente! Se stai pensando di provare il sesso telefonico gratuito, ecco alcuni suggerimenti per aiutarti a iniziare:<\/p>\n<ol>\n<li>Trova un partner che sia pronto per questo. Questo \u00e8 probabilmente il passo pi\u00f9 importante. Se non siete entrambi sulla stessa pagina, non sar\u00e0 divertente per nessuno di voi.<\/li>\n<li>Mettiti comodo. Questa \u00e8 la chiave. Se non ti senti a tuo agio, si vedr\u00e0. Trova un posto dove puoi rilassarti e sentirti a tuo agio.<\/li>\n<li>Liberare. Questa \u00e8 la tua occasione per essere qualcun altro per un po &#8216;. Divertiti con esso!<\/li>\n<li>Sii rispettoso. Ricorda, questa \u00e8 ancora un&#8217;altra persona dall&#8217;altra parte della linea. Quindi sii rispettoso e non dire nulla che non vorresti che ti venisse detto.<\/li>\n<li>Riaggancia se le cose diventano troppo calde. Se le cose iniziano a diventare un po &#8216;troppo calde, va bene riagganciare. Puoi sempre richiamare un&#8217;altra volta.<\/li>\n<\/ol>\n<h2>Linee di chat di prova gratuite<\/h2>\n<p>Se stai cercando un nuovo modo di incontrare persone, le chat line sono un&#8217;ottima opzione. Molte chat line offrono prove gratuite, quindi puoi provarle prima di impegnarti. Questo \u00e8 un ottimo modo per vedere se una chat line \u00e8 giusta per te. Quando chiami una chat line, sarai connesso a una persona a caso. Puoi chattare per alcuni minuti e poi decidere se vuoi incontrarti.<\/p>\n<p>Ci sono molti siti di sesso telefonico l\u00e0 fuori e possono essere un ottimo modo per trovare l&#8217;amore. Puoi trovare qualcuno con cui parlare che \u00e8 nelle tue stesse cose e puoi persino trovare qualcuno che sta cercando una relazione seria. Assicurati solo di stare attento quando usi questi siti e di prenderti il tempo per trovare la persona giusta per te.<\/p>\n<h2>Chat sessuale gratuita<\/h2>\n<p>Non c&#8217;\u00e8 niente di meglio che connettersi sessualmente con qualcuno a un livello profondo. La chat sessuale gratuita offre un&#8217;opportunit\u00e0 unica per fare proprio questo. Puoi connetterti con qualcuno che condivide i tuoi interessi sessuali ed esplorare i tuoi desideri in un ambiente sicuro e anonimo. La chat sessuale gratuita \u00e8 il modo perfetto per ravvivare la tua vita amorosa e avvicinarti al tuo partner.<\/p>\n<h3>ComeWithYou<\/h3>\n<p>ComeWithYou \u00e8 una nuova app di appuntamenti che sta scuotendo il mondo degli appuntamenti online. L&#8217;app consente agli utenti di connettersi tra loro utilizzando una telefonata, piuttosto che solo tramite messaggi di testo. In questo modo, gli utenti possono effettivamente sentire le reciproche voci e avere un&#8217;idea migliore di chi stanno parlando. L&#8217;app offre anche un servizio di sesso telefonico gratuito, in modo che gli utenti possano conoscersi ancora meglio. L&#8217;app \u00e8 ancora nelle sue fasi iniziali, ma ha gi\u00e0 fatto un tuffo nel mondo degli appuntamenti online.<\/p>\n<h3>FlirtHookup<\/h3>\n<p>Se stai cercando un modo per ravvivare la tua vita sessuale, non guardare oltre FlirtHookup. Questa nuova app innovativa ti consente di connetterti con potenziali partner sessuali nella tua zona e chattare sporco con loro per iniziare le cose.<\/p>\n<p>La parte migliore di FlirtHookup \u00e8 che \u00e8 completamente gratuito da usare. Ci\u00f2 significa che puoi chattare con tutte le persone che vuoi, senza doverti preoccupare di rompere la banca.<\/p>\n<p>Quindi, se stai cercando un po &#8216;di divertimento caldo e sporco, scarica FlirtHookup oggi e inizia a esplorare le tue fantasie pi\u00f9 selvagge.<\/p>\n<h3>Shag \u00b7<\/h3>\n<p>Se stai cercando una nuova app di appuntamenti da provare, considera Shag. \u00c8 un&#8217;app gratuita che ti consente di connetterti con potenziali corrispondenze nella tua zona. L&#8217;app \u00e8 semplice da usare e facile da navigare. Inoltre, \u00e8 un ottimo modo per incontrare nuove persone e farsi sdraiare.<\/p>\n<p>Quando si tratta di trovare un collegamento, Shag \u00e8 la strada da percorrere. L&#8217;app \u00e8 scaricabile e utilizzabile gratuitamente. Inoltre, \u00e8 facile da usare e navigare. Puoi trovare potenziali corrispondenze nella tua zona in modo rapido e semplice. Inoltre, l&#8217;app \u00e8 un ottimo modo per incontrare nuove persone e farsi sdraiare.<\/p>\n","protected":false},"excerpt":{"rendered":"<p>Quando si tratta di collegarsi, il sesso telefonico gratuito pu\u00f2 essere un ottimo modo per iniziare le cose. Pu\u00f2 aiutare&hellip;<\/p>\n","protected":false},"author":1,"featured_media":0,"parent":0,"menu_order":0,"comment_status":"closed","ping_status":"closed","template":"","meta":[],"yoast_head":"<!-- This site is optimized with the Yoast SEO plugin v17.7.1 - https:\/\/yoast.com\/wordpress\/plugins\/seo\/ -->\n<title>Sesso telefonico gratuito - Online Dating Roba<\/title>\n<meta name=\"robots\" content=\"index, follow, max-snippet:-1, max-image-preview:large, max-video-preview:-1\" \/>\n<link rel=\"canonical\" href=\"https:\/\/sushihiroba.co.uk\/it\/sesso-telefonico-gratuito\/\" \/>\n<meta property=\"og:locale\" content=\"it_IT\" \/>\n<meta property=\"og:type\" content=\"article\" \/>\n<meta property=\"og:title\" content=\"Sesso telefonico gratuito - Online Dating Roba\" \/>\n<meta property=\"og:description\" content=\"Quando si tratta di collegarsi, il sesso telefonico gratuito pu\u00f2 essere un ottimo modo per iniziare le cose. Pu\u00f2 aiutare&hellip;\" \/>\n<meta property=\"og:url\" content=\"https:\/\/sushihiroba.co.uk\/it\/sesso-telefonico-gratuito\/\" \/>\n<meta property=\"og:site_name\" content=\"Online Dating Roba\" \/>\n<meta name=\"twitter:card\" content=\"summary_large_image\" \/>\n<meta name=\"twitter:label1\" content=\"Tempo di lettura stimato\" \/>\n\t<meta name=\"twitter:data1\" content=\"3 minuti\" \/>\n<script type=\"application\/ld+json\" class=\"yoast-schema-graph\">{\"@context\":\"https:\/\/schema.org\",\"@graph\":[{\"@type\":\"WebSite\",\"@id\":\"https:\/\/sushihiroba.co.uk\/it\/#website\",\"url\":\"https:\/\/sushihiroba.co.uk\/it\/\",\"name\":\"Online Dating Roba\",\"description\":\"Guide To Find Love\",\"potentialAction\":[{\"@type\":\"SearchAction\",\"target\":{\"@type\":\"EntryPoint\",\"urlTemplate\":\"https:\/\/sushihiroba.co.uk\/it\/?s={search_term_string}\"},\"query-input\":\"required name=search_term_string\"}],\"inLanguage\":\"it-IT\"},{\"@type\":\"WebPage\",\"@id\":\"https:\/\/sushihiroba.co.uk\/it\/sesso-telefonico-gratuito\/#webpage\",\"url\":\"https:\/\/sushihiroba.co.uk\/it\/sesso-telefonico-gratuito\/\",\"name\":\"Sesso telefonico gratuito - Online Dating Roba\",\"isPartOf\":{\"@id\":\"https:\/\/sushihiroba.co.uk\/it\/#website\"},\"datePublished\":\"2022-10-10T11:12:51+00:00\",\"dateModified\":\"2022-10-10T11:12:51+00:00\",\"breadcrumb\":{\"@id\":\"https:\/\/sushihiroba.co.uk\/it\/sesso-telefonico-gratuito\/#breadcrumb\"},\"inLanguage\":\"it-IT\",\"potentialAction\":[{\"@type\":\"ReadAction\",\"target\":[\"https:\/\/sushihiroba.co.uk\/it\/sesso-telefonico-gratuito\/\"]}]},{\"@type\":\"BreadcrumbList\",\"@id\":\"https:\/\/sushihiroba.co.uk\/it\/sesso-telefonico-gratuito\/#breadcrumb\",\"itemListElement\":[{\"@type\":\"ListItem\",\"position\":1,\"name\":\"Home\",\"item\":\"http:\/\/sushihiroba.co.uk\/it\/\"},{\"@type\":\"ListItem\",\"position\":2,\"name\":\"Sesso telefonico gratuito\"}]}]}<\/script>\n<!-- \/ Yoast SEO plugin. -->","yoast_head_json":{"title":"Sesso telefonico gratuito - Online Dating Roba","robots":{"index":"index","follow":"follow","max-snippet":"max-snippet:-1","max-image-preview":"max-image-preview:large","max-video-preview":"max-video-preview:-1"},"canonical":"https:\/\/sushihiroba.co.uk\/it\/sesso-telefonico-gratuito\/","og_locale":"it_IT","og_type":"article","og_title":"Sesso telefonico gratuito - Online Dating Roba","og_description":"Quando si tratta di collegarsi, il sesso telefonico gratuito pu\u00f2 essere un ottimo modo per iniziare le cose. Pu\u00f2 aiutare&hellip;","og_url":"https:\/\/sushihiroba.co.uk\/it\/sesso-telefonico-gratuito\/","og_site_name":"Online Dating Roba","twitter_card":"summary_large_image","twitter_misc":{"Tempo di lettura stimato":"3 minuti"},"schema":{"@context":"https:\/\/schema.org","@graph":[{"@type":"WebSite","@id":"https:\/\/sushihiroba.co.uk\/it\/#website","url":"https:\/\/sushihiroba.co.uk\/it\/","name":"Online Dating Roba","description":"Guide To Find Love","potentialAction":[{"@type":"SearchAction","target":{"@type":"EntryPoint","urlTemplate":"https:\/\/sushihiroba.co.uk\/it\/?s={search_term_string}"},"query-input":"required name=search_term_string"}],"inLanguage":"it-IT"},{"@type":"WebPage","@id":"https:\/\/sushihiroba.co.uk\/it\/sesso-telefonico-gratuito\/#webpage","url":"https:\/\/sushihiroba.co.uk\/it\/sesso-telefonico-gratuito\/","name":"Sesso telefonico gratuito - Online Dating Roba","isPartOf":{"@id":"https:\/\/sushihiroba.co.uk\/it\/#website"},"datePublished":"2022-10-10T11:12:51+00:00","dateModified":"2022-10-10T11:12:51+00:00","breadcrumb":{"@id":"https:\/\/sushihiroba.co.uk\/it\/sesso-telefonico-gratuito\/#breadcrumb"},"inLanguage":"it-IT","potentialAction":[{"@type":"ReadAction","target":["https:\/\/sushihiroba.co.uk\/it\/sesso-telefonico-gratuito\/"]}]},{"@type":"BreadcrumbList","@id":"https:\/\/sushihiroba.co.uk\/it\/sesso-telefonico-gratuito\/#breadcrumb","itemListElement":[{"@type":"ListItem","position":1,"name":"Home","item":"http:\/\/sushihiroba.co.uk\/it\/"},{"@type":"ListItem","position":2,"name":"Sesso telefonico gratuito"}]}]}},"_links":{"self":[{"href":"https:\/\/sushihiroba.co.uk\/it\/wp-json\/wp\/v2\/pages\/171"}],"collection":[{"href":"https:\/\/sushihiroba.co.uk\/it\/wp-json\/wp\/v2\/pages"}],"about":[{"href":"https:\/\/sushihiroba.co.uk\/it\/wp-json\/wp\/v2\/types\/page"}],"author":[{"embeddable":true,"href":"https:\/\/sushihiroba.co.uk\/it\/wp-json\/wp\/v2\/users\/1"}],"replies":[{"embeddable":true,"href":"https:\/\/sushihiroba.co.uk\/it\/wp-json\/wp\/v2\/comments?post=171"}],"version-history":[{"count":0,"href":"https:\/\/sushihiroba.co.uk\/it\/wp-json\/wp\/v2\/pages\/171\/revisions"}],"wp:attachment":[{"href":"https:\/\/sushihiroba.co.uk\/it\/wp-json\/wp\/v2\/media?parent=171"}],"curies":[{"name":"wp","href":"https:\/\/api.w.org\/{rel}","templated":true}]}}