{"id":174,"date":"2022-10-10T12:14:24","date_gmt":"2022-10-10T11:14:24","guid":{"rendered":"http:\/\/sushihiroba.co.uk\/siti-di-incontri-nerd\/"},"modified":"2022-10-10T12:14:24","modified_gmt":"2022-10-10T11:14:24","slug":"siti-di-incontri-nerd","status":"publish","type":"page","link":"https:\/\/sushihiroba.co.uk\/it\/siti-di-incontri-nerd\/","title":{"rendered":"Siti di incontri nerd"},"content":{"rendered":"<p>Non c&#8217;\u00e8 bisogno di essere nervosi per gli &#8220;appuntamenti nerd&#8221;. Innanzitutto, ricorda che i ragazzi nerd sono proprio come qualsiasi altro ragazzo quando si tratta di collegarsi. Stanno cercando la stessa cosa che sei tu: qualcuno con cui divertirti. In secondo luogo, non aver paura di mostrare il tuo lato nerd. I ragazzi trovano l&#8217;intelligenza e l&#8217;amore per l&#8217;apprendimento sexy, quindi lascia sventolare la tua bandiera nerd! Infine, non aver paura di fare la prima mossa. I ragazzi nerd sono spesso timidi, quindi spetta a te prendere il comando e chiedergli di uscire. Con questi suggerimenti, sei sicuro di divertirti &#8220;nerd dating!&#8221;<\/p>\n<h2>Data un geek<\/h2>\n<p>Stai cercando un appuntamento che sia un po &#8216;un geek? Quindi non guardare oltre il tuo geek bar locale o il sito di incontri online. Ecco alcuni suggerimenti su come uscire con un geek.<\/p>\n<ul>\n<li>Preparati ad alcune intense conversazioni. I geek amano parlare dei loro interessi, quindi preparati a discutere di tutto, dall&#8217;ultimo film a fumetti al nuovo videogioco.<\/li>\n<li>Sii paziente. I geek possono essere un po &#8216;timidi all&#8217;inizio, quindi potrebbe volerci del tempo prima che si aprano a te.<\/li>\n<li>Sii onesto. I geek apprezzano l&#8217;onest\u00e0, quindi non cercare di farti strada attraverso una conversazione. Se non sei interessato alle stesse cose, sii sincero al riguardo.<\/li>\n<li>Sii flessibile. I geek possono essere abbastanza impostati nei loro modi, quindi \u00e8 importante essere flessibili quando si tratta di piani. Se il tuo appuntamento vuole rimanere e giocare ai videogiochi tutta la notte, vai con esso.<\/li>\n<li>Sii te stesso. I geek sono attratti da persone genuine e autentiche. Quindi sii te stesso e sei sicuro di trovare la perfetta corrispondenza geek.<\/li>\n<\/ul>\n<p>Ci sono molti siti di <a href=\"http:\/\/sushihiroba.co.uk\/local-swinger-sites\/\">incontri nerd l\u00e0 fuori<\/a>, ognuno dei quali offre qualcosa di un po &#8216;diverso in termini di funzionalit\u00e0 e pubblico. Alcuni siti, come Geek 2 Geek, sono progettati specificamente per geek e nerd, mentre altri, come OkCupid, sono aperti a persone di tutti i livelli nerd.<\/p>\n<p>Se stai cercando l&#8217;amore e ti consideri un nerd, c&#8217;\u00e8 un sito di incontri l\u00e0 fuori per te. Che tu sia appassionato di fantascienza, giochi o qualsiasi altra cosa nel mezzo, c&#8217;\u00e8 una comunit\u00e0 di persone che la pensano allo stesso modo in attesa di incontrarti. Quindi esci e inizia a fare il nerd con qualcuno di speciale oggi.<\/p>\n<h2>Siti di incontri di gioco<\/h2>\n<p>Ci sono un certo numero di siti di incontri che si rivolgono specificamente ai giocatori. Questi siti comprendono le passioni e gli interessi dei giocatori e possono abbinarti ad altri single che condividono i tuoi interessi di gioco. Sia che tu stia cercando una relazione casuale o qualcosa di pi\u00f9 serio, c&#8217;\u00e8 un sito di incontri di gioco per te. Quindi esci e inizia a frequentare i giocatori!<\/p>\n<h3>YourSecretHookup<\/h3>\n<p>Se sei un nerd autoproclamato in cerca di amore, allora potresti voler dare un&#8217;occhiata alla nuova app di appuntamenti, YourSecretHookup. L&#8217;app, che si rivolge a nerd e geek di tutti i tipi, ha una valutazione a 4 stelle sull&#8217;App Store ed \u00e8 stata elogiata dagli utenti per la sua facilit\u00e0 d&#8217;uso e l&#8217;interfaccia &#8220;nerd-friendly&#8221;.<\/p>\n<p>YourSecretHookup \u00e8 un&#8217;ottima opzione per i nerd che cercano l&#8217;amore, ma non \u00e8 perfetto. L&#8217;app ha molte funzionalit\u00e0 che la rendono ideale per i nerd, ma presenta anche alcuni inconvenienti. Innanzitutto, l&#8217;app \u00e8 disponibile solo negli Stati Uniti. In secondo luogo, l&#8217;app non ha una base di utenti molto ampia, quindi potresti avere problemi a trovare corrispondenze nella tua zona.<\/p>\n<p>Nel complesso, YourSecretHookup \u00e8 un&#8217;ottima app di appuntamenti per nerd. Se stai cercando un partner nerd, questa \u00e8 un&#8217;ottima opzione. Tuttavia, se sei al di fuori degli Stati Uniti o se stai cercando un&#8217;app di appuntamenti pi\u00f9 generale, potresti voler cercare altrove.<\/p>\n<h3>FindMyFlings<\/h3>\n<p>Recentemente mi sono imbattuto nell&#8217;app di appuntamenti FindMyFlings e ho pensato di provarlo poich\u00e9 mi considero un po &#8216;un nerd. Devo dire che sono rimasto piacevolmente sorpreso! L&#8217;app \u00e8 molto user-friendly e il luogo perfetto per i nerd per incontrare altri nerd. L&#8217;app ha anche una grande funzionalit\u00e0 chiamata &#8220;Nerd Factor&#8221; che ti consente di valutarti su una scala da 1 a 10 in termini di nerdit\u00e0. Consiglio vivamente questa app a tutti i nerd l\u00e0 fuori che sono alla ricerca dell&#8217;amore!<\/p>\n<h3>Un sacco di pesce<\/h3>\n<p>Se sei un nerd autoproclamato che sta cercando l&#8217;amore, allora potresti voler dare un&#8217;occhiata all&#8217;app di appuntamenti Plenty of Fish. Secondo le recensioni, questa app \u00e8 piena di persone appassionate di cose come fumetti, giochi e cosplay.<\/p>\n<p>Quindi, se stai cercando una relazione nerd, questa potrebbe essere l&#8217;app che fa per te. Tuttavia, alcuni revisori si sono lamentati dell&#8217;interfaccia e della base di utenti dell&#8217;app. Quindi, potresti voler prendere in considerazione questi reclami prima di scaricare.<\/p>\n","protected":false},"excerpt":{"rendered":"<p>Non c&#8217;\u00e8 bisogno di essere nervosi per gli &#8220;appuntamenti nerd&#8221;. Innanzitutto, ricorda che i ragazzi nerd sono proprio come qualsiasi&hellip;<\/p>\n","protected":false},"author":1,"featured_media":0,"parent":0,"menu_order":0,"comment_status":"closed","ping_status":"closed","template":"","meta":[],"yoast_head":"<!-- This site is optimized with the Yoast SEO plugin v17.7.1 - https:\/\/yoast.com\/wordpress\/plugins\/seo\/ -->\n<title>Siti di incontri nerd - Online Dating Roba<\/title>\n<meta name=\"robots\" content=\"index, follow, max-snippet:-1, max-image-preview:large, max-video-preview:-1\" \/>\n<link rel=\"canonical\" href=\"https:\/\/sushihiroba.co.uk\/it\/siti-di-incontri-nerd\/\" \/>\n<meta property=\"og:locale\" content=\"it_IT\" \/>\n<meta property=\"og:type\" content=\"article\" \/>\n<meta property=\"og:title\" content=\"Siti di incontri nerd - Online Dating Roba\" \/>\n<meta property=\"og:description\" content=\"Non c&#8217;\u00e8 bisogno di essere nervosi per gli &#8220;appuntamenti nerd&#8221;. Innanzitutto, ricorda che i ragazzi nerd sono proprio come qualsiasi&hellip;\" \/>\n<meta property=\"og:url\" content=\"https:\/\/sushihiroba.co.uk\/it\/siti-di-incontri-nerd\/\" \/>\n<meta property=\"og:site_name\" content=\"Online Dating Roba\" \/>\n<meta name=\"twitter:card\" content=\"summary_large_image\" \/>\n<meta name=\"twitter:label1\" content=\"Tempo di lettura stimato\" \/>\n\t<meta name=\"twitter:data1\" content=\"4 minuti\" \/>\n<script type=\"application\/ld+json\" class=\"yoast-schema-graph\">{\"@context\":\"https:\/\/schema.org\",\"@graph\":[{\"@type\":\"WebSite\",\"@id\":\"https:\/\/sushihiroba.co.uk\/it\/#website\",\"url\":\"https:\/\/sushihiroba.co.uk\/it\/\",\"name\":\"Online Dating Roba\",\"description\":\"Guide To Find Love\",\"potentialAction\":[{\"@type\":\"SearchAction\",\"target\":{\"@type\":\"EntryPoint\",\"urlTemplate\":\"https:\/\/sushihiroba.co.uk\/it\/?s={search_term_string}\"},\"query-input\":\"required name=search_term_string\"}],\"inLanguage\":\"it-IT\"},{\"@type\":\"WebPage\",\"@id\":\"https:\/\/sushihiroba.co.uk\/it\/siti-di-incontri-nerd\/#webpage\",\"url\":\"https:\/\/sushihiroba.co.uk\/it\/siti-di-incontri-nerd\/\",\"name\":\"Siti di incontri nerd - Online Dating Roba\",\"isPartOf\":{\"@id\":\"https:\/\/sushihiroba.co.uk\/it\/#website\"},\"datePublished\":\"2022-10-10T11:14:24+00:00\",\"dateModified\":\"2022-10-10T11:14:24+00:00\",\"breadcrumb\":{\"@id\":\"https:\/\/sushihiroba.co.uk\/it\/siti-di-incontri-nerd\/#breadcrumb\"},\"inLanguage\":\"it-IT\",\"potentialAction\":[{\"@type\":\"ReadAction\",\"target\":[\"https:\/\/sushihiroba.co.uk\/it\/siti-di-incontri-nerd\/\"]}]},{\"@type\":\"BreadcrumbList\",\"@id\":\"https:\/\/sushihiroba.co.uk\/it\/siti-di-incontri-nerd\/#breadcrumb\",\"itemListElement\":[{\"@type\":\"ListItem\",\"position\":1,\"name\":\"Home\",\"item\":\"http:\/\/sushihiroba.co.uk\/it\/\"},{\"@type\":\"ListItem\",\"position\":2,\"name\":\"Siti di incontri nerd\"}]}]}<\/script>\n<!-- \/ Yoast SEO plugin. -->","yoast_head_json":{"title":"Siti di incontri nerd - Online Dating Roba","robots":{"index":"index","follow":"follow","max-snippet":"max-snippet:-1","max-image-preview":"max-image-preview:large","max-video-preview":"max-video-preview:-1"},"canonical":"https:\/\/sushihiroba.co.uk\/it\/siti-di-incontri-nerd\/","og_locale":"it_IT","og_type":"article","og_title":"Siti di incontri nerd - Online Dating Roba","og_description":"Non c&#8217;\u00e8 bisogno di essere nervosi per gli &#8220;appuntamenti nerd&#8221;. Innanzitutto, ricorda che i ragazzi nerd sono proprio come qualsiasi&hellip;","og_url":"https:\/\/sushihiroba.co.uk\/it\/siti-di-incontri-nerd\/","og_site_name":"Online Dating Roba","twitter_card":"summary_large_image","twitter_misc":{"Tempo di lettura stimato":"4 minuti"},"schema":{"@context":"https:\/\/schema.org","@graph":[{"@type":"WebSite","@id":"https:\/\/sushihiroba.co.uk\/it\/#website","url":"https:\/\/sushihiroba.co.uk\/it\/","name":"Online Dating Roba","description":"Guide To Find Love","potentialAction":[{"@type":"SearchAction","target":{"@type":"EntryPoint","urlTemplate":"https:\/\/sushihiroba.co.uk\/it\/?s={search_term_string}"},"query-input":"required name=search_term_string"}],"inLanguage":"it-IT"},{"@type":"WebPage","@id":"https:\/\/sushihiroba.co.uk\/it\/siti-di-incontri-nerd\/#webpage","url":"https:\/\/sushihiroba.co.uk\/it\/siti-di-incontri-nerd\/","name":"Siti di incontri nerd - Online Dating Roba","isPartOf":{"@id":"https:\/\/sushihiroba.co.uk\/it\/#website"},"datePublished":"2022-10-10T11:14:24+00:00","dateModified":"2022-10-10T11:14:24+00:00","breadcrumb":{"@id":"https:\/\/sushihiroba.co.uk\/it\/siti-di-incontri-nerd\/#breadcrumb"},"inLanguage":"it-IT","potentialAction":[{"@type":"ReadAction","target":["https:\/\/sushihiroba.co.uk\/it\/siti-di-incontri-nerd\/"]}]},{"@type":"BreadcrumbList","@id":"https:\/\/sushihiroba.co.uk\/it\/siti-di-incontri-nerd\/#breadcrumb","itemListElement":[{"@type":"ListItem","position":1,"name":"Home","item":"http:\/\/sushihiroba.co.uk\/it\/"},{"@type":"ListItem","position":2,"name":"Siti di incontri nerd"}]}]}},"_links":{"self":[{"href":"https:\/\/sushihiroba.co.uk\/it\/wp-json\/wp\/v2\/pages\/174"}],"collection":[{"href":"https:\/\/sushihiroba.co.uk\/it\/wp-json\/wp\/v2\/pages"}],"about":[{"href":"https:\/\/sushihiroba.co.uk\/it\/wp-json\/wp\/v2\/types\/page"}],"author":[{"embeddable":true,"href":"https:\/\/sushihiroba.co.uk\/it\/wp-json\/wp\/v2\/users\/1"}],"replies":[{"embeddable":true,"href":"https:\/\/sushihiroba.co.uk\/it\/wp-json\/wp\/v2\/comments?post=174"}],"version-history":[{"count":0,"href":"https:\/\/sushihiroba.co.uk\/it\/wp-json\/wp\/v2\/pages\/174\/revisions"}],"wp:attachment":[{"href":"https:\/\/sushihiroba.co.uk\/it\/wp-json\/wp\/v2\/media?parent=174"}],"curies":[{"name":"wp","href":"https:\/\/api.w.org\/{rel}","templated":true}]}}