{"id":199,"date":"2022-10-10T11:37:20","date_gmt":"2022-10-10T10:37:20","guid":{"rendered":"http:\/\/sushihiroba.co.uk\/guida-alla-ricerca-di-date-e-al-collegamento-online\/"},"modified":"2022-11-28T12:59:57","modified_gmt":"2022-11-28T12:59:57","slug":"guida-alla-ricerca-di-date-e-al-collegamento-online","status":"publish","type":"page","link":"https:\/\/sushihiroba.co.uk\/it\/","title":{"rendered":"Guida alla ricerca di date e al collegamento online"},"content":{"rendered":"<p>Ci sono molte app di appuntamenti l\u00e0 fuori, ma trovarne una che ti piace davvero usare non \u00e8 sempre facile. Potresti pensare di sapere cosa vuoi, ma una volta che inizi a chattare con le persone online, ti renderai conto che non hai davvero pensato alle cose. Fortunatamente, abbiamo fatto la maggior parte del lavoro per te.<\/p>\n<h2>Perch\u00e9 utilizzare un&#8217;app di appuntamenti?<\/h2>\n<p>Uno dei motivi per cui le app di appuntamenti sono cos\u00ec popolari \u00e8 perch\u00e9 ci consentono di connetterci <a href=\"https:\/\/www.pornchatsites.net\/it\/\">chat porn gratis<\/a> con le persone in base ai nostri interessi, cosa che non \u00e8 sempre possibile di persona. Un&#8217;altra cosa che rende grandi le app di appuntamenti \u00e8 che ci danno il controllo su quante informazioni vogliamo divulgare su noi stessi. Non c&#8217;\u00e8 pressione per rivelare troppo su te stesso o sulla tua vita, e questo ci d\u00e0 la libert\u00e0 di aprirci davvero.<\/p>\n<p>Un altro vantaggio delle app di appuntamenti \u00e8 che ci aiutano a eliminare i ragazzi di pesce. Sappiamo cosa cerchiamo in un partner e di solito possiamo dire in pochi secondi se qualcuno \u00e8 legittimo o meno. Inoltre, molti siti di incontri offrono filtri come posizione, fascia d&#8217;et\u00e0, religione, etnia, ecc., In modo da poter restringere rapidamente il campo. Inoltre, le app di appuntamenti sono convenienti. Ci permettono di chattare con le persone senza doverci impegnare in nulla. Questo ci consente di testare le acque e scoprire se saremmo compatibili prima di impegnarci in una data completa.<\/p>\n<p>Ci sono molti diversi tipi di persone che cercano l&#8217;amore online. Alcuni vogliono incontrare qualcuno di persona; altri vogliono solo chattare. E alcuni non si preoccupano affatto di incontrare nessuno. Quindi, cosa rende un&#8217;app di appuntamenti migliore di un&#8217;altra? Abbiamo usato i nostri dispositivi per testare ogni app e abbiamo scoperto che mentre ci sono molte opzioni, alcune si distinguono sopra le altre. Ecco le cinque migliori app di appuntamenti che puoi usare in questo momento.<\/p>\n<h2>Le nostre migliori recensioni &#8211; Qual \u00e8 la tua scelta migliore?<\/h2>\n<p>Stai cercando l&#8217;amore o solo un po &#8216;di divertimento? Ci sono molte app di <a href=\"http:\/\/www.free-sex-games-online.net\/it\/giochi-porno-vr\/\">pornovr<\/a> l\u00e0 fuori, ma quali si distinguono davvero dalla massa?<\/p>\n<p>Ora ci sono oltre 100 milioni di membri in tutto il mondo che utilizzano app di appuntamenti. Alcuni di questi includono Tinder, Bumble, Happn, OkCupid, Grindr e PlentyOfFish.<\/p>\n<p>Alcune di queste app sono gratuite, mentre altre richiedono il pagamento. A voi la scelta.<\/p>\n<h3>eHarmony<\/h3>\n<p>eHarmony \u00e8 una delle numerose app di appuntamenti online che si concentrano esclusivamente sulla ricerca dell&#8217;amore nella tua fascia d&#8217;et\u00e0. A differenza di altri siti come Match.com o OkCupid, eHarmony si concentra sull&#8217;aiutarti a trovare una relazione duratura. eHarmony \u00e8 perfetto per chi cerca una connessione seria.<\/p>\n<p>Esistono molti tipi diversi di persone che utilizzano eHarmony. Ad esempio, alcune persone sono alla ricerca di un&#8217;avventura casuale mentre altri preferiscono uscire con qualcuno con valori simili. Altre persone sono alla ricerca di una relazione impegnata, mentre altre ancora vogliono solo incontrare nuove persone.<\/p>\n<p>Oltre a essere in grado di filtrare le potenziali date in base al tipo di relazione che stanno cercando <a href=\"http:\/\/www.online-sex-games-no-credit-card.com\/it\/\">gioco sesso online<\/a>, eHarmony ti aiuta a restringere le opzioni in base ai tratti della personalit\u00e0. Dopo aver compilato un ampio questionario, il sito genera un report dettagliato che elenca le tue caratteristiche. Queste informazioni ti consentono di vedere quanto sei compatibile con un&#8217;altra persona. \u00c8 quindi possibile scegliere se continuare o meno a comunicare con l&#8217;individuo.<\/p>\n<h3>  Cardine<\/h3>\n<p>Hinge \u00e8 una di quelle app che sembra essere stata progettata specificamente per gli appuntamenti. L&#8217;app utilizza l&#8217;intelligenza artificiale per aiutarti a trovare persone in base a interessi e punti in comune condivisi. Ma anche se \u00e8 gratuito, Hinge offre funzionalit\u00e0 a pagamento che ti consentono di scorrere pi\u00f9 velocemente e vedere meno profili al giorno.<\/p>\n<p>L&#8217;app ti offre tre diversi modi per interagire con potenziali date: scorri verso destra, scorri verso sinistra e Mi piace \/ Non mi piace. Se vuoi far accadere una partita, devi scegliere attivamente ci\u00f2 che vuoi dire. Puoi scrivere qualcosa o usare risposte prescritte.<\/p>\n<p>Se decidi di digitare qualcosa, puoi selezionare cinque argomenti da discutere con il tuo appuntamento. Questi includono cose come viaggi, cibo, libri, film, musica e sport. Dopo aver scelto l&#8217;argomento, puoi aggiungere alcune parole chiave per restringere la ricerca. Ad esempio, potrei cercare persone interessate a viaggiare a New York City. Quindi posso limitare la mia ricerca a persone entro 50 miglia da Manhattan. Non ci sono limiti su dove vivi, ma non puoi limitare le tue ricerche a determinati stati o paesi.<\/p>\n<p>Puoi anche filtrare le tue corrispondenze per et\u00e0, sesso, stato della relazione <a href=\"http:\/\/www.free-sex-games-no-credit-card.com\/it\/giochi-porno-gratis-nessuna-iscrizione\/\">giochi porno senza iscrizione<\/a> e posizione. Ci\u00f2 rende molto pi\u00f9 facile trovare partner compatibili.<\/p>\n<h3>  Esca<\/h3>\n<p>Tinder \u00e8 l&#8217;app di appuntamenti pi\u00f9 popolare tra i millennial. E mentre molti giovani adulti sono pronti a respingere l&#8217;app come un modo per incontrare estranei per sesso occasionale, ci sono in realt\u00e0 alcuni motivi legittimi per cui potrebbe valere la pena dare un&#8217;occhiata.<\/p>\n<p>L&#8217;app \u00e8 molto semplice da usare ed \u00e8 gratuita. Basta scorrere verso sinistra o destra sui profili in base al fatto che ti piaccia o meno la persona. Se vi piacete l&#8217;un l&#8217;altro, vedrete le informazioni del profilo l&#8217;uno dell&#8217;altro, incluso dove lavorano, quali sono i loro hobby e persino le loro band preferite.<\/p>\n<p>Ma poich\u00e9 Tinder non \u00e8 davvero progettato per relazioni a lungo termine, \u00e8 pi\u00f9 adatto per incontrarsi con gli amici e divertirsi. Tuttavia, \u00e8 possibile trovare un partner anche qui.<\/p>\n<h3>Bumble<\/h3>\n<p>Se stai cercando un&#8217;app di appuntamenti in cui gli uomini sono costretti a fare la prima mossa, non guardare oltre Bumble. L&#8217;app di appuntamenti, lanciata nel 2013, \u00e8 essenzialmente Tinder per le donne. Se i ragazzi non le inviano messaggi entro 24 ore, viene abbinata a un altro uomo. E se non risponde entro 24 ore, perder\u00e0 l&#8217;occasione.<\/p>\n<p>L&#8217;idea alla base dell&#8217;app \u00e8 semplice: incoraggia le donne ad avviare il contatto e d\u00e0 agli uomini meno controllo sul processo. Ma ci\u00f2 che rende Bumble unico \u00e8 il modo in cui costringe gli uomini ad aspettare mentre le donne decidono se vogliono o meno parlare con lui.<\/p>\n<p>Dopo il lancio nel 2013, Bumble \u00e8 diventato rapidamente popolare tra i giovani adulti. In effetti, l&#8217;app vanta quasi 20 milioni di utenti attivi mensilmente, rendendola la seconda applicazione di appuntamenti pi\u00f9 utilizzata al mondo.<\/p>\n<h3>Il caff\u00e8 incontra il bagel<\/h3>\n<p>La pi\u00f9 recente app di appuntamenti per colpire il mercato si chiama Coffee Meets Bagel. Mentre ci sono molte opzioni l\u00e0 fuori, Coffee Meets Bagle porta le cose in una direzione diversa. Invece di far scorrere gli utenti verso sinistra o destra, utilizza un metodo diverso in cui entrambe le parti devono approvarsi a vicenda prima che si verifichi una partita.<\/p>\n<p>Anche se questo suona benissimo in teoria, significa che sei limitato a chattare con le persone entro sette giorni. Ci\u00f2 potrebbe portare ad alcune conversazioni imbarazzanti mentre cerchi di trovare qualcuno che condivida i tuoi interessi.<\/p>\n<p>Oltre alla finestra di sette giorni, la sezione del profilo di Coffee Meets Bagles non \u00e8 esattamente quella che chiameresti approfondita. Non c&#8217;\u00e8 modo di vedere quanti Mi piace ha ricevuto una persona o quali sono i suoi film o programmi TV preferiti. Ma la buona notizia \u00e8 che il sito fornisce ampie informazioni sulle potenziali corrispondenze. Imparerai tutto, dal fatto che siano stati single o abbiano preso parte a relazioni online alla loro fascia d&#8217;et\u00e0.<\/p>\n<h3>Considerazioni finali<\/h3>\n<p>In conclusione, se stai cercando un buon sito di incontri online con un ampio database, Tinder \u00e8 la scelta migliore. Il sito Web offre una vasta gamma di funzionalit\u00e0 come chat room, chat video webcam, e-mail, messaggistica istantanea, forum, blog, ecc. Se stai cercando un sito di incontri gratuito o un sito di incontri a pagamento, puoi provare entrambi i siti. Troverai molte persone che vogliono collegarsi e farsi sdraiare.<\/p>\n<p>Seguendo i nostri consigli, speriamo che tu trovi ci\u00f2 di cui hai bisogno e goda di una sana esperienza di appuntamenti.<\/p>\n","protected":false},"excerpt":{"rendered":"<p>Ci sono molte app di appuntamenti l\u00e0 fuori, ma trovarne una che ti piace davvero usare non \u00e8 sempre facile.&hellip;<\/p>\n","protected":false},"author":1,"featured_media":121,"parent":0,"menu_order":0,"comment_status":"closed","ping_status":"closed","template":"","meta":[],"yoast_head":"<!-- This site is optimized with the Yoast SEO plugin v17.7.1 - https:\/\/yoast.com\/wordpress\/plugins\/seo\/ -->\n<title>Guida alla ricerca di date e al collegamento online - Online Dating Roba<\/title>\n<meta name=\"robots\" content=\"index, follow, max-snippet:-1, max-image-preview:large, max-video-preview:-1\" \/>\n<link rel=\"canonical\" href=\"https:\/\/sushihiroba.co.uk\/it\/\" \/>\n<meta property=\"og:locale\" content=\"it_IT\" \/>\n<meta property=\"og:type\" content=\"article\" \/>\n<meta property=\"og:title\" content=\"Guida alla ricerca di date e al collegamento online - Online Dating Roba\" \/>\n<meta property=\"og:description\" content=\"Ci sono molte app di appuntamenti l\u00e0 fuori, ma trovarne una che ti piace davvero usare non \u00e8 sempre facile.&hellip;\" \/>\n<meta property=\"og:url\" content=\"https:\/\/sushihiroba.co.uk\/it\/\" \/>\n<meta property=\"og:site_name\" content=\"Online Dating Roba\" \/>\n<meta property=\"article:modified_time\" content=\"2022-11-28T12:59:57+00:00\" \/>\n<meta property=\"og:image\" content=\"https:\/\/sushihiroba.co.uk\/wp-content\/uploads\/2022\/10\/local-dating-apps-for-singles.jpeg\" \/>\n\t<meta property=\"og:image:width\" content=\"500\" \/>\n\t<meta property=\"og:image:height\" content=\"333\" \/>\n<meta name=\"twitter:card\" content=\"summary_large_image\" \/>\n<meta name=\"twitter:label1\" content=\"Tempo di lettura stimato\" \/>\n\t<meta name=\"twitter:data1\" content=\"6 minuti\" \/>\n<script type=\"application\/ld+json\" class=\"yoast-schema-graph\">{\"@context\":\"https:\/\/schema.org\",\"@graph\":[{\"@type\":\"WebSite\",\"@id\":\"https:\/\/sushihiroba.co.uk\/it\/#website\",\"url\":\"https:\/\/sushihiroba.co.uk\/it\/\",\"name\":\"Online Dating Roba\",\"description\":\"Guide To Find Love\",\"potentialAction\":[{\"@type\":\"SearchAction\",\"target\":{\"@type\":\"EntryPoint\",\"urlTemplate\":\"https:\/\/sushihiroba.co.uk\/it\/?s={search_term_string}\"},\"query-input\":\"required name=search_term_string\"}],\"inLanguage\":\"it-IT\"},{\"@type\":\"ImageObject\",\"@id\":\"https:\/\/sushihiroba.co.uk\/it\/#primaryimage\",\"inLanguage\":\"it-IT\",\"url\":\"https:\/\/sushihiroba.co.uk\/wp-content\/uploads\/2022\/10\/local-dating-apps-for-singles.jpeg\",\"contentUrl\":\"https:\/\/sushihiroba.co.uk\/wp-content\/uploads\/2022\/10\/local-dating-apps-for-singles.jpeg\",\"width\":500,\"height\":333},{\"@type\":\"WebPage\",\"@id\":\"https:\/\/sushihiroba.co.uk\/it\/#webpage\",\"url\":\"https:\/\/sushihiroba.co.uk\/it\/\",\"name\":\"Guida alla ricerca di date e al collegamento online - Online Dating Roba\",\"isPartOf\":{\"@id\":\"https:\/\/sushihiroba.co.uk\/it\/#website\"},\"primaryImageOfPage\":{\"@id\":\"https:\/\/sushihiroba.co.uk\/it\/#primaryimage\"},\"datePublished\":\"2022-10-10T10:37:20+00:00\",\"dateModified\":\"2022-11-28T12:59:57+00:00\",\"breadcrumb\":{\"@id\":\"https:\/\/sushihiroba.co.uk\/it\/#breadcrumb\"},\"inLanguage\":\"it-IT\",\"potentialAction\":[{\"@type\":\"ReadAction\",\"target\":[\"https:\/\/sushihiroba.co.uk\/it\/\"]}]},{\"@type\":\"BreadcrumbList\",\"@id\":\"https:\/\/sushihiroba.co.uk\/it\/#breadcrumb\",\"itemListElement\":[{\"@type\":\"ListItem\",\"position\":1,\"name\":\"Home\",\"item\":\"https:\/\/sushihiroba.co.uk\/it\/\"},{\"@type\":\"ListItem\",\"position\":2,\"name\":\"Guida alla ricerca di date e al collegamento online\"}]}]}<\/script>\n<!-- \/ Yoast SEO plugin. -->","yoast_head_json":{"title":"Guida alla ricerca di date e al collegamento online - Online Dating Roba","robots":{"index":"index","follow":"follow","max-snippet":"max-snippet:-1","max-image-preview":"max-image-preview:large","max-video-preview":"max-video-preview:-1"},"canonical":"https:\/\/sushihiroba.co.uk\/it\/","og_locale":"it_IT","og_type":"article","og_title":"Guida alla ricerca di date e al collegamento online - Online Dating Roba","og_description":"Ci sono molte app di appuntamenti l\u00e0 fuori, ma trovarne una che ti piace davvero usare non \u00e8 sempre facile.&hellip;","og_url":"https:\/\/sushihiroba.co.uk\/it\/","og_site_name":"Online Dating Roba","article_modified_time":"2022-11-28T12:59:57+00:00","og_image":[{"width":500,"height":333,"url":"https:\/\/sushihiroba.co.uk\/wp-content\/uploads\/2022\/10\/local-dating-apps-for-singles.jpeg","type":"image\/jpeg"}],"twitter_card":"summary_large_image","twitter_misc":{"Tempo di lettura stimato":"6 minuti"},"schema":{"@context":"https:\/\/schema.org","@graph":[{"@type":"WebSite","@id":"https:\/\/sushihiroba.co.uk\/it\/#website","url":"https:\/\/sushihiroba.co.uk\/it\/","name":"Online Dating Roba","description":"Guide To Find Love","potentialAction":[{"@type":"SearchAction","target":{"@type":"EntryPoint","urlTemplate":"https:\/\/sushihiroba.co.uk\/it\/?s={search_term_string}"},"query-input":"required name=search_term_string"}],"inLanguage":"it-IT"},{"@type":"ImageObject","@id":"https:\/\/sushihiroba.co.uk\/it\/#primaryimage","inLanguage":"it-IT","url":"https:\/\/sushihiroba.co.uk\/wp-content\/uploads\/2022\/10\/local-dating-apps-for-singles.jpeg","contentUrl":"https:\/\/sushihiroba.co.uk\/wp-content\/uploads\/2022\/10\/local-dating-apps-for-singles.jpeg","width":500,"height":333},{"@type":"WebPage","@id":"https:\/\/sushihiroba.co.uk\/it\/#webpage","url":"https:\/\/sushihiroba.co.uk\/it\/","name":"Guida alla ricerca di date e al collegamento online - Online Dating Roba","isPartOf":{"@id":"https:\/\/sushihiroba.co.uk\/it\/#website"},"primaryImageOfPage":{"@id":"https:\/\/sushihiroba.co.uk\/it\/#primaryimage"},"datePublished":"2022-10-10T10:37:20+00:00","dateModified":"2022-11-28T12:59:57+00:00","breadcrumb":{"@id":"https:\/\/sushihiroba.co.uk\/it\/#breadcrumb"},"inLanguage":"it-IT","potentialAction":[{"@type":"ReadAction","target":["https:\/\/sushihiroba.co.uk\/it\/"]}]},{"@type":"BreadcrumbList","@id":"https:\/\/sushihiroba.co.uk\/it\/#breadcrumb","itemListElement":[{"@type":"ListItem","position":1,"name":"Home","item":"https:\/\/sushihiroba.co.uk\/it\/"},{"@type":"ListItem","position":2,"name":"Guida alla ricerca di date e al collegamento online"}]}]}},"_links":{"self":[{"href":"https:\/\/sushihiroba.co.uk\/it\/wp-json\/wp\/v2\/pages\/199"}],"collection":[{"href":"https:\/\/sushihiroba.co.uk\/it\/wp-json\/wp\/v2\/pages"}],"about":[{"href":"https:\/\/sushihiroba.co.uk\/it\/wp-json\/wp\/v2\/types\/page"}],"author":[{"embeddable":true,"href":"https:\/\/sushihiroba.co.uk\/it\/wp-json\/wp\/v2\/users\/1"}],"replies":[{"embeddable":true,"href":"https:\/\/sushihiroba.co.uk\/it\/wp-json\/wp\/v2\/comments?post=199"}],"version-history":[{"count":1,"href":"https:\/\/sushihiroba.co.uk\/it\/wp-json\/wp\/v2\/pages\/199\/revisions"}],"predecessor-version":[{"id":354,"href":"https:\/\/sushihiroba.co.uk\/it\/wp-json\/wp\/v2\/pages\/199\/revisions\/354"}],"wp:featuredmedia":[{"embeddable":true,"href":"https:\/\/sushihiroba.co.uk\/it\/wp-json\/wp\/v2\/media\/121"}],"wp:attachment":[{"href":"https:\/\/sushihiroba.co.uk\/it\/wp-json\/wp\/v2\/media?parent=199"}],"curies":[{"name":"wp","href":"https:\/\/api.w.org\/{rel}","templated":true}]}}