{"id":202,"date":"2022-10-10T12:13:28","date_gmt":"2022-10-10T11:13:28","guid":{"rendered":"http:\/\/sushihiroba.co.uk\/chat-sessuale-milf\/"},"modified":"2022-10-10T12:13:28","modified_gmt":"2022-10-10T11:13:28","slug":"chat-sessuale-milf","status":"publish","type":"page","link":"https:\/\/sushihiroba.co.uk\/it\/chat-sessuale-milf\/","title":{"rendered":"Chat sessuale MILF"},"content":{"rendered":"<p>Ci sono molti ottimi <a href=\"http:\/\/sushihiroba.co.uk\/fetish-chat-rooms\/\">siti di chat<\/a> milf gratuiti l\u00e0 fuori che possono aiutarti a connetterti con donne anziane in cerca di una fuga. Tutto quello che devi fare \u00e8 trovare un sito che ti piace, creare un profilo e iniziare a chattare. Sarai sorpreso di quanto sia facile connettersi con qualcuno di speciale. Sii te stesso e divertiti.<\/p>\n<h2>Chatta con Milfs<\/h2>\n<p>Se stai cercando di chattare con le milfs, allora ci sono alcune cose che dovresti tenere a mente. In primo luogo, sii rispettoso. Queste sono donne che in genere sono pi\u00f9 grandi di te, quindi \u00e8 importante essere un gentiluomo. Secondo, sii interessante. Fai domande, condividi storie e sii coinvolgente. Terzo, non essere invadente. Queste donne sono alla ricerca di qualcuno con cui chattare, non qualcuno con cui uscire, quindi non cercare di spingerle a nulla. Rilassati, divertiti e goditi la conversazione.<\/p>\n<h2>Parla con Milfs<\/h2>\n<p>Stavo parlando con alcune milfs l&#8217;altro giorno e stavano dicendo quanto sia difficile trovare l&#8217;amore in questi giorni. Hanno detto che sono stati single per un po &#8216;e non hanno avuto molta fortuna. Hanno detto che hanno provato gli appuntamenti online ma non ha funzionato bene per loro. Hanno detto che stanno iniziando a sentirsi come se fossero troppo vecchi per trovare l&#8217;amore. Ho detto loro che non sono mai troppo vecchi per trovare l&#8217;amore e che hanno solo bisogno di continuare a cercare. Ho detto loro che avrebbero dovuto provare ad andare ad alcuni eventi o club per single. Penso che se continuano a cercare, troveranno l&#8217;amore.<\/p>\n<p>Non c&#8217;\u00e8 niente di meglio che fare sesso con una MILF. Hanno esperienza, sanno cosa stanno facendo e non hanno paura di farsi carico. Ecco perch\u00e9 la chat sessuale MILF \u00e8 cos\u00ec popolare. \u00c8 un ottimo modo per connettersi con donne anziane che sanno cosa vogliono e non hanno paura di inseguirlo.<\/p>\n<p>Se stai cercando di entrare nella chat sessuale MILF, il miglior punto di partenza \u00e8 trovare una chat room specifica per le donne anziane. In questo modo, sarai in grado di trovare donne che sono specificamente alla ricerca di uomini pi\u00f9 giovani con cui chattare. Una volta trovata una chat room che soddisfa le tue esigenze, tutto ci\u00f2 che devi fare \u00e8 registrarti e iniziare a chattare. \u00c8 cos\u00ec semplice. Se vuoi portare le cose al livello successivo, puoi anche provare la chat video. Questo \u00e8 un ottimo modo per conoscere davvero qualcuno e vedere se c&#8217;\u00e8 una connessione sessuale. Ricorda solo di essere rispettoso e di seguire le regole e sarai sicuro di divertirti.<\/p>\n<h3>Esca<\/h3>\n<p>Tinder \u00e8 una popolare app di appuntamenti che consente agli utenti di scorrere verso destra o sinistra per indicare il loro interesse per un altro utente. Se due utenti scorrono verso destra sui rispettivi profili, sono quindi in grado di chattare e potenzialmente incontrarsi di persona.<\/p>\n<p>Tinder \u00e8 generalmente considerato un modo sicuro e semplice per incontrare persone, anche se ci sono state alcune segnalazioni di profili falsi e artisti della truffa. Nel complesso, Tinder \u00e8 un modo popolare e conveniente per incontrare nuove persone, ed \u00e8 particolarmente adatto per coloro che sono alla ricerca di un collegamento rapido o di una relazione casuale.<\/p>\n<h3>BookOfSext<\/h3>\n<p>Se stai cercando un sito di chat milf gratuito e facile da usare, BookOfSext \u00e8 un&#8217;ottima opzione. Il sito ha un design pulito e moderno ed \u00e8 facile da trovare e chattare con le milf. Ci sono anche molte funzionalit\u00e0, come la possibilit\u00e0 di inviare messaggi privati e il sito \u00e8 disponibile in pi\u00f9 lingue. Tuttavia, ci sono alcuni inconvenienti. Ad esempio, il sito non ha molti utenti e non \u00e8 disponibile in tutti i paesi.<\/p>\n<h3>Doppia Lista<\/h3>\n<p>Se stai cercando un sito di chat milf gratuito, allora dovresti assolutamente dare un&#8217;occhiata a DoubleList. Il sito ha una grande selezione di chat room e puoi persino creare la tua chat room, se lo desideri. Ci sono anche molte funzionalit\u00e0 che puoi utilizzare per rendere la tua esperienza di chat pi\u00f9 piacevole, come la possibilit\u00e0 di inviare messaggi privati o persino effettuare videochiamate. Nel complesso, DoubleList \u00e8 un ottimo sito di chat e vale sicuramente la pena dare un&#8217;occhiata se stai cercando un sito di chat milf gratuito.<\/p>\n","protected":false},"excerpt":{"rendered":"<p>Ci sono molti ottimi siti di chat milf gratuiti l\u00e0 fuori che possono aiutarti a connetterti con donne anziane in&hellip;<\/p>\n","protected":false},"author":1,"featured_media":0,"parent":0,"menu_order":0,"comment_status":"closed","ping_status":"closed","template":"","meta":[],"yoast_head":"<!-- This site is optimized with the Yoast SEO plugin v17.7.1 - https:\/\/yoast.com\/wordpress\/plugins\/seo\/ -->\n<title>Chat sessuale MILF - Online Dating Roba<\/title>\n<meta name=\"robots\" content=\"index, follow, max-snippet:-1, max-image-preview:large, max-video-preview:-1\" \/>\n<link rel=\"canonical\" href=\"https:\/\/sushihiroba.co.uk\/it\/chat-sessuale-milf\/\" \/>\n<meta property=\"og:locale\" content=\"it_IT\" \/>\n<meta property=\"og:type\" content=\"article\" \/>\n<meta property=\"og:title\" content=\"Chat sessuale MILF - Online Dating Roba\" \/>\n<meta property=\"og:description\" content=\"Ci sono molti ottimi siti di chat milf gratuiti l\u00e0 fuori che possono aiutarti a connetterti con donne anziane in&hellip;\" \/>\n<meta property=\"og:url\" content=\"https:\/\/sushihiroba.co.uk\/it\/chat-sessuale-milf\/\" \/>\n<meta property=\"og:site_name\" content=\"Online Dating Roba\" \/>\n<meta name=\"twitter:card\" content=\"summary_large_image\" \/>\n<meta name=\"twitter:label1\" content=\"Tempo di lettura stimato\" \/>\n\t<meta name=\"twitter:data1\" content=\"3 minuti\" \/>\n<script type=\"application\/ld+json\" class=\"yoast-schema-graph\">{\"@context\":\"https:\/\/schema.org\",\"@graph\":[{\"@type\":\"WebSite\",\"@id\":\"https:\/\/sushihiroba.co.uk\/it\/#website\",\"url\":\"https:\/\/sushihiroba.co.uk\/it\/\",\"name\":\"Online Dating Roba\",\"description\":\"Guide To Find Love\",\"potentialAction\":[{\"@type\":\"SearchAction\",\"target\":{\"@type\":\"EntryPoint\",\"urlTemplate\":\"https:\/\/sushihiroba.co.uk\/it\/?s={search_term_string}\"},\"query-input\":\"required name=search_term_string\"}],\"inLanguage\":\"it-IT\"},{\"@type\":\"WebPage\",\"@id\":\"https:\/\/sushihiroba.co.uk\/it\/chat-sessuale-milf\/#webpage\",\"url\":\"https:\/\/sushihiroba.co.uk\/it\/chat-sessuale-milf\/\",\"name\":\"Chat sessuale MILF - Online Dating Roba\",\"isPartOf\":{\"@id\":\"https:\/\/sushihiroba.co.uk\/it\/#website\"},\"datePublished\":\"2022-10-10T11:13:28+00:00\",\"dateModified\":\"2022-10-10T11:13:28+00:00\",\"breadcrumb\":{\"@id\":\"https:\/\/sushihiroba.co.uk\/it\/chat-sessuale-milf\/#breadcrumb\"},\"inLanguage\":\"it-IT\",\"potentialAction\":[{\"@type\":\"ReadAction\",\"target\":[\"https:\/\/sushihiroba.co.uk\/it\/chat-sessuale-milf\/\"]}]},{\"@type\":\"BreadcrumbList\",\"@id\":\"https:\/\/sushihiroba.co.uk\/it\/chat-sessuale-milf\/#breadcrumb\",\"itemListElement\":[{\"@type\":\"ListItem\",\"position\":1,\"name\":\"Home\",\"item\":\"http:\/\/sushihiroba.co.uk\/it\/\"},{\"@type\":\"ListItem\",\"position\":2,\"name\":\"Chat sessuale MILF\"}]}]}<\/script>\n<!-- \/ Yoast SEO plugin. -->","yoast_head_json":{"title":"Chat sessuale MILF - Online Dating Roba","robots":{"index":"index","follow":"follow","max-snippet":"max-snippet:-1","max-image-preview":"max-image-preview:large","max-video-preview":"max-video-preview:-1"},"canonical":"https:\/\/sushihiroba.co.uk\/it\/chat-sessuale-milf\/","og_locale":"it_IT","og_type":"article","og_title":"Chat sessuale MILF - Online Dating Roba","og_description":"Ci sono molti ottimi siti di chat milf gratuiti l\u00e0 fuori che possono aiutarti a connetterti con donne anziane in&hellip;","og_url":"https:\/\/sushihiroba.co.uk\/it\/chat-sessuale-milf\/","og_site_name":"Online Dating Roba","twitter_card":"summary_large_image","twitter_misc":{"Tempo di lettura stimato":"3 minuti"},"schema":{"@context":"https:\/\/schema.org","@graph":[{"@type":"WebSite","@id":"https:\/\/sushihiroba.co.uk\/it\/#website","url":"https:\/\/sushihiroba.co.uk\/it\/","name":"Online Dating Roba","description":"Guide To Find Love","potentialAction":[{"@type":"SearchAction","target":{"@type":"EntryPoint","urlTemplate":"https:\/\/sushihiroba.co.uk\/it\/?s={search_term_string}"},"query-input":"required name=search_term_string"}],"inLanguage":"it-IT"},{"@type":"WebPage","@id":"https:\/\/sushihiroba.co.uk\/it\/chat-sessuale-milf\/#webpage","url":"https:\/\/sushihiroba.co.uk\/it\/chat-sessuale-milf\/","name":"Chat sessuale MILF - Online Dating Roba","isPartOf":{"@id":"https:\/\/sushihiroba.co.uk\/it\/#website"},"datePublished":"2022-10-10T11:13:28+00:00","dateModified":"2022-10-10T11:13:28+00:00","breadcrumb":{"@id":"https:\/\/sushihiroba.co.uk\/it\/chat-sessuale-milf\/#breadcrumb"},"inLanguage":"it-IT","potentialAction":[{"@type":"ReadAction","target":["https:\/\/sushihiroba.co.uk\/it\/chat-sessuale-milf\/"]}]},{"@type":"BreadcrumbList","@id":"https:\/\/sushihiroba.co.uk\/it\/chat-sessuale-milf\/#breadcrumb","itemListElement":[{"@type":"ListItem","position":1,"name":"Home","item":"http:\/\/sushihiroba.co.uk\/it\/"},{"@type":"ListItem","position":2,"name":"Chat sessuale MILF"}]}]}},"_links":{"self":[{"href":"https:\/\/sushihiroba.co.uk\/it\/wp-json\/wp\/v2\/pages\/202"}],"collection":[{"href":"https:\/\/sushihiroba.co.uk\/it\/wp-json\/wp\/v2\/pages"}],"about":[{"href":"https:\/\/sushihiroba.co.uk\/it\/wp-json\/wp\/v2\/types\/page"}],"author":[{"embeddable":true,"href":"https:\/\/sushihiroba.co.uk\/it\/wp-json\/wp\/v2\/users\/1"}],"replies":[{"embeddable":true,"href":"https:\/\/sushihiroba.co.uk\/it\/wp-json\/wp\/v2\/comments?post=202"}],"version-history":[{"count":0,"href":"https:\/\/sushihiroba.co.uk\/it\/wp-json\/wp\/v2\/pages\/202\/revisions"}],"wp:attachment":[{"href":"https:\/\/sushihiroba.co.uk\/it\/wp-json\/wp\/v2\/media?parent=202"}],"curies":[{"name":"wp","href":"https:\/\/api.w.org\/{rel}","templated":true}]}}