{"id":135,"date":"2022-10-10T12:13:54","date_gmt":"2022-10-10T11:13:54","guid":{"rendered":"http:\/\/sushihiroba.co.uk\/lokalne-strony-swinger\/"},"modified":"2022-10-10T12:13:54","modified_gmt":"2022-10-10T11:13:54","slug":"lokalne-strony-swinger","status":"publish","type":"page","link":"https:\/\/sushihiroba.co.uk\/pl\/lokalne-strony-swinger\/","title":{"rendered":"Lokalne strony Swinger"},"content":{"rendered":"<p>Istnieje mn\u00f3stwo lokalnych stron swingerskich, kt\u00f3rych mo\u017cesz u\u017cy\u0107, aby po\u0142\u0105czy\u0107 si\u0119 z innymi parami w Twojej okolicy. To \u015bwietny spos\u00f3b na poznanie nowych ludzi i poznanie ich na bardziej intymnym poziomie. Na tych stronach mo\u017cna r\u00f3wnie\u017c znale\u017a\u0107 wiele informacji na temat lokalnej sceny swingers\u00f3w i wydarze\u0144 w Twojej okolicy.<\/p>\n<h2>Swinger Sites<\/h2>\n<p>Istnieje kilka r\u00f3\u017cnych rodzaj\u00f3w witryn swinger\u00f3w. Niekt\u00f3re koncentruj\u0105 si\u0119 na \u0142\u0105czeniu swingers\u00f3w w okre\u015blonym obszarze, aby mogli si\u0119 spotka\u0107. Inne s\u0105 bardziej podobne do serwis\u00f3w spo\u0142eczno\u015bciowych, w kt\u00f3rych ludzie mog\u0105 dzieli\u0107 si\u0119 swoimi zainteresowaniami i \u0142\u0105czy\u0107 si\u0119 z podobnie my\u015bl\u0105cymi lud\u017ami. Jeszcze inni s\u0105 bardziej nastawieni na randki i mo\u017cesz znale\u017a\u0107 ludzi, kt\u00f3rzy s\u0105 zainteresowani tymi samymi rzeczami, co ty.<\/p>\n<p>Je\u015bli jeste\u015b zainteresowany odkrywaniem stylu \u017cycia swingers\u00f3w, istnieje kilka r\u00f3\u017cnych sposob\u00f3w, aby to zrobi\u0107. Mo\u017cesz sprawdzi\u0107 niekt\u00f3re z r\u00f3\u017cnych stron swinger\u00f3w, aby zobaczy\u0107, kt\u00f3ry z nich jest odpowiedni dla Ciebie. Mo\u017cesz tak\u017ce zajrze\u0107 do lokalnych wydarze\u0144 lub spotka\u0144, kt\u00f3re mog\u0105 mie\u0107 miejsce w Twojej okolicy. Lub zawsze mo\u017cesz po prostu zanurzy\u0107 si\u0119 i p\u00f3j\u015b\u0107 na imprez\u0119 swingers\u00f3w lub klub. Niezale\u017cnie od tego, kt\u00f3r\u0105 tras\u0119 wybierzesz, pami\u0119taj tylko, aby by\u0107 pe\u0142nym szacunku i dobrze si\u0119 bawi\u0107!<\/p>\n<h2>Swingers Hookups<\/h2>\n<p>W \u015bwiecie randek online du\u017cy nacisk k\u0142adzie si\u0119 na <a href=\"http:\/\/sushihiroba.co.uk\/pl\/strony-internetowe-friends-with-benefits\/\">pod\u0142\u0105czenia i kr\u00f3tkoterminowe flirty<\/a>. Ale je\u015bli szukasz czego\u015b bardziej d\u0142ugoterminowego, istnieje rosn\u0105cy trend ludzi szukaj\u0105cych swingers\u00f3w.<\/p>\n<p>W tym miejscu dwoje ludzi, kt\u00f3rzy s\u0105 ju\u017c w zwi\u0105zku, otwiera sw\u00f3j zwi\u0105zek, aby w\u0142\u0105czy\u0107 innych partner\u00f3w seksualnych. Mo\u017ce to by\u0107 \u015bwietny spos\u00f3b na urozmaicenie \u017cycia seksualnego i urozmaicenie.<\/p>\n<p>Je\u015bli jeste\u015b zainteresowany poznaniem tej opcji, musisz pami\u0119ta\u0107 o kilku rzeczach. Po pierwsze, musisz by\u0107 szczery ze swoim partnerem na temat tego, czego szukasz. Po drugie, musisz szanowa\u0107 granice innych ludzi. I wreszcie, musisz by\u0107 bezpieczny i korzysta\u0107 z ochrony.<\/p>\n<p>Je\u015bli potrafisz robi\u0107 wszystkie te rzeczy, to jeste\u015b na dobrej drodze do znalezienia mi\u0142o\u015bci w \u015bwiecie swingers\u00f3w.<\/p>\n<h2>Serwisy randkowe Swinger<\/h2>\n<p>Istnieje kilka r\u00f3\u017cnych rodzaj\u00f3w serwis\u00f3w randkowych swinger\u00f3w. Najpopularniejsze z nich to prawdopodobnie og\u00f3lne serwisy randkowe, kt\u00f3re zaspokajaj\u0105 potrzeby swingers\u00f3w. Strony te zazwyczaj maj\u0105 wielu cz\u0142onk\u00f3w i s\u0105 do\u015b\u0107 popularne. Zazwyczaj maj\u0105 wiele funkcji i pozwalaj\u0105 wyszukiwa\u0107 innych swingers\u00f3w w Twojej okolicy.<\/p>\n<p>Innym rodzajem serwisu randkowego swinger\u00f3w jest serwis randkowy o stylu \u017cycia. Strony te s\u0105 specjalnie ukierunkowane na swingers\u00f3w i cz\u0119sto maj\u0105 wiele funkcji, kt\u00f3re zaspokajaj\u0105 styl \u017cycia. Zwykle maj\u0105 wielu cz\u0142onk\u00f3w i s\u0105 do\u015b\u0107 popularne.<\/p>\n<p>Ostatnim typem serwisu randkowego dla swinger\u00f3w jest serwis randkowy dla doros\u0142ych. Strony te s\u0105 skierowane do doros\u0142ych, kt\u00f3rzy s\u0105 zainteresowani nawi\u0105zaniem kontaktu z innymi doros\u0142ymi. Zwykle maj\u0105 wielu cz\u0142onk\u00f3w i s\u0105 do\u015b\u0107 popularne.<\/p>\n<h3>DateYou<\/h3>\n<p>Je\u015bli szukasz nowej aplikacji randkowej zaprojektowanej specjalnie dla par swingers\u00f3w, sprawd\u017a DateYou. Ta aplikacja zosta\u0142a zaprojektowana, aby pom\u00f3c parom po\u0142\u0105czy\u0107 si\u0119 z innymi parami w ich okolicy w celu zabawy i przyja\u017ani. Aplikacja jest \u0142atwa w u\u017cyciu i ma wiele wspania\u0142ych funkcji, takich jak system przesy\u0142ania wiadomo\u015bci i spos\u00f3b udost\u0119pniania zdj\u0119\u0107 i film\u00f3w. Aplikacja ma r\u00f3wnie\u017c wbudowan\u0105 funkcj\u0119 wyszukiwania, dzi\u0119ki czemu mo\u017cesz znale\u017a\u0107 inne pary w Twojej okolicy, kt\u00f3re szukaj\u0105 kogo\u015b, z kim mo\u017cesz si\u0119 hu\u015bta\u0107. Og\u00f3lnie rzecz bior\u0105c, uwa\u017camy, \u017ce DateYou jest \u015bwietn\u0105 opcj\u0105 dla par, kt\u00f3re szukaj\u0105 nowego sposobu na poznanie innych par.<\/p>\n<h3>Fling.com<\/h3>\n<p>Fling.com to lokalna strona swingers\u00f3w, kt\u00f3ra istnieje ju\u017c od jakiego\u015b czasu. Strona jest \u0142atwa w u\u017cyciu i ma wielu cz\u0142onk\u00f3w. Strona jest r\u00f3wnie\u017c doskona\u0142ym miejscem do znalezienia lokalnych swingers\u00f3w. Strona ma wiele funkcji i jest doskona\u0142ym miejscem do znalezienia lokalnych swingers\u00f3w.<\/p>\n<h3>BBWCupid<\/h3>\n<p>BBWCupid to aplikacja randkowa zaprojektowana specjalnie dla singli BBW i ich wielbicieli. Aplikacja jest dost\u0119pna za darmo w App Store i Google Play i ma 4-gwiazdkow\u0105 ocen\u0119 na obu platformach. Aplikacja jest \u0142atwa w u\u017cyciu i ma przejrzysty interfejs. Ma r\u00f3wnie\u017c wiele funkcji, kt\u00f3re maj\u0105 na celu pomoc w znalezieniu dopasowania, w tym funkcj\u0119 wyszukiwania, list\u0119 &#8222;ulubionych&#8221; i system przesy\u0142ania wiadomo\u015bci. Jedynym minusem aplikacji jest to, \u017ce nie ma bardzo du\u017cej bazy u\u017cytkownik\u00f3w, wi\u0119c mo\u017cesz mie\u0107 problemy ze znalezieniem dopasowa\u0144 w swojej okolicy.<\/p>\n","protected":false},"excerpt":{"rendered":"<p>Istnieje mn\u00f3stwo lokalnych stron swingerskich, kt\u00f3rych mo\u017cesz u\u017cy\u0107, aby po\u0142\u0105czy\u0107 si\u0119 z innymi parami w Twojej okolicy. To \u015bwietny spos\u00f3b&hellip;<\/p>\n","protected":false},"author":1,"featured_media":0,"parent":0,"menu_order":0,"comment_status":"closed","ping_status":"closed","template":"","meta":[],"yoast_head":"<!-- This site is optimized with the Yoast SEO plugin v17.7.1 - https:\/\/yoast.com\/wordpress\/plugins\/seo\/ -->\n<title>Lokalne strony Swinger - Online Dating Roba<\/title>\n<meta name=\"robots\" content=\"index, follow, max-snippet:-1, max-image-preview:large, max-video-preview:-1\" \/>\n<link rel=\"canonical\" href=\"https:\/\/sushihiroba.co.uk\/pl\/lokalne-strony-swinger\/\" \/>\n<meta property=\"og:locale\" content=\"pl_PL\" \/>\n<meta property=\"og:type\" content=\"article\" \/>\n<meta property=\"og:title\" content=\"Lokalne strony Swinger - Online Dating Roba\" \/>\n<meta property=\"og:description\" content=\"Istnieje mn\u00f3stwo lokalnych stron swingerskich, kt\u00f3rych mo\u017cesz u\u017cy\u0107, aby po\u0142\u0105czy\u0107 si\u0119 z innymi parami w Twojej okolicy. To \u015bwietny spos\u00f3b&hellip;\" \/>\n<meta property=\"og:url\" content=\"https:\/\/sushihiroba.co.uk\/pl\/lokalne-strony-swinger\/\" \/>\n<meta property=\"og:site_name\" content=\"Online Dating Roba\" \/>\n<meta name=\"twitter:card\" content=\"summary_large_image\" \/>\n<meta name=\"twitter:label1\" content=\"Szacowany czas czytania\" \/>\n\t<meta name=\"twitter:data1\" content=\"4 minuty\" \/>\n<script type=\"application\/ld+json\" class=\"yoast-schema-graph\">{\"@context\":\"https:\/\/schema.org\",\"@graph\":[{\"@type\":\"WebSite\",\"@id\":\"https:\/\/sushihiroba.co.uk\/pl\/#website\",\"url\":\"https:\/\/sushihiroba.co.uk\/pl\/\",\"name\":\"Online Dating Roba\",\"description\":\"Guide To Find Love\",\"potentialAction\":[{\"@type\":\"SearchAction\",\"target\":{\"@type\":\"EntryPoint\",\"urlTemplate\":\"https:\/\/sushihiroba.co.uk\/pl\/?s={search_term_string}\"},\"query-input\":\"required name=search_term_string\"}],\"inLanguage\":\"pl-PL\"},{\"@type\":\"WebPage\",\"@id\":\"https:\/\/sushihiroba.co.uk\/pl\/lokalne-strony-swinger\/#webpage\",\"url\":\"https:\/\/sushihiroba.co.uk\/pl\/lokalne-strony-swinger\/\",\"name\":\"Lokalne strony Swinger - Online Dating Roba\",\"isPartOf\":{\"@id\":\"https:\/\/sushihiroba.co.uk\/pl\/#website\"},\"datePublished\":\"2022-10-10T11:13:54+00:00\",\"dateModified\":\"2022-10-10T11:13:54+00:00\",\"breadcrumb\":{\"@id\":\"https:\/\/sushihiroba.co.uk\/pl\/lokalne-strony-swinger\/#breadcrumb\"},\"inLanguage\":\"pl-PL\",\"potentialAction\":[{\"@type\":\"ReadAction\",\"target\":[\"https:\/\/sushihiroba.co.uk\/pl\/lokalne-strony-swinger\/\"]}]},{\"@type\":\"BreadcrumbList\",\"@id\":\"https:\/\/sushihiroba.co.uk\/pl\/lokalne-strony-swinger\/#breadcrumb\",\"itemListElement\":[{\"@type\":\"ListItem\",\"position\":1,\"name\":\"Home\",\"item\":\"http:\/\/sushihiroba.co.uk\/pl\/\"},{\"@type\":\"ListItem\",\"position\":2,\"name\":\"Lokalne strony Swinger\"}]}]}<\/script>\n<!-- \/ Yoast SEO plugin. -->","yoast_head_json":{"title":"Lokalne strony Swinger - Online Dating Roba","robots":{"index":"index","follow":"follow","max-snippet":"max-snippet:-1","max-image-preview":"max-image-preview:large","max-video-preview":"max-video-preview:-1"},"canonical":"https:\/\/sushihiroba.co.uk\/pl\/lokalne-strony-swinger\/","og_locale":"pl_PL","og_type":"article","og_title":"Lokalne strony Swinger - Online Dating Roba","og_description":"Istnieje mn\u00f3stwo lokalnych stron swingerskich, kt\u00f3rych mo\u017cesz u\u017cy\u0107, aby po\u0142\u0105czy\u0107 si\u0119 z innymi parami w Twojej okolicy. To \u015bwietny spos\u00f3b&hellip;","og_url":"https:\/\/sushihiroba.co.uk\/pl\/lokalne-strony-swinger\/","og_site_name":"Online Dating Roba","twitter_card":"summary_large_image","twitter_misc":{"Szacowany czas czytania":"4 minuty"},"schema":{"@context":"https:\/\/schema.org","@graph":[{"@type":"WebSite","@id":"https:\/\/sushihiroba.co.uk\/pl\/#website","url":"https:\/\/sushihiroba.co.uk\/pl\/","name":"Online Dating Roba","description":"Guide To Find Love","potentialAction":[{"@type":"SearchAction","target":{"@type":"EntryPoint","urlTemplate":"https:\/\/sushihiroba.co.uk\/pl\/?s={search_term_string}"},"query-input":"required name=search_term_string"}],"inLanguage":"pl-PL"},{"@type":"WebPage","@id":"https:\/\/sushihiroba.co.uk\/pl\/lokalne-strony-swinger\/#webpage","url":"https:\/\/sushihiroba.co.uk\/pl\/lokalne-strony-swinger\/","name":"Lokalne strony Swinger - Online Dating Roba","isPartOf":{"@id":"https:\/\/sushihiroba.co.uk\/pl\/#website"},"datePublished":"2022-10-10T11:13:54+00:00","dateModified":"2022-10-10T11:13:54+00:00","breadcrumb":{"@id":"https:\/\/sushihiroba.co.uk\/pl\/lokalne-strony-swinger\/#breadcrumb"},"inLanguage":"pl-PL","potentialAction":[{"@type":"ReadAction","target":["https:\/\/sushihiroba.co.uk\/pl\/lokalne-strony-swinger\/"]}]},{"@type":"BreadcrumbList","@id":"https:\/\/sushihiroba.co.uk\/pl\/lokalne-strony-swinger\/#breadcrumb","itemListElement":[{"@type":"ListItem","position":1,"name":"Home","item":"http:\/\/sushihiroba.co.uk\/pl\/"},{"@type":"ListItem","position":2,"name":"Lokalne strony Swinger"}]}]}},"_links":{"self":[{"href":"https:\/\/sushihiroba.co.uk\/pl\/wp-json\/wp\/v2\/pages\/135"}],"collection":[{"href":"https:\/\/sushihiroba.co.uk\/pl\/wp-json\/wp\/v2\/pages"}],"about":[{"href":"https:\/\/sushihiroba.co.uk\/pl\/wp-json\/wp\/v2\/types\/page"}],"author":[{"embeddable":true,"href":"https:\/\/sushihiroba.co.uk\/pl\/wp-json\/wp\/v2\/users\/1"}],"replies":[{"embeddable":true,"href":"https:\/\/sushihiroba.co.uk\/pl\/wp-json\/wp\/v2\/comments?post=135"}],"version-history":[{"count":0,"href":"https:\/\/sushihiroba.co.uk\/pl\/wp-json\/wp\/v2\/pages\/135\/revisions"}],"wp:attachment":[{"href":"https:\/\/sushihiroba.co.uk\/pl\/wp-json\/wp\/v2\/media?parent=135"}],"curies":[{"name":"wp","href":"https:\/\/api.w.org\/{rel}","templated":true}]}}