{"id":144,"date":"2022-10-10T12:13:39","date_gmt":"2022-10-10T11:13:39","guid":{"rendered":"http:\/\/sushihiroba.co.uk\/strony-internetowe-friends-with-benefits\/"},"modified":"2022-10-10T12:13:39","modified_gmt":"2022-10-10T11:13:39","slug":"strony-internetowe-friends-with-benefits","status":"publish","type":"page","link":"https:\/\/sushihiroba.co.uk\/pl\/strony-internetowe-friends-with-benefits\/","title":{"rendered":"Strony internetowe Friends With Benefits"},"content":{"rendered":"<h1>Lokalne randki FWB<\/h1>\n<p>Nie ma to jak lokalne <a href=\"http:\/\/sushihiroba.co.uk\/milf-sex-chat\/\">randki<\/a> fwb. Znasz t\u0119 osob\u0119, znasz jej cia\u0142o i wiesz, czym si\u0119 zajmuje. Nie ma zgadywania ani zastanawiania si\u0119, czy b\u0119d\u0105 w tym, co ty lubisz. To po prostu czysta, nieska\u017cona zabawa.<\/p>\n<p>Oczywi\u015bcie s\u0105 pewne rzeczy, o kt\u00f3rych musisz pami\u0119ta\u0107, prowadz\u0105c lokalne randki fwb. Przede wszystkim kluczowa jest komunikacja. Musisz mie\u0107 jasno\u015b\u0107 co do tego, czego szukasz i z czym czujesz si\u0119 komfortowo. W przeciwnym razie sprawy mog\u0105 sta\u0107 si\u0119 do\u015b\u0107 niezr\u0119czne, do\u015b\u0107 szybko.<\/p>\n<p>Inn\u0105 rzecz\u0105, o kt\u00f3rej nale\u017cy pami\u0119ta\u0107, jest to, \u017ce lokalne randki fwb mog\u0105 czasami prowadzi\u0107 do czego\u015b wi\u0119cej. Je\u015bli nie jeste\u015b na to gotowy, wa\u017cne jest, aby ustali\u0107 pewne granice. W przeciwnym razie mo\u017cesz zosta\u0107 zraniony. Ale je\u015bli szukasz dobrej, staromodnej zabawy, to lokalne randki fwb s\u0105 zdecydowanie najlepszym rozwi\u0105zaniem. Pami\u0119taj tylko, aby komunikowa\u0107 si\u0119 i szanowa\u0107 wzajemne granice.<\/p>\n<h2>Witryny FWB<\/h2>\n<p>Istnieje wiele r\u00f3\u017cnych rodzaj\u00f3w witryn FWB dost\u0119pnych online, z kt\u00f3rych ka\u017cda obs\u0142uguje inny rodzaj relacji. Niekt\u00f3re s\u0105 skierowane do tych, kt\u00f3rzy szukaj\u0105 bardziej swobodnego zwi\u0105zku, podczas gdy inne s\u0105 nastawione na tych, kt\u00f3rzy szukaj\u0105 powa\u017cniejszego zaanga\u017cowania. Bez wzgl\u0119du na to, jakiego rodzaju relacji szukasz, prawdopodobnie istnieje strona FWB, kt\u00f3ra jest dla Ciebie odpowiednia.<\/p>\n<p>Istnieje wiele stron internetowych z korzy\u015bciami, kt\u00f3re pojawi\u0142y si\u0119 w ostatnich latach, kt\u00f3re zaspokajaj\u0105 potrzeby os\u00f3b szukaj\u0105cych mi\u0142o\u015bci. Strony te umo\u017cliwiaj\u0105 cz\u0142onkom tworzenie profili i przegl\u0105danie profili innych cz\u0142onk\u00f3w w celu znalezienia potencjalnego dopasowania. W wi\u0119kszo\u015bci przypadk\u00f3w cz\u0142onkowie mog\u0105 r\u00f3wnie\u017c komunikowa\u0107 si\u0119 ze sob\u0105 za po\u015brednictwem strony internetowej, aby lepiej si\u0119 pozna\u0107.<\/p>\n<p>Podczas gdy niekt\u00f3rzy ludzie mog\u0105 waha\u0107 si\u0119, czy skorzysta\u0107 ze strony internetowej z korzy\u015bciami dla przyjaci\u00f3\u0142, aby znale\u017a\u0107 mi\u0142o\u015b\u0107, istnieje wiele historii sukcesu, kt\u00f3re wysz\u0142y z tych stron. W wielu przypadkach ludzie odkryli, \u017ce korzystanie ze strony internetowej z przyjaci\u00f3\u0142mi z korzy\u015bciami mo\u017ce by\u0107 \u015bwietnym sposobem na poznanie nowych ludzi i potencjalnie znalezienie mi\u0142o\u015bci ich \u017cycia.<\/p>\n<h2>Serwis randkowy FWB<\/h2>\n<p>Istnieje wiele r\u00f3\u017cnych sposob\u00f3w podej\u015bcia do randek, a jedn\u0105 z popularnych metod jest korzystanie z serwisu randkowego z korzy\u015bciami. Tego typu strona mo\u017ce by\u0107 \u015bwietnym sposobem na poznanie nowych ludzi i poznanie ich bez presji zaanga\u017cowanego zwi\u0105zku. Mo\u017cesz po prostu cieszy\u0107 si\u0119 sp\u0119dzaniem czasu razem i odkrywaniem swoich opcji, nie martwi\u0105c si\u0119 o to, dok\u0105d zmierzaj\u0105 rzeczy.<\/p>\n<p>Oczywi\u015bcie wa\u017cne jest, aby by\u0107 ze sob\u0105 szczerym na temat tego, czego szukasz od samego pocz\u0105tku. Je\u015bli nie jeste\u015b na tej samej stronie, mo\u017ce to prowadzi\u0107 do pewnych trudno\u015bci na drodze. Ale je\u015bli jeste\u015b otwarty i szczery na temat tego, na co masz nadziej\u0119, mo\u017ce to by\u0107 \u015bwietny spos\u00f3b na poznanie kogo\u015b nowego.<\/p>\n<h3>Niegrzeczna Data<\/h3>\n<p>Aplikacja randkowa NaughtyDate jest jedn\u0105 z najpopularniejszych lokalnych aplikacji randkowych fwb dost\u0119pnych obecnie. Ma wysok\u0105 ocen\u0119 w App Store i Google Play i jest cz\u0119sto pobierany przez u\u017cytkownik\u00f3w. Aplikacja pozwala u\u017cytkownikom \u0142\u0105czy\u0107 si\u0119 z innymi u\u017cytkownikami w ich okolicy oraz wysy\u0142a\u0107 i odbiera\u0107 wiadomo\u015bci. NaughtyDate pozwala r\u00f3wnie\u017c u\u017cytkownikom publikowa\u0107 zdj\u0119cia i filmy oraz przegl\u0105da\u0107 profile innych u\u017cytkownik\u00f3w. Aplikacja jest bezp\u0142atna do pobrania i u\u017cytkowania i nie wymaga subskrypcji.<\/p>\n<h3>Geek2Geek<\/h3>\n<p>Je\u015bli interesujesz si\u0119 kultur\u0105 geek\u00f3w, pokochasz Geek2Geek, aplikacj\u0119 randkow\u0105 przeznaczon\u0105 dla samozwa\u0144czych maniak\u00f3w. Aplikacja jest bezp\u0142atna do pobrania i u\u017cytkowania, a nawigacja jest do\u015b\u0107 \u0142atwa. Mo\u017cesz przegl\u0105da\u0107 profile wed\u0142ug zainteresowa\u0144 lub wyszukiwa\u0107 dopasowania wed\u0142ug lokalizacji.<\/p>\n<p>Jedn\u0105 z wad Geek2Geek jest to, \u017ce nie jest to najbardziej przyjazna dla r\u00f3\u017cnorodno\u015bci aplikacja. Wi\u0119kszo\u015b\u0107 u\u017cytkownik\u00f3w wydaje si\u0119 by\u0107 bia\u0142a i m\u0119ska, wi\u0119c je\u015bli nie lubisz tego, mo\u017cesz wypr\u00f3bowa\u0107 inn\u0105 aplikacj\u0119.<\/p>\n<p>Og\u00f3lnie rzecz bior\u0105c, Geek2Geek to przyzwoita aplikacja dla geeky singli. Jest darmowy w u\u017cyciu i stosunkowo \u0142atwy w nawigacji, a tak\u017ce ma przyzwoity wyb\u00f3r u\u017cytkownik\u00f3w. Pami\u0119taj tylko, \u017ce nie jest to najbardziej zr\u00f3\u017cnicowana aplikacja.<\/p>\n<h3>Aplikacja Kasual<\/h3>\n<p>Je\u015bli szukasz lokalnej aplikacji randkowej fwb, Kasual to \u015bwietna opcja. Aplikacja jest \u0142atwa w u\u017cyciu i ma wiele wspania\u0142ych funkcji, takich jak mo\u017cliwo\u015b\u0107 przegl\u0105dania profili innych u\u017cytkownik\u00f3w w Twojej okolicy. Funkcja wyszukiwania jest r\u00f3wnie\u017c bardzo pomocna, umo\u017cliwiaj\u0105c znalezienie potencjalnych dopasowa\u0144 na podstawie Twojej lokalizacji. Og\u00f3lnie rzecz bior\u0105c, Kasual to \u015bwietna opcja dla tych, kt\u00f3rzy szukaj\u0105 lokalnej aplikacji randkowej fwb.<\/p>\n","protected":false},"excerpt":{"rendered":"<p>Lokalne randki FWB Nie ma to jak lokalne randki fwb. Znasz t\u0119 osob\u0119, znasz jej cia\u0142o i wiesz, czym si\u0119&hellip;<\/p>\n","protected":false},"author":1,"featured_media":0,"parent":0,"menu_order":0,"comment_status":"closed","ping_status":"closed","template":"","meta":[],"yoast_head":"<!-- This site is optimized with the Yoast SEO plugin v17.7.1 - https:\/\/yoast.com\/wordpress\/plugins\/seo\/ -->\n<title>Strony internetowe Friends With Benefits - Online Dating Roba<\/title>\n<meta name=\"robots\" content=\"index, follow, max-snippet:-1, max-image-preview:large, max-video-preview:-1\" \/>\n<link rel=\"canonical\" href=\"https:\/\/sushihiroba.co.uk\/pl\/strony-internetowe-friends-with-benefits\/\" \/>\n<meta property=\"og:locale\" content=\"pl_PL\" \/>\n<meta property=\"og:type\" content=\"article\" \/>\n<meta property=\"og:title\" content=\"Strony internetowe Friends With Benefits - Online Dating Roba\" \/>\n<meta property=\"og:description\" content=\"Lokalne randki FWB Nie ma to jak lokalne randki fwb. Znasz t\u0119 osob\u0119, znasz jej cia\u0142o i wiesz, czym si\u0119&hellip;\" \/>\n<meta property=\"og:url\" content=\"https:\/\/sushihiroba.co.uk\/pl\/strony-internetowe-friends-with-benefits\/\" \/>\n<meta property=\"og:site_name\" content=\"Online Dating Roba\" \/>\n<meta name=\"twitter:card\" content=\"summary_large_image\" \/>\n<meta name=\"twitter:label1\" content=\"Szacowany czas czytania\" \/>\n\t<meta name=\"twitter:data1\" content=\"4 minuty\" \/>\n<script type=\"application\/ld+json\" class=\"yoast-schema-graph\">{\"@context\":\"https:\/\/schema.org\",\"@graph\":[{\"@type\":\"WebSite\",\"@id\":\"https:\/\/sushihiroba.co.uk\/pl\/#website\",\"url\":\"https:\/\/sushihiroba.co.uk\/pl\/\",\"name\":\"Online Dating Roba\",\"description\":\"Guide To Find Love\",\"potentialAction\":[{\"@type\":\"SearchAction\",\"target\":{\"@type\":\"EntryPoint\",\"urlTemplate\":\"https:\/\/sushihiroba.co.uk\/pl\/?s={search_term_string}\"},\"query-input\":\"required name=search_term_string\"}],\"inLanguage\":\"pl-PL\"},{\"@type\":\"WebPage\",\"@id\":\"https:\/\/sushihiroba.co.uk\/pl\/strony-internetowe-friends-with-benefits\/#webpage\",\"url\":\"https:\/\/sushihiroba.co.uk\/pl\/strony-internetowe-friends-with-benefits\/\",\"name\":\"Strony internetowe Friends With Benefits - Online Dating Roba\",\"isPartOf\":{\"@id\":\"https:\/\/sushihiroba.co.uk\/pl\/#website\"},\"datePublished\":\"2022-10-10T11:13:39+00:00\",\"dateModified\":\"2022-10-10T11:13:39+00:00\",\"breadcrumb\":{\"@id\":\"https:\/\/sushihiroba.co.uk\/pl\/strony-internetowe-friends-with-benefits\/#breadcrumb\"},\"inLanguage\":\"pl-PL\",\"potentialAction\":[{\"@type\":\"ReadAction\",\"target\":[\"https:\/\/sushihiroba.co.uk\/pl\/strony-internetowe-friends-with-benefits\/\"]}]},{\"@type\":\"BreadcrumbList\",\"@id\":\"https:\/\/sushihiroba.co.uk\/pl\/strony-internetowe-friends-with-benefits\/#breadcrumb\",\"itemListElement\":[{\"@type\":\"ListItem\",\"position\":1,\"name\":\"Home\",\"item\":\"http:\/\/sushihiroba.co.uk\/pl\/\"},{\"@type\":\"ListItem\",\"position\":2,\"name\":\"Strony internetowe Friends With Benefits\"}]}]}<\/script>\n<!-- \/ Yoast SEO plugin. -->","yoast_head_json":{"title":"Strony internetowe Friends With Benefits - Online Dating Roba","robots":{"index":"index","follow":"follow","max-snippet":"max-snippet:-1","max-image-preview":"max-image-preview:large","max-video-preview":"max-video-preview:-1"},"canonical":"https:\/\/sushihiroba.co.uk\/pl\/strony-internetowe-friends-with-benefits\/","og_locale":"pl_PL","og_type":"article","og_title":"Strony internetowe Friends With Benefits - Online Dating Roba","og_description":"Lokalne randki FWB Nie ma to jak lokalne randki fwb. Znasz t\u0119 osob\u0119, znasz jej cia\u0142o i wiesz, czym si\u0119&hellip;","og_url":"https:\/\/sushihiroba.co.uk\/pl\/strony-internetowe-friends-with-benefits\/","og_site_name":"Online Dating Roba","twitter_card":"summary_large_image","twitter_misc":{"Szacowany czas czytania":"4 minuty"},"schema":{"@context":"https:\/\/schema.org","@graph":[{"@type":"WebSite","@id":"https:\/\/sushihiroba.co.uk\/pl\/#website","url":"https:\/\/sushihiroba.co.uk\/pl\/","name":"Online Dating Roba","description":"Guide To Find Love","potentialAction":[{"@type":"SearchAction","target":{"@type":"EntryPoint","urlTemplate":"https:\/\/sushihiroba.co.uk\/pl\/?s={search_term_string}"},"query-input":"required name=search_term_string"}],"inLanguage":"pl-PL"},{"@type":"WebPage","@id":"https:\/\/sushihiroba.co.uk\/pl\/strony-internetowe-friends-with-benefits\/#webpage","url":"https:\/\/sushihiroba.co.uk\/pl\/strony-internetowe-friends-with-benefits\/","name":"Strony internetowe Friends With Benefits - Online Dating Roba","isPartOf":{"@id":"https:\/\/sushihiroba.co.uk\/pl\/#website"},"datePublished":"2022-10-10T11:13:39+00:00","dateModified":"2022-10-10T11:13:39+00:00","breadcrumb":{"@id":"https:\/\/sushihiroba.co.uk\/pl\/strony-internetowe-friends-with-benefits\/#breadcrumb"},"inLanguage":"pl-PL","potentialAction":[{"@type":"ReadAction","target":["https:\/\/sushihiroba.co.uk\/pl\/strony-internetowe-friends-with-benefits\/"]}]},{"@type":"BreadcrumbList","@id":"https:\/\/sushihiroba.co.uk\/pl\/strony-internetowe-friends-with-benefits\/#breadcrumb","itemListElement":[{"@type":"ListItem","position":1,"name":"Home","item":"http:\/\/sushihiroba.co.uk\/pl\/"},{"@type":"ListItem","position":2,"name":"Strony internetowe Friends With Benefits"}]}]}},"_links":{"self":[{"href":"https:\/\/sushihiroba.co.uk\/pl\/wp-json\/wp\/v2\/pages\/144"}],"collection":[{"href":"https:\/\/sushihiroba.co.uk\/pl\/wp-json\/wp\/v2\/pages"}],"about":[{"href":"https:\/\/sushihiroba.co.uk\/pl\/wp-json\/wp\/v2\/types\/page"}],"author":[{"embeddable":true,"href":"https:\/\/sushihiroba.co.uk\/pl\/wp-json\/wp\/v2\/users\/1"}],"replies":[{"embeddable":true,"href":"https:\/\/sushihiroba.co.uk\/pl\/wp-json\/wp\/v2\/comments?post=144"}],"version-history":[{"count":0,"href":"https:\/\/sushihiroba.co.uk\/pl\/wp-json\/wp\/v2\/pages\/144\/revisions"}],"wp:attachment":[{"href":"https:\/\/sushihiroba.co.uk\/pl\/wp-json\/wp\/v2\/media?parent=144"}],"curies":[{"name":"wp","href":"https:\/\/api.w.org\/{rel}","templated":true}]}}